{"id":16138,"date":"2021-04-23T16:46:52","date_gmt":"2021-04-23T14:46:52","guid":{"rendered":"https:\/\/new.ador-edelmetalle.de\/?post_type=product&#038;p=16138"},"modified":"2024-03-14T10:49:55","modified_gmt":"2024-03-14T09:49:55","slug":"dentalscanner-vinyl-high-resolution","status":"publish","type":"product","link":"https:\/\/www.ador-dental.de\/fr\/produit\/dentalscanner-vinyl-high-resolution\/","title":{"rendered":"Scanner dentaire \"Vinyl High Resolution"},"content":{"rendered":"<p>Le scanner dentaire Vinyl High Resolution est le fleuron de la s\u00e9rie Vinyl. Il se distingue par son efficacit\u00e9 et sa pr\u00e9cision qui permettent \u00e0 chacun de ma\u00eetriser sans peine les travaux les plus complexes.<br \/>\nGr\u00e2ce \u00e0 sa pr\u00e9cision de r\u00e9p\u00e9tition allant jusqu'\u00e0 4 \u00b5m, le scanner dentaire est id\u00e9al pour toutes les indications courantes en technique dentaire. Son unit\u00e9 de d\u00e9tection perfectionn\u00e9e avec des<br \/>\nLes cam\u00e9ras haute performance ainsi que la LED Blue-Light combinent pr\u00e9cision globale et d\u00e9taill\u00e9e comme aucun autre scanner.<br \/>\nCe qui est unique, c'est que l'utilisateur peut influencer lui-m\u00eame la qualit\u00e9 de la num\u00e9risation. Il peut ainsi d\u00e9cider, en fonction de l'application, si un niveau de d\u00e9tail tr\u00e8s pr\u00e9cis et une vitesse plus \u00e9lev\u00e9e avec un niveau de d\u00e9tail plus faible sont suffisants.<\/p>\n<p><img decoding=\"async\" class=\"emoji\" role=\"img\" draggable=\"false\" src=\"https:\/\/s.w.org\/images\/core\/emoji\/13.0.1\/svg\/2714.svg\" alt=\"\u2714\" \/> Cam\u00e9ras haute r\u00e9solution<br \/>\n<img decoding=\"async\" class=\"emoji\" role=\"img\" draggable=\"false\" src=\"https:\/\/s.w.org\/images\/core\/emoji\/13.0.1\/svg\/2714.svg\" alt=\"\u2714\" \/> Axe Z enti\u00e8rement automatique<br \/>\n<img decoding=\"async\" class=\"emoji\" role=\"img\" draggable=\"false\" src=\"https:\/\/s.w.org\/images\/core\/emoji\/13.0.1\/svg\/2714.svg\" alt=\"\u2714\" \/> LED bleue<br \/>\n<img decoding=\"async\" class=\"emoji\" role=\"img\" draggable=\"false\" src=\"https:\/\/s.w.org\/images\/core\/emoji\/13.0.1\/svg\/2714.svg\" alt=\"\u2714\" \/> Mode HR et LR<br \/>\n<img decoding=\"async\" class=\"emoji\" role=\"img\" draggable=\"false\" src=\"https:\/\/s.w.org\/images\/core\/emoji\/13.0.1\/svg\/2714.svg\" alt=\"\u2714\" \/> multiDIE<br \/>\n<img decoding=\"async\" class=\"emoji\" role=\"img\" draggable=\"false\" src=\"https:\/\/s.w.org\/images\/core\/emoji\/13.0.1\/svg\/2714.svg\" alt=\"\u2714\" \/> multiCASE<br \/>\n<img decoding=\"async\" class=\"emoji\" role=\"img\" draggable=\"false\" src=\"https:\/\/s.w.org\/images\/core\/emoji\/13.0.1\/svg\/2714.svg\" alt=\"\u2714\" \/> Tripple Tray\u00ae Capteurs d'empreintes<br \/>\n<img decoding=\"async\" class=\"emoji\" role=\"img\" draggable=\"false\" src=\"https:\/\/s.w.org\/images\/core\/emoji\/13.0.1\/svg\/2714.svg\" alt=\"\u2714\" \/> \u00c9cran tactile<br \/>\n<img decoding=\"async\" class=\"emoji\" role=\"img\" draggable=\"false\" src=\"https:\/\/s.w.org\/images\/core\/emoji\/13.0.1\/svg\/2714.svg\" alt=\"\u2714\" \/> Barre d'\u00e9tat LED<br \/>\n<img decoding=\"async\" class=\"emoji\" role=\"img\" draggable=\"false\" src=\"https:\/\/s.w.org\/images\/core\/emoji\/13.0.1\/svg\/2714.svg\" alt=\"\u2714\" \/> Articulateur Scan<br \/>\n<img decoding=\"async\" class=\"emoji\" role=\"img\" draggable=\"false\" src=\"https:\/\/s.w.org\/images\/core\/emoji\/13.0.1\/svg\/2714.svg\" alt=\"\u2714\" \/> Texture Scan color<br \/>\n<img decoding=\"async\" class=\"emoji\" role=\"img\" draggable=\"false\" src=\"https:\/\/s.w.org\/images\/core\/emoji\/13.0.1\/svg\/2714.svg\" alt=\"\u2714\" \/> Num\u00e9risation de texture monochrome<br \/>\n<img decoding=\"async\" class=\"emoji\" role=\"img\" draggable=\"false\" src=\"https:\/\/s.w.org\/images\/core\/emoji\/13.0.1\/svg\/2714.svg\" alt=\"\u2714\" \/> Mode dentaire<br \/>\n<img decoding=\"async\" class=\"emoji\" role=\"img\" draggable=\"false\" src=\"https:\/\/s.w.org\/images\/core\/emoji\/13.0.1\/svg\/2714.svg\" alt=\"\u2714\" \/> Mode universel<\/p>\n<p>&nbsp;<\/p>\n<p>&gt;&gt; Vers la <a  data-e-disable-page-transition=\"true\" class=\"download-link\" title=\"\" href=\"https:\/\/www.ador-dental.de\/fr\/download\/16005\/?tmstv=1778973104\" rel=\"nofollow\" id=\"download-link-16005\" data-redirect=\"false\" >\n\tAper\u00e7u des produits Smart Optics Scanner<\/a>\n<\/p>","protected":false},"excerpt":{"rendered":"<p>Le scanner dentaire Vinyl High Resolution est la figure de proue de la s\u00e9rie Vinyl.<\/p>\n<p><strong>Prix sur demande\u00a0<\/strong><\/p>\n<p>PRIX DE VENTE CONSEILL\u00c9 12 990,00<\/p>","protected":false},"featured_media":15964,"comment_status":"open","ping_status":"closed","template":"","meta":{"neve_meta_sidebar":"","neve_meta_container":"","neve_meta_enable_content_width":"off","neve_meta_content_width":70,"neve_meta_title_alignment":"","neve_meta_author_avatar":"","neve_post_elements_order":"","neve_meta_disable_header":"","neve_meta_disable_footer":"","neve_meta_disable_title":"","_themeisle_gutenberg_block_has_review":false},"product_brand":[],"product_cat":[624,778],"product_tag":[434],"class_list":{"0":"post-16138","1":"product","2":"type-product","3":"status-publish","4":"has-post-thumbnail","6":"product_cat-equipment","7":"product_cat-smart-optics","8":"product_tag-dentalheld","10":"first","11":"instock","12":"taxable","13":"shipping-taxable","14":"product-type-simple"},"yoast_head":"<!-- This site is optimized with the Yoast SEO plugin v27.6 - https:\/\/yoast.com\/product\/yoast-seo-wordpress\/ -->\n<title>Dentalscanner &quot;Vinyl High Resolution&quot; - Ador Dental GmbH<\/title>\n<meta name=\"description\" content=\"Der Dentalscanner Vinyl High Resolution ist das Aush\u00e4ngeschild der Vinyl-Serie, welches f\u00fcr h\u00f6chste Pr\u00e4zision und Effizienz bekannt ist.\" \/>\n<meta name=\"robots\" content=\"index, follow, max-snippet:-1, max-image-preview:large, max-video-preview:-1\" \/>\n<link rel=\"canonical\" href=\"https:\/\/www.ador-dental.de\/fr\/produit\/dentalscanner-vinyl-high-resolution\/\" \/>\n<meta property=\"og:locale\" content=\"fr_FR\" \/>\n<meta property=\"og:type\" content=\"article\" \/>\n<meta property=\"og:title\" content=\"Dentalscanner &quot;Vinyl High Resolution&quot; - Ador Dental GmbH\" \/>\n<meta property=\"og:description\" content=\"Der Dentalscanner Vinyl High Resolution ist das Aush\u00e4ngeschild der Vinyl-Serie, welches f\u00fcr h\u00f6chste Pr\u00e4zision und Effizienz bekannt ist.\" \/>\n<meta property=\"og:url\" content=\"https:\/\/www.ador-dental.de\/fr\/produit\/dentalscanner-vinyl-high-resolution\/\" \/>\n<meta property=\"og:site_name\" content=\"Ador Dental GmbH\" \/>\n<meta property=\"article:modified_time\" content=\"2024-03-14T09:49:55+00:00\" \/>\n<meta property=\"og:image\" content=\"https:\/\/www.ador-dental.de\/wp-content\/uploads\/2021\/04\/vinyl-high-resolution-04.jpg\" \/>\n\t<meta property=\"og:image:width\" content=\"2000\" \/>\n\t<meta property=\"og:image:height\" content=\"2000\" \/>\n\t<meta property=\"og:image:type\" content=\"image\/jpeg\" \/>\n<meta name=\"twitter:card\" content=\"summary_large_image\" \/>\n<meta name=\"twitter:label1\" content=\"Dur\u00e9e de lecture estim\u00e9e\" \/>\n\t<meta name=\"twitter:data1\" content=\"4 minutes\" \/>\n<script type=\"application\/ld+json\" class=\"yoast-schema-graph\">{\"@context\":\"https:\\\/\\\/schema.org\",\"@graph\":[{\"@type\":\"WebPage\",\"@id\":\"https:\\\/\\\/www.ador-dental.de\\\/produkt\\\/dentalscanner-vinyl-high-resolution\\\/\",\"url\":\"https:\\\/\\\/www.ador-dental.de\\\/produkt\\\/dentalscanner-vinyl-high-resolution\\\/\",\"name\":\"Dentalscanner \\\"Vinyl High Resolution\\\" - Ador Dental GmbH\",\"isPartOf\":{\"@id\":\"https:\\\/\\\/www.ador-dental.de\\\/en\\\/#website\"},\"primaryImageOfPage\":{\"@id\":\"https:\\\/\\\/www.ador-dental.de\\\/produkt\\\/dentalscanner-vinyl-high-resolution\\\/#primaryimage\"},\"image\":{\"@id\":\"https:\\\/\\\/www.ador-dental.de\\\/produkt\\\/dentalscanner-vinyl-high-resolution\\\/#primaryimage\"},\"thumbnailUrl\":\"https:\\\/\\\/www.ador-dental.de\\\/wp-content\\\/uploads\\\/2021\\\/04\\\/vinyl-high-resolution-04.jpg\",\"datePublished\":\"2021-04-23T14:46:52+00:00\",\"dateModified\":\"2024-03-14T09:49:55+00:00\",\"description\":\"Der Dentalscanner Vinyl High Resolution ist das Aush\u00e4ngeschild der Vinyl-Serie, welches f\u00fcr h\u00f6chste Pr\u00e4zision und Effizienz bekannt ist.\",\"breadcrumb\":{\"@id\":\"https:\\\/\\\/www.ador-dental.de\\\/produkt\\\/dentalscanner-vinyl-high-resolution\\\/#breadcrumb\"},\"inLanguage\":\"fr-FR\",\"potentialAction\":[{\"@type\":\"ReadAction\",\"target\":[\"https:\\\/\\\/www.ador-dental.de\\\/produkt\\\/dentalscanner-vinyl-high-resolution\\\/\"]}]},{\"@type\":\"ImageObject\",\"inLanguage\":\"fr-FR\",\"@id\":\"https:\\\/\\\/www.ador-dental.de\\\/produkt\\\/dentalscanner-vinyl-high-resolution\\\/#primaryimage\",\"url\":\"https:\\\/\\\/www.ador-dental.de\\\/wp-content\\\/uploads\\\/2021\\\/04\\\/vinyl-high-resolution-04.jpg\",\"contentUrl\":\"https:\\\/\\\/www.ador-dental.de\\\/wp-content\\\/uploads\\\/2021\\\/04\\\/vinyl-high-resolution-04.jpg\",\"width\":2000,\"height\":2000,\"caption\":\"dentalscanner vinyl high resolution\"},{\"@type\":\"BreadcrumbList\",\"@id\":\"https:\\\/\\\/www.ador-dental.de\\\/produkt\\\/dentalscanner-vinyl-high-resolution\\\/#breadcrumb\",\"itemListElement\":[{\"@type\":\"ListItem\",\"position\":1,\"name\":\"Startseite\",\"item\":\"https:\\\/\\\/www.ador-dental.de\\\/\"},{\"@type\":\"ListItem\",\"position\":2,\"name\":\"Shop\",\"item\":\"https:\\\/\\\/www.ador-dental.de\\\/en\\\/shop\\\/\"},{\"@type\":\"ListItem\",\"position\":3,\"name\":\"Dentalscanner &#8222;Vinyl High Resolution&#8220;\"}]},{\"@type\":\"WebSite\",\"@id\":\"https:\\\/\\\/www.ador-dental.de\\\/en\\\/#website\",\"url\":\"https:\\\/\\\/www.ador-dental.de\\\/en\\\/\",\"name\":\"Ador Dental GmbH\",\"description\":\"\",\"publisher\":{\"@id\":\"https:\\\/\\\/www.ador-dental.de\\\/en\\\/#organization\"},\"potentialAction\":[{\"@type\":\"SearchAction\",\"target\":{\"@type\":\"EntryPoint\",\"urlTemplate\":\"https:\\\/\\\/www.ador-dental.de\\\/en\\\/?s={search_term_string}\"},\"query-input\":{\"@type\":\"PropertyValueSpecification\",\"valueRequired\":true,\"valueName\":\"search_term_string\"}}],\"inLanguage\":\"fr-FR\"},{\"@type\":\"Organization\",\"@id\":\"https:\\\/\\\/www.ador-dental.de\\\/en\\\/#organization\",\"name\":\"Ador Dental GmbH\",\"url\":\"https:\\\/\\\/www.ador-dental.de\\\/en\\\/\",\"logo\":{\"@type\":\"ImageObject\",\"inLanguage\":\"fr-FR\",\"@id\":\"https:\\\/\\\/www.ador-dental.de\\\/en\\\/#\\\/schema\\\/logo\\\/image\\\/\",\"url\":\"https:\\\/\\\/www.ador-dental.de\\\/wp-content\\\/uploads\\\/2021\\\/10\\\/ADOR_Logo_DentalSolutions_2020_Black.svg\",\"contentUrl\":\"https:\\\/\\\/www.ador-dental.de\\\/wp-content\\\/uploads\\\/2021\\\/10\\\/ADOR_Logo_DentalSolutions_2020_Black.svg\",\"width\":678,\"height\":261,\"caption\":\"Ador Dental GmbH\"},\"image\":{\"@id\":\"https:\\\/\\\/www.ador-dental.de\\\/en\\\/#\\\/schema\\\/logo\\\/image\\\/\"}}]}<\/script>\n<!-- \/ Yoast SEO plugin. -->","yoast_head_json":{"title":"Dentalscanner \"Vinyl High Resolution\" - Ador Dental GmbH","description":"Der Dentalscanner Vinyl High Resolution ist das Aush\u00e4ngeschild der Vinyl-Serie, welches f\u00fcr h\u00f6chste Pr\u00e4zision und Effizienz bekannt ist.","robots":{"index":"index","follow":"follow","max-snippet":"max-snippet:-1","max-image-preview":"max-image-preview:large","max-video-preview":"max-video-preview:-1"},"canonical":"https:\/\/www.ador-dental.de\/fr\/produit\/dentalscanner-vinyl-high-resolution\/","og_locale":"fr_FR","og_type":"article","og_title":"Dentalscanner \"Vinyl High Resolution\" - Ador Dental GmbH","og_description":"Der Dentalscanner Vinyl High Resolution ist das Aush\u00e4ngeschild der Vinyl-Serie, welches f\u00fcr h\u00f6chste Pr\u00e4zision und Effizienz bekannt ist.","og_url":"https:\/\/www.ador-dental.de\/fr\/produit\/dentalscanner-vinyl-high-resolution\/","og_site_name":"Ador Dental GmbH","article_modified_time":"2024-03-14T09:49:55+00:00","og_image":[{"width":2000,"height":2000,"url":"https:\/\/www.ador-dental.de\/wp-content\/uploads\/2021\/04\/vinyl-high-resolution-04.jpg","type":"image\/jpeg"}],"twitter_card":"summary_large_image","twitter_misc":{"Dur\u00e9e de lecture estim\u00e9e":"4 minutes"},"schema":{"@context":"https:\/\/schema.org","@graph":[{"@type":"WebPage","@id":"https:\/\/www.ador-dental.de\/produkt\/dentalscanner-vinyl-high-resolution\/","url":"https:\/\/www.ador-dental.de\/produkt\/dentalscanner-vinyl-high-resolution\/","name":"Dentalscanner \"Vinyl High Resolution\" - Ador Dental GmbH","isPartOf":{"@id":"https:\/\/www.ador-dental.de\/en\/#website"},"primaryImageOfPage":{"@id":"https:\/\/www.ador-dental.de\/produkt\/dentalscanner-vinyl-high-resolution\/#primaryimage"},"image":{"@id":"https:\/\/www.ador-dental.de\/produkt\/dentalscanner-vinyl-high-resolution\/#primaryimage"},"thumbnailUrl":"https:\/\/www.ador-dental.de\/wp-content\/uploads\/2021\/04\/vinyl-high-resolution-04.jpg","datePublished":"2021-04-23T14:46:52+00:00","dateModified":"2024-03-14T09:49:55+00:00","description":"Der Dentalscanner Vinyl High Resolution ist das Aush\u00e4ngeschild der Vinyl-Serie, welches f\u00fcr h\u00f6chste Pr\u00e4zision und Effizienz bekannt ist.","breadcrumb":{"@id":"https:\/\/www.ador-dental.de\/produkt\/dentalscanner-vinyl-high-resolution\/#breadcrumb"},"inLanguage":"fr-FR","potentialAction":[{"@type":"ReadAction","target":["https:\/\/www.ador-dental.de\/produkt\/dentalscanner-vinyl-high-resolution\/"]}]},{"@type":"ImageObject","inLanguage":"fr-FR","@id":"https:\/\/www.ador-dental.de\/produkt\/dentalscanner-vinyl-high-resolution\/#primaryimage","url":"https:\/\/www.ador-dental.de\/wp-content\/uploads\/2021\/04\/vinyl-high-resolution-04.jpg","contentUrl":"https:\/\/www.ador-dental.de\/wp-content\/uploads\/2021\/04\/vinyl-high-resolution-04.jpg","width":2000,"height":2000,"caption":"dentalscanner vinyl high resolution"},{"@type":"BreadcrumbList","@id":"https:\/\/www.ador-dental.de\/produkt\/dentalscanner-vinyl-high-resolution\/#breadcrumb","itemListElement":[{"@type":"ListItem","position":1,"name":"Startseite","item":"https:\/\/www.ador-dental.de\/"},{"@type":"ListItem","position":2,"name":"Shop","item":"https:\/\/www.ador-dental.de\/en\/shop\/"},{"@type":"ListItem","position":3,"name":"Dentalscanner &#8222;Vinyl High Resolution&#8220;"}]},{"@type":"WebSite","@id":"https:\/\/www.ador-dental.de\/en\/#website","url":"https:\/\/www.ador-dental.de\/en\/","name":"Ador Dental GmbH","description":"","publisher":{"@id":"https:\/\/www.ador-dental.de\/en\/#organization"},"potentialAction":[{"@type":"SearchAction","target":{"@type":"EntryPoint","urlTemplate":"https:\/\/www.ador-dental.de\/en\/?s={search_term_string}"},"query-input":{"@type":"PropertyValueSpecification","valueRequired":true,"valueName":"search_term_string"}}],"inLanguage":"fr-FR"},{"@type":"Organization","@id":"https:\/\/www.ador-dental.de\/en\/#organization","name":"Ador Dental GmbH","url":"https:\/\/www.ador-dental.de\/en\/","logo":{"@type":"ImageObject","inLanguage":"fr-FR","@id":"https:\/\/www.ador-dental.de\/en\/#\/schema\/logo\/image\/","url":"https:\/\/www.ador-dental.de\/wp-content\/uploads\/2021\/10\/ADOR_Logo_DentalSolutions_2020_Black.svg","contentUrl":"https:\/\/www.ador-dental.de\/wp-content\/uploads\/2021\/10\/ADOR_Logo_DentalSolutions_2020_Black.svg","width":678,"height":261,"caption":"Ador Dental GmbH"},"image":{"@id":"https:\/\/www.ador-dental.de\/en\/#\/schema\/logo\/image\/"}}]}},"_links":{"self":[{"href":"https:\/\/www.ador-dental.de\/fr\/wp-json\/wp\/v2\/product\/16138","targetHints":{"allow":["GET"]}}],"collection":[{"href":"https:\/\/www.ador-dental.de\/fr\/wp-json\/wp\/v2\/product"}],"about":[{"href":"https:\/\/www.ador-dental.de\/fr\/wp-json\/wp\/v2\/types\/product"}],"replies":[{"embeddable":true,"href":"https:\/\/www.ador-dental.de\/fr\/wp-json\/wp\/v2\/comments?post=16138"}],"version-history":[{"count":2,"href":"https:\/\/www.ador-dental.de\/fr\/wp-json\/wp\/v2\/product\/16138\/revisions"}],"predecessor-version":[{"id":27763,"href":"https:\/\/www.ador-dental.de\/fr\/wp-json\/wp\/v2\/product\/16138\/revisions\/27763"}],"wp:featuredmedia":[{"embeddable":true,"href":"https:\/\/www.ador-dental.de\/fr\/wp-json\/wp\/v2\/media\/15964"}],"wp:attachment":[{"href":"https:\/\/www.ador-dental.de\/fr\/wp-json\/wp\/v2\/media?parent=16138"}],"wp:term":[{"taxonomy":"product_brand","embeddable":true,"href":"https:\/\/www.ador-dental.de\/fr\/wp-json\/wp\/v2\/product_brand?post=16138"},{"taxonomy":"product_cat","embeddable":true,"href":"https:\/\/www.ador-dental.de\/fr\/wp-json\/wp\/v2\/product_cat?post=16138"},{"taxonomy":"product_tag","embeddable":true,"href":"https:\/\/www.ador-dental.de\/fr\/wp-json\/wp\/v2\/product_tag?post=16138"}],"curies":[{"name":"wp","href":"https:\/\/api.w.org\/{rel}","templated":true}]}}