{"id":15958,"date":"2021-04-14T11:27:54","date_gmt":"2021-04-14T09:27:54","guid":{"rendered":"https:\/\/new.ador-edelmetalle.de\/?post_type=product&#038;p=15958"},"modified":"2024-03-14T10:46:21","modified_gmt":"2024-03-14T09:46:21","slug":"dentalscanner-smart-optics-vinyl-open-air-premium-paket","status":"publish","type":"product","link":"https:\/\/www.ador-dental.de\/fr\/produit\/dentalscanner-smart-optics-vinyl-open-air-premium-paket\/","title":{"rendered":"Scanner dentaire Vinyl Open Air"},"content":{"rendered":"<p>La s\u00e9rie vinyle<\/p>\n<p>Les scanners de vinyle de smart optics se caract\u00e9risent par leur construction compacte et leur forme cubique caract\u00e9ristique. La s\u00e9rie doit son nom au grand plateau noir du syst\u00e8me qui rappelle de mani\u00e8re frappante un plateau de disque. \u00c9quip\u00e9s d'un axe Z enti\u00e8rement automatique et d'une ouverture conviviale \u00e0 180\u00b0, les scanners dentaires de bureau offrent un espace confortable pour tous les objets dentaires, des segments individuels aux articulateurs de diverses marques, en passant par les mod\u00e8les de m\u00e2choires, les empreintes compl\u00e8tes et partielles (m\u00eame des m\u00e2choires \u00e9dent\u00e9es).<\/p>\n<p>La plus haute qualit\u00e9 associ\u00e9e \u00e0 l'ing\u00e9nierie allemande, la fiabilit\u00e9 en accord avec la long\u00e9vit\u00e9 - telles sont les exigences que smart optics r\u00e9alise avec la s\u00e9rie Vinyl. Une technique de capteurs \u00e0 LED \u00e9prouv\u00e9e et une motorisation intelligente permettent des mesures tr\u00e8s pr\u00e9cises et rapides. Les innovations techniques issues de la recherche interne, tout comme la mise en \u0153uvre des souhaits des clients, permettent \u00e0 la s\u00e9rie Vinyl d'\u00e9voluer en permanence afin de r\u00e9pondre aux exigences croissantes d'aujourd'hui et de demain.<\/p>\n<p>Les nombreux accessoires pour les mod\u00e8les et les empreintes peuvent \u00eatre compl\u00e9t\u00e9s ou achet\u00e9s ult\u00e9rieurement, aussi bien pour les modules de base que pour les modules suppl\u00e9mentaires. Gr\u00e2ce \u00e0 la plaque de base multisplit, qui est standard sur tous les scanners dentaires de smart optics, les mod\u00e8les et articulateurs de m\u00eame syst\u00e8me ne n\u00e9cessitent aucun accessoire. Bien entendu, tous les scanners en vinyle sont livr\u00e9s avec le logiciel de num\u00e9risation performant dental Scan, y compris les interfaces vers les logiciels renomm\u00e9s de la branche, en particulier exocad DentalCAD. En combinaison avec le syst\u00e8me ouvert de dental Scan, les scanners en vinyle pr\u00e9sentent un avantage suppl\u00e9mentaire, car ils peuvent non seulement fonctionner comme des scanners dentaires de premi\u00e8re classe, mais aussi comme des scanners universels intelligents pour des objets de la taille d'un champ de mesure.<\/p>\n<table id=\"tablepress-101\" class=\"tablepress tablepress-id-101 tablepress-responsive tablepress-responsive-stack-tablet dataTable no-footer\">\n<tbody>\n<tr class=\"row-2 even\">\n<td class=\"column-1\">Nombre de cam\u00e9ras<\/td>\n<td class=\"column-2\">1<\/td>\n<\/tr>\n<tr class=\"row-3 odd\">\n<td class=\"column-1\">Pixels de la cam\u00e9ra<\/td>\n<td class=\"column-2\">1,3 MP<\/td>\n<\/tr>\n<tr class=\"row-4 even\">\n<td class=\"column-1\">Nombre de projecteurs<\/td>\n<td class=\"column-2\">1<\/td>\n<\/tr>\n<tr class=\"row-5 odd\">\n<td class=\"column-1\">Pr\u00e9cision (selon ISO 12836)<\/td>\n<td class=\"column-2\">6 \u00b5m<\/td>\n<\/tr>\n<tr class=\"row-6 even\">\n<td class=\"column-1\">Format des donn\u00e9es de sortie<\/td>\n<td class=\"column-2\">PLY, STL<\/td>\n<\/tr>\n<tr class=\"row-7 odd\">\n<td class=\"column-1\">Source de lumi\u00e8re<\/td>\n<td class=\"column-2\">LED \u00e0 lumi\u00e8re blanche<\/td>\n<\/tr>\n<tr class=\"row-8 even\">\n<td class=\"column-1\">Technique de mesure<\/td>\n<td class=\"column-2\">Triangulation de lumi\u00e8re en bande<\/td>\n<\/tr>\n<tr class=\"row-9 odd\">\n<td class=\"column-1\">Champ de mesure (X \u00d7 Y \u00d7 Z)<\/td>\n<td class=\"column-2\">80 \u00d7 60 \u00d7 85 mm<\/td>\n<\/tr>\n<tr class=\"row-10 even\">\n<td class=\"column-1\">Dimensions (L \u00d7 H \u00d7 P)<\/td>\n<td class=\"column-2\">455 \u00d7 430 \u00d7 420 mm<\/td>\n<\/tr>\n<tr class=\"row-11 odd\">\n<td class=\"column-1\">Poids<\/td>\n<td class=\"column-2\">23 kg<\/td>\n<\/tr>\n<tr class=\"row-12 even\">\n<td class=\"column-1\">Raccords<\/td>\n<td class=\"column-2\">1 \u00d7 USB<br \/>\n1 \u00d7 courant<\/td>\n<\/tr>\n<tr class=\"row-13 odd\">\n<td class=\"column-1\">Tension du r\u00e9seau<\/td>\n<td class=\"column-2\">100 - 240 VAC, 50\/60 Hz<\/td>\n<\/tr>\n<tr class=\"row-14 even\">\n<td class=\"column-1\">Garantie<\/td>\n<td class=\"column-2\">36 mois<\/td>\n<\/tr>\n<\/tbody>\n<\/table>\n<table id=\"tablepress-101-no-2\" class=\"tablepress tablepress-id-101 tablepress-responsive tablepress-responsive-stack-tablet dataTable no-footer\" style=\"height: 318px;\" width=\"418\">\n<tbody>\n<tr class=\"row-2 even\">\n<td class=\"column-1\">Temps de num\u00e9risation<br \/>\nM\u00e2choire compl\u00e8te<\/td>\n<td class=\"column-2\">1 cam\u00e9ra, mode LR<br \/>\nBalayage : 16 sec.<br \/>\nMatching : 13 sec.<br \/>\nTotal : 29 sec.<\/td>\n<\/tr>\n<tr class=\"row-3 odd\">\n<td class=\"column-1\">Temps de num\u00e9risation<br \/>\nMoignon unique<\/td>\n<td class=\"column-2\">1 cam\u00e9ra, mode LR<br \/>\nBalayage : 33 sec.<br \/>\nMatching : 8 sec.<br \/>\nTotal : 41 sec.<\/td>\n<\/tr>\n<tr class=\"row-4 even\">\n<td class=\"column-1\">Temps de num\u00e9risation<br \/>\nBridge \u00e0 3 \u00e9l\u00e9ments<\/td>\n<td class=\"column-2\">1 cam\u00e9ra, mode LR<br \/>\nBalayage : 45 sec.<br \/>\nMatching : 22 sec.<br \/>\nTotal : 67 sec.<\/td>\n<\/tr>\n<\/tbody>\n<\/table>\n<table id=\"tablepress-101-no-3\" class=\"tablepress tablepress-id-101 tablepress-responsive tablepress-responsive-stack-tablet dataTable no-footer\" style=\"height: 308px;\" width=\"414\">\n<tbody>\n<tr class=\"row-2 even\">\n<td class=\"column-1\">Module UX (contr\u00f4le gestuel &amp; projections auxiliaires)<\/td>\n<td class=\"column-2\">-<\/td>\n<\/tr>\n<tr class=\"row-3 odd\">\n<td class=\"column-1\">Axe Z contr\u00f4l\u00e9 par IA<\/td>\n<td class=\"column-2\">-<\/td>\n<\/tr>\n<tr class=\"row-4 even\">\n<td class=\"column-1\">Axe Z enti\u00e8rement automatique<\/td>\n<td class=\"column-2\">\u2714<\/td>\n<\/tr>\n<tr class=\"row-5 odd\">\n<td class=\"column-1\">Unit\u00e9 de capteur 3D (projecteur &amp; cam\u00e9ra)<\/td>\n<td class=\"column-2\">\u2714<\/td>\n<\/tr>\n<tr class=\"row-6 even\">\n<td class=\"column-1\">Plaque de syst\u00e8me d'articulation<\/td>\n<td class=\"column-2\"><b>L<\/b><\/td>\n<\/tr>\n<tr class=\"row-7 odd\">\n<td class=\"column-1\">Indication d'\u00e9tat par LED<\/td>\n<td class=\"column-2\">-<\/td>\n<\/tr>\n<tr class=\"row-8 even\">\n<td class=\"column-1\">\u00c9cran tactile<\/td>\n<td class=\"column-2\">\u2714<\/td>\n<\/tr>\n<tr class=\"row-9 odd\">\n<td class=\"column-1\">bo\u00eetier en mat\u00e9riau de haute qualit\u00e9<\/td>\n<td class=\"column-2\">\u2714<\/td>\n<\/tr>\n<tr class=\"row-10 even\">\n<td class=\"column-1\">Clapet<\/td>\n<\/tr>\n<\/tbody>\n<\/table>\n<table id=\"tablepress-101-no-4\" class=\"tablepress tablepress-id-101 tablepress-responsive tablepress-responsive-stack-tablet dataTable no-footer\" style=\"height: 633px;\" width=\"415\">\n<tbody>\n<tr class=\"row-2 even\">\n<td class=\"column-1\">Mode LR<\/td>\n<td class=\"column-2\">\u2714<\/td>\n<\/tr>\n<tr class=\"row-3 odd\">\n<td class=\"column-1\">Mode HR<\/td>\n<td class=\"column-2\">-<\/td>\n<\/tr>\n<tr class=\"row-4 even\">\n<td class=\"column-1\">Mode cam\u00e9ra s\u00e9lective<\/td>\n<td class=\"column-2\">-<\/td>\n<\/tr>\n<tr class=\"row-5 odd\">\n<td class=\"column-1\">Scan de l'articulateur<\/td>\n<td class=\"column-2\">\u2714<\/td>\n<\/tr>\n<tr class=\"row-6 even\">\n<td class=\"column-1\">Auto-articulation<\/td>\n<td class=\"column-2\">\u2714<\/td>\n<\/tr>\n<tr class=\"row-7 odd\">\n<td class=\"column-1\">Scan du mod\u00e8le Twin Tray<\/td>\n<td class=\"column-2\"><\/td>\n<\/tr>\n<tr class=\"row-8 even\">\n<td class=\"column-1\">Num\u00e9risation d'empreinte<\/td>\n<td class=\"column-2\">\u2714<\/td>\n<\/tr>\n<tr class=\"row-9 odd\">\n<td class=\"column-1\">Triple plateau<sup>\u00ae<\/sup>\u00a0Num\u00e9risation d'empreinte<\/td>\n<td class=\"column-2\">\ud83d\udddd\ufe0f<\/td>\n<\/tr>\n<tr class=\"row-10 even\">\n<td class=\"column-1\">Syst\u00e8me de denture baltique<sup>\u00ae<\/sup><\/td>\n<td class=\"column-2\">\ud83d\udddd\ufe0f<\/td>\n<\/tr>\n<tr class=\"row-11 odd\">\n<td class=\"column-1\">secondLa<\/td>\n<td class=\"column-2\">\u2714<\/td>\n<\/tr>\n<tr class=\"row-12 even\">\n<td class=\"column-1\">multiDie\/multiDie+<\/td>\n<td class=\"column-2\">\ud83d\udddd\ufe0f<\/td>\n<\/tr>\n<tr class=\"row-13 odd\">\n<td class=\"column-1\">Contr\u00f4le visuel de l'axe Z<\/td>\n<td class=\"column-2\">\u2714<\/td>\n<\/tr>\n<tr class=\"row-14 even\">\n<td class=\"column-1\">Plan de coupe automatique<\/td>\n<td class=\"column-2\">\u2714<\/td>\n<\/tr>\n<tr class=\"row-15 odd\">\n<td class=\"column-1\">Scanner suppl\u00e9mentaire<\/td>\n<td class=\"column-2\">\u2714<\/td>\n<\/tr>\n<tr class=\"row-16 even\">\n<td class=\"column-1\">Scan de correction<\/td>\n<td class=\"column-2\">\u2714<\/td>\n<\/tr>\n<tr class=\"row-17 odd\">\n<td class=\"column-1\">Balayage de texture monochrome<\/td>\n<td class=\"column-2\">\u2714<\/td>\n<\/tr>\n<tr class=\"row-18 even\">\n<td class=\"column-1\">Balayage de texture en couleur<\/td>\n<td class=\"column-2\">\u2714<\/td>\n<\/tr>\n<tr class=\"row-19 odd\">\n<td class=\"column-1\">Projet universel<\/td>\n<td class=\"column-2\">\u2714<\/td>\n<\/tr>\n<tr class=\"row-20 even\">\n<td class=\"column-1\">projet multi-cas<\/td>\n<td class=\"column-2\">\ud83d\udddd\ufe0f<\/td>\n<\/tr>\n<tr class=\"row-21 odd\">\n<td class=\"column-1\">Projet KFO<\/td>\n<td class=\"column-2\">\u2714<\/td>\n<\/tr>\n<tr class=\"row-22 even\">\n<td class=\"column-1\">Mode Bright &amp; Dark<\/td>\n<td class=\"column-2\">\u2714<\/td>\n<\/tr>\n<\/tbody>\n<\/table>\n<table id=\"tablepress-101-no-5\" class=\"tablepress tablepress-id-101 tablepress-responsive tablepress-responsive-stack-tablet dataTable no-footer\">\n<tbody>\n<tr class=\"row-2 even\">\n<td class=\"column-1\">Logiciel de num\u00e9risation<\/td>\n<td class=\"column-2\">scan dentaire<\/td>\n<\/tr>\n<tr class=\"row-3 odd\">\n<td class=\"column-1\">Syst\u00e8me (exigences minimales)<\/td>\n<td class=\"column-2\">Windows 10 64 bits<br \/>\nCPU quadric\u0153ur, i3<br \/>\n16 GO DE M\u00c9MOIRE VIVE<br \/>\nPort USB 2.0<br \/>\nenviron 40 - 100 Go HDD<br \/>\nCarte graphique avec 1 Go de RAM<\/td>\n<\/tr>\n<tr class=\"row-4 even\">\n<td class=\"column-1\">Syst\u00e8me (exigences recommand\u00e9es)<\/td>\n<td class=\"column-2\">Windows 11 64 bits<br \/>\nCPU \u00e0 six c\u0153urs, i7<br \/>\n32 GO DE M\u00c9MOIRE VIVE<br \/>\nPort USB 3.0<br \/>\nenviron 100 - 250 Go SSD<br \/>\nCarte graphique avec 6 Go de RAM<\/td>\n<\/tr>\n<\/tbody>\n<\/table>\n<table id=\"tablepress-101-no-6\" class=\"tablepress tablepress-id-101 tablepress-responsive tablepress-responsive-stack-tablet dataTable no-footer\">\n<tbody>\n<tr class=\"row-2 even\">\n<td class=\"column-1\">Contenu de la livraison<\/td>\n<td class=\"column-2\">Vinyl Open Air<br \/>\nMod\u00e8le de calibration 3D<br \/>\nPorte-objets<br \/>\nC\u00e2ble d'alimentation<br \/>\nC\u00e2ble USB<br \/>\nSupport de donn\u00e9es avec dental Scan, donn\u00e9es de calibration<\/td>\n<\/tr>\n<tr class=\"row-3 odd\">\n<td class=\"column-1\">Contenu du coffret d'accessoires<\/td>\n<td class=\"column-2\">\u00a0 \u00a0 \u00a0 \u00a0 \u00a0 \u00a0 \u00a0 \u00a0 \u00a0 \u00a0 \u00a0 \u00a0 \u00a0 \u00a0 \u00a0 \u00a0 \u00a0 \u00a0 \u00a0-<\/td>\n<\/tr>\n<\/tbody>\n<\/table>","protected":false},"excerpt":{"rendered":"<p>Scanner sur une sc\u00e8ne ouverte - c'est la devise du Vinyl Open Air, car ce scanner de vinyle est enti\u00e8rement con\u00e7u de mani\u00e8re ouverte. Techniquement, il est \u00e0 la hauteur du vinyle gr\u00e2ce \u00e0 sa solide cam\u00e9ra de 1,3 m\u00e9gapixels et \u00e0 la triangulation de la lumi\u00e8re rasante avec LED \u00e0 lumi\u00e8re blanche.<br \/>\nEn tant que mod\u00e8le le plus \u00e9conomique de la s\u00e9rie Vinyl, l'Open Air dispose d'un \u00e9quipement de base en accessoires. Il n'en faut pas plus pour traiter des projets avec des indications dentaires courantes ou des cas d'orthodontie - scans sur articulateur compris.<\/p>\n<p><strong>Prix sur demande\u00a0<\/strong><\/p>\n<p>PRIX DE VENTE CONSEILL\u00c9 9 990,00<\/p>","protected":false},"featured_media":15916,"comment_status":"open","ping_status":"closed","template":"","meta":{"neve_meta_sidebar":"","neve_meta_container":"","neve_meta_enable_content_width":"off","neve_meta_content_width":70,"neve_meta_title_alignment":"","neve_meta_author_avatar":"","neve_post_elements_order":"","neve_meta_disable_header":"","neve_meta_disable_footer":"","neve_meta_disable_title":"","_themeisle_gutenberg_block_has_review":false},"product_brand":[],"product_cat":[624,778],"product_tag":[628,626,627,625],"class_list":{"0":"post-15958","1":"product","2":"type-product","3":"status-publish","4":"has-post-thumbnail","6":"product_cat-equipment","7":"product_cat-smart-optics","8":"product_tag-exocad","9":"product_tag-openair","10":"product_tag-smartoptics","11":"product_tag-vinyl","13":"first","14":"instock","15":"taxable","16":"shipping-taxable","17":"product-type-simple"},"yoast_head":"<!-- This site is optimized with the Yoast SEO plugin v27.6 - https:\/\/yoast.com\/product\/yoast-seo-wordpress\/ -->\n<title>Dentalscanner Vinyl Open Air - Ador Dental GmbH<\/title>\n<meta name=\"description\" content=\"Der Dentalscanner Open Air ist das preisg\u00fcnstigste Modell der Vinyl-Serie, bei dem bereits viele Features im Lieferumfang enthalten sind.\" \/>\n<meta name=\"robots\" content=\"index, follow, max-snippet:-1, max-image-preview:large, max-video-preview:-1\" \/>\n<link rel=\"canonical\" href=\"https:\/\/www.ador-dental.de\/fr\/produit\/dentalscanner-smart-optics-vinyl-open-air-premium-paket\/\" \/>\n<meta property=\"og:locale\" content=\"fr_FR\" \/>\n<meta property=\"og:type\" content=\"article\" \/>\n<meta property=\"og:title\" content=\"Dentalscanner Vinyl Open Air - Ador Dental GmbH\" \/>\n<meta property=\"og:description\" content=\"Der Dentalscanner Open Air ist das preisg\u00fcnstigste Modell der Vinyl-Serie, bei dem bereits viele Features im Lieferumfang enthalten sind.\" \/>\n<meta property=\"og:url\" content=\"https:\/\/www.ador-dental.de\/fr\/produit\/dentalscanner-smart-optics-vinyl-open-air-premium-paket\/\" \/>\n<meta property=\"og:site_name\" content=\"Ador Dental GmbH\" \/>\n<meta property=\"article:modified_time\" content=\"2024-03-14T09:46:21+00:00\" \/>\n<meta property=\"og:image\" content=\"https:\/\/www.ador-dental.de\/wp-content\/uploads\/2021\/04\/Vinyl-Open-Air-Einsteigerpaket.png\" \/>\n\t<meta property=\"og:image:width\" content=\"1024\" \/>\n\t<meta property=\"og:image:height\" content=\"1024\" \/>\n\t<meta property=\"og:image:type\" content=\"image\/png\" \/>\n<meta name=\"twitter:card\" content=\"summary_large_image\" \/>\n<meta name=\"twitter:label1\" content=\"Dur\u00e9e de lecture estim\u00e9e\" \/>\n\t<meta name=\"twitter:data1\" content=\"1 minute\" \/>\n<script type=\"application\/ld+json\" class=\"yoast-schema-graph\">{\"@context\":\"https:\\\/\\\/schema.org\",\"@graph\":[{\"@type\":\"WebPage\",\"@id\":\"https:\\\/\\\/www.ador-dental.de\\\/produkt\\\/dentalscanner-smart-optics-vinyl-open-air-premium-paket\\\/\",\"url\":\"https:\\\/\\\/www.ador-dental.de\\\/produkt\\\/dentalscanner-smart-optics-vinyl-open-air-premium-paket\\\/\",\"name\":\"Dentalscanner Vinyl Open Air - Ador Dental GmbH\",\"isPartOf\":{\"@id\":\"https:\\\/\\\/www.ador-dental.de\\\/en\\\/#website\"},\"primaryImageOfPage\":{\"@id\":\"https:\\\/\\\/www.ador-dental.de\\\/produkt\\\/dentalscanner-smart-optics-vinyl-open-air-premium-paket\\\/#primaryimage\"},\"image\":{\"@id\":\"https:\\\/\\\/www.ador-dental.de\\\/produkt\\\/dentalscanner-smart-optics-vinyl-open-air-premium-paket\\\/#primaryimage\"},\"thumbnailUrl\":\"https:\\\/\\\/www.ador-dental.de\\\/wp-content\\\/uploads\\\/2021\\\/04\\\/Vinyl-Open-Air-Einsteigerpaket.png\",\"datePublished\":\"2021-04-14T09:27:54+00:00\",\"dateModified\":\"2024-03-14T09:46:21+00:00\",\"description\":\"Der Dentalscanner Open Air ist das preisg\u00fcnstigste Modell der Vinyl-Serie, bei dem bereits viele Features im Lieferumfang enthalten sind.\",\"breadcrumb\":{\"@id\":\"https:\\\/\\\/www.ador-dental.de\\\/produkt\\\/dentalscanner-smart-optics-vinyl-open-air-premium-paket\\\/#breadcrumb\"},\"inLanguage\":\"fr-FR\",\"potentialAction\":[{\"@type\":\"ReadAction\",\"target\":[\"https:\\\/\\\/www.ador-dental.de\\\/produkt\\\/dentalscanner-smart-optics-vinyl-open-air-premium-paket\\\/\"]}]},{\"@type\":\"ImageObject\",\"inLanguage\":\"fr-FR\",\"@id\":\"https:\\\/\\\/www.ador-dental.de\\\/produkt\\\/dentalscanner-smart-optics-vinyl-open-air-premium-paket\\\/#primaryimage\",\"url\":\"https:\\\/\\\/www.ador-dental.de\\\/wp-content\\\/uploads\\\/2021\\\/04\\\/Vinyl-Open-Air-Einsteigerpaket.png\",\"contentUrl\":\"https:\\\/\\\/www.ador-dental.de\\\/wp-content\\\/uploads\\\/2021\\\/04\\\/Vinyl-Open-Air-Einsteigerpaket.png\",\"width\":1024,\"height\":1024,\"caption\":\"Dentalscanner Vinyl Open Air\"},{\"@type\":\"BreadcrumbList\",\"@id\":\"https:\\\/\\\/www.ador-dental.de\\\/produkt\\\/dentalscanner-smart-optics-vinyl-open-air-premium-paket\\\/#breadcrumb\",\"itemListElement\":[{\"@type\":\"ListItem\",\"position\":1,\"name\":\"Startseite\",\"item\":\"https:\\\/\\\/www.ador-dental.de\\\/\"},{\"@type\":\"ListItem\",\"position\":2,\"name\":\"Shop\",\"item\":\"https:\\\/\\\/www.ador-dental.de\\\/en\\\/shop\\\/\"},{\"@type\":\"ListItem\",\"position\":3,\"name\":\"Dentalscanner Vinyl Open Air\"}]},{\"@type\":\"WebSite\",\"@id\":\"https:\\\/\\\/www.ador-dental.de\\\/en\\\/#website\",\"url\":\"https:\\\/\\\/www.ador-dental.de\\\/en\\\/\",\"name\":\"Ador Dental GmbH\",\"description\":\"\",\"publisher\":{\"@id\":\"https:\\\/\\\/www.ador-dental.de\\\/en\\\/#organization\"},\"potentialAction\":[{\"@type\":\"SearchAction\",\"target\":{\"@type\":\"EntryPoint\",\"urlTemplate\":\"https:\\\/\\\/www.ador-dental.de\\\/en\\\/?s={search_term_string}\"},\"query-input\":{\"@type\":\"PropertyValueSpecification\",\"valueRequired\":true,\"valueName\":\"search_term_string\"}}],\"inLanguage\":\"fr-FR\"},{\"@type\":\"Organization\",\"@id\":\"https:\\\/\\\/www.ador-dental.de\\\/en\\\/#organization\",\"name\":\"Ador Dental GmbH\",\"url\":\"https:\\\/\\\/www.ador-dental.de\\\/en\\\/\",\"logo\":{\"@type\":\"ImageObject\",\"inLanguage\":\"fr-FR\",\"@id\":\"https:\\\/\\\/www.ador-dental.de\\\/en\\\/#\\\/schema\\\/logo\\\/image\\\/\",\"url\":\"https:\\\/\\\/www.ador-dental.de\\\/wp-content\\\/uploads\\\/2021\\\/10\\\/ADOR_Logo_DentalSolutions_2020_Black.svg\",\"contentUrl\":\"https:\\\/\\\/www.ador-dental.de\\\/wp-content\\\/uploads\\\/2021\\\/10\\\/ADOR_Logo_DentalSolutions_2020_Black.svg\",\"width\":678,\"height\":261,\"caption\":\"Ador Dental GmbH\"},\"image\":{\"@id\":\"https:\\\/\\\/www.ador-dental.de\\\/en\\\/#\\\/schema\\\/logo\\\/image\\\/\"}}]}<\/script>\n<!-- \/ Yoast SEO plugin. -->","yoast_head_json":{"title":"Dentalscanner Vinyl Open Air - Ador Dental GmbH","description":"Der Dentalscanner Open Air ist das preisg\u00fcnstigste Modell der Vinyl-Serie, bei dem bereits viele Features im Lieferumfang enthalten sind.","robots":{"index":"index","follow":"follow","max-snippet":"max-snippet:-1","max-image-preview":"max-image-preview:large","max-video-preview":"max-video-preview:-1"},"canonical":"https:\/\/www.ador-dental.de\/fr\/produit\/dentalscanner-smart-optics-vinyl-open-air-premium-paket\/","og_locale":"fr_FR","og_type":"article","og_title":"Dentalscanner Vinyl Open Air - Ador Dental GmbH","og_description":"Der Dentalscanner Open Air ist das preisg\u00fcnstigste Modell der Vinyl-Serie, bei dem bereits viele Features im Lieferumfang enthalten sind.","og_url":"https:\/\/www.ador-dental.de\/fr\/produit\/dentalscanner-smart-optics-vinyl-open-air-premium-paket\/","og_site_name":"Ador Dental GmbH","article_modified_time":"2024-03-14T09:46:21+00:00","og_image":[{"width":1024,"height":1024,"url":"https:\/\/www.ador-dental.de\/wp-content\/uploads\/2021\/04\/Vinyl-Open-Air-Einsteigerpaket.png","type":"image\/png"}],"twitter_card":"summary_large_image","twitter_misc":{"Dur\u00e9e de lecture estim\u00e9e":"1 minute"},"schema":{"@context":"https:\/\/schema.org","@graph":[{"@type":"WebPage","@id":"https:\/\/www.ador-dental.de\/produkt\/dentalscanner-smart-optics-vinyl-open-air-premium-paket\/","url":"https:\/\/www.ador-dental.de\/produkt\/dentalscanner-smart-optics-vinyl-open-air-premium-paket\/","name":"Dentalscanner Vinyl Open Air - Ador Dental GmbH","isPartOf":{"@id":"https:\/\/www.ador-dental.de\/en\/#website"},"primaryImageOfPage":{"@id":"https:\/\/www.ador-dental.de\/produkt\/dentalscanner-smart-optics-vinyl-open-air-premium-paket\/#primaryimage"},"image":{"@id":"https:\/\/www.ador-dental.de\/produkt\/dentalscanner-smart-optics-vinyl-open-air-premium-paket\/#primaryimage"},"thumbnailUrl":"https:\/\/www.ador-dental.de\/wp-content\/uploads\/2021\/04\/Vinyl-Open-Air-Einsteigerpaket.png","datePublished":"2021-04-14T09:27:54+00:00","dateModified":"2024-03-14T09:46:21+00:00","description":"Der Dentalscanner Open Air ist das preisg\u00fcnstigste Modell der Vinyl-Serie, bei dem bereits viele Features im Lieferumfang enthalten sind.","breadcrumb":{"@id":"https:\/\/www.ador-dental.de\/produkt\/dentalscanner-smart-optics-vinyl-open-air-premium-paket\/#breadcrumb"},"inLanguage":"fr-FR","potentialAction":[{"@type":"ReadAction","target":["https:\/\/www.ador-dental.de\/produkt\/dentalscanner-smart-optics-vinyl-open-air-premium-paket\/"]}]},{"@type":"ImageObject","inLanguage":"fr-FR","@id":"https:\/\/www.ador-dental.de\/produkt\/dentalscanner-smart-optics-vinyl-open-air-premium-paket\/#primaryimage","url":"https:\/\/www.ador-dental.de\/wp-content\/uploads\/2021\/04\/Vinyl-Open-Air-Einsteigerpaket.png","contentUrl":"https:\/\/www.ador-dental.de\/wp-content\/uploads\/2021\/04\/Vinyl-Open-Air-Einsteigerpaket.png","width":1024,"height":1024,"caption":"Dentalscanner Vinyl Open Air"},{"@type":"BreadcrumbList","@id":"https:\/\/www.ador-dental.de\/produkt\/dentalscanner-smart-optics-vinyl-open-air-premium-paket\/#breadcrumb","itemListElement":[{"@type":"ListItem","position":1,"name":"Startseite","item":"https:\/\/www.ador-dental.de\/"},{"@type":"ListItem","position":2,"name":"Shop","item":"https:\/\/www.ador-dental.de\/en\/shop\/"},{"@type":"ListItem","position":3,"name":"Dentalscanner Vinyl Open Air"}]},{"@type":"WebSite","@id":"https:\/\/www.ador-dental.de\/en\/#website","url":"https:\/\/www.ador-dental.de\/en\/","name":"Ador Dental GmbH","description":"","publisher":{"@id":"https:\/\/www.ador-dental.de\/en\/#organization"},"potentialAction":[{"@type":"SearchAction","target":{"@type":"EntryPoint","urlTemplate":"https:\/\/www.ador-dental.de\/en\/?s={search_term_string}"},"query-input":{"@type":"PropertyValueSpecification","valueRequired":true,"valueName":"search_term_string"}}],"inLanguage":"fr-FR"},{"@type":"Organization","@id":"https:\/\/www.ador-dental.de\/en\/#organization","name":"Ador Dental GmbH","url":"https:\/\/www.ador-dental.de\/en\/","logo":{"@type":"ImageObject","inLanguage":"fr-FR","@id":"https:\/\/www.ador-dental.de\/en\/#\/schema\/logo\/image\/","url":"https:\/\/www.ador-dental.de\/wp-content\/uploads\/2021\/10\/ADOR_Logo_DentalSolutions_2020_Black.svg","contentUrl":"https:\/\/www.ador-dental.de\/wp-content\/uploads\/2021\/10\/ADOR_Logo_DentalSolutions_2020_Black.svg","width":678,"height":261,"caption":"Ador Dental GmbH"},"image":{"@id":"https:\/\/www.ador-dental.de\/en\/#\/schema\/logo\/image\/"}}]}},"_links":{"self":[{"href":"https:\/\/www.ador-dental.de\/fr\/wp-json\/wp\/v2\/product\/15958","targetHints":{"allow":["GET"]}}],"collection":[{"href":"https:\/\/www.ador-dental.de\/fr\/wp-json\/wp\/v2\/product"}],"about":[{"href":"https:\/\/www.ador-dental.de\/fr\/wp-json\/wp\/v2\/types\/product"}],"replies":[{"embeddable":true,"href":"https:\/\/www.ador-dental.de\/fr\/wp-json\/wp\/v2\/comments?post=15958"}],"version-history":[{"count":4,"href":"https:\/\/www.ador-dental.de\/fr\/wp-json\/wp\/v2\/product\/15958\/revisions"}],"predecessor-version":[{"id":25437,"href":"https:\/\/www.ador-dental.de\/fr\/wp-json\/wp\/v2\/product\/15958\/revisions\/25437"}],"wp:featuredmedia":[{"embeddable":true,"href":"https:\/\/www.ador-dental.de\/fr\/wp-json\/wp\/v2\/media\/15916"}],"wp:attachment":[{"href":"https:\/\/www.ador-dental.de\/fr\/wp-json\/wp\/v2\/media?parent=15958"}],"wp:term":[{"taxonomy":"product_brand","embeddable":true,"href":"https:\/\/www.ador-dental.de\/fr\/wp-json\/wp\/v2\/product_brand?post=15958"},{"taxonomy":"product_cat","embeddable":true,"href":"https:\/\/www.ador-dental.de\/fr\/wp-json\/wp\/v2\/product_cat?post=15958"},{"taxonomy":"product_tag","embeddable":true,"href":"https:\/\/www.ador-dental.de\/fr\/wp-json\/wp\/v2\/product_tag?post=15958"}],"curies":[{"name":"wp","href":"https:\/\/api.w.org\/{rel}","templated":true}]}}