{"id":15366,"date":"2021-01-27T12:12:48","date_gmt":"2021-01-27T11:12:48","guid":{"rendered":"https:\/\/new.ador-edelmetalle.de\/?post_type=product&#038;p=15366"},"modified":"2025-12-01T15:55:10","modified_gmt":"2025-12-01T14:55:10","slug":"adorbond-cc-plus-powder-10-30-koernung","status":"publish","type":"product","link":"https:\/\/www.ador-dental.de\/fr\/produit\/adorbond-cc-plus-powder-10-30-koernung\/","title":{"rendered":"Adorbond CC Plus-Powder 10-30\u00b5m"},"content":{"rendered":"<p><strong><a href=\"https:\/\/www.ador-dental.de\/wp-content\/uploads\/2025\/12\/Adorbond-CC-Plus-Powder-10-30\u00b5m-Aufbrenn-und-Modellgussleg-DE-REV1125.pdf\">Mode d'emploi (DE)<\/a><br \/>\n<a href=\"https:\/\/www.ador-dental.de\/wp-content\/uploads\/2025\/12\/Adorbond-CC-Plus-Powder-10-30\u00b5m-metallo-ceramica-e-scheletrati-IT-REV1125.pdf\">Instructions d'utilisation (IT)<\/a><\/p>\n<p>ADORBOND CC Plus Powder 10-30 \u03bcm<\/strong> est un alliage c\u00e9ramo-m\u00e9tallique dentaire \u00e0 base de cobalt sous forme de poudre dentaire. ADORBOND\u00ae CC PLUS Powder 10-30 \u03bcm est exempt de nickel, de cadmium, de b\u00e9ryllium et de plomb et correspond au type 5 selon EN ISO 22674 pour des applications avec des sections minces soumises \u00e0 des forces tr\u00e8s \u00e9lev\u00e9es, par ex. proth\u00e8ses partielles amovibles, crochets, couronnes unitaires minces recouvertes, proth\u00e8ses fixes \u00e0 arc complet ou bridges de petites sections, barres, fixations et superstructures implanto-port\u00e9es. ADORBOND\u00ae CC PLUS Powder10-30 \u03bcm est utilisable aussi bien comme alliage de coul\u00e9e sur mod\u00e8le que comme alliage c\u00e9ramo-m\u00e9tallique.<\/p>\n<table style=\"height: 376px;\" width=\"391\">\n<tbody>\n<tr>\n<td colspan=\"2\" width=\"133\"><strong>Composition<\/strong><\/td>\n<td colspan=\"3\" width=\"248\"><strong>Donn\u00e9es techniques (alliage de cuisson)<\/strong><\/td>\n<\/tr>\n<tr>\n<td colspan=\"2\" width=\"133\"><strong>(en masse-%)<\/strong><\/td>\n<td width=\"133\">Densit\u00e9 (g\/cm<sup>3<\/sup>)<\/td>\n<td width=\"61\">8,2<\/td>\n<td width=\"54\"><\/td>\n<\/tr>\n<tr>\n<td width=\"86\">Cobalt<\/td>\n<td width=\"47\">63,6<\/td>\n<td width=\"133\">Duret\u00e9 Vickers (HV 10)<\/td>\n<td width=\"61\">520<\/td>\n<td width=\"54\"><\/td>\n<\/tr>\n<tr>\n<td width=\"86\">Chrome<\/td>\n<td width=\"47\">24,8<\/td>\n<td width=\"133\">Coefficient de dilatation<\/td>\n<td width=\"61\"><\/td>\n<td width=\"54\"><\/td>\n<\/tr>\n<tr>\n<td width=\"86\">Molybd\u00e8ne<\/td>\n<td width=\"47\">5,0<\/td>\n<td width=\"133\">25 - 500 \u00b0C (10<sup>-6 <\/sup>K<sup>-1<\/sup>)<\/td>\n<td width=\"61\">14,3<\/td>\n<td width=\"54\"><\/td>\n<\/tr>\n<tr>\n<td width=\"86\">Wolfram<\/td>\n<td width=\"47\">5,5<\/td>\n<td width=\"133\">20 - 600 \u00b0C (10<sup>-6 <\/sup>K<sup>-1<\/sup>)<\/td>\n<td width=\"61\">14,5<\/td>\n<td width=\"54\"><\/td>\n<\/tr>\n<tr>\n<td width=\"86\">Silicium<\/td>\n<td width=\"47\">1,1<\/td>\n<td width=\"133\">Temp\u00e9rature de cuisson maximale recommand\u00e9e TBr,max<\/td>\n<td width=\"61\">980<\/td>\n<td width=\"54\"><\/td>\n<\/tr>\n<tr>\n<td width=\"86\">Fe, Mn, Nb<\/td>\n<td width=\"47\">&lt;1%<\/td>\n<td width=\"133\">0,2-% Limite d'\u00e9lasticit\u00e9 (MPa)<\/td>\n<td width=\"61\">1150<\/td>\n<td width=\"54\"><\/td>\n<\/tr>\n<tr>\n<td width=\"86\"><\/td>\n<td width=\"47\"><\/td>\n<td width=\"133\">Module d'\u00e9lasticit\u00e9 (N\/mm<sup>2<\/sup>)<\/td>\n<td width=\"61\">275<\/td>\n<td width=\"54\"><\/td>\n<\/tr>\n<tr>\n<td width=\"86\"><\/td>\n<td width=\"47\"><\/td>\n<td width=\"133\">Allongement \u00e0 la rupture A<sub>5<\/sub> (%)<\/td>\n<td width=\"61\">5<\/td>\n<td width=\"54\"><\/td>\n<\/tr>\n<tr>\n<td width=\"86\"><strong>\u00a0<\/strong><\/td>\n<td width=\"47\"><strong>\u00a0<\/strong><\/td>\n<td width=\"133\">R\u00e9sistance \u00e0 la traction<\/td>\n<td width=\"61\">1350<\/td>\n<td width=\"54\"><\/td>\n<\/tr>\n<\/tbody>\n<\/table>\n<p>&nbsp;<\/p>\n<table style=\"height: 376px;\" width=\"391\">\n<tbody>\n<tr>\n<td colspan=\"2\" width=\"133\"><strong>Composition<\/strong><\/td>\n<td colspan=\"3\" width=\"248\"><strong>Donn\u00e9es techniques (alliage de coul\u00e9e sur mod\u00e8le)<\/strong><\/td>\n<\/tr>\n<tr>\n<td colspan=\"2\" width=\"133\"><strong>(en masse-%)<\/strong><\/td>\n<td width=\"133\">Densit\u00e9 (g\/cm<sup>3<\/sup>)<\/td>\n<td width=\"61\">8,2<\/td>\n<td width=\"54\"><\/td>\n<\/tr>\n<tr>\n<td width=\"86\">Cobalt<\/td>\n<td width=\"47\">63,6<\/td>\n<td width=\"133\">Duret\u00e9 Vickers (HV 10)<\/td>\n<td width=\"61\">520<\/td>\n<td width=\"54\"><\/td>\n<\/tr>\n<tr>\n<td width=\"86\">Chrome<\/td>\n<td width=\"47\">24,8<\/td>\n<td width=\"133\">0,2-% Limite d'\u00e9lasticit\u00e9(MPa)<\/td>\n<td width=\"61\">1150<\/td>\n<td width=\"54\"><\/td>\n<\/tr>\n<tr>\n<td width=\"86\">Molybd\u00e8ne<\/td>\n<td width=\"47\">5,0<\/td>\n<td width=\"133\">Module d'\u00e9lasticit\u00e9 (N\/mm<sup>2<\/sup>)<\/td>\n<td width=\"61\">275<\/td>\n<td width=\"54\"><\/td>\n<\/tr>\n<tr>\n<td width=\"86\">Wolfram<\/td>\n<td width=\"47\">5,5<\/td>\n<td width=\"133\">Allongement \u00e0 la rupture A<sub>5<\/sub> (%)<\/td>\n<td width=\"61\">5<\/td>\n<td width=\"54\"><\/td>\n<\/tr>\n<tr>\n<td width=\"86\">Silicium<\/td>\n<td width=\"47\">1,1<\/td>\n<td width=\"133\">\u00a0R\u00e9sistance \u00e0 la traction<\/td>\n<td width=\"61\">1350<\/td>\n<td width=\"54\"><\/td>\n<\/tr>\n<tr>\n<td width=\"86\">Fe, Mn, Nb<\/td>\n<td width=\"47\">&lt;1%<\/td>\n<td width=\"133\"><\/td>\n<td width=\"61\"><\/td>\n<td width=\"54\"><\/td>\n<\/tr>\n<\/tbody>\n<\/table>\n<p><strong>Consignes de s\u00e9curit\u00e9<\/strong><\/p>\n<p>La poussi\u00e8re de m\u00e9tal est nocive pour la sant\u00e9 ! \u00c9viter la formation de poussi\u00e8re et l'inhalation de la poudre ! Utiliser une aspiration lors de la manipulation de la poudre, du d\u00e9capage et du sablage. Le port de lunettes de protection \u00e9tanches, de gants de protection, d'un masque respiratoire FFP3 et de v\u00eatements de protection est recommand\u00e9. Consulter la fiche de donn\u00e9es de s\u00e9curit\u00e9. Les hypersensibilit\u00e9s aux composants de l'alliage doivent \u00eatre prises en compte. En cas de suspicion d'intol\u00e9rance \u00e0 certains \u00e9l\u00e9ments de cet alliage, il ne faut pas l'utiliser.<\/p>\n<p><strong>Garantie<\/strong><\/p>\n<p>Ces recommandations techniques d'utilisation reposent sur nos propres essais et exp\u00e9riences et ne peuvent donc \u00eatre consid\u00e9r\u00e9es que comme des valeurs indicatives. Le dentiste ou le proth\u00e9siste dentaire est lui-m\u00eame responsable de la mise en \u0153uvre correcte de l'alliage.<\/p>\n<a  data-e-disable-page-transition=\"true\" class=\"download-link\" title=\"\" href=\"https:\/\/www.ador-dental.de\/fr\/download\/28502\/?tmstv=1776966335\" rel=\"nofollow\" id=\"download-link-28502\" data-redirect=\"false\" >\n\tAdorbond-CC-Plus-10-\u00b5m-30-\u00b5m-DE-EN-Rev-0724.pdf<\/a>\n\n<p>&nbsp;<\/p>\n<a  data-e-disable-page-transition=\"true\" class=\"download-link\" title=\"\" href=\"https:\/\/www.ador-dental.de\/fr\/download\/28531\/?tmstv=1776966335\" rel=\"nofollow\" id=\"download-link-28531\" data-redirect=\"false\" >\n\tAdorbond-CC-Plus-Poudre-10-30-\u00b5m-Alliage pour la cuisson et la coul\u00e9e sur mod\u00e8le-IT_EN.pdf<\/a>\n\n<p>&nbsp;<\/p>\n<a  data-e-disable-page-transition=\"true\" class=\"download-link\" title=\"\" href=\"https:\/\/www.ador-dental.de\/fr\/download\/28534\/?tmstv=1776966335\" rel=\"nofollow\" id=\"download-link-28534\" data-redirect=\"false\" >\n\tAdorbond-CC-Plus-Poudre-10-30-\u00b5m-Alliage pour la cuisson et la coul\u00e9e sur mod\u00e8le-ES_EN-REV-0724.pdf<\/a>","protected":false},"excerpt":{"rendered":"<p><strong>Bouteille de 5 kg<\/strong><\/p>\n<p>Dentaire <strong>Fonte sur mod\u00e8le<\/strong>-Alliage \u00e0 base de cobalt<\/p>\n<p>Taille des grains :\u00a0<strong>10\/30<\/strong>\u00a0<strong>\u00b5m<\/strong><\/p>\n<p><strong>convient \u00e9galement comme alliage de recuit<\/strong><\/p>","protected":false},"featured_media":29946,"comment_status":"open","ping_status":"closed","template":"","meta":{"neve_meta_sidebar":"","neve_meta_container":"","neve_meta_enable_content_width":"off","neve_meta_content_width":70,"neve_meta_title_alignment":"","neve_meta_author_avatar":"","neve_post_elements_order":"","neve_meta_disable_header":"","neve_meta_disable_footer":"","neve_meta_disable_title":"","_themeisle_gutenberg_block_has_review":false},"product_brand":[],"product_cat":[718,719],"product_tag":[],"class_list":{"0":"post-15366","1":"product","2":"type-product","3":"status-publish","4":"has-post-thumbnail","6":"product_cat-ador-melting","7":"product_cat-slm-pulver","9":"first","10":"instock","11":"taxable","12":"shipping-taxable","13":"purchasable","14":"product-type-simple"},"yoast_head":"<!-- This site is optimized with the Yoast SEO plugin v27.4 - https:\/\/yoast.com\/product\/yoast-seo-wordpress\/ -->\n<title>Adorbond CC Plus-Powder 10-30\u00b5m - Ador Dental GmbH<\/title>\n<meta name=\"description\" content=\"ADORBOND CC Plus ist eine dentale Metallkeramik-Legierung auf Kobalt-Basis in Form von DentalPowder.\" \/>\n<meta name=\"robots\" content=\"index, follow, max-snippet:-1, max-image-preview:large, max-video-preview:-1\" \/>\n<link rel=\"canonical\" href=\"https:\/\/www.ador-dental.de\/fr\/produit\/adorbond-cc-plus-powder-10-30-koernung\/\" \/>\n<meta property=\"og:locale\" content=\"fr_FR\" \/>\n<meta property=\"og:type\" content=\"article\" \/>\n<meta property=\"og:title\" content=\"Adorbond CC Plus-Powder 10-30\u00b5m - Ador Dental GmbH\" \/>\n<meta property=\"og:description\" content=\"ADORBOND CC Plus ist eine dentale Metallkeramik-Legierung auf Kobalt-Basis in Form von DentalPowder.\" \/>\n<meta property=\"og:url\" content=\"https:\/\/www.ador-dental.de\/fr\/produit\/adorbond-cc-plus-powder-10-30-koernung\/\" \/>\n<meta property=\"og:site_name\" content=\"Ador Dental GmbH\" \/>\n<meta property=\"article:modified_time\" content=\"2025-12-01T14:55:10+00:00\" \/>\n<meta property=\"og:image\" content=\"https:\/\/www.ador-dental.de\/wp-content\/uploads\/2025\/07\/Adorbond-CC-Plus-Pulver-10-30-PBN.png\" \/>\n\t<meta property=\"og:image:width\" content=\"1024\" \/>\n\t<meta property=\"og:image:height\" content=\"1024\" \/>\n\t<meta property=\"og:image:type\" content=\"image\/png\" \/>\n<meta name=\"twitter:card\" content=\"summary_large_image\" \/>\n<meta name=\"twitter:label1\" content=\"Dur\u00e9e de lecture estim\u00e9e\" \/>\n\t<meta name=\"twitter:data1\" content=\"2 minutes\" \/>\n<script type=\"application\/ld+json\" class=\"yoast-schema-graph\">{\"@context\":\"https:\\\/\\\/schema.org\",\"@graph\":[{\"@type\":\"WebPage\",\"@id\":\"https:\\\/\\\/www.ador-dental.de\\\/produkt\\\/adorbond-cc-plus-powder-10-30-koernung\\\/\",\"url\":\"https:\\\/\\\/www.ador-dental.de\\\/produkt\\\/adorbond-cc-plus-powder-10-30-koernung\\\/\",\"name\":\"Adorbond CC Plus-Powder 10-30\u00b5m - Ador Dental GmbH\",\"isPartOf\":{\"@id\":\"https:\\\/\\\/www.ador-dental.de\\\/en\\\/#website\"},\"primaryImageOfPage\":{\"@id\":\"https:\\\/\\\/www.ador-dental.de\\\/produkt\\\/adorbond-cc-plus-powder-10-30-koernung\\\/#primaryimage\"},\"image\":{\"@id\":\"https:\\\/\\\/www.ador-dental.de\\\/produkt\\\/adorbond-cc-plus-powder-10-30-koernung\\\/#primaryimage\"},\"thumbnailUrl\":\"https:\\\/\\\/www.ador-dental.de\\\/wp-content\\\/uploads\\\/2025\\\/07\\\/Adorbond-CC-Plus-Pulver-10-30-PBN.png\",\"datePublished\":\"2021-01-27T11:12:48+00:00\",\"dateModified\":\"2025-12-01T14:55:10+00:00\",\"description\":\"ADORBOND CC Plus ist eine dentale Metallkeramik-Legierung auf Kobalt-Basis in Form von DentalPowder.\",\"breadcrumb\":{\"@id\":\"https:\\\/\\\/www.ador-dental.de\\\/produkt\\\/adorbond-cc-plus-powder-10-30-koernung\\\/#breadcrumb\"},\"inLanguage\":\"fr-FR\",\"potentialAction\":[{\"@type\":\"ReadAction\",\"target\":[\"https:\\\/\\\/www.ador-dental.de\\\/produkt\\\/adorbond-cc-plus-powder-10-30-koernung\\\/\"]}]},{\"@type\":\"ImageObject\",\"inLanguage\":\"fr-FR\",\"@id\":\"https:\\\/\\\/www.ador-dental.de\\\/produkt\\\/adorbond-cc-plus-powder-10-30-koernung\\\/#primaryimage\",\"url\":\"https:\\\/\\\/www.ador-dental.de\\\/wp-content\\\/uploads\\\/2025\\\/07\\\/Adorbond-CC-Plus-Pulver-10-30-PBN.png\",\"contentUrl\":\"https:\\\/\\\/www.ador-dental.de\\\/wp-content\\\/uploads\\\/2025\\\/07\\\/Adorbond-CC-Plus-Pulver-10-30-PBN.png\",\"width\":1024,\"height\":1024},{\"@type\":\"BreadcrumbList\",\"@id\":\"https:\\\/\\\/www.ador-dental.de\\\/produkt\\\/adorbond-cc-plus-powder-10-30-koernung\\\/#breadcrumb\",\"itemListElement\":[{\"@type\":\"ListItem\",\"position\":1,\"name\":\"Startseite\",\"item\":\"https:\\\/\\\/www.ador-dental.de\\\/\"},{\"@type\":\"ListItem\",\"position\":2,\"name\":\"Shop\",\"item\":\"https:\\\/\\\/www.ador-dental.de\\\/en\\\/shop\\\/\"},{\"@type\":\"ListItem\",\"position\":3,\"name\":\"Adorbond CC Plus-Powder 10-30\u00b5m\"}]},{\"@type\":\"WebSite\",\"@id\":\"https:\\\/\\\/www.ador-dental.de\\\/en\\\/#website\",\"url\":\"https:\\\/\\\/www.ador-dental.de\\\/en\\\/\",\"name\":\"Ador Dental GmbH\",\"description\":\"\",\"publisher\":{\"@id\":\"https:\\\/\\\/www.ador-dental.de\\\/en\\\/#organization\"},\"potentialAction\":[{\"@type\":\"SearchAction\",\"target\":{\"@type\":\"EntryPoint\",\"urlTemplate\":\"https:\\\/\\\/www.ador-dental.de\\\/en\\\/?s={search_term_string}\"},\"query-input\":{\"@type\":\"PropertyValueSpecification\",\"valueRequired\":true,\"valueName\":\"search_term_string\"}}],\"inLanguage\":\"fr-FR\"},{\"@type\":\"Organization\",\"@id\":\"https:\\\/\\\/www.ador-dental.de\\\/en\\\/#organization\",\"name\":\"Ador Dental GmbH\",\"url\":\"https:\\\/\\\/www.ador-dental.de\\\/en\\\/\",\"logo\":{\"@type\":\"ImageObject\",\"inLanguage\":\"fr-FR\",\"@id\":\"https:\\\/\\\/www.ador-dental.de\\\/en\\\/#\\\/schema\\\/logo\\\/image\\\/\",\"url\":\"https:\\\/\\\/www.ador-dental.de\\\/wp-content\\\/uploads\\\/2021\\\/10\\\/ADOR_Logo_DentalSolutions_2020_Black.svg\",\"contentUrl\":\"https:\\\/\\\/www.ador-dental.de\\\/wp-content\\\/uploads\\\/2021\\\/10\\\/ADOR_Logo_DentalSolutions_2020_Black.svg\",\"width\":678,\"height\":261,\"caption\":\"Ador Dental GmbH\"},\"image\":{\"@id\":\"https:\\\/\\\/www.ador-dental.de\\\/en\\\/#\\\/schema\\\/logo\\\/image\\\/\"}}]}<\/script>\n<!-- \/ Yoast SEO plugin. -->","yoast_head_json":{"title":"Adorbond CC Plus-Powder 10-30\u00b5m - Ador Dental GmbH","description":"ADORBOND CC Plus ist eine dentale Metallkeramik-Legierung auf Kobalt-Basis in Form von DentalPowder.","robots":{"index":"index","follow":"follow","max-snippet":"max-snippet:-1","max-image-preview":"max-image-preview:large","max-video-preview":"max-video-preview:-1"},"canonical":"https:\/\/www.ador-dental.de\/fr\/produit\/adorbond-cc-plus-powder-10-30-koernung\/","og_locale":"fr_FR","og_type":"article","og_title":"Adorbond CC Plus-Powder 10-30\u00b5m - Ador Dental GmbH","og_description":"ADORBOND CC Plus ist eine dentale Metallkeramik-Legierung auf Kobalt-Basis in Form von DentalPowder.","og_url":"https:\/\/www.ador-dental.de\/fr\/produit\/adorbond-cc-plus-powder-10-30-koernung\/","og_site_name":"Ador Dental GmbH","article_modified_time":"2025-12-01T14:55:10+00:00","og_image":[{"width":1024,"height":1024,"url":"https:\/\/www.ador-dental.de\/wp-content\/uploads\/2025\/07\/Adorbond-CC-Plus-Pulver-10-30-PBN.png","type":"image\/png"}],"twitter_card":"summary_large_image","twitter_misc":{"Dur\u00e9e de lecture estim\u00e9e":"2 minutes"},"schema":{"@context":"https:\/\/schema.org","@graph":[{"@type":"WebPage","@id":"https:\/\/www.ador-dental.de\/produkt\/adorbond-cc-plus-powder-10-30-koernung\/","url":"https:\/\/www.ador-dental.de\/produkt\/adorbond-cc-plus-powder-10-30-koernung\/","name":"Adorbond CC Plus-Powder 10-30\u00b5m - Ador Dental GmbH","isPartOf":{"@id":"https:\/\/www.ador-dental.de\/en\/#website"},"primaryImageOfPage":{"@id":"https:\/\/www.ador-dental.de\/produkt\/adorbond-cc-plus-powder-10-30-koernung\/#primaryimage"},"image":{"@id":"https:\/\/www.ador-dental.de\/produkt\/adorbond-cc-plus-powder-10-30-koernung\/#primaryimage"},"thumbnailUrl":"https:\/\/www.ador-dental.de\/wp-content\/uploads\/2025\/07\/Adorbond-CC-Plus-Pulver-10-30-PBN.png","datePublished":"2021-01-27T11:12:48+00:00","dateModified":"2025-12-01T14:55:10+00:00","description":"ADORBOND CC Plus ist eine dentale Metallkeramik-Legierung auf Kobalt-Basis in Form von DentalPowder.","breadcrumb":{"@id":"https:\/\/www.ador-dental.de\/produkt\/adorbond-cc-plus-powder-10-30-koernung\/#breadcrumb"},"inLanguage":"fr-FR","potentialAction":[{"@type":"ReadAction","target":["https:\/\/www.ador-dental.de\/produkt\/adorbond-cc-plus-powder-10-30-koernung\/"]}]},{"@type":"ImageObject","inLanguage":"fr-FR","@id":"https:\/\/www.ador-dental.de\/produkt\/adorbond-cc-plus-powder-10-30-koernung\/#primaryimage","url":"https:\/\/www.ador-dental.de\/wp-content\/uploads\/2025\/07\/Adorbond-CC-Plus-Pulver-10-30-PBN.png","contentUrl":"https:\/\/www.ador-dental.de\/wp-content\/uploads\/2025\/07\/Adorbond-CC-Plus-Pulver-10-30-PBN.png","width":1024,"height":1024},{"@type":"BreadcrumbList","@id":"https:\/\/www.ador-dental.de\/produkt\/adorbond-cc-plus-powder-10-30-koernung\/#breadcrumb","itemListElement":[{"@type":"ListItem","position":1,"name":"Startseite","item":"https:\/\/www.ador-dental.de\/"},{"@type":"ListItem","position":2,"name":"Shop","item":"https:\/\/www.ador-dental.de\/en\/shop\/"},{"@type":"ListItem","position":3,"name":"Adorbond CC Plus-Powder 10-30\u00b5m"}]},{"@type":"WebSite","@id":"https:\/\/www.ador-dental.de\/en\/#website","url":"https:\/\/www.ador-dental.de\/en\/","name":"Ador Dental GmbH","description":"","publisher":{"@id":"https:\/\/www.ador-dental.de\/en\/#organization"},"potentialAction":[{"@type":"SearchAction","target":{"@type":"EntryPoint","urlTemplate":"https:\/\/www.ador-dental.de\/en\/?s={search_term_string}"},"query-input":{"@type":"PropertyValueSpecification","valueRequired":true,"valueName":"search_term_string"}}],"inLanguage":"fr-FR"},{"@type":"Organization","@id":"https:\/\/www.ador-dental.de\/en\/#organization","name":"Ador Dental GmbH","url":"https:\/\/www.ador-dental.de\/en\/","logo":{"@type":"ImageObject","inLanguage":"fr-FR","@id":"https:\/\/www.ador-dental.de\/en\/#\/schema\/logo\/image\/","url":"https:\/\/www.ador-dental.de\/wp-content\/uploads\/2021\/10\/ADOR_Logo_DentalSolutions_2020_Black.svg","contentUrl":"https:\/\/www.ador-dental.de\/wp-content\/uploads\/2021\/10\/ADOR_Logo_DentalSolutions_2020_Black.svg","width":678,"height":261,"caption":"Ador Dental GmbH"},"image":{"@id":"https:\/\/www.ador-dental.de\/en\/#\/schema\/logo\/image\/"}}]}},"_links":{"self":[{"href":"https:\/\/www.ador-dental.de\/fr\/wp-json\/wp\/v2\/product\/15366","targetHints":{"allow":["GET"]}}],"collection":[{"href":"https:\/\/www.ador-dental.de\/fr\/wp-json\/wp\/v2\/product"}],"about":[{"href":"https:\/\/www.ador-dental.de\/fr\/wp-json\/wp\/v2\/types\/product"}],"replies":[{"embeddable":true,"href":"https:\/\/www.ador-dental.de\/fr\/wp-json\/wp\/v2\/comments?post=15366"}],"version-history":[{"count":17,"href":"https:\/\/www.ador-dental.de\/fr\/wp-json\/wp\/v2\/product\/15366\/revisions"}],"predecessor-version":[{"id":30614,"href":"https:\/\/www.ador-dental.de\/fr\/wp-json\/wp\/v2\/product\/15366\/revisions\/30614"}],"wp:featuredmedia":[{"embeddable":true,"href":"https:\/\/www.ador-dental.de\/fr\/wp-json\/wp\/v2\/media\/29946"}],"wp:attachment":[{"href":"https:\/\/www.ador-dental.de\/fr\/wp-json\/wp\/v2\/media?parent=15366"}],"wp:term":[{"taxonomy":"product_brand","embeddable":true,"href":"https:\/\/www.ador-dental.de\/fr\/wp-json\/wp\/v2\/product_brand?post=15366"},{"taxonomy":"product_cat","embeddable":true,"href":"https:\/\/www.ador-dental.de\/fr\/wp-json\/wp\/v2\/product_cat?post=15366"},{"taxonomy":"product_tag","embeddable":true,"href":"https:\/\/www.ador-dental.de\/fr\/wp-json\/wp\/v2\/product_tag?post=15366"}],"curies":[{"name":"wp","href":"https:\/\/api.w.org\/{rel}","templated":true}]}}