{"id":15326,"date":"2021-01-22T16:11:56","date_gmt":"2021-01-22T15:11:56","guid":{"rendered":"https:\/\/new.ador-edelmetalle.de\/?post_type=product&#038;p=15326"},"modified":"2026-04-02T15:18:58","modified_gmt":"2026-04-02T13:18:58","slug":"mv-r-sinterofen","status":"publish","type":"product","link":"https:\/\/www.ador-dental.de\/fr\/produit\/mv-r-sinterofen\/","title":{"rendered":"Four de frittage mv-r 15A"},"content":{"rendered":"<h4><strong>DE 0 \u00e0 1500 EN 8 MINUTES<\/strong><\/h4>\n<p>La flexibilit\u00e9 est aujourd'hui plus demand\u00e9e que jamais. Les mat\u00e9riaux innovants n\u00e9cessitent des solutions innovantes. Et c'est ainsi que le <strong>MV-R<\/strong> \u00e0 la pointe du progr\u00e8s en mati\u00e8re de frittage pr\u00e9cis des oxydes de zirconium modernes. Le site <strong>MV-R<\/strong> vous offre toute la libert\u00e9 dont vous avez besoin - qu'il s'agisse d'une facette en 30 minutes, de couronnes unitaires en 60 minutes ou d'un bridge implantaire en une nuit - une chose est s\u00fbre, vous dormirez bien \u00e0 l'avenir gr\u00e2ce \u00e0 votre partenaire fiable. Entrez dans une nouvelle \u00e8re d'efficacit\u00e9 !<\/p>\n<p>&nbsp;<\/p>\n<p>- <strong>Extr\u00eamement rapide<\/strong> avec 200\u00b0C \u00e0 la minute<\/p>\n<p>- <strong>Extr\u00eamement \u00e9lev\u00e9<\/strong> avec une temp\u00e9rature de pointe de 1650\u00b0C<\/p>\n<p>- <strong>Haute pr\u00e9cision <\/strong>avec une pr\u00e9cision de +\/- 1\u00b0C \u00e0 1500\u00b0C, refroidissement contr\u00f4l\u00e9 de l'appareil et<br \/>\nrefroidissement lin\u00e9aire<\/p>\n<p>- <strong>Haute TEC<\/strong> gr\u00e2ce \u00e0 une technique de commande de pointe et \u00e0 des \u00e9l\u00e9ments chauffants en disiliciure de molybd\u00e8ne PRO<\/p>\n<p>- <strong>Une flexibilit\u00e9 totale <\/strong>4 modes de frittage avec SPEED-Motion, SPEED-Plus, SPEED et Classic<\/p>\n<p>- <strong>Programmation et utilisation faciles<\/strong> via l'\u00e9cran tactile 7\" et une vue d'ensemble claire<br \/>\nGuidage par menu<\/p>\n<p>- <strong>Au point<\/strong> avec fonction de minuterie, pr\u00e9vision d\u00e9taill\u00e9e de l'appareil par code QR et acc\u00e8s par<br \/>\nInterface USB<\/p>\n<p>&nbsp;<\/p>\n<h3><strong><u>Caract\u00e9ristiques techniques<\/u><\/strong><\/h3>\n<p><u><strong>Syst\u00e8me de chauffage<\/strong><br \/>\n<\/u><strong>mode :<\/strong> Speed Motion, Speed+, Speed, Classic<\/p>\n<p><strong>Temp\u00e9rature max. temp\u00e9rature :<\/strong> 1650\u00b0C<\/p>\n<p><strong>\u00c9l\u00e9ments chauffants :<\/strong> 4x MoSi2<\/p>\n<p><strong>Temps de chauffe le plus court :<\/strong> 8 min \u00e0 1500\u00b0C avec Speed Motion<\/p>\n<p><strong>Type de thermocouple :<\/strong> PtRh-Pt, type S<\/p>\n<p><strong>Pr\u00e9cision de r\u00e9glage \u00e0 1500\u00b0C :<\/strong> +\/-1 \u00b0C<\/p>\n<p><strong>Max. Capacit\u00e9 de la chambre de combustion :<\/strong> 2x bac de frittage D100 x 30mm<\/p>\n<p><strong>Hauteur utile de la chambre de chauffe :<\/strong> 75mm<\/p>\n<p><strong><u>Contr\u00f4le du programme<\/u><\/strong><\/p>\n<p><strong>Temp\u00e9rature max. Augmentation de la temp\u00e9rature :<\/strong> \u00a0\u00a0\u00a0\u00a0\u00a0\u00a0\u00a0 0-900\u00b0C | 200\u00b0C\/ min 901-1200\u00b0C | 150\u00b0C\/ min 1201-1650\u00b0C | 125\u00b0C\/ min<\/p>\n<p><strong>Emplacements des programmes :<\/strong> 200<\/p>\n<p><strong>Niveaux de chauffage\/ refroidissement :<\/strong> 10<\/p>\n<p><strong>Fonctions sp\u00e9ciales :<\/strong>\u00a0 1 Contr\u00f4le de la temp\u00e9rature 2 Nettoyage de la chambre de chauffe 3 R\u00e9g\u00e9n\u00e9ration des \u00e9l\u00e9ments chauffants<\/p>\n<p>&nbsp;<\/p>\n<h3><strong><u>Donn\u00e9es techniques<\/u><\/strong><\/h3>\n<p><strong>Puissance max :<\/strong> 3500 watts<\/p>\n<p><strong>Plage de tension, fr\u00e9quence :<\/strong> 200-240V, 50\/60Hz<\/p>\n<p><strong>Poids :<\/strong> 65kg<\/p>\n<p><strong>Dimensions L\/P\/H :<\/strong> 390\/540\/780mm<\/p>\n<p><strong>Consommation d'\u00e9nergie par cycle de frittage :<\/strong> 1,8 kWh pour SPEED<\/p>","protected":false},"excerpt":{"rendered":"<p>Le MV-R vous offre toute la libert\u00e9 dont vous avez besoin pour le frittage, qu'il s'agisse d'une facette en 30 minutes, de couronnes unitaires en 60 minutes ou d'un bridge d'implants en une nuit !<\/p>\n<p>Livraison gratuite et plateau de frittage suppl\u00e9mentaire !<\/p>\n<p><strong>Prix sur demande\u00a0<\/strong><\/p>\n<p>PRIX DE VENTE CONSEILL\u00c9 11 350,00<\/p>","protected":false},"featured_media":29829,"comment_status":"open","ping_status":"closed","template":"","meta":{"neve_meta_sidebar":"","neve_meta_container":"","neve_meta_enable_content_width":"off","neve_meta_content_width":70,"neve_meta_title_alignment":"","neve_meta_author_avatar":"","neve_post_elements_order":"","neve_meta_disable_header":"","neve_meta_disable_footer":"","neve_meta_disable_title":"","_themeisle_gutenberg_block_has_review":false},"product_brand":[],"product_cat":[1304,440,989],"product_tag":[434],"class_list":{"0":"post-15326","1":"product","2":"type-product","3":"status-publish","4":"has-post-thumbnail","6":"product_cat-mv-r-15a-ofen","7":"product_cat-sinteroefen","8":"product_cat-speedofen-zirkon-mv-r-15a","9":"product_tag-dentalheld","11":"first","12":"instock","13":"taxable","14":"shipping-taxable","15":"product-type-simple"},"yoast_head":"<!-- This site is optimized with the Yoast SEO plugin v27.5 - https:\/\/yoast.com\/product\/yoast-seo-wordpress\/ -->\n<title>Sinterofen mv-r 15A - Ador Dental GmbH<\/title>\n<meta name=\"description\" content=\"Der MV-R bietet Ihnen dabei alle Freiheiten die Sie ben\u00f6tigen - Sie werden durch Ihren zuverl\u00e4ssigem Partner k\u00fcnftig gut schlafen.\" \/>\n<meta name=\"robots\" content=\"index, follow, max-snippet:-1, max-image-preview:large, max-video-preview:-1\" \/>\n<link rel=\"canonical\" href=\"https:\/\/www.ador-dental.de\/fr\/produit\/mv-r-sinterofen\/\" \/>\n<meta property=\"og:locale\" content=\"fr_FR\" \/>\n<meta property=\"og:type\" content=\"article\" \/>\n<meta property=\"og:title\" content=\"Sinterofen mv-r 15A - Ador Dental GmbH\" \/>\n<meta property=\"og:description\" content=\"Der MV-R bietet Ihnen dabei alle Freiheiten die Sie ben\u00f6tigen - Sie werden durch Ihren zuverl\u00e4ssigem Partner k\u00fcnftig gut schlafen.\" \/>\n<meta property=\"og:url\" content=\"https:\/\/www.ador-dental.de\/fr\/produit\/mv-r-sinterofen\/\" \/>\n<meta property=\"og:site_name\" content=\"Ador Dental GmbH\" \/>\n<meta property=\"article:modified_time\" content=\"2026-04-02T13:18:58+00:00\" \/>\n<meta property=\"og:image\" content=\"https:\/\/www.ador-dental.de\/wp-content\/uploads\/2025\/06\/MVR.png\" \/>\n\t<meta property=\"og:image:width\" content=\"1024\" \/>\n\t<meta property=\"og:image:height\" content=\"1024\" \/>\n\t<meta property=\"og:image:type\" content=\"image\/png\" \/>\n<meta name=\"twitter:card\" content=\"summary_large_image\" \/>\n<meta name=\"twitter:label1\" content=\"Dur\u00e9e de lecture estim\u00e9e\" \/>\n\t<meta name=\"twitter:data1\" content=\"2 minutes\" \/>\n<script type=\"application\/ld+json\" class=\"yoast-schema-graph\">{\"@context\":\"https:\\\/\\\/schema.org\",\"@graph\":[{\"@type\":\"WebPage\",\"@id\":\"https:\\\/\\\/www.ador-dental.de\\\/produkt\\\/mv-r-sinterofen\\\/\",\"url\":\"https:\\\/\\\/www.ador-dental.de\\\/produkt\\\/mv-r-sinterofen\\\/\",\"name\":\"Sinterofen mv-r 15A - Ador Dental GmbH\",\"isPartOf\":{\"@id\":\"https:\\\/\\\/www.ador-dental.de\\\/en\\\/#website\"},\"primaryImageOfPage\":{\"@id\":\"https:\\\/\\\/www.ador-dental.de\\\/produkt\\\/mv-r-sinterofen\\\/#primaryimage\"},\"image\":{\"@id\":\"https:\\\/\\\/www.ador-dental.de\\\/produkt\\\/mv-r-sinterofen\\\/#primaryimage\"},\"thumbnailUrl\":\"https:\\\/\\\/www.ador-dental.de\\\/wp-content\\\/uploads\\\/2025\\\/06\\\/MVR.png\",\"datePublished\":\"2021-01-22T15:11:56+00:00\",\"dateModified\":\"2026-04-02T13:18:58+00:00\",\"description\":\"Der MV-R bietet Ihnen dabei alle Freiheiten die Sie ben\u00f6tigen - Sie werden durch Ihren zuverl\u00e4ssigem Partner k\u00fcnftig gut schlafen.\",\"breadcrumb\":{\"@id\":\"https:\\\/\\\/www.ador-dental.de\\\/produkt\\\/mv-r-sinterofen\\\/#breadcrumb\"},\"inLanguage\":\"fr-FR\",\"potentialAction\":[{\"@type\":\"ReadAction\",\"target\":[\"https:\\\/\\\/www.ador-dental.de\\\/produkt\\\/mv-r-sinterofen\\\/\"]}]},{\"@type\":\"ImageObject\",\"inLanguage\":\"fr-FR\",\"@id\":\"https:\\\/\\\/www.ador-dental.de\\\/produkt\\\/mv-r-sinterofen\\\/#primaryimage\",\"url\":\"https:\\\/\\\/www.ador-dental.de\\\/wp-content\\\/uploads\\\/2025\\\/06\\\/MVR.png\",\"contentUrl\":\"https:\\\/\\\/www.ador-dental.de\\\/wp-content\\\/uploads\\\/2025\\\/06\\\/MVR.png\",\"width\":1024,\"height\":1024},{\"@type\":\"BreadcrumbList\",\"@id\":\"https:\\\/\\\/www.ador-dental.de\\\/produkt\\\/mv-r-sinterofen\\\/#breadcrumb\",\"itemListElement\":[{\"@type\":\"ListItem\",\"position\":1,\"name\":\"Startseite\",\"item\":\"https:\\\/\\\/www.ador-dental.de\\\/\"},{\"@type\":\"ListItem\",\"position\":2,\"name\":\"Shop\",\"item\":\"https:\\\/\\\/www.ador-dental.de\\\/en\\\/shop\\\/\"},{\"@type\":\"ListItem\",\"position\":3,\"name\":\"Sinterofen mv-r 15A\"}]},{\"@type\":\"WebSite\",\"@id\":\"https:\\\/\\\/www.ador-dental.de\\\/en\\\/#website\",\"url\":\"https:\\\/\\\/www.ador-dental.de\\\/en\\\/\",\"name\":\"Ador Dental GmbH\",\"description\":\"\",\"publisher\":{\"@id\":\"https:\\\/\\\/www.ador-dental.de\\\/en\\\/#organization\"},\"potentialAction\":[{\"@type\":\"SearchAction\",\"target\":{\"@type\":\"EntryPoint\",\"urlTemplate\":\"https:\\\/\\\/www.ador-dental.de\\\/en\\\/?s={search_term_string}\"},\"query-input\":{\"@type\":\"PropertyValueSpecification\",\"valueRequired\":true,\"valueName\":\"search_term_string\"}}],\"inLanguage\":\"fr-FR\"},{\"@type\":\"Organization\",\"@id\":\"https:\\\/\\\/www.ador-dental.de\\\/en\\\/#organization\",\"name\":\"Ador Dental GmbH\",\"url\":\"https:\\\/\\\/www.ador-dental.de\\\/en\\\/\",\"logo\":{\"@type\":\"ImageObject\",\"inLanguage\":\"fr-FR\",\"@id\":\"https:\\\/\\\/www.ador-dental.de\\\/en\\\/#\\\/schema\\\/logo\\\/image\\\/\",\"url\":\"https:\\\/\\\/www.ador-dental.de\\\/wp-content\\\/uploads\\\/2021\\\/10\\\/ADOR_Logo_DentalSolutions_2020_Black.svg\",\"contentUrl\":\"https:\\\/\\\/www.ador-dental.de\\\/wp-content\\\/uploads\\\/2021\\\/10\\\/ADOR_Logo_DentalSolutions_2020_Black.svg\",\"width\":678,\"height\":261,\"caption\":\"Ador Dental GmbH\"},\"image\":{\"@id\":\"https:\\\/\\\/www.ador-dental.de\\\/en\\\/#\\\/schema\\\/logo\\\/image\\\/\"}}]}<\/script>\n<!-- \/ Yoast SEO plugin. -->","yoast_head_json":{"title":"Sinterofen mv-r 15A - Ador Dental GmbH","description":"Der MV-R bietet Ihnen dabei alle Freiheiten die Sie ben\u00f6tigen - Sie werden durch Ihren zuverl\u00e4ssigem Partner k\u00fcnftig gut schlafen.","robots":{"index":"index","follow":"follow","max-snippet":"max-snippet:-1","max-image-preview":"max-image-preview:large","max-video-preview":"max-video-preview:-1"},"canonical":"https:\/\/www.ador-dental.de\/fr\/produit\/mv-r-sinterofen\/","og_locale":"fr_FR","og_type":"article","og_title":"Sinterofen mv-r 15A - Ador Dental GmbH","og_description":"Der MV-R bietet Ihnen dabei alle Freiheiten die Sie ben\u00f6tigen - Sie werden durch Ihren zuverl\u00e4ssigem Partner k\u00fcnftig gut schlafen.","og_url":"https:\/\/www.ador-dental.de\/fr\/produit\/mv-r-sinterofen\/","og_site_name":"Ador Dental GmbH","article_modified_time":"2026-04-02T13:18:58+00:00","og_image":[{"width":1024,"height":1024,"url":"https:\/\/www.ador-dental.de\/wp-content\/uploads\/2025\/06\/MVR.png","type":"image\/png"}],"twitter_card":"summary_large_image","twitter_misc":{"Dur\u00e9e de lecture estim\u00e9e":"2 minutes"},"schema":{"@context":"https:\/\/schema.org","@graph":[{"@type":"WebPage","@id":"https:\/\/www.ador-dental.de\/produkt\/mv-r-sinterofen\/","url":"https:\/\/www.ador-dental.de\/produkt\/mv-r-sinterofen\/","name":"Sinterofen mv-r 15A - Ador Dental GmbH","isPartOf":{"@id":"https:\/\/www.ador-dental.de\/en\/#website"},"primaryImageOfPage":{"@id":"https:\/\/www.ador-dental.de\/produkt\/mv-r-sinterofen\/#primaryimage"},"image":{"@id":"https:\/\/www.ador-dental.de\/produkt\/mv-r-sinterofen\/#primaryimage"},"thumbnailUrl":"https:\/\/www.ador-dental.de\/wp-content\/uploads\/2025\/06\/MVR.png","datePublished":"2021-01-22T15:11:56+00:00","dateModified":"2026-04-02T13:18:58+00:00","description":"Der MV-R bietet Ihnen dabei alle Freiheiten die Sie ben\u00f6tigen - Sie werden durch Ihren zuverl\u00e4ssigem Partner k\u00fcnftig gut schlafen.","breadcrumb":{"@id":"https:\/\/www.ador-dental.de\/produkt\/mv-r-sinterofen\/#breadcrumb"},"inLanguage":"fr-FR","potentialAction":[{"@type":"ReadAction","target":["https:\/\/www.ador-dental.de\/produkt\/mv-r-sinterofen\/"]}]},{"@type":"ImageObject","inLanguage":"fr-FR","@id":"https:\/\/www.ador-dental.de\/produkt\/mv-r-sinterofen\/#primaryimage","url":"https:\/\/www.ador-dental.de\/wp-content\/uploads\/2025\/06\/MVR.png","contentUrl":"https:\/\/www.ador-dental.de\/wp-content\/uploads\/2025\/06\/MVR.png","width":1024,"height":1024},{"@type":"BreadcrumbList","@id":"https:\/\/www.ador-dental.de\/produkt\/mv-r-sinterofen\/#breadcrumb","itemListElement":[{"@type":"ListItem","position":1,"name":"Startseite","item":"https:\/\/www.ador-dental.de\/"},{"@type":"ListItem","position":2,"name":"Shop","item":"https:\/\/www.ador-dental.de\/en\/shop\/"},{"@type":"ListItem","position":3,"name":"Sinterofen mv-r 15A"}]},{"@type":"WebSite","@id":"https:\/\/www.ador-dental.de\/en\/#website","url":"https:\/\/www.ador-dental.de\/en\/","name":"Ador Dental GmbH","description":"","publisher":{"@id":"https:\/\/www.ador-dental.de\/en\/#organization"},"potentialAction":[{"@type":"SearchAction","target":{"@type":"EntryPoint","urlTemplate":"https:\/\/www.ador-dental.de\/en\/?s={search_term_string}"},"query-input":{"@type":"PropertyValueSpecification","valueRequired":true,"valueName":"search_term_string"}}],"inLanguage":"fr-FR"},{"@type":"Organization","@id":"https:\/\/www.ador-dental.de\/en\/#organization","name":"Ador Dental GmbH","url":"https:\/\/www.ador-dental.de\/en\/","logo":{"@type":"ImageObject","inLanguage":"fr-FR","@id":"https:\/\/www.ador-dental.de\/en\/#\/schema\/logo\/image\/","url":"https:\/\/www.ador-dental.de\/wp-content\/uploads\/2021\/10\/ADOR_Logo_DentalSolutions_2020_Black.svg","contentUrl":"https:\/\/www.ador-dental.de\/wp-content\/uploads\/2021\/10\/ADOR_Logo_DentalSolutions_2020_Black.svg","width":678,"height":261,"caption":"Ador Dental GmbH"},"image":{"@id":"https:\/\/www.ador-dental.de\/en\/#\/schema\/logo\/image\/"}}]}},"_links":{"self":[{"href":"https:\/\/www.ador-dental.de\/fr\/wp-json\/wp\/v2\/product\/15326","targetHints":{"allow":["GET"]}}],"collection":[{"href":"https:\/\/www.ador-dental.de\/fr\/wp-json\/wp\/v2\/product"}],"about":[{"href":"https:\/\/www.ador-dental.de\/fr\/wp-json\/wp\/v2\/types\/product"}],"replies":[{"embeddable":true,"href":"https:\/\/www.ador-dental.de\/fr\/wp-json\/wp\/v2\/comments?post=15326"}],"version-history":[{"count":10,"href":"https:\/\/www.ador-dental.de\/fr\/wp-json\/wp\/v2\/product\/15326\/revisions"}],"predecessor-version":[{"id":29762,"href":"https:\/\/www.ador-dental.de\/fr\/wp-json\/wp\/v2\/product\/15326\/revisions\/29762"}],"wp:featuredmedia":[{"embeddable":true,"href":"https:\/\/www.ador-dental.de\/fr\/wp-json\/wp\/v2\/media\/29829"}],"wp:attachment":[{"href":"https:\/\/www.ador-dental.de\/fr\/wp-json\/wp\/v2\/media?parent=15326"}],"wp:term":[{"taxonomy":"product_brand","embeddable":true,"href":"https:\/\/www.ador-dental.de\/fr\/wp-json\/wp\/v2\/product_brand?post=15326"},{"taxonomy":"product_cat","embeddable":true,"href":"https:\/\/www.ador-dental.de\/fr\/wp-json\/wp\/v2\/product_cat?post=15326"},{"taxonomy":"product_tag","embeddable":true,"href":"https:\/\/www.ador-dental.de\/fr\/wp-json\/wp\/v2\/product_tag?post=15326"}],"curies":[{"name":"wp","href":"https:\/\/api.w.org\/{rel}","templated":true}]}}