{"id":15294,"date":"2021-01-18T16:25:42","date_gmt":"2021-01-18T15:25:42","guid":{"rendered":"https:\/\/new.ador-edelmetalle.de\/?post_type=product&#038;p=15294"},"modified":"2025-10-27T09:49:40","modified_gmt":"2025-10-27T08:49:40","slug":"comfortclean-dual-tank-wascheinheit","status":"publish","type":"product","link":"https:\/\/www.ador-dental.de\/fr\/produit\/comfortclean-dual-tank-wascheinheit\/","title":{"rendered":"Comfort Clean - Unit\u00e9 de lavage \u00e0 double r\u00e9servoir pour les objets imprim\u00e9s en 3D"},"content":{"rendered":"<p>ComfortClean - Unit\u00e9 de lavage \u00e0 double r\u00e9servoir pour les objets imprim\u00e9s en 3D<\/p>\n<p><strong>PROPRE ET SIMPLE - DIRECTEMENT DE L'IMPRIMANTE \u00c0 L'UNIT\u00c9 DE NETTOYAGE <\/strong><\/p>\n<p>Les r\u00e9sidus de r\u00e9sine non durcie doivent \u00eatre \u00e9limin\u00e9s apr\u00e8s l'impression.<\/p>\n<p>Lors de la manipulation avec des m\u00e9thodes de nettoyage classiques, il est difficile d'\u00e9viter le contact avec les r\u00e9sines collantes et irritantes sur les mains et les surfaces de travail. <strong>ComfortClean<\/strong> permet d\u00e8s \u00e0 pr\u00e9sent une manipulation confortable et propre.<\/p>\n<p>Au cours du processus de nettoyage en deux \u00e9tapes, les 90% efficaces \u00e9liminent les r\u00e9sidus de r\u00e9sine des objets et de la plateforme d'impression.<\/p>\n<p>Imm\u00e9diatement apr\u00e8s l'impression, la plateforme compl\u00e8te est plac\u00e9e dans le premier bac de lavage et les exc\u00e9dents de r\u00e9sine sont rinc\u00e9s en quelques minutes. Il suffit de r\u00e9p\u00e9ter l'\u00e9tape dans le deuxi\u00e8me r\u00e9cipient pour que l'alcool absorbe finalement les derniers r\u00e9sidus de r\u00e9sine.<\/p>\n<p><strong>ComfortClean<\/strong> travaille en douceur, silencieusement et efficacement. Le retrait des objets imprim\u00e9s de la plateforme de construction se fait ensuite sans effort et surtout proprement.<\/p>\n<ul>\n<li>Manipulation propre et facile et moins de contact avec les r\u00e9sines collantes<\/li>\n<li>Lavage d'objets individuellement ou compl\u00e8tement avec la plateforme de construction<\/li>\n<li>Le processus en deux \u00e9tapes \u00e9limine facilement 90% des r\u00e9sidus<\/li>\n<li>Surface plus lisse et plus pr\u00e9cise des objets imprim\u00e9s<\/li>\n<li>Nettoyage rapide et en douceur, m\u00eame pour les composants sensibles<\/li>\n<li>Commande tactile pour la s\u00e9lection du temps et du r\u00e9cipient<\/li>\n<\/ul>\n<p>&nbsp;<\/p>\n<p><strong>Caract\u00e9ristiques &amp; donn\u00e9es techniques<\/strong><\/p>\n<ul>\n<li>R\u00e9cipients de lavage robustes et amovibles pouvant contenir chacun 2 litres d'alcool<\/li>\n<li>Choix du r\u00e9cipient et du temps 3, 5 et 10 minutes<\/li>\n<li>Technologie de tourbillon efficace avec rotation automatique droite-gauche<\/li>\n<li>Adaptateur pour plateformes d'impression jusqu'\u00e0 18\u00d79 cm (LxP) max.<\/li>\n<li>Bo\u00eetier en plastique robuste et facile \u00e0 nettoyer<\/li>\n<li>Couleur : noir mat<\/li>\n<li>Taille : 25x25x38cm (LxPxH)<\/li>\n<li>Poids : 3kg (sans alcool)<\/li>\n<li>Consommation \u00e9lectrique : 48 watts<\/li>\n<li>Tension : AC 100-240V, 50\/60 Hz<\/li>\n<\/ul>\n<p>&nbsp;<\/p>\n<p><strong>Contenu de la livraison <\/strong><\/p>\n<p>1x unit\u00e9 de base avec commande tactile<\/p>\n<p>2x corbeilles \u00e0 objets<\/p>\n<p>2x bacs de lavage<\/p>\n<p>2x adaptateurs universels pour plateformes d'impression max 18x9cm<\/p>\n<p>1x bloc d'alimentation<\/p>","protected":false},"excerpt":{"rendered":"<p>Unit\u00e9 de lavage pour objets imprim\u00e9s en 3D avec deux chambres de nettoyage - nettoyage doux, silencieux et efficace garanti !<\/p>\n<p>- Produit de fin de s\u00e9rie -<\/p>","protected":false},"featured_media":15319,"comment_status":"open","ping_status":"closed","template":"","meta":{"neve_meta_sidebar":"","neve_meta_container":"","neve_meta_enable_content_width":"off","neve_meta_content_width":70,"neve_meta_title_alignment":"","neve_meta_author_avatar":"","neve_post_elements_order":"","neve_meta_disable_header":"","neve_meta_disable_footer":"","neve_meta_disable_title":"","_themeisle_gutenberg_block_has_review":false},"product_brand":[],"product_cat":[212,439,378],"product_tag":[434],"class_list":{"0":"post-15294","1":"product","2":"type-product","3":"status-publish","4":"has-post-thumbnail","6":"product_cat-adorprint","7":"product_cat-ultraschallreiniger","8":"product_cat-zusatzprodukte-3d-drucker-3d-druck","9":"product_tag-dentalheld","11":"first","12":"instock","13":"sale","14":"taxable","15":"shipping-taxable","16":"purchasable","17":"product-type-simple"},"yoast_head":"<!-- This site is optimized with the Yoast SEO plugin v27.4 - https:\/\/yoast.com\/product\/yoast-seo-wordpress\/ -->\n<title>Comfort Clean - Dualtank Wascheinheit f\u00fcr 3D-Druckobjekte - Ador Dental GmbH<\/title>\n<meta name=\"description\" content=\"Diese Dualtank Wascheinheit ComfortClean erm\u00f6glicht ab sofort ein bequemes und sauberes Handling von detailreichen 3D-Druckobjekten.\" \/>\n<meta name=\"robots\" content=\"index, follow, max-snippet:-1, max-image-preview:large, max-video-preview:-1\" \/>\n<link rel=\"canonical\" href=\"https:\/\/www.ador-dental.de\/fr\/produit\/comfortclean-dual-tank-wascheinheit\/\" \/>\n<meta property=\"og:locale\" content=\"fr_FR\" \/>\n<meta property=\"og:type\" content=\"article\" \/>\n<meta property=\"og:title\" content=\"Comfort Clean - Dualtank Wascheinheit f\u00fcr 3D-Druckobjekte - Ador Dental GmbH\" \/>\n<meta property=\"og:description\" content=\"Diese Dualtank Wascheinheit ComfortClean erm\u00f6glicht ab sofort ein bequemes und sauberes Handling von detailreichen 3D-Druckobjekten.\" \/>\n<meta property=\"og:url\" content=\"https:\/\/www.ador-dental.de\/fr\/produit\/comfortclean-dual-tank-wascheinheit\/\" \/>\n<meta property=\"og:site_name\" content=\"Ador Dental GmbH\" \/>\n<meta property=\"article:modified_time\" content=\"2025-10-27T08:49:40+00:00\" \/>\n<meta property=\"og:image\" content=\"https:\/\/www.ador-dental.de\/wp-content\/uploads\/2021\/01\/Twin-Tornado-Produktbild.jpg\" \/>\n\t<meta property=\"og:image:width\" content=\"1092\" \/>\n\t<meta property=\"og:image:height\" content=\"1092\" \/>\n\t<meta property=\"og:image:type\" content=\"image\/jpeg\" \/>\n<meta name=\"twitter:card\" content=\"summary_large_image\" \/>\n<meta name=\"twitter:label1\" content=\"Dur\u00e9e de lecture estim\u00e9e\" \/>\n\t<meta name=\"twitter:data1\" content=\"2 minutes\" \/>\n<script type=\"application\/ld+json\" class=\"yoast-schema-graph\">{\"@context\":\"https:\\\/\\\/schema.org\",\"@graph\":[{\"@type\":\"WebPage\",\"@id\":\"https:\\\/\\\/www.ador-dental.de\\\/produkt\\\/comfortclean-dual-tank-wascheinheit\\\/\",\"url\":\"https:\\\/\\\/www.ador-dental.de\\\/produkt\\\/comfortclean-dual-tank-wascheinheit\\\/\",\"name\":\"Comfort Clean - Dualtank Wascheinheit f\u00fcr 3D-Druckobjekte - Ador Dental GmbH\",\"isPartOf\":{\"@id\":\"https:\\\/\\\/www.ador-dental.de\\\/en\\\/#website\"},\"primaryImageOfPage\":{\"@id\":\"https:\\\/\\\/www.ador-dental.de\\\/produkt\\\/comfortclean-dual-tank-wascheinheit\\\/#primaryimage\"},\"image\":{\"@id\":\"https:\\\/\\\/www.ador-dental.de\\\/produkt\\\/comfortclean-dual-tank-wascheinheit\\\/#primaryimage\"},\"thumbnailUrl\":\"https:\\\/\\\/www.ador-dental.de\\\/wp-content\\\/uploads\\\/2021\\\/01\\\/Twin-Tornado-Produktbild.jpg\",\"datePublished\":\"2021-01-18T15:25:42+00:00\",\"dateModified\":\"2025-10-27T08:49:40+00:00\",\"description\":\"Diese Dualtank Wascheinheit ComfortClean erm\u00f6glicht ab sofort ein bequemes und sauberes Handling von detailreichen 3D-Druckobjekten.\",\"breadcrumb\":{\"@id\":\"https:\\\/\\\/www.ador-dental.de\\\/produkt\\\/comfortclean-dual-tank-wascheinheit\\\/#breadcrumb\"},\"inLanguage\":\"fr-FR\",\"potentialAction\":[{\"@type\":\"ReadAction\",\"target\":[\"https:\\\/\\\/www.ador-dental.de\\\/produkt\\\/comfortclean-dual-tank-wascheinheit\\\/\"]}]},{\"@type\":\"ImageObject\",\"inLanguage\":\"fr-FR\",\"@id\":\"https:\\\/\\\/www.ador-dental.de\\\/produkt\\\/comfortclean-dual-tank-wascheinheit\\\/#primaryimage\",\"url\":\"https:\\\/\\\/www.ador-dental.de\\\/wp-content\\\/uploads\\\/2021\\\/01\\\/Twin-Tornado-Produktbild.jpg\",\"contentUrl\":\"https:\\\/\\\/www.ador-dental.de\\\/wp-content\\\/uploads\\\/2021\\\/01\\\/Twin-Tornado-Produktbild.jpg\",\"width\":1092,\"height\":1092,\"caption\":\"ComfortClean \u2013 Dualtank Wascheinheit f\u00fcr 3D-Druckobjekte\"},{\"@type\":\"BreadcrumbList\",\"@id\":\"https:\\\/\\\/www.ador-dental.de\\\/produkt\\\/comfortclean-dual-tank-wascheinheit\\\/#breadcrumb\",\"itemListElement\":[{\"@type\":\"ListItem\",\"position\":1,\"name\":\"Startseite\",\"item\":\"https:\\\/\\\/www.ador-dental.de\\\/\"},{\"@type\":\"ListItem\",\"position\":2,\"name\":\"Shop\",\"item\":\"https:\\\/\\\/www.ador-dental.de\\\/en\\\/shop\\\/\"},{\"@type\":\"ListItem\",\"position\":3,\"name\":\"Comfort Clean &#8211; Dualtank Wascheinheit f\u00fcr 3D-Druckobjekte\"}]},{\"@type\":\"WebSite\",\"@id\":\"https:\\\/\\\/www.ador-dental.de\\\/en\\\/#website\",\"url\":\"https:\\\/\\\/www.ador-dental.de\\\/en\\\/\",\"name\":\"Ador Dental GmbH\",\"description\":\"\",\"publisher\":{\"@id\":\"https:\\\/\\\/www.ador-dental.de\\\/en\\\/#organization\"},\"potentialAction\":[{\"@type\":\"SearchAction\",\"target\":{\"@type\":\"EntryPoint\",\"urlTemplate\":\"https:\\\/\\\/www.ador-dental.de\\\/en\\\/?s={search_term_string}\"},\"query-input\":{\"@type\":\"PropertyValueSpecification\",\"valueRequired\":true,\"valueName\":\"search_term_string\"}}],\"inLanguage\":\"fr-FR\"},{\"@type\":\"Organization\",\"@id\":\"https:\\\/\\\/www.ador-dental.de\\\/en\\\/#organization\",\"name\":\"Ador Dental GmbH\",\"url\":\"https:\\\/\\\/www.ador-dental.de\\\/en\\\/\",\"logo\":{\"@type\":\"ImageObject\",\"inLanguage\":\"fr-FR\",\"@id\":\"https:\\\/\\\/www.ador-dental.de\\\/en\\\/#\\\/schema\\\/logo\\\/image\\\/\",\"url\":\"https:\\\/\\\/www.ador-dental.de\\\/wp-content\\\/uploads\\\/2021\\\/10\\\/ADOR_Logo_DentalSolutions_2020_Black.svg\",\"contentUrl\":\"https:\\\/\\\/www.ador-dental.de\\\/wp-content\\\/uploads\\\/2021\\\/10\\\/ADOR_Logo_DentalSolutions_2020_Black.svg\",\"width\":678,\"height\":261,\"caption\":\"Ador Dental GmbH\"},\"image\":{\"@id\":\"https:\\\/\\\/www.ador-dental.de\\\/en\\\/#\\\/schema\\\/logo\\\/image\\\/\"}}]}<\/script>\n<!-- \/ Yoast SEO plugin. -->","yoast_head_json":{"title":"Comfort Clean - Dualtank Wascheinheit f\u00fcr 3D-Druckobjekte - Ador Dental GmbH","description":"Diese Dualtank Wascheinheit ComfortClean erm\u00f6glicht ab sofort ein bequemes und sauberes Handling von detailreichen 3D-Druckobjekten.","robots":{"index":"index","follow":"follow","max-snippet":"max-snippet:-1","max-image-preview":"max-image-preview:large","max-video-preview":"max-video-preview:-1"},"canonical":"https:\/\/www.ador-dental.de\/fr\/produit\/comfortclean-dual-tank-wascheinheit\/","og_locale":"fr_FR","og_type":"article","og_title":"Comfort Clean - Dualtank Wascheinheit f\u00fcr 3D-Druckobjekte - Ador Dental GmbH","og_description":"Diese Dualtank Wascheinheit ComfortClean erm\u00f6glicht ab sofort ein bequemes und sauberes Handling von detailreichen 3D-Druckobjekten.","og_url":"https:\/\/www.ador-dental.de\/fr\/produit\/comfortclean-dual-tank-wascheinheit\/","og_site_name":"Ador Dental GmbH","article_modified_time":"2025-10-27T08:49:40+00:00","og_image":[{"width":1092,"height":1092,"url":"https:\/\/www.ador-dental.de\/wp-content\/uploads\/2021\/01\/Twin-Tornado-Produktbild.jpg","type":"image\/jpeg"}],"twitter_card":"summary_large_image","twitter_misc":{"Dur\u00e9e de lecture estim\u00e9e":"2 minutes"},"schema":{"@context":"https:\/\/schema.org","@graph":[{"@type":"WebPage","@id":"https:\/\/www.ador-dental.de\/produkt\/comfortclean-dual-tank-wascheinheit\/","url":"https:\/\/www.ador-dental.de\/produkt\/comfortclean-dual-tank-wascheinheit\/","name":"Comfort Clean - Dualtank Wascheinheit f\u00fcr 3D-Druckobjekte - Ador Dental GmbH","isPartOf":{"@id":"https:\/\/www.ador-dental.de\/en\/#website"},"primaryImageOfPage":{"@id":"https:\/\/www.ador-dental.de\/produkt\/comfortclean-dual-tank-wascheinheit\/#primaryimage"},"image":{"@id":"https:\/\/www.ador-dental.de\/produkt\/comfortclean-dual-tank-wascheinheit\/#primaryimage"},"thumbnailUrl":"https:\/\/www.ador-dental.de\/wp-content\/uploads\/2021\/01\/Twin-Tornado-Produktbild.jpg","datePublished":"2021-01-18T15:25:42+00:00","dateModified":"2025-10-27T08:49:40+00:00","description":"Diese Dualtank Wascheinheit ComfortClean erm\u00f6glicht ab sofort ein bequemes und sauberes Handling von detailreichen 3D-Druckobjekten.","breadcrumb":{"@id":"https:\/\/www.ador-dental.de\/produkt\/comfortclean-dual-tank-wascheinheit\/#breadcrumb"},"inLanguage":"fr-FR","potentialAction":[{"@type":"ReadAction","target":["https:\/\/www.ador-dental.de\/produkt\/comfortclean-dual-tank-wascheinheit\/"]}]},{"@type":"ImageObject","inLanguage":"fr-FR","@id":"https:\/\/www.ador-dental.de\/produkt\/comfortclean-dual-tank-wascheinheit\/#primaryimage","url":"https:\/\/www.ador-dental.de\/wp-content\/uploads\/2021\/01\/Twin-Tornado-Produktbild.jpg","contentUrl":"https:\/\/www.ador-dental.de\/wp-content\/uploads\/2021\/01\/Twin-Tornado-Produktbild.jpg","width":1092,"height":1092,"caption":"ComfortClean \u2013 Dualtank Wascheinheit f\u00fcr 3D-Druckobjekte"},{"@type":"BreadcrumbList","@id":"https:\/\/www.ador-dental.de\/produkt\/comfortclean-dual-tank-wascheinheit\/#breadcrumb","itemListElement":[{"@type":"ListItem","position":1,"name":"Startseite","item":"https:\/\/www.ador-dental.de\/"},{"@type":"ListItem","position":2,"name":"Shop","item":"https:\/\/www.ador-dental.de\/en\/shop\/"},{"@type":"ListItem","position":3,"name":"Comfort Clean &#8211; Dualtank Wascheinheit f\u00fcr 3D-Druckobjekte"}]},{"@type":"WebSite","@id":"https:\/\/www.ador-dental.de\/en\/#website","url":"https:\/\/www.ador-dental.de\/en\/","name":"Ador Dental GmbH","description":"","publisher":{"@id":"https:\/\/www.ador-dental.de\/en\/#organization"},"potentialAction":[{"@type":"SearchAction","target":{"@type":"EntryPoint","urlTemplate":"https:\/\/www.ador-dental.de\/en\/?s={search_term_string}"},"query-input":{"@type":"PropertyValueSpecification","valueRequired":true,"valueName":"search_term_string"}}],"inLanguage":"fr-FR"},{"@type":"Organization","@id":"https:\/\/www.ador-dental.de\/en\/#organization","name":"Ador Dental GmbH","url":"https:\/\/www.ador-dental.de\/en\/","logo":{"@type":"ImageObject","inLanguage":"fr-FR","@id":"https:\/\/www.ador-dental.de\/en\/#\/schema\/logo\/image\/","url":"https:\/\/www.ador-dental.de\/wp-content\/uploads\/2021\/10\/ADOR_Logo_DentalSolutions_2020_Black.svg","contentUrl":"https:\/\/www.ador-dental.de\/wp-content\/uploads\/2021\/10\/ADOR_Logo_DentalSolutions_2020_Black.svg","width":678,"height":261,"caption":"Ador Dental GmbH"},"image":{"@id":"https:\/\/www.ador-dental.de\/en\/#\/schema\/logo\/image\/"}}]}},"_links":{"self":[{"href":"https:\/\/www.ador-dental.de\/fr\/wp-json\/wp\/v2\/product\/15294","targetHints":{"allow":["GET"]}}],"collection":[{"href":"https:\/\/www.ador-dental.de\/fr\/wp-json\/wp\/v2\/product"}],"about":[{"href":"https:\/\/www.ador-dental.de\/fr\/wp-json\/wp\/v2\/types\/product"}],"replies":[{"embeddable":true,"href":"https:\/\/www.ador-dental.de\/fr\/wp-json\/wp\/v2\/comments?post=15294"}],"version-history":[{"count":8,"href":"https:\/\/www.ador-dental.de\/fr\/wp-json\/wp\/v2\/product\/15294\/revisions"}],"predecessor-version":[{"id":29045,"href":"https:\/\/www.ador-dental.de\/fr\/wp-json\/wp\/v2\/product\/15294\/revisions\/29045"}],"wp:featuredmedia":[{"embeddable":true,"href":"https:\/\/www.ador-dental.de\/fr\/wp-json\/wp\/v2\/media\/15319"}],"wp:attachment":[{"href":"https:\/\/www.ador-dental.de\/fr\/wp-json\/wp\/v2\/media?parent=15294"}],"wp:term":[{"taxonomy":"product_brand","embeddable":true,"href":"https:\/\/www.ador-dental.de\/fr\/wp-json\/wp\/v2\/product_brand?post=15294"},{"taxonomy":"product_cat","embeddable":true,"href":"https:\/\/www.ador-dental.de\/fr\/wp-json\/wp\/v2\/product_cat?post=15294"},{"taxonomy":"product_tag","embeddable":true,"href":"https:\/\/www.ador-dental.de\/fr\/wp-json\/wp\/v2\/product_tag?post=15294"}],"curies":[{"name":"wp","href":"https:\/\/api.w.org\/{rel}","templated":true}]}}