{"id":13513,"date":"2020-10-08T09:05:35","date_gmt":"2020-10-08T07:05:35","guid":{"rendered":"https:\/\/new.ador-edelmetalle.de\/?post_type=product&#038;p=13513"},"modified":"2024-06-03T08:18:18","modified_gmt":"2024-06-03T06:18:18","slug":"keyprint-keysplint-soft","status":"publish","type":"product","link":"https:\/\/www.ador-dental.de\/fr\/produit\/keyprint-keysplint-soft\/","title":{"rendered":"KeyPrint KeySplint Soft 500g\/1Kg"},"content":{"rendered":"<p><strong>&gt;&gt;&gt;\u00a0<a  data-e-disable-page-transition=\"true\" class=\"download-link\" title=\"\" href=\"https:\/\/www.ador-dental.de\/fr\/download\/13520\/?tmstv=1777585427\" rel=\"nofollow\" id=\"download-link-13520\" data-redirect=\"false\" >\n\tConseils d'entretien KeySplintSoft<\/a>\n<\/strong><br \/>\n<strong>&gt;&gt;&gt; <a  data-e-disable-page-transition=\"true\" class=\"download-link\" title=\"\" href=\"https:\/\/www.ador-dental.de\/fr\/download\/13523\/?tmstv=1777585427\" rel=\"nofollow\" id=\"download-link-13523\" data-redirect=\"false\" >\n\tGuide de polissage Keysplint Soft<\/a>\n<\/strong><br \/>\n<strong>&gt;&gt;&gt; <a  data-e-disable-page-transition=\"true\" class=\"download-link\" title=\"\" href=\"https:\/\/www.ador-dental.de\/fr\/download\/13526\/?tmstv=1777585427\" rel=\"nofollow\" id=\"download-link-13526\" data-redirect=\"false\" >\n\tKeySplint Soft donn\u00e9es techniques<\/a>\n<\/strong><br \/>\n<strong>&gt;&gt;&gt; <a  data-e-disable-page-transition=\"true\" class=\"download-link\" title=\"\" href=\"https:\/\/www.ador-dental.de\/fr\/download\/13529\/?tmstv=1777585427\" rel=\"nofollow\" id=\"download-link-13529\" data-redirect=\"false\" >\n\tKeySplint Soft Instructions de traitement Impression 3D<\/a>\n<br \/>\n&gt;&gt;&gt; <a  data-e-disable-page-transition=\"true\" class=\"download-link\" title=\"\" href=\"https:\/\/www.ador-dental.de\/fr\/download\/13532\/?tmstv=1777585427\" rel=\"nofollow\" id=\"download-link-13532\" data-redirect=\"false\" >\n\tKeySplint Soft Fiche de donn\u00e9es de s\u00e9curit\u00e9<\/a>\n<\/strong><\/p>\n<p>KeySplint Soft est un mat\u00e9riau biocompatible qui r\u00e9pond \u00e0 toutes les normes internationales en mati\u00e8re de dispositifs m\u00e9dicaux. La formulation robuste de la r\u00e9sine garantit une dur\u00e9e de vie du produit de 3 ans, une grande stabilit\u00e9 des couleurs et est compatible avec un grand nombre de syst\u00e8mes d'impression ouverts. Actuellement, aucun autre mat\u00e9riau de greffon dentaire n'offre la qualit\u00e9 et les performances de KeySplint Soft.<br \/>\nLa formulation en attente de brevet de Keystone Industries est une r\u00e9sine 3D unique pour la fabrication de goutti\u00e8res occlusales et grin\u00e7antes flexibles. Optimis\u00e9e pour la technique DLP, elle est un excellent mat\u00e9riau pour l'impression 3D. Elle combine une r\u00e9sistance suffisante pour absorber les forces du bruxisme, tout en \u00e9tant suffisamment flexible pour garantir un port confortable pour les patients. KeySplint Soft convient \u00e0 la fabrication de dispositifs dentaires orthodontiques tels que plaques occlusales, prot\u00e8ge-dents, goutti\u00e8res occlusales, dispositifs anti-ronflement, goutti\u00e8res g\u00e9n\u00e9rales et goutti\u00e8res aligneurs.<\/p>\n<p>&nbsp;<\/p>\n<p><strong>Indications :<br \/>\n<\/strong>goutti\u00e8res occlusales flexibles<br \/>\nProt\u00e8ge-dents de sport<br \/>\nBarres de transfert KFO \/ Indirect-Bonding-Trays (IBT)<br \/>\nDispositif m\u00e9dical de classe 2A, biocompatible<\/p>\n<p><strong>Forme de livraison :<br \/>\n<\/strong>Bouteille de 500 g ou 1000 g<br \/>\ncouleur : transparent-violet clair<\/p>\n<p><strong>Propri\u00e9t\u00e9s physiques :<br \/>\n<\/strong>Longueur d'onde 385-405 nm<br \/>\nDuret\u00e9 Shore : 82 (\u00e9chelle D)<br \/>\nSolubilit\u00e9 : 4.5 \u00b5g\/mm\u00b3<br \/>\nAbsorption d'eau : 18 \u00b5g\/mm\u00b3<br \/>\nModule d'\u00e9lasticit\u00e9 : 1356 MPa (ASTM D790)<br \/>\nR\u00e9sistance \u00e0 la flexion : 2,6-4,4 Mpa (ISO20795-2)<\/p>","protected":false},"excerpt":{"rendered":"<div class=\"custom__item custom__item--1492033924902-0 one-whole align--top-middle\">\n<div class=\"custom__item-inner custom__item-inner--text\">\n<div class=\"medium-up--text-left\">\n<p style=\"text-align: center;\"><strong>Contenu de la livraison :<\/strong><br \/>\nBouteille de 500 g ou 1000 g<br \/>\ncouleur : transparent-violet clair<\/p>\n<p style=\"text-align: center;\">KeySplint SoftTM convient \u00e0 la fabrication de dispositifs dentaires orthodontiques tels que plaques occlusales, prot\u00e8ge-dents, goutti\u00e8res occlusales, dispositifs anti-ronflement, goutti\u00e8res g\u00e9n\u00e9rales et goutti\u00e8res aligneurs.<\/p>\n<\/div>\n<\/div>\n<\/div>","protected":false},"featured_media":26913,"comment_status":"open","ping_status":"closed","template":"","meta":{"neve_meta_sidebar":"","neve_meta_container":"","neve_meta_enable_content_width":"off","neve_meta_content_width":70,"neve_meta_title_alignment":"","neve_meta_author_avatar":"","neve_post_elements_order":"","neve_meta_disable_header":"","neve_meta_disable_footer":"","neve_meta_disable_title":"","_themeisle_gutenberg_block_has_review":false},"product_brand":[],"product_cat":[212,1112,432],"product_tag":[434],"class_list":{"0":"post-13513","1":"product","2":"type-product","3":"status-publish","4":"has-post-thumbnail","6":"product_cat-adorprint","7":"product_cat-keystone","8":"product_cat-resine","9":"product_tag-dentalheld","11":"first","12":"instock","13":"taxable","14":"shipping-taxable","15":"purchasable","16":"product-type-variable"},"yoast_head":"<!-- This site is optimized with the Yoast SEO plugin v27.4 - https:\/\/yoast.com\/product\/yoast-seo-wordpress\/ -->\n<title>KeyPrint KeySplint Soft 500g\/1Kg - Ador Dental GmbH<\/title>\n<meta name=\"description\" content=\"KeySplint Soft ist ein biokompatibles Material welches alle internationalen Medizinproduktstandards erf\u00fcllt und eine Haltbarkeit von 3 Jahren garantiert.\" \/>\n<meta name=\"robots\" content=\"index, follow, max-snippet:-1, max-image-preview:large, max-video-preview:-1\" \/>\n<link rel=\"canonical\" href=\"https:\/\/www.ador-dental.de\/fr\/produit\/keyprint-keysplint-soft\/\" \/>\n<meta property=\"og:locale\" content=\"fr_FR\" \/>\n<meta property=\"og:type\" content=\"article\" \/>\n<meta property=\"og:title\" content=\"KeyPrint KeySplint Soft 500g\/1Kg - Ador Dental GmbH\" \/>\n<meta property=\"og:description\" content=\"KeySplint Soft ist ein biokompatibles Material welches alle internationalen Medizinproduktstandards erf\u00fcllt und eine Haltbarkeit von 3 Jahren garantiert.\" \/>\n<meta property=\"og:url\" content=\"https:\/\/www.ador-dental.de\/fr\/produit\/keyprint-keysplint-soft\/\" \/>\n<meta property=\"og:site_name\" content=\"Ador Dental GmbH\" \/>\n<meta property=\"article:modified_time\" content=\"2024-06-03T06:18:18+00:00\" \/>\n<meta property=\"og:image\" content=\"https:\/\/www.ador-dental.de\/wp-content\/uploads\/2020\/10\/KeySplint-Soft-Produktbild.png\" \/>\n\t<meta property=\"og:image:width\" content=\"1024\" \/>\n\t<meta property=\"og:image:height\" content=\"1024\" \/>\n\t<meta property=\"og:image:type\" content=\"image\/png\" \/>\n<meta name=\"twitter:card\" content=\"summary_large_image\" \/>\n<meta name=\"twitter:label1\" content=\"Dur\u00e9e de lecture estim\u00e9e\" \/>\n\t<meta name=\"twitter:data1\" content=\"1 minute\" \/>\n<script type=\"application\/ld+json\" class=\"yoast-schema-graph\">{\"@context\":\"https:\\\/\\\/schema.org\",\"@graph\":[{\"@type\":\"WebPage\",\"@id\":\"https:\\\/\\\/www.ador-dental.de\\\/produkt\\\/keyprint-keysplint-soft\\\/\",\"url\":\"https:\\\/\\\/www.ador-dental.de\\\/produkt\\\/keyprint-keysplint-soft\\\/\",\"name\":\"KeyPrint KeySplint Soft 500g\\\/1Kg - Ador Dental GmbH\",\"isPartOf\":{\"@id\":\"https:\\\/\\\/www.ador-dental.de\\\/en\\\/#website\"},\"primaryImageOfPage\":{\"@id\":\"https:\\\/\\\/www.ador-dental.de\\\/produkt\\\/keyprint-keysplint-soft\\\/#primaryimage\"},\"image\":{\"@id\":\"https:\\\/\\\/www.ador-dental.de\\\/produkt\\\/keyprint-keysplint-soft\\\/#primaryimage\"},\"thumbnailUrl\":\"https:\\\/\\\/www.ador-dental.de\\\/wp-content\\\/uploads\\\/2020\\\/10\\\/KeySplint-Soft-Produktbild.png\",\"datePublished\":\"2020-10-08T07:05:35+00:00\",\"dateModified\":\"2024-06-03T06:18:18+00:00\",\"description\":\"KeySplint Soft ist ein biokompatibles Material welches alle internationalen Medizinproduktstandards erf\u00fcllt und eine Haltbarkeit von 3 Jahren garantiert.\",\"breadcrumb\":{\"@id\":\"https:\\\/\\\/www.ador-dental.de\\\/produkt\\\/keyprint-keysplint-soft\\\/#breadcrumb\"},\"inLanguage\":\"fr-FR\",\"potentialAction\":[{\"@type\":\"ReadAction\",\"target\":[\"https:\\\/\\\/www.ador-dental.de\\\/produkt\\\/keyprint-keysplint-soft\\\/\"]}]},{\"@type\":\"ImageObject\",\"inLanguage\":\"fr-FR\",\"@id\":\"https:\\\/\\\/www.ador-dental.de\\\/produkt\\\/keyprint-keysplint-soft\\\/#primaryimage\",\"url\":\"https:\\\/\\\/www.ador-dental.de\\\/wp-content\\\/uploads\\\/2020\\\/10\\\/KeySplint-Soft-Produktbild.png\",\"contentUrl\":\"https:\\\/\\\/www.ador-dental.de\\\/wp-content\\\/uploads\\\/2020\\\/10\\\/KeySplint-Soft-Produktbild.png\",\"width\":1024,\"height\":1024},{\"@type\":\"BreadcrumbList\",\"@id\":\"https:\\\/\\\/www.ador-dental.de\\\/produkt\\\/keyprint-keysplint-soft\\\/#breadcrumb\",\"itemListElement\":[{\"@type\":\"ListItem\",\"position\":1,\"name\":\"Startseite\",\"item\":\"https:\\\/\\\/www.ador-dental.de\\\/\"},{\"@type\":\"ListItem\",\"position\":2,\"name\":\"Shop\",\"item\":\"https:\\\/\\\/www.ador-dental.de\\\/en\\\/shop\\\/\"},{\"@type\":\"ListItem\",\"position\":3,\"name\":\"KeyPrint KeySplint Soft 500g\\\/1Kg\"}]},{\"@type\":\"WebSite\",\"@id\":\"https:\\\/\\\/www.ador-dental.de\\\/en\\\/#website\",\"url\":\"https:\\\/\\\/www.ador-dental.de\\\/en\\\/\",\"name\":\"Ador Dental GmbH\",\"description\":\"\",\"publisher\":{\"@id\":\"https:\\\/\\\/www.ador-dental.de\\\/en\\\/#organization\"},\"potentialAction\":[{\"@type\":\"SearchAction\",\"target\":{\"@type\":\"EntryPoint\",\"urlTemplate\":\"https:\\\/\\\/www.ador-dental.de\\\/en\\\/?s={search_term_string}\"},\"query-input\":{\"@type\":\"PropertyValueSpecification\",\"valueRequired\":true,\"valueName\":\"search_term_string\"}}],\"inLanguage\":\"fr-FR\"},{\"@type\":\"Organization\",\"@id\":\"https:\\\/\\\/www.ador-dental.de\\\/en\\\/#organization\",\"name\":\"Ador Dental GmbH\",\"url\":\"https:\\\/\\\/www.ador-dental.de\\\/en\\\/\",\"logo\":{\"@type\":\"ImageObject\",\"inLanguage\":\"fr-FR\",\"@id\":\"https:\\\/\\\/www.ador-dental.de\\\/en\\\/#\\\/schema\\\/logo\\\/image\\\/\",\"url\":\"https:\\\/\\\/www.ador-dental.de\\\/wp-content\\\/uploads\\\/2021\\\/10\\\/ADOR_Logo_DentalSolutions_2020_Black.svg\",\"contentUrl\":\"https:\\\/\\\/www.ador-dental.de\\\/wp-content\\\/uploads\\\/2021\\\/10\\\/ADOR_Logo_DentalSolutions_2020_Black.svg\",\"width\":678,\"height\":261,\"caption\":\"Ador Dental GmbH\"},\"image\":{\"@id\":\"https:\\\/\\\/www.ador-dental.de\\\/en\\\/#\\\/schema\\\/logo\\\/image\\\/\"}}]}<\/script>\n<!-- \/ Yoast SEO plugin. -->","yoast_head_json":{"title":"KeyPrint KeySplint Soft 500g\/1Kg - Ador Dental GmbH","description":"KeySplint Soft ist ein biokompatibles Material welches alle internationalen Medizinproduktstandards erf\u00fcllt und eine Haltbarkeit von 3 Jahren garantiert.","robots":{"index":"index","follow":"follow","max-snippet":"max-snippet:-1","max-image-preview":"max-image-preview:large","max-video-preview":"max-video-preview:-1"},"canonical":"https:\/\/www.ador-dental.de\/fr\/produit\/keyprint-keysplint-soft\/","og_locale":"fr_FR","og_type":"article","og_title":"KeyPrint KeySplint Soft 500g\/1Kg - Ador Dental GmbH","og_description":"KeySplint Soft ist ein biokompatibles Material welches alle internationalen Medizinproduktstandards erf\u00fcllt und eine Haltbarkeit von 3 Jahren garantiert.","og_url":"https:\/\/www.ador-dental.de\/fr\/produit\/keyprint-keysplint-soft\/","og_site_name":"Ador Dental GmbH","article_modified_time":"2024-06-03T06:18:18+00:00","og_image":[{"width":1024,"height":1024,"url":"https:\/\/www.ador-dental.de\/wp-content\/uploads\/2020\/10\/KeySplint-Soft-Produktbild.png","type":"image\/png"}],"twitter_card":"summary_large_image","twitter_misc":{"Dur\u00e9e de lecture estim\u00e9e":"1 minute"},"schema":{"@context":"https:\/\/schema.org","@graph":[{"@type":"WebPage","@id":"https:\/\/www.ador-dental.de\/produkt\/keyprint-keysplint-soft\/","url":"https:\/\/www.ador-dental.de\/produkt\/keyprint-keysplint-soft\/","name":"KeyPrint KeySplint Soft 500g\/1Kg - Ador Dental GmbH","isPartOf":{"@id":"https:\/\/www.ador-dental.de\/en\/#website"},"primaryImageOfPage":{"@id":"https:\/\/www.ador-dental.de\/produkt\/keyprint-keysplint-soft\/#primaryimage"},"image":{"@id":"https:\/\/www.ador-dental.de\/produkt\/keyprint-keysplint-soft\/#primaryimage"},"thumbnailUrl":"https:\/\/www.ador-dental.de\/wp-content\/uploads\/2020\/10\/KeySplint-Soft-Produktbild.png","datePublished":"2020-10-08T07:05:35+00:00","dateModified":"2024-06-03T06:18:18+00:00","description":"KeySplint Soft ist ein biokompatibles Material welches alle internationalen Medizinproduktstandards erf\u00fcllt und eine Haltbarkeit von 3 Jahren garantiert.","breadcrumb":{"@id":"https:\/\/www.ador-dental.de\/produkt\/keyprint-keysplint-soft\/#breadcrumb"},"inLanguage":"fr-FR","potentialAction":[{"@type":"ReadAction","target":["https:\/\/www.ador-dental.de\/produkt\/keyprint-keysplint-soft\/"]}]},{"@type":"ImageObject","inLanguage":"fr-FR","@id":"https:\/\/www.ador-dental.de\/produkt\/keyprint-keysplint-soft\/#primaryimage","url":"https:\/\/www.ador-dental.de\/wp-content\/uploads\/2020\/10\/KeySplint-Soft-Produktbild.png","contentUrl":"https:\/\/www.ador-dental.de\/wp-content\/uploads\/2020\/10\/KeySplint-Soft-Produktbild.png","width":1024,"height":1024},{"@type":"BreadcrumbList","@id":"https:\/\/www.ador-dental.de\/produkt\/keyprint-keysplint-soft\/#breadcrumb","itemListElement":[{"@type":"ListItem","position":1,"name":"Startseite","item":"https:\/\/www.ador-dental.de\/"},{"@type":"ListItem","position":2,"name":"Shop","item":"https:\/\/www.ador-dental.de\/en\/shop\/"},{"@type":"ListItem","position":3,"name":"KeyPrint KeySplint Soft 500g\/1Kg"}]},{"@type":"WebSite","@id":"https:\/\/www.ador-dental.de\/en\/#website","url":"https:\/\/www.ador-dental.de\/en\/","name":"Ador Dental GmbH","description":"","publisher":{"@id":"https:\/\/www.ador-dental.de\/en\/#organization"},"potentialAction":[{"@type":"SearchAction","target":{"@type":"EntryPoint","urlTemplate":"https:\/\/www.ador-dental.de\/en\/?s={search_term_string}"},"query-input":{"@type":"PropertyValueSpecification","valueRequired":true,"valueName":"search_term_string"}}],"inLanguage":"fr-FR"},{"@type":"Organization","@id":"https:\/\/www.ador-dental.de\/en\/#organization","name":"Ador Dental GmbH","url":"https:\/\/www.ador-dental.de\/en\/","logo":{"@type":"ImageObject","inLanguage":"fr-FR","@id":"https:\/\/www.ador-dental.de\/en\/#\/schema\/logo\/image\/","url":"https:\/\/www.ador-dental.de\/wp-content\/uploads\/2021\/10\/ADOR_Logo_DentalSolutions_2020_Black.svg","contentUrl":"https:\/\/www.ador-dental.de\/wp-content\/uploads\/2021\/10\/ADOR_Logo_DentalSolutions_2020_Black.svg","width":678,"height":261,"caption":"Ador Dental GmbH"},"image":{"@id":"https:\/\/www.ador-dental.de\/en\/#\/schema\/logo\/image\/"}}]}},"_links":{"self":[{"href":"https:\/\/www.ador-dental.de\/fr\/wp-json\/wp\/v2\/product\/13513","targetHints":{"allow":["GET"]}}],"collection":[{"href":"https:\/\/www.ador-dental.de\/fr\/wp-json\/wp\/v2\/product"}],"about":[{"href":"https:\/\/www.ador-dental.de\/fr\/wp-json\/wp\/v2\/types\/product"}],"replies":[{"embeddable":true,"href":"https:\/\/www.ador-dental.de\/fr\/wp-json\/wp\/v2\/comments?post=13513"}],"version-history":[{"count":5,"href":"https:\/\/www.ador-dental.de\/fr\/wp-json\/wp\/v2\/product\/13513\/revisions"}],"predecessor-version":[{"id":27451,"href":"https:\/\/www.ador-dental.de\/fr\/wp-json\/wp\/v2\/product\/13513\/revisions\/27451"}],"wp:featuredmedia":[{"embeddable":true,"href":"https:\/\/www.ador-dental.de\/fr\/wp-json\/wp\/v2\/media\/26913"}],"wp:attachment":[{"href":"https:\/\/www.ador-dental.de\/fr\/wp-json\/wp\/v2\/media?parent=13513"}],"wp:term":[{"taxonomy":"product_brand","embeddable":true,"href":"https:\/\/www.ador-dental.de\/fr\/wp-json\/wp\/v2\/product_brand?post=13513"},{"taxonomy":"product_cat","embeddable":true,"href":"https:\/\/www.ador-dental.de\/fr\/wp-json\/wp\/v2\/product_cat?post=13513"},{"taxonomy":"product_tag","embeddable":true,"href":"https:\/\/www.ador-dental.de\/fr\/wp-json\/wp\/v2\/product_tag?post=13513"}],"curies":[{"name":"wp","href":"https:\/\/api.w.org\/{rel}","templated":true}]}}