{"id":11977,"date":"2020-09-10T09:48:30","date_gmt":"2020-09-10T07:48:30","guid":{"rendered":"https:\/\/new.ador-edelmetalle.de\/?post_type=product&#038;p=11977"},"modified":"2024-08-06T13:51:52","modified_gmt":"2024-08-06T11:51:52","slug":"sinterperlen-zirkon-hq-groesse-10-oder-18","status":"publish","type":"product","link":"https:\/\/www.ador-dental.de\/fr\/produit\/sinterperlen-zirkon-hq-groesse-10-oder-18\/","title":{"rendered":"Perles fritt\u00e9es en zirconium HQ taille 1,0 ou 1,8"},"content":{"rendered":"<p><strong>Contenu de la livraison :<\/strong><\/p>\n<p><strong>par paquet de 200g<\/strong><\/p>\n<p>Perles fritt\u00e9es en oxyde de zirconium pour coquilles fritt\u00e9es, taille 1,0 ou 1,8 mm<\/p>","protected":false},"excerpt":{"rendered":"<p><strong>Contenu de la livraison :<\/strong><\/p>\n<p><strong>par paquet de 200g<\/strong><\/p>\n<p>Perles fritt\u00e9es en oxyde de zirconium pour coquilles fritt\u00e9es, taille 1,0 ou 1,8 mm<\/p>","protected":false},"featured_media":15063,"comment_status":"open","ping_status":"closed","template":"","meta":{"neve_meta_sidebar":"","neve_meta_container":"","neve_meta_enable_content_width":"off","neve_meta_content_width":70,"neve_meta_title_alignment":"","neve_meta_author_avatar":"","neve_post_elements_order":"","neve_meta_disable_header":"","neve_meta_disable_footer":"","neve_meta_disable_title":"","_themeisle_gutenberg_block_has_review":false},"product_brand":[],"product_cat":[441],"product_tag":[434],"class_list":{"0":"post-11977","1":"product","2":"type-product","3":"status-publish","4":"has-post-thumbnail","6":"product_cat-sinterzubehoer","7":"product_tag-dentalheld","9":"first","10":"instock","11":"taxable","12":"shipping-taxable","13":"purchasable","14":"product-type-variable"},"yoast_head":"<!-- This site is optimized with the Yoast SEO plugin v27.2 - https:\/\/yoast.com\/product\/yoast-seo-wordpress\/ -->\n<title>Sinterperlen Zirkon HQ Gr\u00f6\u00dfe 1,0 oder 1,8 - Ador Dental GmbH<\/title>\n<meta name=\"description\" content=\"Die Sinterperlen Zirkon sind Sinterperlen aus Zirkonoiumoxid geeignet f\u00fcr die Anwendung in Sinterschalen, Gr\u00f6\u00dfe 1.0 oder 1,8 mm\" \/>\n<meta name=\"robots\" content=\"index, follow, max-snippet:-1, max-image-preview:large, max-video-preview:-1\" \/>\n<link rel=\"canonical\" href=\"https:\/\/www.ador-dental.de\/fr\/produit\/sinterperlen-zirkon-hq-groesse-10-oder-18\/\" \/>\n<meta property=\"og:locale\" content=\"fr_FR\" \/>\n<meta property=\"og:type\" content=\"article\" \/>\n<meta property=\"og:title\" content=\"Sinterperlen Zirkon HQ Gr\u00f6\u00dfe 1,0 oder 1,8 - Ador Dental GmbH\" \/>\n<meta property=\"og:description\" content=\"Die Sinterperlen Zirkon sind Sinterperlen aus Zirkonoiumoxid geeignet f\u00fcr die Anwendung in Sinterschalen, Gr\u00f6\u00dfe 1.0 oder 1,8 mm\" \/>\n<meta property=\"og:url\" content=\"https:\/\/www.ador-dental.de\/fr\/produit\/sinterperlen-zirkon-hq-groesse-10-oder-18\/\" \/>\n<meta property=\"og:site_name\" content=\"Ador Dental GmbH\" \/>\n<meta property=\"article:modified_time\" content=\"2024-08-06T11:51:52+00:00\" \/>\n<meta property=\"og:image\" content=\"https:\/\/www.ador-dental.de\/wp-content\/uploads\/2020\/09\/ADOR_Sinterperlen_02.jpg\" \/>\n\t<meta property=\"og:image:width\" content=\"2048\" \/>\n\t<meta property=\"og:image:height\" content=\"2048\" \/>\n\t<meta property=\"og:image:type\" content=\"image\/jpeg\" \/>\n<meta name=\"twitter:card\" content=\"summary_large_image\" \/>\n<meta name=\"twitter:label1\" content=\"Dur\u00e9e de lecture estim\u00e9e\" \/>\n\t<meta name=\"twitter:data1\" content=\"1 minute\" \/>\n<script type=\"application\/ld+json\" class=\"yoast-schema-graph\">{\"@context\":\"https:\/\/schema.org\",\"@graph\":[{\"@type\":\"WebPage\",\"@id\":\"https:\/\/www.ador-dental.de\/produkt\/sinterperlen-zirkon-hq-groesse-10-oder-18\/\",\"url\":\"https:\/\/www.ador-dental.de\/produkt\/sinterperlen-zirkon-hq-groesse-10-oder-18\/\",\"name\":\"Sinterperlen Zirkon HQ Gr\u00f6\u00dfe 1,0 oder 1,8 - Ador Dental GmbH\",\"isPartOf\":{\"@id\":\"https:\/\/www.ador-dental.de\/en\/#website\"},\"primaryImageOfPage\":{\"@id\":\"https:\/\/www.ador-dental.de\/produkt\/sinterperlen-zirkon-hq-groesse-10-oder-18\/#primaryimage\"},\"image\":{\"@id\":\"https:\/\/www.ador-dental.de\/produkt\/sinterperlen-zirkon-hq-groesse-10-oder-18\/#primaryimage\"},\"thumbnailUrl\":\"https:\/\/www.ador-dental.de\/wp-content\/uploads\/2020\/09\/ADOR_Sinterperlen_02.jpg\",\"datePublished\":\"2020-09-10T07:48:30+00:00\",\"dateModified\":\"2024-08-06T11:51:52+00:00\",\"description\":\"Die Sinterperlen Zirkon sind Sinterperlen aus Zirkonoiumoxid geeignet f\u00fcr die Anwendung in Sinterschalen, Gr\u00f6\u00dfe 1.0 oder 1,8 mm\",\"breadcrumb\":{\"@id\":\"https:\/\/www.ador-dental.de\/produkt\/sinterperlen-zirkon-hq-groesse-10-oder-18\/#breadcrumb\"},\"inLanguage\":\"fr-FR\",\"potentialAction\":[{\"@type\":\"ReadAction\",\"target\":[\"https:\/\/www.ador-dental.de\/produkt\/sinterperlen-zirkon-hq-groesse-10-oder-18\/\"]}]},{\"@type\":\"ImageObject\",\"inLanguage\":\"fr-FR\",\"@id\":\"https:\/\/www.ador-dental.de\/produkt\/sinterperlen-zirkon-hq-groesse-10-oder-18\/#primaryimage\",\"url\":\"https:\/\/www.ador-dental.de\/wp-content\/uploads\/2020\/09\/ADOR_Sinterperlen_02.jpg\",\"contentUrl\":\"https:\/\/www.ador-dental.de\/wp-content\/uploads\/2020\/09\/ADOR_Sinterperlen_02.jpg\",\"width\":2048,\"height\":2048},{\"@type\":\"BreadcrumbList\",\"@id\":\"https:\/\/www.ador-dental.de\/produkt\/sinterperlen-zirkon-hq-groesse-10-oder-18\/#breadcrumb\",\"itemListElement\":[{\"@type\":\"ListItem\",\"position\":1,\"name\":\"Startseite\",\"item\":\"https:\/\/www.ador-dental.de\/\"},{\"@type\":\"ListItem\",\"position\":2,\"name\":\"Shop\",\"item\":\"https:\/\/www.ador-dental.de\/en\/shop\/\"},{\"@type\":\"ListItem\",\"position\":3,\"name\":\"Sinterperlen Zirkon HQ Gr\u00f6\u00dfe 1,0 oder 1,8\"}]},{\"@type\":\"WebSite\",\"@id\":\"https:\/\/www.ador-dental.de\/en\/#website\",\"url\":\"https:\/\/www.ador-dental.de\/en\/\",\"name\":\"Ador Dental GmbH\",\"description\":\"\",\"publisher\":{\"@id\":\"https:\/\/www.ador-dental.de\/en\/#organization\"},\"potentialAction\":[{\"@type\":\"SearchAction\",\"target\":{\"@type\":\"EntryPoint\",\"urlTemplate\":\"https:\/\/www.ador-dental.de\/en\/?s={search_term_string}\"},\"query-input\":{\"@type\":\"PropertyValueSpecification\",\"valueRequired\":true,\"valueName\":\"search_term_string\"}}],\"inLanguage\":\"fr-FR\"},{\"@type\":\"Organization\",\"@id\":\"https:\/\/www.ador-dental.de\/en\/#organization\",\"name\":\"Ador Dental GmbH\",\"url\":\"https:\/\/www.ador-dental.de\/en\/\",\"logo\":{\"@type\":\"ImageObject\",\"inLanguage\":\"fr-FR\",\"@id\":\"https:\/\/www.ador-dental.de\/en\/#\/schema\/logo\/image\/\",\"url\":\"https:\/\/www.ador-dental.de\/wp-content\/uploads\/2021\/10\/ADOR_Logo_DentalSolutions_2020_Black.svg\",\"contentUrl\":\"https:\/\/www.ador-dental.de\/wp-content\/uploads\/2021\/10\/ADOR_Logo_DentalSolutions_2020_Black.svg\",\"width\":678,\"height\":261,\"caption\":\"Ador Dental GmbH\"},\"image\":{\"@id\":\"https:\/\/www.ador-dental.de\/en\/#\/schema\/logo\/image\/\"}}]}<\/script>\n<!-- \/ Yoast SEO plugin. -->","yoast_head_json":{"title":"Sinterperlen Zirkon HQ Gr\u00f6\u00dfe 1,0 oder 1,8 - Ador Dental GmbH","description":"Die Sinterperlen Zirkon sind Sinterperlen aus Zirkonoiumoxid geeignet f\u00fcr die Anwendung in Sinterschalen, Gr\u00f6\u00dfe 1.0 oder 1,8 mm","robots":{"index":"index","follow":"follow","max-snippet":"max-snippet:-1","max-image-preview":"max-image-preview:large","max-video-preview":"max-video-preview:-1"},"canonical":"https:\/\/www.ador-dental.de\/fr\/produit\/sinterperlen-zirkon-hq-groesse-10-oder-18\/","og_locale":"fr_FR","og_type":"article","og_title":"Sinterperlen Zirkon HQ Gr\u00f6\u00dfe 1,0 oder 1,8 - Ador Dental GmbH","og_description":"Die Sinterperlen Zirkon sind Sinterperlen aus Zirkonoiumoxid geeignet f\u00fcr die Anwendung in Sinterschalen, Gr\u00f6\u00dfe 1.0 oder 1,8 mm","og_url":"https:\/\/www.ador-dental.de\/fr\/produit\/sinterperlen-zirkon-hq-groesse-10-oder-18\/","og_site_name":"Ador Dental GmbH","article_modified_time":"2024-08-06T11:51:52+00:00","og_image":[{"width":2048,"height":2048,"url":"https:\/\/www.ador-dental.de\/wp-content\/uploads\/2020\/09\/ADOR_Sinterperlen_02.jpg","type":"image\/jpeg"}],"twitter_card":"summary_large_image","twitter_misc":{"Dur\u00e9e de lecture estim\u00e9e":"1 minute"},"schema":{"@context":"https:\/\/schema.org","@graph":[{"@type":"WebPage","@id":"https:\/\/www.ador-dental.de\/produkt\/sinterperlen-zirkon-hq-groesse-10-oder-18\/","url":"https:\/\/www.ador-dental.de\/produkt\/sinterperlen-zirkon-hq-groesse-10-oder-18\/","name":"Sinterperlen Zirkon HQ Gr\u00f6\u00dfe 1,0 oder 1,8 - Ador Dental GmbH","isPartOf":{"@id":"https:\/\/www.ador-dental.de\/en\/#website"},"primaryImageOfPage":{"@id":"https:\/\/www.ador-dental.de\/produkt\/sinterperlen-zirkon-hq-groesse-10-oder-18\/#primaryimage"},"image":{"@id":"https:\/\/www.ador-dental.de\/produkt\/sinterperlen-zirkon-hq-groesse-10-oder-18\/#primaryimage"},"thumbnailUrl":"https:\/\/www.ador-dental.de\/wp-content\/uploads\/2020\/09\/ADOR_Sinterperlen_02.jpg","datePublished":"2020-09-10T07:48:30+00:00","dateModified":"2024-08-06T11:51:52+00:00","description":"Die Sinterperlen Zirkon sind Sinterperlen aus Zirkonoiumoxid geeignet f\u00fcr die Anwendung in Sinterschalen, Gr\u00f6\u00dfe 1.0 oder 1,8 mm","breadcrumb":{"@id":"https:\/\/www.ador-dental.de\/produkt\/sinterperlen-zirkon-hq-groesse-10-oder-18\/#breadcrumb"},"inLanguage":"fr-FR","potentialAction":[{"@type":"ReadAction","target":["https:\/\/www.ador-dental.de\/produkt\/sinterperlen-zirkon-hq-groesse-10-oder-18\/"]}]},{"@type":"ImageObject","inLanguage":"fr-FR","@id":"https:\/\/www.ador-dental.de\/produkt\/sinterperlen-zirkon-hq-groesse-10-oder-18\/#primaryimage","url":"https:\/\/www.ador-dental.de\/wp-content\/uploads\/2020\/09\/ADOR_Sinterperlen_02.jpg","contentUrl":"https:\/\/www.ador-dental.de\/wp-content\/uploads\/2020\/09\/ADOR_Sinterperlen_02.jpg","width":2048,"height":2048},{"@type":"BreadcrumbList","@id":"https:\/\/www.ador-dental.de\/produkt\/sinterperlen-zirkon-hq-groesse-10-oder-18\/#breadcrumb","itemListElement":[{"@type":"ListItem","position":1,"name":"Startseite","item":"https:\/\/www.ador-dental.de\/"},{"@type":"ListItem","position":2,"name":"Shop","item":"https:\/\/www.ador-dental.de\/en\/shop\/"},{"@type":"ListItem","position":3,"name":"Sinterperlen Zirkon HQ Gr\u00f6\u00dfe 1,0 oder 1,8"}]},{"@type":"WebSite","@id":"https:\/\/www.ador-dental.de\/en\/#website","url":"https:\/\/www.ador-dental.de\/en\/","name":"Ador Dental GmbH","description":"","publisher":{"@id":"https:\/\/www.ador-dental.de\/en\/#organization"},"potentialAction":[{"@type":"SearchAction","target":{"@type":"EntryPoint","urlTemplate":"https:\/\/www.ador-dental.de\/en\/?s={search_term_string}"},"query-input":{"@type":"PropertyValueSpecification","valueRequired":true,"valueName":"search_term_string"}}],"inLanguage":"fr-FR"},{"@type":"Organization","@id":"https:\/\/www.ador-dental.de\/en\/#organization","name":"Ador Dental GmbH","url":"https:\/\/www.ador-dental.de\/en\/","logo":{"@type":"ImageObject","inLanguage":"fr-FR","@id":"https:\/\/www.ador-dental.de\/en\/#\/schema\/logo\/image\/","url":"https:\/\/www.ador-dental.de\/wp-content\/uploads\/2021\/10\/ADOR_Logo_DentalSolutions_2020_Black.svg","contentUrl":"https:\/\/www.ador-dental.de\/wp-content\/uploads\/2021\/10\/ADOR_Logo_DentalSolutions_2020_Black.svg","width":678,"height":261,"caption":"Ador Dental GmbH"},"image":{"@id":"https:\/\/www.ador-dental.de\/en\/#\/schema\/logo\/image\/"}}]}},"_links":{"self":[{"href":"https:\/\/www.ador-dental.de\/fr\/wp-json\/wp\/v2\/product\/11977","targetHints":{"allow":["GET"]}}],"collection":[{"href":"https:\/\/www.ador-dental.de\/fr\/wp-json\/wp\/v2\/product"}],"about":[{"href":"https:\/\/www.ador-dental.de\/fr\/wp-json\/wp\/v2\/types\/product"}],"replies":[{"embeddable":true,"href":"https:\/\/www.ador-dental.de\/fr\/wp-json\/wp\/v2\/comments?post=11977"}],"version-history":[{"count":1,"href":"https:\/\/www.ador-dental.de\/fr\/wp-json\/wp\/v2\/product\/11977\/revisions"}],"predecessor-version":[{"id":22375,"href":"https:\/\/www.ador-dental.de\/fr\/wp-json\/wp\/v2\/product\/11977\/revisions\/22375"}],"wp:featuredmedia":[{"embeddable":true,"href":"https:\/\/www.ador-dental.de\/fr\/wp-json\/wp\/v2\/media\/15063"}],"wp:attachment":[{"href":"https:\/\/www.ador-dental.de\/fr\/wp-json\/wp\/v2\/media?parent=11977"}],"wp:term":[{"taxonomy":"product_brand","embeddable":true,"href":"https:\/\/www.ador-dental.de\/fr\/wp-json\/wp\/v2\/product_brand?post=11977"},{"taxonomy":"product_cat","embeddable":true,"href":"https:\/\/www.ador-dental.de\/fr\/wp-json\/wp\/v2\/product_cat?post=11977"},{"taxonomy":"product_tag","embeddable":true,"href":"https:\/\/www.ador-dental.de\/fr\/wp-json\/wp\/v2\/product_tag?post=11977"}],"curies":[{"name":"wp","href":"https:\/\/api.w.org\/{rel}","templated":true}]}}