{"id":11618,"date":"2020-09-04T13:15:57","date_gmt":"2020-09-04T11:15:57","guid":{"rendered":"https:\/\/new.ador-edelmetalle.de\/?post_type=product&#038;p=11618"},"modified":"2026-04-02T15:28:05","modified_gmt":"2026-04-02T13:28:05","slug":"tabeo-2-m-zirkon-120-sinterofen-klassik","status":"publish","type":"product","link":"https:\/\/www.ador-dental.de\/fr\/produit\/tabeo-2-m-zirkon-120-sinterofen-klassik\/","title":{"rendered":"TABEO-2\/M\/ZIRKON-120 - Four de frittage"},"content":{"rendered":"<p><strong>&gt;&gt;&gt;<a  data-e-disable-page-transition=\"true\" class=\"download-link\" title=\"\" href=\"https:\/\/www.ador-dental.de\/fr\/download\/11690\/?tmstv=1776316796\" rel=\"nofollow\" id=\"download-link-11690\" data-redirect=\"false\" >\n\tFlyer MIHM-Vogt, encart sur le produit TABEO-2\/M\/ZIRKON-120<\/a>\n<\/strong><\/p>\n<p class=\"TextA\"><b><span style=\"font-size: 13.0pt;\">TABEO-2\/M\/ZIRKON-120 Four de frittage CLASSIQUE<\/span><\/b><\/p>\n<p>Le Tabeo-2 est un partenaire fiable pour le frittage de grandes quantit\u00e9s de dioxyde de zirconium. Jusqu'\u00e0 3 plateaux de frittage de \u00d8 120\u00d730 mm offrent une capacit\u00e9 de 90 couronnes individuelles pour les programmes classiques de longue dur\u00e9e. Une technique de chauffage \u00e9prouv\u00e9e gr\u00e2ce aux \u00e9l\u00e9ments chauffants en disiliciure de molybd\u00e8ne - MoSi- permet d'atteindre des temp\u00e9ratures \u00e9lev\u00e9es jusqu'\u00e0 1650\u00b0C. L'enregistrement de 9 courbes de frittage avec 4 \u00e9tapes chacune au maximum offre une grande flexibilit\u00e9 pour l'utilisation des mat\u00e9riaux d'oxyde de zirconium les plus divers. La pr\u00e9cision de la temp\u00e9rature de +\/- 3 \u00b0C \u00e0 1500 \u00b0C garantit des r\u00e9sultats de frittage pr\u00e9cis.<\/p>\n<p><strong>Caract\u00e9ristiques<br \/>\n<\/strong>Capacit\u00e9 de frittage : jusqu'\u00e0 3 plateaux \u00d8 120\u00d730 mm<br \/>\nEl\u00e9ments chauffants en disiliciure de molybd\u00e8ne<br \/>\nTemp\u00e9rature maximale 1650\u00b0C<\/p>\n<p><strong>Programmes de service<\/strong>:<br \/>\n- Contr\u00f4le de la temp\u00e9rature avec le kit de mesure en option<br \/>\n- Nettoyage de la chambre de chauffe<br \/>\n- R\u00e9g\u00e9n\u00e9ration des \u00e9l\u00e9ments chauffants<\/p>\n<p><strong>Contr\u00f4le du programme :<\/strong><br \/>\n- Affichage avec LED \u00e0 7 segments<br \/>\n- 4 niveaux<br \/>\n- 9 emplacements de programme<br \/>\n- Fonctions sp\u00e9ciales<br \/>\nTemp\u00e9rature max. Taux de chauffage 25\u00b0C\/min<br \/>\nPr\u00e9cision de temp\u00e9rature \u00e0 1500\u00b0C +\/- 3 \u00b0C<br \/>\nFonction minuterie<br \/>\nAcc\u00e8s \u00e0 la chambre de combustion par la porte frontale<\/p>\n<p><strong>Contenu de la livraison :<br \/>\n<\/strong>1x Tabeo-2 four de frittage zircone<br \/>\n1x perles fritt\u00e9es YTZ, 2,0 ; 200g<br \/>\n1x bac de frittage,120\/30<br \/>\n1x couvercle du bac de frittage, 120\/4<br \/>\n1x fourche de pr\u00e9l\u00e8vement T-2<br \/>\n1x c\u00e2ble d'alimentation EU, C19 ; 16A<\/p>\n<p><strong>Donn\u00e9es techniques :<br \/>\n<\/strong>Capacit\u00e9 de l'espace de cuisson : 3 bacs \u00d8 120\u00d730 mm<br \/>\nPuissance max : 1800 W<br \/>\ntension de r\u00e9seau : 220-240 V, 50\/60 Hz<br \/>\nPoids : 80 kg<br \/>\ndimensions l\/p\/h : 480\/460\/680 mm<\/p>","protected":false},"excerpt":{"rendered":"<p><b>Contenu de la livraison : voir ci-dessous<\/b><\/p>\n<p>Le Tabeo-2 est un partenaire fiable pour le frittage de grandes quantit\u00e9s de dioxyde de zirconium.<\/p>\n<p><strong>Prix sur demande<\/strong><\/p>\n<p>PRIX DE VENTE CONSEILL\u00c9 : 7.560,00\u20ac.<\/p>","protected":false},"featured_media":29834,"comment_status":"open","ping_status":"closed","template":"","meta":{"neve_meta_sidebar":"","neve_meta_container":"","neve_meta_enable_content_width":"off","neve_meta_content_width":70,"neve_meta_title_alignment":"","neve_meta_author_avatar":"","neve_post_elements_order":"","neve_meta_disable_header":"","neve_meta_disable_footer":"","neve_meta_disable_title":"","_themeisle_gutenberg_block_has_review":false},"product_brand":[],"product_cat":[440,1305,984],"product_tag":[434],"class_list":{"0":"post-11618","1":"product","2":"type-product","3":"status-publish","4":"has-post-thumbnail","6":"product_cat-sinteroefen","7":"product_cat-tabeo-2-m-ofen","8":"product_cat-tabeo-2-m-zirkon-120-sinterofen-klassik","9":"product_tag-dentalheld","11":"first","12":"instock","13":"taxable","14":"shipping-taxable","15":"product-type-simple"},"yoast_head":"<!-- This site is optimized with the Yoast SEO plugin v27.2 - https:\/\/yoast.com\/product\/yoast-seo-wordpress\/ -->\n<title>TABEO-2\/M\/ZIRKON-120 - Sinterofen - Ador Dental GmbH<\/title>\n<meta name=\"description\" content=\"Der Tabeo-2 ist der best\u00e4ndige Partner zum zuverl\u00e4ssigen Sintern gr\u00f6\u00dferer Mengen Zirkoniumdioxids.\" \/>\n<meta name=\"robots\" content=\"index, follow, max-snippet:-1, max-image-preview:large, max-video-preview:-1\" \/>\n<link rel=\"canonical\" href=\"https:\/\/www.ador-dental.de\/fr\/produit\/tabeo-2-m-zirkon-120-sinterofen-klassik\/\" \/>\n<meta property=\"og:locale\" content=\"fr_FR\" \/>\n<meta property=\"og:type\" content=\"article\" \/>\n<meta property=\"og:title\" content=\"TABEO-2\/M\/ZIRKON-120 - Sinterofen - Ador Dental GmbH\" \/>\n<meta property=\"og:description\" content=\"Der Tabeo-2 ist der best\u00e4ndige Partner zum zuverl\u00e4ssigen Sintern gr\u00f6\u00dferer Mengen Zirkoniumdioxids.\" \/>\n<meta property=\"og:url\" content=\"https:\/\/www.ador-dental.de\/fr\/produit\/tabeo-2-m-zirkon-120-sinterofen-klassik\/\" \/>\n<meta property=\"og:site_name\" content=\"Ador Dental GmbH\" \/>\n<meta property=\"article:modified_time\" content=\"2026-04-02T13:28:05+00:00\" \/>\n<meta property=\"og:image\" content=\"https:\/\/www.ador-dental.de\/wp-content\/uploads\/2025\/06\/Tabeo2.png\" \/>\n\t<meta property=\"og:image:width\" content=\"1024\" \/>\n\t<meta property=\"og:image:height\" content=\"1024\" \/>\n\t<meta property=\"og:image:type\" content=\"image\/png\" \/>\n<meta name=\"twitter:card\" content=\"summary_large_image\" \/>\n<meta name=\"twitter:label1\" content=\"Dur\u00e9e de lecture estim\u00e9e\" \/>\n\t<meta name=\"twitter:data1\" content=\"1 minute\" \/>\n<script type=\"application\/ld+json\" class=\"yoast-schema-graph\">{\"@context\":\"https:\/\/schema.org\",\"@graph\":[{\"@type\":\"WebPage\",\"@id\":\"https:\/\/www.ador-dental.de\/produkt\/tabeo-2-m-zirkon-120-sinterofen-klassik\/\",\"url\":\"https:\/\/www.ador-dental.de\/produkt\/tabeo-2-m-zirkon-120-sinterofen-klassik\/\",\"name\":\"TABEO-2\/M\/ZIRKON-120 - Sinterofen - Ador Dental GmbH\",\"isPartOf\":{\"@id\":\"https:\/\/www.ador-dental.de\/en\/#website\"},\"primaryImageOfPage\":{\"@id\":\"https:\/\/www.ador-dental.de\/produkt\/tabeo-2-m-zirkon-120-sinterofen-klassik\/#primaryimage\"},\"image\":{\"@id\":\"https:\/\/www.ador-dental.de\/produkt\/tabeo-2-m-zirkon-120-sinterofen-klassik\/#primaryimage\"},\"thumbnailUrl\":\"https:\/\/www.ador-dental.de\/wp-content\/uploads\/2025\/06\/Tabeo2.png\",\"datePublished\":\"2020-09-04T11:15:57+00:00\",\"dateModified\":\"2026-04-02T13:28:05+00:00\",\"description\":\"Der Tabeo-2 ist der best\u00e4ndige Partner zum zuverl\u00e4ssigen Sintern gr\u00f6\u00dferer Mengen Zirkoniumdioxids.\",\"breadcrumb\":{\"@id\":\"https:\/\/www.ador-dental.de\/produkt\/tabeo-2-m-zirkon-120-sinterofen-klassik\/#breadcrumb\"},\"inLanguage\":\"fr-FR\",\"potentialAction\":[{\"@type\":\"ReadAction\",\"target\":[\"https:\/\/www.ador-dental.de\/produkt\/tabeo-2-m-zirkon-120-sinterofen-klassik\/\"]}]},{\"@type\":\"ImageObject\",\"inLanguage\":\"fr-FR\",\"@id\":\"https:\/\/www.ador-dental.de\/produkt\/tabeo-2-m-zirkon-120-sinterofen-klassik\/#primaryimage\",\"url\":\"https:\/\/www.ador-dental.de\/wp-content\/uploads\/2025\/06\/Tabeo2.png\",\"contentUrl\":\"https:\/\/www.ador-dental.de\/wp-content\/uploads\/2025\/06\/Tabeo2.png\",\"width\":1024,\"height\":1024},{\"@type\":\"BreadcrumbList\",\"@id\":\"https:\/\/www.ador-dental.de\/produkt\/tabeo-2-m-zirkon-120-sinterofen-klassik\/#breadcrumb\",\"itemListElement\":[{\"@type\":\"ListItem\",\"position\":1,\"name\":\"Startseite\",\"item\":\"https:\/\/www.ador-dental.de\/\"},{\"@type\":\"ListItem\",\"position\":2,\"name\":\"Shop\",\"item\":\"https:\/\/www.ador-dental.de\/en\/shop\/\"},{\"@type\":\"ListItem\",\"position\":3,\"name\":\"TABEO-2\/M\/ZIRKON-120 &#8211; Sinterofen\"}]},{\"@type\":\"WebSite\",\"@id\":\"https:\/\/www.ador-dental.de\/en\/#website\",\"url\":\"https:\/\/www.ador-dental.de\/en\/\",\"name\":\"Ador Dental GmbH\",\"description\":\"\",\"publisher\":{\"@id\":\"https:\/\/www.ador-dental.de\/en\/#organization\"},\"potentialAction\":[{\"@type\":\"SearchAction\",\"target\":{\"@type\":\"EntryPoint\",\"urlTemplate\":\"https:\/\/www.ador-dental.de\/en\/?s={search_term_string}\"},\"query-input\":{\"@type\":\"PropertyValueSpecification\",\"valueRequired\":true,\"valueName\":\"search_term_string\"}}],\"inLanguage\":\"fr-FR\"},{\"@type\":\"Organization\",\"@id\":\"https:\/\/www.ador-dental.de\/en\/#organization\",\"name\":\"Ador Dental GmbH\",\"url\":\"https:\/\/www.ador-dental.de\/en\/\",\"logo\":{\"@type\":\"ImageObject\",\"inLanguage\":\"fr-FR\",\"@id\":\"https:\/\/www.ador-dental.de\/en\/#\/schema\/logo\/image\/\",\"url\":\"https:\/\/www.ador-dental.de\/wp-content\/uploads\/2021\/10\/ADOR_Logo_DentalSolutions_2020_Black.svg\",\"contentUrl\":\"https:\/\/www.ador-dental.de\/wp-content\/uploads\/2021\/10\/ADOR_Logo_DentalSolutions_2020_Black.svg\",\"width\":678,\"height\":261,\"caption\":\"Ador Dental GmbH\"},\"image\":{\"@id\":\"https:\/\/www.ador-dental.de\/en\/#\/schema\/logo\/image\/\"}}]}<\/script>\n<!-- \/ Yoast SEO plugin. -->","yoast_head_json":{"title":"TABEO-2\/M\/ZIRKON-120 - Sinterofen - Ador Dental GmbH","description":"Le Tabeo-2 est un partenaire fiable pour le frittage de grandes quantit\u00e9s de dioxyde de zirconium.","robots":{"index":"index","follow":"follow","max-snippet":"max-snippet:-1","max-image-preview":"max-image-preview:large","max-video-preview":"max-video-preview:-1"},"canonical":"https:\/\/www.ador-dental.de\/fr\/produit\/tabeo-2-m-zirkon-120-sinterofen-klassik\/","og_locale":"fr_FR","og_type":"article","og_title":"TABEO-2\/M\/ZIRKON-120 - Sinterofen - Ador Dental GmbH","og_description":"Der Tabeo-2 ist der best\u00e4ndige Partner zum zuverl\u00e4ssigen Sintern gr\u00f6\u00dferer Mengen Zirkoniumdioxids.","og_url":"https:\/\/www.ador-dental.de\/fr\/produit\/tabeo-2-m-zirkon-120-sinterofen-klassik\/","og_site_name":"Ador Dental GmbH","article_modified_time":"2026-04-02T13:28:05+00:00","og_image":[{"width":1024,"height":1024,"url":"https:\/\/www.ador-dental.de\/wp-content\/uploads\/2025\/06\/Tabeo2.png","type":"image\/png"}],"twitter_card":"summary_large_image","twitter_misc":{"Dur\u00e9e de lecture estim\u00e9e":"1 minute"},"schema":{"@context":"https:\/\/schema.org","@graph":[{"@type":"WebPage","@id":"https:\/\/www.ador-dental.de\/produkt\/tabeo-2-m-zirkon-120-sinterofen-klassik\/","url":"https:\/\/www.ador-dental.de\/produkt\/tabeo-2-m-zirkon-120-sinterofen-klassik\/","name":"TABEO-2\/M\/ZIRKON-120 - Sinterofen - Ador Dental GmbH","isPartOf":{"@id":"https:\/\/www.ador-dental.de\/en\/#website"},"primaryImageOfPage":{"@id":"https:\/\/www.ador-dental.de\/produkt\/tabeo-2-m-zirkon-120-sinterofen-klassik\/#primaryimage"},"image":{"@id":"https:\/\/www.ador-dental.de\/produkt\/tabeo-2-m-zirkon-120-sinterofen-klassik\/#primaryimage"},"thumbnailUrl":"https:\/\/www.ador-dental.de\/wp-content\/uploads\/2025\/06\/Tabeo2.png","datePublished":"2020-09-04T11:15:57+00:00","dateModified":"2026-04-02T13:28:05+00:00","description":"Le Tabeo-2 est un partenaire fiable pour le frittage de grandes quantit\u00e9s de dioxyde de zirconium.","breadcrumb":{"@id":"https:\/\/www.ador-dental.de\/produkt\/tabeo-2-m-zirkon-120-sinterofen-klassik\/#breadcrumb"},"inLanguage":"fr-FR","potentialAction":[{"@type":"ReadAction","target":["https:\/\/www.ador-dental.de\/produkt\/tabeo-2-m-zirkon-120-sinterofen-klassik\/"]}]},{"@type":"ImageObject","inLanguage":"fr-FR","@id":"https:\/\/www.ador-dental.de\/produkt\/tabeo-2-m-zirkon-120-sinterofen-klassik\/#primaryimage","url":"https:\/\/www.ador-dental.de\/wp-content\/uploads\/2025\/06\/Tabeo2.png","contentUrl":"https:\/\/www.ador-dental.de\/wp-content\/uploads\/2025\/06\/Tabeo2.png","width":1024,"height":1024},{"@type":"BreadcrumbList","@id":"https:\/\/www.ador-dental.de\/produkt\/tabeo-2-m-zirkon-120-sinterofen-klassik\/#breadcrumb","itemListElement":[{"@type":"ListItem","position":1,"name":"Startseite","item":"https:\/\/www.ador-dental.de\/"},{"@type":"ListItem","position":2,"name":"Shop","item":"https:\/\/www.ador-dental.de\/en\/shop\/"},{"@type":"ListItem","position":3,"name":"TABEO-2\/M\/ZIRKON-120 &#8211; Sinterofen"}]},{"@type":"WebSite","@id":"https:\/\/www.ador-dental.de\/en\/#website","url":"https:\/\/www.ador-dental.de\/en\/","name":"Ador Dental GmbH","description":"","publisher":{"@id":"https:\/\/www.ador-dental.de\/en\/#organization"},"potentialAction":[{"@type":"SearchAction","target":{"@type":"EntryPoint","urlTemplate":"https:\/\/www.ador-dental.de\/en\/?s={search_term_string}"},"query-input":{"@type":"PropertyValueSpecification","valueRequired":true,"valueName":"search_term_string"}}],"inLanguage":"fr-FR"},{"@type":"Organization","@id":"https:\/\/www.ador-dental.de\/en\/#organization","name":"Ador Dental GmbH","url":"https:\/\/www.ador-dental.de\/en\/","logo":{"@type":"ImageObject","inLanguage":"fr-FR","@id":"https:\/\/www.ador-dental.de\/en\/#\/schema\/logo\/image\/","url":"https:\/\/www.ador-dental.de\/wp-content\/uploads\/2021\/10\/ADOR_Logo_DentalSolutions_2020_Black.svg","contentUrl":"https:\/\/www.ador-dental.de\/wp-content\/uploads\/2021\/10\/ADOR_Logo_DentalSolutions_2020_Black.svg","width":678,"height":261,"caption":"Ador Dental GmbH"},"image":{"@id":"https:\/\/www.ador-dental.de\/en\/#\/schema\/logo\/image\/"}}]}},"_links":{"self":[{"href":"https:\/\/www.ador-dental.de\/fr\/wp-json\/wp\/v2\/product\/11618","targetHints":{"allow":["GET"]}}],"collection":[{"href":"https:\/\/www.ador-dental.de\/fr\/wp-json\/wp\/v2\/product"}],"about":[{"href":"https:\/\/www.ador-dental.de\/fr\/wp-json\/wp\/v2\/types\/product"}],"replies":[{"embeddable":true,"href":"https:\/\/www.ador-dental.de\/fr\/wp-json\/wp\/v2\/comments?post=11618"}],"version-history":[{"count":9,"href":"https:\/\/www.ador-dental.de\/fr\/wp-json\/wp\/v2\/product\/11618\/revisions"}],"predecessor-version":[{"id":29761,"href":"https:\/\/www.ador-dental.de\/fr\/wp-json\/wp\/v2\/product\/11618\/revisions\/29761"}],"wp:featuredmedia":[{"embeddable":true,"href":"https:\/\/www.ador-dental.de\/fr\/wp-json\/wp\/v2\/media\/29834"}],"wp:attachment":[{"href":"https:\/\/www.ador-dental.de\/fr\/wp-json\/wp\/v2\/media?parent=11618"}],"wp:term":[{"taxonomy":"product_brand","embeddable":true,"href":"https:\/\/www.ador-dental.de\/fr\/wp-json\/wp\/v2\/product_brand?post=11618"},{"taxonomy":"product_cat","embeddable":true,"href":"https:\/\/www.ador-dental.de\/fr\/wp-json\/wp\/v2\/product_cat?post=11618"},{"taxonomy":"product_tag","embeddable":true,"href":"https:\/\/www.ador-dental.de\/fr\/wp-json\/wp\/v2\/product_tag?post=11618"}],"curies":[{"name":"wp","href":"https:\/\/api.w.org\/{rel}","templated":true}]}}