{"id":719,"date":"2019-07-16T10:27:53","date_gmt":"2019-07-16T10:27:53","guid":{"rendered":"https:\/\/demo.themeisle.com\/neve-architecture\/?page_id=23"},"modified":"2025-11-19T17:09:44","modified_gmt":"2025-11-19T16:09:44","slug":"ueber-uns","status":"publish","type":"page","link":"https:\/\/www.ador-dental.de\/fr\/ueber-uns\/","title":{"rendered":"\u00c0 propos de nous"},"content":{"rendered":"<div data-elementor-type=\"wp-post\" data-elementor-id=\"719\" class=\"elementor elementor-719\" data-elementor-post-type=\"page\">\n\t\t\t\t\t\t<section class=\"elementor-section elementor-top-section elementor-element elementor-element-618b833 elementor-section-height-min-height elementor-section-stretched elementor-section-boxed elementor-section-height-default elementor-section-items-middle\" data-id=\"618b833\" data-element_type=\"section\" data-e-type=\"section\" data-settings=\"{&quot;background_background&quot;:&quot;classic&quot;,&quot;stretch_section&quot;:&quot;section-stretched&quot;}\">\n\t\t\t\t\t\t\t<div class=\"elementor-background-overlay\"><\/div>\n\t\t\t\t\t\t\t<div class=\"elementor-container elementor-column-gap-default\">\n\t\t\t\t\t<div class=\"elementor-column elementor-col-100 elementor-top-column elementor-element elementor-element-e0f1ed2\" data-id=\"e0f1ed2\" data-element_type=\"column\" data-e-type=\"column\">\n\t\t\t<div class=\"elementor-widget-wrap elementor-element-populated\">\n\t\t\t\t\t\t<section class=\"elementor-section elementor-inner-section elementor-element elementor-element-13b5a32 elementor-section-boxed elementor-section-height-default elementor-section-height-default\" data-id=\"13b5a32\" data-element_type=\"section\" data-e-type=\"section\">\n\t\t\t\t\t\t<div class=\"elementor-container elementor-column-gap-default\">\n\t\t\t\t\t<div class=\"elementor-column elementor-col-100 elementor-inner-column elementor-element elementor-element-53839f4\" data-id=\"53839f4\" data-element_type=\"column\" data-e-type=\"column\">\n\t\t\t<div class=\"elementor-widget-wrap elementor-element-populated\">\n\t\t\t\t\t\t<div class=\"elementor-element elementor-element-b92c1b0 elementor-widget elementor-widget-heading\" data-id=\"b92c1b0\" data-element_type=\"widget\" data-e-type=\"widget\" data-widget_type=\"heading.default\">\n\t\t\t\t<div class=\"elementor-widget-container\">\n\t\t\t\t\t<span class=\"elementor-heading-title elementor-size-default\">L'entreprise Ador Dental<\/span>\t\t\t\t<\/div>\n\t\t\t\t<\/div>\n\t\t\t\t<div class=\"elementor-element elementor-element-1ae523f elementor-widget elementor-widget-heading\" data-id=\"1ae523f\" data-element_type=\"widget\" data-e-type=\"widget\" data-widget_type=\"heading.default\">\n\t\t\t\t<div class=\"elementor-widget-container\">\n\t\t\t\t\t<h1 class=\"elementor-heading-title elementor-size-default\">\u00c0 propos de nous<\/h1>\t\t\t\t<\/div>\n\t\t\t\t<\/div>\n\t\t\t\t\t<\/div>\n\t\t<\/div>\n\t\t\t\t\t<\/div>\n\t\t<\/section>\n\t\t\t\t\t<\/div>\n\t\t<\/div>\n\t\t\t\t\t<\/div>\n\t\t<\/section>\n\t\t\t\t<section class=\"elementor-section elementor-top-section elementor-element elementor-element-117b006 elementor-section-boxed elementor-section-height-default elementor-section-height-default\" data-id=\"117b006\" data-element_type=\"section\" data-e-type=\"section\" data-settings=\"{&quot;background_background&quot;:&quot;classic&quot;}\">\n\t\t\t\t\t\t<div class=\"elementor-container elementor-column-gap-default\">\n\t\t\t\t\t<div class=\"elementor-column elementor-col-100 elementor-top-column elementor-element elementor-element-c3d25af\" data-id=\"c3d25af\" data-element_type=\"column\" data-e-type=\"column\">\n\t\t\t<div class=\"elementor-widget-wrap elementor-element-populated\">\n\t\t\t\t\t\t<div class=\"elementor-element elementor-element-2992a2d elementor-widget elementor-widget-heading\" data-id=\"2992a2d\" data-element_type=\"widget\" data-e-type=\"widget\" data-widget_type=\"heading.default\">\n\t\t\t\t<div class=\"elementor-widget-container\">\n\t\t\t\t\t<h3 class=\"elementor-heading-title elementor-size-default\">ADOR DENTAL :<\/h3>\t\t\t\t<\/div>\n\t\t\t\t<\/div>\n\t\t\t\t<div class=\"elementor-element elementor-element-ebd1e8a elementor-widget elementor-widget-heading\" data-id=\"ebd1e8a\" data-element_type=\"widget\" data-e-type=\"widget\" data-widget_type=\"heading.default\">\n\t\t\t\t<div class=\"elementor-widget-container\">\n\t\t\t\t\t<h2 class=\"elementor-heading-title elementor-size-default\">\nQualit\u00e9 et engagement depuis plus de 30 ans<\/h2>\t\t\t\t<\/div>\n\t\t\t\t<\/div>\n\t\t\t\t<div class=\"elementor-element elementor-element-f5097fe elementor-widget elementor-widget-text-editor\" data-id=\"f5097fe\" data-element_type=\"widget\" data-e-type=\"widget\" data-widget_type=\"text-editor.default\">\n\t\t\t\t<div class=\"elementor-widget-container\">\n\t\t\t\t\t\t\t\t\t<p>Depuis plus de 30 ans, Ador Dental GmbH (anciennement Ador Edelmetalle GmbH) est un partenaire fiable du march\u00e9 dentaire allemand. Nous sommes sp\u00e9cialis\u00e9s dans les alliages dentaires haut de gamme \u00e0 base de m\u00e9taux pr\u00e9cieux et non pr\u00e9cieux, sp\u00e9cialement d\u00e9velopp\u00e9s pour toutes les indications dentaires. Nous sommes l'un des rares fabricants europ\u00e9ens \u00e0 proposer des produits NEM analogiques et num\u00e9riques, fabriqu\u00e9s directement en Allemagne.<\/p><p>Notre mission est claire : <strong>Vos exigences individuelles sont au centre de nos pr\u00e9occupations.<\/strong> Nous accordons une grande importance \u00e0 la r\u00e9solution simple et rapide de vos demandes et gardons toujours \u00e0 l'esprit l'ensemble du flux de travail. Gr\u00e2ce \u00e0 notre savoir-faire complet et \u00e0 nos conseils personnalis\u00e9s, vous \u00eates entre de bonnes mains chez nous. Nos conseillers sp\u00e9cialis\u00e9s en dispositifs m\u00e9dicaux vous offrent un accompagnement adapt\u00e9 \u00e0 vos besoins.<\/p>\t\t\t\t\t\t\t\t<\/div>\n\t\t\t\t<\/div>\n\t\t\t\t<div class=\"elementor-element elementor-element-643c7ca elementor-widget elementor-widget-heading\" data-id=\"643c7ca\" data-element_type=\"widget\" data-e-type=\"widget\" data-widget_type=\"heading.default\">\n\t\t\t\t<div class=\"elementor-widget-container\">\n\t\t\t\t\t<h2 class=\"elementor-heading-title elementor-size-default\">Engagement social : plus qu'une simple entreprise<\/h2>\t\t\t\t<\/div>\n\t\t\t\t<\/div>\n\t\t\t\t<div class=\"elementor-element elementor-element-96da704 elementor-widget elementor-widget-text-editor\" data-id=\"96da704\" data-element_type=\"widget\" data-e-type=\"widget\" data-widget_type=\"text-editor.default\">\n\t\t\t\t<div class=\"elementor-widget-container\">\n\t\t\t\t\t\t\t\t\t<p>La responsabilit\u00e9 sociale est profond\u00e9ment ancr\u00e9e dans notre ADN. Depuis plus de 25 ans, nous nous engageons en tant que fondateur et sponsor principal de la fondation <em>C'est pour les enfants<\/em> pour les enfants d\u00e9favoris\u00e9s. L'initiative a \u00e9t\u00e9 lanc\u00e9e en 2000 par Rainer Koch, alors directeur g\u00e9n\u00e9ral d'Ador Edelmetalle GmbH, dans le but de venir en aide aux enfants maltrait\u00e9s, abus\u00e9s et n\u00e9glig\u00e9s.<\/p><p>Tout a commenc\u00e9 par une collecte de fonds cr\u00e9ative : des dentistes ont collect\u00e9 dans leurs cabinets les m\u00e9taux pr\u00e9cieux provenant des couronnes dentaires, qui ont ensuite \u00e9t\u00e9 convertis en dons. Gr\u00e2ce \u00e0 un soutien croissant et \u00e0 de nombreuses coop\u00e9rations, l'initiative a pris de l'ampleur jusqu'\u00e0 ce qu'en 2015, la <strong>Fondation <em>C'est pour les enfants<\/em><\/strong> a \u00e9t\u00e9 fond\u00e9e.<\/p><p>Notre engagement est plus qu'un simple projet pour nous : il fait partie int\u00e9grante de notre identit\u00e9 et se refl\u00e8te dans tout ce que nous faisons.<\/p>\t\t\t\t\t\t\t\t<\/div>\n\t\t\t\t<\/div>\n\t\t\t\t\t<\/div>\n\t\t<\/div>\n\t\t\t\t\t<\/div>\n\t\t<\/section>\n\t\t\t\t<section class=\"elementor-section elementor-top-section elementor-element elementor-element-ee3bc13 elementor-section-boxed elementor-section-height-default elementor-section-height-default\" data-id=\"ee3bc13\" data-element_type=\"section\" data-e-type=\"section\" data-settings=\"{&quot;background_background&quot;:&quot;classic&quot;}\">\n\t\t\t\t\t\t\t<div class=\"elementor-background-overlay\"><\/div>\n\t\t\t\t\t\t\t<div class=\"elementor-container elementor-column-gap-default\">\n\t\t\t\t\t<div class=\"elementor-column elementor-col-100 elementor-top-column elementor-element elementor-element-00c0bb2\" data-id=\"00c0bb2\" data-element_type=\"column\" data-e-type=\"column\">\n\t\t\t<div class=\"elementor-widget-wrap elementor-element-populated\">\n\t\t\t\t\t\t<section class=\"elementor-section elementor-inner-section elementor-element elementor-element-b356d0b elementor-section-content-middle elementor-section-boxed elementor-section-height-default elementor-section-height-default\" data-id=\"b356d0b\" data-element_type=\"section\" data-e-type=\"section\">\n\t\t\t\t\t\t<div class=\"elementor-container elementor-column-gap-default\">\n\t\t\t\t\t<div class=\"elementor-column elementor-col-100 elementor-inner-column elementor-element elementor-element-1132a94\" data-id=\"1132a94\" data-element_type=\"column\" data-e-type=\"column\">\n\t\t\t<div class=\"elementor-widget-wrap elementor-element-populated\">\n\t\t\t\t\t\t<div class=\"elementor-element elementor-element-2d6a891 elementor-widget elementor-widget-heading\" data-id=\"2d6a891\" data-element_type=\"widget\" data-e-type=\"widget\" data-widget_type=\"heading.default\">\n\t\t\t\t<div class=\"elementor-widget-container\">\n\t\t\t\t\t<span class=\"elementor-heading-title elementor-size-default\">notre philosophie vous pla\u00eet ?<\/span>\t\t\t\t<\/div>\n\t\t\t\t<\/div>\n\t\t\t\t<div class=\"elementor-element elementor-element-612b4ab elementor-widget elementor-widget-heading\" data-id=\"612b4ab\" data-element_type=\"widget\" data-e-type=\"widget\" data-widget_type=\"heading.default\">\n\t\t\t\t<div class=\"elementor-widget-container\">\n\t\t\t\t\t<h2 class=\"elementor-heading-title elementor-size-default\">Travaillons ensemble !<\/h2>\t\t\t\t<\/div>\n\t\t\t\t<\/div>\n\t\t\t\t\t<\/div>\n\t\t<\/div>\n\t\t\t\t\t<\/div>\n\t\t<\/section>\n\t\t\t\t\t<\/div>\n\t\t<\/div>\n\t\t\t\t\t<\/div>\n\t\t<\/section>\n\t\t\t\t<\/div>","protected":false},"excerpt":{"rendered":"<p>Das Unternehmen Ador Dental \u00dcber Uns ADOR DENTAL: Qualit\u00e4t und Engagement seit \u00fcber 30 Jahren Die Ador Dental GmbH (zuvor Ador Edelmetalle GmbH) ist seit mehr als 30 Jahren ein verl\u00e4sslicher Partner f\u00fcr den deutschen Dentalmarkt. Wir stehen f\u00fcr hochwertige Dentallegierungen aus Edelmetallen und Nicht-Edelmetallen, die speziell f\u00fcr s\u00e4mtliche dentale Indikationen entwickelt wurden. Als einer&hellip;&nbsp;<a href=\"https:\/\/www.ador-dental.de\/fr\/ueber-uns\/\" rel=\"bookmark\">Lire la suite \"<span class=\"screen-reader-text\">\u00c0 propos de nous<\/span><\/a><\/p>","protected":false},"author":1,"featured_media":0,"parent":0,"menu_order":0,"comment_status":"closed","ping_status":"closed","template":"elementor_header_footer","meta":{"neve_meta_sidebar":"","neve_meta_container":"","neve_meta_enable_content_width":"off","neve_meta_content_width":0,"neve_meta_title_alignment":"","neve_meta_author_avatar":"","neve_post_elements_order":"","neve_meta_disable_header":"","neve_meta_disable_footer":"","neve_meta_disable_title":"","_themeisle_gutenberg_block_has_review":false,"footnotes":""},"class_list":["post-719","page","type-page","status-publish","hentry"],"yoast_head":"<!-- This site is optimized with the Yoast SEO plugin v27.4 - https:\/\/yoast.com\/product\/yoast-seo-wordpress\/ -->\n<title>\u00dcber uns - Ador Dental GmbH<\/title>\n<meta name=\"description\" content=\"\u00dcber Uns: Die Ador Edelmetalle GmbH beliefert seit \u00fcber 25 Jahren den deutschen Dentalmarkt mit h\u00f6chstwertigen Dentallegierungen\" \/>\n<meta name=\"robots\" content=\"index, follow, max-snippet:-1, max-image-preview:large, max-video-preview:-1\" \/>\n<link rel=\"canonical\" href=\"https:\/\/www.ador-dental.de\/fr\/ueber-uns\/\" \/>\n<meta property=\"og:locale\" content=\"fr_FR\" \/>\n<meta property=\"og:type\" content=\"article\" \/>\n<meta property=\"og:title\" content=\"\u00dcber uns - Ador Dental GmbH\" \/>\n<meta property=\"og:description\" content=\"\u00dcber Uns: Die Ador Edelmetalle GmbH beliefert seit \u00fcber 25 Jahren den deutschen Dentalmarkt mit h\u00f6chstwertigen Dentallegierungen\" \/>\n<meta property=\"og:url\" content=\"https:\/\/www.ador-dental.de\/fr\/ueber-uns\/\" \/>\n<meta property=\"og:site_name\" content=\"Ador Dental GmbH\" \/>\n<meta property=\"article:modified_time\" content=\"2025-11-19T16:09:44+00:00\" \/>\n<meta name=\"twitter:card\" content=\"summary_large_image\" \/>\n<meta name=\"twitter:label1\" content=\"Dur\u00e9e de lecture estim\u00e9e\" \/>\n\t<meta name=\"twitter:data1\" content=\"2 minutes\" \/>\n<script type=\"application\/ld+json\" class=\"yoast-schema-graph\">{\"@context\":\"https:\\\/\\\/schema.org\",\"@graph\":[{\"@type\":\"WebPage\",\"@id\":\"https:\\\/\\\/www.ador-dental.de\\\/ueber-uns\\\/\",\"url\":\"https:\\\/\\\/www.ador-dental.de\\\/ueber-uns\\\/\",\"name\":\"\u00dcber uns - Ador Dental GmbH\",\"isPartOf\":{\"@id\":\"https:\\\/\\\/www.ador-dental.de\\\/en\\\/#website\"},\"datePublished\":\"2019-07-16T10:27:53+00:00\",\"dateModified\":\"2025-11-19T16:09:44+00:00\",\"description\":\"\u00dcber Uns: Die Ador Edelmetalle GmbH beliefert seit \u00fcber 25 Jahren den deutschen Dentalmarkt mit h\u00f6chstwertigen Dentallegierungen\",\"breadcrumb\":{\"@id\":\"https:\\\/\\\/www.ador-dental.de\\\/ueber-uns\\\/#breadcrumb\"},\"inLanguage\":\"fr-FR\",\"potentialAction\":[{\"@type\":\"ReadAction\",\"target\":[\"https:\\\/\\\/www.ador-dental.de\\\/ueber-uns\\\/\"]}]},{\"@type\":\"BreadcrumbList\",\"@id\":\"https:\\\/\\\/www.ador-dental.de\\\/ueber-uns\\\/#breadcrumb\",\"itemListElement\":[{\"@type\":\"ListItem\",\"position\":1,\"name\":\"Startseite\",\"item\":\"https:\\\/\\\/www.ador-dental.de\\\/\"},{\"@type\":\"ListItem\",\"position\":2,\"name\":\"\u00dcber uns\"}]},{\"@type\":\"WebSite\",\"@id\":\"https:\\\/\\\/www.ador-dental.de\\\/en\\\/#website\",\"url\":\"https:\\\/\\\/www.ador-dental.de\\\/en\\\/\",\"name\":\"Ador Dental GmbH\",\"description\":\"\",\"publisher\":{\"@id\":\"https:\\\/\\\/www.ador-dental.de\\\/en\\\/#organization\"},\"potentialAction\":[{\"@type\":\"SearchAction\",\"target\":{\"@type\":\"EntryPoint\",\"urlTemplate\":\"https:\\\/\\\/www.ador-dental.de\\\/en\\\/?s={search_term_string}\"},\"query-input\":{\"@type\":\"PropertyValueSpecification\",\"valueRequired\":true,\"valueName\":\"search_term_string\"}}],\"inLanguage\":\"fr-FR\"},{\"@type\":\"Organization\",\"@id\":\"https:\\\/\\\/www.ador-dental.de\\\/en\\\/#organization\",\"name\":\"Ador Dental GmbH\",\"url\":\"https:\\\/\\\/www.ador-dental.de\\\/en\\\/\",\"logo\":{\"@type\":\"ImageObject\",\"inLanguage\":\"fr-FR\",\"@id\":\"https:\\\/\\\/www.ador-dental.de\\\/en\\\/#\\\/schema\\\/logo\\\/image\\\/\",\"url\":\"https:\\\/\\\/www.ador-dental.de\\\/wp-content\\\/uploads\\\/2021\\\/10\\\/ADOR_Logo_DentalSolutions_2020_Black.svg\",\"contentUrl\":\"https:\\\/\\\/www.ador-dental.de\\\/wp-content\\\/uploads\\\/2021\\\/10\\\/ADOR_Logo_DentalSolutions_2020_Black.svg\",\"width\":678,\"height\":261,\"caption\":\"Ador Dental GmbH\"},\"image\":{\"@id\":\"https:\\\/\\\/www.ador-dental.de\\\/en\\\/#\\\/schema\\\/logo\\\/image\\\/\"}}]}<\/script>\n<!-- \/ Yoast SEO plugin. -->","yoast_head_json":{"title":"\u00dcber uns - Ador Dental GmbH","description":"\u00dcber Uns: Die Ador Edelmetalle GmbH beliefert seit \u00fcber 25 Jahren den deutschen Dentalmarkt mit h\u00f6chstwertigen Dentallegierungen","robots":{"index":"index","follow":"follow","max-snippet":"max-snippet:-1","max-image-preview":"max-image-preview:large","max-video-preview":"max-video-preview:-1"},"canonical":"https:\/\/www.ador-dental.de\/fr\/ueber-uns\/","og_locale":"fr_FR","og_type":"article","og_title":"\u00dcber uns - Ador Dental GmbH","og_description":"\u00dcber Uns: Die Ador Edelmetalle GmbH beliefert seit \u00fcber 25 Jahren den deutschen Dentalmarkt mit h\u00f6chstwertigen Dentallegierungen","og_url":"https:\/\/www.ador-dental.de\/fr\/ueber-uns\/","og_site_name":"Ador Dental GmbH","article_modified_time":"2025-11-19T16:09:44+00:00","twitter_card":"summary_large_image","twitter_misc":{"Dur\u00e9e de lecture estim\u00e9e":"2 minutes"},"schema":{"@context":"https:\/\/schema.org","@graph":[{"@type":"WebPage","@id":"https:\/\/www.ador-dental.de\/ueber-uns\/","url":"https:\/\/www.ador-dental.de\/ueber-uns\/","name":"\u00dcber uns - Ador Dental GmbH","isPartOf":{"@id":"https:\/\/www.ador-dental.de\/en\/#website"},"datePublished":"2019-07-16T10:27:53+00:00","dateModified":"2025-11-19T16:09:44+00:00","description":"\u00dcber Uns: Die Ador Edelmetalle GmbH beliefert seit \u00fcber 25 Jahren den deutschen Dentalmarkt mit h\u00f6chstwertigen Dentallegierungen","breadcrumb":{"@id":"https:\/\/www.ador-dental.de\/ueber-uns\/#breadcrumb"},"inLanguage":"fr-FR","potentialAction":[{"@type":"ReadAction","target":["https:\/\/www.ador-dental.de\/ueber-uns\/"]}]},{"@type":"BreadcrumbList","@id":"https:\/\/www.ador-dental.de\/ueber-uns\/#breadcrumb","itemListElement":[{"@type":"ListItem","position":1,"name":"Startseite","item":"https:\/\/www.ador-dental.de\/"},{"@type":"ListItem","position":2,"name":"\u00dcber uns"}]},{"@type":"WebSite","@id":"https:\/\/www.ador-dental.de\/en\/#website","url":"https:\/\/www.ador-dental.de\/en\/","name":"Ador Dental GmbH","description":"","publisher":{"@id":"https:\/\/www.ador-dental.de\/en\/#organization"},"potentialAction":[{"@type":"SearchAction","target":{"@type":"EntryPoint","urlTemplate":"https:\/\/www.ador-dental.de\/en\/?s={search_term_string}"},"query-input":{"@type":"PropertyValueSpecification","valueRequired":true,"valueName":"search_term_string"}}],"inLanguage":"fr-FR"},{"@type":"Organization","@id":"https:\/\/www.ador-dental.de\/en\/#organization","name":"Ador Dental GmbH","url":"https:\/\/www.ador-dental.de\/en\/","logo":{"@type":"ImageObject","inLanguage":"fr-FR","@id":"https:\/\/www.ador-dental.de\/en\/#\/schema\/logo\/image\/","url":"https:\/\/www.ador-dental.de\/wp-content\/uploads\/2021\/10\/ADOR_Logo_DentalSolutions_2020_Black.svg","contentUrl":"https:\/\/www.ador-dental.de\/wp-content\/uploads\/2021\/10\/ADOR_Logo_DentalSolutions_2020_Black.svg","width":678,"height":261,"caption":"Ador Dental GmbH"},"image":{"@id":"https:\/\/www.ador-dental.de\/en\/#\/schema\/logo\/image\/"}}]}},"_links":{"self":[{"href":"https:\/\/www.ador-dental.de\/fr\/wp-json\/wp\/v2\/pages\/719","targetHints":{"allow":["GET"]}}],"collection":[{"href":"https:\/\/www.ador-dental.de\/fr\/wp-json\/wp\/v2\/pages"}],"about":[{"href":"https:\/\/www.ador-dental.de\/fr\/wp-json\/wp\/v2\/types\/page"}],"author":[{"embeddable":true,"href":"https:\/\/www.ador-dental.de\/fr\/wp-json\/wp\/v2\/users\/1"}],"replies":[{"embeddable":true,"href":"https:\/\/www.ador-dental.de\/fr\/wp-json\/wp\/v2\/comments?post=719"}],"version-history":[{"count":31,"href":"https:\/\/www.ador-dental.de\/fr\/wp-json\/wp\/v2\/pages\/719\/revisions"}],"predecessor-version":[{"id":30572,"href":"https:\/\/www.ador-dental.de\/fr\/wp-json\/wp\/v2\/pages\/719\/revisions\/30572"}],"wp:attachment":[{"href":"https:\/\/www.ador-dental.de\/fr\/wp-json\/wp\/v2\/media?parent=719"}],"curies":[{"name":"wp","href":"https:\/\/api.w.org\/{rel}","templated":true}]}}