{"id":4019,"date":"2020-04-06T13:59:44","date_gmt":"2020-04-06T11:59:44","guid":{"rendered":"https:\/\/new.ador-edelmetalle.de\/?page_id=4019"},"modified":"2023-10-13T11:09:09","modified_gmt":"2023-10-13T09:09:09","slug":"soziales-engagement","status":"publish","type":"page","link":"https:\/\/www.ador-dental.de\/fr\/soziales-engagement\/","title":{"rendered":"Engagement social"},"content":{"rendered":"<div data-elementor-type=\"wp-page\" data-elementor-id=\"4019\" class=\"elementor elementor-4019\" data-elementor-post-type=\"page\">\n\t\t\t\t\t\t<section class=\"elementor-section elementor-top-section elementor-element elementor-element-d962f29 elementor-section-stretched elementor-section-boxed elementor-section-height-default elementor-section-height-default\" data-id=\"d962f29\" data-element_type=\"section\" data-e-type=\"section\" data-settings=\"{&quot;background_background&quot;:&quot;classic&quot;,&quot;stretch_section&quot;:&quot;section-stretched&quot;}\">\n\t\t\t\t\t\t<div class=\"elementor-container elementor-column-gap-default\">\n\t\t\t\t\t<div class=\"elementor-column elementor-col-100 elementor-top-column elementor-element elementor-element-860fe27\" data-id=\"860fe27\" data-element_type=\"column\" data-e-type=\"column\">\n\t\t\t<div class=\"elementor-widget-wrap elementor-element-populated\">\n\t\t\t\t\t\t<div class=\"elementor-element elementor-element-f16f1f0 elementor-widget elementor-widget-heading\" data-id=\"f16f1f0\" data-element_type=\"widget\" data-e-type=\"widget\" data-widget_type=\"heading.default\">\n\t\t\t\t<div class=\"elementor-widget-container\">\n\t\t\t\t\t<span class=\"elementor-heading-title elementor-size-default\">Projets sociaux<\/span>\t\t\t\t<\/div>\n\t\t\t\t<\/div>\n\t\t\t\t<div class=\"elementor-element elementor-element-12e4a59 elementor-widget elementor-widget-heading\" data-id=\"12e4a59\" data-element_type=\"widget\" data-e-type=\"widget\" data-widget_type=\"heading.default\">\n\t\t\t\t<div class=\"elementor-widget-container\">\n\t\t\t\t\t<h2 class=\"elementor-heading-title elementor-size-default\">ADOR s'engage durablement dans la protection des enfants<\/h2>\t\t\t\t<\/div>\n\t\t\t\t<\/div>\n\t\t\t\t<section class=\"elementor-section elementor-inner-section elementor-element elementor-element-d3b62ac elementor-section-boxed elementor-section-height-default elementor-section-height-default\" data-id=\"d3b62ac\" data-element_type=\"section\" data-e-type=\"section\">\n\t\t\t\t\t\t<div class=\"elementor-container elementor-column-gap-default\">\n\t\t\t\t\t<div class=\"elementor-column elementor-col-50 elementor-inner-column elementor-element elementor-element-889ffbf\" data-id=\"889ffbf\" data-element_type=\"column\" data-e-type=\"column\">\n\t\t\t<div class=\"elementor-widget-wrap elementor-element-populated\">\n\t\t\t\t\t\t<div class=\"elementor-element elementor-element-3c1ec8a elementor-widget elementor-widget-text-editor\" data-id=\"3c1ec8a\" data-element_type=\"widget\" data-e-type=\"widget\" data-widget_type=\"text-editor.default\">\n\t\t\t\t<div class=\"elementor-widget-container\">\n\t\t\t\t\t\t\t\t\t<p>Les enfants sont notre avenir. Ils ont besoin non seulement d'amour et de s\u00e9curit\u00e9, mais aussi de notre protection. Rainer Koch, associ\u00e9 d'Ador Edelmetalle GmbH, a fond\u00e9 en 2000 l'initiative It's for Kids. En tant qu'organisation de collecte de fonds pour les enfants, It's for Kids s'engage par des dons cr\u00e9atifs, actifs et mon\u00e9taires en faveur des enfants maltrait\u00e9s, abus\u00e9s, n\u00e9glig\u00e9s ou d\u00e9favoris\u00e9s d'une autre mani\u00e8re.<\/p><p>L'id\u00e9e est aussi simple que g\u00e9niale : en coop\u00e9ration avec des dentistes, le vieil or est collect\u00e9 et les recettes du recyclage sont revers\u00e9es \u00e0 100% \u00e0 des projets sociaux pour la protection des enfants.\u00a0<span style=\"color: var( --e-global-color-text ); font-family: var( --e-global-typography-text-font-family ), Sans-serif; font-weight: var( --e-global-typography-text-font-weight ); font-size: var(--bodyfontsize); letter-spacing: var(--bodyletterspacing); text-transform: var(--bodytexttransform);\">En 2015, l'initiative a d\u00e9bouch\u00e9 sur la cr\u00e9ation de la fondation d'utilit\u00e9 publique It's for Kids, en collaboration avec Tobias Mehwitz, \u00e9galement associ\u00e9 g\u00e9rant d'Ador Edelmetalle GmbH.<\/span><\/p><p>It's for Kids n'a pas d'organisation propre, mais en tant qu'organisation de dons pour les enfants, elle transmet directement les fonds \u00e0 diff\u00e9rents projets d'aide aux enfants dans toute l'Allemagne. Souvent, nous ajoutons quelque chose \u00e0 la somme collect\u00e9e par des dons actifs ou cr\u00e9atifs.<\/p>\t\t\t\t\t\t\t\t<\/div>\n\t\t\t\t<\/div>\n\t\t\t\t\t<\/div>\n\t\t<\/div>\n\t\t\t\t<div class=\"elementor-column elementor-col-50 elementor-inner-column elementor-element elementor-element-e37253c\" data-id=\"e37253c\" data-element_type=\"column\" data-e-type=\"column\">\n\t\t\t<div class=\"elementor-widget-wrap elementor-element-populated\">\n\t\t\t\t\t\t<div class=\"elementor-element elementor-element-50b5086 elementor-widget elementor-widget-image\" data-id=\"50b5086\" data-element_type=\"widget\" data-e-type=\"widget\" data-widget_type=\"image.default\">\n\t\t\t\t<div class=\"elementor-widget-container\">\n\t\t\t\t\t\t\t\t\t\t\t\t\t\t\t<img fetchpriority=\"high\" decoding=\"async\" width=\"300\" height=\"245\" src=\"https:\/\/www.ador-dental.de\/wp-content\/uploads\/2020\/01\/IFK-300x245.png\" class=\"attachment-medium size-medium wp-image-1587\" alt=\"\" srcset=\"https:\/\/www.ador-dental.de\/wp-content\/uploads\/2020\/01\/IFK-300x245.png 300w, https:\/\/www.ador-dental.de\/wp-content\/uploads\/2020\/01\/IFK-600x490.png 600w, https:\/\/www.ador-dental.de\/wp-content\/uploads\/2020\/01\/IFK-64x52.png 64w, https:\/\/www.ador-dental.de\/wp-content\/uploads\/2020\/01\/IFK-768x627.png 768w, https:\/\/www.ador-dental.de\/wp-content\/uploads\/2020\/01\/IFK.png 969w\" sizes=\"(max-width: 300px) 100vw, 300px\" \/>\t\t\t\t\t\t\t\t\t\t\t\t\t\t\t<\/div>\n\t\t\t\t<\/div>\n\t\t\t\t<div class=\"elementor-element elementor-element-0d22adf elementor-widget elementor-widget-text-editor\" data-id=\"0d22adf\" data-element_type=\"widget\" data-e-type=\"widget\" data-widget_type=\"text-editor.default\">\n\t\t\t\t<div class=\"elementor-widget-container\">\n\t\t\t\t\t\t\t\t\t<p>Plus d'informations sous :<br \/><a href=\"https:\/\/www.its-for-kids.de\">www.its-for-kids.de<\/a><\/p>\t\t\t\t\t\t\t\t<\/div>\n\t\t\t\t<\/div>\n\t\t\t\t\t<\/div>\n\t\t<\/div>\n\t\t\t\t\t<\/div>\n\t\t<\/section>\n\t\t\t\t<section class=\"elementor-section elementor-inner-section elementor-element elementor-element-7010981 elementor-section-boxed elementor-section-height-default elementor-section-height-default\" data-id=\"7010981\" data-element_type=\"section\" data-e-type=\"section\">\n\t\t\t\t\t\t<div class=\"elementor-container elementor-column-gap-default\">\n\t\t\t\t\t<div class=\"elementor-column elementor-col-100 elementor-inner-column elementor-element elementor-element-665cfea\" data-id=\"665cfea\" data-element_type=\"column\" data-e-type=\"column\">\n\t\t\t<div class=\"elementor-widget-wrap elementor-element-populated\">\n\t\t\t\t\t\t<div class=\"elementor-element elementor-element-c987a9e elementor-widget elementor-widget-text-editor\" data-id=\"c987a9e\" data-element_type=\"widget\" data-e-type=\"widget\" data-widget_type=\"text-editor.default\">\n\t\t\t\t<div class=\"elementor-widget-container\">\n\t\t\t\t\t\t\t\t\t<p>Bien qu'It's for Kids n'ait pas d'organisme responsable, le projet Mutwald a vu le jour en 2022. Notre vision est de donner le courage de vivre aux enfants atteints d'une maladie mortelle dans les moments les plus difficiles et de contribuer ainsi, dans le meilleur des cas, \u00e0 augmenter les chances de survie des enfants. En outre, nous voulons cr\u00e9er une journ\u00e9e inoubliable pour les enfants apr\u00e8s avoir surmont\u00e9 la maladie, avec de nombreux souvenirs positifs et leur propre for\u00eat de courage. Plus d'informations sur : www.its-for-kids.de\/aktionen\/mutwald<\/p>\n<p>Pour son engagement autour de la fondation It's for Kids, Rainer Koch a \u00e9t\u00e9 honor\u00e9 le 19 septembre 2023 par notre pr\u00e9sident f\u00e9d\u00e9ral Frank-Walter Steinmeier qui lui a remis la Croix f\u00e9d\u00e9rale du m\u00e9rite. En tant qu'entreprise et fondateurs, nous sommes absolument fiers de notre fondation et de notre coll\u00e8gue associ\u00e9 Rainer Koch de recevoir cette reconnaissance et cette estime. Le succ\u00e8s de cette fondation n'est possible que gr\u00e2ce au soutien de nombreux b\u00e9n\u00e9voles. Merci de votre engagement pour la bonne cause<\/p>\n<p>Plus d'informations sur : www.its-for-kids.de<\/p>\t\t\t\t\t\t\t\t<\/div>\n\t\t\t\t<\/div>\n\t\t\t\t\t<\/div>\n\t\t<\/div>\n\t\t\t\t\t<\/div>\n\t\t<\/section>\n\t\t\t\t\t<\/div>\n\t\t<\/div>\n\t\t\t\t\t<\/div>\n\t\t<\/section>\n\t\t\t\t<\/div>","protected":false},"excerpt":{"rendered":"<p>Soziale Projekte ADOR Engagiert sich nachhaltig im Kinderschutz Kinder sind unsere Zukunft. Sie ben\u00f6tigen nicht nur Liebe und Geborgenheit, sondern auch unseren Schutz. Rainer Koch, Gesellschafter der Ador Edelmetalle GmbH, hat im Jahr 2000 die Initiative It\u2019s for Kids gegr\u00fcndet. Als Spendenorganisation f\u00fcr Kinder setzt sich It\u2019s for Kids mit kreativen, aktiven und monet\u00e4ren Spenden&hellip;&nbsp;<a href=\"https:\/\/www.ador-dental.de\/fr\/soziales-engagement\/\" rel=\"bookmark\">Lire la suite \"<span class=\"screen-reader-text\">Engagement social<\/span><\/a><\/p>","protected":false},"author":1,"featured_media":0,"parent":0,"menu_order":0,"comment_status":"closed","ping_status":"closed","template":"","meta":{"neve_meta_sidebar":"full-width","neve_meta_container":"","neve_meta_enable_content_width":"on","neve_meta_content_width":100,"neve_meta_title_alignment":"","neve_meta_author_avatar":"","neve_post_elements_order":"","neve_meta_disable_header":"","neve_meta_disable_footer":"","neve_meta_disable_title":"on","_themeisle_gutenberg_block_has_review":false,"footnotes":""},"class_list":["post-4019","page","type-page","status-publish","hentry"],"yoast_head":"<!-- This site is optimized with the Yoast SEO plugin v27.4 - https:\/\/yoast.com\/product\/yoast-seo-wordpress\/ -->\n<title>Soziales Engagement - Ador Dental GmbH<\/title>\n<meta name=\"description\" content=\"Soziales Engagement: Ador Engagiert sich seit dem Jahr 2000 f\u00fcr den Kinderschutz durch die Gr\u00fcndung der Stiftung &quot;It&#039;s for kids&quot;.\" \/>\n<meta name=\"robots\" content=\"index, follow, max-snippet:-1, max-image-preview:large, max-video-preview:-1\" \/>\n<link rel=\"canonical\" href=\"https:\/\/www.ador-dental.de\/fr\/soziales-engagement\/\" \/>\n<meta property=\"og:locale\" content=\"fr_FR\" \/>\n<meta property=\"og:type\" content=\"article\" \/>\n<meta property=\"og:title\" content=\"Soziales Engagement - Ador Dental GmbH\" \/>\n<meta property=\"og:description\" content=\"Soziales Engagement: Ador Engagiert sich seit dem Jahr 2000 f\u00fcr den Kinderschutz durch die Gr\u00fcndung der Stiftung &quot;It&#039;s for kids&quot;.\" \/>\n<meta property=\"og:url\" content=\"https:\/\/www.ador-dental.de\/fr\/soziales-engagement\/\" \/>\n<meta property=\"og:site_name\" content=\"Ador Dental GmbH\" \/>\n<meta property=\"article:modified_time\" content=\"2023-10-13T09:09:09+00:00\" \/>\n<meta property=\"og:image\" content=\"https:\/\/www.ador-dental.de\/wp-content\/uploads\/2020\/01\/IFK-300x245.png\" \/>\n<meta name=\"twitter:card\" content=\"summary_large_image\" \/>\n<meta name=\"twitter:label1\" content=\"Dur\u00e9e de lecture estim\u00e9e\" \/>\n\t<meta name=\"twitter:data1\" content=\"2 minutes\" \/>\n<script type=\"application\/ld+json\" class=\"yoast-schema-graph\">{\"@context\":\"https:\\\/\\\/schema.org\",\"@graph\":[{\"@type\":\"WebPage\",\"@id\":\"https:\\\/\\\/www.ador-dental.de\\\/soziales-engagement\\\/\",\"url\":\"https:\\\/\\\/www.ador-dental.de\\\/soziales-engagement\\\/\",\"name\":\"Soziales Engagement - Ador Dental GmbH\",\"isPartOf\":{\"@id\":\"https:\\\/\\\/www.ador-dental.de\\\/en\\\/#website\"},\"primaryImageOfPage\":{\"@id\":\"https:\\\/\\\/www.ador-dental.de\\\/soziales-engagement\\\/#primaryimage\"},\"image\":{\"@id\":\"https:\\\/\\\/www.ador-dental.de\\\/soziales-engagement\\\/#primaryimage\"},\"thumbnailUrl\":\"https:\\\/\\\/www.ador-dental.de\\\/wp-content\\\/uploads\\\/2020\\\/01\\\/IFK-300x245.png\",\"datePublished\":\"2020-04-06T11:59:44+00:00\",\"dateModified\":\"2023-10-13T09:09:09+00:00\",\"description\":\"Soziales Engagement: Ador Engagiert sich seit dem Jahr 2000 f\u00fcr den Kinderschutz durch die Gr\u00fcndung der Stiftung \\\"It's for kids\\\".\",\"breadcrumb\":{\"@id\":\"https:\\\/\\\/www.ador-dental.de\\\/soziales-engagement\\\/#breadcrumb\"},\"inLanguage\":\"fr-FR\",\"potentialAction\":[{\"@type\":\"ReadAction\",\"target\":[\"https:\\\/\\\/www.ador-dental.de\\\/soziales-engagement\\\/\"]}]},{\"@type\":\"ImageObject\",\"inLanguage\":\"fr-FR\",\"@id\":\"https:\\\/\\\/www.ador-dental.de\\\/soziales-engagement\\\/#primaryimage\",\"url\":\"https:\\\/\\\/www.ador-dental.de\\\/wp-content\\\/uploads\\\/2020\\\/01\\\/IFK-300x245.png\",\"contentUrl\":\"https:\\\/\\\/www.ador-dental.de\\\/wp-content\\\/uploads\\\/2020\\\/01\\\/IFK-300x245.png\"},{\"@type\":\"BreadcrumbList\",\"@id\":\"https:\\\/\\\/www.ador-dental.de\\\/soziales-engagement\\\/#breadcrumb\",\"itemListElement\":[{\"@type\":\"ListItem\",\"position\":1,\"name\":\"Startseite\",\"item\":\"https:\\\/\\\/www.ador-dental.de\\\/\"},{\"@type\":\"ListItem\",\"position\":2,\"name\":\"Soziales Engagement\"}]},{\"@type\":\"WebSite\",\"@id\":\"https:\\\/\\\/www.ador-dental.de\\\/en\\\/#website\",\"url\":\"https:\\\/\\\/www.ador-dental.de\\\/en\\\/\",\"name\":\"Ador Dental GmbH\",\"description\":\"\",\"publisher\":{\"@id\":\"https:\\\/\\\/www.ador-dental.de\\\/en\\\/#organization\"},\"potentialAction\":[{\"@type\":\"SearchAction\",\"target\":{\"@type\":\"EntryPoint\",\"urlTemplate\":\"https:\\\/\\\/www.ador-dental.de\\\/en\\\/?s={search_term_string}\"},\"query-input\":{\"@type\":\"PropertyValueSpecification\",\"valueRequired\":true,\"valueName\":\"search_term_string\"}}],\"inLanguage\":\"fr-FR\"},{\"@type\":\"Organization\",\"@id\":\"https:\\\/\\\/www.ador-dental.de\\\/en\\\/#organization\",\"name\":\"Ador Dental GmbH\",\"url\":\"https:\\\/\\\/www.ador-dental.de\\\/en\\\/\",\"logo\":{\"@type\":\"ImageObject\",\"inLanguage\":\"fr-FR\",\"@id\":\"https:\\\/\\\/www.ador-dental.de\\\/en\\\/#\\\/schema\\\/logo\\\/image\\\/\",\"url\":\"https:\\\/\\\/www.ador-dental.de\\\/wp-content\\\/uploads\\\/2021\\\/10\\\/ADOR_Logo_DentalSolutions_2020_Black.svg\",\"contentUrl\":\"https:\\\/\\\/www.ador-dental.de\\\/wp-content\\\/uploads\\\/2021\\\/10\\\/ADOR_Logo_DentalSolutions_2020_Black.svg\",\"width\":678,\"height\":261,\"caption\":\"Ador Dental GmbH\"},\"image\":{\"@id\":\"https:\\\/\\\/www.ador-dental.de\\\/en\\\/#\\\/schema\\\/logo\\\/image\\\/\"}}]}<\/script>\n<!-- \/ Yoast SEO plugin. -->","yoast_head_json":{"title":"Soziales Engagement - Ador Dental GmbH","description":"Soziales Engagement: Ador Engagiert sich seit dem Jahr 2000 f\u00fcr den Kinderschutz durch die Gr\u00fcndung der Stiftung \"It's for kids\".","robots":{"index":"index","follow":"follow","max-snippet":"max-snippet:-1","max-image-preview":"max-image-preview:large","max-video-preview":"max-video-preview:-1"},"canonical":"https:\/\/www.ador-dental.de\/fr\/soziales-engagement\/","og_locale":"fr_FR","og_type":"article","og_title":"Soziales Engagement - Ador Dental GmbH","og_description":"Soziales Engagement: Ador Engagiert sich seit dem Jahr 2000 f\u00fcr den Kinderschutz durch die Gr\u00fcndung der Stiftung \"It's for kids\".","og_url":"https:\/\/www.ador-dental.de\/fr\/soziales-engagement\/","og_site_name":"Ador Dental GmbH","article_modified_time":"2023-10-13T09:09:09+00:00","og_image":[{"url":"https:\/\/www.ador-dental.de\/wp-content\/uploads\/2020\/01\/IFK-300x245.png","type":"","width":"","height":""}],"twitter_card":"summary_large_image","twitter_misc":{"Dur\u00e9e de lecture estim\u00e9e":"2 minutes"},"schema":{"@context":"https:\/\/schema.org","@graph":[{"@type":"WebPage","@id":"https:\/\/www.ador-dental.de\/soziales-engagement\/","url":"https:\/\/www.ador-dental.de\/soziales-engagement\/","name":"Soziales Engagement - Ador Dental GmbH","isPartOf":{"@id":"https:\/\/www.ador-dental.de\/en\/#website"},"primaryImageOfPage":{"@id":"https:\/\/www.ador-dental.de\/soziales-engagement\/#primaryimage"},"image":{"@id":"https:\/\/www.ador-dental.de\/soziales-engagement\/#primaryimage"},"thumbnailUrl":"https:\/\/www.ador-dental.de\/wp-content\/uploads\/2020\/01\/IFK-300x245.png","datePublished":"2020-04-06T11:59:44+00:00","dateModified":"2023-10-13T09:09:09+00:00","description":"Soziales Engagement: Ador Engagiert sich seit dem Jahr 2000 f\u00fcr den Kinderschutz durch die Gr\u00fcndung der Stiftung \"It's for kids\".","breadcrumb":{"@id":"https:\/\/www.ador-dental.de\/soziales-engagement\/#breadcrumb"},"inLanguage":"fr-FR","potentialAction":[{"@type":"ReadAction","target":["https:\/\/www.ador-dental.de\/soziales-engagement\/"]}]},{"@type":"ImageObject","inLanguage":"fr-FR","@id":"https:\/\/www.ador-dental.de\/soziales-engagement\/#primaryimage","url":"https:\/\/www.ador-dental.de\/wp-content\/uploads\/2020\/01\/IFK-300x245.png","contentUrl":"https:\/\/www.ador-dental.de\/wp-content\/uploads\/2020\/01\/IFK-300x245.png"},{"@type":"BreadcrumbList","@id":"https:\/\/www.ador-dental.de\/soziales-engagement\/#breadcrumb","itemListElement":[{"@type":"ListItem","position":1,"name":"Startseite","item":"https:\/\/www.ador-dental.de\/"},{"@type":"ListItem","position":2,"name":"Soziales Engagement"}]},{"@type":"WebSite","@id":"https:\/\/www.ador-dental.de\/en\/#website","url":"https:\/\/www.ador-dental.de\/en\/","name":"Ador Dental GmbH","description":"","publisher":{"@id":"https:\/\/www.ador-dental.de\/en\/#organization"},"potentialAction":[{"@type":"SearchAction","target":{"@type":"EntryPoint","urlTemplate":"https:\/\/www.ador-dental.de\/en\/?s={search_term_string}"},"query-input":{"@type":"PropertyValueSpecification","valueRequired":true,"valueName":"search_term_string"}}],"inLanguage":"fr-FR"},{"@type":"Organization","@id":"https:\/\/www.ador-dental.de\/en\/#organization","name":"Ador Dental GmbH","url":"https:\/\/www.ador-dental.de\/en\/","logo":{"@type":"ImageObject","inLanguage":"fr-FR","@id":"https:\/\/www.ador-dental.de\/en\/#\/schema\/logo\/image\/","url":"https:\/\/www.ador-dental.de\/wp-content\/uploads\/2021\/10\/ADOR_Logo_DentalSolutions_2020_Black.svg","contentUrl":"https:\/\/www.ador-dental.de\/wp-content\/uploads\/2021\/10\/ADOR_Logo_DentalSolutions_2020_Black.svg","width":678,"height":261,"caption":"Ador Dental GmbH"},"image":{"@id":"https:\/\/www.ador-dental.de\/en\/#\/schema\/logo\/image\/"}}]}},"_links":{"self":[{"href":"https:\/\/www.ador-dental.de\/fr\/wp-json\/wp\/v2\/pages\/4019","targetHints":{"allow":["GET"]}}],"collection":[{"href":"https:\/\/www.ador-dental.de\/fr\/wp-json\/wp\/v2\/pages"}],"about":[{"href":"https:\/\/www.ador-dental.de\/fr\/wp-json\/wp\/v2\/types\/page"}],"author":[{"embeddable":true,"href":"https:\/\/www.ador-dental.de\/fr\/wp-json\/wp\/v2\/users\/1"}],"replies":[{"embeddable":true,"href":"https:\/\/www.ador-dental.de\/fr\/wp-json\/wp\/v2\/comments?post=4019"}],"version-history":[{"count":16,"href":"https:\/\/www.ador-dental.de\/fr\/wp-json\/wp\/v2\/pages\/4019\/revisions"}],"predecessor-version":[{"id":27089,"href":"https:\/\/www.ador-dental.de\/fr\/wp-json\/wp\/v2\/pages\/4019\/revisions\/27089"}],"wp:attachment":[{"href":"https:\/\/www.ador-dental.de\/fr\/wp-json\/wp\/v2\/media?parent=4019"}],"curies":[{"name":"wp","href":"https:\/\/api.w.org\/{rel}","templated":true}]}}