{"id":12616,"date":"2020-09-18T16:18:57","date_gmt":"2020-09-18T14:18:57","guid":{"rendered":"https:\/\/new.ador-edelmetalle.de\/?page_id=12616"},"modified":"2020-09-18T16:48:29","modified_gmt":"2020-09-18T14:48:29","slug":"edelmetalle","status":"publish","type":"page","link":"https:\/\/www.ador-dental.de\/fr\/edelmetalle\/","title":{"rendered":"M\u00e9taux pr\u00e9cieux"},"content":{"rendered":"<div data-elementor-type=\"wp-page\" data-elementor-id=\"12616\" class=\"elementor elementor-12616\" data-elementor-post-type=\"page\">\n\t\t\t\t\t\t<section class=\"elementor-section elementor-top-section elementor-element elementor-element-abd4d0d elementor-section-height-min-height elementor-section-stretched elementor-section-boxed elementor-section-height-default elementor-section-items-middle\" data-id=\"abd4d0d\" data-element_type=\"section\" data-e-type=\"section\" data-settings=\"{&quot;background_background&quot;:&quot;classic&quot;,&quot;stretch_section&quot;:&quot;section-stretched&quot;}\">\n\t\t\t\t\t\t\t<div class=\"elementor-background-overlay\"><\/div>\n\t\t\t\t\t\t\t<div class=\"elementor-container elementor-column-gap-default\">\n\t\t\t\t\t<div class=\"elementor-column elementor-col-100 elementor-top-column elementor-element elementor-element-b7b6212\" data-id=\"b7b6212\" data-element_type=\"column\" data-e-type=\"column\">\n\t\t\t<div class=\"elementor-widget-wrap elementor-element-populated\">\n\t\t\t\t\t\t<section class=\"elementor-section elementor-inner-section elementor-element elementor-element-2fbfa13 elementor-section-boxed elementor-section-height-default elementor-section-height-default\" data-id=\"2fbfa13\" data-element_type=\"section\" data-e-type=\"section\">\n\t\t\t\t\t\t<div class=\"elementor-container elementor-column-gap-default\">\n\t\t\t\t\t<div class=\"elementor-column elementor-col-100 elementor-inner-column elementor-element elementor-element-037e52b\" data-id=\"037e52b\" data-element_type=\"column\" data-e-type=\"column\">\n\t\t\t<div class=\"elementor-widget-wrap elementor-element-populated\">\n\t\t\t\t\t\t<div class=\"elementor-element elementor-element-3f6108f elementor-widget elementor-widget-heading\" data-id=\"3f6108f\" data-element_type=\"widget\" data-e-type=\"widget\" data-widget_type=\"heading.default\">\n\t\t\t\t<div class=\"elementor-widget-container\">\n\t\t\t\t\t<h2 class=\"elementor-heading-title elementor-size-default\">Nos m\u00e9taux pr\u00e9cieux<\/h2>\t\t\t\t<\/div>\n\t\t\t\t<\/div>\n\t\t\t\t\t<\/div>\n\t\t<\/div>\n\t\t\t\t\t<\/div>\n\t\t<\/section>\n\t\t\t\t\t<\/div>\n\t\t<\/div>\n\t\t\t\t\t<\/div>\n\t\t<\/section>\n\t\t\t\t<section class=\"elementor-section elementor-top-section elementor-element elementor-element-b3d83b8 elementor-section-boxed elementor-section-height-default elementor-section-height-default\" data-id=\"b3d83b8\" data-element_type=\"section\" data-e-type=\"section\">\n\t\t\t\t\t\t<div class=\"elementor-container elementor-column-gap-default\">\n\t\t\t\t\t<div class=\"elementor-column elementor-col-100 elementor-top-column elementor-element elementor-element-f20f268\" data-id=\"f20f268\" data-element_type=\"column\" data-e-type=\"column\">\n\t\t\t<div class=\"elementor-widget-wrap elementor-element-populated\">\n\t\t\t\t\t\t<div class=\"elementor-element elementor-element-ffec732 elementor-widget elementor-widget-spacer\" data-id=\"ffec732\" data-element_type=\"widget\" data-e-type=\"widget\" data-widget_type=\"spacer.default\">\n\t\t\t\t<div class=\"elementor-widget-container\">\n\t\t\t\t\t\t\t<div class=\"elementor-spacer\">\n\t\t\t<div class=\"elementor-spacer-inner\"><\/div>\n\t\t<\/div>\n\t\t\t\t\t\t<\/div>\n\t\t\t\t<\/div>\n\t\t\t\t<div class=\"elementor-element elementor-element-e7da6c2 elementor-widget elementor-widget-heading\" data-id=\"e7da6c2\" data-element_type=\"widget\" data-e-type=\"widget\" data-widget_type=\"heading.default\">\n\t\t\t\t<div class=\"elementor-widget-container\">\n\t\t\t\t\t<h2 class=\"elementor-heading-title elementor-size-default\">Les m\u00e9taux pr\u00e9cieux comme placement de valeur<\/h2>\t\t\t\t<\/div>\n\t\t\t\t<\/div>\n\t\t\t\t<div class=\"elementor-element elementor-element-143e6ce elementor-widget elementor-widget-text-editor\" data-id=\"143e6ce\" data-element_type=\"widget\" data-e-type=\"widget\" data-widget_type=\"text-editor.default\">\n\t\t\t\t<div class=\"elementor-widget-container\">\n\t\t\t\t\t\t\t\t\t<p><strong>\"L'or du matin\"<\/strong> - Les march\u00e9s stagnent, les valeurs r\u00e9elles fluctuent et chacun cherche des possibilit\u00e9s de s\u00e9curisation du capital. Dans le langage populaire, on dit que \"l'oiseau qui se l\u00e8ve t\u00f4t attrape le ver\", mais m\u00eame celui qui creuse tard a sem\u00e9 la graine. Les m\u00e9taux pr\u00e9cieux ne disparaissent pas et, malgr\u00e9 la hausse des prix, leur valeur augmente \u00e9galement.<\/p>\n<p>Vous cherchez des moyens de s\u00e9curiser vos actifs ? Nous avons la solution \u00e0 votre probl\u00e8me. Avez-vous d\u00e9j\u00e0 pens\u00e9 \u00e0 une <strong>Garantie de la valeur par l'achat de m\u00e9taux pr\u00e9cieux<\/strong> en train de r\u00e9fl\u00e9chir ? Devenez d\u00e8s maintenant un investisseur d\u00e9tendu et procurez-vous votre placement en m\u00e9taux pr\u00e9cieux, jusqu'au plan d'\u00e9pargne.<\/p>\n<p>Aujourd'hui, quiconque acquiert un bien immobilier investit dans des garanties. Il en va de m\u00eame pour les m\u00e9taux pr\u00e9cieux. Si l'on regarde l'\u00e9volution de la valeur des m\u00e9taux pr\u00e9cieux au cours des derni\u00e8res ann\u00e9es, on constate qu'elle est en constante augmentation. En investissant dans des m\u00e9taux pr\u00e9cieux, vous investissez aussi dans votre avenir. Votre grand avantage : une valeur en hausse, <strong>profitent<\/strong> <strong>Vous aussi !<\/strong><\/p>\n<p>Il n'y a ni trop t\u00f4t ni trop tard pour investir dans les m\u00e9taux pr\u00e9cieux. M\u00eame si vous manquez la hausse de la valeur, vous \u00e9vitez d'\u00e9normes pertes de valeur gr\u00e2ce \u00e0 la stabilit\u00e9 historiquement prouv\u00e9e des cours des m\u00e9taux pr\u00e9cieux.<\/p>\n<p><strong>Obtenez le prix du march\u00e9 d\u00e8s maintenant<\/strong><sup>*1)<\/sup><strong> directement aupr\u00e8s du fabricant avec une capacit\u00e9 de livraison garantie<\/strong>. Tout ce qui brille n'est pas or, faites confiance \u00e0 l'authentique.<\/p>\n<p><sup>*1)<\/sup> Les prix du march\u00e9 sont actualis\u00e9s en permanence et se basent sur les cours boursiers actuels. Prix uniquement sur demande.<\/p>\t\t\t\t\t\t\t\t<\/div>\n\t\t\t\t<\/div>\n\t\t\t\t\t<\/div>\n\t\t<\/div>\n\t\t\t\t\t<\/div>\n\t\t<\/section>\n\t\t\t\t<section class=\"elementor-section elementor-top-section elementor-element elementor-element-f96e5ad elementor-section-boxed elementor-section-height-default elementor-section-height-default\" data-id=\"f96e5ad\" data-element_type=\"section\" data-e-type=\"section\">\n\t\t\t\t\t\t<div class=\"elementor-container elementor-column-gap-default\">\n\t\t\t\t\t<div class=\"elementor-column elementor-col-33 elementor-top-column elementor-element elementor-element-a7ccab8\" data-id=\"a7ccab8\" data-element_type=\"column\" data-e-type=\"column\">\n\t\t\t<div class=\"elementor-widget-wrap elementor-element-populated\">\n\t\t\t\t\t\t<div class=\"elementor-element elementor-element-63deeed elementor-align-center elementor-widget elementor-widget-button\" data-id=\"63deeed\" data-element_type=\"widget\" data-e-type=\"widget\" data-widget_type=\"button.default\">\n\t\t\t\t<div class=\"elementor-widget-container\">\n\t\t\t\t\t\t\t\t\t<div class=\"elementor-button-wrapper\">\n\t\t\t\t\t<a class=\"elementor-button elementor-button-link elementor-size-lg\" href=\"\/fr\/categorie-produit\/ador-analog\/edelmetalle\/feingold\/\">\n\t\t\t\t\t\t<span class=\"elementor-button-content-wrapper\">\n\t\t\t\t\t\t\t\t\t<span class=\"elementor-button-text\">Vers l'or fin<\/span>\n\t\t\t\t\t<\/span>\n\t\t\t\t\t<\/a>\n\t\t\t\t<\/div>\n\t\t\t\t\t\t\t\t<\/div>\n\t\t\t\t<\/div>\n\t\t\t\t\t<\/div>\n\t\t<\/div>\n\t\t\t\t<div class=\"elementor-column elementor-col-33 elementor-top-column elementor-element elementor-element-617ae0d\" data-id=\"617ae0d\" data-element_type=\"column\" data-e-type=\"column\">\n\t\t\t<div class=\"elementor-widget-wrap elementor-element-populated\">\n\t\t\t\t\t\t<div class=\"elementor-element elementor-element-bd56dbe elementor-align-center elementor-widget elementor-widget-button\" data-id=\"bd56dbe\" data-element_type=\"widget\" data-e-type=\"widget\" data-widget_type=\"button.default\">\n\t\t\t\t<div class=\"elementor-widget-container\">\n\t\t\t\t\t\t\t\t\t<div class=\"elementor-button-wrapper\">\n\t\t\t\t\t<a class=\"elementor-button elementor-button-link elementor-size-lg\" href=\"\/fr\/categorie-produit\/ador-analog\/edelmetalle\/feinsilber\/\">\n\t\t\t\t\t\t<span class=\"elementor-button-content-wrapper\">\n\t\t\t\t\t\t\t\t\t<span class=\"elementor-button-text\">Vers l'argent fin<\/span>\n\t\t\t\t\t<\/span>\n\t\t\t\t\t<\/a>\n\t\t\t\t<\/div>\n\t\t\t\t\t\t\t\t<\/div>\n\t\t\t\t<\/div>\n\t\t\t\t\t<\/div>\n\t\t<\/div>\n\t\t\t\t<div class=\"elementor-column elementor-col-33 elementor-top-column elementor-element elementor-element-750493a\" data-id=\"750493a\" data-element_type=\"column\" data-e-type=\"column\">\n\t\t\t<div class=\"elementor-widget-wrap elementor-element-populated\">\n\t\t\t\t\t\t<div class=\"elementor-element elementor-element-1596e4e elementor-align-center elementor-widget elementor-widget-button\" data-id=\"1596e4e\" data-element_type=\"widget\" data-e-type=\"widget\" data-widget_type=\"button.default\">\n\t\t\t\t<div class=\"elementor-widget-container\">\n\t\t\t\t\t\t\t\t\t<div class=\"elementor-button-wrapper\">\n\t\t\t\t\t<a class=\"elementor-button elementor-button-link elementor-size-lg\" href=\"\/fr\/categorie-produit\/ador-analog\/edelmetalle\/its-for-kids\/\">\n\t\t\t\t\t\t<span class=\"elementor-button-content-wrapper\">\n\t\t\t\t\t\t\t\t\t<span class=\"elementor-button-text\">It's for Kids M\u00e9taux<\/span>\n\t\t\t\t\t<\/span>\n\t\t\t\t\t<\/a>\n\t\t\t\t<\/div>\n\t\t\t\t\t\t\t\t<\/div>\n\t\t\t\t<\/div>\n\t\t\t\t\t<\/div>\n\t\t<\/div>\n\t\t\t\t\t<\/div>\n\t\t<\/section>\n\t\t\t\t<\/div>","protected":false},"excerpt":{"rendered":"<p>Unsere Edelmetalle Edelmetalle als Wertanlage \u201eMorgenstund\u2018 hat Gold im Mund\u201c \u2013 Die M\u00e4rkte stagnieren, Sachwerte schwanken und jeder sucht nach Kapitalsicherungsm\u00f6glichkeiten. Im Volksmund sagt man: \u201eDer fr\u00fche Vogel f\u00e4ngt den Wurm\u201c, aber auch wer sp\u00e4t noch gr\u00e4bt hat die Saat ges\u00e4t. Edelmetalle vergehen nicht und auch trotz steigender Preise der Wert steigt mit. Sie suchen&hellip;&nbsp;<a href=\"https:\/\/www.ador-dental.de\/fr\/edelmetalle\/\" rel=\"bookmark\">Lire la suite \"<span class=\"screen-reader-text\">M\u00e9taux pr\u00e9cieux<\/span><\/a><\/p>","protected":false},"author":1,"featured_media":0,"parent":0,"menu_order":0,"comment_status":"closed","ping_status":"closed","template":"","meta":{"neve_meta_sidebar":"full-width","neve_meta_container":"","neve_meta_enable_content_width":"on","neve_meta_content_width":100,"neve_meta_title_alignment":"","neve_meta_author_avatar":"","neve_post_elements_order":"","neve_meta_disable_header":"","neve_meta_disable_footer":"","neve_meta_disable_title":"on","_themeisle_gutenberg_block_has_review":false,"footnotes":""},"class_list":["post-12616","page","type-page","status-publish","hentry"],"yoast_head":"<!-- This site is optimized with the Yoast SEO plugin v27.5 - https:\/\/yoast.com\/product\/yoast-seo-wordpress\/ -->\n<title>Edelmetalle - Ador Dental GmbH<\/title>\n<meta name=\"robots\" content=\"index, follow, max-snippet:-1, max-image-preview:large, max-video-preview:-1\" \/>\n<link rel=\"canonical\" href=\"https:\/\/www.ador-dental.de\/fr\/edelmetalle\/\" \/>\n<meta property=\"og:locale\" content=\"fr_FR\" \/>\n<meta property=\"og:type\" content=\"article\" \/>\n<meta property=\"og:title\" content=\"Edelmetalle - Ador Dental GmbH\" \/>\n<meta property=\"og:description\" content=\"Unsere Edelmetalle Edelmetalle als Wertanlage \u201eMorgenstund\u2018 hat Gold im Mund\u201c \u2013 Die M\u00e4rkte stagnieren, Sachwerte schwanken und jeder sucht nach Kapitalsicherungsm\u00f6glichkeiten. Im Volksmund sagt man: \u201eDer fr\u00fche Vogel f\u00e4ngt den Wurm\u201c, aber auch wer sp\u00e4t noch gr\u00e4bt hat die Saat ges\u00e4t. Edelmetalle vergehen nicht und auch trotz steigender Preise der Wert steigt mit. Sie suchen&hellip;&nbsp;Lire la suite &raquo;Edelmetalle\" \/>\n<meta property=\"og:url\" content=\"https:\/\/www.ador-dental.de\/fr\/edelmetalle\/\" \/>\n<meta property=\"og:site_name\" content=\"Ador Dental GmbH\" \/>\n<meta property=\"article:modified_time\" content=\"2020-09-18T14:48:29+00:00\" \/>\n<meta name=\"twitter:card\" content=\"summary_large_image\" \/>\n<meta name=\"twitter:label1\" content=\"Dur\u00e9e de lecture estim\u00e9e\" \/>\n\t<meta name=\"twitter:data1\" content=\"1 minute\" \/>\n<script type=\"application\/ld+json\" class=\"yoast-schema-graph\">{\"@context\":\"https:\\\/\\\/schema.org\",\"@graph\":[{\"@type\":\"WebPage\",\"@id\":\"https:\\\/\\\/www.ador-dental.de\\\/fr\\\/edelmetalle\\\/\",\"url\":\"https:\\\/\\\/www.ador-dental.de\\\/fr\\\/edelmetalle\\\/\",\"name\":\"Edelmetalle - Ador Dental GmbH\",\"isPartOf\":{\"@id\":\"https:\\\/\\\/www.ador-dental.de\\\/en\\\/#website\"},\"datePublished\":\"2020-09-18T14:18:57+00:00\",\"dateModified\":\"2020-09-18T14:48:29+00:00\",\"breadcrumb\":{\"@id\":\"https:\\\/\\\/www.ador-dental.de\\\/fr\\\/edelmetalle\\\/#breadcrumb\"},\"inLanguage\":\"fr-FR\",\"potentialAction\":[{\"@type\":\"ReadAction\",\"target\":[\"https:\\\/\\\/www.ador-dental.de\\\/fr\\\/edelmetalle\\\/\"]}]},{\"@type\":\"BreadcrumbList\",\"@id\":\"https:\\\/\\\/www.ador-dental.de\\\/fr\\\/edelmetalle\\\/#breadcrumb\",\"itemListElement\":[{\"@type\":\"ListItem\",\"position\":1,\"name\":\"Startseite\",\"item\":\"https:\\\/\\\/www.ador-dental.de\\\/\"},{\"@type\":\"ListItem\",\"position\":2,\"name\":\"Edelmetalle\"}]},{\"@type\":\"WebSite\",\"@id\":\"https:\\\/\\\/www.ador-dental.de\\\/en\\\/#website\",\"url\":\"https:\\\/\\\/www.ador-dental.de\\\/en\\\/\",\"name\":\"Ador Dental GmbH\",\"description\":\"\",\"publisher\":{\"@id\":\"https:\\\/\\\/www.ador-dental.de\\\/en\\\/#organization\"},\"potentialAction\":[{\"@type\":\"SearchAction\",\"target\":{\"@type\":\"EntryPoint\",\"urlTemplate\":\"https:\\\/\\\/www.ador-dental.de\\\/en\\\/?s={search_term_string}\"},\"query-input\":{\"@type\":\"PropertyValueSpecification\",\"valueRequired\":true,\"valueName\":\"search_term_string\"}}],\"inLanguage\":\"fr-FR\"},{\"@type\":\"Organization\",\"@id\":\"https:\\\/\\\/www.ador-dental.de\\\/en\\\/#organization\",\"name\":\"Ador Dental GmbH\",\"url\":\"https:\\\/\\\/www.ador-dental.de\\\/en\\\/\",\"logo\":{\"@type\":\"ImageObject\",\"inLanguage\":\"fr-FR\",\"@id\":\"https:\\\/\\\/www.ador-dental.de\\\/en\\\/#\\\/schema\\\/logo\\\/image\\\/\",\"url\":\"https:\\\/\\\/www.ador-dental.de\\\/wp-content\\\/uploads\\\/2021\\\/10\\\/ADOR_Logo_DentalSolutions_2020_Black.svg\",\"contentUrl\":\"https:\\\/\\\/www.ador-dental.de\\\/wp-content\\\/uploads\\\/2021\\\/10\\\/ADOR_Logo_DentalSolutions_2020_Black.svg\",\"width\":678,\"height\":261,\"caption\":\"Ador Dental GmbH\"},\"image\":{\"@id\":\"https:\\\/\\\/www.ador-dental.de\\\/en\\\/#\\\/schema\\\/logo\\\/image\\\/\"}}]}<\/script>\n<!-- \/ Yoast SEO plugin. -->","yoast_head_json":{"title":"Edelmetalle - Ador Dental GmbH","robots":{"index":"index","follow":"follow","max-snippet":"max-snippet:-1","max-image-preview":"max-image-preview:large","max-video-preview":"max-video-preview:-1"},"canonical":"https:\/\/www.ador-dental.de\/fr\/edelmetalle\/","og_locale":"fr_FR","og_type":"article","og_title":"Edelmetalle - Ador Dental GmbH","og_description":"Unsere Edelmetalle Edelmetalle als Wertanlage \u201eMorgenstund\u2018 hat Gold im Mund\u201c \u2013 Die M\u00e4rkte stagnieren, Sachwerte schwanken und jeder sucht nach Kapitalsicherungsm\u00f6glichkeiten. Im Volksmund sagt man: \u201eDer fr\u00fche Vogel f\u00e4ngt den Wurm\u201c, aber auch wer sp\u00e4t noch gr\u00e4bt hat die Saat ges\u00e4t. Edelmetalle vergehen nicht und auch trotz steigender Preise der Wert steigt mit. Sie suchen&hellip;&nbsp;Lire la suite &raquo;Edelmetalle","og_url":"https:\/\/www.ador-dental.de\/fr\/edelmetalle\/","og_site_name":"Ador Dental GmbH","article_modified_time":"2020-09-18T14:48:29+00:00","twitter_card":"summary_large_image","twitter_misc":{"Dur\u00e9e de lecture estim\u00e9e":"1 minute"},"schema":{"@context":"https:\/\/schema.org","@graph":[{"@type":"WebPage","@id":"https:\/\/www.ador-dental.de\/fr\/edelmetalle\/","url":"https:\/\/www.ador-dental.de\/fr\/edelmetalle\/","name":"Edelmetalle - Ador Dental GmbH","isPartOf":{"@id":"https:\/\/www.ador-dental.de\/en\/#website"},"datePublished":"2020-09-18T14:18:57+00:00","dateModified":"2020-09-18T14:48:29+00:00","breadcrumb":{"@id":"https:\/\/www.ador-dental.de\/fr\/edelmetalle\/#breadcrumb"},"inLanguage":"fr-FR","potentialAction":[{"@type":"ReadAction","target":["https:\/\/www.ador-dental.de\/fr\/edelmetalle\/"]}]},{"@type":"BreadcrumbList","@id":"https:\/\/www.ador-dental.de\/fr\/edelmetalle\/#breadcrumb","itemListElement":[{"@type":"ListItem","position":1,"name":"Startseite","item":"https:\/\/www.ador-dental.de\/"},{"@type":"ListItem","position":2,"name":"Edelmetalle"}]},{"@type":"WebSite","@id":"https:\/\/www.ador-dental.de\/en\/#website","url":"https:\/\/www.ador-dental.de\/en\/","name":"Ador Dental GmbH","description":"","publisher":{"@id":"https:\/\/www.ador-dental.de\/en\/#organization"},"potentialAction":[{"@type":"SearchAction","target":{"@type":"EntryPoint","urlTemplate":"https:\/\/www.ador-dental.de\/en\/?s={search_term_string}"},"query-input":{"@type":"PropertyValueSpecification","valueRequired":true,"valueName":"search_term_string"}}],"inLanguage":"fr-FR"},{"@type":"Organization","@id":"https:\/\/www.ador-dental.de\/en\/#organization","name":"Ador Dental GmbH","url":"https:\/\/www.ador-dental.de\/en\/","logo":{"@type":"ImageObject","inLanguage":"fr-FR","@id":"https:\/\/www.ador-dental.de\/en\/#\/schema\/logo\/image\/","url":"https:\/\/www.ador-dental.de\/wp-content\/uploads\/2021\/10\/ADOR_Logo_DentalSolutions_2020_Black.svg","contentUrl":"https:\/\/www.ador-dental.de\/wp-content\/uploads\/2021\/10\/ADOR_Logo_DentalSolutions_2020_Black.svg","width":678,"height":261,"caption":"Ador Dental GmbH"},"image":{"@id":"https:\/\/www.ador-dental.de\/en\/#\/schema\/logo\/image\/"}}]}},"_links":{"self":[{"href":"https:\/\/www.ador-dental.de\/fr\/wp-json\/wp\/v2\/pages\/12616","targetHints":{"allow":["GET"]}}],"collection":[{"href":"https:\/\/www.ador-dental.de\/fr\/wp-json\/wp\/v2\/pages"}],"about":[{"href":"https:\/\/www.ador-dental.de\/fr\/wp-json\/wp\/v2\/types\/page"}],"author":[{"embeddable":true,"href":"https:\/\/www.ador-dental.de\/fr\/wp-json\/wp\/v2\/users\/1"}],"replies":[{"embeddable":true,"href":"https:\/\/www.ador-dental.de\/fr\/wp-json\/wp\/v2\/comments?post=12616"}],"version-history":[{"count":0,"href":"https:\/\/www.ador-dental.de\/fr\/wp-json\/wp\/v2\/pages\/12616\/revisions"}],"wp:attachment":[{"href":"https:\/\/www.ador-dental.de\/fr\/wp-json\/wp\/v2\/media?parent=12616"}],"curies":[{"name":"wp","href":"https:\/\/api.w.org\/{rel}","templated":true}]}}