{"id":626,"date":"2019-12-10T11:55:36","date_gmt":"2019-12-10T10:55:36","guid":{"rendered":"https:\/\/new.ador-edelmetalle.de\/produkt\/import-placeholder-for-6896\/"},"modified":"2026-04-30T08:50:24","modified_gmt":"2026-04-30T06:50:24","slug":"influ-lot-950-stg","status":"publish","type":"product","link":"https:\/\/www.ador-dental.de\/es\/producto\/influ-lot-950-stg\/","title":{"rendered":"InfluLot 950 STG"},"content":{"rendered":"<p><a href=\"https:\/\/www.ador-dental.de\/wp-content\/uploads\/2025\/03\/IFUDentallote_rev.06.2022_DE.001.pdf\">&gt;&gt;Descargar instrucciones de uso<\/a><\/p>\n<p>Informaci\u00f3n general<\/p>\n<table border=\"1\" width=\"80%\" cellpadding=\"1%\">\n<caption><strong>Composici\u00f3n Fracciones de masa en %<\/strong><\/caption>\n<tbody>\n<tr>\n<td>Au<\/td>\n<td>76,5<\/td>\n<\/tr>\n<tr>\n<td>Zn<\/td>\n<td>6,5<\/td>\n<\/tr>\n<tr>\n<td>Ni<\/td>\n<td>16,5<\/td>\n<\/tr>\n<tr>\n<td>Cu<\/td>\n<td>&lt; 1<\/td>\n<\/tr>\n<\/tbody>\n<\/table>\n<p><strong>N\u00famero de revisi\u00f3n:<\/strong>\u00a0R0119<\/p>\n<hr \/>\n<table border=\"1\" width=\"80%\" cellpadding=\"1%\">\n<caption>Detalles t\u00e9cnicos<\/caption>\n<tbody>\n<tr>\n<td>Temperatura de trabajo<\/td>\n<td>950 \u00b0C<\/td>\n<\/tr>\n<tr>\n<td>Intervalo de fusi\u00f3n<\/td>\n<td>865-930 \u00b0C<\/td>\n<\/tr>\n<\/tbody>\n<\/table>","protected":false},"excerpt":{"rendered":"<p>Aleaci\u00f3n con propiedades electroqu\u00edmicas probadas seg\u00fan las normas definidas en la ISO 10271.<br \/>\nAlto valor de potencial de ruptura con excelente resistencia a la corrosi\u00f3n.<\/p>\n<p><strong>Debido a la evoluci\u00f3n actual de los precios de las materias primas, todas las aleaciones se publican por el momento a precio diario. Los precios se actualizan cada ma\u00f1ana a las 11.00 horas.<\/strong><\/p>","protected":false},"featured_media":6519,"comment_status":"open","ping_status":"closed","template":"","meta":{"neve_meta_sidebar":"","neve_meta_container":"","neve_meta_enable_content_width":"off","neve_meta_content_width":70,"neve_meta_title_alignment":"","neve_meta_author_avatar":"","neve_post_elements_order":"","neve_meta_disable_header":"","neve_meta_disable_footer":"","neve_meta_disable_title":"","_themeisle_gutenberg_block_has_review":false},"product_brand":[],"product_cat":[33,34,55],"product_tag":[],"class_list":{"0":"post-626","1":"product","2":"type-product","3":"status-publish","4":"has-post-thumbnail","6":"product_cat-legierungen","7":"product_cat-em-legierungen","8":"product_cat-lote","10":"first","11":"instock","12":"taxable","13":"shipping-taxable","14":"purchasable","15":"product-type-simple"},"yoast_head":"<!-- This site is optimized with the Yoast SEO plugin v27.4 - https:\/\/yoast.com\/product\/yoast-seo-wordpress\/ -->\n<title>InfluLot 950 STG - Ador Dental GmbH<\/title>\n<meta name=\"description\" content=\"Influ Lot 950 STG mit hohem Wert des Durchbruchspotentials bei hervorragender Korrosionsbest\u00e4ndigkeit. Elektrochemische Eigenschaften gem. ISO 10271.\" \/>\n<meta name=\"robots\" content=\"index, follow, max-snippet:-1, max-image-preview:large, max-video-preview:-1\" \/>\n<link rel=\"canonical\" href=\"https:\/\/www.ador-dental.de\/es\/producto\/influ-lot-950-stg\/\" \/>\n<meta property=\"og:locale\" content=\"es_ES\" \/>\n<meta property=\"og:type\" content=\"article\" \/>\n<meta property=\"og:title\" content=\"InfluLot 950 STG - Ador Dental GmbH\" \/>\n<meta property=\"og:description\" content=\"Influ Lot 950 STG mit hohem Wert des Durchbruchspotentials bei hervorragender Korrosionsbest\u00e4ndigkeit. Elektrochemische Eigenschaften gem. ISO 10271.\" \/>\n<meta property=\"og:url\" content=\"https:\/\/www.ador-dental.de\/es\/producto\/influ-lot-950-stg\/\" \/>\n<meta property=\"og:site_name\" content=\"Ador Dental GmbH\" \/>\n<meta property=\"article:modified_time\" content=\"2026-04-30T06:50:24+00:00\" \/>\n<meta property=\"og:image\" content=\"https:\/\/www.ador-dental.de\/wp-content\/uploads\/2019\/12\/InfluLot-scaled.jpg\" \/>\n\t<meta property=\"og:image:width\" content=\"2560\" \/>\n\t<meta property=\"og:image:height\" content=\"2551\" \/>\n\t<meta property=\"og:image:type\" content=\"image\/jpeg\" \/>\n<meta name=\"twitter:card\" content=\"summary_large_image\" \/>\n<meta name=\"twitter:label1\" content=\"Tiempo de lectura\" \/>\n\t<meta name=\"twitter:data1\" content=\"1 minuto\" \/>\n<script type=\"application\/ld+json\" class=\"yoast-schema-graph\">{\"@context\":\"https:\\\/\\\/schema.org\",\"@graph\":[{\"@type\":\"WebPage\",\"@id\":\"https:\\\/\\\/www.ador-dental.de\\\/produkt\\\/influ-lot-950-stg\\\/\",\"url\":\"https:\\\/\\\/www.ador-dental.de\\\/produkt\\\/influ-lot-950-stg\\\/\",\"name\":\"InfluLot 950 STG - Ador Dental GmbH\",\"isPartOf\":{\"@id\":\"https:\\\/\\\/www.ador-dental.de\\\/en\\\/#website\"},\"primaryImageOfPage\":{\"@id\":\"https:\\\/\\\/www.ador-dental.de\\\/produkt\\\/influ-lot-950-stg\\\/#primaryimage\"},\"image\":{\"@id\":\"https:\\\/\\\/www.ador-dental.de\\\/produkt\\\/influ-lot-950-stg\\\/#primaryimage\"},\"thumbnailUrl\":\"https:\\\/\\\/www.ador-dental.de\\\/wp-content\\\/uploads\\\/2019\\\/12\\\/InfluLot-scaled.jpg\",\"datePublished\":\"2019-12-10T10:55:36+00:00\",\"dateModified\":\"2026-04-30T06:50:24+00:00\",\"description\":\"Influ Lot 950 STG mit hohem Wert des Durchbruchspotentials bei hervorragender Korrosionsbest\u00e4ndigkeit. Elektrochemische Eigenschaften gem. ISO 10271.\",\"breadcrumb\":{\"@id\":\"https:\\\/\\\/www.ador-dental.de\\\/produkt\\\/influ-lot-950-stg\\\/#breadcrumb\"},\"inLanguage\":\"es\",\"potentialAction\":[{\"@type\":\"ReadAction\",\"target\":[\"https:\\\/\\\/www.ador-dental.de\\\/produkt\\\/influ-lot-950-stg\\\/\"]}]},{\"@type\":\"ImageObject\",\"inLanguage\":\"es\",\"@id\":\"https:\\\/\\\/www.ador-dental.de\\\/produkt\\\/influ-lot-950-stg\\\/#primaryimage\",\"url\":\"https:\\\/\\\/www.ador-dental.de\\\/wp-content\\\/uploads\\\/2019\\\/12\\\/InfluLot-scaled.jpg\",\"contentUrl\":\"https:\\\/\\\/www.ador-dental.de\\\/wp-content\\\/uploads\\\/2019\\\/12\\\/InfluLot-scaled.jpg\",\"width\":2560,\"height\":2551},{\"@type\":\"BreadcrumbList\",\"@id\":\"https:\\\/\\\/www.ador-dental.de\\\/produkt\\\/influ-lot-950-stg\\\/#breadcrumb\",\"itemListElement\":[{\"@type\":\"ListItem\",\"position\":1,\"name\":\"Startseite\",\"item\":\"https:\\\/\\\/www.ador-dental.de\\\/\"},{\"@type\":\"ListItem\",\"position\":2,\"name\":\"Shop\",\"item\":\"https:\\\/\\\/www.ador-dental.de\\\/en\\\/shop\\\/\"},{\"@type\":\"ListItem\",\"position\":3,\"name\":\"InfluLot 950 STG\"}]},{\"@type\":\"WebSite\",\"@id\":\"https:\\\/\\\/www.ador-dental.de\\\/en\\\/#website\",\"url\":\"https:\\\/\\\/www.ador-dental.de\\\/en\\\/\",\"name\":\"Ador Dental GmbH\",\"description\":\"\",\"publisher\":{\"@id\":\"https:\\\/\\\/www.ador-dental.de\\\/en\\\/#organization\"},\"potentialAction\":[{\"@type\":\"SearchAction\",\"target\":{\"@type\":\"EntryPoint\",\"urlTemplate\":\"https:\\\/\\\/www.ador-dental.de\\\/en\\\/?s={search_term_string}\"},\"query-input\":{\"@type\":\"PropertyValueSpecification\",\"valueRequired\":true,\"valueName\":\"search_term_string\"}}],\"inLanguage\":\"es\"},{\"@type\":\"Organization\",\"@id\":\"https:\\\/\\\/www.ador-dental.de\\\/en\\\/#organization\",\"name\":\"Ador Dental GmbH\",\"url\":\"https:\\\/\\\/www.ador-dental.de\\\/en\\\/\",\"logo\":{\"@type\":\"ImageObject\",\"inLanguage\":\"es\",\"@id\":\"https:\\\/\\\/www.ador-dental.de\\\/en\\\/#\\\/schema\\\/logo\\\/image\\\/\",\"url\":\"https:\\\/\\\/www.ador-dental.de\\\/wp-content\\\/uploads\\\/2021\\\/10\\\/ADOR_Logo_DentalSolutions_2020_Black.svg\",\"contentUrl\":\"https:\\\/\\\/www.ador-dental.de\\\/wp-content\\\/uploads\\\/2021\\\/10\\\/ADOR_Logo_DentalSolutions_2020_Black.svg\",\"width\":678,\"height\":261,\"caption\":\"Ador Dental GmbH\"},\"image\":{\"@id\":\"https:\\\/\\\/www.ador-dental.de\\\/en\\\/#\\\/schema\\\/logo\\\/image\\\/\"}}]}<\/script>\n<!-- \/ Yoast SEO plugin. -->","yoast_head_json":{"title":"InfluLot 950 STG - Ador Dental GmbH","description":"Influ Lot 950 STG mit hohem Wert des Durchbruchspotentials bei hervorragender Korrosionsbest\u00e4ndigkeit. Elektrochemische Eigenschaften gem. ISO 10271.","robots":{"index":"index","follow":"follow","max-snippet":"max-snippet:-1","max-image-preview":"max-image-preview:large","max-video-preview":"max-video-preview:-1"},"canonical":"https:\/\/www.ador-dental.de\/es\/producto\/influ-lot-950-stg\/","og_locale":"es_ES","og_type":"article","og_title":"InfluLot 950 STG - Ador Dental GmbH","og_description":"Influ Lot 950 STG mit hohem Wert des Durchbruchspotentials bei hervorragender Korrosionsbest\u00e4ndigkeit. Elektrochemische Eigenschaften gem. ISO 10271.","og_url":"https:\/\/www.ador-dental.de\/es\/producto\/influ-lot-950-stg\/","og_site_name":"Ador Dental GmbH","article_modified_time":"2026-04-30T06:50:24+00:00","og_image":[{"width":2560,"height":2551,"url":"https:\/\/www.ador-dental.de\/wp-content\/uploads\/2019\/12\/InfluLot-scaled.jpg","type":"image\/jpeg"}],"twitter_card":"summary_large_image","twitter_misc":{"Tiempo de lectura":"1 minuto"},"schema":{"@context":"https:\/\/schema.org","@graph":[{"@type":"WebPage","@id":"https:\/\/www.ador-dental.de\/produkt\/influ-lot-950-stg\/","url":"https:\/\/www.ador-dental.de\/produkt\/influ-lot-950-stg\/","name":"InfluLot 950 STG - Ador Dental GmbH","isPartOf":{"@id":"https:\/\/www.ador-dental.de\/en\/#website"},"primaryImageOfPage":{"@id":"https:\/\/www.ador-dental.de\/produkt\/influ-lot-950-stg\/#primaryimage"},"image":{"@id":"https:\/\/www.ador-dental.de\/produkt\/influ-lot-950-stg\/#primaryimage"},"thumbnailUrl":"https:\/\/www.ador-dental.de\/wp-content\/uploads\/2019\/12\/InfluLot-scaled.jpg","datePublished":"2019-12-10T10:55:36+00:00","dateModified":"2026-04-30T06:50:24+00:00","description":"Influ Lot 950 STG mit hohem Wert des Durchbruchspotentials bei hervorragender Korrosionsbest\u00e4ndigkeit. Elektrochemische Eigenschaften gem. ISO 10271.","breadcrumb":{"@id":"https:\/\/www.ador-dental.de\/produkt\/influ-lot-950-stg\/#breadcrumb"},"inLanguage":"es","potentialAction":[{"@type":"ReadAction","target":["https:\/\/www.ador-dental.de\/produkt\/influ-lot-950-stg\/"]}]},{"@type":"ImageObject","inLanguage":"es","@id":"https:\/\/www.ador-dental.de\/produkt\/influ-lot-950-stg\/#primaryimage","url":"https:\/\/www.ador-dental.de\/wp-content\/uploads\/2019\/12\/InfluLot-scaled.jpg","contentUrl":"https:\/\/www.ador-dental.de\/wp-content\/uploads\/2019\/12\/InfluLot-scaled.jpg","width":2560,"height":2551},{"@type":"BreadcrumbList","@id":"https:\/\/www.ador-dental.de\/produkt\/influ-lot-950-stg\/#breadcrumb","itemListElement":[{"@type":"ListItem","position":1,"name":"Startseite","item":"https:\/\/www.ador-dental.de\/"},{"@type":"ListItem","position":2,"name":"Shop","item":"https:\/\/www.ador-dental.de\/en\/shop\/"},{"@type":"ListItem","position":3,"name":"InfluLot 950 STG"}]},{"@type":"WebSite","@id":"https:\/\/www.ador-dental.de\/en\/#website","url":"https:\/\/www.ador-dental.de\/en\/","name":"Ador Dental GmbH","description":"","publisher":{"@id":"https:\/\/www.ador-dental.de\/en\/#organization"},"potentialAction":[{"@type":"SearchAction","target":{"@type":"EntryPoint","urlTemplate":"https:\/\/www.ador-dental.de\/en\/?s={search_term_string}"},"query-input":{"@type":"PropertyValueSpecification","valueRequired":true,"valueName":"search_term_string"}}],"inLanguage":"es"},{"@type":"Organization","@id":"https:\/\/www.ador-dental.de\/en\/#organization","name":"Ador Dental GmbH","url":"https:\/\/www.ador-dental.de\/en\/","logo":{"@type":"ImageObject","inLanguage":"es","@id":"https:\/\/www.ador-dental.de\/en\/#\/schema\/logo\/image\/","url":"https:\/\/www.ador-dental.de\/wp-content\/uploads\/2021\/10\/ADOR_Logo_DentalSolutions_2020_Black.svg","contentUrl":"https:\/\/www.ador-dental.de\/wp-content\/uploads\/2021\/10\/ADOR_Logo_DentalSolutions_2020_Black.svg","width":678,"height":261,"caption":"Ador Dental GmbH"},"image":{"@id":"https:\/\/www.ador-dental.de\/en\/#\/schema\/logo\/image\/"}}]}},"_links":{"self":[{"href":"https:\/\/www.ador-dental.de\/es\/wp-json\/wp\/v2\/product\/626","targetHints":{"allow":["GET"]}}],"collection":[{"href":"https:\/\/www.ador-dental.de\/es\/wp-json\/wp\/v2\/product"}],"about":[{"href":"https:\/\/www.ador-dental.de\/es\/wp-json\/wp\/v2\/types\/product"}],"replies":[{"embeddable":true,"href":"https:\/\/www.ador-dental.de\/es\/wp-json\/wp\/v2\/comments?post=626"}],"version-history":[{"count":5,"href":"https:\/\/www.ador-dental.de\/es\/wp-json\/wp\/v2\/product\/626\/revisions"}],"predecessor-version":[{"id":30315,"href":"https:\/\/www.ador-dental.de\/es\/wp-json\/wp\/v2\/product\/626\/revisions\/30315"}],"wp:featuredmedia":[{"embeddable":true,"href":"https:\/\/www.ador-dental.de\/es\/wp-json\/wp\/v2\/media\/6519"}],"wp:attachment":[{"href":"https:\/\/www.ador-dental.de\/es\/wp-json\/wp\/v2\/media?parent=626"}],"wp:term":[{"taxonomy":"product_brand","embeddable":true,"href":"https:\/\/www.ador-dental.de\/es\/wp-json\/wp\/v2\/product_brand?post=626"},{"taxonomy":"product_cat","embeddable":true,"href":"https:\/\/www.ador-dental.de\/es\/wp-json\/wp\/v2\/product_cat?post=626"},{"taxonomy":"product_tag","embeddable":true,"href":"https:\/\/www.ador-dental.de\/es\/wp-json\/wp\/v2\/product_tag?post=626"}],"curies":[{"name":"wp","href":"https:\/\/api.w.org\/{rel}","templated":true}]}}