{"id":596,"date":"2019-12-10T11:55:30","date_gmt":"2019-12-10T10:55:30","guid":{"rendered":"https:\/\/new.ador-edelmetalle.de\/produkt\/import-placeholder-for-6815\/"},"modified":"2026-04-02T09:24:03","modified_gmt":"2026-04-02T07:24:03","slug":"dentalgusslegierung-ador-m-hochgoldhaltig-auf-goldbasis-ador-edelmetalle","status":"publish","type":"product","link":"https:\/\/www.ador-dental.de\/es\/producto\/dentalgusslegierung-ador-m-hochgoldhaltig-auf-goldbasis-ador-edelmetalle\/","title":{"rendered":"ADOR M"},"content":{"rendered":"<p><strong>&gt;&gt;&gt;<a  data-e-disable-page-transition=\"true\" class=\"download-link\" title=\"\" href=\"https:\/\/www.ador-dental.de\/es\/download\/28176\/?tmstv=1775350945\" rel=\"nofollow\" id=\"download-link-28176\" data-redirect=\"false\" >\n\tGebrAnw-Dental-Base-Alloy-Ador-M.pdf<\/a>\n&lt;&lt;&lt;<\/strong><\/p>\n<table width=\"646\">\n<tbody>\n<tr>\n<td width=\"155\"><strong>Tipo:<\/strong><\/td>\n<td width=\"491\">Aleaci\u00f3n de fundici\u00f3n dental con alto contenido en oro, tipo 4 (extraduro),<\/p>\n<p>seg\u00fan la norma DIN EN ISO 22674<\/td>\n<\/tr>\n<tr>\n<td width=\"155\"><strong>Color:<\/strong><\/td>\n<td width=\"491\">amarillo<\/td>\n<\/tr>\n<\/tbody>\n<\/table>\n<p>&nbsp;<\/p>\n<table width=\"646\">\n<tbody>\n<tr>\n<td width=\"155\"><strong>Indicaciones:<\/strong><\/td>\n<td width=\"310\">Inlays, Onlays<\/td>\n<td width=\"181\">\u25cf<\/td>\n<\/tr>\n<tr>\n<td width=\"155\"><\/td>\n<td width=\"310\">Coronas<\/td>\n<td width=\"181\">\u25cf<\/td>\n<\/tr>\n<tr>\n<td width=\"155\"><\/td>\n<td width=\"310\">peque\u00f1os puentes<\/td>\n<td width=\"181\">\u25cf<\/td>\n<\/tr>\n<tr>\n<td width=\"155\"><\/td>\n<td width=\"310\">Puentes de cualquier envergadura fisiol\u00f3gica<\/td>\n<td width=\"181\">\u25cf<\/td>\n<\/tr>\n<tr>\n<td width=\"155\"><\/td>\n<td width=\"310\">Trabajos de fresado, conos y accesorios<\/td>\n<td width=\"181\">\u25cf<sup>*<\/sup><\/td>\n<\/tr>\n<tr>\n<td width=\"155\"><\/td>\n<td width=\"310\">Reparto de modelos<\/td>\n<td width=\"181\">\u25cf<\/td>\n<\/tr>\n<\/tbody>\n<\/table>\n<p>&nbsp;<\/p>\n<table width=\"646\">\n<tbody>\n<tr>\n<td width=\"155\"><strong>Composici\u00f3n:<\/strong><\/td>\n<td width=\"310\">Au<\/td>\n<td width=\"181\">70,00<\/td>\n<\/tr>\n<tr>\n<td width=\"155\">(fracciones de masa en %)<\/td>\n<td width=\"310\">Pt<\/td>\n<td width=\"181\">\u00a0 4,40<\/td>\n<\/tr>\n<tr>\n<td width=\"155\"><\/td>\n<td width=\"310\">Pd<\/td>\n<td width=\"181\">\u00a0 2,00<\/td>\n<\/tr>\n<tr>\n<td width=\"155\"><\/td>\n<td width=\"310\">Ir<\/td>\n<td width=\"181\">\u00a0 0,10<\/td>\n<\/tr>\n<tr>\n<td width=\"155\"><\/td>\n<td width=\"310\">Ag<\/td>\n<td width=\"181\">13,50<\/td>\n<\/tr>\n<tr>\n<td width=\"155\"><\/td>\n<td width=\"310\">Cu<\/td>\n<td width=\"181\">\u00a0 8,80<\/td>\n<\/tr>\n<tr>\n<td width=\"155\"><\/td>\n<td width=\"310\">Zn<\/td>\n<td width=\"181\">\u00a0 1,20<\/td>\n<\/tr>\n<\/tbody>\n<\/table>\n<p>&nbsp;<\/p>\n<table width=\"649\">\n<tbody>\n<tr>\n<td width=\"155\"><strong>Datos t\u00e9cnicos:<\/strong><\/td>\n<td width=\"310\">Densidad en g\/cm\u00b3<\/td>\n<td width=\"184\">15,5<\/td>\n<\/tr>\n<tr>\n<td width=\"155\"><strong>\u00a0<\/strong><\/td>\n<td width=\"310\">Dureza Vickers HV 5\/30<\/td>\n<td width=\"184\">(s)230<\/td>\n<\/tr>\n<tr>\n<td width=\"155\"><strong>\u00a0<\/strong><\/td>\n<td width=\"310\">Resistencia a la fluencia R<sub>p0,2<\/sub> en MPa<\/td>\n<td width=\"184\">(s)550<\/td>\n<\/tr>\n<tr>\n<td width=\"155\"><strong>\u00a0<\/strong><\/td>\n<td width=\"310\">Alargamiento a la rotura en %<\/td>\n<td width=\"184\">(s)13<\/td>\n<\/tr>\n<tr>\n<td width=\"155\"><\/td>\n<td width=\"310\">M\u00f3dulo E en GPa<\/td>\n<td width=\"184\">120<\/td>\n<\/tr>\n<tr>\n<td width=\"155\"><\/td>\n<td width=\"310\">Intervalo de fusi\u00f3n en \u00b0C<\/td>\n<td width=\"184\">890-980<\/td>\n<\/tr>\n<\/tbody>\n<\/table>\n<p>&nbsp;<\/p>\n<table width=\"646\">\n<tbody>\n<tr>\n<td width=\"155\"><strong>Procesamiento:<\/strong><\/td>\n<td width=\"310\">Temperatura de precalentamiento de los moldes en \u00b0C<\/td>\n<td width=\"181\">750<\/td>\n<\/tr>\n<tr>\n<td width=\"155\"><\/td>\n<td width=\"310\">Temperatura de vertido en \u00b0C<\/td>\n<td width=\"181\">1130<\/td>\n<\/tr>\n<tr>\n<td width=\"155\"><\/td>\n<td width=\"310\">Crisol<\/td>\n<td width=\"181\">Grafito<\/td>\n<\/tr>\n<tr>\n<td width=\"155\"><\/td>\n<td width=\"310\">Endurecimiento<\/td>\n<td width=\"181\">No se puede curar<\/td>\n<\/tr>\n<\/tbody>\n<\/table>\n<p>&nbsp;<\/p>\n<table width=\"648\">\n<tbody>\n<tr>\n<td width=\"155\"><strong>Soldaduras adecuadas:<\/strong><\/td>\n<td width=\"310\">Conexiones como aleaci\u00f3n de fundici\u00f3n<\/td>\n<td width=\"183\">AL 800<\/td>\n<\/tr>\n<tr>\n<td width=\"155\"><strong>\u00a0<\/strong><\/td>\n<td width=\"310\">Conexiones como aleaci\u00f3n de fundici\u00f3n<\/td>\n<td width=\"183\">AL 750<\/td>\n<\/tr>\n<\/tbody>\n<\/table>\n<p>&nbsp;<\/p>\n<p>1) Abreviaturas:<\/p>\n<p>s - autocurado, n - tras la cocci\u00f3n de la cer\u00e1mica, a-s - curado desde el estado s<\/p>\n<p>a-n - curado del estado n<\/p>\n<p>&nbsp;<\/p>\n<p>2) toda la informaci\u00f3n sobre el estado de endurecimiento se dio seg\u00fan la aleaci\u00f3n:<\/p>\n<p>- Cocci\u00f3n de \u00f3xido 10min\/ 960\u00b0C + 4x4min\/ 960\u00b0C para aleaciones amarillas de cocci\u00f3n convencional<\/p>\n<p>- Cocci\u00f3n de \u00f3xido 10min\/ 980\u00b0C + 4x4min\/ 980\u00b0C para aleaciones blancas de fusi\u00f3n convencional<\/p>\n<p>- Cocci\u00f3n de \u00f3xido 10min\/ 800\u00b0C + 4x4min\/ 800\u00b0C para sistemas LFC<\/p>\n<p>Las especificaciones de valores correspondientes s\u00f3lo son v\u00e1lidas en estas condiciones.<\/p>\n<p>&nbsp;<\/p>\n<p>3) La cocci\u00f3n de la cer\u00e1mica debe realizarse seg\u00fan las instrucciones del fabricante de la misma.<\/p>\n<p>&nbsp;<\/p>\n<p>*) Dependiendo del contenido de cobre, puede producirse una decoloraci\u00f3n. Nos remitimos a nuestro documento INDIFKGRX.<\/p>","protected":false},"excerpt":{"rendered":"<p><strong>Paquete \u00e1 25g<\/strong><\/p>\n<p>Aleaci\u00f3n de fundici\u00f3n de alto contenido en oro<\/p>\n<p><strong>Debido a la evoluci\u00f3n actual de los precios de las materias primas, todas las aleaciones se publican por el momento a precio diario. Los precios se actualizan cada ma\u00f1ana a las 11.00 horas.<\/strong><\/p>","protected":false},"featured_media":29967,"comment_status":"open","ping_status":"closed","template":"","meta":{"neve_meta_sidebar":"","neve_meta_container":"","neve_meta_enable_content_width":"off","neve_meta_content_width":70,"neve_meta_title_alignment":"","neve_meta_author_avatar":"","neve_post_elements_order":"","neve_meta_disable_header":"","neve_meta_disable_footer":"","neve_meta_disable_title":"","_themeisle_gutenberg_block_has_review":false},"product_brand":[],"product_cat":[33,34,36,41],"product_tag":[],"class_list":{"0":"post-596","1":"product","2":"type-product","3":"status-publish","4":"has-post-thumbnail","6":"product_cat-legierungen","7":"product_cat-em-legierungen","8":"product_cat-gusslegierungen","9":"product_cat-hochgoldhaltig-gusslegierungen","11":"first","12":"instock","13":"taxable","14":"shipping-taxable","15":"purchasable","16":"product-type-simple"},"yoast_head":"<!-- This site is optimized with the Yoast SEO plugin v27.2 - https:\/\/yoast.com\/product\/yoast-seo-wordpress\/ -->\n<title>ADOR M - Ador Dental GmbH<\/title>\n<meta name=\"description\" content=\"Ador M ist eine hochgoldhaltige Dentalgusslegierung auf Goldbasis, Typ 4 gem. DIN EN ISO 22674. Farbe: Gelb\" \/>\n<meta name=\"robots\" content=\"index, follow, max-snippet:-1, max-image-preview:large, max-video-preview:-1\" \/>\n<link rel=\"canonical\" href=\"https:\/\/www.ador-dental.de\/es\/producto\/dentalgusslegierung-ador-m-hochgoldhaltig-auf-goldbasis-ador-edelmetalle\/\" \/>\n<meta property=\"og:locale\" content=\"es_ES\" \/>\n<meta property=\"og:type\" content=\"article\" \/>\n<meta property=\"og:title\" content=\"ADOR M - Ador Dental GmbH\" \/>\n<meta property=\"og:description\" content=\"Ador M ist eine hochgoldhaltige Dentalgusslegierung auf Goldbasis, Typ 4 gem. DIN EN ISO 22674. Farbe: Gelb\" \/>\n<meta property=\"og:url\" content=\"https:\/\/www.ador-dental.de\/es\/producto\/dentalgusslegierung-ador-m-hochgoldhaltig-auf-goldbasis-ador-edelmetalle\/\" \/>\n<meta property=\"og:site_name\" content=\"Ador Dental GmbH\" \/>\n<meta property=\"article:modified_time\" content=\"2026-04-02T07:24:03+00:00\" \/>\n<meta property=\"og:image\" content=\"https:\/\/www.ador-dental.de\/wp-content\/uploads\/2025\/07\/Ador-M-PB.png\" \/>\n\t<meta property=\"og:image:width\" content=\"1024\" \/>\n\t<meta property=\"og:image:height\" content=\"1024\" \/>\n\t<meta property=\"og:image:type\" content=\"image\/png\" \/>\n<meta name=\"twitter:card\" content=\"summary_large_image\" \/>\n<meta name=\"twitter:label1\" content=\"Tiempo de lectura\" \/>\n\t<meta name=\"twitter:data1\" content=\"1 minuto\" \/>\n<script type=\"application\/ld+json\" class=\"yoast-schema-graph\">{\"@context\":\"https:\/\/schema.org\",\"@graph\":[{\"@type\":\"WebPage\",\"@id\":\"https:\/\/www.ador-dental.de\/produkt\/dentalgusslegierung-ador-m-hochgoldhaltig-auf-goldbasis-ador-edelmetalle\/\",\"url\":\"https:\/\/www.ador-dental.de\/produkt\/dentalgusslegierung-ador-m-hochgoldhaltig-auf-goldbasis-ador-edelmetalle\/\",\"name\":\"ADOR M - Ador Dental GmbH\",\"isPartOf\":{\"@id\":\"https:\/\/www.ador-dental.de\/en\/#website\"},\"primaryImageOfPage\":{\"@id\":\"https:\/\/www.ador-dental.de\/produkt\/dentalgusslegierung-ador-m-hochgoldhaltig-auf-goldbasis-ador-edelmetalle\/#primaryimage\"},\"image\":{\"@id\":\"https:\/\/www.ador-dental.de\/produkt\/dentalgusslegierung-ador-m-hochgoldhaltig-auf-goldbasis-ador-edelmetalle\/#primaryimage\"},\"thumbnailUrl\":\"https:\/\/www.ador-dental.de\/wp-content\/uploads\/2025\/07\/Ador-M-PB.png\",\"datePublished\":\"2019-12-10T10:55:30+00:00\",\"dateModified\":\"2026-04-02T07:24:03+00:00\",\"description\":\"Ador M ist eine hochgoldhaltige Dentalgusslegierung auf Goldbasis, Typ 4 gem. DIN EN ISO 22674. Farbe: Gelb\",\"breadcrumb\":{\"@id\":\"https:\/\/www.ador-dental.de\/produkt\/dentalgusslegierung-ador-m-hochgoldhaltig-auf-goldbasis-ador-edelmetalle\/#breadcrumb\"},\"inLanguage\":\"es\",\"potentialAction\":[{\"@type\":\"ReadAction\",\"target\":[\"https:\/\/www.ador-dental.de\/produkt\/dentalgusslegierung-ador-m-hochgoldhaltig-auf-goldbasis-ador-edelmetalle\/\"]}]},{\"@type\":\"ImageObject\",\"inLanguage\":\"es\",\"@id\":\"https:\/\/www.ador-dental.de\/produkt\/dentalgusslegierung-ador-m-hochgoldhaltig-auf-goldbasis-ador-edelmetalle\/#primaryimage\",\"url\":\"https:\/\/www.ador-dental.de\/wp-content\/uploads\/2025\/07\/Ador-M-PB.png\",\"contentUrl\":\"https:\/\/www.ador-dental.de\/wp-content\/uploads\/2025\/07\/Ador-M-PB.png\",\"width\":1024,\"height\":1024},{\"@type\":\"BreadcrumbList\",\"@id\":\"https:\/\/www.ador-dental.de\/produkt\/dentalgusslegierung-ador-m-hochgoldhaltig-auf-goldbasis-ador-edelmetalle\/#breadcrumb\",\"itemListElement\":[{\"@type\":\"ListItem\",\"position\":1,\"name\":\"Startseite\",\"item\":\"https:\/\/www.ador-dental.de\/\"},{\"@type\":\"ListItem\",\"position\":2,\"name\":\"Shop\",\"item\":\"https:\/\/www.ador-dental.de\/en\/shop\/\"},{\"@type\":\"ListItem\",\"position\":3,\"name\":\"ADOR M\"}]},{\"@type\":\"WebSite\",\"@id\":\"https:\/\/www.ador-dental.de\/en\/#website\",\"url\":\"https:\/\/www.ador-dental.de\/en\/\",\"name\":\"Ador Dental GmbH\",\"description\":\"\",\"publisher\":{\"@id\":\"https:\/\/www.ador-dental.de\/en\/#organization\"},\"potentialAction\":[{\"@type\":\"SearchAction\",\"target\":{\"@type\":\"EntryPoint\",\"urlTemplate\":\"https:\/\/www.ador-dental.de\/en\/?s={search_term_string}\"},\"query-input\":{\"@type\":\"PropertyValueSpecification\",\"valueRequired\":true,\"valueName\":\"search_term_string\"}}],\"inLanguage\":\"es\"},{\"@type\":\"Organization\",\"@id\":\"https:\/\/www.ador-dental.de\/en\/#organization\",\"name\":\"Ador Dental GmbH\",\"url\":\"https:\/\/www.ador-dental.de\/en\/\",\"logo\":{\"@type\":\"ImageObject\",\"inLanguage\":\"es\",\"@id\":\"https:\/\/www.ador-dental.de\/en\/#\/schema\/logo\/image\/\",\"url\":\"https:\/\/www.ador-dental.de\/wp-content\/uploads\/2021\/10\/ADOR_Logo_DentalSolutions_2020_Black.svg\",\"contentUrl\":\"https:\/\/www.ador-dental.de\/wp-content\/uploads\/2021\/10\/ADOR_Logo_DentalSolutions_2020_Black.svg\",\"width\":678,\"height\":261,\"caption\":\"Ador Dental GmbH\"},\"image\":{\"@id\":\"https:\/\/www.ador-dental.de\/en\/#\/schema\/logo\/image\/\"}}]}<\/script>\n<!-- \/ Yoast SEO plugin. -->","yoast_head_json":{"title":"ADOR M - Ador Dental GmbH","description":"Ador M ist eine hochgoldhaltige Dentalgusslegierung auf Goldbasis, Typ 4 gem. DIN EN ISO 22674. Farbe: Gelb","robots":{"index":"index","follow":"follow","max-snippet":"max-snippet:-1","max-image-preview":"max-image-preview:large","max-video-preview":"max-video-preview:-1"},"canonical":"https:\/\/www.ador-dental.de\/es\/producto\/dentalgusslegierung-ador-m-hochgoldhaltig-auf-goldbasis-ador-edelmetalle\/","og_locale":"es_ES","og_type":"article","og_title":"ADOR M - Ador Dental GmbH","og_description":"Ador M ist eine hochgoldhaltige Dentalgusslegierung auf Goldbasis, Typ 4 gem. DIN EN ISO 22674. Farbe: Gelb","og_url":"https:\/\/www.ador-dental.de\/es\/producto\/dentalgusslegierung-ador-m-hochgoldhaltig-auf-goldbasis-ador-edelmetalle\/","og_site_name":"Ador Dental GmbH","article_modified_time":"2026-04-02T07:24:03+00:00","og_image":[{"width":1024,"height":1024,"url":"https:\/\/www.ador-dental.de\/wp-content\/uploads\/2025\/07\/Ador-M-PB.png","type":"image\/png"}],"twitter_card":"summary_large_image","twitter_misc":{"Tiempo de lectura":"1 minuto"},"schema":{"@context":"https:\/\/schema.org","@graph":[{"@type":"WebPage","@id":"https:\/\/www.ador-dental.de\/produkt\/dentalgusslegierung-ador-m-hochgoldhaltig-auf-goldbasis-ador-edelmetalle\/","url":"https:\/\/www.ador-dental.de\/produkt\/dentalgusslegierung-ador-m-hochgoldhaltig-auf-goldbasis-ador-edelmetalle\/","name":"ADOR M - Ador Dental GmbH","isPartOf":{"@id":"https:\/\/www.ador-dental.de\/en\/#website"},"primaryImageOfPage":{"@id":"https:\/\/www.ador-dental.de\/produkt\/dentalgusslegierung-ador-m-hochgoldhaltig-auf-goldbasis-ador-edelmetalle\/#primaryimage"},"image":{"@id":"https:\/\/www.ador-dental.de\/produkt\/dentalgusslegierung-ador-m-hochgoldhaltig-auf-goldbasis-ador-edelmetalle\/#primaryimage"},"thumbnailUrl":"https:\/\/www.ador-dental.de\/wp-content\/uploads\/2025\/07\/Ador-M-PB.png","datePublished":"2019-12-10T10:55:30+00:00","dateModified":"2026-04-02T07:24:03+00:00","description":"Ador M ist eine hochgoldhaltige Dentalgusslegierung auf Goldbasis, Typ 4 gem. DIN EN ISO 22674. Farbe: Gelb","breadcrumb":{"@id":"https:\/\/www.ador-dental.de\/produkt\/dentalgusslegierung-ador-m-hochgoldhaltig-auf-goldbasis-ador-edelmetalle\/#breadcrumb"},"inLanguage":"es","potentialAction":[{"@type":"ReadAction","target":["https:\/\/www.ador-dental.de\/produkt\/dentalgusslegierung-ador-m-hochgoldhaltig-auf-goldbasis-ador-edelmetalle\/"]}]},{"@type":"ImageObject","inLanguage":"es","@id":"https:\/\/www.ador-dental.de\/produkt\/dentalgusslegierung-ador-m-hochgoldhaltig-auf-goldbasis-ador-edelmetalle\/#primaryimage","url":"https:\/\/www.ador-dental.de\/wp-content\/uploads\/2025\/07\/Ador-M-PB.png","contentUrl":"https:\/\/www.ador-dental.de\/wp-content\/uploads\/2025\/07\/Ador-M-PB.png","width":1024,"height":1024},{"@type":"BreadcrumbList","@id":"https:\/\/www.ador-dental.de\/produkt\/dentalgusslegierung-ador-m-hochgoldhaltig-auf-goldbasis-ador-edelmetalle\/#breadcrumb","itemListElement":[{"@type":"ListItem","position":1,"name":"Startseite","item":"https:\/\/www.ador-dental.de\/"},{"@type":"ListItem","position":2,"name":"Shop","item":"https:\/\/www.ador-dental.de\/en\/shop\/"},{"@type":"ListItem","position":3,"name":"ADOR M"}]},{"@type":"WebSite","@id":"https:\/\/www.ador-dental.de\/en\/#website","url":"https:\/\/www.ador-dental.de\/en\/","name":"Ador Dental GmbH","description":"","publisher":{"@id":"https:\/\/www.ador-dental.de\/en\/#organization"},"potentialAction":[{"@type":"SearchAction","target":{"@type":"EntryPoint","urlTemplate":"https:\/\/www.ador-dental.de\/en\/?s={search_term_string}"},"query-input":{"@type":"PropertyValueSpecification","valueRequired":true,"valueName":"search_term_string"}}],"inLanguage":"es"},{"@type":"Organization","@id":"https:\/\/www.ador-dental.de\/en\/#organization","name":"Ador Dental GmbH","url":"https:\/\/www.ador-dental.de\/en\/","logo":{"@type":"ImageObject","inLanguage":"es","@id":"https:\/\/www.ador-dental.de\/en\/#\/schema\/logo\/image\/","url":"https:\/\/www.ador-dental.de\/wp-content\/uploads\/2021\/10\/ADOR_Logo_DentalSolutions_2020_Black.svg","contentUrl":"https:\/\/www.ador-dental.de\/wp-content\/uploads\/2021\/10\/ADOR_Logo_DentalSolutions_2020_Black.svg","width":678,"height":261,"caption":"Ador Dental GmbH"},"image":{"@id":"https:\/\/www.ador-dental.de\/en\/#\/schema\/logo\/image\/"}}]}},"_links":{"self":[{"href":"https:\/\/www.ador-dental.de\/es\/wp-json\/wp\/v2\/product\/596","targetHints":{"allow":["GET"]}}],"collection":[{"href":"https:\/\/www.ador-dental.de\/es\/wp-json\/wp\/v2\/product"}],"about":[{"href":"https:\/\/www.ador-dental.de\/es\/wp-json\/wp\/v2\/types\/product"}],"replies":[{"embeddable":true,"href":"https:\/\/www.ador-dental.de\/es\/wp-json\/wp\/v2\/comments?post=596"}],"version-history":[{"count":5,"href":"https:\/\/www.ador-dental.de\/es\/wp-json\/wp\/v2\/product\/596\/revisions"}],"predecessor-version":[{"id":30362,"href":"https:\/\/www.ador-dental.de\/es\/wp-json\/wp\/v2\/product\/596\/revisions\/30362"}],"wp:featuredmedia":[{"embeddable":true,"href":"https:\/\/www.ador-dental.de\/es\/wp-json\/wp\/v2\/media\/29967"}],"wp:attachment":[{"href":"https:\/\/www.ador-dental.de\/es\/wp-json\/wp\/v2\/media?parent=596"}],"wp:term":[{"taxonomy":"product_brand","embeddable":true,"href":"https:\/\/www.ador-dental.de\/es\/wp-json\/wp\/v2\/product_brand?post=596"},{"taxonomy":"product_cat","embeddable":true,"href":"https:\/\/www.ador-dental.de\/es\/wp-json\/wp\/v2\/product_cat?post=596"},{"taxonomy":"product_tag","embeddable":true,"href":"https:\/\/www.ador-dental.de\/es\/wp-json\/wp\/v2\/product_tag?post=596"}],"curies":[{"name":"wp","href":"https:\/\/api.w.org\/{rel}","templated":true}]}}