{"id":580,"date":"2019-12-10T11:55:29","date_gmt":"2019-12-10T10:55:29","guid":{"rendered":"https:\/\/new.ador-edelmetalle.de\/produkt\/import-placeholder-for-6301\/"},"modified":"2026-04-24T08:55:01","modified_gmt":"2026-04-24T06:55:01","slug":"edelmetalllegierung-ador-tk-85","status":"publish","type":"product","link":"https:\/\/www.ador-dental.de\/es\/producto\/edelmetalllegierung-ador-tk-85\/","title":{"rendered":"Ador TK 85"},"content":{"rendered":"<p><strong>&gt;&gt;&gt;<a  data-e-disable-page-transition=\"true\" class=\"download-link\" title=\"\" href=\"https:\/\/www.ador-dental.de\/es\/download\/28198\/?tmstv=1777029823\" rel=\"nofollow\" id=\"download-link-28198\" data-redirect=\"false\" >\n\tGebrAnw-Dental-Base-Alloy-TK-85.pdf<\/a>\n&lt;&lt;&lt;<\/strong><\/p>\n<table width=\"484.8\" cellspacing=\"0\" cellpadding=\"0\">\n<tbody>\n<tr>\n<td valign=\"top\"><b>Tipo:<\/b><\/td>\n<td valign=\"top\">Aleaci\u00f3n de fundici\u00f3n dental con alto contenido en oro, tipo 4 (extraduro),<span class=\"Apple-converted-space\">\u00a0<\/span><\/p>\n<p>seg\u00fan la norma DIN EN ISO 22674<\/td>\n<\/tr>\n<tr>\n<td valign=\"top\"><b>Color:<\/b><\/td>\n<td valign=\"top\">amarillo<\/td>\n<\/tr>\n<\/tbody>\n<\/table>\n<table width=\"484.8\" cellspacing=\"0\" cellpadding=\"0\">\n<tbody>\n<tr>\n<td valign=\"top\"><b>Indicaciones:<\/b><\/td>\n<td valign=\"top\">Inlays, Onlays<\/td>\n<td valign=\"top\">\u25cf<\/td>\n<\/tr>\n<tr>\n<td valign=\"top\"><\/td>\n<td valign=\"top\">Coronas<\/td>\n<td valign=\"top\">\u25cf<\/td>\n<\/tr>\n<tr>\n<td valign=\"top\"><\/td>\n<td valign=\"top\">peque\u00f1os puentes<\/td>\n<td valign=\"top\">\u25cf<\/td>\n<\/tr>\n<tr>\n<td valign=\"top\"><\/td>\n<td valign=\"top\">Puentes de cualquier envergadura fisiol\u00f3gica<\/td>\n<td valign=\"top\">\u25cf<\/td>\n<\/tr>\n<tr>\n<td valign=\"top\"><\/td>\n<td valign=\"top\">Trabajos de fresado, conos y accesorios<span class=\"Apple-converted-space\">\u00a0<\/span><\/td>\n<td valign=\"top\">\u25cf<\/td>\n<\/tr>\n<tr>\n<td valign=\"top\"><\/td>\n<td valign=\"top\">Reparto de modelos<\/td>\n<td valign=\"top\"><\/td>\n<\/tr>\n<\/tbody>\n<\/table>\n<table width=\"486.0\" cellspacing=\"0\" cellpadding=\"0\">\n<tbody>\n<tr>\n<td valign=\"top\"><b>Composici\u00f3n:<\/b><\/td>\n<td valign=\"top\">Au<\/td>\n<td valign=\"top\">85,30<\/td>\n<\/tr>\n<tr>\n<td valign=\"top\">(fracciones de masa en %)<\/td>\n<td valign=\"top\">Pt<\/td>\n<td valign=\"top\"><span class=\"Apple-converted-space\">\u00a0 <\/span>9,90<\/td>\n<\/tr>\n<tr>\n<td valign=\"top\"><\/td>\n<td valign=\"top\">Ir<\/td>\n<td valign=\"top\"><span class=\"Apple-converted-space\">\u00a0 <\/span>0,10<\/td>\n<\/tr>\n<tr>\n<td valign=\"top\"><\/td>\n<td valign=\"top\">Rh<\/td>\n<td valign=\"top\"><span class=\"Apple-converted-space\">\u00a0 <\/span>0,70<\/td>\n<\/tr>\n<tr>\n<td valign=\"top\"><\/td>\n<td valign=\"top\">Zn<\/td>\n<td valign=\"top\"><span class=\"Apple-converted-space\">\u00a0 <\/span>3,00<\/td>\n<\/tr>\n<tr>\n<td valign=\"top\"><\/td>\n<td valign=\"top\">En<\/td>\n<td valign=\"top\"><span class=\"Apple-converted-space\">\u00a0 <\/span>1,00<\/td>\n<\/tr>\n<\/tbody>\n<\/table>\n<table width=\"484.8\" cellspacing=\"0\" cellpadding=\"0\">\n<tbody>\n<tr>\n<td valign=\"top\"><b>Datos t\u00e9cnicos:<\/b><\/td>\n<td valign=\"top\">Densidad en g\/cm\u00b3<\/td>\n<td valign=\"top\">18,2<\/td>\n<\/tr>\n<tr>\n<td valign=\"top\"><\/td>\n<td valign=\"top\">Dureza Vickers HV 5\/30<span class=\"Apple-converted-space\">\u00a0<\/span><\/td>\n<td valign=\"top\">(s) 180<span class=\"Apple-converted-space\">\u00a0 \u00a0 \u00a0 \u00a0 <\/span>(a-s) 200 <span class=\"Apple-converted-space\">\u00a0 \u00a0 \u00a0 \u00a0 \u00a0 \u00a0 \u00a0<\/span><\/td>\n<\/tr>\n<tr>\n<td valign=\"top\"><\/td>\n<td valign=\"top\">Resistencia a la fluencia R<sub>p0,2<\/sub> en MPa<\/td>\n<td valign=\"top\">(s) 410<span class=\"Apple-converted-space\">\u00a0 \u00a0 \u00a0 \u00a0 <\/span>(a-s) 500<\/td>\n<\/tr>\n<tr>\n<td valign=\"top\"><\/td>\n<td valign=\"top\">Alargamiento a la rotura en %<span class=\"Apple-converted-space\">\u00a0<\/span><\/td>\n<td valign=\"top\">(s) 4<span class=\"Apple-converted-space\">\u00a0 \u00a0 \u00a0 \u00a0 \u00a0 \u00a0 <\/span>(a-s) 4<\/td>\n<\/tr>\n<tr>\n<td valign=\"top\"><\/td>\n<td valign=\"top\">M\u00f3dulo E en GPa<\/td>\n<td valign=\"top\">100<\/td>\n<\/tr>\n<tr>\n<td valign=\"top\"><\/td>\n<td valign=\"top\">Intervalo de fusi\u00f3n en \u00b0C<\/td>\n<td valign=\"top\">950 - 1070<\/td>\n<\/tr>\n<\/tbody>\n<\/table>\n<table width=\"484.8\" cellspacing=\"0\" cellpadding=\"0\">\n<tbody>\n<tr>\n<td valign=\"top\"><b>Procesamiento:<\/b><\/td>\n<td valign=\"top\">Temperatura de precalentamiento de los moldes en \u00b0C<\/td>\n<td valign=\"top\">800<\/td>\n<\/tr>\n<tr>\n<td valign=\"top\"><\/td>\n<td valign=\"top\">Temperatura de vertido en \u00b0C<\/td>\n<td valign=\"top\">1220<\/td>\n<\/tr>\n<tr>\n<td valign=\"top\"><\/td>\n<td valign=\"top\">Crisol<\/td>\n<td valign=\"top\">Grafito\/cer\u00e1mica<\/td>\n<\/tr>\n<tr>\n<td valign=\"top\"><\/td>\n<td valign=\"top\">Endurecimiento<\/td>\n<td valign=\"top\">450\u00b0C\/15min<span class=\"Apple-converted-space\">\u00a0<\/span><\/td>\n<\/tr>\n<\/tbody>\n<\/table>\n<table width=\"484.8\" cellspacing=\"0\" cellpadding=\"0\">\n<tbody>\n<tr>\n<td valign=\"top\"><b>Soldaduras adecuadas:<\/b><\/td>\n<td valign=\"top\">Conexiones como aleaci\u00f3n de fundici\u00f3n<\/td>\n<td valign=\"top\">Lote AL 800<\/td>\n<\/tr>\n<tr>\n<td valign=\"top\"><\/td>\n<td valign=\"top\">Conexiones como aleaci\u00f3n de fundici\u00f3n<\/td>\n<td valign=\"top\">Lote AL 750<\/td>\n<\/tr>\n<\/tbody>\n<\/table>\n<p>1) Abreviaturas:<span class=\"Apple-converted-space\">\u00a0<\/span><\/p>\n<p><span class=\"Apple-converted-space\">\u00a0\u00a0 \u00a0 <\/span>s - autocurado, n - tras la cocci\u00f3n de la cer\u00e1mica, a-s - curado desde el estado s<\/p>\n<p><span class=\"Apple-converted-space\">\u00a0\u00a0 \u00a0 <\/span>a-n - curado del estado n<\/p>\n<p>2) toda la informaci\u00f3n sobre el estado de endurecimiento se dio seg\u00fan la aleaci\u00f3n:<\/p>\n<p><span class=\"Apple-converted-space\">\u00a0\u00a0 \u00a0 <\/span>- Cocci\u00f3n de \u00f3xido 10min\/ 960\u00b0C + 4x4min\/ 960\u00b0C para aleaciones amarillas de cocci\u00f3n convencional<\/p>\n<p><span class=\"Apple-converted-space\">\u00a0\u00a0 \u00a0 <\/span>- Cocci\u00f3n de \u00f3xido 10min\/ 980\u00b0C + 4x4min\/ 980\u00b0C para aleaciones blancas de fusi\u00f3n convencional<\/p>\n<p><span class=\"Apple-converted-space\">\u00a0\u00a0 \u00a0 <\/span>- Cocci\u00f3n de \u00f3xido 10min\/ 800\u00b0C + 4x4min\/ 800\u00b0C para sistemas LFC<\/p>\n<p><span class=\"Apple-converted-space\">\u00a0\u00a0 <\/span>Las especificaciones de valores correspondientes s\u00f3lo son v\u00e1lidas en estas condiciones.<\/p>\n<p>3) La cocci\u00f3n de la cer\u00e1mica debe realizarse seg\u00fan las instrucciones del fabricante de la misma.<\/p>","protected":false},"excerpt":{"rendered":"<p><strong>Paquete \u00e1 25g<\/strong><\/p>\n<p>Aleaci\u00f3n de fundici\u00f3n de alto contenido en oro<\/p>\n<p><strong>Debido a la evoluci\u00f3n actual de los precios de las materias primas, todas las aleaciones se publican por el momento a precio diario. Los precios se actualizan cada ma\u00f1ana a las 11.00 horas.<\/strong><\/p>","protected":false},"featured_media":29970,"comment_status":"open","ping_status":"closed","template":"","meta":{"neve_meta_sidebar":"","neve_meta_container":"","neve_meta_enable_content_width":"off","neve_meta_content_width":70,"neve_meta_title_alignment":"","neve_meta_author_avatar":"","neve_post_elements_order":"","neve_meta_disable_header":"","neve_meta_disable_footer":"","neve_meta_disable_title":"","_themeisle_gutenberg_block_has_review":false},"product_brand":[],"product_cat":[33,34,36,41],"product_tag":[],"class_list":{"0":"post-580","1":"product","2":"type-product","3":"status-publish","4":"has-post-thumbnail","6":"product_cat-legierungen","7":"product_cat-em-legierungen","8":"product_cat-gusslegierungen","9":"product_cat-hochgoldhaltig-gusslegierungen","11":"first","12":"instock","13":"taxable","14":"shipping-taxable","15":"purchasable","16":"product-type-simple"},"yoast_head":"<!-- This site is optimized with the Yoast SEO plugin v27.4 - https:\/\/yoast.com\/product\/yoast-seo-wordpress\/ -->\n<title>Ador TK 85 - Ador Dental GmbH<\/title>\n<meta name=\"description\" content=\"Die Ador TK 85 Legierung ist eine hochgoldhaltige Dentalgusslegierung auf Goldbasis, Typ 4 (extrahart) gem\u00e4\u00df DIN EN ISO 22674\" \/>\n<meta name=\"robots\" content=\"index, follow, max-snippet:-1, max-image-preview:large, max-video-preview:-1\" \/>\n<link rel=\"canonical\" href=\"https:\/\/www.ador-dental.de\/es\/producto\/edelmetalllegierung-ador-tk-85\/\" \/>\n<meta property=\"og:locale\" content=\"es_ES\" \/>\n<meta property=\"og:type\" content=\"article\" \/>\n<meta property=\"og:title\" content=\"Ador TK 85 - Ador Dental GmbH\" \/>\n<meta property=\"og:description\" content=\"Die Ador TK 85 Legierung ist eine hochgoldhaltige Dentalgusslegierung auf Goldbasis, Typ 4 (extrahart) gem\u00e4\u00df DIN EN ISO 22674\" \/>\n<meta property=\"og:url\" content=\"https:\/\/www.ador-dental.de\/es\/producto\/edelmetalllegierung-ador-tk-85\/\" \/>\n<meta property=\"og:site_name\" content=\"Ador Dental GmbH\" \/>\n<meta property=\"article:modified_time\" content=\"2026-04-24T06:55:01+00:00\" \/>\n<meta property=\"og:image\" content=\"https:\/\/www.ador-dental.de\/wp-content\/uploads\/2025\/07\/Ador-TK-85-PB.png\" \/>\n\t<meta property=\"og:image:width\" content=\"1024\" \/>\n\t<meta property=\"og:image:height\" content=\"1024\" \/>\n\t<meta property=\"og:image:type\" content=\"image\/png\" \/>\n<meta name=\"twitter:card\" content=\"summary_large_image\" \/>\n<meta name=\"twitter:label1\" content=\"Tiempo de lectura\" \/>\n\t<meta name=\"twitter:data1\" content=\"1 minuto\" \/>\n<script type=\"application\/ld+json\" class=\"yoast-schema-graph\">{\"@context\":\"https:\\\/\\\/schema.org\",\"@graph\":[{\"@type\":\"WebPage\",\"@id\":\"https:\\\/\\\/www.ador-dental.de\\\/produkt\\\/edelmetalllegierung-ador-tk-85\\\/\",\"url\":\"https:\\\/\\\/www.ador-dental.de\\\/produkt\\\/edelmetalllegierung-ador-tk-85\\\/\",\"name\":\"Ador TK 85 - Ador Dental GmbH\",\"isPartOf\":{\"@id\":\"https:\\\/\\\/www.ador-dental.de\\\/en\\\/#website\"},\"primaryImageOfPage\":{\"@id\":\"https:\\\/\\\/www.ador-dental.de\\\/produkt\\\/edelmetalllegierung-ador-tk-85\\\/#primaryimage\"},\"image\":{\"@id\":\"https:\\\/\\\/www.ador-dental.de\\\/produkt\\\/edelmetalllegierung-ador-tk-85\\\/#primaryimage\"},\"thumbnailUrl\":\"https:\\\/\\\/www.ador-dental.de\\\/wp-content\\\/uploads\\\/2025\\\/07\\\/Ador-TK-85-PB.png\",\"datePublished\":\"2019-12-10T10:55:29+00:00\",\"dateModified\":\"2026-04-24T06:55:01+00:00\",\"description\":\"Die Ador TK 85 Legierung ist eine hochgoldhaltige Dentalgusslegierung auf Goldbasis, Typ 4 (extrahart) gem\u00e4\u00df DIN EN ISO 22674\",\"breadcrumb\":{\"@id\":\"https:\\\/\\\/www.ador-dental.de\\\/produkt\\\/edelmetalllegierung-ador-tk-85\\\/#breadcrumb\"},\"inLanguage\":\"es\",\"potentialAction\":[{\"@type\":\"ReadAction\",\"target\":[\"https:\\\/\\\/www.ador-dental.de\\\/produkt\\\/edelmetalllegierung-ador-tk-85\\\/\"]}]},{\"@type\":\"ImageObject\",\"inLanguage\":\"es\",\"@id\":\"https:\\\/\\\/www.ador-dental.de\\\/produkt\\\/edelmetalllegierung-ador-tk-85\\\/#primaryimage\",\"url\":\"https:\\\/\\\/www.ador-dental.de\\\/wp-content\\\/uploads\\\/2025\\\/07\\\/Ador-TK-85-PB.png\",\"contentUrl\":\"https:\\\/\\\/www.ador-dental.de\\\/wp-content\\\/uploads\\\/2025\\\/07\\\/Ador-TK-85-PB.png\",\"width\":1024,\"height\":1024},{\"@type\":\"BreadcrumbList\",\"@id\":\"https:\\\/\\\/www.ador-dental.de\\\/produkt\\\/edelmetalllegierung-ador-tk-85\\\/#breadcrumb\",\"itemListElement\":[{\"@type\":\"ListItem\",\"position\":1,\"name\":\"Startseite\",\"item\":\"https:\\\/\\\/www.ador-dental.de\\\/\"},{\"@type\":\"ListItem\",\"position\":2,\"name\":\"Shop\",\"item\":\"https:\\\/\\\/www.ador-dental.de\\\/en\\\/shop\\\/\"},{\"@type\":\"ListItem\",\"position\":3,\"name\":\"Ador TK 85\"}]},{\"@type\":\"WebSite\",\"@id\":\"https:\\\/\\\/www.ador-dental.de\\\/en\\\/#website\",\"url\":\"https:\\\/\\\/www.ador-dental.de\\\/en\\\/\",\"name\":\"Ador Dental GmbH\",\"description\":\"\",\"publisher\":{\"@id\":\"https:\\\/\\\/www.ador-dental.de\\\/en\\\/#organization\"},\"potentialAction\":[{\"@type\":\"SearchAction\",\"target\":{\"@type\":\"EntryPoint\",\"urlTemplate\":\"https:\\\/\\\/www.ador-dental.de\\\/en\\\/?s={search_term_string}\"},\"query-input\":{\"@type\":\"PropertyValueSpecification\",\"valueRequired\":true,\"valueName\":\"search_term_string\"}}],\"inLanguage\":\"es\"},{\"@type\":\"Organization\",\"@id\":\"https:\\\/\\\/www.ador-dental.de\\\/en\\\/#organization\",\"name\":\"Ador Dental GmbH\",\"url\":\"https:\\\/\\\/www.ador-dental.de\\\/en\\\/\",\"logo\":{\"@type\":\"ImageObject\",\"inLanguage\":\"es\",\"@id\":\"https:\\\/\\\/www.ador-dental.de\\\/en\\\/#\\\/schema\\\/logo\\\/image\\\/\",\"url\":\"https:\\\/\\\/www.ador-dental.de\\\/wp-content\\\/uploads\\\/2021\\\/10\\\/ADOR_Logo_DentalSolutions_2020_Black.svg\",\"contentUrl\":\"https:\\\/\\\/www.ador-dental.de\\\/wp-content\\\/uploads\\\/2021\\\/10\\\/ADOR_Logo_DentalSolutions_2020_Black.svg\",\"width\":678,\"height\":261,\"caption\":\"Ador Dental GmbH\"},\"image\":{\"@id\":\"https:\\\/\\\/www.ador-dental.de\\\/en\\\/#\\\/schema\\\/logo\\\/image\\\/\"}}]}<\/script>\n<!-- \/ Yoast SEO plugin. -->","yoast_head_json":{"title":"Ador TK 85 - Ador Dental GmbH","description":"Die Ador TK 85 Legierung ist eine hochgoldhaltige Dentalgusslegierung auf Goldbasis, Typ 4 (extrahart) gem\u00e4\u00df DIN EN ISO 22674","robots":{"index":"index","follow":"follow","max-snippet":"max-snippet:-1","max-image-preview":"max-image-preview:large","max-video-preview":"max-video-preview:-1"},"canonical":"https:\/\/www.ador-dental.de\/es\/producto\/edelmetalllegierung-ador-tk-85\/","og_locale":"es_ES","og_type":"article","og_title":"Ador TK 85 - Ador Dental GmbH","og_description":"Die Ador TK 85 Legierung ist eine hochgoldhaltige Dentalgusslegierung auf Goldbasis, Typ 4 (extrahart) gem\u00e4\u00df DIN EN ISO 22674","og_url":"https:\/\/www.ador-dental.de\/es\/producto\/edelmetalllegierung-ador-tk-85\/","og_site_name":"Ador Dental GmbH","article_modified_time":"2026-04-24T06:55:01+00:00","og_image":[{"width":1024,"height":1024,"url":"https:\/\/www.ador-dental.de\/wp-content\/uploads\/2025\/07\/Ador-TK-85-PB.png","type":"image\/png"}],"twitter_card":"summary_large_image","twitter_misc":{"Tiempo de lectura":"1 minuto"},"schema":{"@context":"https:\/\/schema.org","@graph":[{"@type":"WebPage","@id":"https:\/\/www.ador-dental.de\/produkt\/edelmetalllegierung-ador-tk-85\/","url":"https:\/\/www.ador-dental.de\/produkt\/edelmetalllegierung-ador-tk-85\/","name":"Ador TK 85 - Ador Dental GmbH","isPartOf":{"@id":"https:\/\/www.ador-dental.de\/en\/#website"},"primaryImageOfPage":{"@id":"https:\/\/www.ador-dental.de\/produkt\/edelmetalllegierung-ador-tk-85\/#primaryimage"},"image":{"@id":"https:\/\/www.ador-dental.de\/produkt\/edelmetalllegierung-ador-tk-85\/#primaryimage"},"thumbnailUrl":"https:\/\/www.ador-dental.de\/wp-content\/uploads\/2025\/07\/Ador-TK-85-PB.png","datePublished":"2019-12-10T10:55:29+00:00","dateModified":"2026-04-24T06:55:01+00:00","description":"Die Ador TK 85 Legierung ist eine hochgoldhaltige Dentalgusslegierung auf Goldbasis, Typ 4 (extrahart) gem\u00e4\u00df DIN EN ISO 22674","breadcrumb":{"@id":"https:\/\/www.ador-dental.de\/produkt\/edelmetalllegierung-ador-tk-85\/#breadcrumb"},"inLanguage":"es","potentialAction":[{"@type":"ReadAction","target":["https:\/\/www.ador-dental.de\/produkt\/edelmetalllegierung-ador-tk-85\/"]}]},{"@type":"ImageObject","inLanguage":"es","@id":"https:\/\/www.ador-dental.de\/produkt\/edelmetalllegierung-ador-tk-85\/#primaryimage","url":"https:\/\/www.ador-dental.de\/wp-content\/uploads\/2025\/07\/Ador-TK-85-PB.png","contentUrl":"https:\/\/www.ador-dental.de\/wp-content\/uploads\/2025\/07\/Ador-TK-85-PB.png","width":1024,"height":1024},{"@type":"BreadcrumbList","@id":"https:\/\/www.ador-dental.de\/produkt\/edelmetalllegierung-ador-tk-85\/#breadcrumb","itemListElement":[{"@type":"ListItem","position":1,"name":"Startseite","item":"https:\/\/www.ador-dental.de\/"},{"@type":"ListItem","position":2,"name":"Shop","item":"https:\/\/www.ador-dental.de\/en\/shop\/"},{"@type":"ListItem","position":3,"name":"Ador TK 85"}]},{"@type":"WebSite","@id":"https:\/\/www.ador-dental.de\/en\/#website","url":"https:\/\/www.ador-dental.de\/en\/","name":"Ador Dental GmbH","description":"","publisher":{"@id":"https:\/\/www.ador-dental.de\/en\/#organization"},"potentialAction":[{"@type":"SearchAction","target":{"@type":"EntryPoint","urlTemplate":"https:\/\/www.ador-dental.de\/en\/?s={search_term_string}"},"query-input":{"@type":"PropertyValueSpecification","valueRequired":true,"valueName":"search_term_string"}}],"inLanguage":"es"},{"@type":"Organization","@id":"https:\/\/www.ador-dental.de\/en\/#organization","name":"Ador Dental GmbH","url":"https:\/\/www.ador-dental.de\/en\/","logo":{"@type":"ImageObject","inLanguage":"es","@id":"https:\/\/www.ador-dental.de\/en\/#\/schema\/logo\/image\/","url":"https:\/\/www.ador-dental.de\/wp-content\/uploads\/2021\/10\/ADOR_Logo_DentalSolutions_2020_Black.svg","contentUrl":"https:\/\/www.ador-dental.de\/wp-content\/uploads\/2021\/10\/ADOR_Logo_DentalSolutions_2020_Black.svg","width":678,"height":261,"caption":"Ador Dental GmbH"},"image":{"@id":"https:\/\/www.ador-dental.de\/en\/#\/schema\/logo\/image\/"}}]}},"_links":{"self":[{"href":"https:\/\/www.ador-dental.de\/es\/wp-json\/wp\/v2\/product\/580","targetHints":{"allow":["GET"]}}],"collection":[{"href":"https:\/\/www.ador-dental.de\/es\/wp-json\/wp\/v2\/product"}],"about":[{"href":"https:\/\/www.ador-dental.de\/es\/wp-json\/wp\/v2\/types\/product"}],"replies":[{"embeddable":true,"href":"https:\/\/www.ador-dental.de\/es\/wp-json\/wp\/v2\/comments?post=580"}],"version-history":[{"count":6,"href":"https:\/\/www.ador-dental.de\/es\/wp-json\/wp\/v2\/product\/580\/revisions"}],"predecessor-version":[{"id":30367,"href":"https:\/\/www.ador-dental.de\/es\/wp-json\/wp\/v2\/product\/580\/revisions\/30367"}],"wp:featuredmedia":[{"embeddable":true,"href":"https:\/\/www.ador-dental.de\/es\/wp-json\/wp\/v2\/media\/29970"}],"wp:attachment":[{"href":"https:\/\/www.ador-dental.de\/es\/wp-json\/wp\/v2\/media?parent=580"}],"wp:term":[{"taxonomy":"product_brand","embeddable":true,"href":"https:\/\/www.ador-dental.de\/es\/wp-json\/wp\/v2\/product_brand?post=580"},{"taxonomy":"product_cat","embeddable":true,"href":"https:\/\/www.ador-dental.de\/es\/wp-json\/wp\/v2\/product_cat?post=580"},{"taxonomy":"product_tag","embeddable":true,"href":"https:\/\/www.ador-dental.de\/es\/wp-json\/wp\/v2\/product_tag?post=580"}],"curies":[{"name":"wp","href":"https:\/\/api.w.org\/{rel}","templated":true}]}}