{"id":3170,"date":"2020-03-26T14:54:19","date_gmt":"2020-03-26T13:54:19","guid":{"rendered":"https:\/\/new.ador-edelmetalle.de\/?post_type=product&#038;p=3170"},"modified":"2026-04-01T10:18:23","modified_gmt":"2026-04-01T08:18:23","slug":"nem-blank-ador-bc-blank-durchmesser-985mm","status":"publish","type":"product","link":"https:\/\/www.ador-dental.de\/es\/producto\/nem-blank-ador-bc-blank-durchmesser-985mm\/","title":{"rendered":"ADORBOND BC Blank, di\u00e1metro 98,5mm"},"content":{"rendered":"<div data-elementor-type=\"product-post\" data-elementor-id=\"3170\" class=\"elementor elementor-3170\" data-elementor-post-type=\"product\">\n\t\t\t\t\t\t<section class=\"elementor-section elementor-top-section elementor-element elementor-element-5036be75 elementor-section-boxed elementor-section-height-default elementor-section-height-default\" data-id=\"5036be75\" data-element_type=\"section\" data-e-type=\"section\">\n\t\t\t\t\t\t<div class=\"elementor-container elementor-column-gap-default\">\n\t\t\t\t\t<div class=\"elementor-column elementor-col-100 elementor-top-column elementor-element elementor-element-79d42144\" data-id=\"79d42144\" data-element_type=\"column\" data-e-type=\"column\">\n\t\t\t<div class=\"elementor-widget-wrap elementor-element-populated\">\n\t\t\t\t\t\t<div class=\"elementor-element elementor-element-71ef6fae elementor-widget elementor-widget-text-editor\" data-id=\"71ef6fae\" data-element_type=\"widget\" data-e-type=\"widget\" data-widget_type=\"text-editor.default\">\n\t\t\t\t<div class=\"elementor-widget-container\">\n\t\t\t\t\t\t\t\t\t<p><a href=\"https:\/\/www.ador-dental.de\/wp-content\/uploads\/2024\/07\/Adorbond-BC-Blank-1027-BCC-DE-EN.pdf\"><strong>&gt;&gt; Instrucciones de uso Descargar ES<\/strong><\/a><br \/><a href=\"https:\/\/www.ador-dental.de\/wp-content\/uploads\/2025\/12\/Adorbond-BC-Blank-IT-REV1125.pdf\"><strong>&gt;&gt; Instrucciones de uso IT<\/strong><\/a><br \/><a href=\"https:\/\/www.ador-dental.de\/wp-content\/uploads\/2025\/03\/ADORBOND\u00ae-BC-Blank-swedish.pdf\"><strong>&gt;&gt; Instrucciones de uso en sueco<\/strong><\/a><\/p><p><strong>ADORBOND\u00ae BC Blank<\/strong> es una aleaci\u00f3n metal-cer\u00e1mica dental a base de cobalto. <strong>ADORBOND\u00ae BC Blank<\/strong> est\u00e1 libre de n\u00edquel,<br \/>cadmio, berilio y plomo y cumple con la norma EN ISO 22674 tipo 4 para aplicaciones con secciones transversales finas, que son muy<br \/>est\u00e1n expuestos a fuerzas elevadas, por ejemplo, las pr\u00f3tesis parciales removibles, los ganchos, las coronas individuales de chapa fina, las pr\u00f3tesis fijas, etc.<br \/>Pr\u00f3tesis de arco completo o puentes con secciones transversales peque\u00f1as, barras, aditamentos y superestructuras soportadas por implantes.<\/p><table width=\"687\"><tbody><tr><td colspan=\"4\" width=\"309\"><strong>Composici\u00f3n w<sub>i<\/sub><\/strong><\/td><td colspan=\"3\" width=\"377\"><strong>Datos t\u00e9cnicos (valores orientativos, estado de fresado\/cocido)<\/strong><\/td><\/tr><tr><td width=\"64\">Co<\/td><td width=\"57\">%<\/td><td width=\"123\">61,7<\/td><td width=\"66\"><strong>\u00a0<\/strong><\/td><td width=\"246\">Densidad \u03f1<\/td><td width=\"57\">g - cm<sup>-3<\/sup><\/td><td width=\"75\">8,4<\/td><\/tr><tr><td width=\"64\">Cr<\/td><td width=\"57\">%<\/td><td width=\"123\">27,8<\/td><td width=\"66\"><strong>\u00a0<\/strong><\/td><td width=\"246\">Dureza Vickers<\/td><td width=\"57\">HV 10<\/td><td width=\"75\">290<\/td><\/tr><tr><td width=\"64\">W<\/td><td width=\"57\">%<\/td><td width=\"123\">8,5<\/td><td width=\"66\"><strong>\u00a0<\/strong><\/td><td rowspan=\"2\" width=\"246\">Coeficiente lineal de expansi\u00f3n t\u00e9rmica \u03b1 25 - 500 \u00b0C<\/td><td rowspan=\"2\" width=\"57\">10<sup>-6<\/sup>-K<sup>-1<\/sup><\/td><td rowspan=\"2\" width=\"75\">14,1<\/td><\/tr><tr><td width=\"64\">Si<\/td><td width=\"57\">%<\/td><td width=\"123\">1,6<\/td><td width=\"66\">\u00a0<\/td><\/tr><tr><td width=\"64\">Fe, Mn, Nb, N<\/td><td width=\"57\">%<\/td><td width=\"123\">&lt; 1<\/td><td width=\"66\"><strong>\u00a0<\/strong><\/td><td rowspan=\"2\" width=\"246\">Coeficiente lineal de expansi\u00f3n t\u00e9rmica \u03b1 20 - 600 \u00b0C<\/td><td rowspan=\"2\" width=\"57\">10<sup>-6<\/sup>-K<sup>-1<\/sup><\/td><td rowspan=\"2\" width=\"75\">14,4<\/td><\/tr><tr><td width=\"64\">\u00a0<\/td><td width=\"57\">\u00a0<\/td><td width=\"123\">\u00a0<\/td><td width=\"66\">\u00a0<\/td><\/tr><tr><td width=\"64\">\u00a0<\/td><td width=\"57\">\u00a0<\/td><td width=\"123\">\u00a0<\/td><td width=\"66\"><strong>\u00a0<\/strong><\/td><td width=\"246\">Intervalo de fusi\u00f3n T<sub>S<\/sub> - T<sub>L<\/sub><\/td><td width=\"57\">\u00b0C<\/td><td width=\"75\">1310-1400<\/td><\/tr><tr><td width=\"64\">\u00a0<\/td><td width=\"57\">\u00a0<\/td><td width=\"123\">\u00a0<\/td><td width=\"66\"><strong>\u00a0<\/strong><\/td><td width=\"246\">M\u00e1xima temperatura de cocci\u00f3n recomendada T<sub>Br,max<\/sub><\/td><td width=\"57\">\u00b0C<\/td><td width=\"75\">980<\/td><\/tr><tr><td colspan=\"4\" width=\"309\"><strong>\u00a0<\/strong><\/td><td width=\"246\">0,2-% Resistencia a la fluencia R<sub>p 0,2<\/sub><\/td><td width=\"57\">MPa<\/td><td width=\"75\">400<\/td><\/tr><tr><td colspan=\"4\" width=\"309\"><strong>\u00a0<\/strong><\/td><td width=\"246\">M\u00f3dulo de elasticidad E<\/td><td width=\"57\">GPa<\/td><td width=\"75\">195<\/td><\/tr><tr><td colspan=\"4\" width=\"309\"><strong>\u00a0<\/strong><\/td><td width=\"246\">Alargamiento a la rotura A<sub>5<\/sub><\/td><td width=\"57\">%<\/td><td width=\"75\">8<\/td><\/tr><tr><td colspan=\"4\" width=\"309\"><strong>Recomendaci\u00f3n de procesamiento<\/strong><\/td><td width=\"246\">\u00a0<\/td><td width=\"57\">\u00a0<\/td><td width=\"75\">\u00a0<\/td><\/tr><tr><td colspan=\"4\" width=\"309\"><strong>Dise\u00f1o<\/strong><\/td><td width=\"246\">\u00a0<\/td><td width=\"57\">\u00a0<\/td><td width=\"75\">\u00a0<\/td><\/tr><tr><td colspan=\"7\" width=\"687\">El dise\u00f1o se realiza con un software CAD adecuado, teniendo en cuenta las reglas de la tecnolog\u00eda dental. Evite espesores de pared inferiores a 0,35 mm en el modelo CAD. Aumentar el espesor de la pared en los puntos cr\u00edticos. Dise\u00f1e conectores lo m\u00e1s resistentes y altos posible (altura: m\u00edn. 3,5 mm, anchura: m\u00edn. 2,5 mm).<\/td><\/tr><\/tbody><\/table><p><strong>Fresado<br \/><\/strong>Utilice las herramientas y los datos de corte adecuados seg\u00fan las instrucciones del fabricante de la fresadora dental.<\/p><p><strong>Cocci\u00f3n de la cer\u00e1mica<\/strong><br \/>Se puede utilizar la cer\u00e1mica de fusi\u00f3n normal disponible en el mercado para aleaciones de cobalto con un coeficiente de expansi\u00f3n t\u00e9rmica adecuado. Tenga en cuenta las instrucciones de trabajo asociadas y las especificaciones del fabricante de la cer\u00e1mica en cuanto a la velocidad de enfriamiento despu\u00e9s de la cocci\u00f3n.<\/p><p><strong>Una vez realizado el andamiaje:<\/strong><\/p><p>1. Cortar los conectores y terminar. Para ello se recomiendan las fresas de carburo.<\/p><p>2. Arreglar la superficie de la estructura en la m\u00e1quina de chorrear con \u00f3xido de aluminio de 100 \u00b5m o 250 \u00b5m.<\/p><p>3. Limpiar la estructura en agua destilada con ultrasonidos o con acetato de etilo desengrasante.<\/p><p>Cocci\u00f3n de \u00f3xido (opcional para comprobar la superficie) durante 5 minutos a unos 960 \u00b0C en vac\u00edo. Despu\u00e9s de la cocci\u00f3n, siempre hay que volver a chorrear la capa de \u00f3xido y desengrasar de nuevo.<\/p><p>Nota: La limpieza de la superficie es la mejor protecci\u00f3n contra las burbujas en la cer\u00e1mica.<\/p><p>Aplique una fina capa de cocci\u00f3n de lavado y, a continuaci\u00f3n, aplique una segunda capa de cocci\u00f3n base para cubrir toda la superficie.<\/p><p>Deje siempre que los opacos se sequen completamente a 600 \u00b0C durante 5-10 minutos antes de la cocci\u00f3n.<\/p><p>6. Cocci\u00f3n y enfriamiento seg\u00fan las instrucciones del fabricante de la masa cer\u00e1mica utilizada.<\/p><p>En caso de enfriamiento prolongado, realice una fase de enfriamiento hasta aproximadamente 750 \u00b0C despu\u00e9s de cada cocci\u00f3n de dentina, correcci\u00f3n y glaseado.<\/p><p><strong>Trabajo final<br \/><\/strong>Despu\u00e9s de la cocci\u00f3n de la cer\u00e1mica, engomar las piezas de la estructura sin venera y pulir hasta obtener un alto brillo con una pasta de pulido para aleaciones dentales o con herramientas de pulido rotativas.<\/p><p><strong>Soldadura<\/strong><br \/>Soldadura antes de la cocci\u00f3n con ADORBOND<sup>\u00ae<\/sup> Soldadura CC y fundente de alta temperatura asociado. La anchura de la separaci\u00f3n de la soldadura debe ser de 0,05-0,2 mm. Soldadura l\u00e1ser con ADORBOND<sup>\u00ae<\/sup> Hilo l\u00e1ser CC.<\/p><p><strong>Instrucciones de seguridad<br \/><\/strong>El polvo met\u00e1lico es perjudicial para la salud. Utilizar la succi\u00f3n para el acabado y el chorreado. Hay que tener en cuenta las hipersensibilidades a los componentes de la aleaci\u00f3n. Si se sospecha de intolerancias a elementos individuales de esta aleaci\u00f3n, no debe utilizarse.<\/p><p><strong>Garant\u00eda<br \/><\/strong>Estas recomendaciones de aplicaci\u00f3n se basan en nuestras propias pruebas y experiencias y, por lo tanto, s\u00f3lo pueden considerarse como directrices. El dentista o el prot\u00e9sico dental son responsables del correcto procesamiento de la aleaci\u00f3n.<\/p>\t\t\t\t\t\t\t\t<\/div>\n\t\t\t\t<\/div>\n\t\t\t\t\t<\/div>\n\t\t<\/div>\n\t\t\t\t\t<\/div>\n\t\t<\/section>\n\t\t\t\t<\/div>","protected":false},"excerpt":{"rendered":"<p><strong>1 pieza<\/strong><\/p>\n<p><strong>ADORBOND\u00ae BC Blank<\/strong> Aleaci\u00f3n metal-cer\u00e1mica a base de cobalto como pieza en bruto circular, di\u00e1metro 98,5mm, a partir de 12mm con paso<\/p>\n<p>&nbsp;<\/p>\n<p>&nbsp;<\/p>\n<p>&nbsp;<\/p>","protected":false},"featured_media":29940,"comment_status":"open","ping_status":"closed","template":"","meta":{"neve_meta_sidebar":"","neve_meta_container":"","neve_meta_enable_content_width":"off","neve_meta_content_width":70,"neve_meta_title_alignment":"","neve_meta_author_avatar":"","neve_post_elements_order":"","neve_meta_disable_header":"","neve_meta_disable_footer":"","neve_meta_disable_title":"","_themeisle_gutenberg_block_has_review":false},"product_brand":[],"product_cat":[431,1019],"product_tag":[],"class_list":{"0":"post-3170","1":"product","2":"type-product","3":"status-publish","4":"has-post-thumbnail","6":"product_cat-adormilling","7":"product_cat-cocr","9":"first","10":"instock","11":"taxable","12":"shipping-taxable","13":"purchasable","14":"product-type-variable"},"yoast_head":"<!-- This site is optimized with the Yoast SEO plugin v27.4 - https:\/\/yoast.com\/product\/yoast-seo-wordpress\/ -->\n<title>ADORBOND BC Blank, Durchmesser 98,5mm - Ador Dental GmbH<\/title>\n<meta name=\"description\" content=\"Unser Adorbond BC NEM-Blank ist eine Metallkeramiklegierung auf Kobalt-Basis als Ronde, Durchmesser 98,5mm, ab 12mm mit Stufe.\" \/>\n<meta name=\"robots\" content=\"index, follow, max-snippet:-1, max-image-preview:large, max-video-preview:-1\" \/>\n<link rel=\"canonical\" href=\"https:\/\/www.ador-dental.de\/es\/producto\/nem-blank-ador-bc-blank-durchmesser-985mm\/\" \/>\n<meta property=\"og:locale\" content=\"es_ES\" \/>\n<meta property=\"og:type\" content=\"article\" \/>\n<meta property=\"og:title\" content=\"ADORBOND BC Blank, Durchmesser 98,5mm - Ador Dental GmbH\" \/>\n<meta property=\"og:description\" content=\"Unser Adorbond BC NEM-Blank ist eine Metallkeramiklegierung auf Kobalt-Basis als Ronde, Durchmesser 98,5mm, ab 12mm mit Stufe.\" \/>\n<meta property=\"og:url\" content=\"https:\/\/www.ador-dental.de\/es\/producto\/nem-blank-ador-bc-blank-durchmesser-985mm\/\" \/>\n<meta property=\"og:site_name\" content=\"Ador Dental GmbH\" \/>\n<meta property=\"article:modified_time\" content=\"2026-04-01T08:18:23+00:00\" \/>\n<meta property=\"og:image\" content=\"https:\/\/www.ador-dental.de\/wp-content\/uploads\/2025\/07\/Adorbond-BC-Blank-PB-N.png\" \/>\n\t<meta property=\"og:image:width\" content=\"1024\" \/>\n\t<meta property=\"og:image:height\" content=\"1024\" \/>\n\t<meta property=\"og:image:type\" content=\"image\/png\" \/>\n<meta name=\"twitter:card\" content=\"summary_large_image\" \/>\n<meta name=\"twitter:label1\" content=\"Tiempo de lectura\" \/>\n\t<meta name=\"twitter:data1\" content=\"3 minutos\" \/>\n<script type=\"application\/ld+json\" class=\"yoast-schema-graph\">{\"@context\":\"https:\\\/\\\/schema.org\",\"@graph\":[{\"@type\":\"WebPage\",\"@id\":\"https:\\\/\\\/www.ador-dental.de\\\/produkt\\\/nem-blank-ador-bc-blank-durchmesser-985mm\\\/\",\"url\":\"https:\\\/\\\/www.ador-dental.de\\\/produkt\\\/nem-blank-ador-bc-blank-durchmesser-985mm\\\/\",\"name\":\"ADORBOND BC Blank, Durchmesser 98,5mm - Ador Dental GmbH\",\"isPartOf\":{\"@id\":\"https:\\\/\\\/www.ador-dental.de\\\/en\\\/#website\"},\"primaryImageOfPage\":{\"@id\":\"https:\\\/\\\/www.ador-dental.de\\\/produkt\\\/nem-blank-ador-bc-blank-durchmesser-985mm\\\/#primaryimage\"},\"image\":{\"@id\":\"https:\\\/\\\/www.ador-dental.de\\\/produkt\\\/nem-blank-ador-bc-blank-durchmesser-985mm\\\/#primaryimage\"},\"thumbnailUrl\":\"https:\\\/\\\/www.ador-dental.de\\\/wp-content\\\/uploads\\\/2025\\\/07\\\/Adorbond-BC-Blank-PB-N.png\",\"datePublished\":\"2020-03-26T13:54:19+00:00\",\"dateModified\":\"2026-04-01T08:18:23+00:00\",\"description\":\"Unser Adorbond BC NEM-Blank ist eine Metallkeramiklegierung auf Kobalt-Basis als Ronde, Durchmesser 98,5mm, ab 12mm mit Stufe.\",\"breadcrumb\":{\"@id\":\"https:\\\/\\\/www.ador-dental.de\\\/produkt\\\/nem-blank-ador-bc-blank-durchmesser-985mm\\\/#breadcrumb\"},\"inLanguage\":\"es\",\"potentialAction\":[{\"@type\":\"ReadAction\",\"target\":[\"https:\\\/\\\/www.ador-dental.de\\\/produkt\\\/nem-blank-ador-bc-blank-durchmesser-985mm\\\/\"]}]},{\"@type\":\"ImageObject\",\"inLanguage\":\"es\",\"@id\":\"https:\\\/\\\/www.ador-dental.de\\\/produkt\\\/nem-blank-ador-bc-blank-durchmesser-985mm\\\/#primaryimage\",\"url\":\"https:\\\/\\\/www.ador-dental.de\\\/wp-content\\\/uploads\\\/2025\\\/07\\\/Adorbond-BC-Blank-PB-N.png\",\"contentUrl\":\"https:\\\/\\\/www.ador-dental.de\\\/wp-content\\\/uploads\\\/2025\\\/07\\\/Adorbond-BC-Blank-PB-N.png\",\"width\":1024,\"height\":1024},{\"@type\":\"BreadcrumbList\",\"@id\":\"https:\\\/\\\/www.ador-dental.de\\\/produkt\\\/nem-blank-ador-bc-blank-durchmesser-985mm\\\/#breadcrumb\",\"itemListElement\":[{\"@type\":\"ListItem\",\"position\":1,\"name\":\"Startseite\",\"item\":\"https:\\\/\\\/www.ador-dental.de\\\/\"},{\"@type\":\"ListItem\",\"position\":2,\"name\":\"Shop\",\"item\":\"https:\\\/\\\/www.ador-dental.de\\\/en\\\/shop\\\/\"},{\"@type\":\"ListItem\",\"position\":3,\"name\":\"ADORBOND BC Blank, Durchmesser 98,5mm\"}]},{\"@type\":\"WebSite\",\"@id\":\"https:\\\/\\\/www.ador-dental.de\\\/en\\\/#website\",\"url\":\"https:\\\/\\\/www.ador-dental.de\\\/en\\\/\",\"name\":\"Ador Dental GmbH\",\"description\":\"\",\"publisher\":{\"@id\":\"https:\\\/\\\/www.ador-dental.de\\\/en\\\/#organization\"},\"potentialAction\":[{\"@type\":\"SearchAction\",\"target\":{\"@type\":\"EntryPoint\",\"urlTemplate\":\"https:\\\/\\\/www.ador-dental.de\\\/en\\\/?s={search_term_string}\"},\"query-input\":{\"@type\":\"PropertyValueSpecification\",\"valueRequired\":true,\"valueName\":\"search_term_string\"}}],\"inLanguage\":\"es\"},{\"@type\":\"Organization\",\"@id\":\"https:\\\/\\\/www.ador-dental.de\\\/en\\\/#organization\",\"name\":\"Ador Dental GmbH\",\"url\":\"https:\\\/\\\/www.ador-dental.de\\\/en\\\/\",\"logo\":{\"@type\":\"ImageObject\",\"inLanguage\":\"es\",\"@id\":\"https:\\\/\\\/www.ador-dental.de\\\/en\\\/#\\\/schema\\\/logo\\\/image\\\/\",\"url\":\"https:\\\/\\\/www.ador-dental.de\\\/wp-content\\\/uploads\\\/2021\\\/10\\\/ADOR_Logo_DentalSolutions_2020_Black.svg\",\"contentUrl\":\"https:\\\/\\\/www.ador-dental.de\\\/wp-content\\\/uploads\\\/2021\\\/10\\\/ADOR_Logo_DentalSolutions_2020_Black.svg\",\"width\":678,\"height\":261,\"caption\":\"Ador Dental GmbH\"},\"image\":{\"@id\":\"https:\\\/\\\/www.ador-dental.de\\\/en\\\/#\\\/schema\\\/logo\\\/image\\\/\"}}]}<\/script>\n<!-- \/ Yoast SEO plugin. -->","yoast_head_json":{"title":"ADORBOND BC Blank, Durchmesser 98,5mm - Ador Dental GmbH","description":"Unser Adorbond BC NEM-Blank ist eine Metallkeramiklegierung auf Kobalt-Basis als Ronde, Durchmesser 98,5mm, ab 12mm mit Stufe.","robots":{"index":"index","follow":"follow","max-snippet":"max-snippet:-1","max-image-preview":"max-image-preview:large","max-video-preview":"max-video-preview:-1"},"canonical":"https:\/\/www.ador-dental.de\/es\/producto\/nem-blank-ador-bc-blank-durchmesser-985mm\/","og_locale":"es_ES","og_type":"article","og_title":"ADORBOND BC Blank, Durchmesser 98,5mm - Ador Dental GmbH","og_description":"Unser Adorbond BC NEM-Blank ist eine Metallkeramiklegierung auf Kobalt-Basis als Ronde, Durchmesser 98,5mm, ab 12mm mit Stufe.","og_url":"https:\/\/www.ador-dental.de\/es\/producto\/nem-blank-ador-bc-blank-durchmesser-985mm\/","og_site_name":"Ador Dental GmbH","article_modified_time":"2026-04-01T08:18:23+00:00","og_image":[{"width":1024,"height":1024,"url":"https:\/\/www.ador-dental.de\/wp-content\/uploads\/2025\/07\/Adorbond-BC-Blank-PB-N.png","type":"image\/png"}],"twitter_card":"summary_large_image","twitter_misc":{"Tiempo de lectura":"3 minutos"},"schema":{"@context":"https:\/\/schema.org","@graph":[{"@type":"WebPage","@id":"https:\/\/www.ador-dental.de\/produkt\/nem-blank-ador-bc-blank-durchmesser-985mm\/","url":"https:\/\/www.ador-dental.de\/produkt\/nem-blank-ador-bc-blank-durchmesser-985mm\/","name":"ADORBOND BC Blank, Durchmesser 98,5mm - Ador Dental GmbH","isPartOf":{"@id":"https:\/\/www.ador-dental.de\/en\/#website"},"primaryImageOfPage":{"@id":"https:\/\/www.ador-dental.de\/produkt\/nem-blank-ador-bc-blank-durchmesser-985mm\/#primaryimage"},"image":{"@id":"https:\/\/www.ador-dental.de\/produkt\/nem-blank-ador-bc-blank-durchmesser-985mm\/#primaryimage"},"thumbnailUrl":"https:\/\/www.ador-dental.de\/wp-content\/uploads\/2025\/07\/Adorbond-BC-Blank-PB-N.png","datePublished":"2020-03-26T13:54:19+00:00","dateModified":"2026-04-01T08:18:23+00:00","description":"Unser Adorbond BC NEM-Blank ist eine Metallkeramiklegierung auf Kobalt-Basis als Ronde, Durchmesser 98,5mm, ab 12mm mit Stufe.","breadcrumb":{"@id":"https:\/\/www.ador-dental.de\/produkt\/nem-blank-ador-bc-blank-durchmesser-985mm\/#breadcrumb"},"inLanguage":"es","potentialAction":[{"@type":"ReadAction","target":["https:\/\/www.ador-dental.de\/produkt\/nem-blank-ador-bc-blank-durchmesser-985mm\/"]}]},{"@type":"ImageObject","inLanguage":"es","@id":"https:\/\/www.ador-dental.de\/produkt\/nem-blank-ador-bc-blank-durchmesser-985mm\/#primaryimage","url":"https:\/\/www.ador-dental.de\/wp-content\/uploads\/2025\/07\/Adorbond-BC-Blank-PB-N.png","contentUrl":"https:\/\/www.ador-dental.de\/wp-content\/uploads\/2025\/07\/Adorbond-BC-Blank-PB-N.png","width":1024,"height":1024},{"@type":"BreadcrumbList","@id":"https:\/\/www.ador-dental.de\/produkt\/nem-blank-ador-bc-blank-durchmesser-985mm\/#breadcrumb","itemListElement":[{"@type":"ListItem","position":1,"name":"Startseite","item":"https:\/\/www.ador-dental.de\/"},{"@type":"ListItem","position":2,"name":"Shop","item":"https:\/\/www.ador-dental.de\/en\/shop\/"},{"@type":"ListItem","position":3,"name":"ADORBOND BC Blank, Durchmesser 98,5mm"}]},{"@type":"WebSite","@id":"https:\/\/www.ador-dental.de\/en\/#website","url":"https:\/\/www.ador-dental.de\/en\/","name":"Ador Dental GmbH","description":"","publisher":{"@id":"https:\/\/www.ador-dental.de\/en\/#organization"},"potentialAction":[{"@type":"SearchAction","target":{"@type":"EntryPoint","urlTemplate":"https:\/\/www.ador-dental.de\/en\/?s={search_term_string}"},"query-input":{"@type":"PropertyValueSpecification","valueRequired":true,"valueName":"search_term_string"}}],"inLanguage":"es"},{"@type":"Organization","@id":"https:\/\/www.ador-dental.de\/en\/#organization","name":"Ador Dental GmbH","url":"https:\/\/www.ador-dental.de\/en\/","logo":{"@type":"ImageObject","inLanguage":"es","@id":"https:\/\/www.ador-dental.de\/en\/#\/schema\/logo\/image\/","url":"https:\/\/www.ador-dental.de\/wp-content\/uploads\/2021\/10\/ADOR_Logo_DentalSolutions_2020_Black.svg","contentUrl":"https:\/\/www.ador-dental.de\/wp-content\/uploads\/2021\/10\/ADOR_Logo_DentalSolutions_2020_Black.svg","width":678,"height":261,"caption":"Ador Dental GmbH"},"image":{"@id":"https:\/\/www.ador-dental.de\/en\/#\/schema\/logo\/image\/"}}]}},"_links":{"self":[{"href":"https:\/\/www.ador-dental.de\/es\/wp-json\/wp\/v2\/product\/3170","targetHints":{"allow":["GET"]}}],"collection":[{"href":"https:\/\/www.ador-dental.de\/es\/wp-json\/wp\/v2\/product"}],"about":[{"href":"https:\/\/www.ador-dental.de\/es\/wp-json\/wp\/v2\/types\/product"}],"replies":[{"embeddable":true,"href":"https:\/\/www.ador-dental.de\/es\/wp-json\/wp\/v2\/comments?post=3170"}],"version-history":[{"count":29,"href":"https:\/\/www.ador-dental.de\/es\/wp-json\/wp\/v2\/product\/3170\/revisions"}],"predecessor-version":[{"id":31219,"href":"https:\/\/www.ador-dental.de\/es\/wp-json\/wp\/v2\/product\/3170\/revisions\/31219"}],"wp:featuredmedia":[{"embeddable":true,"href":"https:\/\/www.ador-dental.de\/es\/wp-json\/wp\/v2\/media\/29940"}],"wp:attachment":[{"href":"https:\/\/www.ador-dental.de\/es\/wp-json\/wp\/v2\/media?parent=3170"}],"wp:term":[{"taxonomy":"product_brand","embeddable":true,"href":"https:\/\/www.ador-dental.de\/es\/wp-json\/wp\/v2\/product_brand?post=3170"},{"taxonomy":"product_cat","embeddable":true,"href":"https:\/\/www.ador-dental.de\/es\/wp-json\/wp\/v2\/product_cat?post=3170"},{"taxonomy":"product_tag","embeddable":true,"href":"https:\/\/www.ador-dental.de\/es\/wp-json\/wp\/v2\/product_tag?post=3170"}],"curies":[{"name":"wp","href":"https:\/\/api.w.org\/{rel}","templated":true}]}}