{"id":31372,"date":"2026-03-31T11:37:12","date_gmt":"2026-03-31T09:37:12","guid":{"rendered":"https:\/\/www.ador-dental.de\/?post_type=product&#038;p=31372"},"modified":"2026-04-21T11:11:37","modified_gmt":"2026-04-21T09:11:37","slug":"nextdent-model-2-0-pfirsich-weiss-grau","status":"publish","type":"product","link":"https:\/\/www.ador-dental.de\/es\/producto\/nextdent-model-2-0-pfirsich-weiss-grau\/","title":{"rendered":"NextDent Modelo 2.0 Blanco o gris 1 kg"},"content":{"rendered":"<div class=\"elementor-element elementor-element-a6e479b elementor-widget elementor-widget-heading\" data-id=\"a6e479b\" data-element_type=\"widget\" data-widget_type=\"heading.default\">\n<div class=\"elementor-widget-container\">\n<div class=\"elementor-element elementor-element-a6e479b elementor-widget elementor-widget-heading\" data-id=\"a6e479b\" data-element_type=\"widget\" data-widget_type=\"heading.default\">\n<div class=\"elementor-widget-container\">\n<h3 class=\"elementor-heading-title elementor-size-default\">NextDent Model 2.0<\/h3>\n<\/div>\n<\/div>\n<div class=\"elementor-element elementor-element-7c38b31 elementor-widget elementor-widget-heading\" data-id=\"7c38b31\" data-element_type=\"widget\" data-widget_type=\"heading.default\">\n<div class=\"elementor-widget-container\">\n<p class=\"elementor-heading-title elementor-size-default\">NextDent TM Model 2.0 ist durch seinen hohen Grad an Genauigkeit gekennzeichnet und ist daher fu\u0308r detailgetreue Mastermodelle in der Prothetik und Kieferorthopa\u0308die geeignet, bei denen eine hohe Oberfla\u0308chenpra\u0308zision erforderlich ist. Aufgrund der Farbe und der Opazita\u0308t sind bei diesen Modellen Details deutlich sichtbar und sie verfu\u0308gen u\u0308ber eine ideale Oberfla\u0308che nach einem intraoralem Scan.<\/p>\n<p>&nbsp;<\/p>\n<\/div>\n<\/div>\n<p class=\"elementor-heading-title elementor-size-default\">Die pr\u00e4zise gedruckten Modelle bilden die perfekte Grundlage f\u00fcr die Anfertigung Ihres zahn\u00e4rztlichen Werkst\u00fccks.<\/p>\n<p>&nbsp;<\/p>\n<p>Erh\u00e4ltlich in den Farben Wei\u00df und Grau.<\/p>\n<\/div>\n<\/div>","protected":false},"excerpt":{"rendered":"<p class=\"elementor-heading-title elementor-size-default\">Erh\u00e4ltlich in den Farben Pfirsich, Wei\u00df und Grau.<\/p>\n<p>1kg<\/p>","protected":false},"featured_media":31446,"comment_status":"open","ping_status":"closed","template":"","meta":{"neve_meta_sidebar":"","neve_meta_container":"","neve_meta_enable_content_width":"off","neve_meta_content_width":70,"neve_meta_title_alignment":"","neve_meta_author_avatar":"","neve_post_elements_order":"","neve_meta_disable_header":"","neve_meta_disable_footer":"","neve_meta_disable_title":"","_themeisle_gutenberg_block_has_review":false},"product_brand":[],"product_cat":[212,840,432],"product_tag":[1056,1055,1299],"class_list":{"0":"post-31372","1":"product","2":"type-product","3":"status-publish","4":"has-post-thumbnail","6":"product_cat-adorprint","7":"product_cat-modellmaterial","8":"product_cat-resine","9":"product_tag-3d","10":"product_tag-model","11":"product_tag-nextdent","13":"first","14":"instock","15":"taxable","16":"shipping-taxable","17":"purchasable","18":"product-type-variable"},"yoast_head":"<!-- This site is optimized with the Yoast SEO plugin v27.6 - https:\/\/yoast.com\/product\/yoast-seo-wordpress\/ -->\n<title>NextDent Model 2.0 Wei\u00df oder Grau 1 kg - Ador Dental GmbH<\/title>\n<meta name=\"description\" content=\"NextDentTM Model 2.0 ist durch seinen hohen Grad an Genauigkeit gekennzeichnet und ist daher fu\u0308r detailgetreue Mastermodelle in der Prothetik und Kieferorthopa\u0308die geeignet.\" \/>\n<meta name=\"robots\" content=\"index, follow, max-snippet:-1, max-image-preview:large, max-video-preview:-1\" \/>\n<link rel=\"canonical\" href=\"https:\/\/www.ador-dental.de\/es\/producto\/nextdent-model-2-0-pfirsich-weiss-grau\/\" \/>\n<meta property=\"og:locale\" content=\"es_ES\" \/>\n<meta property=\"og:type\" content=\"article\" \/>\n<meta property=\"og:title\" content=\"NextDent Model 2.0 Wei\u00df oder Grau 1 kg - Ador Dental GmbH\" \/>\n<meta property=\"og:description\" content=\"NextDentTM Model 2.0 ist durch seinen hohen Grad an Genauigkeit gekennzeichnet und ist daher fu\u0308r detailgetreue Mastermodelle in der Prothetik und Kieferorthopa\u0308die geeignet.\" \/>\n<meta property=\"og:url\" content=\"https:\/\/www.ador-dental.de\/es\/producto\/nextdent-model-2-0-pfirsich-weiss-grau\/\" \/>\n<meta property=\"og:site_name\" content=\"Ador Dental GmbH\" \/>\n<meta property=\"article:modified_time\" content=\"2026-04-21T09:11:37+00:00\" \/>\n<meta property=\"og:image\" content=\"https:\/\/www.ador-dental.de\/wp-content\/uploads\/2026\/04\/Next-Dent-Model-2.0-Resin-PB.png\" \/>\n\t<meta property=\"og:image:width\" content=\"1024\" \/>\n\t<meta property=\"og:image:height\" content=\"1024\" \/>\n\t<meta property=\"og:image:type\" content=\"image\/png\" \/>\n<meta name=\"twitter:card\" content=\"summary_large_image\" \/>\n<meta name=\"twitter:label1\" content=\"Tiempo de lectura\" \/>\n\t<meta name=\"twitter:data1\" content=\"1 minuto\" \/>\n<script type=\"application\/ld+json\" class=\"yoast-schema-graph\">{\"@context\":\"https:\\\/\\\/schema.org\",\"@graph\":[{\"@type\":\"WebPage\",\"@id\":\"https:\\\/\\\/www.ador-dental.de\\\/produkt\\\/nextdent-model-2-0-pfirsich-weiss-grau\\\/\",\"url\":\"https:\\\/\\\/www.ador-dental.de\\\/produkt\\\/nextdent-model-2-0-pfirsich-weiss-grau\\\/\",\"name\":\"NextDent Model 2.0 Wei\u00df oder Grau 1 kg - Ador Dental GmbH\",\"isPartOf\":{\"@id\":\"https:\\\/\\\/www.ador-dental.de\\\/en\\\/#website\"},\"primaryImageOfPage\":{\"@id\":\"https:\\\/\\\/www.ador-dental.de\\\/produkt\\\/nextdent-model-2-0-pfirsich-weiss-grau\\\/#primaryimage\"},\"image\":{\"@id\":\"https:\\\/\\\/www.ador-dental.de\\\/produkt\\\/nextdent-model-2-0-pfirsich-weiss-grau\\\/#primaryimage\"},\"thumbnailUrl\":\"https:\\\/\\\/www.ador-dental.de\\\/wp-content\\\/uploads\\\/2026\\\/04\\\/Next-Dent-Model-2.0-Resin-PB.png\",\"datePublished\":\"2026-03-31T09:37:12+00:00\",\"dateModified\":\"2026-04-21T09:11:37+00:00\",\"description\":\"NextDentTM Model 2.0 ist durch seinen hohen Grad an Genauigkeit gekennzeichnet und ist daher fu\u0308r detailgetreue Mastermodelle in der Prothetik und Kieferorthopa\u0308die geeignet.\",\"breadcrumb\":{\"@id\":\"https:\\\/\\\/www.ador-dental.de\\\/produkt\\\/nextdent-model-2-0-pfirsich-weiss-grau\\\/#breadcrumb\"},\"inLanguage\":\"es\",\"potentialAction\":[{\"@type\":\"ReadAction\",\"target\":[\"https:\\\/\\\/www.ador-dental.de\\\/produkt\\\/nextdent-model-2-0-pfirsich-weiss-grau\\\/\"]}]},{\"@type\":\"ImageObject\",\"inLanguage\":\"es\",\"@id\":\"https:\\\/\\\/www.ador-dental.de\\\/produkt\\\/nextdent-model-2-0-pfirsich-weiss-grau\\\/#primaryimage\",\"url\":\"https:\\\/\\\/www.ador-dental.de\\\/wp-content\\\/uploads\\\/2026\\\/04\\\/Next-Dent-Model-2.0-Resin-PB.png\",\"contentUrl\":\"https:\\\/\\\/www.ador-dental.de\\\/wp-content\\\/uploads\\\/2026\\\/04\\\/Next-Dent-Model-2.0-Resin-PB.png\",\"width\":1024,\"height\":1024},{\"@type\":\"BreadcrumbList\",\"@id\":\"https:\\\/\\\/www.ador-dental.de\\\/produkt\\\/nextdent-model-2-0-pfirsich-weiss-grau\\\/#breadcrumb\",\"itemListElement\":[{\"@type\":\"ListItem\",\"position\":1,\"name\":\"Startseite\",\"item\":\"https:\\\/\\\/www.ador-dental.de\\\/\"},{\"@type\":\"ListItem\",\"position\":2,\"name\":\"Shop\",\"item\":\"https:\\\/\\\/www.ador-dental.de\\\/en\\\/shop\\\/\"},{\"@type\":\"ListItem\",\"position\":3,\"name\":\"NextDent Model 2.0 Wei\u00df oder Grau 1 kg\"}]},{\"@type\":\"WebSite\",\"@id\":\"https:\\\/\\\/www.ador-dental.de\\\/en\\\/#website\",\"url\":\"https:\\\/\\\/www.ador-dental.de\\\/en\\\/\",\"name\":\"Ador Dental GmbH\",\"description\":\"\",\"publisher\":{\"@id\":\"https:\\\/\\\/www.ador-dental.de\\\/en\\\/#organization\"},\"potentialAction\":[{\"@type\":\"SearchAction\",\"target\":{\"@type\":\"EntryPoint\",\"urlTemplate\":\"https:\\\/\\\/www.ador-dental.de\\\/en\\\/?s={search_term_string}\"},\"query-input\":{\"@type\":\"PropertyValueSpecification\",\"valueRequired\":true,\"valueName\":\"search_term_string\"}}],\"inLanguage\":\"es\"},{\"@type\":\"Organization\",\"@id\":\"https:\\\/\\\/www.ador-dental.de\\\/en\\\/#organization\",\"name\":\"Ador Dental GmbH\",\"url\":\"https:\\\/\\\/www.ador-dental.de\\\/en\\\/\",\"logo\":{\"@type\":\"ImageObject\",\"inLanguage\":\"es\",\"@id\":\"https:\\\/\\\/www.ador-dental.de\\\/en\\\/#\\\/schema\\\/logo\\\/image\\\/\",\"url\":\"https:\\\/\\\/www.ador-dental.de\\\/wp-content\\\/uploads\\\/2021\\\/10\\\/ADOR_Logo_DentalSolutions_2020_Black.svg\",\"contentUrl\":\"https:\\\/\\\/www.ador-dental.de\\\/wp-content\\\/uploads\\\/2021\\\/10\\\/ADOR_Logo_DentalSolutions_2020_Black.svg\",\"width\":678,\"height\":261,\"caption\":\"Ador Dental GmbH\"},\"image\":{\"@id\":\"https:\\\/\\\/www.ador-dental.de\\\/en\\\/#\\\/schema\\\/logo\\\/image\\\/\"}}]}<\/script>\n<!-- \/ Yoast SEO plugin. -->","yoast_head_json":{"title":"NextDent Model 2.0 Wei\u00df oder Grau 1 kg - Ador Dental GmbH","description":"NextDentTM Model 2.0 ist durch seinen hohen Grad an Genauigkeit gekennzeichnet und ist daher fu\u0308r detailgetreue Mastermodelle in der Prothetik und Kieferorthopa\u0308die geeignet.","robots":{"index":"index","follow":"follow","max-snippet":"max-snippet:-1","max-image-preview":"max-image-preview:large","max-video-preview":"max-video-preview:-1"},"canonical":"https:\/\/www.ador-dental.de\/es\/producto\/nextdent-model-2-0-pfirsich-weiss-grau\/","og_locale":"es_ES","og_type":"article","og_title":"NextDent Model 2.0 Wei\u00df oder Grau 1 kg - Ador Dental GmbH","og_description":"NextDentTM Model 2.0 ist durch seinen hohen Grad an Genauigkeit gekennzeichnet und ist daher fu\u0308r detailgetreue Mastermodelle in der Prothetik und Kieferorthopa\u0308die geeignet.","og_url":"https:\/\/www.ador-dental.de\/es\/producto\/nextdent-model-2-0-pfirsich-weiss-grau\/","og_site_name":"Ador Dental GmbH","article_modified_time":"2026-04-21T09:11:37+00:00","og_image":[{"width":1024,"height":1024,"url":"https:\/\/www.ador-dental.de\/wp-content\/uploads\/2026\/04\/Next-Dent-Model-2.0-Resin-PB.png","type":"image\/png"}],"twitter_card":"summary_large_image","twitter_misc":{"Tiempo de lectura":"1 minuto"},"schema":{"@context":"https:\/\/schema.org","@graph":[{"@type":"WebPage","@id":"https:\/\/www.ador-dental.de\/produkt\/nextdent-model-2-0-pfirsich-weiss-grau\/","url":"https:\/\/www.ador-dental.de\/produkt\/nextdent-model-2-0-pfirsich-weiss-grau\/","name":"NextDent Model 2.0 Wei\u00df oder Grau 1 kg - Ador Dental GmbH","isPartOf":{"@id":"https:\/\/www.ador-dental.de\/en\/#website"},"primaryImageOfPage":{"@id":"https:\/\/www.ador-dental.de\/produkt\/nextdent-model-2-0-pfirsich-weiss-grau\/#primaryimage"},"image":{"@id":"https:\/\/www.ador-dental.de\/produkt\/nextdent-model-2-0-pfirsich-weiss-grau\/#primaryimage"},"thumbnailUrl":"https:\/\/www.ador-dental.de\/wp-content\/uploads\/2026\/04\/Next-Dent-Model-2.0-Resin-PB.png","datePublished":"2026-03-31T09:37:12+00:00","dateModified":"2026-04-21T09:11:37+00:00","description":"NextDentTM Model 2.0 ist durch seinen hohen Grad an Genauigkeit gekennzeichnet und ist daher fu\u0308r detailgetreue Mastermodelle in der Prothetik und Kieferorthopa\u0308die geeignet.","breadcrumb":{"@id":"https:\/\/www.ador-dental.de\/produkt\/nextdent-model-2-0-pfirsich-weiss-grau\/#breadcrumb"},"inLanguage":"es","potentialAction":[{"@type":"ReadAction","target":["https:\/\/www.ador-dental.de\/produkt\/nextdent-model-2-0-pfirsich-weiss-grau\/"]}]},{"@type":"ImageObject","inLanguage":"es","@id":"https:\/\/www.ador-dental.de\/produkt\/nextdent-model-2-0-pfirsich-weiss-grau\/#primaryimage","url":"https:\/\/www.ador-dental.de\/wp-content\/uploads\/2026\/04\/Next-Dent-Model-2.0-Resin-PB.png","contentUrl":"https:\/\/www.ador-dental.de\/wp-content\/uploads\/2026\/04\/Next-Dent-Model-2.0-Resin-PB.png","width":1024,"height":1024},{"@type":"BreadcrumbList","@id":"https:\/\/www.ador-dental.de\/produkt\/nextdent-model-2-0-pfirsich-weiss-grau\/#breadcrumb","itemListElement":[{"@type":"ListItem","position":1,"name":"Startseite","item":"https:\/\/www.ador-dental.de\/"},{"@type":"ListItem","position":2,"name":"Shop","item":"https:\/\/www.ador-dental.de\/en\/shop\/"},{"@type":"ListItem","position":3,"name":"NextDent Model 2.0 Wei\u00df oder Grau 1 kg"}]},{"@type":"WebSite","@id":"https:\/\/www.ador-dental.de\/en\/#website","url":"https:\/\/www.ador-dental.de\/en\/","name":"Ador Dental GmbH","description":"","publisher":{"@id":"https:\/\/www.ador-dental.de\/en\/#organization"},"potentialAction":[{"@type":"SearchAction","target":{"@type":"EntryPoint","urlTemplate":"https:\/\/www.ador-dental.de\/en\/?s={search_term_string}"},"query-input":{"@type":"PropertyValueSpecification","valueRequired":true,"valueName":"search_term_string"}}],"inLanguage":"es"},{"@type":"Organization","@id":"https:\/\/www.ador-dental.de\/en\/#organization","name":"Ador Dental GmbH","url":"https:\/\/www.ador-dental.de\/en\/","logo":{"@type":"ImageObject","inLanguage":"es","@id":"https:\/\/www.ador-dental.de\/en\/#\/schema\/logo\/image\/","url":"https:\/\/www.ador-dental.de\/wp-content\/uploads\/2021\/10\/ADOR_Logo_DentalSolutions_2020_Black.svg","contentUrl":"https:\/\/www.ador-dental.de\/wp-content\/uploads\/2021\/10\/ADOR_Logo_DentalSolutions_2020_Black.svg","width":678,"height":261,"caption":"Ador Dental GmbH"},"image":{"@id":"https:\/\/www.ador-dental.de\/en\/#\/schema\/logo\/image\/"}}]}},"_links":{"self":[{"href":"https:\/\/www.ador-dental.de\/es\/wp-json\/wp\/v2\/product\/31372","targetHints":{"allow":["GET"]}}],"collection":[{"href":"https:\/\/www.ador-dental.de\/es\/wp-json\/wp\/v2\/product"}],"about":[{"href":"https:\/\/www.ador-dental.de\/es\/wp-json\/wp\/v2\/types\/product"}],"replies":[{"embeddable":true,"href":"https:\/\/www.ador-dental.de\/es\/wp-json\/wp\/v2\/comments?post=31372"}],"version-history":[{"count":7,"href":"https:\/\/www.ador-dental.de\/es\/wp-json\/wp\/v2\/product\/31372\/revisions"}],"predecessor-version":[{"id":31469,"href":"https:\/\/www.ador-dental.de\/es\/wp-json\/wp\/v2\/product\/31372\/revisions\/31469"}],"wp:featuredmedia":[{"embeddable":true,"href":"https:\/\/www.ador-dental.de\/es\/wp-json\/wp\/v2\/media\/31446"}],"wp:attachment":[{"href":"https:\/\/www.ador-dental.de\/es\/wp-json\/wp\/v2\/media?parent=31372"}],"wp:term":[{"taxonomy":"product_brand","embeddable":true,"href":"https:\/\/www.ador-dental.de\/es\/wp-json\/wp\/v2\/product_brand?post=31372"},{"taxonomy":"product_cat","embeddable":true,"href":"https:\/\/www.ador-dental.de\/es\/wp-json\/wp\/v2\/product_cat?post=31372"},{"taxonomy":"product_tag","embeddable":true,"href":"https:\/\/www.ador-dental.de\/es\/wp-json\/wp\/v2\/product_tag?post=31372"}],"curies":[{"name":"wp","href":"https:\/\/api.w.org\/{rel}","templated":true}]}}