{"id":31064,"date":"2026-02-24T15:13:41","date_gmt":"2026-02-24T14:13:41","guid":{"rendered":"https:\/\/www.ador-dental.de\/?post_type=product&#038;p=31064"},"modified":"2026-03-02T14:25:39","modified_gmt":"2026-03-02T13:25:39","slug":"adorbond-cv-pulver-10-30%c2%b5m","status":"publish","type":"product","link":"https:\/\/www.ador-dental.de\/es\/producto\/adorbond-cv-pulver-10-30%c2%b5m\/","title":{"rendered":"Adorbond CV polvo 10-30\u00b5m"},"content":{"rendered":"<p><a href=\"https:\/\/www.ador-dental.de\/wp-content\/uploads\/2026\/02\/REV-0226-Adorbond-CV-Pulver-10-\u00b5m-30-\u00b5m-Aufbrenn-Modellgussleg.-DE-EN.pdf\">Instrucciones de uso DE\/EN<\/a><\/p>\n<p>Adorbond CV Pulver 10-30 \u03bcm ist eine dentale Metallkeramik-Legierung auf Kobalt-Basis. Adorbond CV Pulver 10-30 \u03bcm ist frei von Nickel, Cadmium, Beryllium und Blei und entspricht gem\u00e4\u00df EN ISO 22674 dem Typ 5 f\u00fcr Applikationen, bei denen Teile der Vorrichtung eine Kombination aus hoher Steifigkeit und Dehnungsgrenze erfordern, z.B. d\u00fcnne herausnehmbare Teilprothesen, Teile mit d\u00fcnnen Querschnitten, Klammern. Adorbond CV Pulver 10-30 \u03bcm ist sowohl als Modellguss-Legierung als auch als Metallkeramik-Legierung verwendbar.<br \/>\n<!-- Tabelle 1: Zusammensetzung --><\/p>\n<table style=\"width: 100%; border-collapse: collapse;\">\n<thead>\n<tr>\n<th style=\"text-align: left;\" colspan=\"3\">Composici\u00f3n w<sub>i<\/sub><\/th>\n<\/tr>\n<\/thead>\n<tbody>\n<tr>\n<td>Co<\/td>\n<td>%<\/td>\n<td>63,0<\/td>\n<\/tr>\n<tr>\n<td>Cr<\/td>\n<td>%<\/td>\n<td>29,0<\/td>\n<\/tr>\n<tr>\n<td>Mo<\/td>\n<td>%<\/td>\n<td>5,8<\/td>\n<\/tr>\n<tr>\n<td>Si<\/td>\n<td>%<\/td>\n<td>1,2<\/td>\n<\/tr>\n<tr>\n<td>Fe, Mn, Nb<\/td>\n<td>%<\/td>\n<td>&lt; 1<\/td>\n<\/tr>\n<\/tbody>\n<\/table>\n<p>&nbsp;<\/p>\n<p><!-- Tabelle 2: Technische Daten --><\/p>\n<table style=\"width: 100%; border-collapse: collapse;\">\n<thead>\n<tr>\n<th style=\"text-align: left;\" colspan=\"3\">Datos t\u00e9cnicos (valores est\u00e1ndar, estado de fabricaci\u00f3n\/incendio)<\/th>\n<\/tr>\n<\/thead>\n<tbody>\n<tr>\n<td>Granulometr\u00eda d<sub>i<\/sub><\/td>\n<td>\u00b5m<\/td>\n<td>10\u201330<\/td>\n<\/tr>\n<tr>\n<td>Densidad \u03f1<\/td>\n<td>g - cm<sup>-3<\/sup><\/td>\n<td>8,2<\/td>\n<\/tr>\n<tr>\n<td>Dureza Vickers<\/td>\n<td>HV 10<\/td>\n<td>370<\/td>\n<\/tr>\n<tr>\n<td>Coeficiente de dilataci\u00f3n t\u00e9rmica lineal \u03b1 (25-500 \u00b0C)<\/td>\n<td>10<sup>-6<\/sup> - K<sup>-1<\/sup><\/td>\n<td>14,2<\/td>\n<\/tr>\n<tr>\n<td>Coeficiente lineal de dilataci\u00f3n t\u00e9rmica \u03b1 (20-600 \u00b0C)<\/td>\n<td>10<sup>-6<\/sup> - K<sup>-1<\/sup><\/td>\n<td>14,4<\/td>\n<\/tr>\n<tr>\n<td>M\u00e1xima temperatura de cocci\u00f3n recomendada T<sub>Br,max<\/sub><\/td>\n<td>\u00b0C<\/td>\n<td>980<\/td>\n<\/tr>\n<tr>\n<td>0,2-% Resistencia a la fluencia R<sub>p 0,2<\/sub><\/td>\n<td>MPa<\/td>\n<td>780<\/td>\n<\/tr>\n<tr>\n<td>M\u00f3dulo de elasticidad E<\/td>\n<td>GPa<\/td>\n<td>200<\/td>\n<\/tr>\n<tr>\n<td>Alargamiento a la rotura A<sub>5<\/sub><\/td>\n<td>%<\/td>\n<td>12<\/td>\n<\/tr>\n<tr>\n<td>Resistencia a la tracci\u00f3n (R<sub>m<\/sub>)<\/td>\n<td>MPa<\/td>\n<td>1290<\/td>\n<\/tr>\n<\/tbody>\n<\/table>\n<p>El dise\u00f1o se realiza mediante un software CAD adecuado, teniendo en cuenta las normas de la tecnolog\u00eda dental. Grosor de la pared tras el acabado: m\u00edn. 0,3 mm. Haga el conector lo m\u00e1s grueso y alto posible (altura: m\u00edn. 3,5 mm, anchura: m\u00edn. 2,5 mm).<\/p>\n<p><strong>Proceso SLM<\/strong><br \/>\nStaubbildung beim \u00d6ffnen der Verpackung, beim Transport und beim Einf\u00fcllen des Pulvers in das SLM-System vermeiden! Ein auf die Korngr\u00f6\u00dfe von Adorbond CV Pulver 10-30 \u03bcm abgestimmtes SLM-System verwenden und Ger\u00fcstfertigung entsprechend der Gebrauchsanweisung des SLM-Systems durchf\u00fchren. Nicht geschmolzenes Pulver kann wiederverwendet werden, sollte jedoch vorher mithilfe eines Pulversiebes (80 \u03bcm) gesiebt werden. Geschmolzenes Pulver darf nicht, durch z.B. Gie\u00dfen, wiederverwendet werden.<\/p>\n<p><strong>Granallado<\/strong><br \/>\nGranallado de la plataforma de producci\u00f3n con materiales cer\u00e1micos esf\u00e9ricos con \uf0c6 0,125-0,250 mm a 2,5-3,5 bar hasta que se aprecie una saturaci\u00f3n uniforme de la superficie.<\/p>\n<p><strong>Recocido de distensi\u00f3n<\/strong><br \/>\nEl tratamiento t\u00e9rmico debe realizarse en un horno especial en atm\u00f3sfera de arg\u00f3n. Coloque la caja de gas de protecci\u00f3n, en la que se encuentra la plataforma de producci\u00f3n, en el horno fr\u00edo a un caudal de arg\u00f3n de 1-2 litros\/min. A continuaci\u00f3n:<br \/>\n1 Calentar hasta 850 \u00b0C en 60 min. y mantener la temperatura durante 60 min.<br \/>\n2 Dejar enfriar. Abrir la puerta del horno a 600 \u00b0C o menos como muy pronto y retirar la caja de gas de protecci\u00f3n a 300 \u00b0C como m\u00e1ximo y cerrar el suministro de arg\u00f3n.<\/p>\n<p><strong>Cocci\u00f3n de la cer\u00e1mica<\/strong><br \/>\nPueden utilizarse materiales cer\u00e1micos de fusi\u00f3n normales para aleaciones de cobalto con un coeficiente de dilataci\u00f3n t\u00e9rmica adecuado. Tenga en cuenta las instrucciones de trabajo correspondientes y las especificaciones del fabricante de la cer\u00e1mica en cuanto a la velocidad de enfriamiento tras la cocci\u00f3n. Tras el recocido de distensi\u00f3n y el enfriamiento de la plataforma de producci\u00f3n:<br \/>\n1. Retire las restauraciones de la placa con una sierra de cinta, instrumentos rotatorios o alicates. Retire tambi\u00e9n los restos de los soportes con unos alicates. 2. Acabar la estructura. Para ello se recomiendan las fresas de carburo.<br \/>\n2. Arreglar la superficie de la estructura en el stylus blaster con \u00f3xido de aluminio 100 m o 250 m.<br \/>\n3. Limpiar la estructura en agua destilada con ultrasonidos o con acetato de etilo desengrasante.<br \/>\nCocci\u00f3n de \u00f3xido (opcional para comprobar la superficie) durante 5 minutos a unos 960 C en vac\u00edo. Despu\u00e9s de la cocci\u00f3n, siempre hay que volver a chorrear la capa de \u00f3xido y desengrasar de nuevo.<br \/>\nNota: La limpieza de la superficie es la mejor protecci\u00f3n contra las burbujas en la cer\u00e1mica.<br \/>\nAplique una fina capa de cocci\u00f3n de lavado y, a continuaci\u00f3n, aplique una segunda capa de cocci\u00f3n base para cubrir toda la superficie.<br \/>\nDeje siempre que los opacos se sequen completamente a 600 \u00b0C durante 5-10 minutos antes de la cocci\u00f3n.<br \/>\n6. Cocci\u00f3n y enfriamiento seg\u00fan las instrucciones del fabricante de la masa cer\u00e1mica utilizada.<br \/>\n7. En caso de enfriamiento prolongado, realice una fase de enfriamiento hasta aproximadamente 750 C despu\u00e9s de cada cocci\u00f3n de dentina, correcci\u00f3n y glaseado.<\/p>\n<p><strong>Trabajo final<\/strong><br \/>\nDespu\u00e9s de la cocci\u00f3n de la cer\u00e1mica, engomar las piezas de la estructura sin venera y pulir hasta obtener un alto brillo con una pasta de pulido para aleaciones dentales o con herramientas de pulido rotativas.<\/p>\n<p><strong>Soldadura<\/strong><br \/>\nSoldadura antes de la cocci\u00f3n con soldadura comercial y fundente de alta temperatura asociado. La anchura de la separaci\u00f3n de la soldadura debe ser de 0,05-0,2 mm. Soldadura l\u00e1ser con alambre de soldadura l\u00e1ser disponible en el mercado.<\/p>","protected":false},"excerpt":{"rendered":"<p><strong>Botella \u00e1 5kg<\/strong><\/p>\n<p>Adorbond CV Pulver 10-30 \u03bcm ist sowohl als Modellguss-Legierung als auch als Metallkeramik-Legierung verwendbar.<\/p>\n<p>Tama\u00f1o del grano:\u00a0<strong>10\/30<\/strong>\u00a0<strong>\u00b5m<\/strong><\/p>\n<p>&nbsp;<\/p>","protected":false},"featured_media":31097,"comment_status":"open","ping_status":"closed","template":"","meta":{"neve_meta_sidebar":"","neve_meta_container":"","neve_meta_enable_content_width":"off","neve_meta_content_width":70,"neve_meta_title_alignment":"","neve_meta_author_avatar":"","neve_post_elements_order":"","neve_meta_disable_header":"","neve_meta_disable_footer":"","neve_meta_disable_title":"","_themeisle_gutenberg_block_has_review":false},"product_brand":[],"product_cat":[718,719],"product_tag":[],"class_list":{"0":"post-31064","1":"product","2":"type-product","3":"status-publish","4":"has-post-thumbnail","6":"product_cat-ador-melting","7":"product_cat-slm-pulver","9":"first","10":"instock","11":"taxable","12":"shipping-taxable","13":"purchasable","14":"product-type-simple"},"yoast_head":"<!-- This site is optimized with the Yoast SEO plugin v27.4 - https:\/\/yoast.com\/product\/yoast-seo-wordpress\/ -->\n<title>Adorbond CV Pulver 10-30\u00b5m - Ador Dental GmbH<\/title>\n<meta name=\"description\" content=\"Adorbond CV Powder 10-30 \u03bcm ist als Modellguss-Legierung und Metallkeramik-Legierung verwendbar.\" \/>\n<meta name=\"robots\" content=\"index, follow, max-snippet:-1, max-image-preview:large, max-video-preview:-1\" \/>\n<link rel=\"canonical\" href=\"https:\/\/www.ador-dental.de\/es\/producto\/adorbond-cv-pulver-10-30\u00b5m\/\" \/>\n<meta property=\"og:locale\" content=\"es_ES\" \/>\n<meta property=\"og:type\" content=\"article\" \/>\n<meta property=\"og:title\" content=\"Adorbond CV Pulver 10-30\u00b5m - Ador Dental GmbH\" \/>\n<meta property=\"og:description\" content=\"Adorbond CV Powder 10-30 \u03bcm ist als Modellguss-Legierung und Metallkeramik-Legierung verwendbar.\" \/>\n<meta property=\"og:url\" content=\"https:\/\/www.ador-dental.de\/es\/producto\/adorbond-cv-pulver-10-30\u00b5m\/\" \/>\n<meta property=\"og:site_name\" content=\"Ador Dental GmbH\" \/>\n<meta property=\"article:modified_time\" content=\"2026-03-02T13:25:39+00:00\" \/>\n<meta property=\"og:image\" content=\"https:\/\/www.ador-dental.de\/wp-content\/uploads\/2026\/02\/CV-Powder-10-30-Produktbild.png\" \/>\n\t<meta property=\"og:image:width\" content=\"1024\" \/>\n\t<meta property=\"og:image:height\" content=\"1024\" \/>\n\t<meta property=\"og:image:type\" content=\"image\/png\" \/>\n<meta name=\"twitter:card\" content=\"summary_large_image\" \/>\n<meta name=\"twitter:label1\" content=\"Tiempo de lectura\" \/>\n\t<meta name=\"twitter:data1\" content=\"2 minutos\" \/>\n<script type=\"application\/ld+json\" class=\"yoast-schema-graph\">{\"@context\":\"https:\\\/\\\/schema.org\",\"@graph\":[{\"@type\":\"WebPage\",\"@id\":\"https:\\\/\\\/www.ador-dental.de\\\/produkt\\\/adorbond-cv-pulver-10-30%c2%b5m\\\/\",\"url\":\"https:\\\/\\\/www.ador-dental.de\\\/produkt\\\/adorbond-cv-pulver-10-30%c2%b5m\\\/\",\"name\":\"Adorbond CV Pulver 10-30\u00b5m - Ador Dental GmbH\",\"isPartOf\":{\"@id\":\"https:\\\/\\\/www.ador-dental.de\\\/en\\\/#website\"},\"primaryImageOfPage\":{\"@id\":\"https:\\\/\\\/www.ador-dental.de\\\/produkt\\\/adorbond-cv-pulver-10-30%c2%b5m\\\/#primaryimage\"},\"image\":{\"@id\":\"https:\\\/\\\/www.ador-dental.de\\\/produkt\\\/adorbond-cv-pulver-10-30%c2%b5m\\\/#primaryimage\"},\"thumbnailUrl\":\"https:\\\/\\\/www.ador-dental.de\\\/wp-content\\\/uploads\\\/2026\\\/02\\\/CV-Powder-10-30-Produktbild.png\",\"datePublished\":\"2026-02-24T14:13:41+00:00\",\"dateModified\":\"2026-03-02T13:25:39+00:00\",\"description\":\"Adorbond CV Powder 10-30 \u03bcm ist als Modellguss-Legierung und Metallkeramik-Legierung verwendbar.\",\"breadcrumb\":{\"@id\":\"https:\\\/\\\/www.ador-dental.de\\\/produkt\\\/adorbond-cv-pulver-10-30%c2%b5m\\\/#breadcrumb\"},\"inLanguage\":\"es\",\"potentialAction\":[{\"@type\":\"ReadAction\",\"target\":[\"https:\\\/\\\/www.ador-dental.de\\\/produkt\\\/adorbond-cv-pulver-10-30%c2%b5m\\\/\"]}]},{\"@type\":\"ImageObject\",\"inLanguage\":\"es\",\"@id\":\"https:\\\/\\\/www.ador-dental.de\\\/produkt\\\/adorbond-cv-pulver-10-30%c2%b5m\\\/#primaryimage\",\"url\":\"https:\\\/\\\/www.ador-dental.de\\\/wp-content\\\/uploads\\\/2026\\\/02\\\/CV-Powder-10-30-Produktbild.png\",\"contentUrl\":\"https:\\\/\\\/www.ador-dental.de\\\/wp-content\\\/uploads\\\/2026\\\/02\\\/CV-Powder-10-30-Produktbild.png\",\"width\":1024,\"height\":1024},{\"@type\":\"BreadcrumbList\",\"@id\":\"https:\\\/\\\/www.ador-dental.de\\\/produkt\\\/adorbond-cv-pulver-10-30%c2%b5m\\\/#breadcrumb\",\"itemListElement\":[{\"@type\":\"ListItem\",\"position\":1,\"name\":\"Startseite\",\"item\":\"https:\\\/\\\/www.ador-dental.de\\\/\"},{\"@type\":\"ListItem\",\"position\":2,\"name\":\"Shop\",\"item\":\"https:\\\/\\\/www.ador-dental.de\\\/en\\\/shop\\\/\"},{\"@type\":\"ListItem\",\"position\":3,\"name\":\"Adorbond CV Pulver 10-30\u00b5m\"}]},{\"@type\":\"WebSite\",\"@id\":\"https:\\\/\\\/www.ador-dental.de\\\/en\\\/#website\",\"url\":\"https:\\\/\\\/www.ador-dental.de\\\/en\\\/\",\"name\":\"Ador Dental GmbH\",\"description\":\"\",\"publisher\":{\"@id\":\"https:\\\/\\\/www.ador-dental.de\\\/en\\\/#organization\"},\"potentialAction\":[{\"@type\":\"SearchAction\",\"target\":{\"@type\":\"EntryPoint\",\"urlTemplate\":\"https:\\\/\\\/www.ador-dental.de\\\/en\\\/?s={search_term_string}\"},\"query-input\":{\"@type\":\"PropertyValueSpecification\",\"valueRequired\":true,\"valueName\":\"search_term_string\"}}],\"inLanguage\":\"es\"},{\"@type\":\"Organization\",\"@id\":\"https:\\\/\\\/www.ador-dental.de\\\/en\\\/#organization\",\"name\":\"Ador Dental GmbH\",\"url\":\"https:\\\/\\\/www.ador-dental.de\\\/en\\\/\",\"logo\":{\"@type\":\"ImageObject\",\"inLanguage\":\"es\",\"@id\":\"https:\\\/\\\/www.ador-dental.de\\\/en\\\/#\\\/schema\\\/logo\\\/image\\\/\",\"url\":\"https:\\\/\\\/www.ador-dental.de\\\/wp-content\\\/uploads\\\/2021\\\/10\\\/ADOR_Logo_DentalSolutions_2020_Black.svg\",\"contentUrl\":\"https:\\\/\\\/www.ador-dental.de\\\/wp-content\\\/uploads\\\/2021\\\/10\\\/ADOR_Logo_DentalSolutions_2020_Black.svg\",\"width\":678,\"height\":261,\"caption\":\"Ador Dental GmbH\"},\"image\":{\"@id\":\"https:\\\/\\\/www.ador-dental.de\\\/en\\\/#\\\/schema\\\/logo\\\/image\\\/\"}}]}<\/script>\n<!-- \/ Yoast SEO plugin. -->","yoast_head_json":{"title":"Adorbond CV Pulver 10-30\u00b5m - Ador Dental GmbH","description":"Adorbond CV Powder 10-30 \u03bcm ist als Modellguss-Legierung und Metallkeramik-Legierung verwendbar.","robots":{"index":"index","follow":"follow","max-snippet":"max-snippet:-1","max-image-preview":"max-image-preview:large","max-video-preview":"max-video-preview:-1"},"canonical":"https:\/\/www.ador-dental.de\/es\/producto\/adorbond-cv-pulver-10-30\u00b5m\/","og_locale":"es_ES","og_type":"article","og_title":"Adorbond CV Pulver 10-30\u00b5m - Ador Dental GmbH","og_description":"Adorbond CV Powder 10-30 \u03bcm ist als Modellguss-Legierung und Metallkeramik-Legierung verwendbar.","og_url":"https:\/\/www.ador-dental.de\/es\/producto\/adorbond-cv-pulver-10-30\u00b5m\/","og_site_name":"Ador Dental GmbH","article_modified_time":"2026-03-02T13:25:39+00:00","og_image":[{"width":1024,"height":1024,"url":"https:\/\/www.ador-dental.de\/wp-content\/uploads\/2026\/02\/CV-Powder-10-30-Produktbild.png","type":"image\/png"}],"twitter_card":"summary_large_image","twitter_misc":{"Tiempo de lectura":"2 minutos"},"schema":{"@context":"https:\/\/schema.org","@graph":[{"@type":"WebPage","@id":"https:\/\/www.ador-dental.de\/produkt\/adorbond-cv-pulver-10-30%c2%b5m\/","url":"https:\/\/www.ador-dental.de\/produkt\/adorbond-cv-pulver-10-30%c2%b5m\/","name":"Adorbond CV Pulver 10-30\u00b5m - Ador Dental GmbH","isPartOf":{"@id":"https:\/\/www.ador-dental.de\/en\/#website"},"primaryImageOfPage":{"@id":"https:\/\/www.ador-dental.de\/produkt\/adorbond-cv-pulver-10-30%c2%b5m\/#primaryimage"},"image":{"@id":"https:\/\/www.ador-dental.de\/produkt\/adorbond-cv-pulver-10-30%c2%b5m\/#primaryimage"},"thumbnailUrl":"https:\/\/www.ador-dental.de\/wp-content\/uploads\/2026\/02\/CV-Powder-10-30-Produktbild.png","datePublished":"2026-02-24T14:13:41+00:00","dateModified":"2026-03-02T13:25:39+00:00","description":"Adorbond CV Powder 10-30 \u03bcm ist als Modellguss-Legierung und Metallkeramik-Legierung verwendbar.","breadcrumb":{"@id":"https:\/\/www.ador-dental.de\/produkt\/adorbond-cv-pulver-10-30%c2%b5m\/#breadcrumb"},"inLanguage":"es","potentialAction":[{"@type":"ReadAction","target":["https:\/\/www.ador-dental.de\/produkt\/adorbond-cv-pulver-10-30%c2%b5m\/"]}]},{"@type":"ImageObject","inLanguage":"es","@id":"https:\/\/www.ador-dental.de\/produkt\/adorbond-cv-pulver-10-30%c2%b5m\/#primaryimage","url":"https:\/\/www.ador-dental.de\/wp-content\/uploads\/2026\/02\/CV-Powder-10-30-Produktbild.png","contentUrl":"https:\/\/www.ador-dental.de\/wp-content\/uploads\/2026\/02\/CV-Powder-10-30-Produktbild.png","width":1024,"height":1024},{"@type":"BreadcrumbList","@id":"https:\/\/www.ador-dental.de\/produkt\/adorbond-cv-pulver-10-30%c2%b5m\/#breadcrumb","itemListElement":[{"@type":"ListItem","position":1,"name":"Startseite","item":"https:\/\/www.ador-dental.de\/"},{"@type":"ListItem","position":2,"name":"Shop","item":"https:\/\/www.ador-dental.de\/en\/shop\/"},{"@type":"ListItem","position":3,"name":"Adorbond CV Pulver 10-30\u00b5m"}]},{"@type":"WebSite","@id":"https:\/\/www.ador-dental.de\/en\/#website","url":"https:\/\/www.ador-dental.de\/en\/","name":"Ador Dental GmbH","description":"","publisher":{"@id":"https:\/\/www.ador-dental.de\/en\/#organization"},"potentialAction":[{"@type":"SearchAction","target":{"@type":"EntryPoint","urlTemplate":"https:\/\/www.ador-dental.de\/en\/?s={search_term_string}"},"query-input":{"@type":"PropertyValueSpecification","valueRequired":true,"valueName":"search_term_string"}}],"inLanguage":"es"},{"@type":"Organization","@id":"https:\/\/www.ador-dental.de\/en\/#organization","name":"Ador Dental GmbH","url":"https:\/\/www.ador-dental.de\/en\/","logo":{"@type":"ImageObject","inLanguage":"es","@id":"https:\/\/www.ador-dental.de\/en\/#\/schema\/logo\/image\/","url":"https:\/\/www.ador-dental.de\/wp-content\/uploads\/2021\/10\/ADOR_Logo_DentalSolutions_2020_Black.svg","contentUrl":"https:\/\/www.ador-dental.de\/wp-content\/uploads\/2021\/10\/ADOR_Logo_DentalSolutions_2020_Black.svg","width":678,"height":261,"caption":"Ador Dental GmbH"},"image":{"@id":"https:\/\/www.ador-dental.de\/en\/#\/schema\/logo\/image\/"}}]}},"_links":{"self":[{"href":"https:\/\/www.ador-dental.de\/es\/wp-json\/wp\/v2\/product\/31064","targetHints":{"allow":["GET"]}}],"collection":[{"href":"https:\/\/www.ador-dental.de\/es\/wp-json\/wp\/v2\/product"}],"about":[{"href":"https:\/\/www.ador-dental.de\/es\/wp-json\/wp\/v2\/types\/product"}],"replies":[{"embeddable":true,"href":"https:\/\/www.ador-dental.de\/es\/wp-json\/wp\/v2\/comments?post=31064"}],"version-history":[{"count":6,"href":"https:\/\/www.ador-dental.de\/es\/wp-json\/wp\/v2\/product\/31064\/revisions"}],"predecessor-version":[{"id":31096,"href":"https:\/\/www.ador-dental.de\/es\/wp-json\/wp\/v2\/product\/31064\/revisions\/31096"}],"wp:featuredmedia":[{"embeddable":true,"href":"https:\/\/www.ador-dental.de\/es\/wp-json\/wp\/v2\/media\/31097"}],"wp:attachment":[{"href":"https:\/\/www.ador-dental.de\/es\/wp-json\/wp\/v2\/media?parent=31064"}],"wp:term":[{"taxonomy":"product_brand","embeddable":true,"href":"https:\/\/www.ador-dental.de\/es\/wp-json\/wp\/v2\/product_brand?post=31064"},{"taxonomy":"product_cat","embeddable":true,"href":"https:\/\/www.ador-dental.de\/es\/wp-json\/wp\/v2\/product_cat?post=31064"},{"taxonomy":"product_tag","embeddable":true,"href":"https:\/\/www.ador-dental.de\/es\/wp-json\/wp\/v2\/product_tag?post=31064"}],"curies":[{"name":"wp","href":"https:\/\/api.w.org\/{rel}","templated":true}]}}