{"id":30721,"date":"2026-01-06T10:09:09","date_gmt":"2026-01-06T09:09:09","guid":{"rendered":"https:\/\/www.ador-dental.de\/?post_type=product&#038;p=30721"},"modified":"2026-04-23T08:43:07","modified_gmt":"2026-04-23T06:43:07","slug":"dentalgusslegierung-adornova-ps40-silberbasis","status":"publish","type":"product","link":"https:\/\/www.ador-dental.de\/es\/producto\/dentalgusslegierung-adornova-ps40-silberbasis\/","title":{"rendered":"Adornova PS 40"},"content":{"rendered":"<p><b>&gt;&gt;&gt; <a  data-e-disable-page-transition=\"true\" class=\"download-link\" title=\"\" href=\"https:\/\/www.ador-dental.de\/es\/download\/30718\/?tmstv=1776972827\" rel=\"nofollow\" id=\"download-link-30718\" data-redirect=\"false\" >\n\tGebrAnw-Dentalgrundlegierung-Adornova_PS40.pdf<\/a>\n &lt;&lt;&lt;<\/b><\/p>\n<table width=\"646\">\n<tbody>\n<tr>\n<td width=\"155\"><strong>Tipo:<\/strong><\/td>\n<td width=\"491\">Aleaci\u00f3n de fundici\u00f3n dental a base de plata, tipo 4 (extraduro),<\/p>\n<p>seg\u00fan la norma DIN EN ISO 22674<\/td>\n<\/tr>\n<tr>\n<td width=\"155\"><strong>Color:<\/strong><\/td>\n<td width=\"491\">blanco<\/td>\n<\/tr>\n<\/tbody>\n<\/table>\n<p>&nbsp;<\/p>\n<table width=\"646\">\n<tbody>\n<tr>\n<td width=\"155\"><strong>Indicaciones:<\/strong><\/td>\n<td width=\"310\">Inlays, Onlays<\/td>\n<td width=\"181\">\u25cf<\/td>\n<\/tr>\n<tr>\n<td width=\"155\"><\/td>\n<td width=\"310\">Coronas<\/td>\n<td width=\"181\">\u25cf<\/td>\n<\/tr>\n<tr>\n<td width=\"155\"><\/td>\n<td width=\"310\">peque\u00f1os puentes<\/td>\n<td width=\"181\">\u25cf<\/td>\n<\/tr>\n<tr>\n<td width=\"155\"><\/td>\n<td width=\"310\">Br\u00fccken jeder physiologischen\u00a0 Spannweite<\/td>\n<td width=\"181\">\u25cf<\/td>\n<\/tr>\n<tr>\n<td width=\"155\"><\/td>\n<td width=\"310\">Trabajos de fresado, conos y accesorios<\/td>\n<td width=\"181\">\u25cf<\/td>\n<\/tr>\n<tr>\n<td width=\"155\"><\/td>\n<td width=\"310\">Reparto de modelos<\/td>\n<td width=\"181\">\u25cf<\/td>\n<\/tr>\n<\/tbody>\n<\/table>\n<p>&nbsp;<\/p>\n<table width=\"648\">\n<tbody>\n<tr>\n<td width=\"155\"><strong>Composici\u00f3n:<\/strong><\/td>\n<td width=\"123\">Pd<\/td>\n<td width=\"123\">39,9<\/td>\n<td width=\"123\">Ru<\/td>\n<td width=\"123\">0,20<\/td>\n<\/tr>\n<tr>\n<td width=\"155\">(fracciones de masa en %)<\/td>\n<td width=\"123\">Ag<\/td>\n<td width=\"123\">51,9<\/td>\n<td width=\"123\">Sn<\/td>\n<td width=\"123\">2,00<\/td>\n<\/tr>\n<tr>\n<td width=\"155\"><\/td>\n<td width=\"123\">En<\/td>\n<td width=\"123\">2,00<\/td>\n<td width=\"123\">Zn<\/td>\n<td width=\"123\">4,00<\/td>\n<\/tr>\n<tr>\n<td width=\"155\"><\/td>\n<td width=\"123\"><\/td>\n<td width=\"123\"><\/td>\n<td width=\"123\"><\/td>\n<td width=\"123\"><\/td>\n<\/tr>\n<\/tbody>\n<\/table>\n<p>&nbsp;<\/p>\n<table width=\"646\">\n<tbody>\n<tr>\n<td width=\"155\"><strong>Datos t\u00e9cnicos:<\/strong><\/td>\n<td width=\"310\">Densidad en g\/cm\u00b3<\/td>\n<td width=\"181\">10,6<\/td>\n<\/tr>\n<tr>\n<td width=\"155\"><\/td>\n<td width=\"310\">Dureza Vickers HV 5\/30<\/td>\n<td width=\"181\">(s)180\u00a0\u00a0\u00a0\u00a0\u00a0 (a-s)200<\/td>\n<\/tr>\n<tr>\n<td width=\"155\"><\/td>\n<td width=\"310\">Resistencia a la fluencia R<sub>p0,2<\/sub> en MPa<\/td>\n<td width=\"181\">(s)370\u00a0 \u00a0 \u00a0 (a-s)4390<\/td>\n<\/tr>\n<tr>\n<td width=\"155\"><\/td>\n<td width=\"310\">Alargamiento a la rotura en %<\/td>\n<td width=\"181\">(s)12\u00a0 \u00a0 \u00a0 \u00a0 (a-s)10<\/td>\n<\/tr>\n<tr>\n<td width=\"155\"><\/td>\n<td width=\"310\">M\u00f3dulo E en GPa<\/td>\n<td width=\"181\">110<\/td>\n<\/tr>\n<tr>\n<td width=\"155\"><\/td>\n<td width=\"310\">Intervalo de fusi\u00f3n en \u00b0C<\/td>\n<td width=\"181\">1090-1160<\/td>\n<\/tr>\n<\/tbody>\n<\/table>\n<p>&nbsp;<\/p>\n<table width=\"646\">\n<tbody>\n<tr>\n<td width=\"155\"><strong>Procesamiento:<\/strong><\/td>\n<td width=\"310\">Temperatura de precalentamiento de los moldes en \u00b0C<\/td>\n<td width=\"181\">800<\/td>\n<\/tr>\n<tr>\n<td width=\"155\"><\/td>\n<td width=\"310\">Temperatura de vertido en \u00b0C<\/td>\n<td width=\"181\">1310<\/td>\n<\/tr>\n<tr>\n<td width=\"155\"><\/td>\n<td width=\"310\">Crisol<\/td>\n<td width=\"181\">Cer\u00e1mica<\/td>\n<\/tr>\n<tr>\n<td width=\"155\"><\/td>\n<td width=\"310\">Endurecimiento<\/td>\n<td width=\"181\">550\u00b0C\/ 15min<\/td>\n<\/tr>\n<\/tbody>\n<\/table>\n<p>&nbsp;<\/p>\n<table width=\"646\">\n<tbody>\n<tr>\n<td width=\"155\"><strong>Soldaduras adecuadas:<\/strong><\/td>\n<td width=\"310\">Conexiones como aleaci\u00f3n de fundici\u00f3n<\/td>\n<td width=\"181\">AL 800<\/td>\n<\/tr>\n<tr>\n<td width=\"155\"><strong>\u00a0<\/strong><\/td>\n<td width=\"310\">Conexiones como aleaci\u00f3n de fundici\u00f3n<\/td>\n<td width=\"181\">AL750<\/td>\n<\/tr>\n<\/tbody>\n<\/table>\n<p>&nbsp;<\/p>\n<p>1) Abreviaturas:<\/p>\n<p>s - autocurado, n - tras la cocci\u00f3n de la cer\u00e1mica, a-s - curado desde el estado s<\/p>\n<p>a-n - curado del estado n<\/p>\n<p>&nbsp;<\/p>\n<p>2) toda la informaci\u00f3n sobre el estado de endurecimiento se dio seg\u00fan la aleaci\u00f3n:<\/p>\n<p>- Cocci\u00f3n de \u00f3xido 10min\/ 960\u00b0C + 4x4min\/ 960\u00b0C para aleaciones amarillas de cocci\u00f3n convencional<\/p>\n<p>- Cocci\u00f3n de \u00f3xido 10min\/ 980\u00b0C + 4x4min\/ 980\u00b0C para aleaciones blancas de fusi\u00f3n convencional<\/p>\n<p>- Cocci\u00f3n de \u00f3xido 10min\/ 800\u00b0C + 4x4min\/ 800\u00b0C para sistemas LFC<\/p>\n<p>Las especificaciones de valores correspondientes s\u00f3lo son v\u00e1lidas en estas condiciones.<\/p>\n<p>&nbsp;<\/p>\n<p>3) La cocci\u00f3n de la cer\u00e1mica debe realizarse seg\u00fan las instrucciones del fabricante de la misma.<\/p>","protected":false},"excerpt":{"rendered":"<p><strong>Paquete \u00e1 25g<\/strong><\/p>\n<p>Gusslegierung auf Silberbasis<\/p>\n<p><strong>Debido a la evoluci\u00f3n actual de los precios de las materias primas, todas las aleaciones se publican por el momento a precio diario. Los precios se actualizan cada ma\u00f1ana a las 11.00 horas.<\/strong><\/p>","protected":false},"featured_media":30739,"comment_status":"open","ping_status":"closed","template":"","meta":{"neve_meta_sidebar":"","neve_meta_container":"","neve_meta_enable_content_width":"off","neve_meta_content_width":70,"neve_meta_title_alignment":"","neve_meta_author_avatar":"","neve_post_elements_order":"","neve_meta_disable_header":"","neve_meta_disable_footer":"","neve_meta_disable_title":"","_themeisle_gutenberg_block_has_review":false},"product_brand":[],"product_cat":[33,34,42,36],"product_tag":[1262,1261],"class_list":{"0":"post-30721","1":"product","2":"type-product","3":"status-publish","4":"has-post-thumbnail","6":"product_cat-legierungen","7":"product_cat-em-legierungen","8":"product_cat-goldreduziert-gusslegierungen","9":"product_cat-gusslegierungen","10":"product_tag-ps40","11":"product_tag-silberbasis","13":"first","14":"instock","15":"taxable","16":"shipping-taxable","17":"purchasable","18":"product-type-simple"},"yoast_head":"<!-- This site is optimized with the Yoast SEO plugin v27.4 - https:\/\/yoast.com\/product\/yoast-seo-wordpress\/ -->\n<title>Adornova PS 40 - Ador Dental GmbH<\/title>\n<meta name=\"description\" content=\"ADOR Edelmetalle - Adornova PS40 ist eine Dentalgusslegierung auf Silberbasis, Typ 4 (extrahart), gem. DIN EN ISO 22674.\" \/>\n<meta name=\"robots\" content=\"index, follow, max-snippet:-1, max-image-preview:large, max-video-preview:-1\" \/>\n<link rel=\"canonical\" href=\"https:\/\/www.ador-dental.de\/es\/producto\/dentalgusslegierung-adornova-ps40-silberbasis\/\" \/>\n<meta property=\"og:locale\" content=\"es_ES\" \/>\n<meta property=\"og:type\" content=\"article\" \/>\n<meta property=\"og:title\" content=\"Adornova PS 40 - Ador Dental GmbH\" \/>\n<meta property=\"og:description\" content=\"ADOR Edelmetalle - Adornova PS40 ist eine Dentalgusslegierung auf Silberbasis, Typ 4 (extrahart), gem. DIN EN ISO 22674.\" \/>\n<meta property=\"og:url\" content=\"https:\/\/www.ador-dental.de\/es\/producto\/dentalgusslegierung-adornova-ps40-silberbasis\/\" \/>\n<meta property=\"og:site_name\" content=\"Ador Dental GmbH\" \/>\n<meta property=\"article:modified_time\" content=\"2026-04-23T06:43:07+00:00\" \/>\n<meta property=\"og:image\" content=\"https:\/\/www.ador-dental.de\/wp-content\/uploads\/2026\/01\/Adornova-PS40-PB.png\" \/>\n\t<meta property=\"og:image:width\" content=\"1024\" \/>\n\t<meta property=\"og:image:height\" content=\"1024\" \/>\n\t<meta property=\"og:image:type\" content=\"image\/png\" \/>\n<meta name=\"twitter:card\" content=\"summary_large_image\" \/>\n<meta name=\"twitter:label1\" content=\"Tiempo de lectura\" \/>\n\t<meta name=\"twitter:data1\" content=\"2 minutos\" \/>\n<script type=\"application\/ld+json\" class=\"yoast-schema-graph\">{\"@context\":\"https:\\\/\\\/schema.org\",\"@graph\":[{\"@type\":\"WebPage\",\"@id\":\"https:\\\/\\\/www.ador-dental.de\\\/produkt\\\/dentalgusslegierung-adornova-ps40-silberbasis\\\/\",\"url\":\"https:\\\/\\\/www.ador-dental.de\\\/produkt\\\/dentalgusslegierung-adornova-ps40-silberbasis\\\/\",\"name\":\"Adornova PS 40 - Ador Dental GmbH\",\"isPartOf\":{\"@id\":\"https:\\\/\\\/www.ador-dental.de\\\/en\\\/#website\"},\"primaryImageOfPage\":{\"@id\":\"https:\\\/\\\/www.ador-dental.de\\\/produkt\\\/dentalgusslegierung-adornova-ps40-silberbasis\\\/#primaryimage\"},\"image\":{\"@id\":\"https:\\\/\\\/www.ador-dental.de\\\/produkt\\\/dentalgusslegierung-adornova-ps40-silberbasis\\\/#primaryimage\"},\"thumbnailUrl\":\"https:\\\/\\\/www.ador-dental.de\\\/wp-content\\\/uploads\\\/2026\\\/01\\\/Adornova-PS40-PB.png\",\"datePublished\":\"2026-01-06T09:09:09+00:00\",\"dateModified\":\"2026-04-23T06:43:07+00:00\",\"description\":\"ADOR Edelmetalle - Adornova PS40 ist eine Dentalgusslegierung auf Silberbasis, Typ 4 (extrahart), gem. DIN EN ISO 22674.\",\"breadcrumb\":{\"@id\":\"https:\\\/\\\/www.ador-dental.de\\\/produkt\\\/dentalgusslegierung-adornova-ps40-silberbasis\\\/#breadcrumb\"},\"inLanguage\":\"es\",\"potentialAction\":[{\"@type\":\"ReadAction\",\"target\":[\"https:\\\/\\\/www.ador-dental.de\\\/produkt\\\/dentalgusslegierung-adornova-ps40-silberbasis\\\/\"]}]},{\"@type\":\"ImageObject\",\"inLanguage\":\"es\",\"@id\":\"https:\\\/\\\/www.ador-dental.de\\\/produkt\\\/dentalgusslegierung-adornova-ps40-silberbasis\\\/#primaryimage\",\"url\":\"https:\\\/\\\/www.ador-dental.de\\\/wp-content\\\/uploads\\\/2026\\\/01\\\/Adornova-PS40-PB.png\",\"contentUrl\":\"https:\\\/\\\/www.ador-dental.de\\\/wp-content\\\/uploads\\\/2026\\\/01\\\/Adornova-PS40-PB.png\",\"width\":1024,\"height\":1024},{\"@type\":\"BreadcrumbList\",\"@id\":\"https:\\\/\\\/www.ador-dental.de\\\/produkt\\\/dentalgusslegierung-adornova-ps40-silberbasis\\\/#breadcrumb\",\"itemListElement\":[{\"@type\":\"ListItem\",\"position\":1,\"name\":\"Startseite\",\"item\":\"https:\\\/\\\/www.ador-dental.de\\\/\"},{\"@type\":\"ListItem\",\"position\":2,\"name\":\"Shop\",\"item\":\"https:\\\/\\\/www.ador-dental.de\\\/en\\\/shop\\\/\"},{\"@type\":\"ListItem\",\"position\":3,\"name\":\"Adornova PS 40\"}]},{\"@type\":\"WebSite\",\"@id\":\"https:\\\/\\\/www.ador-dental.de\\\/en\\\/#website\",\"url\":\"https:\\\/\\\/www.ador-dental.de\\\/en\\\/\",\"name\":\"Ador Dental GmbH\",\"description\":\"\",\"publisher\":{\"@id\":\"https:\\\/\\\/www.ador-dental.de\\\/en\\\/#organization\"},\"potentialAction\":[{\"@type\":\"SearchAction\",\"target\":{\"@type\":\"EntryPoint\",\"urlTemplate\":\"https:\\\/\\\/www.ador-dental.de\\\/en\\\/?s={search_term_string}\"},\"query-input\":{\"@type\":\"PropertyValueSpecification\",\"valueRequired\":true,\"valueName\":\"search_term_string\"}}],\"inLanguage\":\"es\"},{\"@type\":\"Organization\",\"@id\":\"https:\\\/\\\/www.ador-dental.de\\\/en\\\/#organization\",\"name\":\"Ador Dental GmbH\",\"url\":\"https:\\\/\\\/www.ador-dental.de\\\/en\\\/\",\"logo\":{\"@type\":\"ImageObject\",\"inLanguage\":\"es\",\"@id\":\"https:\\\/\\\/www.ador-dental.de\\\/en\\\/#\\\/schema\\\/logo\\\/image\\\/\",\"url\":\"https:\\\/\\\/www.ador-dental.de\\\/wp-content\\\/uploads\\\/2021\\\/10\\\/ADOR_Logo_DentalSolutions_2020_Black.svg\",\"contentUrl\":\"https:\\\/\\\/www.ador-dental.de\\\/wp-content\\\/uploads\\\/2021\\\/10\\\/ADOR_Logo_DentalSolutions_2020_Black.svg\",\"width\":678,\"height\":261,\"caption\":\"Ador Dental GmbH\"},\"image\":{\"@id\":\"https:\\\/\\\/www.ador-dental.de\\\/en\\\/#\\\/schema\\\/logo\\\/image\\\/\"}}]}<\/script>\n<!-- \/ Yoast SEO plugin. -->","yoast_head_json":{"title":"Adornova PS 40 - Ador Dental GmbH","description":"ADOR Edelmetalle - Adornova PS40 ist eine Dentalgusslegierung auf Silberbasis, Typ 4 (extrahart), gem. DIN EN ISO 22674.","robots":{"index":"index","follow":"follow","max-snippet":"max-snippet:-1","max-image-preview":"max-image-preview:large","max-video-preview":"max-video-preview:-1"},"canonical":"https:\/\/www.ador-dental.de\/es\/producto\/dentalgusslegierung-adornova-ps40-silberbasis\/","og_locale":"es_ES","og_type":"article","og_title":"Adornova PS 40 - Ador Dental GmbH","og_description":"ADOR Edelmetalle - Adornova PS40 ist eine Dentalgusslegierung auf Silberbasis, Typ 4 (extrahart), gem. DIN EN ISO 22674.","og_url":"https:\/\/www.ador-dental.de\/es\/producto\/dentalgusslegierung-adornova-ps40-silberbasis\/","og_site_name":"Ador Dental GmbH","article_modified_time":"2026-04-23T06:43:07+00:00","og_image":[{"width":1024,"height":1024,"url":"https:\/\/www.ador-dental.de\/wp-content\/uploads\/2026\/01\/Adornova-PS40-PB.png","type":"image\/png"}],"twitter_card":"summary_large_image","twitter_misc":{"Tiempo de lectura":"2 minutos"},"schema":{"@context":"https:\/\/schema.org","@graph":[{"@type":"WebPage","@id":"https:\/\/www.ador-dental.de\/produkt\/dentalgusslegierung-adornova-ps40-silberbasis\/","url":"https:\/\/www.ador-dental.de\/produkt\/dentalgusslegierung-adornova-ps40-silberbasis\/","name":"Adornova PS 40 - Ador Dental GmbH","isPartOf":{"@id":"https:\/\/www.ador-dental.de\/en\/#website"},"primaryImageOfPage":{"@id":"https:\/\/www.ador-dental.de\/produkt\/dentalgusslegierung-adornova-ps40-silberbasis\/#primaryimage"},"image":{"@id":"https:\/\/www.ador-dental.de\/produkt\/dentalgusslegierung-adornova-ps40-silberbasis\/#primaryimage"},"thumbnailUrl":"https:\/\/www.ador-dental.de\/wp-content\/uploads\/2026\/01\/Adornova-PS40-PB.png","datePublished":"2026-01-06T09:09:09+00:00","dateModified":"2026-04-23T06:43:07+00:00","description":"ADOR Edelmetalle - Adornova PS40 ist eine Dentalgusslegierung auf Silberbasis, Typ 4 (extrahart), gem. DIN EN ISO 22674.","breadcrumb":{"@id":"https:\/\/www.ador-dental.de\/produkt\/dentalgusslegierung-adornova-ps40-silberbasis\/#breadcrumb"},"inLanguage":"es","potentialAction":[{"@type":"ReadAction","target":["https:\/\/www.ador-dental.de\/produkt\/dentalgusslegierung-adornova-ps40-silberbasis\/"]}]},{"@type":"ImageObject","inLanguage":"es","@id":"https:\/\/www.ador-dental.de\/produkt\/dentalgusslegierung-adornova-ps40-silberbasis\/#primaryimage","url":"https:\/\/www.ador-dental.de\/wp-content\/uploads\/2026\/01\/Adornova-PS40-PB.png","contentUrl":"https:\/\/www.ador-dental.de\/wp-content\/uploads\/2026\/01\/Adornova-PS40-PB.png","width":1024,"height":1024},{"@type":"BreadcrumbList","@id":"https:\/\/www.ador-dental.de\/produkt\/dentalgusslegierung-adornova-ps40-silberbasis\/#breadcrumb","itemListElement":[{"@type":"ListItem","position":1,"name":"Startseite","item":"https:\/\/www.ador-dental.de\/"},{"@type":"ListItem","position":2,"name":"Shop","item":"https:\/\/www.ador-dental.de\/en\/shop\/"},{"@type":"ListItem","position":3,"name":"Adornova PS 40"}]},{"@type":"WebSite","@id":"https:\/\/www.ador-dental.de\/en\/#website","url":"https:\/\/www.ador-dental.de\/en\/","name":"Ador Dental GmbH","description":"","publisher":{"@id":"https:\/\/www.ador-dental.de\/en\/#organization"},"potentialAction":[{"@type":"SearchAction","target":{"@type":"EntryPoint","urlTemplate":"https:\/\/www.ador-dental.de\/en\/?s={search_term_string}"},"query-input":{"@type":"PropertyValueSpecification","valueRequired":true,"valueName":"search_term_string"}}],"inLanguage":"es"},{"@type":"Organization","@id":"https:\/\/www.ador-dental.de\/en\/#organization","name":"Ador Dental GmbH","url":"https:\/\/www.ador-dental.de\/en\/","logo":{"@type":"ImageObject","inLanguage":"es","@id":"https:\/\/www.ador-dental.de\/en\/#\/schema\/logo\/image\/","url":"https:\/\/www.ador-dental.de\/wp-content\/uploads\/2021\/10\/ADOR_Logo_DentalSolutions_2020_Black.svg","contentUrl":"https:\/\/www.ador-dental.de\/wp-content\/uploads\/2021\/10\/ADOR_Logo_DentalSolutions_2020_Black.svg","width":678,"height":261,"caption":"Ador Dental GmbH"},"image":{"@id":"https:\/\/www.ador-dental.de\/en\/#\/schema\/logo\/image\/"}}]}},"_links":{"self":[{"href":"https:\/\/www.ador-dental.de\/es\/wp-json\/wp\/v2\/product\/30721","targetHints":{"allow":["GET"]}}],"collection":[{"href":"https:\/\/www.ador-dental.de\/es\/wp-json\/wp\/v2\/product"}],"about":[{"href":"https:\/\/www.ador-dental.de\/es\/wp-json\/wp\/v2\/types\/product"}],"replies":[{"embeddable":true,"href":"https:\/\/www.ador-dental.de\/es\/wp-json\/wp\/v2\/comments?post=30721"}],"version-history":[{"count":2,"href":"https:\/\/www.ador-dental.de\/es\/wp-json\/wp\/v2\/product\/30721\/revisions"}],"predecessor-version":[{"id":30761,"href":"https:\/\/www.ador-dental.de\/es\/wp-json\/wp\/v2\/product\/30721\/revisions\/30761"}],"wp:featuredmedia":[{"embeddable":true,"href":"https:\/\/www.ador-dental.de\/es\/wp-json\/wp\/v2\/media\/30739"}],"wp:attachment":[{"href":"https:\/\/www.ador-dental.de\/es\/wp-json\/wp\/v2\/media?parent=30721"}],"wp:term":[{"taxonomy":"product_brand","embeddable":true,"href":"https:\/\/www.ador-dental.de\/es\/wp-json\/wp\/v2\/product_brand?post=30721"},{"taxonomy":"product_cat","embeddable":true,"href":"https:\/\/www.ador-dental.de\/es\/wp-json\/wp\/v2\/product_cat?post=30721"},{"taxonomy":"product_tag","embeddable":true,"href":"https:\/\/www.ador-dental.de\/es\/wp-json\/wp\/v2\/product_tag?post=30721"}],"curies":[{"name":"wp","href":"https:\/\/api.w.org\/{rel}","templated":true}]}}