{"id":30549,"date":"2025-11-06T13:13:41","date_gmt":"2025-11-06T12:13:41","guid":{"rendered":"https:\/\/www.ador-dental.de\/?post_type=product&#038;p=30549"},"modified":"2026-01-07T15:48:18","modified_gmt":"2026-01-07T14:48:18","slug":"artamic-stain-glaze-starter-kit-b","status":"publish","type":"product","link":"https:\/\/www.ador-dental.de\/es\/producto\/artamic-stain-glaze-starter-kit-b\/","title":{"rendered":"Kit de inicio Artamic Stain\/Glaze"},"content":{"rendered":"<p><strong><a href=\"https:\/\/www.ador-dental.de\/wp-content\/uploads\/2026\/01\/Artamic-Stain-Glaze-Instruction-Card-20250519.pdf\">Tarjeta de instrucciones de uso (ENGL)<\/a><br \/>\n<a href=\"https:\/\/www.ador-dental.de\/wp-content\/uploads\/2026\/01\/BSM_SG-_Artamic_Instruction-Manual\uff08ENG-Version2024.pdf\">Instrucciones de uso (ENGL)<\/a><\/strong><\/p>\n<p>Contenido:<br \/>\n\u00b7 1 Flasche Glaze (2g)<br \/>\n\u00b7 1 Flasche Mischfl\u00fcssigkeit (20ml)<br \/>\n\u00b7 2 Flaschen Stain (2g) (A, Blau)<\/p>\n<p><strong>Aplicaci\u00f3n:<\/strong> para colorear\/esmaltar restauraciones de \u00f3xido de circonio y vitrocer\u00e1mica<br \/>\n<strong>Preparaci\u00f3n:<\/strong> Preparar los pinceles, la paleta mezcladora y la esp\u00e1tula para colorear\/esmaltar.<br \/>\n<strong>Instrucciones de uso:<\/strong><br \/>\n- Mezclar bien Artamic Stain\/Glaze con una esp\u00e1tula sin metal antes de cada uso.<br \/>\n- Aseg\u00farese de que el color\/esmalte no entre en contacto con el agua.<br \/>\n- Se recomienda utilizar la paleta de colores durante el proceso de mezcla para conseguir la viscosidad deseada.<br \/>\nNO A\u00d1ADA EL L\u00cdQUIDO DE MEZCLA DIRECTAMENTE A LA BOTELLA.<br \/>\n- La temperatura en el horno para las restauraciones vitrificadas no debe superar los 450 \u00b0C.<br \/>\n- Realizar la cocci\u00f3n de glaseado al vac\u00edo.<br \/>\n- Selle bien el material no utilizado para el siguiente uso y evite el almacenamiento prolongado en un entorno con mucha humedad.<\/p>\n<table style=\"height: 142px;\" width=\"535\">\n<tbody>\n<tr>\n<td style=\"text-align: center;\" colspan=\"2\" width=\"182\">Proceso de secado<\/td>\n<td style=\"text-align: center;\" width=\"99\">Calefacci\u00f3n<\/td>\n<td style=\"text-align: center;\" colspan=\"2\" width=\"177\">Fuego<\/td>\n<td style=\"text-align: center;\" width=\"111\">Apertura del horno<\/td>\n<\/tr>\n<tr>\n<td style=\"text-align: center;\" width=\"102\">Temperatura inicial.<\/td>\n<td style=\"text-align: center;\">Duraci\u00f3n<\/td>\n<td style=\"text-align: center;\">Velocidad de calentamiento<\/td>\n<td style=\"text-align: center;\">Temperatura objetivo.<\/td>\n<td style=\"text-align: center;\">Duraci\u00f3n<\/td>\n<td style=\"text-align: center;\">Temp.<\/td>\n<\/tr>\n<tr>\n<td style=\"text-align: center;\" width=\"102\">(\u00b0C)<\/td>\n<td style=\"text-align: center;\">(min.)<\/td>\n<td style=\"text-align: center;\">(\u00b0C\/min.)<\/td>\n<td style=\"text-align: center;\">(\u00b0C)<\/td>\n<td style=\"text-align: center;\">(min.)<\/td>\n<td style=\"text-align: center;\">(\u00b0C)<\/td>\n<\/tr>\n<tr>\n<td style=\"text-align: center;\">450<\/td>\n<td style=\"text-align: center;\">6<\/td>\n<td style=\"text-align: center;\">45<\/td>\n<td style=\"text-align: center;\">740<\/td>\n<td style=\"text-align: center;\">3<\/td>\n<td style=\"text-align: center;\">600<\/td>\n<\/tr>\n<\/tbody>\n<\/table>\n<ul>\n<li>CTE\uff0825-500\u2103\uff09\uff0810.3\u00b10.5\uff09*10-6 K-1<\/li>\n<li>Solubilidad qu\u00edmica&lt;100\u03bcg\/cm2<\/li>\n<li>Resistencia a la flexi\u00f3n&gt;50Mpa<\/li>\n<li>Condiciones de almacenamiento<br \/>\nConservar en un lugar seco a temperatura ambiente<\/li>\n<\/ul>","protected":false},"excerpt":{"rendered":"<p><span dir=\"auto\">Artamic Stain\/Glaze ha sido desarrollado especialmente para la reproducci\u00f3n de restauraciones de \u00f3xido de circonio, cer\u00e1mica compuesta de \u00f3xido de circonio y cer\u00e1mica v\u00edtrea de disilicato de litio. Gracias a su amplio sistema de colores, su viva fluorescencia y su brillo natural, permite conseguir la individualizaci\u00f3n y caracterizaci\u00f3n deseadas, as\u00ed como una est\u00e9tica realista de las restauraciones que no tiene nada que envidiar a la de los dientes naturales.<\/span><\/p>","protected":false},"featured_media":30635,"comment_status":"open","ping_status":"closed","template":"","meta":{"neve_meta_sidebar":"","neve_meta_container":"","neve_meta_enable_content_width":"off","neve_meta_content_width":100,"neve_meta_title_alignment":"","neve_meta_author_avatar":"","neve_post_elements_order":"","neve_meta_disable_header":"","neve_meta_disable_footer":"","neve_meta_disable_title":"","_themeisle_gutenberg_block_has_review":false},"product_brand":[],"product_cat":[431,420],"product_tag":[],"class_list":{"0":"post-30549","1":"product","2":"type-product","3":"status-publish","4":"has-post-thumbnail","6":"product_cat-adormilling","7":"product_cat-zirkon-blanks","9":"first","10":"instock","11":"taxable","12":"shipping-taxable","13":"purchasable","14":"product-type-simple"},"yoast_head":"<!-- This site is optimized with the Yoast SEO plugin v27.5 - https:\/\/yoast.com\/product\/yoast-seo-wordpress\/ -->\n<title>Artamic Stain\/Glaze Starter Kit - Ador Dental GmbH<\/title>\n<meta name=\"robots\" content=\"index, follow, max-snippet:-1, max-image-preview:large, max-video-preview:-1\" \/>\n<link rel=\"canonical\" href=\"https:\/\/www.ador-dental.de\/es\/producto\/artamic-stain-glaze-starter-kit-b\/\" \/>\n<meta property=\"og:locale\" content=\"es_ES\" \/>\n<meta property=\"og:type\" content=\"article\" \/>\n<meta property=\"og:title\" content=\"Artamic Stain\/Glaze Starter Kit - Ador Dental GmbH\" \/>\n<meta property=\"og:description\" content=\"Artamic Stain\/Glaze wurde speziell f\u00fcr die naturgetreue Reproduktion von Restaurationen aus Vollzirkonoxid, Zirkonoxid-Verbundkeramik und Lithiumdisilikat-Glaskeramik entwickelt. Dank des breiten Farbsystems, der lebendigen Fluoreszenz und des nat\u00fcrlichen Glanzes erm\u00f6glicht es Ihnen, die gew\u00fcnschte Individualisierung und Charakterisierung sowie eine lebensechte \u00c4sthetik der Restaurationen zu erzielen, die nat\u00fcrlichen Z\u00e4hnen in nichts nachsteht.\" \/>\n<meta property=\"og:url\" content=\"https:\/\/www.ador-dental.de\/es\/producto\/artamic-stain-glaze-starter-kit-b\/\" \/>\n<meta property=\"og:site_name\" content=\"Ador Dental GmbH\" \/>\n<meta property=\"article:modified_time\" content=\"2026-01-07T14:48:18+00:00\" \/>\n<meta property=\"og:image\" content=\"https:\/\/www.ador-dental.de\/wp-content\/uploads\/2025\/11\/Artamic-Stain-Glaze-Starter-Kit-Produktbild.png\" \/>\n\t<meta property=\"og:image:width\" content=\"1024\" \/>\n\t<meta property=\"og:image:height\" content=\"1024\" \/>\n\t<meta property=\"og:image:type\" content=\"image\/png\" \/>\n<meta name=\"twitter:card\" content=\"summary_large_image\" \/>\n<meta name=\"twitter:label1\" content=\"Tiempo de lectura\" \/>\n\t<meta name=\"twitter:data1\" content=\"1 minuto\" \/>\n<script type=\"application\/ld+json\" class=\"yoast-schema-graph\">{\"@context\":\"https:\\\/\\\/schema.org\",\"@graph\":[{\"@type\":\"WebPage\",\"@id\":\"https:\\\/\\\/www.ador-dental.de\\\/produkt\\\/artamic-stain-glaze-starter-kit-b\\\/\",\"url\":\"https:\\\/\\\/www.ador-dental.de\\\/produkt\\\/artamic-stain-glaze-starter-kit-b\\\/\",\"name\":\"Artamic Stain\\\/Glaze Starter Kit - Ador Dental GmbH\",\"isPartOf\":{\"@id\":\"https:\\\/\\\/www.ador-dental.de\\\/en\\\/#website\"},\"primaryImageOfPage\":{\"@id\":\"https:\\\/\\\/www.ador-dental.de\\\/produkt\\\/artamic-stain-glaze-starter-kit-b\\\/#primaryimage\"},\"image\":{\"@id\":\"https:\\\/\\\/www.ador-dental.de\\\/produkt\\\/artamic-stain-glaze-starter-kit-b\\\/#primaryimage\"},\"thumbnailUrl\":\"https:\\\/\\\/www.ador-dental.de\\\/wp-content\\\/uploads\\\/2025\\\/11\\\/Artamic-Stain-Glaze-Starter-Kit-Produktbild.png\",\"datePublished\":\"2025-11-06T12:13:41+00:00\",\"dateModified\":\"2026-01-07T14:48:18+00:00\",\"breadcrumb\":{\"@id\":\"https:\\\/\\\/www.ador-dental.de\\\/produkt\\\/artamic-stain-glaze-starter-kit-b\\\/#breadcrumb\"},\"inLanguage\":\"es\",\"potentialAction\":[{\"@type\":\"ReadAction\",\"target\":[\"https:\\\/\\\/www.ador-dental.de\\\/produkt\\\/artamic-stain-glaze-starter-kit-b\\\/\"]}]},{\"@type\":\"ImageObject\",\"inLanguage\":\"es\",\"@id\":\"https:\\\/\\\/www.ador-dental.de\\\/produkt\\\/artamic-stain-glaze-starter-kit-b\\\/#primaryimage\",\"url\":\"https:\\\/\\\/www.ador-dental.de\\\/wp-content\\\/uploads\\\/2025\\\/11\\\/Artamic-Stain-Glaze-Starter-Kit-Produktbild.png\",\"contentUrl\":\"https:\\\/\\\/www.ador-dental.de\\\/wp-content\\\/uploads\\\/2025\\\/11\\\/Artamic-Stain-Glaze-Starter-Kit-Produktbild.png\",\"width\":1024,\"height\":1024},{\"@type\":\"BreadcrumbList\",\"@id\":\"https:\\\/\\\/www.ador-dental.de\\\/produkt\\\/artamic-stain-glaze-starter-kit-b\\\/#breadcrumb\",\"itemListElement\":[{\"@type\":\"ListItem\",\"position\":1,\"name\":\"Startseite\",\"item\":\"https:\\\/\\\/www.ador-dental.de\\\/\"},{\"@type\":\"ListItem\",\"position\":2,\"name\":\"Shop\",\"item\":\"https:\\\/\\\/www.ador-dental.de\\\/en\\\/shop\\\/\"},{\"@type\":\"ListItem\",\"position\":3,\"name\":\"Artamic Stain\\\/Glaze Starter Kit\"}]},{\"@type\":\"WebSite\",\"@id\":\"https:\\\/\\\/www.ador-dental.de\\\/en\\\/#website\",\"url\":\"https:\\\/\\\/www.ador-dental.de\\\/en\\\/\",\"name\":\"Ador Dental GmbH\",\"description\":\"\",\"publisher\":{\"@id\":\"https:\\\/\\\/www.ador-dental.de\\\/en\\\/#organization\"},\"potentialAction\":[{\"@type\":\"SearchAction\",\"target\":{\"@type\":\"EntryPoint\",\"urlTemplate\":\"https:\\\/\\\/www.ador-dental.de\\\/en\\\/?s={search_term_string}\"},\"query-input\":{\"@type\":\"PropertyValueSpecification\",\"valueRequired\":true,\"valueName\":\"search_term_string\"}}],\"inLanguage\":\"es\"},{\"@type\":\"Organization\",\"@id\":\"https:\\\/\\\/www.ador-dental.de\\\/en\\\/#organization\",\"name\":\"Ador Dental GmbH\",\"url\":\"https:\\\/\\\/www.ador-dental.de\\\/en\\\/\",\"logo\":{\"@type\":\"ImageObject\",\"inLanguage\":\"es\",\"@id\":\"https:\\\/\\\/www.ador-dental.de\\\/en\\\/#\\\/schema\\\/logo\\\/image\\\/\",\"url\":\"https:\\\/\\\/www.ador-dental.de\\\/wp-content\\\/uploads\\\/2021\\\/10\\\/ADOR_Logo_DentalSolutions_2020_Black.svg\",\"contentUrl\":\"https:\\\/\\\/www.ador-dental.de\\\/wp-content\\\/uploads\\\/2021\\\/10\\\/ADOR_Logo_DentalSolutions_2020_Black.svg\",\"width\":678,\"height\":261,\"caption\":\"Ador Dental GmbH\"},\"image\":{\"@id\":\"https:\\\/\\\/www.ador-dental.de\\\/en\\\/#\\\/schema\\\/logo\\\/image\\\/\"}}]}<\/script>\n<!-- \/ Yoast SEO plugin. -->","yoast_head_json":{"title":"Artamic Stain\/Glaze Starter Kit - Ador Dental GmbH","robots":{"index":"index","follow":"follow","max-snippet":"max-snippet:-1","max-image-preview":"max-image-preview:large","max-video-preview":"max-video-preview:-1"},"canonical":"https:\/\/www.ador-dental.de\/es\/producto\/artamic-stain-glaze-starter-kit-b\/","og_locale":"es_ES","og_type":"article","og_title":"Artamic Stain\/Glaze Starter Kit - Ador Dental GmbH","og_description":"Artamic Stain\/Glaze wurde speziell f\u00fcr die naturgetreue Reproduktion von Restaurationen aus Vollzirkonoxid, Zirkonoxid-Verbundkeramik und Lithiumdisilikat-Glaskeramik entwickelt. Dank des breiten Farbsystems, der lebendigen Fluoreszenz und des nat\u00fcrlichen Glanzes erm\u00f6glicht es Ihnen, die gew\u00fcnschte Individualisierung und Charakterisierung sowie eine lebensechte \u00c4sthetik der Restaurationen zu erzielen, die nat\u00fcrlichen Z\u00e4hnen in nichts nachsteht.","og_url":"https:\/\/www.ador-dental.de\/es\/producto\/artamic-stain-glaze-starter-kit-b\/","og_site_name":"Ador Dental GmbH","article_modified_time":"2026-01-07T14:48:18+00:00","og_image":[{"width":1024,"height":1024,"url":"https:\/\/www.ador-dental.de\/wp-content\/uploads\/2025\/11\/Artamic-Stain-Glaze-Starter-Kit-Produktbild.png","type":"image\/png"}],"twitter_card":"summary_large_image","twitter_misc":{"Tiempo de lectura":"1 minuto"},"schema":{"@context":"https:\/\/schema.org","@graph":[{"@type":"WebPage","@id":"https:\/\/www.ador-dental.de\/produkt\/artamic-stain-glaze-starter-kit-b\/","url":"https:\/\/www.ador-dental.de\/produkt\/artamic-stain-glaze-starter-kit-b\/","name":"Artamic Stain\/Glaze Starter Kit - Ador Dental GmbH","isPartOf":{"@id":"https:\/\/www.ador-dental.de\/en\/#website"},"primaryImageOfPage":{"@id":"https:\/\/www.ador-dental.de\/produkt\/artamic-stain-glaze-starter-kit-b\/#primaryimage"},"image":{"@id":"https:\/\/www.ador-dental.de\/produkt\/artamic-stain-glaze-starter-kit-b\/#primaryimage"},"thumbnailUrl":"https:\/\/www.ador-dental.de\/wp-content\/uploads\/2025\/11\/Artamic-Stain-Glaze-Starter-Kit-Produktbild.png","datePublished":"2025-11-06T12:13:41+00:00","dateModified":"2026-01-07T14:48:18+00:00","breadcrumb":{"@id":"https:\/\/www.ador-dental.de\/produkt\/artamic-stain-glaze-starter-kit-b\/#breadcrumb"},"inLanguage":"es","potentialAction":[{"@type":"ReadAction","target":["https:\/\/www.ador-dental.de\/produkt\/artamic-stain-glaze-starter-kit-b\/"]}]},{"@type":"ImageObject","inLanguage":"es","@id":"https:\/\/www.ador-dental.de\/produkt\/artamic-stain-glaze-starter-kit-b\/#primaryimage","url":"https:\/\/www.ador-dental.de\/wp-content\/uploads\/2025\/11\/Artamic-Stain-Glaze-Starter-Kit-Produktbild.png","contentUrl":"https:\/\/www.ador-dental.de\/wp-content\/uploads\/2025\/11\/Artamic-Stain-Glaze-Starter-Kit-Produktbild.png","width":1024,"height":1024},{"@type":"BreadcrumbList","@id":"https:\/\/www.ador-dental.de\/produkt\/artamic-stain-glaze-starter-kit-b\/#breadcrumb","itemListElement":[{"@type":"ListItem","position":1,"name":"Startseite","item":"https:\/\/www.ador-dental.de\/"},{"@type":"ListItem","position":2,"name":"Shop","item":"https:\/\/www.ador-dental.de\/en\/shop\/"},{"@type":"ListItem","position":3,"name":"Artamic Stain\/Glaze Starter Kit"}]},{"@type":"WebSite","@id":"https:\/\/www.ador-dental.de\/en\/#website","url":"https:\/\/www.ador-dental.de\/en\/","name":"Ador Dental GmbH","description":"","publisher":{"@id":"https:\/\/www.ador-dental.de\/en\/#organization"},"potentialAction":[{"@type":"SearchAction","target":{"@type":"EntryPoint","urlTemplate":"https:\/\/www.ador-dental.de\/en\/?s={search_term_string}"},"query-input":{"@type":"PropertyValueSpecification","valueRequired":true,"valueName":"search_term_string"}}],"inLanguage":"es"},{"@type":"Organization","@id":"https:\/\/www.ador-dental.de\/en\/#organization","name":"Ador Dental GmbH","url":"https:\/\/www.ador-dental.de\/en\/","logo":{"@type":"ImageObject","inLanguage":"es","@id":"https:\/\/www.ador-dental.de\/en\/#\/schema\/logo\/image\/","url":"https:\/\/www.ador-dental.de\/wp-content\/uploads\/2021\/10\/ADOR_Logo_DentalSolutions_2020_Black.svg","contentUrl":"https:\/\/www.ador-dental.de\/wp-content\/uploads\/2021\/10\/ADOR_Logo_DentalSolutions_2020_Black.svg","width":678,"height":261,"caption":"Ador Dental GmbH"},"image":{"@id":"https:\/\/www.ador-dental.de\/en\/#\/schema\/logo\/image\/"}}]}},"_links":{"self":[{"href":"https:\/\/www.ador-dental.de\/es\/wp-json\/wp\/v2\/product\/30549","targetHints":{"allow":["GET"]}}],"collection":[{"href":"https:\/\/www.ador-dental.de\/es\/wp-json\/wp\/v2\/product"}],"about":[{"href":"https:\/\/www.ador-dental.de\/es\/wp-json\/wp\/v2\/types\/product"}],"replies":[{"embeddable":true,"href":"https:\/\/www.ador-dental.de\/es\/wp-json\/wp\/v2\/comments?post=30549"}],"version-history":[{"count":4,"href":"https:\/\/www.ador-dental.de\/es\/wp-json\/wp\/v2\/product\/30549\/revisions"}],"predecessor-version":[{"id":30754,"href":"https:\/\/www.ador-dental.de\/es\/wp-json\/wp\/v2\/product\/30549\/revisions\/30754"}],"wp:featuredmedia":[{"embeddable":true,"href":"https:\/\/www.ador-dental.de\/es\/wp-json\/wp\/v2\/media\/30635"}],"wp:attachment":[{"href":"https:\/\/www.ador-dental.de\/es\/wp-json\/wp\/v2\/media?parent=30549"}],"wp:term":[{"taxonomy":"product_brand","embeddable":true,"href":"https:\/\/www.ador-dental.de\/es\/wp-json\/wp\/v2\/product_brand?post=30549"},{"taxonomy":"product_cat","embeddable":true,"href":"https:\/\/www.ador-dental.de\/es\/wp-json\/wp\/v2\/product_cat?post=30549"},{"taxonomy":"product_tag","embeddable":true,"href":"https:\/\/www.ador-dental.de\/es\/wp-json\/wp\/v2\/product_tag?post=30549"}],"curies":[{"name":"wp","href":"https:\/\/api.w.org\/{rel}","templated":true}]}}