{"id":30544,"date":"2025-12-16T16:34:54","date_gmt":"2025-12-16T15:34:54","guid":{"rendered":"https:\/\/www.ador-dental.de\/?post_type=product&#038;p=30544"},"modified":"2026-01-07T15:47:12","modified_gmt":"2026-01-07T14:47:12","slug":"artamic-stain-glaze-master-kit","status":"publish","type":"product","link":"https:\/\/www.ador-dental.de\/es\/producto\/artamic-stain-glaze-master-kit\/","title":{"rendered":"Kit maestro Artamic Stain\/Glaze"},"content":{"rendered":"<p><strong><a href=\"https:\/\/www.ador-dental.de\/wp-content\/uploads\/2026\/01\/Artamic-Stain-Glaze-Instruction-Card-20250519.pdf\">Tarjeta de instrucciones de uso (ENGL)<\/a><br \/>\n<a href=\"https:\/\/www.ador-dental.de\/wp-content\/uploads\/2026\/01\/BSM_SG-_Artamic_Instruction-Manual\uff08ENG-Version2024.pdf\">Instrucciones de uso (ENGL)<\/a><\/strong><\/p>\n<p>Contenido:<br \/>\n- 1 frasco de glaseado (6 g)<br \/>\n- 1 frasco de 3D Glaze (6 g)<br \/>\n- 1 botella de l\u00edquido mezclador (25 ml)<br \/>\n- 16 frascos de tinte (6 g) (A, B, C, D3, D4, azul, violeta-gris, rojo, rosa, amarillo, marr\u00f3n, marr\u00f3n claro, terracota, naranja, negro, blanco)<\/p>\n<p><strong>Aplicaci\u00f3n:<\/strong> para colorear\/esmaltar restauraciones de \u00f3xido de circonio y vitrocer\u00e1mica<br \/>\n<strong>Preparaci\u00f3n:<\/strong> Preparar los pinceles, la paleta mezcladora y la esp\u00e1tula para colorear\/esmaltar.<br \/>\n<strong>Instrucciones de uso:<\/strong><br \/>\n- Mezclar bien Artamic Stain\/Glaze con una esp\u00e1tula sin metal antes de cada uso.<br \/>\n- Aseg\u00farese de que el color\/esmalte no entre en contacto con el agua.<br \/>\n- Se recomienda utilizar la paleta de colores durante el proceso de mezcla para conseguir la viscosidad deseada.<br \/>\nNO A\u00d1ADA EL L\u00cdQUIDO DE MEZCLA DIRECTAMENTE A LA BOTELLA.<br \/>\n- La temperatura en el horno para las restauraciones vitrificadas no debe superar los 450 \u00b0C.<br \/>\n- Realizar la cocci\u00f3n de glaseado al vac\u00edo.<br \/>\n- Selle bien el material no utilizado para el siguiente uso y evite el almacenamiento prolongado en un entorno con mucha humedad.<\/p>\n<table style=\"height: 142px;\" width=\"535\">\n<tbody>\n<tr>\n<td style=\"text-align: center;\" colspan=\"2\" width=\"182\">Proceso de secado<\/td>\n<td style=\"text-align: center;\" width=\"99\">Calefacci\u00f3n<\/td>\n<td style=\"text-align: center;\" colspan=\"2\" width=\"177\">Fuego<\/td>\n<td style=\"text-align: center;\" width=\"111\">Apertura del horno<\/td>\n<\/tr>\n<tr>\n<td style=\"text-align: center;\" width=\"102\">Temperatura inicial.<\/td>\n<td style=\"text-align: center;\">Duraci\u00f3n<\/td>\n<td style=\"text-align: center;\">Velocidad de calentamiento<\/td>\n<td style=\"text-align: center;\">Temperatura objetivo.<\/td>\n<td style=\"text-align: center;\">Duraci\u00f3n<\/td>\n<td style=\"text-align: center;\">Temp.<\/td>\n<\/tr>\n<tr>\n<td style=\"text-align: center;\" width=\"102\">(\u00b0C)<\/td>\n<td style=\"text-align: center;\">(min.)<\/td>\n<td style=\"text-align: center;\">(\u00b0C\/min.)<\/td>\n<td style=\"text-align: center;\">(\u00b0C)<\/td>\n<td style=\"text-align: center;\">(min.)<\/td>\n<td style=\"text-align: center;\">(\u00b0C)<\/td>\n<\/tr>\n<tr>\n<td style=\"text-align: center;\">450<\/td>\n<td style=\"text-align: center;\">6<\/td>\n<td style=\"text-align: center;\">45<\/td>\n<td style=\"text-align: center;\">740<\/td>\n<td style=\"text-align: center;\">3<\/td>\n<td style=\"text-align: center;\">600<\/td>\n<\/tr>\n<\/tbody>\n<\/table>\n<ul>\n<li>CTE\uff0825-500\u2103\uff09\uff0810.3\u00b10.5\uff09*10-6 K-1<\/li>\n<li>Solubilidad qu\u00edmica&lt;100\u03bcg\/cm2<\/li>\n<li>Resistencia a la flexi\u00f3n&gt;50Mpa<\/li>\n<li>Condiciones de almacenamiento<br \/>\nConservar en un lugar seco a temperatura ambiente<\/li>\n<\/ul>","protected":false},"excerpt":{"rendered":"<p><span dir=\"auto\">Artamic Stain\/Glaze ha sido desarrollado especialmente para la reproducci\u00f3n de restauraciones de \u00f3xido de circonio, cer\u00e1mica compuesta de \u00f3xido de circonio y cer\u00e1mica v\u00edtrea de disilicato de litio. Gracias a su amplio sistema de colores, su viva fluorescencia y su brillo natural, permite conseguir la individualizaci\u00f3n y caracterizaci\u00f3n deseadas, as\u00ed como una est\u00e9tica realista de las restauraciones que no tiene nada que envidiar a la de los dientes naturales.<\/span><\/p>","protected":false},"featured_media":30623,"comment_status":"open","ping_status":"closed","template":"","meta":{"neve_meta_sidebar":"","neve_meta_container":"","neve_meta_enable_content_width":"off","neve_meta_content_width":100,"neve_meta_title_alignment":"","neve_meta_author_avatar":"","neve_post_elements_order":"","neve_meta_disable_header":"","neve_meta_disable_footer":"","neve_meta_disable_title":"","_themeisle_gutenberg_block_has_review":false},"product_brand":[],"product_cat":[431,420],"product_tag":[],"class_list":{"0":"post-30544","1":"product","2":"type-product","3":"status-publish","4":"has-post-thumbnail","6":"product_cat-adormilling","7":"product_cat-zirkon-blanks","9":"first","10":"instock","11":"taxable","12":"shipping-taxable","13":"purchasable","14":"product-type-simple"},"yoast_head":"<!-- This site is optimized with the Yoast SEO plugin v27.4 - https:\/\/yoast.com\/product\/yoast-seo-wordpress\/ -->\n<title>Artamic Stain\/Glaze Master Kit - Ador Dental GmbH<\/title>\n<meta name=\"description\" content=\"Artamic Stain Glaze Master Kit mit 16 farben zum F\u00e4rben und Glasieren von Zirkoniumoxid- und Glaskeramikrestaurationen im Dentalbereich\" \/>\n<meta name=\"robots\" content=\"index, follow, max-snippet:-1, max-image-preview:large, max-video-preview:-1\" \/>\n<link rel=\"canonical\" href=\"https:\/\/www.ador-dental.de\/es\/producto\/artamic-stain-glaze-master-kit\/\" \/>\n<meta property=\"og:locale\" content=\"es_ES\" \/>\n<meta property=\"og:type\" content=\"article\" \/>\n<meta property=\"og:title\" content=\"Artamic Stain\/Glaze Master Kit - Ador Dental GmbH\" \/>\n<meta property=\"og:description\" content=\"Artamic Stain Glaze Master Kit mit 16 farben zum F\u00e4rben und Glasieren von Zirkoniumoxid- und Glaskeramikrestaurationen im Dentalbereich\" \/>\n<meta property=\"og:url\" content=\"https:\/\/www.ador-dental.de\/es\/producto\/artamic-stain-glaze-master-kit\/\" \/>\n<meta property=\"og:site_name\" content=\"Ador Dental GmbH\" \/>\n<meta property=\"article:modified_time\" content=\"2026-01-07T14:47:12+00:00\" \/>\n<meta property=\"og:image\" content=\"https:\/\/www.ador-dental.de\/wp-content\/uploads\/2025\/11\/Artamic-Master-Kit-Produktbild4.png\" \/>\n\t<meta property=\"og:image:width\" content=\"1024\" \/>\n\t<meta property=\"og:image:height\" content=\"1024\" \/>\n\t<meta property=\"og:image:type\" content=\"image\/png\" \/>\n<meta name=\"twitter:card\" content=\"summary_large_image\" \/>\n<meta name=\"twitter:label1\" content=\"Tiempo de lectura\" \/>\n\t<meta name=\"twitter:data1\" content=\"1 minuto\" \/>\n<script type=\"application\/ld+json\" class=\"yoast-schema-graph\">{\"@context\":\"https:\\\/\\\/schema.org\",\"@graph\":[{\"@type\":\"WebPage\",\"@id\":\"https:\\\/\\\/www.ador-dental.de\\\/produkt\\\/artamic-stain-glaze-master-kit\\\/\",\"url\":\"https:\\\/\\\/www.ador-dental.de\\\/produkt\\\/artamic-stain-glaze-master-kit\\\/\",\"name\":\"Artamic Stain\\\/Glaze Master Kit - Ador Dental GmbH\",\"isPartOf\":{\"@id\":\"https:\\\/\\\/www.ador-dental.de\\\/en\\\/#website\"},\"primaryImageOfPage\":{\"@id\":\"https:\\\/\\\/www.ador-dental.de\\\/produkt\\\/artamic-stain-glaze-master-kit\\\/#primaryimage\"},\"image\":{\"@id\":\"https:\\\/\\\/www.ador-dental.de\\\/produkt\\\/artamic-stain-glaze-master-kit\\\/#primaryimage\"},\"thumbnailUrl\":\"https:\\\/\\\/www.ador-dental.de\\\/wp-content\\\/uploads\\\/2025\\\/11\\\/Artamic-Master-Kit-Produktbild4.png\",\"datePublished\":\"2025-12-16T15:34:54+00:00\",\"dateModified\":\"2026-01-07T14:47:12+00:00\",\"description\":\"Artamic Stain Glaze Master Kit mit 16 farben zum F\u00e4rben und Glasieren von Zirkoniumoxid- und Glaskeramikrestaurationen im Dentalbereich\",\"breadcrumb\":{\"@id\":\"https:\\\/\\\/www.ador-dental.de\\\/produkt\\\/artamic-stain-glaze-master-kit\\\/#breadcrumb\"},\"inLanguage\":\"es\",\"potentialAction\":[{\"@type\":\"ReadAction\",\"target\":[\"https:\\\/\\\/www.ador-dental.de\\\/produkt\\\/artamic-stain-glaze-master-kit\\\/\"]}]},{\"@type\":\"ImageObject\",\"inLanguage\":\"es\",\"@id\":\"https:\\\/\\\/www.ador-dental.de\\\/produkt\\\/artamic-stain-glaze-master-kit\\\/#primaryimage\",\"url\":\"https:\\\/\\\/www.ador-dental.de\\\/wp-content\\\/uploads\\\/2025\\\/11\\\/Artamic-Master-Kit-Produktbild4.png\",\"contentUrl\":\"https:\\\/\\\/www.ador-dental.de\\\/wp-content\\\/uploads\\\/2025\\\/11\\\/Artamic-Master-Kit-Produktbild4.png\",\"width\":1024,\"height\":1024},{\"@type\":\"BreadcrumbList\",\"@id\":\"https:\\\/\\\/www.ador-dental.de\\\/produkt\\\/artamic-stain-glaze-master-kit\\\/#breadcrumb\",\"itemListElement\":[{\"@type\":\"ListItem\",\"position\":1,\"name\":\"Startseite\",\"item\":\"https:\\\/\\\/www.ador-dental.de\\\/\"},{\"@type\":\"ListItem\",\"position\":2,\"name\":\"Shop\",\"item\":\"https:\\\/\\\/www.ador-dental.de\\\/en\\\/shop\\\/\"},{\"@type\":\"ListItem\",\"position\":3,\"name\":\"Artamic Stain\\\/Glaze Master Kit\"}]},{\"@type\":\"WebSite\",\"@id\":\"https:\\\/\\\/www.ador-dental.de\\\/en\\\/#website\",\"url\":\"https:\\\/\\\/www.ador-dental.de\\\/en\\\/\",\"name\":\"Ador Dental GmbH\",\"description\":\"\",\"publisher\":{\"@id\":\"https:\\\/\\\/www.ador-dental.de\\\/en\\\/#organization\"},\"potentialAction\":[{\"@type\":\"SearchAction\",\"target\":{\"@type\":\"EntryPoint\",\"urlTemplate\":\"https:\\\/\\\/www.ador-dental.de\\\/en\\\/?s={search_term_string}\"},\"query-input\":{\"@type\":\"PropertyValueSpecification\",\"valueRequired\":true,\"valueName\":\"search_term_string\"}}],\"inLanguage\":\"es\"},{\"@type\":\"Organization\",\"@id\":\"https:\\\/\\\/www.ador-dental.de\\\/en\\\/#organization\",\"name\":\"Ador Dental GmbH\",\"url\":\"https:\\\/\\\/www.ador-dental.de\\\/en\\\/\",\"logo\":{\"@type\":\"ImageObject\",\"inLanguage\":\"es\",\"@id\":\"https:\\\/\\\/www.ador-dental.de\\\/en\\\/#\\\/schema\\\/logo\\\/image\\\/\",\"url\":\"https:\\\/\\\/www.ador-dental.de\\\/wp-content\\\/uploads\\\/2021\\\/10\\\/ADOR_Logo_DentalSolutions_2020_Black.svg\",\"contentUrl\":\"https:\\\/\\\/www.ador-dental.de\\\/wp-content\\\/uploads\\\/2021\\\/10\\\/ADOR_Logo_DentalSolutions_2020_Black.svg\",\"width\":678,\"height\":261,\"caption\":\"Ador Dental GmbH\"},\"image\":{\"@id\":\"https:\\\/\\\/www.ador-dental.de\\\/en\\\/#\\\/schema\\\/logo\\\/image\\\/\"}}]}<\/script>\n<!-- \/ Yoast SEO plugin. -->","yoast_head_json":{"title":"Artamic Stain\/Glaze Master Kit - Ador Dental GmbH","description":"Artamic Stain Glaze Master Kit mit 16 farben zum F\u00e4rben und Glasieren von Zirkoniumoxid- und Glaskeramikrestaurationen im Dentalbereich","robots":{"index":"index","follow":"follow","max-snippet":"max-snippet:-1","max-image-preview":"max-image-preview:large","max-video-preview":"max-video-preview:-1"},"canonical":"https:\/\/www.ador-dental.de\/es\/producto\/artamic-stain-glaze-master-kit\/","og_locale":"es_ES","og_type":"article","og_title":"Artamic Stain\/Glaze Master Kit - Ador Dental GmbH","og_description":"Artamic Stain Glaze Master Kit mit 16 farben zum F\u00e4rben und Glasieren von Zirkoniumoxid- und Glaskeramikrestaurationen im Dentalbereich","og_url":"https:\/\/www.ador-dental.de\/es\/producto\/artamic-stain-glaze-master-kit\/","og_site_name":"Ador Dental GmbH","article_modified_time":"2026-01-07T14:47:12+00:00","og_image":[{"width":1024,"height":1024,"url":"https:\/\/www.ador-dental.de\/wp-content\/uploads\/2025\/11\/Artamic-Master-Kit-Produktbild4.png","type":"image\/png"}],"twitter_card":"summary_large_image","twitter_misc":{"Tiempo de lectura":"1 minuto"},"schema":{"@context":"https:\/\/schema.org","@graph":[{"@type":"WebPage","@id":"https:\/\/www.ador-dental.de\/produkt\/artamic-stain-glaze-master-kit\/","url":"https:\/\/www.ador-dental.de\/produkt\/artamic-stain-glaze-master-kit\/","name":"Artamic Stain\/Glaze Master Kit - Ador Dental GmbH","isPartOf":{"@id":"https:\/\/www.ador-dental.de\/en\/#website"},"primaryImageOfPage":{"@id":"https:\/\/www.ador-dental.de\/produkt\/artamic-stain-glaze-master-kit\/#primaryimage"},"image":{"@id":"https:\/\/www.ador-dental.de\/produkt\/artamic-stain-glaze-master-kit\/#primaryimage"},"thumbnailUrl":"https:\/\/www.ador-dental.de\/wp-content\/uploads\/2025\/11\/Artamic-Master-Kit-Produktbild4.png","datePublished":"2025-12-16T15:34:54+00:00","dateModified":"2026-01-07T14:47:12+00:00","description":"Artamic Stain Glaze Master Kit mit 16 farben zum F\u00e4rben und Glasieren von Zirkoniumoxid- und Glaskeramikrestaurationen im Dentalbereich","breadcrumb":{"@id":"https:\/\/www.ador-dental.de\/produkt\/artamic-stain-glaze-master-kit\/#breadcrumb"},"inLanguage":"es","potentialAction":[{"@type":"ReadAction","target":["https:\/\/www.ador-dental.de\/produkt\/artamic-stain-glaze-master-kit\/"]}]},{"@type":"ImageObject","inLanguage":"es","@id":"https:\/\/www.ador-dental.de\/produkt\/artamic-stain-glaze-master-kit\/#primaryimage","url":"https:\/\/www.ador-dental.de\/wp-content\/uploads\/2025\/11\/Artamic-Master-Kit-Produktbild4.png","contentUrl":"https:\/\/www.ador-dental.de\/wp-content\/uploads\/2025\/11\/Artamic-Master-Kit-Produktbild4.png","width":1024,"height":1024},{"@type":"BreadcrumbList","@id":"https:\/\/www.ador-dental.de\/produkt\/artamic-stain-glaze-master-kit\/#breadcrumb","itemListElement":[{"@type":"ListItem","position":1,"name":"Startseite","item":"https:\/\/www.ador-dental.de\/"},{"@type":"ListItem","position":2,"name":"Shop","item":"https:\/\/www.ador-dental.de\/en\/shop\/"},{"@type":"ListItem","position":3,"name":"Artamic Stain\/Glaze Master Kit"}]},{"@type":"WebSite","@id":"https:\/\/www.ador-dental.de\/en\/#website","url":"https:\/\/www.ador-dental.de\/en\/","name":"Ador Dental GmbH","description":"","publisher":{"@id":"https:\/\/www.ador-dental.de\/en\/#organization"},"potentialAction":[{"@type":"SearchAction","target":{"@type":"EntryPoint","urlTemplate":"https:\/\/www.ador-dental.de\/en\/?s={search_term_string}"},"query-input":{"@type":"PropertyValueSpecification","valueRequired":true,"valueName":"search_term_string"}}],"inLanguage":"es"},{"@type":"Organization","@id":"https:\/\/www.ador-dental.de\/en\/#organization","name":"Ador Dental GmbH","url":"https:\/\/www.ador-dental.de\/en\/","logo":{"@type":"ImageObject","inLanguage":"es","@id":"https:\/\/www.ador-dental.de\/en\/#\/schema\/logo\/image\/","url":"https:\/\/www.ador-dental.de\/wp-content\/uploads\/2021\/10\/ADOR_Logo_DentalSolutions_2020_Black.svg","contentUrl":"https:\/\/www.ador-dental.de\/wp-content\/uploads\/2021\/10\/ADOR_Logo_DentalSolutions_2020_Black.svg","width":678,"height":261,"caption":"Ador Dental GmbH"},"image":{"@id":"https:\/\/www.ador-dental.de\/en\/#\/schema\/logo\/image\/"}}]}},"_links":{"self":[{"href":"https:\/\/www.ador-dental.de\/es\/wp-json\/wp\/v2\/product\/30544","targetHints":{"allow":["GET"]}}],"collection":[{"href":"https:\/\/www.ador-dental.de\/es\/wp-json\/wp\/v2\/product"}],"about":[{"href":"https:\/\/www.ador-dental.de\/es\/wp-json\/wp\/v2\/types\/product"}],"replies":[{"embeddable":true,"href":"https:\/\/www.ador-dental.de\/es\/wp-json\/wp\/v2\/comments?post=30544"}],"version-history":[{"count":4,"href":"https:\/\/www.ador-dental.de\/es\/wp-json\/wp\/v2\/product\/30544\/revisions"}],"predecessor-version":[{"id":30753,"href":"https:\/\/www.ador-dental.de\/es\/wp-json\/wp\/v2\/product\/30544\/revisions\/30753"}],"wp:featuredmedia":[{"embeddable":true,"href":"https:\/\/www.ador-dental.de\/es\/wp-json\/wp\/v2\/media\/30623"}],"wp:attachment":[{"href":"https:\/\/www.ador-dental.de\/es\/wp-json\/wp\/v2\/media?parent=30544"}],"wp:term":[{"taxonomy":"product_brand","embeddable":true,"href":"https:\/\/www.ador-dental.de\/es\/wp-json\/wp\/v2\/product_brand?post=30544"},{"taxonomy":"product_cat","embeddable":true,"href":"https:\/\/www.ador-dental.de\/es\/wp-json\/wp\/v2\/product_cat?post=30544"},{"taxonomy":"product_tag","embeddable":true,"href":"https:\/\/www.ador-dental.de\/es\/wp-json\/wp\/v2\/product_tag?post=30544"}],"curies":[{"name":"wp","href":"https:\/\/api.w.org\/{rel}","templated":true}]}}