{"id":30207,"date":"2025-12-16T16:09:50","date_gmt":"2025-12-16T15:09:50","guid":{"rendered":"https:\/\/www.ador-dental.de\/?post_type=product&#038;p=30207"},"modified":"2026-01-29T09:29:03","modified_gmt":"2026-01-29T08:29:03","slug":"bsm-model-resine-beige-grau","status":"publish","type":"product","link":"https:\/\/www.ador-dental.de\/es\/producto\/bsm-model-resine-beige-grau\/","title":{"rendered":"BSM Model Resina beige\/gris"},"content":{"rendered":"<p><a  data-e-disable-page-transition=\"true\" class=\"download-link\" title=\"\" href=\"https:\/\/www.ador-dental.de\/es\/download\/30902\/?tmstv=1778512312\" rel=\"nofollow\" id=\"download-link-30902\" data-redirect=\"false\" >\n\tInstrucciones de uso.pdf<\/a>\n<br \/>\n<a href=\"https:\/\/www.ador-dental.de\/wp-content\/uploads\/2025\/09\/Model-Resin-Safety-Data-Sheet.pdf\"><strong>Hoja de datos de seguridad<\/strong><\/a><\/p>\n<p>Tiempo de impresi\u00f3n aprox. 60 min<br \/>\nCon un frasco de resina de modelado (1 kg) se pueden imprimir entre 30 y 35 modelos.<br \/>\nAlta precisi\u00f3n, baja deformaci\u00f3n. El modelo impreso conserva una estabilidad dimensional de 97 % despu\u00e9s de 7 d\u00edas y \u226590 % despu\u00e9s de 15 d\u00edas.<\/p>\n<p><strong>Color beige<br \/>\n<\/strong>Aspecto L\u00edquido<br \/>\nViscosidad 260 cps (25 \u00b0C)<br \/>\nContracci\u00f3n 0,2 %<br \/>\nTiempo de exposici\u00f3n (0,05<br \/>\nmm\/capa)<br \/>\n2-10 segundos (fuente de luz LED 405 nm,<br \/>\nIntensidad luminosa &gt;1,0 Mw\/cm(2))<br \/>\nResistencia a la tracci\u00f3n 45 MPa<br \/>\nM\u00f3dulo de tracci\u00f3n 560 MPa<br \/>\nResistencia a la flexi\u00f3n 48 MPa<br \/>\nM\u00f3dulo de flexi\u00f3n 1750 MPa<br \/>\nDureza Shore 82 D<br \/>\nDensidad 1,08 g\/cm(3)<br \/>\nTemperatura de distorsi\u00f3n t\u00e9rmica 82 \u2103<br \/>\nResistencia al impacto Izod entallado 31 j\/m<\/p>\n<p>&nbsp;<\/p>\n<p><strong>Color gris<\/strong><br \/>\nAspecto L\u00edquido<br \/>\nViscosidad 290 cps(25\u2103)<br \/>\nContracci\u00f3n 0,2 %<br \/>\nTiempo de curado por exposici\u00f3n (0,05 mm\/capa)<br \/>\n2-10 segundos (fuente de luz LED 405 nm,<br \/>\nIntensidad luminosa &gt;1,0 Mw\/cm2)<br \/>\nResistencia a la tracci\u00f3n 52 MPa<br \/>\nM\u00f3dulo de tracci\u00f3n 660 MPa<br \/>\nResistencia a la flexi\u00f3n 86 MPa<br \/>\nM\u00f3dulo de flexi\u00f3n 2500 MPa<br \/>\nDureza Shore 82 D<br \/>\nDensidad 1,08 g\/cm3<br \/>\nTemperatura de distorsi\u00f3n t\u00e9rmica 82 \u2103<br \/>\nResistencia al impacto Izod entallado 31 j\/m<\/p>\n<p>&nbsp;<\/p>","protected":false},"excerpt":{"rendered":"<p>Tiempo de impresi\u00f3n aprox. 60 min<br \/>\nCon un frasco de resina de modelado (1 kg) se pueden imprimir entre 30 y 35 modelos.<\/p>","protected":false},"featured_media":30216,"comment_status":"open","ping_status":"closed","template":"","meta":{"neve_meta_sidebar":"","neve_meta_container":"","neve_meta_enable_content_width":"off","neve_meta_content_width":100,"neve_meta_title_alignment":"","neve_meta_author_avatar":"","neve_post_elements_order":"","neve_meta_disable_header":"","neve_meta_disable_footer":"","neve_meta_disable_title":"","_themeisle_gutenberg_block_has_review":false},"product_brand":[],"product_cat":[212,432],"product_tag":[],"class_list":{"0":"post-30207","1":"product","2":"type-product","3":"status-publish","4":"has-post-thumbnail","6":"product_cat-adorprint","7":"product_cat-resine","9":"first","10":"instock","11":"taxable","12":"shipping-taxable","13":"purchasable","14":"product-type-variable"},"yoast_head":"<!-- This site is optimized with the Yoast SEO plugin v27.5 - https:\/\/yoast.com\/product\/yoast-seo-wordpress\/ -->\n<title>BSM Model Resine beige\/grau - Ador Dental GmbH<\/title>\n<meta name=\"description\" content=\"Druckzeit ca. 60 min. Mit einer Flasche Modellharz (1 kg) k\u00f6nnen 30\u201335 Modelle gedruckt werden.Hohe Pr\u00e4zision, geringe Verformung.\" \/>\n<meta name=\"robots\" content=\"index, follow, max-snippet:-1, max-image-preview:large, max-video-preview:-1\" \/>\n<link rel=\"canonical\" href=\"https:\/\/www.ador-dental.de\/es\/producto\/bsm-model-resine-beige-grau\/\" \/>\n<meta property=\"og:locale\" content=\"es_ES\" \/>\n<meta property=\"og:type\" content=\"article\" \/>\n<meta property=\"og:title\" content=\"BSM Model Resine beige\/grau - Ador Dental GmbH\" \/>\n<meta property=\"og:description\" content=\"Druckzeit ca. 60 min. Mit einer Flasche Modellharz (1 kg) k\u00f6nnen 30\u201335 Modelle gedruckt werden.Hohe Pr\u00e4zision, geringe Verformung.\" \/>\n<meta property=\"og:url\" content=\"https:\/\/www.ador-dental.de\/es\/producto\/bsm-model-resine-beige-grau\/\" \/>\n<meta property=\"og:site_name\" content=\"Ador Dental GmbH\" \/>\n<meta property=\"article:modified_time\" content=\"2026-01-29T08:29:03+00:00\" \/>\n<meta property=\"og:image\" content=\"https:\/\/www.ador-dental.de\/wp-content\/uploads\/2025\/09\/Beide-Resine-Grey-Beige.png\" \/>\n\t<meta property=\"og:image:width\" content=\"1024\" \/>\n\t<meta property=\"og:image:height\" content=\"1024\" \/>\n\t<meta property=\"og:image:type\" content=\"image\/png\" \/>\n<meta name=\"twitter:card\" content=\"summary_large_image\" \/>\n<meta name=\"twitter:label1\" content=\"Tiempo de lectura\" \/>\n\t<meta name=\"twitter:data1\" content=\"1 minuto\" \/>\n<script type=\"application\/ld+json\" class=\"yoast-schema-graph\">{\"@context\":\"https:\\\/\\\/schema.org\",\"@graph\":[{\"@type\":\"WebPage\",\"@id\":\"https:\\\/\\\/www.ador-dental.de\\\/produkt\\\/bsm-model-resine-beige-grau\\\/\",\"url\":\"https:\\\/\\\/www.ador-dental.de\\\/produkt\\\/bsm-model-resine-beige-grau\\\/\",\"name\":\"BSM Model Resine beige\\\/grau - Ador Dental GmbH\",\"isPartOf\":{\"@id\":\"https:\\\/\\\/www.ador-dental.de\\\/en\\\/#website\"},\"primaryImageOfPage\":{\"@id\":\"https:\\\/\\\/www.ador-dental.de\\\/produkt\\\/bsm-model-resine-beige-grau\\\/#primaryimage\"},\"image\":{\"@id\":\"https:\\\/\\\/www.ador-dental.de\\\/produkt\\\/bsm-model-resine-beige-grau\\\/#primaryimage\"},\"thumbnailUrl\":\"https:\\\/\\\/www.ador-dental.de\\\/wp-content\\\/uploads\\\/2025\\\/09\\\/Beide-Resine-Grey-Beige.png\",\"datePublished\":\"2025-12-16T15:09:50+00:00\",\"dateModified\":\"2026-01-29T08:29:03+00:00\",\"description\":\"Druckzeit ca. 60 min. Mit einer Flasche Modellharz (1 kg) k\u00f6nnen 30\u201335 Modelle gedruckt werden.Hohe Pr\u00e4zision, geringe Verformung.\",\"breadcrumb\":{\"@id\":\"https:\\\/\\\/www.ador-dental.de\\\/produkt\\\/bsm-model-resine-beige-grau\\\/#breadcrumb\"},\"inLanguage\":\"es\",\"potentialAction\":[{\"@type\":\"ReadAction\",\"target\":[\"https:\\\/\\\/www.ador-dental.de\\\/produkt\\\/bsm-model-resine-beige-grau\\\/\"]}]},{\"@type\":\"ImageObject\",\"inLanguage\":\"es\",\"@id\":\"https:\\\/\\\/www.ador-dental.de\\\/produkt\\\/bsm-model-resine-beige-grau\\\/#primaryimage\",\"url\":\"https:\\\/\\\/www.ador-dental.de\\\/wp-content\\\/uploads\\\/2025\\\/09\\\/Beide-Resine-Grey-Beige.png\",\"contentUrl\":\"https:\\\/\\\/www.ador-dental.de\\\/wp-content\\\/uploads\\\/2025\\\/09\\\/Beide-Resine-Grey-Beige.png\",\"width\":1024,\"height\":1024},{\"@type\":\"BreadcrumbList\",\"@id\":\"https:\\\/\\\/www.ador-dental.de\\\/produkt\\\/bsm-model-resine-beige-grau\\\/#breadcrumb\",\"itemListElement\":[{\"@type\":\"ListItem\",\"position\":1,\"name\":\"Startseite\",\"item\":\"https:\\\/\\\/www.ador-dental.de\\\/\"},{\"@type\":\"ListItem\",\"position\":2,\"name\":\"Shop\",\"item\":\"https:\\\/\\\/www.ador-dental.de\\\/en\\\/shop\\\/\"},{\"@type\":\"ListItem\",\"position\":3,\"name\":\"BSM Model Resine beige\\\/grau\"}]},{\"@type\":\"WebSite\",\"@id\":\"https:\\\/\\\/www.ador-dental.de\\\/en\\\/#website\",\"url\":\"https:\\\/\\\/www.ador-dental.de\\\/en\\\/\",\"name\":\"Ador Dental GmbH\",\"description\":\"\",\"publisher\":{\"@id\":\"https:\\\/\\\/www.ador-dental.de\\\/en\\\/#organization\"},\"potentialAction\":[{\"@type\":\"SearchAction\",\"target\":{\"@type\":\"EntryPoint\",\"urlTemplate\":\"https:\\\/\\\/www.ador-dental.de\\\/en\\\/?s={search_term_string}\"},\"query-input\":{\"@type\":\"PropertyValueSpecification\",\"valueRequired\":true,\"valueName\":\"search_term_string\"}}],\"inLanguage\":\"es\"},{\"@type\":\"Organization\",\"@id\":\"https:\\\/\\\/www.ador-dental.de\\\/en\\\/#organization\",\"name\":\"Ador Dental GmbH\",\"url\":\"https:\\\/\\\/www.ador-dental.de\\\/en\\\/\",\"logo\":{\"@type\":\"ImageObject\",\"inLanguage\":\"es\",\"@id\":\"https:\\\/\\\/www.ador-dental.de\\\/en\\\/#\\\/schema\\\/logo\\\/image\\\/\",\"url\":\"https:\\\/\\\/www.ador-dental.de\\\/wp-content\\\/uploads\\\/2021\\\/10\\\/ADOR_Logo_DentalSolutions_2020_Black.svg\",\"contentUrl\":\"https:\\\/\\\/www.ador-dental.de\\\/wp-content\\\/uploads\\\/2021\\\/10\\\/ADOR_Logo_DentalSolutions_2020_Black.svg\",\"width\":678,\"height\":261,\"caption\":\"Ador Dental GmbH\"},\"image\":{\"@id\":\"https:\\\/\\\/www.ador-dental.de\\\/en\\\/#\\\/schema\\\/logo\\\/image\\\/\"}}]}<\/script>\n<!-- \/ Yoast SEO plugin. -->","yoast_head_json":{"title":"BSM Model Resine beige\/grau - Ador Dental GmbH","description":"Druckzeit ca. 60 min. Mit einer Flasche Modellharz (1 kg) k\u00f6nnen 30\u201335 Modelle gedruckt werden.Hohe Pr\u00e4zision, geringe Verformung.","robots":{"index":"index","follow":"follow","max-snippet":"max-snippet:-1","max-image-preview":"max-image-preview:large","max-video-preview":"max-video-preview:-1"},"canonical":"https:\/\/www.ador-dental.de\/es\/producto\/bsm-model-resine-beige-grau\/","og_locale":"es_ES","og_type":"article","og_title":"BSM Model Resine beige\/grau - Ador Dental GmbH","og_description":"Druckzeit ca. 60 min. Mit einer Flasche Modellharz (1 kg) k\u00f6nnen 30\u201335 Modelle gedruckt werden.Hohe Pr\u00e4zision, geringe Verformung.","og_url":"https:\/\/www.ador-dental.de\/es\/producto\/bsm-model-resine-beige-grau\/","og_site_name":"Ador Dental GmbH","article_modified_time":"2026-01-29T08:29:03+00:00","og_image":[{"width":1024,"height":1024,"url":"https:\/\/www.ador-dental.de\/wp-content\/uploads\/2025\/09\/Beide-Resine-Grey-Beige.png","type":"image\/png"}],"twitter_card":"summary_large_image","twitter_misc":{"Tiempo de lectura":"1 minuto"},"schema":{"@context":"https:\/\/schema.org","@graph":[{"@type":"WebPage","@id":"https:\/\/www.ador-dental.de\/produkt\/bsm-model-resine-beige-grau\/","url":"https:\/\/www.ador-dental.de\/produkt\/bsm-model-resine-beige-grau\/","name":"BSM Model Resine beige\/grau - Ador Dental GmbH","isPartOf":{"@id":"https:\/\/www.ador-dental.de\/en\/#website"},"primaryImageOfPage":{"@id":"https:\/\/www.ador-dental.de\/produkt\/bsm-model-resine-beige-grau\/#primaryimage"},"image":{"@id":"https:\/\/www.ador-dental.de\/produkt\/bsm-model-resine-beige-grau\/#primaryimage"},"thumbnailUrl":"https:\/\/www.ador-dental.de\/wp-content\/uploads\/2025\/09\/Beide-Resine-Grey-Beige.png","datePublished":"2025-12-16T15:09:50+00:00","dateModified":"2026-01-29T08:29:03+00:00","description":"Druckzeit ca. 60 min. Mit einer Flasche Modellharz (1 kg) k\u00f6nnen 30\u201335 Modelle gedruckt werden.Hohe Pr\u00e4zision, geringe Verformung.","breadcrumb":{"@id":"https:\/\/www.ador-dental.de\/produkt\/bsm-model-resine-beige-grau\/#breadcrumb"},"inLanguage":"es","potentialAction":[{"@type":"ReadAction","target":["https:\/\/www.ador-dental.de\/produkt\/bsm-model-resine-beige-grau\/"]}]},{"@type":"ImageObject","inLanguage":"es","@id":"https:\/\/www.ador-dental.de\/produkt\/bsm-model-resine-beige-grau\/#primaryimage","url":"https:\/\/www.ador-dental.de\/wp-content\/uploads\/2025\/09\/Beide-Resine-Grey-Beige.png","contentUrl":"https:\/\/www.ador-dental.de\/wp-content\/uploads\/2025\/09\/Beide-Resine-Grey-Beige.png","width":1024,"height":1024},{"@type":"BreadcrumbList","@id":"https:\/\/www.ador-dental.de\/produkt\/bsm-model-resine-beige-grau\/#breadcrumb","itemListElement":[{"@type":"ListItem","position":1,"name":"Startseite","item":"https:\/\/www.ador-dental.de\/"},{"@type":"ListItem","position":2,"name":"Shop","item":"https:\/\/www.ador-dental.de\/en\/shop\/"},{"@type":"ListItem","position":3,"name":"BSM Model Resine beige\/grau"}]},{"@type":"WebSite","@id":"https:\/\/www.ador-dental.de\/en\/#website","url":"https:\/\/www.ador-dental.de\/en\/","name":"Ador Dental GmbH","description":"","publisher":{"@id":"https:\/\/www.ador-dental.de\/en\/#organization"},"potentialAction":[{"@type":"SearchAction","target":{"@type":"EntryPoint","urlTemplate":"https:\/\/www.ador-dental.de\/en\/?s={search_term_string}"},"query-input":{"@type":"PropertyValueSpecification","valueRequired":true,"valueName":"search_term_string"}}],"inLanguage":"es"},{"@type":"Organization","@id":"https:\/\/www.ador-dental.de\/en\/#organization","name":"Ador Dental GmbH","url":"https:\/\/www.ador-dental.de\/en\/","logo":{"@type":"ImageObject","inLanguage":"es","@id":"https:\/\/www.ador-dental.de\/en\/#\/schema\/logo\/image\/","url":"https:\/\/www.ador-dental.de\/wp-content\/uploads\/2021\/10\/ADOR_Logo_DentalSolutions_2020_Black.svg","contentUrl":"https:\/\/www.ador-dental.de\/wp-content\/uploads\/2021\/10\/ADOR_Logo_DentalSolutions_2020_Black.svg","width":678,"height":261,"caption":"Ador Dental GmbH"},"image":{"@id":"https:\/\/www.ador-dental.de\/en\/#\/schema\/logo\/image\/"}}]}},"_links":{"self":[{"href":"https:\/\/www.ador-dental.de\/es\/wp-json\/wp\/v2\/product\/30207","targetHints":{"allow":["GET"]}}],"collection":[{"href":"https:\/\/www.ador-dental.de\/es\/wp-json\/wp\/v2\/product"}],"about":[{"href":"https:\/\/www.ador-dental.de\/es\/wp-json\/wp\/v2\/types\/product"}],"replies":[{"embeddable":true,"href":"https:\/\/www.ador-dental.de\/es\/wp-json\/wp\/v2\/comments?post=30207"}],"version-history":[{"count":9,"href":"https:\/\/www.ador-dental.de\/es\/wp-json\/wp\/v2\/product\/30207\/revisions"}],"predecessor-version":[{"id":30905,"href":"https:\/\/www.ador-dental.de\/es\/wp-json\/wp\/v2\/product\/30207\/revisions\/30905"}],"wp:featuredmedia":[{"embeddable":true,"href":"https:\/\/www.ador-dental.de\/es\/wp-json\/wp\/v2\/media\/30216"}],"wp:attachment":[{"href":"https:\/\/www.ador-dental.de\/es\/wp-json\/wp\/v2\/media?parent=30207"}],"wp:term":[{"taxonomy":"product_brand","embeddable":true,"href":"https:\/\/www.ador-dental.de\/es\/wp-json\/wp\/v2\/product_brand?post=30207"},{"taxonomy":"product_cat","embeddable":true,"href":"https:\/\/www.ador-dental.de\/es\/wp-json\/wp\/v2\/product_cat?post=30207"},{"taxonomy":"product_tag","embeddable":true,"href":"https:\/\/www.ador-dental.de\/es\/wp-json\/wp\/v2\/product_tag?post=30207"}],"curies":[{"name":"wp","href":"https:\/\/api.w.org\/{rel}","templated":true}]}}