{"id":29657,"date":"2025-05-19T14:01:09","date_gmt":"2025-05-19T12:01:09","guid":{"rendered":"https:\/\/www.ador-dental.de\/?post_type=product&#038;p=29657"},"modified":"2026-02-18T14:53:18","modified_gmt":"2026-02-18T13:53:18","slug":"dwx-52di-plus","status":"publish","type":"product","link":"https:\/\/www.ador-dental.de\/es\/producto\/dwx-52di-plus\/","title":{"rendered":"DWX-52DI Plus"},"content":{"rendered":"<div class=\"elementor-element elementor-element-3aca3d4 elementor-widget elementor-widget-heading\" data-id=\"3aca3d4\" data-element_type=\"widget\" data-widget_type=\"heading.default\">\n<div class=\"elementor-widget-container\">\n<p style=\"font-weight: 400;\"><a href=\"https:\/\/www.ador-dental.de\/wp-content\/uploads\/2025\/05\/DWX_52DiPlus_cataloge_DE_13-02-25_WEB.pdf\">Cat\u00e1logo de productos<\/a><\/p>\n<p>La tecnolog\u00eda de fresado de 5 ejes de la DWX-52Di Plus es rentable sin comprometer la calidad. Ofrece una soluci\u00f3n precisa y eficiente para la fabricaci\u00f3n de restauraciones dentales, permitiendo a los usuarios producir una amplia gama de restauraciones como coronas, cofias, puentes, inlays, onlays, carillas, pilares, barras de implantes y coronas atornilladas.<\/p>\n<p style=\"font-weight: 400;\">El husillo y la pinza en C mejorados y reemplazables por el usuario tambi\u00e9n son compatibles con materiales de discos y pasadores, lo que aumenta la eficacia y versatilidad de la m\u00e1quina.<\/p>\n<\/div>\n<table style=\"font-weight: 400;\" width=\"669\">\n<tbody>\n<tr>\n<td width=\"165\">Material fresable*1<\/td>\n<td colspan=\"2\" width=\"504\">Zirconio, cera, PMMA, resina compuesta, PEEK, PEKK, yeso, resina reforzada con fibra de vidrio, metal sinterizado CoCr, policarbonato<\/td>\n<\/tr>\n<tr>\n<td rowspan=\"4\" width=\"165\">Forma de la pieza cargable<\/td>\n<td rowspan=\"2\" width=\"116\">Tipo de disco<\/td>\n<td width=\"388\">Paso: 98,5 mm (3,88 pulg.) (di\u00e1metro), altura 10 mm (0,39 pulg.)<\/td>\n<\/tr>\n<tr>\n<td width=\"388\">Parte del cuerpo: 95 mm (3,47 pulg.) (di\u00e1metro), altura m\u00e1x. 60 mm (2,36 pulg.)<\/td>\n<\/tr>\n<tr>\n<td rowspan=\"2\" width=\"116\">Tipo de bol\u00edgrafo<\/td>\n<td width=\"388\">Di\u00e1metro del pasador: 6 mm (0,24 pulg.)<\/td>\n<\/tr>\n<tr>\n<td width=\"388\">*Se requiere el adaptador opcional de material para clavijas ZV-52D.<\/td>\n<\/tr>\n<tr>\n<td width=\"165\">Velocidad de funcionamiento<\/td>\n<td colspan=\"2\" width=\"504\">XYZ: de 6 a 1800 mm\/min (de 0,24 a 70,9 pulg.\/min.)<\/td>\n<\/tr>\n<tr>\n<td width=\"165\">Motor del husillo<\/td>\n<td colspan=\"2\" width=\"504\">Motor de corriente continua sin escobillas<\/td>\n<\/tr>\n<tr>\n<td width=\"165\">Velocidad de los husos<\/td>\n<td colspan=\"2\" width=\"504\">De 6.000 a 30.000 rpm<\/td>\n<\/tr>\n<tr>\n<td width=\"165\">\u00c1ngulo de movimiento del eje de rotaci\u00f3n<\/td>\n<td colspan=\"2\" width=\"504\">A: \u00b1360\u00b0, B: \u00b130\u00b0.<\/td>\n<\/tr>\n<tr>\n<td width=\"165\">N\u00famero de fresas integradas<\/td>\n<td colspan=\"2\" width=\"504\">15<\/td>\n<\/tr>\n<tr>\n<td width=\"165\">Fresa acoplable<\/td>\n<td colspan=\"2\" width=\"504\">Di\u00e1metro del v\u00e1stago: 4 mm (0,16 pulg.), longitud: 40 a 55 mm (1,57 a 2,17 pulg.)<\/td>\n<\/tr>\n<tr>\n<td width=\"165\">Aire comprimido compatible<\/td>\n<td colspan=\"2\" width=\"504\">0,0,2 a 0,2 MPa<\/td>\n<\/tr>\n<tr>\n<td width=\"165\">Interfaz<\/td>\n<td colspan=\"2\" width=\"504\">USB<\/td>\n<\/tr>\n<tr>\n<td width=\"165\">Conjuntos de \u00f3rdenes de control<\/td>\n<td colspan=\"2\" width=\"504\">RML-1, c\u00f3digo NC<\/td>\n<\/tr>\n<tr>\n<td width=\"165\">Suministro de energ\u00eda<\/td>\n<td colspan=\"2\" width=\"504\">100 a 240 VCA \u00b1 10 %, 50\/60 Hz (categor\u00eda de sobretensi\u00f3n II, IEC 60664-1), 2,0 A<\/td>\n<\/tr>\n<tr>\n<td width=\"165\">Consumo de energ\u00eda<\/td>\n<td colspan=\"2\" width=\"504\">Aprox. 200 W<\/td>\n<\/tr>\n<tr>\n<td rowspan=\"2\" width=\"165\">Ruido de funcionamiento<\/td>\n<td colspan=\"2\" width=\"504\">Durante el funcionamiento: 70 dB (A) o menos (si no se corta)<\/td>\n<\/tr>\n<tr>\n<td colspan=\"2\" width=\"504\">En modo de espera: 45 dB (A) o menos<\/td>\n<\/tr>\n<tr>\n<td width=\"165\">Dimensiones exteriores<\/td>\n<td colspan=\"2\" width=\"504\">Anchura \u00d7 profundidad \u00d7 altura: 495 \u00d7 660 \u00d7 600 mm (19,5 \u00d7 26,0 \u00d7 23,6 pulgadas)<\/td>\n<\/tr>\n<tr>\n<td width=\"165\">Peso<\/td>\n<td colspan=\"2\" width=\"504\">67 kg (148 lb.)<\/td>\n<\/tr>\n<tr>\n<td rowspan=\"4\" width=\"165\">Entorno de instalaci\u00f3n<\/td>\n<td colspan=\"2\" width=\"504\">Uso en interiores a altitudes de hasta 2000 m (6561,68 pies)<\/td>\n<\/tr>\n<tr>\n<td colspan=\"2\" width=\"504\">Temperatura: de 5 a 40 \u00b0C, humedad: de 35 a 80 % (sin condensaci\u00f3n)<\/td>\n<\/tr>\n<tr>\n<td colspan=\"2\" width=\"504\">Grado de contaminaci\u00f3n: 2 (seg\u00fan IEC 60664-1)<\/td>\n<\/tr>\n<tr>\n<td colspan=\"2\" width=\"504\">Sobretensi\u00f3n temporal a corto plazo: 1.440 V, sobretensi\u00f3n temporal a largo plazo: 490 V<\/td>\n<\/tr>\n<tr>\n<td width=\"165\">Alcance de la entrega<\/td>\n<td colspan=\"2\" width=\"504\">Cable de alimentaci\u00f3n, cable USB, manual, CD con el paquete de software DGSHAPE, l\u00e1piz de detecci\u00f3n, calibre de correcci\u00f3n autom\u00e1tica, destornillador hexagonal, llave (para abrazadera), llave (para husillo), portacuchillas, posicionador de cuchillas, mangueras de recogida de polvo, adaptador para manguera de recogida de polvo, regulador, manguera de aire, dispositivo de montaje de pinzas, cepillo, etc.<\/td>\n<\/tr>\n<tr>\n<td colspan=\"3\" width=\"669\">*Incluso cuando se fabrican con los materiales descritos, algunas piezas no pueden fresarse debido a especificaciones o propiedades f\u00edsicas. Para m\u00e1s informaci\u00f3n, p\u00f3ngase en contacto con su distribuidor Roland DG Corporation autorizado.<\/td>\n<\/tr>\n<tr>\n<td colspan=\"3\" width=\"669\"><\/td>\n<\/tr>\n<tr>\n<td colspan=\"3\" width=\"669\"><b><strong>Requisitos del sistema<\/strong><\/b><\/td>\n<\/tr>\n<tr>\n<td width=\"165\">Sistema operativo (SO):<\/td>\n<td colspan=\"2\" width=\"504\">Windows 11 (versi\u00f3n de 64 bits), Windows 10 (versi\u00f3n de 32 y 64 bits)<\/td>\n<\/tr>\n<tr>\n<td width=\"165\">CPU<\/td>\n<td colspan=\"2\" width=\"504\">CPU m\u00ednima necesaria para el sistema operativo<\/td>\n<\/tr>\n<tr>\n<td width=\"165\">Memoria<\/td>\n<td colspan=\"2\" width=\"504\">Memoria m\u00ednima necesaria para el sistema operativo<\/td>\n<\/tr>\n<tr>\n<td width=\"165\">Unidad \u00f3ptica<\/td>\n<td colspan=\"2\" width=\"504\">Unidad de CD-ROM<\/td>\n<\/tr>\n<tr>\n<td width=\"165\">Tarjeta gr\u00e1fica y monitor<\/td>\n<td colspan=\"2\" width=\"504\">Se recomienda un monitor con al menos 256 colores y una resoluci\u00f3n de 1024 \u00d7 768 o superior.<\/td>\n<\/tr>\n<\/tbody>\n<\/table>\n<\/div>","protected":false},"excerpt":{"rendered":"<p style=\"text-align: center;\">La tecnolog\u00eda de fresado de 5 ejes de la DWX-52Di Plus es rentable sin comprometer la calidad. Ofrece una soluci\u00f3n precisa y eficiente para la fabricaci\u00f3n de restauraciones dentales, permitiendo a los usuarios producir una amplia gama de restauraciones como coronas, cofias, puentes, inlays, onlays, carillas, pilares, barras de implantes y coronas atornilladas.<\/p>\n<p style=\"text-align: center;\">PVPR: 18.950,00 EUROS<\/p>\n<p style=\"text-align: left;\">","protected":false},"featured_media":29747,"comment_status":"open","ping_status":"closed","template":"","meta":{"neve_meta_sidebar":"","neve_meta_container":"","neve_meta_enable_content_width":"off","neve_meta_content_width":70,"neve_meta_title_alignment":"","neve_meta_author_avatar":"","neve_post_elements_order":"","neve_meta_disable_header":"","neve_meta_disable_footer":"","neve_meta_disable_title":"","_themeisle_gutenberg_block_has_review":false},"product_brand":[],"product_cat":[836,1239,1244,624],"product_tag":[835],"class_list":{"0":"post-29657","1":"product","2":"type-product","3":"status-publish","4":"has-post-thumbnail","6":"product_cat-dgshape","7":"product_cat-dwx-52di-plus","8":"product_cat-dwx-52di-plus-fraesmaschine","9":"product_cat-equipment","10":"product_tag-fraesmaschine","12":"first","13":"instock","14":"taxable","15":"shipping-taxable","16":"product-type-simple"},"yoast_head":"<!-- This site is optimized with the Yoast SEO plugin v27.4 - https:\/\/yoast.com\/product\/yoast-seo-wordpress\/ -->\n<title>DWX-52DI Plus - Ador Dental GmbH<\/title>\n<meta name=\"description\" content=\"Die 5-Achsen-Fr\u00e4stechnologie der DWX-52Di Plus ist kosteng\u00fcnstig alternative, ohne Kompromisse bei der Qualit\u00e4t einzugehen.\" \/>\n<meta name=\"robots\" content=\"index, follow, max-snippet:-1, max-image-preview:large, max-video-preview:-1\" \/>\n<link rel=\"canonical\" href=\"https:\/\/www.ador-dental.de\/es\/producto\/dwx-52di-plus\/\" \/>\n<meta property=\"og:locale\" content=\"es_ES\" \/>\n<meta property=\"og:type\" content=\"article\" \/>\n<meta property=\"og:title\" content=\"DWX-52DI Plus - Ador Dental GmbH\" \/>\n<meta property=\"og:description\" content=\"Die 5-Achsen-Fr\u00e4stechnologie der DWX-52Di Plus ist kosteng\u00fcnstig alternative, ohne Kompromisse bei der Qualit\u00e4t einzugehen.\" \/>\n<meta property=\"og:url\" content=\"https:\/\/www.ador-dental.de\/es\/producto\/dwx-52di-plus\/\" \/>\n<meta property=\"og:site_name\" content=\"Ador Dental GmbH\" \/>\n<meta property=\"article:modified_time\" content=\"2026-02-18T13:53:18+00:00\" \/>\n<meta property=\"og:image\" content=\"https:\/\/www.ador-dental.de\/wp-content\/uploads\/2025\/05\/DWX52diplus.png\" \/>\n\t<meta property=\"og:image:width\" content=\"1024\" \/>\n\t<meta property=\"og:image:height\" content=\"1024\" \/>\n\t<meta property=\"og:image:type\" content=\"image\/png\" \/>\n<meta name=\"twitter:card\" content=\"summary_large_image\" \/>\n<meta name=\"twitter:label1\" content=\"Tiempo de lectura\" \/>\n\t<meta name=\"twitter:data1\" content=\"3 minutos\" \/>\n<script type=\"application\/ld+json\" class=\"yoast-schema-graph\">{\"@context\":\"https:\\\/\\\/schema.org\",\"@graph\":[{\"@type\":\"WebPage\",\"@id\":\"https:\\\/\\\/www.ador-dental.de\\\/produkt\\\/dwx-52di-plus\\\/\",\"url\":\"https:\\\/\\\/www.ador-dental.de\\\/produkt\\\/dwx-52di-plus\\\/\",\"name\":\"DWX-52DI Plus - Ador Dental GmbH\",\"isPartOf\":{\"@id\":\"https:\\\/\\\/www.ador-dental.de\\\/en\\\/#website\"},\"primaryImageOfPage\":{\"@id\":\"https:\\\/\\\/www.ador-dental.de\\\/produkt\\\/dwx-52di-plus\\\/#primaryimage\"},\"image\":{\"@id\":\"https:\\\/\\\/www.ador-dental.de\\\/produkt\\\/dwx-52di-plus\\\/#primaryimage\"},\"thumbnailUrl\":\"https:\\\/\\\/www.ador-dental.de\\\/wp-content\\\/uploads\\\/2025\\\/05\\\/DWX52diplus.png\",\"datePublished\":\"2025-05-19T12:01:09+00:00\",\"dateModified\":\"2026-02-18T13:53:18+00:00\",\"description\":\"Die 5-Achsen-Fr\u00e4stechnologie der DWX-52Di Plus ist kosteng\u00fcnstig alternative, ohne Kompromisse bei der Qualit\u00e4t einzugehen.\",\"breadcrumb\":{\"@id\":\"https:\\\/\\\/www.ador-dental.de\\\/produkt\\\/dwx-52di-plus\\\/#breadcrumb\"},\"inLanguage\":\"es\",\"potentialAction\":[{\"@type\":\"ReadAction\",\"target\":[\"https:\\\/\\\/www.ador-dental.de\\\/produkt\\\/dwx-52di-plus\\\/\"]}]},{\"@type\":\"ImageObject\",\"inLanguage\":\"es\",\"@id\":\"https:\\\/\\\/www.ador-dental.de\\\/produkt\\\/dwx-52di-plus\\\/#primaryimage\",\"url\":\"https:\\\/\\\/www.ador-dental.de\\\/wp-content\\\/uploads\\\/2025\\\/05\\\/DWX52diplus.png\",\"contentUrl\":\"https:\\\/\\\/www.ador-dental.de\\\/wp-content\\\/uploads\\\/2025\\\/05\\\/DWX52diplus.png\",\"width\":1024,\"height\":1024},{\"@type\":\"BreadcrumbList\",\"@id\":\"https:\\\/\\\/www.ador-dental.de\\\/produkt\\\/dwx-52di-plus\\\/#breadcrumb\",\"itemListElement\":[{\"@type\":\"ListItem\",\"position\":1,\"name\":\"Startseite\",\"item\":\"https:\\\/\\\/www.ador-dental.de\\\/\"},{\"@type\":\"ListItem\",\"position\":2,\"name\":\"Shop\",\"item\":\"https:\\\/\\\/www.ador-dental.de\\\/en\\\/shop\\\/\"},{\"@type\":\"ListItem\",\"position\":3,\"name\":\"DWX-52DI Plus\"}]},{\"@type\":\"WebSite\",\"@id\":\"https:\\\/\\\/www.ador-dental.de\\\/en\\\/#website\",\"url\":\"https:\\\/\\\/www.ador-dental.de\\\/en\\\/\",\"name\":\"Ador Dental GmbH\",\"description\":\"\",\"publisher\":{\"@id\":\"https:\\\/\\\/www.ador-dental.de\\\/en\\\/#organization\"},\"potentialAction\":[{\"@type\":\"SearchAction\",\"target\":{\"@type\":\"EntryPoint\",\"urlTemplate\":\"https:\\\/\\\/www.ador-dental.de\\\/en\\\/?s={search_term_string}\"},\"query-input\":{\"@type\":\"PropertyValueSpecification\",\"valueRequired\":true,\"valueName\":\"search_term_string\"}}],\"inLanguage\":\"es\"},{\"@type\":\"Organization\",\"@id\":\"https:\\\/\\\/www.ador-dental.de\\\/en\\\/#organization\",\"name\":\"Ador Dental GmbH\",\"url\":\"https:\\\/\\\/www.ador-dental.de\\\/en\\\/\",\"logo\":{\"@type\":\"ImageObject\",\"inLanguage\":\"es\",\"@id\":\"https:\\\/\\\/www.ador-dental.de\\\/en\\\/#\\\/schema\\\/logo\\\/image\\\/\",\"url\":\"https:\\\/\\\/www.ador-dental.de\\\/wp-content\\\/uploads\\\/2021\\\/10\\\/ADOR_Logo_DentalSolutions_2020_Black.svg\",\"contentUrl\":\"https:\\\/\\\/www.ador-dental.de\\\/wp-content\\\/uploads\\\/2021\\\/10\\\/ADOR_Logo_DentalSolutions_2020_Black.svg\",\"width\":678,\"height\":261,\"caption\":\"Ador Dental GmbH\"},\"image\":{\"@id\":\"https:\\\/\\\/www.ador-dental.de\\\/en\\\/#\\\/schema\\\/logo\\\/image\\\/\"}}]}<\/script>\n<!-- \/ Yoast SEO plugin. -->","yoast_head_json":{"title":"DWX-52DI Plus - Ador Dental GmbH","description":"Die 5-Achsen-Fr\u00e4stechnologie der DWX-52Di Plus ist kosteng\u00fcnstig alternative, ohne Kompromisse bei der Qualit\u00e4t einzugehen.","robots":{"index":"index","follow":"follow","max-snippet":"max-snippet:-1","max-image-preview":"max-image-preview:large","max-video-preview":"max-video-preview:-1"},"canonical":"https:\/\/www.ador-dental.de\/es\/producto\/dwx-52di-plus\/","og_locale":"es_ES","og_type":"article","og_title":"DWX-52DI Plus - Ador Dental GmbH","og_description":"Die 5-Achsen-Fr\u00e4stechnologie der DWX-52Di Plus ist kosteng\u00fcnstig alternative, ohne Kompromisse bei der Qualit\u00e4t einzugehen.","og_url":"https:\/\/www.ador-dental.de\/es\/producto\/dwx-52di-plus\/","og_site_name":"Ador Dental GmbH","article_modified_time":"2026-02-18T13:53:18+00:00","og_image":[{"width":1024,"height":1024,"url":"https:\/\/www.ador-dental.de\/wp-content\/uploads\/2025\/05\/DWX52diplus.png","type":"image\/png"}],"twitter_card":"summary_large_image","twitter_misc":{"Tiempo de lectura":"3 minutos"},"schema":{"@context":"https:\/\/schema.org","@graph":[{"@type":"WebPage","@id":"https:\/\/www.ador-dental.de\/produkt\/dwx-52di-plus\/","url":"https:\/\/www.ador-dental.de\/produkt\/dwx-52di-plus\/","name":"DWX-52DI Plus - Ador Dental GmbH","isPartOf":{"@id":"https:\/\/www.ador-dental.de\/en\/#website"},"primaryImageOfPage":{"@id":"https:\/\/www.ador-dental.de\/produkt\/dwx-52di-plus\/#primaryimage"},"image":{"@id":"https:\/\/www.ador-dental.de\/produkt\/dwx-52di-plus\/#primaryimage"},"thumbnailUrl":"https:\/\/www.ador-dental.de\/wp-content\/uploads\/2025\/05\/DWX52diplus.png","datePublished":"2025-05-19T12:01:09+00:00","dateModified":"2026-02-18T13:53:18+00:00","description":"Die 5-Achsen-Fr\u00e4stechnologie der DWX-52Di Plus ist kosteng\u00fcnstig alternative, ohne Kompromisse bei der Qualit\u00e4t einzugehen.","breadcrumb":{"@id":"https:\/\/www.ador-dental.de\/produkt\/dwx-52di-plus\/#breadcrumb"},"inLanguage":"es","potentialAction":[{"@type":"ReadAction","target":["https:\/\/www.ador-dental.de\/produkt\/dwx-52di-plus\/"]}]},{"@type":"ImageObject","inLanguage":"es","@id":"https:\/\/www.ador-dental.de\/produkt\/dwx-52di-plus\/#primaryimage","url":"https:\/\/www.ador-dental.de\/wp-content\/uploads\/2025\/05\/DWX52diplus.png","contentUrl":"https:\/\/www.ador-dental.de\/wp-content\/uploads\/2025\/05\/DWX52diplus.png","width":1024,"height":1024},{"@type":"BreadcrumbList","@id":"https:\/\/www.ador-dental.de\/produkt\/dwx-52di-plus\/#breadcrumb","itemListElement":[{"@type":"ListItem","position":1,"name":"Startseite","item":"https:\/\/www.ador-dental.de\/"},{"@type":"ListItem","position":2,"name":"Shop","item":"https:\/\/www.ador-dental.de\/en\/shop\/"},{"@type":"ListItem","position":3,"name":"DWX-52DI Plus"}]},{"@type":"WebSite","@id":"https:\/\/www.ador-dental.de\/en\/#website","url":"https:\/\/www.ador-dental.de\/en\/","name":"Ador Dental GmbH","description":"","publisher":{"@id":"https:\/\/www.ador-dental.de\/en\/#organization"},"potentialAction":[{"@type":"SearchAction","target":{"@type":"EntryPoint","urlTemplate":"https:\/\/www.ador-dental.de\/en\/?s={search_term_string}"},"query-input":{"@type":"PropertyValueSpecification","valueRequired":true,"valueName":"search_term_string"}}],"inLanguage":"es"},{"@type":"Organization","@id":"https:\/\/www.ador-dental.de\/en\/#organization","name":"Ador Dental GmbH","url":"https:\/\/www.ador-dental.de\/en\/","logo":{"@type":"ImageObject","inLanguage":"es","@id":"https:\/\/www.ador-dental.de\/en\/#\/schema\/logo\/image\/","url":"https:\/\/www.ador-dental.de\/wp-content\/uploads\/2021\/10\/ADOR_Logo_DentalSolutions_2020_Black.svg","contentUrl":"https:\/\/www.ador-dental.de\/wp-content\/uploads\/2021\/10\/ADOR_Logo_DentalSolutions_2020_Black.svg","width":678,"height":261,"caption":"Ador Dental GmbH"},"image":{"@id":"https:\/\/www.ador-dental.de\/en\/#\/schema\/logo\/image\/"}}]}},"_links":{"self":[{"href":"https:\/\/www.ador-dental.de\/es\/wp-json\/wp\/v2\/product\/29657","targetHints":{"allow":["GET"]}}],"collection":[{"href":"https:\/\/www.ador-dental.de\/es\/wp-json\/wp\/v2\/product"}],"about":[{"href":"https:\/\/www.ador-dental.de\/es\/wp-json\/wp\/v2\/types\/product"}],"replies":[{"embeddable":true,"href":"https:\/\/www.ador-dental.de\/es\/wp-json\/wp\/v2\/comments?post=29657"}],"version-history":[{"count":12,"href":"https:\/\/www.ador-dental.de\/es\/wp-json\/wp\/v2\/product\/29657\/revisions"}],"predecessor-version":[{"id":31030,"href":"https:\/\/www.ador-dental.de\/es\/wp-json\/wp\/v2\/product\/29657\/revisions\/31030"}],"wp:featuredmedia":[{"embeddable":true,"href":"https:\/\/www.ador-dental.de\/es\/wp-json\/wp\/v2\/media\/29747"}],"wp:attachment":[{"href":"https:\/\/www.ador-dental.de\/es\/wp-json\/wp\/v2\/media?parent=29657"}],"wp:term":[{"taxonomy":"product_brand","embeddable":true,"href":"https:\/\/www.ador-dental.de\/es\/wp-json\/wp\/v2\/product_brand?post=29657"},{"taxonomy":"product_cat","embeddable":true,"href":"https:\/\/www.ador-dental.de\/es\/wp-json\/wp\/v2\/product_cat?post=29657"},{"taxonomy":"product_tag","embeddable":true,"href":"https:\/\/www.ador-dental.de\/es\/wp-json\/wp\/v2\/product_tag?post=29657"}],"curies":[{"name":"wp","href":"https:\/\/api.w.org\/{rel}","templated":true}]}}