{"id":29517,"date":"2025-05-05T14:27:13","date_gmt":"2025-05-05T12:27:13","guid":{"rendered":"https:\/\/www.ador-dental.de\/?post_type=product&#038;p=29517"},"modified":"2026-04-01T10:17:12","modified_gmt":"2026-04-01T08:17:12","slug":"adorbond-cv-blank-durchmesser-985mm-kopie","status":"publish","type":"product","link":"https:\/\/www.ador-dental.de\/es\/producto\/adorbond-cv-blank-durchmesser-985mm-kopie\/","title":{"rendered":"ADORBOND CV en blanco, di\u00e1metro 98,5 mm"},"content":{"rendered":"<p><strong>&gt;&gt; <a href=\"https:\/\/www.ador-dental.de\/wp-content\/uploads\/2025\/02\/Adorbond-CV-Blank-DE-EN-REV0724.pdf\">Adorbond CV Blank GBA Descargar DE\/EN<\/a><\/strong><\/p>\n<p><strong>ADORBOND\u00ae CV Blank Aleaci\u00f3n metal-cer\u00e1mica con base de cobalto como pieza en bruto circular, di\u00e1metro 98,5 mm, a partir de 12 mm con escal\u00f3n<\/strong><\/p>\n<p><strong>ADORBOND\u00ae CV en blanco<\/strong> es una aleaci\u00f3n metal-cer\u00e1mica dental a base de cobalto. <strong>ADORBOND\u00ae CV en blanco<\/strong> est\u00e1 libre de n\u00edquel,<br \/>\ncadmio, berilio y plomo y cumple con la norma EN ISO 22674 tipo 4 para aplicaciones con secciones transversales finas, que son muy<br \/>\nest\u00e1n expuestos a fuerzas elevadas, por ejemplo, las pr\u00f3tesis parciales removibles, los ganchos, las coronas individuales de chapa fina, las pr\u00f3tesis fijas, etc.<br \/>\nPr\u00f3tesis de arco completo o puentes con secciones transversales peque\u00f1as, barras, aditamentos y superestructuras soportadas por implantes<\/p>\n<table width=\"687\">\n<tbody>\n<tr>\n<td colspan=\"4\" width=\"309\"><strong>Composici\u00f3n w<sub>i<\/sub><\/strong><\/td>\n<td colspan=\"3\" width=\"377\"><strong>Datos t\u00e9cnicos (valores orientativos, estado de fresado\/cocido)<\/strong><\/td>\n<\/tr>\n<tr>\n<td width=\"64\">Co<\/td>\n<td width=\"57\">%<\/td>\n<td width=\"123\">63<\/td>\n<td width=\"66\"><strong>\u00a0<\/strong><\/td>\n<td width=\"246\">Densidad \u03f1<\/td>\n<td width=\"57\">g - cm<sup>-3<\/sup><\/td>\n<td width=\"75\">8,2<\/td>\n<\/tr>\n<tr>\n<td width=\"64\">Cr<\/td>\n<td width=\"57\">%<\/td>\n<td width=\"123\">29<\/td>\n<td width=\"66\"><strong>\u00a0<\/strong><\/td>\n<td width=\"246\">Dureza Vickers<\/td>\n<td width=\"57\">HV 10<\/td>\n<td width=\"75\">330<\/td>\n<\/tr>\n<tr>\n<td width=\"64\"><\/td>\n<td width=\"57\"><\/td>\n<td width=\"123\"><\/td>\n<td width=\"66\"><strong>\u00a0<\/strong><\/td>\n<td rowspan=\"2\" width=\"246\">Coeficiente lineal de expansi\u00f3n t\u00e9rmica \u03b1 25 - 500 \u00b0C<\/td>\n<td rowspan=\"2\" width=\"57\">10<sup>-6<\/sup>-K<sup>-1<\/sup><\/td>\n<td rowspan=\"2\" width=\"75\">14,2<\/td>\n<\/tr>\n<tr>\n<td width=\"64\">Mo<\/td>\n<td width=\"57\">%<\/td>\n<td width=\"123\">5,8<\/td>\n<td width=\"66\"><\/td>\n<\/tr>\n<tr>\n<td width=\"64\">Si<\/td>\n<td width=\"57\">%<\/td>\n<td width=\"123\">1,2<\/td>\n<td width=\"66\"><strong>\u00a0<\/strong><\/td>\n<td rowspan=\"2\" width=\"246\">Coeficiente lineal de expansi\u00f3n t\u00e9rmica \u03b1 20 - 600 \u00b0C<\/td>\n<td rowspan=\"2\" width=\"57\">10<sup>-6<\/sup>-K<sup>-1<\/sup><\/td>\n<td rowspan=\"2\" width=\"75\">14,4<\/td>\n<\/tr>\n<tr>\n<td width=\"64\">Nb, Mn, Fe, N<\/td>\n<td width=\"57\">%<\/td>\n<td width=\"123\">\u00a0&lt; 1<\/td>\n<td width=\"66\"><\/td>\n<\/tr>\n<tr>\n<td width=\"64\"><\/td>\n<td width=\"57\"><\/td>\n<td width=\"123\"><\/td>\n<td width=\"66\"><strong>\u00a0<\/strong><\/td>\n<td width=\"246\">Intervalo de fusi\u00f3n T<sub>S<\/sub> - T<sub>L<\/sub><\/td>\n<td width=\"57\">\u00b0C<\/td>\n<td width=\"75\">1290-1370<\/td>\n<\/tr>\n<tr>\n<td width=\"64\"><\/td>\n<td width=\"57\"><\/td>\n<td width=\"123\"><\/td>\n<td width=\"66\"><strong>\u00a0<\/strong><\/td>\n<td width=\"246\">M\u00e1xima temperatura de cocci\u00f3n recomendada T<sub>Br,max<\/sub><\/td>\n<td width=\"57\">\u00b0C<\/td>\n<td width=\"75\">980<\/td>\n<\/tr>\n<tr>\n<td colspan=\"4\" width=\"309\"><strong>\u00a0<\/strong><\/td>\n<td width=\"246\">0,2-% Resistencia a la fluencia R<sub>p 0,2<\/sub><\/td>\n<td width=\"57\">MPa<\/td>\n<td width=\"75\">610<\/td>\n<\/tr>\n<tr>\n<td colspan=\"4\" width=\"309\"><strong>\u00a0<\/strong><\/td>\n<td width=\"246\">M\u00f3dulo de elasticidad E<\/td>\n<td width=\"57\">GPa<\/td>\n<td width=\"75\">200<\/td>\n<\/tr>\n<tr>\n<td colspan=\"4\" width=\"309\"><strong>\u00a0<\/strong><\/td>\n<td width=\"246\">Alargamiento a la rotura A<sub>5<\/sub><\/td>\n<td width=\"57\">%<\/td>\n<td width=\"75\">6,5<\/td>\n<\/tr>\n<\/tbody>\n<\/table>\n<p><strong>Recomendaci\u00f3n de procesamiento<\/strong><\/p>\n<p><strong>Dise\u00f1o<\/strong><\/p>\n<p>El dise\u00f1o se realiza con un software CAD adecuado, teniendo en cuenta las reglas de la tecnolog\u00eda dental. Evite espesores de pared inferiores a 0,35 mm en el modelo CAD. Aumentar el espesor de la pared en los puntos cr\u00edticos. Dise\u00f1e conectores lo m\u00e1s resistentes y altos posible (altura: m\u00edn. 3,5 mm, anchura: m\u00edn. 2,5 mm).<\/p>\n<p><strong>Fresado<\/strong><\/p>\n<p>Utilice las herramientas y los datos de corte adecuados seg\u00fan las instrucciones del fabricante de la fresadora dental.<\/p>\n<p><strong>Cocci\u00f3n de la cer\u00e1mica tras la fabricaci\u00f3n de la estructura<\/strong><\/p>\n<p>Se puede utilizar la cer\u00e1mica de fusi\u00f3n normal disponible en el mercado para aleaciones de cobalto con un coeficiente de expansi\u00f3n t\u00e9rmica adecuado. Tenga en cuenta las instrucciones de trabajo asociadas y las instrucciones del fabricante de la cer\u00e1mica en cuanto a la velocidad de enfriamiento despu\u00e9s de la cocci\u00f3n. Despu\u00e9s de la fabricaci\u00f3n de la estructura:<\/p>\n<p>1. Cortar los conectores y terminar. Para ello se recomiendan las fresas de carburo.<\/p>\n<p>2. Arreglar la superficie de la estructura en la m\u00e1quina de chorrear con \u00f3xido de aluminio de 100 \u00b5m o 250 \u00b5m.<\/p>\n<p>3. Limpiar la estructura en agua destilada con ultrasonidos o con acetato de etilo desengrasante.<\/p>\n<p>Cocci\u00f3n de \u00f3xido (opcional para comprobar la superficie) durante 5 minutos a unos 960 \u00b0C en vac\u00edo. Despu\u00e9s de la cocci\u00f3n, siempre hay que volver a chorrear la capa de \u00f3xido y desengrasar de nuevo.<\/p>\n<p>Nota: La limpieza de la superficie es la mejor protecci\u00f3n contra las burbujas en la cer\u00e1mica.<\/p>\n<p>Aplique una fina capa de cocci\u00f3n de lavado y, a continuaci\u00f3n, aplique una segunda capa de cocci\u00f3n base para cubrir toda la superficie.<\/p>\n<p>Deje siempre que los opacos se sequen completamente a 600 \u00b0C durante 5-10 minutos antes de la cocci\u00f3n.<\/p>\n<p>6. Cocci\u00f3n y enfriamiento seg\u00fan las instrucciones del fabricante de la masa cer\u00e1mica utilizada.<\/p>\n<p>En caso de enfriamiento prolongado, realice una fase de enfriamiento hasta aproximadamente 750 \u00b0C despu\u00e9s de cada cocci\u00f3n de dentina, correcci\u00f3n y glaseado.<\/p>\n<p><strong>Trabajo final<\/strong><\/p>\n<p>Despu\u00e9s de la cocci\u00f3n de la cer\u00e1mica, engomar las piezas de la estructura sin venera y pulir hasta obtener un alto brillo con una pasta de pulido para aleaciones dentales o con herramientas de pulido rotativas.<\/p>\n<p><strong>Soldadura<\/strong><\/p>\n<p>Soldar antes de la cocci\u00f3n con <strong>ADORBOND<sup>\u00ae<\/sup> Lote CC<\/strong> y el flujo de alta temperatura asociado. La anchura de la separaci\u00f3n de la soldadura debe ser de 0,05-0,2 mm. Soldadura por l\u00e1ser con <strong>ADORBOND<sup>\u00ae<\/sup> Hilo l\u00e1ser CC<\/strong>.<\/p>\n<p><strong>Instrucciones de seguridad<\/strong><\/p>\n<p>El polvo met\u00e1lico es perjudicial para la salud. Utilizar la succi\u00f3n para el acabado y el chorreado. Hay que tener en cuenta las hipersensibilidades a los componentes de la aleaci\u00f3n. Si se sospecha de intolerancias a elementos individuales de esta aleaci\u00f3n, no debe utilizarse.<\/p>\n<p><strong>Garant\u00eda<\/strong><\/p>\n<p>Estas recomendaciones de aplicaci\u00f3n se basan en nuestras propias pruebas y experiencias y, por lo tanto, s\u00f3lo pueden considerarse como directrices. El dentista o el prot\u00e9sico dental son responsables del correcto procesamiento de la aleaci\u00f3n.<\/p>","protected":false},"excerpt":{"rendered":"<p><strong>1 pieza<\/strong><\/p>\n<p><strong>ADORBOND\u00ae CV en blanco<\/strong> es una aleaci\u00f3n metal-cer\u00e1mica a base de cobalto como pieza en bruto redonda, di\u00e1metro 98,5mm, desde 12mm con paso<\/p>","protected":false},"featured_media":29950,"comment_status":"open","ping_status":"closed","template":"","meta":{"neve_meta_sidebar":"","neve_meta_container":"","neve_meta_enable_content_width":"off","neve_meta_content_width":70,"neve_meta_title_alignment":"","neve_meta_author_avatar":"","neve_post_elements_order":"","neve_meta_disable_header":"","neve_meta_disable_footer":"","neve_meta_disable_title":"","_themeisle_gutenberg_block_has_review":false},"product_brand":[],"product_cat":[431,1019],"product_tag":[],"class_list":{"0":"post-29517","1":"product","2":"type-product","3":"status-publish","4":"has-post-thumbnail","6":"product_cat-adormilling","7":"product_cat-cocr","9":"first","10":"instock","11":"taxable","12":"shipping-taxable","13":"purchasable","14":"product-type-variable"},"yoast_head":"<!-- This site is optimized with the Yoast SEO plugin v27.4 - https:\/\/yoast.com\/product\/yoast-seo-wordpress\/ -->\n<title>ADORBOND CV Blank, Durchmesser 98,5mm - Ador Dental GmbH<\/title>\n<meta name=\"description\" content=\"Unser ADORBOND\u00ae CV Blank ist eine Metallkeramiklegierung auf Kobalt-Basis als Ronde, Durchmesser 98,5mm, ab 12mm mit Stufe\" \/>\n<meta name=\"robots\" content=\"index, follow, max-snippet:-1, max-image-preview:large, max-video-preview:-1\" \/>\n<link rel=\"canonical\" href=\"https:\/\/www.ador-dental.de\/es\/producto\/adorbond-cv-blank-durchmesser-985mm-kopie\/\" \/>\n<meta property=\"og:locale\" content=\"es_ES\" \/>\n<meta property=\"og:type\" content=\"article\" \/>\n<meta property=\"og:title\" content=\"ADORBOND CV Blank, Durchmesser 98,5mm - Ador Dental GmbH\" \/>\n<meta property=\"og:description\" content=\"Unser ADORBOND\u00ae CV Blank ist eine Metallkeramiklegierung auf Kobalt-Basis als Ronde, Durchmesser 98,5mm, ab 12mm mit Stufe\" \/>\n<meta property=\"og:url\" content=\"https:\/\/www.ador-dental.de\/es\/producto\/adorbond-cv-blank-durchmesser-985mm-kopie\/\" \/>\n<meta property=\"og:site_name\" content=\"Ador Dental GmbH\" \/>\n<meta property=\"article:modified_time\" content=\"2026-04-01T08:17:12+00:00\" \/>\n<meta property=\"og:image\" content=\"https:\/\/www.ador-dental.de\/wp-content\/uploads\/2025\/07\/Adorbond-CV-Blank-PB-N.png\" \/>\n\t<meta property=\"og:image:width\" content=\"1024\" \/>\n\t<meta property=\"og:image:height\" content=\"1024\" \/>\n\t<meta property=\"og:image:type\" content=\"image\/png\" \/>\n<meta name=\"twitter:card\" content=\"summary_large_image\" \/>\n<meta name=\"twitter:label1\" content=\"Tiempo de lectura\" \/>\n\t<meta name=\"twitter:data1\" content=\"3 minutos\" \/>\n<script type=\"application\/ld+json\" class=\"yoast-schema-graph\">{\"@context\":\"https:\\\/\\\/schema.org\",\"@graph\":[{\"@type\":\"WebPage\",\"@id\":\"https:\\\/\\\/www.ador-dental.de\\\/produkt\\\/adorbond-cv-blank-durchmesser-985mm-kopie\\\/\",\"url\":\"https:\\\/\\\/www.ador-dental.de\\\/produkt\\\/adorbond-cv-blank-durchmesser-985mm-kopie\\\/\",\"name\":\"ADORBOND CV Blank, Durchmesser 98,5mm - Ador Dental GmbH\",\"isPartOf\":{\"@id\":\"https:\\\/\\\/www.ador-dental.de\\\/en\\\/#website\"},\"primaryImageOfPage\":{\"@id\":\"https:\\\/\\\/www.ador-dental.de\\\/produkt\\\/adorbond-cv-blank-durchmesser-985mm-kopie\\\/#primaryimage\"},\"image\":{\"@id\":\"https:\\\/\\\/www.ador-dental.de\\\/produkt\\\/adorbond-cv-blank-durchmesser-985mm-kopie\\\/#primaryimage\"},\"thumbnailUrl\":\"https:\\\/\\\/www.ador-dental.de\\\/wp-content\\\/uploads\\\/2025\\\/07\\\/Adorbond-CV-Blank-PB-N.png\",\"datePublished\":\"2025-05-05T12:27:13+00:00\",\"dateModified\":\"2026-04-01T08:17:12+00:00\",\"description\":\"Unser ADORBOND\u00ae CV Blank ist eine Metallkeramiklegierung auf Kobalt-Basis als Ronde, Durchmesser 98,5mm, ab 12mm mit Stufe\",\"breadcrumb\":{\"@id\":\"https:\\\/\\\/www.ador-dental.de\\\/produkt\\\/adorbond-cv-blank-durchmesser-985mm-kopie\\\/#breadcrumb\"},\"inLanguage\":\"es\",\"potentialAction\":[{\"@type\":\"ReadAction\",\"target\":[\"https:\\\/\\\/www.ador-dental.de\\\/produkt\\\/adorbond-cv-blank-durchmesser-985mm-kopie\\\/\"]}]},{\"@type\":\"ImageObject\",\"inLanguage\":\"es\",\"@id\":\"https:\\\/\\\/www.ador-dental.de\\\/produkt\\\/adorbond-cv-blank-durchmesser-985mm-kopie\\\/#primaryimage\",\"url\":\"https:\\\/\\\/www.ador-dental.de\\\/wp-content\\\/uploads\\\/2025\\\/07\\\/Adorbond-CV-Blank-PB-N.png\",\"contentUrl\":\"https:\\\/\\\/www.ador-dental.de\\\/wp-content\\\/uploads\\\/2025\\\/07\\\/Adorbond-CV-Blank-PB-N.png\",\"width\":1024,\"height\":1024},{\"@type\":\"BreadcrumbList\",\"@id\":\"https:\\\/\\\/www.ador-dental.de\\\/produkt\\\/adorbond-cv-blank-durchmesser-985mm-kopie\\\/#breadcrumb\",\"itemListElement\":[{\"@type\":\"ListItem\",\"position\":1,\"name\":\"Startseite\",\"item\":\"https:\\\/\\\/www.ador-dental.de\\\/\"},{\"@type\":\"ListItem\",\"position\":2,\"name\":\"Shop\",\"item\":\"https:\\\/\\\/www.ador-dental.de\\\/en\\\/shop\\\/\"},{\"@type\":\"ListItem\",\"position\":3,\"name\":\"ADORBOND CV Blank, Durchmesser 98,5mm\"}]},{\"@type\":\"WebSite\",\"@id\":\"https:\\\/\\\/www.ador-dental.de\\\/en\\\/#website\",\"url\":\"https:\\\/\\\/www.ador-dental.de\\\/en\\\/\",\"name\":\"Ador Dental GmbH\",\"description\":\"\",\"publisher\":{\"@id\":\"https:\\\/\\\/www.ador-dental.de\\\/en\\\/#organization\"},\"potentialAction\":[{\"@type\":\"SearchAction\",\"target\":{\"@type\":\"EntryPoint\",\"urlTemplate\":\"https:\\\/\\\/www.ador-dental.de\\\/en\\\/?s={search_term_string}\"},\"query-input\":{\"@type\":\"PropertyValueSpecification\",\"valueRequired\":true,\"valueName\":\"search_term_string\"}}],\"inLanguage\":\"es\"},{\"@type\":\"Organization\",\"@id\":\"https:\\\/\\\/www.ador-dental.de\\\/en\\\/#organization\",\"name\":\"Ador Dental GmbH\",\"url\":\"https:\\\/\\\/www.ador-dental.de\\\/en\\\/\",\"logo\":{\"@type\":\"ImageObject\",\"inLanguage\":\"es\",\"@id\":\"https:\\\/\\\/www.ador-dental.de\\\/en\\\/#\\\/schema\\\/logo\\\/image\\\/\",\"url\":\"https:\\\/\\\/www.ador-dental.de\\\/wp-content\\\/uploads\\\/2021\\\/10\\\/ADOR_Logo_DentalSolutions_2020_Black.svg\",\"contentUrl\":\"https:\\\/\\\/www.ador-dental.de\\\/wp-content\\\/uploads\\\/2021\\\/10\\\/ADOR_Logo_DentalSolutions_2020_Black.svg\",\"width\":678,\"height\":261,\"caption\":\"Ador Dental GmbH\"},\"image\":{\"@id\":\"https:\\\/\\\/www.ador-dental.de\\\/en\\\/#\\\/schema\\\/logo\\\/image\\\/\"}}]}<\/script>\n<!-- \/ Yoast SEO plugin. -->","yoast_head_json":{"title":"ADORBOND CV Blank, Durchmesser 98,5mm - Ador Dental GmbH","description":"Unser ADORBOND\u00ae CV Blank ist eine Metallkeramiklegierung auf Kobalt-Basis als Ronde, Durchmesser 98,5mm, ab 12mm mit Stufe","robots":{"index":"index","follow":"follow","max-snippet":"max-snippet:-1","max-image-preview":"max-image-preview:large","max-video-preview":"max-video-preview:-1"},"canonical":"https:\/\/www.ador-dental.de\/es\/producto\/adorbond-cv-blank-durchmesser-985mm-kopie\/","og_locale":"es_ES","og_type":"article","og_title":"ADORBOND CV Blank, Durchmesser 98,5mm - Ador Dental GmbH","og_description":"Unser ADORBOND\u00ae CV Blank ist eine Metallkeramiklegierung auf Kobalt-Basis als Ronde, Durchmesser 98,5mm, ab 12mm mit Stufe","og_url":"https:\/\/www.ador-dental.de\/es\/producto\/adorbond-cv-blank-durchmesser-985mm-kopie\/","og_site_name":"Ador Dental GmbH","article_modified_time":"2026-04-01T08:17:12+00:00","og_image":[{"width":1024,"height":1024,"url":"https:\/\/www.ador-dental.de\/wp-content\/uploads\/2025\/07\/Adorbond-CV-Blank-PB-N.png","type":"image\/png"}],"twitter_card":"summary_large_image","twitter_misc":{"Tiempo de lectura":"3 minutos"},"schema":{"@context":"https:\/\/schema.org","@graph":[{"@type":"WebPage","@id":"https:\/\/www.ador-dental.de\/produkt\/adorbond-cv-blank-durchmesser-985mm-kopie\/","url":"https:\/\/www.ador-dental.de\/produkt\/adorbond-cv-blank-durchmesser-985mm-kopie\/","name":"ADORBOND CV Blank, Durchmesser 98,5mm - Ador Dental GmbH","isPartOf":{"@id":"https:\/\/www.ador-dental.de\/en\/#website"},"primaryImageOfPage":{"@id":"https:\/\/www.ador-dental.de\/produkt\/adorbond-cv-blank-durchmesser-985mm-kopie\/#primaryimage"},"image":{"@id":"https:\/\/www.ador-dental.de\/produkt\/adorbond-cv-blank-durchmesser-985mm-kopie\/#primaryimage"},"thumbnailUrl":"https:\/\/www.ador-dental.de\/wp-content\/uploads\/2025\/07\/Adorbond-CV-Blank-PB-N.png","datePublished":"2025-05-05T12:27:13+00:00","dateModified":"2026-04-01T08:17:12+00:00","description":"Unser ADORBOND\u00ae CV Blank ist eine Metallkeramiklegierung auf Kobalt-Basis als Ronde, Durchmesser 98,5mm, ab 12mm mit Stufe","breadcrumb":{"@id":"https:\/\/www.ador-dental.de\/produkt\/adorbond-cv-blank-durchmesser-985mm-kopie\/#breadcrumb"},"inLanguage":"es","potentialAction":[{"@type":"ReadAction","target":["https:\/\/www.ador-dental.de\/produkt\/adorbond-cv-blank-durchmesser-985mm-kopie\/"]}]},{"@type":"ImageObject","inLanguage":"es","@id":"https:\/\/www.ador-dental.de\/produkt\/adorbond-cv-blank-durchmesser-985mm-kopie\/#primaryimage","url":"https:\/\/www.ador-dental.de\/wp-content\/uploads\/2025\/07\/Adorbond-CV-Blank-PB-N.png","contentUrl":"https:\/\/www.ador-dental.de\/wp-content\/uploads\/2025\/07\/Adorbond-CV-Blank-PB-N.png","width":1024,"height":1024},{"@type":"BreadcrumbList","@id":"https:\/\/www.ador-dental.de\/produkt\/adorbond-cv-blank-durchmesser-985mm-kopie\/#breadcrumb","itemListElement":[{"@type":"ListItem","position":1,"name":"Startseite","item":"https:\/\/www.ador-dental.de\/"},{"@type":"ListItem","position":2,"name":"Shop","item":"https:\/\/www.ador-dental.de\/en\/shop\/"},{"@type":"ListItem","position":3,"name":"ADORBOND CV Blank, Durchmesser 98,5mm"}]},{"@type":"WebSite","@id":"https:\/\/www.ador-dental.de\/en\/#website","url":"https:\/\/www.ador-dental.de\/en\/","name":"Ador Dental GmbH","description":"","publisher":{"@id":"https:\/\/www.ador-dental.de\/en\/#organization"},"potentialAction":[{"@type":"SearchAction","target":{"@type":"EntryPoint","urlTemplate":"https:\/\/www.ador-dental.de\/en\/?s={search_term_string}"},"query-input":{"@type":"PropertyValueSpecification","valueRequired":true,"valueName":"search_term_string"}}],"inLanguage":"es"},{"@type":"Organization","@id":"https:\/\/www.ador-dental.de\/en\/#organization","name":"Ador Dental GmbH","url":"https:\/\/www.ador-dental.de\/en\/","logo":{"@type":"ImageObject","inLanguage":"es","@id":"https:\/\/www.ador-dental.de\/en\/#\/schema\/logo\/image\/","url":"https:\/\/www.ador-dental.de\/wp-content\/uploads\/2021\/10\/ADOR_Logo_DentalSolutions_2020_Black.svg","contentUrl":"https:\/\/www.ador-dental.de\/wp-content\/uploads\/2021\/10\/ADOR_Logo_DentalSolutions_2020_Black.svg","width":678,"height":261,"caption":"Ador Dental GmbH"},"image":{"@id":"https:\/\/www.ador-dental.de\/en\/#\/schema\/logo\/image\/"}}]}},"_links":{"self":[{"href":"https:\/\/www.ador-dental.de\/es\/wp-json\/wp\/v2\/product\/29517","targetHints":{"allow":["GET"]}}],"collection":[{"href":"https:\/\/www.ador-dental.de\/es\/wp-json\/wp\/v2\/product"}],"about":[{"href":"https:\/\/www.ador-dental.de\/es\/wp-json\/wp\/v2\/types\/product"}],"replies":[{"embeddable":true,"href":"https:\/\/www.ador-dental.de\/es\/wp-json\/wp\/v2\/comments?post=29517"}],"version-history":[{"count":4,"href":"https:\/\/www.ador-dental.de\/es\/wp-json\/wp\/v2\/product\/29517\/revisions"}],"predecessor-version":[{"id":31217,"href":"https:\/\/www.ador-dental.de\/es\/wp-json\/wp\/v2\/product\/29517\/revisions\/31217"}],"wp:featuredmedia":[{"embeddable":true,"href":"https:\/\/www.ador-dental.de\/es\/wp-json\/wp\/v2\/media\/29950"}],"wp:attachment":[{"href":"https:\/\/www.ador-dental.de\/es\/wp-json\/wp\/v2\/media?parent=29517"}],"wp:term":[{"taxonomy":"product_brand","embeddable":true,"href":"https:\/\/www.ador-dental.de\/es\/wp-json\/wp\/v2\/product_brand?post=29517"},{"taxonomy":"product_cat","embeddable":true,"href":"https:\/\/www.ador-dental.de\/es\/wp-json\/wp\/v2\/product_cat?post=29517"},{"taxonomy":"product_tag","embeddable":true,"href":"https:\/\/www.ador-dental.de\/es\/wp-json\/wp\/v2\/product_tag?post=29517"}],"curies":[{"name":"wp","href":"https:\/\/api.w.org\/{rel}","templated":true}]}}