{"id":29394,"date":"2025-04-07T15:59:09","date_gmt":"2025-04-07T13:59:09","guid":{"rendered":"https:\/\/www.ador-dental.de\/?post_type=product&#038;p=29394"},"modified":"2025-04-11T09:46:10","modified_gmt":"2025-04-11T07:46:10","slug":"scantist-3d-vanishing-spray-200ml","status":"publish","type":"product","link":"https:\/\/www.ador-dental.de\/es\/producto\/scantist-3d-vanishing-spray-200ml\/","title":{"rendered":"Scantist 3D Vanishing Spray 200ml"},"content":{"rendered":"<p>Extraorales Scan-Spray f\u00fcr den Einsatz im Dentalbereich zur Optimierung der Aufnahmequalit\u00e4t bei CAD\/CAM-Aufnahmen, Kamera-\/Videoaufnahmen, Streifenlichtscans, Blaulichtscans, etc. Verdunstet \/ sublimiert selbstst\u00e4ndig nach der Anwendung Enth\u00e4lt keine Pigmente \u2013 kein Titandioxid (TiO2) \u2013 keine Verunreinigung von Objekt, Umgebung und Anwender.<\/p>\n<ul>\n<li>Grifffeste Oberfl\u00e4che<\/li>\n<li>Ultrad\u00fcnne Schichtdicke<\/li>\n<li>Sehr feine homogene Beschichtung<\/li>\n<li>Effizient und sparsam durch punktgenaue und exakte Aufbringung durch ein Spezialventil mit Feind\u00fcse<\/li>\n<li>Haftet auf allen Materialien \u2013 auch auf sehr glatten Oberfl\u00e4chen<\/li>\n<li>Keine korrodierende Wirkung<\/li>\n<\/ul>\n<p>Eine Beschichtung mit SCANTIST 3D \u2013 vanishing f\u00fchrt zur Verbesserung der optischen Eigenschaften von Zahn-Modellen, Gips-Abdr\u00fccken, Pr\u00e4parationen, einzelnen St\u00fcmpfen und Abformungen.<\/p>\n<p>Nach dem Auftrag bildet SCANTIST 3D \u2013 vanishing eine homogene und sehr feine, wei\u00dfe Mattierungsschicht auf dem Objekt. Diese verhindert Reflexionen und Spiegelungen und das Objekt kann optisch exakt erfasst werden. Feinheiten in Geometrie und Oberfl\u00e4che werden nicht beeintr\u00e4chtigt und k\u00f6nnen originalgetreu visualisiert werden.<\/p>\n<p>Durch eine Spezialventil mit Feind\u00fcse l\u00e4sst sich SCANTIST 3D \u2013 vanishing punktgenau und effizient auch auf kleinste Teile auftragen.<\/p>\n<p>SCANTIST 3D \u2013 vanishing enth\u00e4lt keinerlei Pigmente und somit auch kein gesundheitsgef\u00e4hrdendes Titandioxid (TiO2). Die Beschichtung verdunstet (sublimiert) selbstst\u00e4ndig nach der Anwendung und eine aufwendige Nachreinigung der Objekte und auch der Laborumgebung entf\u00e4llt. Dieses bedeutet enormen Zeit- und Kostenersparnis f\u00fcr den Anwender und Schutz vor Besch\u00e4digung des Scanning Equipments!<\/p>","protected":false},"excerpt":{"rendered":"<p>SCANTIST 3D \u2013 vanishing ist ein revolution\u00e4res Scan-Spray, welches speziell f\u00fcr die extraorale Anwendung im laborseitigem Dentalbereich entwickelt wurde.<\/p>","protected":false},"featured_media":29409,"comment_status":"open","ping_status":"closed","template":"","meta":{"neve_meta_sidebar":"","neve_meta_container":"","neve_meta_enable_content_width":"off","neve_meta_content_width":70,"neve_meta_title_alignment":"","neve_meta_author_avatar":"","neve_post_elements_order":"","neve_meta_disable_header":"","neve_meta_disable_footer":"","neve_meta_disable_title":"","_themeisle_gutenberg_block_has_review":false},"product_brand":[],"product_cat":[47],"product_tag":[434],"class_list":{"0":"post-29394","1":"product","2":"type-product","3":"status-publish","4":"has-post-thumbnail","6":"product_cat-dentalsprays","7":"product_tag-dentalheld","9":"first","10":"instock","11":"sale","12":"taxable","13":"shipping-taxable","14":"purchasable","15":"product-type-simple"},"yoast_head":"<!-- This site is optimized with the Yoast SEO plugin v27.6 - https:\/\/yoast.com\/product\/yoast-seo-wordpress\/ -->\n<title>Scantist 3D Vanishing Spray 200ml - Ador Dental GmbH<\/title>\n<meta name=\"description\" content=\"SCANTIST 3D \u2013 vanishing ist ein revolution\u00e4res Scan-Spray, welches speziell f\u00fcr die extraorale Anwendung im laborseitigem Dentalbereich entwickelt wurde.\" \/>\n<meta name=\"robots\" content=\"index, follow, max-snippet:-1, max-image-preview:large, max-video-preview:-1\" \/>\n<link rel=\"canonical\" href=\"https:\/\/www.ador-dental.de\/es\/producto\/scantist-3d-vanishing-spray-200ml\/\" \/>\n<meta property=\"og:locale\" content=\"es_ES\" \/>\n<meta property=\"og:type\" content=\"article\" \/>\n<meta property=\"og:title\" content=\"Scantist 3D Vanishing Spray 200ml - Ador Dental GmbH\" \/>\n<meta property=\"og:description\" content=\"SCANTIST 3D \u2013 vanishing ist ein revolution\u00e4res Scan-Spray, welches speziell f\u00fcr die extraorale Anwendung im laborseitigem Dentalbereich entwickelt wurde.\" \/>\n<meta property=\"og:url\" content=\"https:\/\/www.ador-dental.de\/es\/producto\/scantist-3d-vanishing-spray-200ml\/\" \/>\n<meta property=\"og:site_name\" content=\"Ador Dental GmbH\" \/>\n<meta property=\"article:modified_time\" content=\"2025-04-11T07:46:10+00:00\" \/>\n<meta property=\"og:image\" content=\"https:\/\/www.ador-dental.de\/wp-content\/uploads\/2025\/04\/scantist-vanishing1.png\" \/>\n\t<meta property=\"og:image:width\" content=\"1024\" \/>\n\t<meta property=\"og:image:height\" content=\"1024\" \/>\n\t<meta property=\"og:image:type\" content=\"image\/png\" \/>\n<meta name=\"twitter:card\" content=\"summary_large_image\" \/>\n<meta name=\"twitter:label1\" content=\"Tiempo de lectura\" \/>\n\t<meta name=\"twitter:data1\" content=\"1 minuto\" \/>\n<script type=\"application\/ld+json\" class=\"yoast-schema-graph\">{\"@context\":\"https:\\\/\\\/schema.org\",\"@graph\":[{\"@type\":\"WebPage\",\"@id\":\"https:\\\/\\\/www.ador-dental.de\\\/produkt\\\/scantist-3d-vanishing-spray-200ml\\\/\",\"url\":\"https:\\\/\\\/www.ador-dental.de\\\/produkt\\\/scantist-3d-vanishing-spray-200ml\\\/\",\"name\":\"Scantist 3D Vanishing Spray 200ml - Ador Dental GmbH\",\"isPartOf\":{\"@id\":\"https:\\\/\\\/www.ador-dental.de\\\/en\\\/#website\"},\"primaryImageOfPage\":{\"@id\":\"https:\\\/\\\/www.ador-dental.de\\\/produkt\\\/scantist-3d-vanishing-spray-200ml\\\/#primaryimage\"},\"image\":{\"@id\":\"https:\\\/\\\/www.ador-dental.de\\\/produkt\\\/scantist-3d-vanishing-spray-200ml\\\/#primaryimage\"},\"thumbnailUrl\":\"https:\\\/\\\/www.ador-dental.de\\\/wp-content\\\/uploads\\\/2025\\\/04\\\/scantist-vanishing1.png\",\"datePublished\":\"2025-04-07T13:59:09+00:00\",\"dateModified\":\"2025-04-11T07:46:10+00:00\",\"description\":\"SCANTIST 3D \u2013 vanishing ist ein revolution\u00e4res Scan-Spray, welches speziell f\u00fcr die extraorale Anwendung im laborseitigem Dentalbereich entwickelt wurde.\",\"breadcrumb\":{\"@id\":\"https:\\\/\\\/www.ador-dental.de\\\/produkt\\\/scantist-3d-vanishing-spray-200ml\\\/#breadcrumb\"},\"inLanguage\":\"es\",\"potentialAction\":[{\"@type\":\"ReadAction\",\"target\":[\"https:\\\/\\\/www.ador-dental.de\\\/produkt\\\/scantist-3d-vanishing-spray-200ml\\\/\"]}]},{\"@type\":\"ImageObject\",\"inLanguage\":\"es\",\"@id\":\"https:\\\/\\\/www.ador-dental.de\\\/produkt\\\/scantist-3d-vanishing-spray-200ml\\\/#primaryimage\",\"url\":\"https:\\\/\\\/www.ador-dental.de\\\/wp-content\\\/uploads\\\/2025\\\/04\\\/scantist-vanishing1.png\",\"contentUrl\":\"https:\\\/\\\/www.ador-dental.de\\\/wp-content\\\/uploads\\\/2025\\\/04\\\/scantist-vanishing1.png\",\"width\":1024,\"height\":1024},{\"@type\":\"BreadcrumbList\",\"@id\":\"https:\\\/\\\/www.ador-dental.de\\\/produkt\\\/scantist-3d-vanishing-spray-200ml\\\/#breadcrumb\",\"itemListElement\":[{\"@type\":\"ListItem\",\"position\":1,\"name\":\"Startseite\",\"item\":\"https:\\\/\\\/www.ador-dental.de\\\/\"},{\"@type\":\"ListItem\",\"position\":2,\"name\":\"Shop\",\"item\":\"https:\\\/\\\/www.ador-dental.de\\\/en\\\/shop\\\/\"},{\"@type\":\"ListItem\",\"position\":3,\"name\":\"Scantist 3D Vanishing Spray 200ml\"}]},{\"@type\":\"WebSite\",\"@id\":\"https:\\\/\\\/www.ador-dental.de\\\/en\\\/#website\",\"url\":\"https:\\\/\\\/www.ador-dental.de\\\/en\\\/\",\"name\":\"Ador Dental GmbH\",\"description\":\"\",\"publisher\":{\"@id\":\"https:\\\/\\\/www.ador-dental.de\\\/en\\\/#organization\"},\"potentialAction\":[{\"@type\":\"SearchAction\",\"target\":{\"@type\":\"EntryPoint\",\"urlTemplate\":\"https:\\\/\\\/www.ador-dental.de\\\/en\\\/?s={search_term_string}\"},\"query-input\":{\"@type\":\"PropertyValueSpecification\",\"valueRequired\":true,\"valueName\":\"search_term_string\"}}],\"inLanguage\":\"es\"},{\"@type\":\"Organization\",\"@id\":\"https:\\\/\\\/www.ador-dental.de\\\/en\\\/#organization\",\"name\":\"Ador Dental GmbH\",\"url\":\"https:\\\/\\\/www.ador-dental.de\\\/en\\\/\",\"logo\":{\"@type\":\"ImageObject\",\"inLanguage\":\"es\",\"@id\":\"https:\\\/\\\/www.ador-dental.de\\\/en\\\/#\\\/schema\\\/logo\\\/image\\\/\",\"url\":\"https:\\\/\\\/www.ador-dental.de\\\/wp-content\\\/uploads\\\/2021\\\/10\\\/ADOR_Logo_DentalSolutions_2020_Black.svg\",\"contentUrl\":\"https:\\\/\\\/www.ador-dental.de\\\/wp-content\\\/uploads\\\/2021\\\/10\\\/ADOR_Logo_DentalSolutions_2020_Black.svg\",\"width\":678,\"height\":261,\"caption\":\"Ador Dental GmbH\"},\"image\":{\"@id\":\"https:\\\/\\\/www.ador-dental.de\\\/en\\\/#\\\/schema\\\/logo\\\/image\\\/\"}}]}<\/script>\n<!-- \/ Yoast SEO plugin. -->","yoast_head_json":{"title":"Scantist 3D Vanishing Spray 200ml - Ador Dental GmbH","description":"SCANTIST 3D \u2013 vanishing ist ein revolution\u00e4res Scan-Spray, welches speziell f\u00fcr die extraorale Anwendung im laborseitigem Dentalbereich entwickelt wurde.","robots":{"index":"index","follow":"follow","max-snippet":"max-snippet:-1","max-image-preview":"max-image-preview:large","max-video-preview":"max-video-preview:-1"},"canonical":"https:\/\/www.ador-dental.de\/es\/producto\/scantist-3d-vanishing-spray-200ml\/","og_locale":"es_ES","og_type":"article","og_title":"Scantist 3D Vanishing Spray 200ml - Ador Dental GmbH","og_description":"SCANTIST 3D \u2013 vanishing ist ein revolution\u00e4res Scan-Spray, welches speziell f\u00fcr die extraorale Anwendung im laborseitigem Dentalbereich entwickelt wurde.","og_url":"https:\/\/www.ador-dental.de\/es\/producto\/scantist-3d-vanishing-spray-200ml\/","og_site_name":"Ador Dental GmbH","article_modified_time":"2025-04-11T07:46:10+00:00","og_image":[{"width":1024,"height":1024,"url":"https:\/\/www.ador-dental.de\/wp-content\/uploads\/2025\/04\/scantist-vanishing1.png","type":"image\/png"}],"twitter_card":"summary_large_image","twitter_misc":{"Tiempo de lectura":"1 minuto"},"schema":{"@context":"https:\/\/schema.org","@graph":[{"@type":"WebPage","@id":"https:\/\/www.ador-dental.de\/produkt\/scantist-3d-vanishing-spray-200ml\/","url":"https:\/\/www.ador-dental.de\/produkt\/scantist-3d-vanishing-spray-200ml\/","name":"Scantist 3D Vanishing Spray 200ml - Ador Dental GmbH","isPartOf":{"@id":"https:\/\/www.ador-dental.de\/en\/#website"},"primaryImageOfPage":{"@id":"https:\/\/www.ador-dental.de\/produkt\/scantist-3d-vanishing-spray-200ml\/#primaryimage"},"image":{"@id":"https:\/\/www.ador-dental.de\/produkt\/scantist-3d-vanishing-spray-200ml\/#primaryimage"},"thumbnailUrl":"https:\/\/www.ador-dental.de\/wp-content\/uploads\/2025\/04\/scantist-vanishing1.png","datePublished":"2025-04-07T13:59:09+00:00","dateModified":"2025-04-11T07:46:10+00:00","description":"SCANTIST 3D \u2013 vanishing ist ein revolution\u00e4res Scan-Spray, welches speziell f\u00fcr die extraorale Anwendung im laborseitigem Dentalbereich entwickelt wurde.","breadcrumb":{"@id":"https:\/\/www.ador-dental.de\/produkt\/scantist-3d-vanishing-spray-200ml\/#breadcrumb"},"inLanguage":"es","potentialAction":[{"@type":"ReadAction","target":["https:\/\/www.ador-dental.de\/produkt\/scantist-3d-vanishing-spray-200ml\/"]}]},{"@type":"ImageObject","inLanguage":"es","@id":"https:\/\/www.ador-dental.de\/produkt\/scantist-3d-vanishing-spray-200ml\/#primaryimage","url":"https:\/\/www.ador-dental.de\/wp-content\/uploads\/2025\/04\/scantist-vanishing1.png","contentUrl":"https:\/\/www.ador-dental.de\/wp-content\/uploads\/2025\/04\/scantist-vanishing1.png","width":1024,"height":1024},{"@type":"BreadcrumbList","@id":"https:\/\/www.ador-dental.de\/produkt\/scantist-3d-vanishing-spray-200ml\/#breadcrumb","itemListElement":[{"@type":"ListItem","position":1,"name":"Startseite","item":"https:\/\/www.ador-dental.de\/"},{"@type":"ListItem","position":2,"name":"Shop","item":"https:\/\/www.ador-dental.de\/en\/shop\/"},{"@type":"ListItem","position":3,"name":"Scantist 3D Vanishing Spray 200ml"}]},{"@type":"WebSite","@id":"https:\/\/www.ador-dental.de\/en\/#website","url":"https:\/\/www.ador-dental.de\/en\/","name":"Ador Dental GmbH","description":"","publisher":{"@id":"https:\/\/www.ador-dental.de\/en\/#organization"},"potentialAction":[{"@type":"SearchAction","target":{"@type":"EntryPoint","urlTemplate":"https:\/\/www.ador-dental.de\/en\/?s={search_term_string}"},"query-input":{"@type":"PropertyValueSpecification","valueRequired":true,"valueName":"search_term_string"}}],"inLanguage":"es"},{"@type":"Organization","@id":"https:\/\/www.ador-dental.de\/en\/#organization","name":"Ador Dental GmbH","url":"https:\/\/www.ador-dental.de\/en\/","logo":{"@type":"ImageObject","inLanguage":"es","@id":"https:\/\/www.ador-dental.de\/en\/#\/schema\/logo\/image\/","url":"https:\/\/www.ador-dental.de\/wp-content\/uploads\/2021\/10\/ADOR_Logo_DentalSolutions_2020_Black.svg","contentUrl":"https:\/\/www.ador-dental.de\/wp-content\/uploads\/2021\/10\/ADOR_Logo_DentalSolutions_2020_Black.svg","width":678,"height":261,"caption":"Ador Dental GmbH"},"image":{"@id":"https:\/\/www.ador-dental.de\/en\/#\/schema\/logo\/image\/"}}]}},"_links":{"self":[{"href":"https:\/\/www.ador-dental.de\/es\/wp-json\/wp\/v2\/product\/29394","targetHints":{"allow":["GET"]}}],"collection":[{"href":"https:\/\/www.ador-dental.de\/es\/wp-json\/wp\/v2\/product"}],"about":[{"href":"https:\/\/www.ador-dental.de\/es\/wp-json\/wp\/v2\/types\/product"}],"replies":[{"embeddable":true,"href":"https:\/\/www.ador-dental.de\/es\/wp-json\/wp\/v2\/comments?post=29394"}],"version-history":[{"count":2,"href":"https:\/\/www.ador-dental.de\/es\/wp-json\/wp\/v2\/product\/29394\/revisions"}],"predecessor-version":[{"id":29413,"href":"https:\/\/www.ador-dental.de\/es\/wp-json\/wp\/v2\/product\/29394\/revisions\/29413"}],"wp:featuredmedia":[{"embeddable":true,"href":"https:\/\/www.ador-dental.de\/es\/wp-json\/wp\/v2\/media\/29409"}],"wp:attachment":[{"href":"https:\/\/www.ador-dental.de\/es\/wp-json\/wp\/v2\/media?parent=29394"}],"wp:term":[{"taxonomy":"product_brand","embeddable":true,"href":"https:\/\/www.ador-dental.de\/es\/wp-json\/wp\/v2\/product_brand?post=29394"},{"taxonomy":"product_cat","embeddable":true,"href":"https:\/\/www.ador-dental.de\/es\/wp-json\/wp\/v2\/product_cat?post=29394"},{"taxonomy":"product_tag","embeddable":true,"href":"https:\/\/www.ador-dental.de\/es\/wp-json\/wp\/v2\/product_tag?post=29394"}],"curies":[{"name":"wp","href":"https:\/\/api.w.org\/{rel}","templated":true}]}}