{"id":29153,"date":"2025-01-09T11:50:47","date_gmt":"2025-01-09T10:50:47","guid":{"rendered":"https:\/\/www.ador-dental.de\/?post_type=product&#038;p=29153"},"modified":"2025-01-09T11:52:42","modified_gmt":"2025-01-09T10:52:42","slug":"starter-kit-fraeser-dgshape-ds-cam","status":"publish","type":"product","link":"https:\/\/www.ador-dental.de\/es\/producto\/starter-kit-fraeser-dgshape-ds-cam\/","title":{"rendered":"Kit de inicio de fresa DGSHAPE-DS-CAM"},"content":{"rendered":"<h4 class=\"content--title\">Incluido en el set:<\/h4>\n<p>Fresa T1 de metal duro de alto avance \u00d83mm, optimizada para el mecanizado de CoCr, titanio, 4 filos, m\u00e1xima precisi\u00f3n gracias a tolerancias estrechas y m\u00e1xima calidad superficial, con relieve l3=15,5mm, y TI COATING, recomendada para m\u00e1quinas imes-icore 350i-750i con mango d2=6mm<\/p>\n<div class=\"product--description\">\n<p>Fresa de radio de metal duro T2\/T3 \u00d82mm, optimizada para el mecanizado de CoCr, titanio, de 2 filos, m\u00e1xima precisi\u00f3n gracias a tolerancias estrechas y m\u00e1xima calidad superficial, con relieve l3=14mm, y AL COATING, recomendada para m\u00e1quinas My Evolution con mango d2=6mm<\/p>\n<\/div>\n<p>Fresa toroidal de metal duro T9 \u00d81,5mm, optimizada para el mecanizado de titanio, CoCr, de 3 filos, m\u00e1xima precisi\u00f3n gracias a tolerancias ajustadas y m\u00e1xima calidad superficial, con relieve l3=12mm, y AL COATING, recomendada para m\u00e1quinas My Evolution con mango d2=6mm<\/p>\n<p>Fresa radial de metal duro T14 \u00d82mm, optimizada para el mecanizado de PMMA, PEEK, cera, de un solo filo, m\u00e1xima precisi\u00f3n gracias a tolerancias estrechas y m\u00e1xima calidad de superficie, con relieve l3=20mm, y ZR COATING, recomendada para m\u00e1quinas Roland con mango d2=4mm<\/p>","protected":false},"excerpt":{"rendered":"<p>T1 Fresa de metal duro de alto avance \u00d83mm, T2\/T3 Fresa de radio de metal duro \u00d82mm, fresa \u00d81,5mm, T9 Fresa de toro de metal duro \u00d81,5mm, T14 Fresa de radio de metal duro \u00d82mm<\/p>\n<p><strong>para MyEvoltion Roland<\/strong><\/p>","protected":false},"featured_media":28854,"comment_status":"open","ping_status":"closed","template":"","meta":{"neve_meta_sidebar":"","neve_meta_container":"","neve_meta_enable_content_width":"off","neve_meta_content_width":100,"neve_meta_title_alignment":"","neve_meta_author_avatar":"","neve_post_elements_order":"","neve_meta_disable_header":"","neve_meta_disable_footer":"","neve_meta_disable_title":"","_themeisle_gutenberg_block_has_review":false},"product_brand":[],"product_cat":[431,470,1138],"product_tag":[1140,1139,1141,1165,1130],"class_list":{"0":"post-29153","1":"product","2":"type-product","3":"status-publish","4":"has-post-thumbnail","6":"product_cat-adormilling","7":"product_cat-fraeser","8":"product_cat-myevolution","9":"product_tag-cocr","10":"product_tag-fraeser","11":"product_tag-ibb","12":"product_tag-starter-kit","13":"product_tag-titan","15":"first","16":"instock","17":"taxable","18":"shipping-taxable","19":"purchasable","20":"product-type-simple"},"yoast_head":"<!-- This site is optimized with the Yoast SEO plugin v27.4 - https:\/\/yoast.com\/product\/yoast-seo-wordpress\/ -->\n<title>Starter-Kit Fr\u00e4ser DGSHAPE-DS-CAM - Ador Dental GmbH<\/title>\n<meta name=\"description\" content=\"VHM-Hochvorschubfr\u00e4ser optimiert f\u00fcr die CoCr, Titan-Bearbeitung, 4-schneidig, h\u00f6chste Pr\u00e4zision durch enge Toleranzen und h\u00f6chste Oberfl\u00e4cheng\u00fcten, mit Freischliff l3=15,5mm, und TI-BESCHICHTUNG, empfohlen f\u00fcr imes-icore 350i-750i Maschinen mit Schaft d2=6mm\" \/>\n<meta name=\"robots\" content=\"index, follow, max-snippet:-1, max-image-preview:large, max-video-preview:-1\" \/>\n<link rel=\"canonical\" href=\"https:\/\/www.ador-dental.de\/es\/producto\/starter-kit-fraeser-dgshape-ds-cam\/\" \/>\n<meta property=\"og:locale\" content=\"es_ES\" \/>\n<meta property=\"og:type\" content=\"article\" \/>\n<meta property=\"og:title\" content=\"Starter-Kit Fr\u00e4ser DGSHAPE-DS-CAM - Ador Dental GmbH\" \/>\n<meta property=\"og:description\" content=\"VHM-Hochvorschubfr\u00e4ser optimiert f\u00fcr die CoCr, Titan-Bearbeitung, 4-schneidig, h\u00f6chste Pr\u00e4zision durch enge Toleranzen und h\u00f6chste Oberfl\u00e4cheng\u00fcten, mit Freischliff l3=15,5mm, und TI-BESCHICHTUNG, empfohlen f\u00fcr imes-icore 350i-750i Maschinen mit Schaft d2=6mm\" \/>\n<meta property=\"og:url\" content=\"https:\/\/www.ador-dental.de\/es\/producto\/starter-kit-fraeser-dgshape-ds-cam\/\" \/>\n<meta property=\"og:site_name\" content=\"Ador Dental GmbH\" \/>\n<meta property=\"article:modified_time\" content=\"2025-01-09T10:52:42+00:00\" \/>\n<meta property=\"og:image\" content=\"https:\/\/www.ador-dental.de\/wp-content\/uploads\/2024\/04\/825.150.A.HD_.jpg\" \/>\n\t<meta property=\"og:image:width\" content=\"1280\" \/>\n\t<meta property=\"og:image:height\" content=\"718\" \/>\n\t<meta property=\"og:image:type\" content=\"image\/jpeg\" \/>\n<meta name=\"twitter:card\" content=\"summary_large_image\" \/>\n<meta name=\"twitter:label1\" content=\"Tiempo de lectura\" \/>\n\t<meta name=\"twitter:data1\" content=\"1 minuto\" \/>\n<script type=\"application\/ld+json\" class=\"yoast-schema-graph\">{\"@context\":\"https:\\\/\\\/schema.org\",\"@graph\":[{\"@type\":\"WebPage\",\"@id\":\"https:\\\/\\\/www.ador-dental.de\\\/produkt\\\/starter-kit-fraeser-dgshape-ds-cam\\\/\",\"url\":\"https:\\\/\\\/www.ador-dental.de\\\/produkt\\\/starter-kit-fraeser-dgshape-ds-cam\\\/\",\"name\":\"Starter-Kit Fr\u00e4ser DGSHAPE-DS-CAM - Ador Dental GmbH\",\"isPartOf\":{\"@id\":\"https:\\\/\\\/www.ador-dental.de\\\/en\\\/#website\"},\"primaryImageOfPage\":{\"@id\":\"https:\\\/\\\/www.ador-dental.de\\\/produkt\\\/starter-kit-fraeser-dgshape-ds-cam\\\/#primaryimage\"},\"image\":{\"@id\":\"https:\\\/\\\/www.ador-dental.de\\\/produkt\\\/starter-kit-fraeser-dgshape-ds-cam\\\/#primaryimage\"},\"thumbnailUrl\":\"https:\\\/\\\/www.ador-dental.de\\\/wp-content\\\/uploads\\\/2024\\\/04\\\/825.150.A.HD_.jpg\",\"datePublished\":\"2025-01-09T10:50:47+00:00\",\"dateModified\":\"2025-01-09T10:52:42+00:00\",\"description\":\"VHM-Hochvorschubfr\u00e4ser optimiert f\u00fcr die CoCr, Titan-Bearbeitung, 4-schneidig, h\u00f6chste Pr\u00e4zision durch enge Toleranzen und h\u00f6chste Oberfl\u00e4cheng\u00fcten, mit Freischliff l3=15,5mm, und TI-BESCHICHTUNG, empfohlen f\u00fcr imes-icore 350i-750i Maschinen mit Schaft d2=6mm\",\"breadcrumb\":{\"@id\":\"https:\\\/\\\/www.ador-dental.de\\\/produkt\\\/starter-kit-fraeser-dgshape-ds-cam\\\/#breadcrumb\"},\"inLanguage\":\"es\",\"potentialAction\":[{\"@type\":\"ReadAction\",\"target\":[\"https:\\\/\\\/www.ador-dental.de\\\/produkt\\\/starter-kit-fraeser-dgshape-ds-cam\\\/\"]}]},{\"@type\":\"ImageObject\",\"inLanguage\":\"es\",\"@id\":\"https:\\\/\\\/www.ador-dental.de\\\/produkt\\\/starter-kit-fraeser-dgshape-ds-cam\\\/#primaryimage\",\"url\":\"https:\\\/\\\/www.ador-dental.de\\\/wp-content\\\/uploads\\\/2024\\\/04\\\/825.150.A.HD_.jpg\",\"contentUrl\":\"https:\\\/\\\/www.ador-dental.de\\\/wp-content\\\/uploads\\\/2024\\\/04\\\/825.150.A.HD_.jpg\",\"width\":1280,\"height\":718},{\"@type\":\"BreadcrumbList\",\"@id\":\"https:\\\/\\\/www.ador-dental.de\\\/produkt\\\/starter-kit-fraeser-dgshape-ds-cam\\\/#breadcrumb\",\"itemListElement\":[{\"@type\":\"ListItem\",\"position\":1,\"name\":\"Startseite\",\"item\":\"https:\\\/\\\/www.ador-dental.de\\\/\"},{\"@type\":\"ListItem\",\"position\":2,\"name\":\"Shop\",\"item\":\"https:\\\/\\\/www.ador-dental.de\\\/en\\\/shop\\\/\"},{\"@type\":\"ListItem\",\"position\":3,\"name\":\"Starter-Kit Fr\u00e4ser DGSHAPE-DS-CAM\"}]},{\"@type\":\"WebSite\",\"@id\":\"https:\\\/\\\/www.ador-dental.de\\\/en\\\/#website\",\"url\":\"https:\\\/\\\/www.ador-dental.de\\\/en\\\/\",\"name\":\"Ador Dental GmbH\",\"description\":\"\",\"publisher\":{\"@id\":\"https:\\\/\\\/www.ador-dental.de\\\/en\\\/#organization\"},\"potentialAction\":[{\"@type\":\"SearchAction\",\"target\":{\"@type\":\"EntryPoint\",\"urlTemplate\":\"https:\\\/\\\/www.ador-dental.de\\\/en\\\/?s={search_term_string}\"},\"query-input\":{\"@type\":\"PropertyValueSpecification\",\"valueRequired\":true,\"valueName\":\"search_term_string\"}}],\"inLanguage\":\"es\"},{\"@type\":\"Organization\",\"@id\":\"https:\\\/\\\/www.ador-dental.de\\\/en\\\/#organization\",\"name\":\"Ador Dental GmbH\",\"url\":\"https:\\\/\\\/www.ador-dental.de\\\/en\\\/\",\"logo\":{\"@type\":\"ImageObject\",\"inLanguage\":\"es\",\"@id\":\"https:\\\/\\\/www.ador-dental.de\\\/en\\\/#\\\/schema\\\/logo\\\/image\\\/\",\"url\":\"https:\\\/\\\/www.ador-dental.de\\\/wp-content\\\/uploads\\\/2021\\\/10\\\/ADOR_Logo_DentalSolutions_2020_Black.svg\",\"contentUrl\":\"https:\\\/\\\/www.ador-dental.de\\\/wp-content\\\/uploads\\\/2021\\\/10\\\/ADOR_Logo_DentalSolutions_2020_Black.svg\",\"width\":678,\"height\":261,\"caption\":\"Ador Dental GmbH\"},\"image\":{\"@id\":\"https:\\\/\\\/www.ador-dental.de\\\/en\\\/#\\\/schema\\\/logo\\\/image\\\/\"}}]}<\/script>\n<!-- \/ Yoast SEO plugin. -->","yoast_head_json":{"title":"Starter-Kit Fr\u00e4ser DGSHAPE-DS-CAM - Ador Dental GmbH","description":"VHM-Hochvorschubfr\u00e4ser optimiert f\u00fcr die CoCr, Titan-Bearbeitung, 4-schneidig, h\u00f6chste Pr\u00e4zision durch enge Toleranzen und h\u00f6chste Oberfl\u00e4cheng\u00fcten, mit Freischliff l3=15,5mm, und TI-BESCHICHTUNG, empfohlen f\u00fcr imes-icore 350i-750i Maschinen mit Schaft d2=6mm","robots":{"index":"index","follow":"follow","max-snippet":"max-snippet:-1","max-image-preview":"max-image-preview:large","max-video-preview":"max-video-preview:-1"},"canonical":"https:\/\/www.ador-dental.de\/es\/producto\/starter-kit-fraeser-dgshape-ds-cam\/","og_locale":"es_ES","og_type":"article","og_title":"Starter-Kit Fr\u00e4ser DGSHAPE-DS-CAM - Ador Dental GmbH","og_description":"VHM-Hochvorschubfr\u00e4ser optimiert f\u00fcr die CoCr, Titan-Bearbeitung, 4-schneidig, h\u00f6chste Pr\u00e4zision durch enge Toleranzen und h\u00f6chste Oberfl\u00e4cheng\u00fcten, mit Freischliff l3=15,5mm, und TI-BESCHICHTUNG, empfohlen f\u00fcr imes-icore 350i-750i Maschinen mit Schaft d2=6mm","og_url":"https:\/\/www.ador-dental.de\/es\/producto\/starter-kit-fraeser-dgshape-ds-cam\/","og_site_name":"Ador Dental GmbH","article_modified_time":"2025-01-09T10:52:42+00:00","og_image":[{"width":1280,"height":718,"url":"https:\/\/www.ador-dental.de\/wp-content\/uploads\/2024\/04\/825.150.A.HD_.jpg","type":"image\/jpeg"}],"twitter_card":"summary_large_image","twitter_misc":{"Tiempo de lectura":"1 minuto"},"schema":{"@context":"https:\/\/schema.org","@graph":[{"@type":"WebPage","@id":"https:\/\/www.ador-dental.de\/produkt\/starter-kit-fraeser-dgshape-ds-cam\/","url":"https:\/\/www.ador-dental.de\/produkt\/starter-kit-fraeser-dgshape-ds-cam\/","name":"Starter-Kit Fr\u00e4ser DGSHAPE-DS-CAM - Ador Dental GmbH","isPartOf":{"@id":"https:\/\/www.ador-dental.de\/en\/#website"},"primaryImageOfPage":{"@id":"https:\/\/www.ador-dental.de\/produkt\/starter-kit-fraeser-dgshape-ds-cam\/#primaryimage"},"image":{"@id":"https:\/\/www.ador-dental.de\/produkt\/starter-kit-fraeser-dgshape-ds-cam\/#primaryimage"},"thumbnailUrl":"https:\/\/www.ador-dental.de\/wp-content\/uploads\/2024\/04\/825.150.A.HD_.jpg","datePublished":"2025-01-09T10:50:47+00:00","dateModified":"2025-01-09T10:52:42+00:00","description":"VHM-Hochvorschubfr\u00e4ser optimiert f\u00fcr die CoCr, Titan-Bearbeitung, 4-schneidig, h\u00f6chste Pr\u00e4zision durch enge Toleranzen und h\u00f6chste Oberfl\u00e4cheng\u00fcten, mit Freischliff l3=15,5mm, und TI-BESCHICHTUNG, empfohlen f\u00fcr imes-icore 350i-750i Maschinen mit Schaft d2=6mm","breadcrumb":{"@id":"https:\/\/www.ador-dental.de\/produkt\/starter-kit-fraeser-dgshape-ds-cam\/#breadcrumb"},"inLanguage":"es","potentialAction":[{"@type":"ReadAction","target":["https:\/\/www.ador-dental.de\/produkt\/starter-kit-fraeser-dgshape-ds-cam\/"]}]},{"@type":"ImageObject","inLanguage":"es","@id":"https:\/\/www.ador-dental.de\/produkt\/starter-kit-fraeser-dgshape-ds-cam\/#primaryimage","url":"https:\/\/www.ador-dental.de\/wp-content\/uploads\/2024\/04\/825.150.A.HD_.jpg","contentUrl":"https:\/\/www.ador-dental.de\/wp-content\/uploads\/2024\/04\/825.150.A.HD_.jpg","width":1280,"height":718},{"@type":"BreadcrumbList","@id":"https:\/\/www.ador-dental.de\/produkt\/starter-kit-fraeser-dgshape-ds-cam\/#breadcrumb","itemListElement":[{"@type":"ListItem","position":1,"name":"Startseite","item":"https:\/\/www.ador-dental.de\/"},{"@type":"ListItem","position":2,"name":"Shop","item":"https:\/\/www.ador-dental.de\/en\/shop\/"},{"@type":"ListItem","position":3,"name":"Starter-Kit Fr\u00e4ser DGSHAPE-DS-CAM"}]},{"@type":"WebSite","@id":"https:\/\/www.ador-dental.de\/en\/#website","url":"https:\/\/www.ador-dental.de\/en\/","name":"Ador Dental GmbH","description":"","publisher":{"@id":"https:\/\/www.ador-dental.de\/en\/#organization"},"potentialAction":[{"@type":"SearchAction","target":{"@type":"EntryPoint","urlTemplate":"https:\/\/www.ador-dental.de\/en\/?s={search_term_string}"},"query-input":{"@type":"PropertyValueSpecification","valueRequired":true,"valueName":"search_term_string"}}],"inLanguage":"es"},{"@type":"Organization","@id":"https:\/\/www.ador-dental.de\/en\/#organization","name":"Ador Dental GmbH","url":"https:\/\/www.ador-dental.de\/en\/","logo":{"@type":"ImageObject","inLanguage":"es","@id":"https:\/\/www.ador-dental.de\/en\/#\/schema\/logo\/image\/","url":"https:\/\/www.ador-dental.de\/wp-content\/uploads\/2021\/10\/ADOR_Logo_DentalSolutions_2020_Black.svg","contentUrl":"https:\/\/www.ador-dental.de\/wp-content\/uploads\/2021\/10\/ADOR_Logo_DentalSolutions_2020_Black.svg","width":678,"height":261,"caption":"Ador Dental GmbH"},"image":{"@id":"https:\/\/www.ador-dental.de\/en\/#\/schema\/logo\/image\/"}}]}},"_links":{"self":[{"href":"https:\/\/www.ador-dental.de\/es\/wp-json\/wp\/v2\/product\/29153","targetHints":{"allow":["GET"]}}],"collection":[{"href":"https:\/\/www.ador-dental.de\/es\/wp-json\/wp\/v2\/product"}],"about":[{"href":"https:\/\/www.ador-dental.de\/es\/wp-json\/wp\/v2\/types\/product"}],"replies":[{"embeddable":true,"href":"https:\/\/www.ador-dental.de\/es\/wp-json\/wp\/v2\/comments?post=29153"}],"version-history":[{"count":2,"href":"https:\/\/www.ador-dental.de\/es\/wp-json\/wp\/v2\/product\/29153\/revisions"}],"predecessor-version":[{"id":29155,"href":"https:\/\/www.ador-dental.de\/es\/wp-json\/wp\/v2\/product\/29153\/revisions\/29155"}],"wp:featuredmedia":[{"embeddable":true,"href":"https:\/\/www.ador-dental.de\/es\/wp-json\/wp\/v2\/media\/28854"}],"wp:attachment":[{"href":"https:\/\/www.ador-dental.de\/es\/wp-json\/wp\/v2\/media?parent=29153"}],"wp:term":[{"taxonomy":"product_brand","embeddable":true,"href":"https:\/\/www.ador-dental.de\/es\/wp-json\/wp\/v2\/product_brand?post=29153"},{"taxonomy":"product_cat","embeddable":true,"href":"https:\/\/www.ador-dental.de\/es\/wp-json\/wp\/v2\/product_cat?post=29153"},{"taxonomy":"product_tag","embeddable":true,"href":"https:\/\/www.ador-dental.de\/es\/wp-json\/wp\/v2\/product_tag?post=29153"}],"curies":[{"name":"wp","href":"https:\/\/api.w.org\/{rel}","templated":true}]}}