{"id":2912,"date":"2020-03-25T11:12:18","date_gmt":"2020-03-25T10:12:18","guid":{"rendered":"https:\/\/new.ador-edelmetalle.de\/?post_type=product&#038;p=2912"},"modified":"2026-02-16T11:48:43","modified_gmt":"2026-02-16T10:48:43","slug":"adoron-fh","status":"publish","type":"product","link":"https:\/\/www.ador-dental.de\/es\/producto\/adoron-fh\/","title":{"rendered":"ADORON FH"},"content":{"rendered":"<blockquote><p><a href=\"https:\/\/www.ador-dental.de\/wp-content\/uploads\/2024\/07\/Adoron-FH1040-FH-DE-EN.pdf\"><strong>&gt; Descargar las instrucciones de uso DE\/EN <\/strong><\/a><\/p>\n<p><a href=\"https:\/\/www.ador-dental.de\/wp-content\/uploads\/2024\/07\/Adoron-FH1040-FH-FR.pdf\"><strong>&gt; Instrucciones de uso FR\/EN<\/strong><\/a><\/p><\/blockquote>\n<p><strong>Aleaci\u00f3n de fundici\u00f3n de modelo duro como un resorte<\/strong><\/p>\n<table width=\"100%\">\n<tbody>\n<tr>\n<td colspan=\"6\" width=\"72%\"><\/td>\n<td colspan=\"2\" width=\"188\"><\/td>\n<\/tr>\n<tr>\n<td colspan=\"8\" width=\"100%\"><strong>ADORON<sup>\u00ae<\/sup> FH<\/strong> es una aleaci\u00f3n dental extra dura para la fundici\u00f3n de modelos a base de cobalto. <strong>ADORON<sup>\u00ae<\/sup> FH<\/strong> no contiene n\u00edquel, cadmio, berilio ni plomo y cumple con la norma EN ISO 22674 tipo 5 para aplicaciones en las que las partes de la fijaci\u00f3n requieren una combinaci\u00f3n de alta rigidez y resistencia a la fluencia, por ejemplo, pr\u00f3tesis parciales extra\u00edbles delgadas, piezas con secciones transversales delgadas y cierres.<\/td>\n<\/tr>\n<tr>\n<td colspan=\"8\" width=\"100%\"><strong>\u00a0<\/strong><\/td>\n<\/tr>\n<tr>\n<td colspan=\"5\" width=\"45%\"><strong>Composici\u00f3n w<sub>i<\/sub><\/strong><\/td>\n<td colspan=\"3\" width=\"54%\"><strong>Datos t\u00e9cnicos (valores est\u00e1ndar, estado de la fundici\u00f3n)<\/strong><\/td>\n<\/tr>\n<tr>\n<td width=\"9%\">Co<\/td>\n<td width=\"8%\">%<\/td>\n<td colspan=\"2\" width=\"17%\">62,5<\/td>\n<td width=\"9%\"><strong>\u00a0<\/strong><\/td>\n<td colspan=\"2\" width=\"35%\">Densidad \u03f1<\/td>\n<td width=\"131\">8,2<\/td>\n<\/tr>\n<tr>\n<td width=\"9%\">Cr<\/td>\n<td width=\"8%\">%<\/td>\n<td colspan=\"2\" width=\"17%\">30,0<\/td>\n<td width=\"9%\"><strong>\u00a0<\/strong><\/td>\n<td colspan=\"2\" width=\"35%\">Dureza Vickers<\/td>\n<td width=\"131\">375<\/td>\n<\/tr>\n<tr>\n<td width=\"9%\">Mo<\/td>\n<td width=\"8%\">%<\/td>\n<td colspan=\"2\" width=\"17%\">5,1<\/td>\n<td width=\"9%\"><strong>\u00a0<\/strong><\/td>\n<td colspan=\"2\" width=\"35%\">Intervalo de fusi\u00f3n T<sub>S<\/sub> - T<sub>L<\/sub><\/td>\n<td width=\"131\">1.260-1.320<\/td>\n<\/tr>\n<tr>\n<td width=\"9%\">Si<\/td>\n<td width=\"8%\">%<\/td>\n<td colspan=\"2\" width=\"17%\">1,0<\/td>\n<td width=\"9%\"><\/td>\n<td colspan=\"2\" width=\"35%\">Temperatura de vertido T<sub>Fundici\u00f3n<\/sub><\/td>\n<td width=\"131\">1.440<\/td>\n<\/tr>\n<tr>\n<td width=\"9%\">Mn<\/td>\n<td colspan=\"2\" width=\"8%\">%<\/td>\n<td width=\"17%\">1,0<\/td>\n<td width=\"9%\"><strong>\u00a0<\/strong><\/td>\n<td colspan=\"2\" width=\"35%\">0,2-% Resistencia a la fluencia R<sub>p 0,2<\/sub><\/td>\n<td width=\"131\">620<\/td>\n<\/tr>\n<tr>\n<td width=\"9%\">C, N, Nb, Fe<\/td>\n<td colspan=\"2\" width=\"8%\">%<\/td>\n<td width=\"17%\">&lt; 1<\/td>\n<td width=\"9%\"><strong>\u00a0<\/strong><\/td>\n<td colspan=\"2\" width=\"35%\">M\u00f3dulo de elasticidad E GPa<\/td>\n<td width=\"131\">220<\/td>\n<\/tr>\n<tr>\n<td width=\"9%\"><\/td>\n<td width=\"8%\"><\/td>\n<td colspan=\"2\" width=\"17%\"><\/td>\n<td width=\"9%\"><strong>\u00a0<\/strong><\/td>\n<td colspan=\"2\" width=\"35%\">Alargamiento a la rotura A<sub>5 %<\/sub><\/td>\n<td width=\"131\">4,5<\/td>\n<\/tr>\n<tr>\n<td colspan=\"8\" width=\"100%\"><strong>Recomendaci\u00f3n de procesamiento<\/strong><\/td>\n<\/tr>\n<tr>\n<td colspan=\"8\" width=\"100%\"><strong>Modelado<\/strong><\/td>\n<\/tr>\n<tr>\n<td colspan=\"8\" width=\"100%\">Guiar los perfiles de cera redondos con \u00d8 3,5-4mm en la direcci\u00f3n del flujo de la masa fundida, evitar desviaciones bruscas.<\/td>\n<\/tr>\n<tr>\n<td colspan=\"8\" width=\"100%\"><strong>\u00a0<\/strong><\/td>\n<\/tr>\n<tr>\n<td colspan=\"8\" width=\"100%\"><strong>Incrustaci\u00f3n y fundici\u00f3n<\/strong><\/td>\n<\/tr>\n<tr>\n<td colspan=\"8\" width=\"100%\">Son adecuados los revestimientos de fundici\u00f3n de modelos aglutinados con fosfato. Temperatura de precalentamiento 950-1000 \u00b0C. Dependiendo del equipo de modelado y fundici\u00f3n y con el total de placas, alcanzar la temperatura final 1050 \u00b0C. Tiempo de mantenimiento a la temperatura final 45-60 minutos dependiendo del tama\u00f1o del cilindro de revestimiento y del grado de relleno. Siga las instrucciones de funcionamiento de la m\u00e1quina de fundici\u00f3n. Para <strong>ADORON<sup>\u00ae<\/sup> FH<\/strong> utilice siempre un crisol de cer\u00e1mica distinto para evitar la contaminaci\u00f3n por otras aleaciones. Limpie el crisol despu\u00e9s de cada colada. No sobrecalentar la aleaci\u00f3n. Activar el proceso de fundici\u00f3n cuando todos los cubos hayan fluido juntos y la masa fundida sea uniformemente brillante. Fusi\u00f3n con la llama siempre en la zona de reducci\u00f3n con movimientos circulares del quemador. Disparar la colada cuando la masa fundida se mueve debido a la presi\u00f3n de la llama. Deje que el cilindro de revestimiento se enfr\u00ede al calor de la mano y desvirt\u00faelo. Devest sin golpear el cono.<\/td>\n<\/tr>\n<tr>\n<td colspan=\"8\" width=\"100%\"><strong>\u00a0<\/strong><\/td>\n<\/tr>\n<tr>\n<td colspan=\"8\" width=\"100%\"><strong>Mecanizado del objeto de fundici\u00f3n<\/strong><\/td>\n<\/tr>\n<tr>\n<td colspan=\"8\" width=\"100%\">Despu\u00e9s de acostarse:<\/p>\n<p>1. Arreglar la superficie de la estructura en la m\u00e1quina de chorrear con \u00f3xido de aluminio de 100 \u00b5m o 250 \u00b5m.<\/p>\n<p>2. Cortar los canales y trabajarlos.<\/p>\n<p>Realice el pulido electrol\u00edtico con electrolitos disponibles en el mercado en unidades de pulido dental. Proteja los cierres y las piezas de ajuste contra el desprendimiento incontrolado con barniz de cobertura durante el pulido.<\/td>\n<\/tr>\n<tr>\n<td colspan=\"8\" width=\"100%\"><\/td>\n<\/tr>\n<tr>\n<td colspan=\"8\" width=\"100%\"><strong>Trabajo final<\/strong><\/p>\n<p>Despu\u00e9s de terminar y vigilar, alise la estructura con un pulidor de goma.<\/td>\n<\/tr>\n<tr>\n<td colspan=\"8\" width=\"100%\"><\/td>\n<\/tr>\n<tr>\n<td colspan=\"8\" width=\"100%\"><strong>Soldadura<\/strong><\/p>\n<p>Soldar antes de la cocci\u00f3n con <strong>ADORBOND<sup>\u00ae<\/sup> Lote CC<\/strong> y el flujo de alta temperatura asociado. La anchura de la separaci\u00f3n de la soldadura debe ser de 0,05-0,2 mm. Soldadura por l\u00e1ser con <strong>ADORBOND<sup>\u00ae<\/sup> Hilo l\u00e1ser CC<\/strong>.<\/td>\n<\/tr>\n<tr>\n<td colspan=\"8\" width=\"100%\"><\/td>\n<\/tr>\n<tr>\n<td colspan=\"8\" width=\"100%\"><strong>Instrucciones de seguridad<\/strong><\/p>\n<p>El polvo met\u00e1lico es perjudicial para la salud. Utilizar la succi\u00f3n para el acabado y el chorreado. Hay que tener en cuenta las hipersensibilidades a los componentes de la aleaci\u00f3n. Si se sospecha de intolerancias a elementos individuales de esta aleaci\u00f3n, no debe utilizarse.<\/td>\n<\/tr>\n<tr>\n<td colspan=\"8\" width=\"100%\"><strong>\u00a0<\/strong><\/td>\n<\/tr>\n<tr>\n<td colspan=\"8\" width=\"100%\"><strong>Garant\u00eda<\/strong><\/p>\n<p>Estas recomendaciones de aplicaci\u00f3n se basan en nuestras propias pruebas y experiencias y, por lo tanto, s\u00f3lo pueden considerarse como directrices. El dentista o el prot\u00e9sico dental son responsables del correcto procesamiento de la aleaci\u00f3n.<\/td>\n<\/tr>\n<\/tbody>\n<\/table>","protected":false},"excerpt":{"rendered":"<p><strong>1000g<\/strong><\/p>\n<p>Aleaci\u00f3n de fundici\u00f3n de modelo duro como un resorte<\/p>","protected":false},"featured_media":29951,"comment_status":"open","ping_status":"closed","template":"","meta":{"neve_meta_sidebar":"","neve_meta_container":"","neve_meta_enable_content_width":"off","neve_meta_content_width":70,"neve_meta_title_alignment":"","neve_meta_author_avatar":"","neve_post_elements_order":"","neve_meta_disable_header":"","neve_meta_disable_footer":"","neve_meta_disable_title":"","_themeisle_gutenberg_block_has_review":false},"product_brand":[],"product_cat":[33,35,52],"product_tag":[434],"class_list":{"0":"post-2912","1":"product","2":"type-product","3":"status-publish","4":"has-post-thumbnail","6":"product_cat-legierungen","7":"product_cat-nem-legierungen","8":"product_cat-modellgusslegierungen","9":"product_tag-dentalheld","11":"first","12":"instock","13":"taxable","14":"shipping-taxable","15":"purchasable","16":"product-type-simple"},"yoast_head":"<!-- This site is optimized with the Yoast SEO plugin v27.2 - https:\/\/yoast.com\/product\/yoast-seo-wordpress\/ -->\n<title>ADORON FH - Ador Dental GmbH<\/title>\n<meta name=\"description\" content=\"Unser Adoron FH ist eine Dentale extra harte Modellgusslegierung auf Kobalt-Basis, entspricht gem\u00e4\u00df EN ISO 22674 dem Typ 5.\" \/>\n<meta name=\"robots\" content=\"index, follow, max-snippet:-1, max-image-preview:large, max-video-preview:-1\" \/>\n<link rel=\"canonical\" href=\"https:\/\/www.ador-dental.de\/es\/producto\/adoron-fh\/\" \/>\n<meta property=\"og:locale\" content=\"es_ES\" \/>\n<meta property=\"og:type\" content=\"article\" \/>\n<meta property=\"og:title\" content=\"ADORON FH - Ador Dental GmbH\" \/>\n<meta property=\"og:description\" content=\"Unser Adoron FH ist eine Dentale extra harte Modellgusslegierung auf Kobalt-Basis, entspricht gem\u00e4\u00df EN ISO 22674 dem Typ 5.\" \/>\n<meta property=\"og:url\" content=\"https:\/\/www.ador-dental.de\/es\/producto\/adoron-fh\/\" \/>\n<meta property=\"og:site_name\" content=\"Ador Dental GmbH\" \/>\n<meta property=\"article:modified_time\" content=\"2026-02-16T10:48:43+00:00\" \/>\n<meta property=\"og:image\" content=\"https:\/\/www.ador-dental.de\/wp-content\/uploads\/2025\/07\/Adoron-FH-PB-N-1.png\" \/>\n\t<meta property=\"og:image:width\" content=\"1024\" \/>\n\t<meta property=\"og:image:height\" content=\"1024\" \/>\n\t<meta property=\"og:image:type\" content=\"image\/png\" \/>\n<meta name=\"twitter:card\" content=\"summary_large_image\" \/>\n<meta name=\"twitter:label1\" content=\"Tiempo de lectura\" \/>\n\t<meta name=\"twitter:data1\" content=\"3 minutos\" \/>\n<script type=\"application\/ld+json\" class=\"yoast-schema-graph\">{\"@context\":\"https:\/\/schema.org\",\"@graph\":[{\"@type\":\"WebPage\",\"@id\":\"https:\/\/www.ador-dental.de\/produkt\/adoron-fh\/\",\"url\":\"https:\/\/www.ador-dental.de\/produkt\/adoron-fh\/\",\"name\":\"ADORON FH - Ador Dental GmbH\",\"isPartOf\":{\"@id\":\"https:\/\/www.ador-dental.de\/en\/#website\"},\"primaryImageOfPage\":{\"@id\":\"https:\/\/www.ador-dental.de\/produkt\/adoron-fh\/#primaryimage\"},\"image\":{\"@id\":\"https:\/\/www.ador-dental.de\/produkt\/adoron-fh\/#primaryimage\"},\"thumbnailUrl\":\"https:\/\/www.ador-dental.de\/wp-content\/uploads\/2025\/07\/Adoron-FH-PB-N-1.png\",\"datePublished\":\"2020-03-25T10:12:18+00:00\",\"dateModified\":\"2026-02-16T10:48:43+00:00\",\"description\":\"Unser Adoron FH ist eine Dentale extra harte Modellgusslegierung auf Kobalt-Basis, entspricht gem\u00e4\u00df EN ISO 22674 dem Typ 5.\",\"breadcrumb\":{\"@id\":\"https:\/\/www.ador-dental.de\/produkt\/adoron-fh\/#breadcrumb\"},\"inLanguage\":\"es\",\"potentialAction\":[{\"@type\":\"ReadAction\",\"target\":[\"https:\/\/www.ador-dental.de\/produkt\/adoron-fh\/\"]}]},{\"@type\":\"ImageObject\",\"inLanguage\":\"es\",\"@id\":\"https:\/\/www.ador-dental.de\/produkt\/adoron-fh\/#primaryimage\",\"url\":\"https:\/\/www.ador-dental.de\/wp-content\/uploads\/2025\/07\/Adoron-FH-PB-N-1.png\",\"contentUrl\":\"https:\/\/www.ador-dental.de\/wp-content\/uploads\/2025\/07\/Adoron-FH-PB-N-1.png\",\"width\":1024,\"height\":1024},{\"@type\":\"BreadcrumbList\",\"@id\":\"https:\/\/www.ador-dental.de\/produkt\/adoron-fh\/#breadcrumb\",\"itemListElement\":[{\"@type\":\"ListItem\",\"position\":1,\"name\":\"Startseite\",\"item\":\"https:\/\/www.ador-dental.de\/\"},{\"@type\":\"ListItem\",\"position\":2,\"name\":\"Shop\",\"item\":\"https:\/\/www.ador-dental.de\/en\/shop\/\"},{\"@type\":\"ListItem\",\"position\":3,\"name\":\"ADORON FH\"}]},{\"@type\":\"WebSite\",\"@id\":\"https:\/\/www.ador-dental.de\/en\/#website\",\"url\":\"https:\/\/www.ador-dental.de\/en\/\",\"name\":\"Ador Dental GmbH\",\"description\":\"\",\"publisher\":{\"@id\":\"https:\/\/www.ador-dental.de\/en\/#organization\"},\"potentialAction\":[{\"@type\":\"SearchAction\",\"target\":{\"@type\":\"EntryPoint\",\"urlTemplate\":\"https:\/\/www.ador-dental.de\/en\/?s={search_term_string}\"},\"query-input\":{\"@type\":\"PropertyValueSpecification\",\"valueRequired\":true,\"valueName\":\"search_term_string\"}}],\"inLanguage\":\"es\"},{\"@type\":\"Organization\",\"@id\":\"https:\/\/www.ador-dental.de\/en\/#organization\",\"name\":\"Ador Dental GmbH\",\"url\":\"https:\/\/www.ador-dental.de\/en\/\",\"logo\":{\"@type\":\"ImageObject\",\"inLanguage\":\"es\",\"@id\":\"https:\/\/www.ador-dental.de\/en\/#\/schema\/logo\/image\/\",\"url\":\"https:\/\/www.ador-dental.de\/wp-content\/uploads\/2021\/10\/ADOR_Logo_DentalSolutions_2020_Black.svg\",\"contentUrl\":\"https:\/\/www.ador-dental.de\/wp-content\/uploads\/2021\/10\/ADOR_Logo_DentalSolutions_2020_Black.svg\",\"width\":678,\"height\":261,\"caption\":\"Ador Dental GmbH\"},\"image\":{\"@id\":\"https:\/\/www.ador-dental.de\/en\/#\/schema\/logo\/image\/\"}}]}<\/script>\n<!-- \/ Yoast SEO plugin. -->","yoast_head_json":{"title":"ADORON FH - Ador Dental GmbH","description":"Unser Adoron FH ist eine Dentale extra harte Modellgusslegierung auf Kobalt-Basis, entspricht gem\u00e4\u00df EN ISO 22674 dem Typ 5.","robots":{"index":"index","follow":"follow","max-snippet":"max-snippet:-1","max-image-preview":"max-image-preview:large","max-video-preview":"max-video-preview:-1"},"canonical":"https:\/\/www.ador-dental.de\/es\/producto\/adoron-fh\/","og_locale":"es_ES","og_type":"article","og_title":"ADORON FH - Ador Dental GmbH","og_description":"Unser Adoron FH ist eine Dentale extra harte Modellgusslegierung auf Kobalt-Basis, entspricht gem\u00e4\u00df EN ISO 22674 dem Typ 5.","og_url":"https:\/\/www.ador-dental.de\/es\/producto\/adoron-fh\/","og_site_name":"Ador Dental GmbH","article_modified_time":"2026-02-16T10:48:43+00:00","og_image":[{"width":1024,"height":1024,"url":"https:\/\/www.ador-dental.de\/wp-content\/uploads\/2025\/07\/Adoron-FH-PB-N-1.png","type":"image\/png"}],"twitter_card":"summary_large_image","twitter_misc":{"Tiempo de lectura":"3 minutos"},"schema":{"@context":"https:\/\/schema.org","@graph":[{"@type":"WebPage","@id":"https:\/\/www.ador-dental.de\/produkt\/adoron-fh\/","url":"https:\/\/www.ador-dental.de\/produkt\/adoron-fh\/","name":"ADORON FH - Ador Dental GmbH","isPartOf":{"@id":"https:\/\/www.ador-dental.de\/en\/#website"},"primaryImageOfPage":{"@id":"https:\/\/www.ador-dental.de\/produkt\/adoron-fh\/#primaryimage"},"image":{"@id":"https:\/\/www.ador-dental.de\/produkt\/adoron-fh\/#primaryimage"},"thumbnailUrl":"https:\/\/www.ador-dental.de\/wp-content\/uploads\/2025\/07\/Adoron-FH-PB-N-1.png","datePublished":"2020-03-25T10:12:18+00:00","dateModified":"2026-02-16T10:48:43+00:00","description":"Unser Adoron FH ist eine Dentale extra harte Modellgusslegierung auf Kobalt-Basis, entspricht gem\u00e4\u00df EN ISO 22674 dem Typ 5.","breadcrumb":{"@id":"https:\/\/www.ador-dental.de\/produkt\/adoron-fh\/#breadcrumb"},"inLanguage":"es","potentialAction":[{"@type":"ReadAction","target":["https:\/\/www.ador-dental.de\/produkt\/adoron-fh\/"]}]},{"@type":"ImageObject","inLanguage":"es","@id":"https:\/\/www.ador-dental.de\/produkt\/adoron-fh\/#primaryimage","url":"https:\/\/www.ador-dental.de\/wp-content\/uploads\/2025\/07\/Adoron-FH-PB-N-1.png","contentUrl":"https:\/\/www.ador-dental.de\/wp-content\/uploads\/2025\/07\/Adoron-FH-PB-N-1.png","width":1024,"height":1024},{"@type":"BreadcrumbList","@id":"https:\/\/www.ador-dental.de\/produkt\/adoron-fh\/#breadcrumb","itemListElement":[{"@type":"ListItem","position":1,"name":"Startseite","item":"https:\/\/www.ador-dental.de\/"},{"@type":"ListItem","position":2,"name":"Shop","item":"https:\/\/www.ador-dental.de\/en\/shop\/"},{"@type":"ListItem","position":3,"name":"ADORON FH"}]},{"@type":"WebSite","@id":"https:\/\/www.ador-dental.de\/en\/#website","url":"https:\/\/www.ador-dental.de\/en\/","name":"Ador Dental GmbH","description":"","publisher":{"@id":"https:\/\/www.ador-dental.de\/en\/#organization"},"potentialAction":[{"@type":"SearchAction","target":{"@type":"EntryPoint","urlTemplate":"https:\/\/www.ador-dental.de\/en\/?s={search_term_string}"},"query-input":{"@type":"PropertyValueSpecification","valueRequired":true,"valueName":"search_term_string"}}],"inLanguage":"es"},{"@type":"Organization","@id":"https:\/\/www.ador-dental.de\/en\/#organization","name":"Ador Dental GmbH","url":"https:\/\/www.ador-dental.de\/en\/","logo":{"@type":"ImageObject","inLanguage":"es","@id":"https:\/\/www.ador-dental.de\/en\/#\/schema\/logo\/image\/","url":"https:\/\/www.ador-dental.de\/wp-content\/uploads\/2021\/10\/ADOR_Logo_DentalSolutions_2020_Black.svg","contentUrl":"https:\/\/www.ador-dental.de\/wp-content\/uploads\/2021\/10\/ADOR_Logo_DentalSolutions_2020_Black.svg","width":678,"height":261,"caption":"Ador Dental GmbH"},"image":{"@id":"https:\/\/www.ador-dental.de\/en\/#\/schema\/logo\/image\/"}}]}},"_links":{"self":[{"href":"https:\/\/www.ador-dental.de\/es\/wp-json\/wp\/v2\/product\/2912","targetHints":{"allow":["GET"]}}],"collection":[{"href":"https:\/\/www.ador-dental.de\/es\/wp-json\/wp\/v2\/product"}],"about":[{"href":"https:\/\/www.ador-dental.de\/es\/wp-json\/wp\/v2\/types\/product"}],"replies":[{"embeddable":true,"href":"https:\/\/www.ador-dental.de\/es\/wp-json\/wp\/v2\/comments?post=2912"}],"version-history":[{"count":12,"href":"https:\/\/www.ador-dental.de\/es\/wp-json\/wp\/v2\/product\/2912\/revisions"}],"predecessor-version":[{"id":29194,"href":"https:\/\/www.ador-dental.de\/es\/wp-json\/wp\/v2\/product\/2912\/revisions\/29194"}],"wp:featuredmedia":[{"embeddable":true,"href":"https:\/\/www.ador-dental.de\/es\/wp-json\/wp\/v2\/media\/29951"}],"wp:attachment":[{"href":"https:\/\/www.ador-dental.de\/es\/wp-json\/wp\/v2\/media?parent=2912"}],"wp:term":[{"taxonomy":"product_brand","embeddable":true,"href":"https:\/\/www.ador-dental.de\/es\/wp-json\/wp\/v2\/product_brand?post=2912"},{"taxonomy":"product_cat","embeddable":true,"href":"https:\/\/www.ador-dental.de\/es\/wp-json\/wp\/v2\/product_cat?post=2912"},{"taxonomy":"product_tag","embeddable":true,"href":"https:\/\/www.ador-dental.de\/es\/wp-json\/wp\/v2\/product_tag?post=2912"}],"curies":[{"name":"wp","href":"https:\/\/api.w.org\/{rel}","templated":true}]}}