{"id":29006,"date":"2024-11-07T09:26:13","date_gmt":"2024-11-07T08:26:13","guid":{"rendered":"https:\/\/www.ador-dental.de\/?post_type=product&#038;p=29006"},"modified":"2024-11-07T09:38:09","modified_gmt":"2024-11-07T08:38:09","slug":"led-lichthaertegeraet-traydex-45","status":"publish","type":"product","link":"https:\/\/www.ador-dental.de\/es\/producto\/led-lichthaertegeraet-traydex-45\/","title":{"rendered":"Unidad de fotopolimerizaci\u00f3n LED TRAYDEX 45"},"content":{"rendered":"<p><strong>Unidad de fotopolimerizaci\u00f3n LED TRAYDEX 45<\/strong><\/p>\n<p>La polimerizaci\u00f3n final UV en la impresi\u00f3n 3D tiene una influencia decisiva en la calidad de los objetos impresos. La correcta polimerizaci\u00f3n afecta a la resistencia, la dureza superficial, la estabilidad dimensional y la ausencia de tensiones. TRAYDEX 45 ofrece opciones de ajuste flexibles para una adaptaci\u00f3n \u00f3ptima a una amplia gama de materiales y objetos de impresi\u00f3n.<\/p>\n<p>&nbsp;<\/p>\n<ul>\n<li><strong>Ahorro de tiempo<br \/>\n<\/strong>El espectro de luz de banda ancha y los 25 LED de alta potencia garantizan un tiempo de curado extremadamente corto<\/li>\n<li><strong>Sin mantenimiento<br \/>\n<\/strong>La tecnolog\u00eda LED de larga duraci\u00f3n elimina la necesidad de sustituir las l\u00e1mparas UV<\/li>\n<li><strong>Flexible<br \/>\n<\/strong>Aplicable a una amplia gama de materiales UV, como compuestos y fotopol\u00edmeros 3D, ajustando la intensidad, el intervalo y el tiempo de exposici\u00f3n.<\/li>\n<\/ul>\n<p>&nbsp;<\/p>\n<p><strong>Configurar<\/strong><\/p>\n<p><strong>Intensidad de la luz<\/strong><\/p>\n<p>Ajustable en 16 niveles para una adaptaci\u00f3n \u00f3ptima de la intensidad al grosor del material desde 7018mW\/ cm2 hasta 112295mW\/ cm2<\/p>\n<p><strong>Modos de intervalo<\/strong><\/p>\n<p>El modo flash ajustable en 8 pasos para adaptar la profundidad de penetraci\u00f3n al grosor del material garantiza una polimerizaci\u00f3n \u00f3ptima y una baja contracci\u00f3n<\/p>\n<p><strong>Tiempo de polimerizaci\u00f3n<\/strong><\/p>\n<p>Ajustable en pasos de 5 segundos desde 5-995 segundos<\/p>\n<p>&nbsp;<\/p>\n<p><strong>Datos t\u00e9cnicos<\/strong><\/p>\n<p>Tensi\u00f3n &gt;&gt; 100-240 voltios \/ 50-60 Hz<\/p>\n<p>Potencia &gt;&gt; 70 vatios<\/p>\n<p>N\u00famero de LEDs de alta potencia &gt;&gt; 25<\/p>\n<p>Longitud de onda &gt;&gt; 375 - 470 nm<\/p>\n<p>Tiempo de curado &gt;&gt; 5-995 segundos<\/p>\n<p>Iluminancia 385nm &gt;&gt; 52,4 W\/cm2<\/p>\n<p>Iluminancia 405nm &gt;&gt; 43,4 W\/cm2<\/p>\n<p>Iluminancia 460nm &gt;&gt; 16,4 W\/cm2<\/p>\n<p>Almacenamiento de los ajustes &gt;&gt; S\u00ed<\/p>\n<p>Tama\u00f1o (LxAxH) &gt;&gt; 200 x 220 x 160 mm<\/p>\n<p>C\u00e1mara de luz (LxAxA) &gt;&gt; 140 x 140 x 83 mm<\/p>\n<p>Peso &gt;&gt; 3kg<\/p>\n<p>Color &gt;&gt; Azul<\/p>","protected":false},"excerpt":{"rendered":"<p>La unidad de fotopolimerizaci\u00f3n LED TRAYDEX 45 ofrece opciones flexibles para una adaptaci\u00f3n \u00f3ptima a una amplia gama de materiales y objetos de impresi\u00f3n.<\/p>","protected":false},"featured_media":16279,"comment_status":"open","ping_status":"closed","template":"","meta":{"neve_meta_sidebar":"","neve_meta_container":"","neve_meta_enable_content_width":"off","neve_meta_content_width":70,"neve_meta_title_alignment":"","neve_meta_author_avatar":"","neve_post_elements_order":"","neve_meta_disable_header":"","neve_meta_disable_footer":"","neve_meta_disable_title":"","_themeisle_gutenberg_block_has_review":false},"product_brand":[],"product_cat":[212,378],"product_tag":[1162,1159,1158,1161],"class_list":{"0":"post-29006","1":"product","2":"type-product","3":"status-publish","4":"has-post-thumbnail","6":"product_cat-adorprint","7":"product_cat-zusatzprodukte-3d-drucker-3d-druck","8":"product_tag-1162","9":"product_tag-led","10":"product_tag-lichthaertegeraet","11":"product_tag-traydex","13":"first","14":"instock","15":"taxable","16":"shipping-taxable","17":"purchasable","18":"product-type-simple"},"yoast_head":"<!-- This site is optimized with the Yoast SEO plugin v27.4 - https:\/\/yoast.com\/product\/yoast-seo-wordpress\/ -->\n<title>LED-Lichth\u00e4rteger\u00e4t TRAYDEX 45 - Ador Dental GmbH<\/title>\n<meta name=\"description\" content=\"Das LED-Lichth\u00e4rteger\u00e4t TRAYDEX 45 bietet flexible M\u00f6glichkeiten zur optimalen Adaptierung an verschiedenste Materialien und Druckobjekte.\" \/>\n<meta name=\"robots\" content=\"index, follow, max-snippet:-1, max-image-preview:large, max-video-preview:-1\" \/>\n<link rel=\"canonical\" href=\"https:\/\/www.ador-dental.de\/es\/producto\/led-lichthaertegeraet-traydex-45\/\" \/>\n<meta property=\"og:locale\" content=\"es_ES\" \/>\n<meta property=\"og:type\" content=\"article\" \/>\n<meta property=\"og:title\" content=\"LED-Lichth\u00e4rteger\u00e4t TRAYDEX 45 - Ador Dental GmbH\" \/>\n<meta property=\"og:description\" content=\"Das LED-Lichth\u00e4rteger\u00e4t TRAYDEX 45 bietet flexible M\u00f6glichkeiten zur optimalen Adaptierung an verschiedenste Materialien und Druckobjekte.\" \/>\n<meta property=\"og:url\" content=\"https:\/\/www.ador-dental.de\/es\/producto\/led-lichthaertegeraet-traydex-45\/\" \/>\n<meta property=\"og:site_name\" content=\"Ador Dental GmbH\" \/>\n<meta property=\"article:modified_time\" content=\"2024-11-07T08:38:09+00:00\" \/>\n<meta property=\"og:image\" content=\"https:\/\/www.ador-dental.de\/wp-content\/uploads\/2021\/05\/Produktbild-Traydex-45.png\" \/>\n\t<meta property=\"og:image:width\" content=\"1024\" \/>\n\t<meta property=\"og:image:height\" content=\"1024\" \/>\n\t<meta property=\"og:image:type\" content=\"image\/png\" \/>\n<meta name=\"twitter:card\" content=\"summary_large_image\" \/>\n<meta name=\"twitter:label1\" content=\"Tiempo de lectura\" \/>\n\t<meta name=\"twitter:data1\" content=\"2 minutos\" \/>\n<script type=\"application\/ld+json\" class=\"yoast-schema-graph\">{\"@context\":\"https:\\\/\\\/schema.org\",\"@graph\":[{\"@type\":\"WebPage\",\"@id\":\"https:\\\/\\\/www.ador-dental.de\\\/produkt\\\/led-lichthaertegeraet-traydex-45\\\/\",\"url\":\"https:\\\/\\\/www.ador-dental.de\\\/produkt\\\/led-lichthaertegeraet-traydex-45\\\/\",\"name\":\"LED-Lichth\u00e4rteger\u00e4t TRAYDEX 45 - Ador Dental GmbH\",\"isPartOf\":{\"@id\":\"https:\\\/\\\/www.ador-dental.de\\\/en\\\/#website\"},\"primaryImageOfPage\":{\"@id\":\"https:\\\/\\\/www.ador-dental.de\\\/produkt\\\/led-lichthaertegeraet-traydex-45\\\/#primaryimage\"},\"image\":{\"@id\":\"https:\\\/\\\/www.ador-dental.de\\\/produkt\\\/led-lichthaertegeraet-traydex-45\\\/#primaryimage\"},\"thumbnailUrl\":\"https:\\\/\\\/www.ador-dental.de\\\/wp-content\\\/uploads\\\/2021\\\/05\\\/Produktbild-Traydex-45.png\",\"datePublished\":\"2024-11-07T08:26:13+00:00\",\"dateModified\":\"2024-11-07T08:38:09+00:00\",\"description\":\"Das LED-Lichth\u00e4rteger\u00e4t TRAYDEX 45 bietet flexible M\u00f6glichkeiten zur optimalen Adaptierung an verschiedenste Materialien und Druckobjekte.\",\"breadcrumb\":{\"@id\":\"https:\\\/\\\/www.ador-dental.de\\\/produkt\\\/led-lichthaertegeraet-traydex-45\\\/#breadcrumb\"},\"inLanguage\":\"es\",\"potentialAction\":[{\"@type\":\"ReadAction\",\"target\":[\"https:\\\/\\\/www.ador-dental.de\\\/produkt\\\/led-lichthaertegeraet-traydex-45\\\/\"]}]},{\"@type\":\"ImageObject\",\"inLanguage\":\"es\",\"@id\":\"https:\\\/\\\/www.ador-dental.de\\\/produkt\\\/led-lichthaertegeraet-traydex-45\\\/#primaryimage\",\"url\":\"https:\\\/\\\/www.ador-dental.de\\\/wp-content\\\/uploads\\\/2021\\\/05\\\/Produktbild-Traydex-45.png\",\"contentUrl\":\"https:\\\/\\\/www.ador-dental.de\\\/wp-content\\\/uploads\\\/2021\\\/05\\\/Produktbild-Traydex-45.png\",\"width\":1024,\"height\":1024,\"caption\":\"TRAYDEX 45 LED-Lichth\u00e4rteger\u00e4t\"},{\"@type\":\"BreadcrumbList\",\"@id\":\"https:\\\/\\\/www.ador-dental.de\\\/produkt\\\/led-lichthaertegeraet-traydex-45\\\/#breadcrumb\",\"itemListElement\":[{\"@type\":\"ListItem\",\"position\":1,\"name\":\"Startseite\",\"item\":\"https:\\\/\\\/www.ador-dental.de\\\/\"},{\"@type\":\"ListItem\",\"position\":2,\"name\":\"Shop\",\"item\":\"https:\\\/\\\/www.ador-dental.de\\\/en\\\/shop\\\/\"},{\"@type\":\"ListItem\",\"position\":3,\"name\":\"LED-Lichth\u00e4rteger\u00e4t TRAYDEX 45\"}]},{\"@type\":\"WebSite\",\"@id\":\"https:\\\/\\\/www.ador-dental.de\\\/en\\\/#website\",\"url\":\"https:\\\/\\\/www.ador-dental.de\\\/en\\\/\",\"name\":\"Ador Dental GmbH\",\"description\":\"\",\"publisher\":{\"@id\":\"https:\\\/\\\/www.ador-dental.de\\\/en\\\/#organization\"},\"potentialAction\":[{\"@type\":\"SearchAction\",\"target\":{\"@type\":\"EntryPoint\",\"urlTemplate\":\"https:\\\/\\\/www.ador-dental.de\\\/en\\\/?s={search_term_string}\"},\"query-input\":{\"@type\":\"PropertyValueSpecification\",\"valueRequired\":true,\"valueName\":\"search_term_string\"}}],\"inLanguage\":\"es\"},{\"@type\":\"Organization\",\"@id\":\"https:\\\/\\\/www.ador-dental.de\\\/en\\\/#organization\",\"name\":\"Ador Dental GmbH\",\"url\":\"https:\\\/\\\/www.ador-dental.de\\\/en\\\/\",\"logo\":{\"@type\":\"ImageObject\",\"inLanguage\":\"es\",\"@id\":\"https:\\\/\\\/www.ador-dental.de\\\/en\\\/#\\\/schema\\\/logo\\\/image\\\/\",\"url\":\"https:\\\/\\\/www.ador-dental.de\\\/wp-content\\\/uploads\\\/2021\\\/10\\\/ADOR_Logo_DentalSolutions_2020_Black.svg\",\"contentUrl\":\"https:\\\/\\\/www.ador-dental.de\\\/wp-content\\\/uploads\\\/2021\\\/10\\\/ADOR_Logo_DentalSolutions_2020_Black.svg\",\"width\":678,\"height\":261,\"caption\":\"Ador Dental GmbH\"},\"image\":{\"@id\":\"https:\\\/\\\/www.ador-dental.de\\\/en\\\/#\\\/schema\\\/logo\\\/image\\\/\"}}]}<\/script>\n<!-- \/ Yoast SEO plugin. -->","yoast_head_json":{"title":"LED-Lichth\u00e4rteger\u00e4t TRAYDEX 45 - Ador Dental GmbH","description":"La unidad de fotopolimerizaci\u00f3n LED TRAYDEX 45 ofrece opciones flexibles para una adaptaci\u00f3n \u00f3ptima a una amplia gama de materiales y objetos de impresi\u00f3n.","robots":{"index":"index","follow":"follow","max-snippet":"max-snippet:-1","max-image-preview":"max-image-preview:large","max-video-preview":"max-video-preview:-1"},"canonical":"https:\/\/www.ador-dental.de\/es\/producto\/led-lichthaertegeraet-traydex-45\/","og_locale":"es_ES","og_type":"article","og_title":"LED-Lichth\u00e4rteger\u00e4t TRAYDEX 45 - Ador Dental GmbH","og_description":"Das LED-Lichth\u00e4rteger\u00e4t TRAYDEX 45 bietet flexible M\u00f6glichkeiten zur optimalen Adaptierung an verschiedenste Materialien und Druckobjekte.","og_url":"https:\/\/www.ador-dental.de\/es\/producto\/led-lichthaertegeraet-traydex-45\/","og_site_name":"Ador Dental GmbH","article_modified_time":"2024-11-07T08:38:09+00:00","og_image":[{"width":1024,"height":1024,"url":"https:\/\/www.ador-dental.de\/wp-content\/uploads\/2021\/05\/Produktbild-Traydex-45.png","type":"image\/png"}],"twitter_card":"summary_large_image","twitter_misc":{"Tiempo de lectura":"2 minutos"},"schema":{"@context":"https:\/\/schema.org","@graph":[{"@type":"WebPage","@id":"https:\/\/www.ador-dental.de\/produkt\/led-lichthaertegeraet-traydex-45\/","url":"https:\/\/www.ador-dental.de\/produkt\/led-lichthaertegeraet-traydex-45\/","name":"LED-Lichth\u00e4rteger\u00e4t TRAYDEX 45 - Ador Dental GmbH","isPartOf":{"@id":"https:\/\/www.ador-dental.de\/en\/#website"},"primaryImageOfPage":{"@id":"https:\/\/www.ador-dental.de\/produkt\/led-lichthaertegeraet-traydex-45\/#primaryimage"},"image":{"@id":"https:\/\/www.ador-dental.de\/produkt\/led-lichthaertegeraet-traydex-45\/#primaryimage"},"thumbnailUrl":"https:\/\/www.ador-dental.de\/wp-content\/uploads\/2021\/05\/Produktbild-Traydex-45.png","datePublished":"2024-11-07T08:26:13+00:00","dateModified":"2024-11-07T08:38:09+00:00","description":"La unidad de fotopolimerizaci\u00f3n LED TRAYDEX 45 ofrece opciones flexibles para una adaptaci\u00f3n \u00f3ptima a una amplia gama de materiales y objetos de impresi\u00f3n.","breadcrumb":{"@id":"https:\/\/www.ador-dental.de\/produkt\/led-lichthaertegeraet-traydex-45\/#breadcrumb"},"inLanguage":"es","potentialAction":[{"@type":"ReadAction","target":["https:\/\/www.ador-dental.de\/produkt\/led-lichthaertegeraet-traydex-45\/"]}]},{"@type":"ImageObject","inLanguage":"es","@id":"https:\/\/www.ador-dental.de\/produkt\/led-lichthaertegeraet-traydex-45\/#primaryimage","url":"https:\/\/www.ador-dental.de\/wp-content\/uploads\/2021\/05\/Produktbild-Traydex-45.png","contentUrl":"https:\/\/www.ador-dental.de\/wp-content\/uploads\/2021\/05\/Produktbild-Traydex-45.png","width":1024,"height":1024,"caption":"TRAYDEX 45 LED-Lichth\u00e4rteger\u00e4t"},{"@type":"BreadcrumbList","@id":"https:\/\/www.ador-dental.de\/produkt\/led-lichthaertegeraet-traydex-45\/#breadcrumb","itemListElement":[{"@type":"ListItem","position":1,"name":"Startseite","item":"https:\/\/www.ador-dental.de\/"},{"@type":"ListItem","position":2,"name":"Shop","item":"https:\/\/www.ador-dental.de\/en\/shop\/"},{"@type":"ListItem","position":3,"name":"LED-Lichth\u00e4rteger\u00e4t TRAYDEX 45"}]},{"@type":"WebSite","@id":"https:\/\/www.ador-dental.de\/en\/#website","url":"https:\/\/www.ador-dental.de\/en\/","name":"Ador Dental GmbH","description":"","publisher":{"@id":"https:\/\/www.ador-dental.de\/en\/#organization"},"potentialAction":[{"@type":"SearchAction","target":{"@type":"EntryPoint","urlTemplate":"https:\/\/www.ador-dental.de\/en\/?s={search_term_string}"},"query-input":{"@type":"PropertyValueSpecification","valueRequired":true,"valueName":"search_term_string"}}],"inLanguage":"es"},{"@type":"Organization","@id":"https:\/\/www.ador-dental.de\/en\/#organization","name":"Ador Dental GmbH","url":"https:\/\/www.ador-dental.de\/en\/","logo":{"@type":"ImageObject","inLanguage":"es","@id":"https:\/\/www.ador-dental.de\/en\/#\/schema\/logo\/image\/","url":"https:\/\/www.ador-dental.de\/wp-content\/uploads\/2021\/10\/ADOR_Logo_DentalSolutions_2020_Black.svg","contentUrl":"https:\/\/www.ador-dental.de\/wp-content\/uploads\/2021\/10\/ADOR_Logo_DentalSolutions_2020_Black.svg","width":678,"height":261,"caption":"Ador Dental GmbH"},"image":{"@id":"https:\/\/www.ador-dental.de\/en\/#\/schema\/logo\/image\/"}}]}},"_links":{"self":[{"href":"https:\/\/www.ador-dental.de\/es\/wp-json\/wp\/v2\/product\/29006","targetHints":{"allow":["GET"]}}],"collection":[{"href":"https:\/\/www.ador-dental.de\/es\/wp-json\/wp\/v2\/product"}],"about":[{"href":"https:\/\/www.ador-dental.de\/es\/wp-json\/wp\/v2\/types\/product"}],"replies":[{"embeddable":true,"href":"https:\/\/www.ador-dental.de\/es\/wp-json\/wp\/v2\/comments?post=29006"}],"version-history":[{"count":1,"href":"https:\/\/www.ador-dental.de\/es\/wp-json\/wp\/v2\/product\/29006\/revisions"}],"predecessor-version":[{"id":29007,"href":"https:\/\/www.ador-dental.de\/es\/wp-json\/wp\/v2\/product\/29006\/revisions\/29007"}],"wp:featuredmedia":[{"embeddable":true,"href":"https:\/\/www.ador-dental.de\/es\/wp-json\/wp\/v2\/media\/16279"}],"wp:attachment":[{"href":"https:\/\/www.ador-dental.de\/es\/wp-json\/wp\/v2\/media?parent=29006"}],"wp:term":[{"taxonomy":"product_brand","embeddable":true,"href":"https:\/\/www.ador-dental.de\/es\/wp-json\/wp\/v2\/product_brand?post=29006"},{"taxonomy":"product_cat","embeddable":true,"href":"https:\/\/www.ador-dental.de\/es\/wp-json\/wp\/v2\/product_cat?post=29006"},{"taxonomy":"product_tag","embeddable":true,"href":"https:\/\/www.ador-dental.de\/es\/wp-json\/wp\/v2\/product_tag?post=29006"}],"curies":[{"name":"wp","href":"https:\/\/api.w.org\/{rel}","templated":true}]}}