{"id":29003,"date":"2024-11-05T16:31:21","date_gmt":"2024-11-05T15:31:21","guid":{"rendered":"https:\/\/www.ador-dental.de\/?post_type=product&#038;p=29003"},"modified":"2025-12-09T13:33:50","modified_gmt":"2025-12-09T12:33:50","slug":"led-lichthaertegeraet-prodex-n2","status":"publish","type":"product","link":"https:\/\/www.ador-dental.de\/es\/producto\/led-lichthaertegeraet-prodex-n2\/","title":{"rendered":"Unidad de fotopolimerizaci\u00f3n LED PRODEX N2"},"content":{"rendered":"<p><strong>Unidad de fotopolimerizaci\u00f3n LED PRODEX N2<\/strong><\/p>\n<p>Beim PRODEX N2 kann die Belichtungskammer mit Stickstoff N2 geflutet werden. Der Anschluss erfolgt einfach \u00fcber eine Schnellkupplung. Durch die Schutzgasatmosphere wird eine bessere Oberfl\u00e4cheng\u00fcte erreicht. Das kompakte Multitalent PRODEX N2 bietet flexible Einstellm\u00f6glichkeiten zur optimalen Adaptierung an verschiedenste Materialien und Druckobjekte.<\/p>\n<p>Las bandejas individuales o las bases de registro hechas de material de placa o impresas en 3D pueden curarse de forma controlada y completa. La tecnolog\u00eda LED no requiere ning\u00fan tipo de mantenimiento. Un compa\u00f1ero robusto y profesional para la pr\u00e1ctica y el laboratorio.<\/p>\n<p>&nbsp;<\/p>\n<ul>\n<li><strong>Superficie perfecta<\/strong><br \/>\nMediante la adici\u00f3n de nitr\u00f3geno N2 durante la polimerizaci\u00f3n, se consigue una superficie m\u00e1s dura, suave y casi brillante<\/li>\n<li><strong>Ahorro de tiempo<br \/>\n<\/strong>El espectro de luz de banda ancha y los LED de alta potencia garantizan un tiempo de curado extremadamente corto<\/li>\n<li><strong>Sin mantenimiento<br \/>\n<\/strong>La tecnolog\u00eda LED de larga duraci\u00f3n elimina la necesidad de sustituir las l\u00e1mparas UV<\/li>\n<li><strong>Flexible<br \/>\n<\/strong>Aplicable a una amplia gama de materiales UV, como compuestos y fotopol\u00edmeros 3D, ajustando la intensidad, el intervalo y el tiempo de exposici\u00f3n.<\/li>\n<\/ul>\n<p>&nbsp;<\/p>\n<p><strong>Datos t\u00e9cnicos:<\/strong><\/p>\n<ul>\n<li>Tensi\u00f3n &gt;&gt; 100-240 voltios \/ 50-60 Hz<\/li>\n<li>Potencia &gt;&gt; 70 vatios<\/li>\n<li>N\u00famero de LEDs de alta potencia &gt;&gt; 25<\/li>\n<li>Longitud de onda &gt;&gt; 375 - 470 nm<\/li>\n<li>Tiempo de curado &gt;&gt; 5-995 segundos<\/li>\n<li>Iluminancia 385nm &gt;&gt; 52,4 W\/cm2<\/li>\n<li>Iluminancia 405nm &gt;&gt; 43,4 W\/cm2<\/li>\n<li>Iluminancia 460nm &gt;&gt; 16,4 W\/cm2<\/li>\n<li>Almacenamiento de los ajustes &gt;&gt; S\u00ed<\/li>\n<li>Tama\u00f1o (LxAxH) &gt;&gt; 200 x 220 x 160 mm<\/li>\n<li>C\u00e1mara de luz (LxAxA) &gt;&gt; 140 x 140 x 83 mm<\/li>\n<li>Conexi\u00f3n N2 &gt;&gt; acoplamiento r\u00e1pido<\/li>\n<li>Peso &gt;&gt; 3kg<\/li>\n<li>Color &gt;&gt; Negro<\/li>\n<\/ul>\n<p><strong>Entorno:<\/strong><\/p>\n<ul>\n<li><strong>Intensidad de la luz<\/strong><\/li>\n<li>Ajustable en 16 niveles para una adaptaci\u00f3n \u00f3ptima de la intensidad al grosor del material desde 7018mW\/ cm2 hasta 112295mW\/ cm2<\/li>\n<li><strong>Modos de intervalo<\/strong><\/li>\n<li>El modo flash ajustable en 8 pasos para adaptar la profundidad de penetraci\u00f3n al grosor del material garantiza una polimerizaci\u00f3n \u00f3ptima y una baja contracci\u00f3n<\/li>\n<li><strong>Atm\u00f3sfera de gas inerte<\/strong><\/li>\n<li>Cuando se conecta, la c\u00e1mara de exposici\u00f3n se inunda de nitr\u00f3geno durante la polimerizaci\u00f3n<\/li>\n<li><strong>Tiempo de polimerizaci\u00f3n<\/strong><\/li>\n<li>Ajustable en pasos de 5 segundos desde 5-995 segundos<\/li>\n<\/ul>","protected":false},"excerpt":{"rendered":"<p>Beim PRODEX N2 kann die Belichtungskammer mit Stickstoff N2 geflutet werden.<\/p>","protected":false},"featured_media":16283,"comment_status":"open","ping_status":"closed","template":"","meta":{"neve_meta_sidebar":"","neve_meta_container":"","neve_meta_enable_content_width":"off","neve_meta_content_width":70,"neve_meta_title_alignment":"","neve_meta_author_avatar":"","neve_post_elements_order":"","neve_meta_disable_header":"","neve_meta_disable_footer":"","neve_meta_disable_title":"","_themeisle_gutenberg_block_has_review":false},"product_brand":[],"product_cat":[212,378],"product_tag":[1159,1158,1160,1156],"class_list":{"0":"post-29003","1":"product","2":"type-product","3":"status-publish","4":"has-post-thumbnail","6":"product_cat-adorprint","7":"product_cat-zusatzprodukte-3d-drucker-3d-druck","8":"product_tag-led","9":"product_tag-lichthaertegeraet","10":"product_tag-n2","11":"product_tag-prodex","13":"first","14":"instock","15":"taxable","16":"shipping-taxable","17":"purchasable","18":"product-type-simple"},"yoast_head":"<!-- This site is optimized with the Yoast SEO plugin v27.4 - https:\/\/yoast.com\/product\/yoast-seo-wordpress\/ -->\n<title>LED-Lichth\u00e4rteger\u00e4t PRODEX N2 - Ador Dental GmbH<\/title>\n<meta name=\"description\" content=\"Beim PRODEX N2 kann die Belichtungskammer mit Stickstoff N2 geflutet werden. Durch die Schutzgasatmosphere wird eine bessere Oberfl\u00e4cheng\u00fcte erreicht\" \/>\n<meta name=\"robots\" content=\"index, follow, max-snippet:-1, max-image-preview:large, max-video-preview:-1\" \/>\n<link rel=\"canonical\" href=\"https:\/\/www.ador-dental.de\/es\/producto\/led-lichthaertegeraet-prodex-n2\/\" \/>\n<meta property=\"og:locale\" content=\"es_ES\" \/>\n<meta property=\"og:type\" content=\"article\" \/>\n<meta property=\"og:title\" content=\"LED-Lichth\u00e4rteger\u00e4t PRODEX N2 - Ador Dental GmbH\" \/>\n<meta property=\"og:description\" content=\"Beim PRODEX N2 kann die Belichtungskammer mit Stickstoff N2 geflutet werden. Durch die Schutzgasatmosphere wird eine bessere Oberfl\u00e4cheng\u00fcte erreicht\" \/>\n<meta property=\"og:url\" content=\"https:\/\/www.ador-dental.de\/es\/producto\/led-lichthaertegeraet-prodex-n2\/\" \/>\n<meta property=\"og:site_name\" content=\"Ador Dental GmbH\" \/>\n<meta property=\"article:modified_time\" content=\"2025-12-09T12:33:50+00:00\" \/>\n<meta property=\"og:image\" content=\"https:\/\/www.ador-dental.de\/wp-content\/uploads\/2021\/05\/Produktbild-Traydex-NT.png\" \/>\n\t<meta property=\"og:image:width\" content=\"1024\" \/>\n\t<meta property=\"og:image:height\" content=\"1024\" \/>\n\t<meta property=\"og:image:type\" content=\"image\/png\" \/>\n<meta name=\"twitter:card\" content=\"summary_large_image\" \/>\n<meta name=\"twitter:label1\" content=\"Tiempo de lectura\" \/>\n\t<meta name=\"twitter:data1\" content=\"2 minutos\" \/>\n<script type=\"application\/ld+json\" class=\"yoast-schema-graph\">{\"@context\":\"https:\\\/\\\/schema.org\",\"@graph\":[{\"@type\":\"WebPage\",\"@id\":\"https:\\\/\\\/www.ador-dental.de\\\/produkt\\\/led-lichthaertegeraet-prodex-n2\\\/\",\"url\":\"https:\\\/\\\/www.ador-dental.de\\\/produkt\\\/led-lichthaertegeraet-prodex-n2\\\/\",\"name\":\"LED-Lichth\u00e4rteger\u00e4t PRODEX N2 - Ador Dental GmbH\",\"isPartOf\":{\"@id\":\"https:\\\/\\\/www.ador-dental.de\\\/en\\\/#website\"},\"primaryImageOfPage\":{\"@id\":\"https:\\\/\\\/www.ador-dental.de\\\/produkt\\\/led-lichthaertegeraet-prodex-n2\\\/#primaryimage\"},\"image\":{\"@id\":\"https:\\\/\\\/www.ador-dental.de\\\/produkt\\\/led-lichthaertegeraet-prodex-n2\\\/#primaryimage\"},\"thumbnailUrl\":\"https:\\\/\\\/www.ador-dental.de\\\/wp-content\\\/uploads\\\/2021\\\/05\\\/Produktbild-Traydex-NT.png\",\"datePublished\":\"2024-11-05T15:31:21+00:00\",\"dateModified\":\"2025-12-09T12:33:50+00:00\",\"description\":\"Beim PRODEX N2 kann die Belichtungskammer mit Stickstoff N2 geflutet werden. Durch die Schutzgasatmosphere wird eine bessere Oberfl\u00e4cheng\u00fcte erreicht\",\"breadcrumb\":{\"@id\":\"https:\\\/\\\/www.ador-dental.de\\\/produkt\\\/led-lichthaertegeraet-prodex-n2\\\/#breadcrumb\"},\"inLanguage\":\"es\",\"potentialAction\":[{\"@type\":\"ReadAction\",\"target\":[\"https:\\\/\\\/www.ador-dental.de\\\/produkt\\\/led-lichthaertegeraet-prodex-n2\\\/\"]}]},{\"@type\":\"ImageObject\",\"inLanguage\":\"es\",\"@id\":\"https:\\\/\\\/www.ador-dental.de\\\/produkt\\\/led-lichthaertegeraet-prodex-n2\\\/#primaryimage\",\"url\":\"https:\\\/\\\/www.ador-dental.de\\\/wp-content\\\/uploads\\\/2021\\\/05\\\/Produktbild-Traydex-NT.png\",\"contentUrl\":\"https:\\\/\\\/www.ador-dental.de\\\/wp-content\\\/uploads\\\/2021\\\/05\\\/Produktbild-Traydex-NT.png\",\"width\":1024,\"height\":1024,\"caption\":\"LED-Lichth\u00e4rteger\u00e4t PRODEX NT\"},{\"@type\":\"BreadcrumbList\",\"@id\":\"https:\\\/\\\/www.ador-dental.de\\\/produkt\\\/led-lichthaertegeraet-prodex-n2\\\/#breadcrumb\",\"itemListElement\":[{\"@type\":\"ListItem\",\"position\":1,\"name\":\"Startseite\",\"item\":\"https:\\\/\\\/www.ador-dental.de\\\/\"},{\"@type\":\"ListItem\",\"position\":2,\"name\":\"Shop\",\"item\":\"https:\\\/\\\/www.ador-dental.de\\\/en\\\/shop\\\/\"},{\"@type\":\"ListItem\",\"position\":3,\"name\":\"LED-Lichth\u00e4rteger\u00e4t PRODEX N2\"}]},{\"@type\":\"WebSite\",\"@id\":\"https:\\\/\\\/www.ador-dental.de\\\/en\\\/#website\",\"url\":\"https:\\\/\\\/www.ador-dental.de\\\/en\\\/\",\"name\":\"Ador Dental GmbH\",\"description\":\"\",\"publisher\":{\"@id\":\"https:\\\/\\\/www.ador-dental.de\\\/en\\\/#organization\"},\"potentialAction\":[{\"@type\":\"SearchAction\",\"target\":{\"@type\":\"EntryPoint\",\"urlTemplate\":\"https:\\\/\\\/www.ador-dental.de\\\/en\\\/?s={search_term_string}\"},\"query-input\":{\"@type\":\"PropertyValueSpecification\",\"valueRequired\":true,\"valueName\":\"search_term_string\"}}],\"inLanguage\":\"es\"},{\"@type\":\"Organization\",\"@id\":\"https:\\\/\\\/www.ador-dental.de\\\/en\\\/#organization\",\"name\":\"Ador Dental GmbH\",\"url\":\"https:\\\/\\\/www.ador-dental.de\\\/en\\\/\",\"logo\":{\"@type\":\"ImageObject\",\"inLanguage\":\"es\",\"@id\":\"https:\\\/\\\/www.ador-dental.de\\\/en\\\/#\\\/schema\\\/logo\\\/image\\\/\",\"url\":\"https:\\\/\\\/www.ador-dental.de\\\/wp-content\\\/uploads\\\/2021\\\/10\\\/ADOR_Logo_DentalSolutions_2020_Black.svg\",\"contentUrl\":\"https:\\\/\\\/www.ador-dental.de\\\/wp-content\\\/uploads\\\/2021\\\/10\\\/ADOR_Logo_DentalSolutions_2020_Black.svg\",\"width\":678,\"height\":261,\"caption\":\"Ador Dental GmbH\"},\"image\":{\"@id\":\"https:\\\/\\\/www.ador-dental.de\\\/en\\\/#\\\/schema\\\/logo\\\/image\\\/\"}}]}<\/script>\n<!-- \/ Yoast SEO plugin. -->","yoast_head_json":{"title":"LED-Lichth\u00e4rteger\u00e4t PRODEX N2 - Ador Dental GmbH","description":"Beim PRODEX N2 kann die Belichtungskammer mit Stickstoff N2 geflutet werden. Durch die Schutzgasatmosphere wird eine bessere Oberfl\u00e4cheng\u00fcte erreicht","robots":{"index":"index","follow":"follow","max-snippet":"max-snippet:-1","max-image-preview":"max-image-preview:large","max-video-preview":"max-video-preview:-1"},"canonical":"https:\/\/www.ador-dental.de\/es\/producto\/led-lichthaertegeraet-prodex-n2\/","og_locale":"es_ES","og_type":"article","og_title":"LED-Lichth\u00e4rteger\u00e4t PRODEX N2 - Ador Dental GmbH","og_description":"Beim PRODEX N2 kann die Belichtungskammer mit Stickstoff N2 geflutet werden. Durch die Schutzgasatmosphere wird eine bessere Oberfl\u00e4cheng\u00fcte erreicht","og_url":"https:\/\/www.ador-dental.de\/es\/producto\/led-lichthaertegeraet-prodex-n2\/","og_site_name":"Ador Dental GmbH","article_modified_time":"2025-12-09T12:33:50+00:00","og_image":[{"width":1024,"height":1024,"url":"https:\/\/www.ador-dental.de\/wp-content\/uploads\/2021\/05\/Produktbild-Traydex-NT.png","type":"image\/png"}],"twitter_card":"summary_large_image","twitter_misc":{"Tiempo de lectura":"2 minutos"},"schema":{"@context":"https:\/\/schema.org","@graph":[{"@type":"WebPage","@id":"https:\/\/www.ador-dental.de\/produkt\/led-lichthaertegeraet-prodex-n2\/","url":"https:\/\/www.ador-dental.de\/produkt\/led-lichthaertegeraet-prodex-n2\/","name":"LED-Lichth\u00e4rteger\u00e4t PRODEX N2 - Ador Dental GmbH","isPartOf":{"@id":"https:\/\/www.ador-dental.de\/en\/#website"},"primaryImageOfPage":{"@id":"https:\/\/www.ador-dental.de\/produkt\/led-lichthaertegeraet-prodex-n2\/#primaryimage"},"image":{"@id":"https:\/\/www.ador-dental.de\/produkt\/led-lichthaertegeraet-prodex-n2\/#primaryimage"},"thumbnailUrl":"https:\/\/www.ador-dental.de\/wp-content\/uploads\/2021\/05\/Produktbild-Traydex-NT.png","datePublished":"2024-11-05T15:31:21+00:00","dateModified":"2025-12-09T12:33:50+00:00","description":"Beim PRODEX N2 kann die Belichtungskammer mit Stickstoff N2 geflutet werden. Durch die Schutzgasatmosphere wird eine bessere Oberfl\u00e4cheng\u00fcte erreicht","breadcrumb":{"@id":"https:\/\/www.ador-dental.de\/produkt\/led-lichthaertegeraet-prodex-n2\/#breadcrumb"},"inLanguage":"es","potentialAction":[{"@type":"ReadAction","target":["https:\/\/www.ador-dental.de\/produkt\/led-lichthaertegeraet-prodex-n2\/"]}]},{"@type":"ImageObject","inLanguage":"es","@id":"https:\/\/www.ador-dental.de\/produkt\/led-lichthaertegeraet-prodex-n2\/#primaryimage","url":"https:\/\/www.ador-dental.de\/wp-content\/uploads\/2021\/05\/Produktbild-Traydex-NT.png","contentUrl":"https:\/\/www.ador-dental.de\/wp-content\/uploads\/2021\/05\/Produktbild-Traydex-NT.png","width":1024,"height":1024,"caption":"LED-Lichth\u00e4rteger\u00e4t PRODEX NT"},{"@type":"BreadcrumbList","@id":"https:\/\/www.ador-dental.de\/produkt\/led-lichthaertegeraet-prodex-n2\/#breadcrumb","itemListElement":[{"@type":"ListItem","position":1,"name":"Startseite","item":"https:\/\/www.ador-dental.de\/"},{"@type":"ListItem","position":2,"name":"Shop","item":"https:\/\/www.ador-dental.de\/en\/shop\/"},{"@type":"ListItem","position":3,"name":"LED-Lichth\u00e4rteger\u00e4t PRODEX N2"}]},{"@type":"WebSite","@id":"https:\/\/www.ador-dental.de\/en\/#website","url":"https:\/\/www.ador-dental.de\/en\/","name":"Ador Dental GmbH","description":"","publisher":{"@id":"https:\/\/www.ador-dental.de\/en\/#organization"},"potentialAction":[{"@type":"SearchAction","target":{"@type":"EntryPoint","urlTemplate":"https:\/\/www.ador-dental.de\/en\/?s={search_term_string}"},"query-input":{"@type":"PropertyValueSpecification","valueRequired":true,"valueName":"search_term_string"}}],"inLanguage":"es"},{"@type":"Organization","@id":"https:\/\/www.ador-dental.de\/en\/#organization","name":"Ador Dental GmbH","url":"https:\/\/www.ador-dental.de\/en\/","logo":{"@type":"ImageObject","inLanguage":"es","@id":"https:\/\/www.ador-dental.de\/en\/#\/schema\/logo\/image\/","url":"https:\/\/www.ador-dental.de\/wp-content\/uploads\/2021\/10\/ADOR_Logo_DentalSolutions_2020_Black.svg","contentUrl":"https:\/\/www.ador-dental.de\/wp-content\/uploads\/2021\/10\/ADOR_Logo_DentalSolutions_2020_Black.svg","width":678,"height":261,"caption":"Ador Dental GmbH"},"image":{"@id":"https:\/\/www.ador-dental.de\/en\/#\/schema\/logo\/image\/"}}]}},"_links":{"self":[{"href":"https:\/\/www.ador-dental.de\/es\/wp-json\/wp\/v2\/product\/29003","targetHints":{"allow":["GET"]}}],"collection":[{"href":"https:\/\/www.ador-dental.de\/es\/wp-json\/wp\/v2\/product"}],"about":[{"href":"https:\/\/www.ador-dental.de\/es\/wp-json\/wp\/v2\/types\/product"}],"replies":[{"embeddable":true,"href":"https:\/\/www.ador-dental.de\/es\/wp-json\/wp\/v2\/comments?post=29003"}],"version-history":[{"count":1,"href":"https:\/\/www.ador-dental.de\/es\/wp-json\/wp\/v2\/product\/29003\/revisions"}],"predecessor-version":[{"id":29004,"href":"https:\/\/www.ador-dental.de\/es\/wp-json\/wp\/v2\/product\/29003\/revisions\/29004"}],"wp:featuredmedia":[{"embeddable":true,"href":"https:\/\/www.ador-dental.de\/es\/wp-json\/wp\/v2\/media\/16283"}],"wp:attachment":[{"href":"https:\/\/www.ador-dental.de\/es\/wp-json\/wp\/v2\/media?parent=29003"}],"wp:term":[{"taxonomy":"product_brand","embeddable":true,"href":"https:\/\/www.ador-dental.de\/es\/wp-json\/wp\/v2\/product_brand?post=29003"},{"taxonomy":"product_cat","embeddable":true,"href":"https:\/\/www.ador-dental.de\/es\/wp-json\/wp\/v2\/product_cat?post=29003"},{"taxonomy":"product_tag","embeddable":true,"href":"https:\/\/www.ador-dental.de\/es\/wp-json\/wp\/v2\/product_tag?post=29003"}],"curies":[{"name":"wp","href":"https:\/\/api.w.org\/{rel}","templated":true}]}}