{"id":2895,"date":"2020-03-20T15:53:24","date_gmt":"2020-03-20T14:53:24","guid":{"rendered":"https:\/\/new.ador-edelmetalle.de\/?post_type=product&#038;p=2895"},"modified":"2026-02-16T11:46:05","modified_gmt":"2026-02-16T10:46:05","slug":"aufbrennlegierung-adorbond-cc","status":"publish","type":"product","link":"https:\/\/www.ador-dental.de\/es\/producto\/aufbrennlegierung-adorbond-cc\/","title":{"rendered":"ADORBOND CC"},"content":{"rendered":"<p><a href=\"https:\/\/www.ador-dental.de\/wp-content\/uploads\/2024\/07\/Adorbond-CC-1010-CB-DE-EN.pdf\"><strong>&gt;&gt; Instrucciones de uso Descargar DE\/EN<\/strong><\/a><\/p>\n<p><a href=\"https:\/\/www.ador-dental.de\/wp-content\/uploads\/2024\/07\/Adorbond-CC-1010-CB-FR.pdf\"><strong>&gt;&gt; Instrucciones de uso descargar EN\/FR<\/strong><\/a><\/p>\n<p><strong>Aleaci\u00f3n de cromo-cobalto para masas cer\u00e1micas de alta fusi\u00f3n<\/strong><\/p>\n<table width=\"735\">\n<tbody>\n<tr>\n<td colspan=\"5\" width=\"498\"><strong>Instrucciones de uso Aleaci\u00f3n de quemado<\/strong><\/td>\n<\/tr>\n<tr>\n<td colspan=\"7\" width=\"735\"><strong>ADORBOND<sup>\u00ae<\/sup> CC <\/strong>es una aleaci\u00f3n metal-cer\u00e1mica dental a base de cobalto. <strong>ADORBOND<sup>\u00ae<\/sup> CC <\/strong>no contiene n\u00edquel, cadmio, berilio ni plomo y cumple con la norma EN ISO 22674 tipo 4 para aplicaciones con secciones transversales delgadas que est\u00e1n expuestas a fuerzas muy elevadas, por ejemplo, pr\u00f3tesis parciales removibles, ganchos, coronas individuales chapadas delgadas, pr\u00f3tesis fijas de arco completo o puentes con secciones transversales peque\u00f1as, barras, aditamentos y superestructuras soportadas por implantes.<\/td>\n<\/tr>\n<tr>\n<td colspan=\"7\" width=\"735\"><strong>\u00a0<\/strong><\/td>\n<\/tr>\n<tr>\n<td colspan=\"4\" width=\"310\"><strong>Composici\u00f3n w<sub>i<\/sub><\/strong><\/td>\n<td colspan=\"3\" width=\"425\"><strong>Datos t\u00e9cnicos (valores orientativos, estado de fundici\u00f3n\/cocido)<\/strong><\/td>\n<\/tr>\n<tr>\n<td width=\"64\">Co<\/td>\n<td width=\"57\">%<\/td>\n<td width=\"123\">62,5<\/td>\n<td width=\"66\"><strong>\u00a0<\/strong><\/td>\n<td colspan=\"\" width=\"246\">Densidad \u03f1<\/td>\n<td colspan=\"\" width=\"246\">8,3 g.cm\u00b3<\/td>\n<\/tr>\n<tr>\n<td width=\"64\">Cr<\/td>\n<td width=\"57\">%<\/td>\n<td width=\"123\">24,6<\/td>\n<td width=\"66\"><strong>\u00a0<\/strong><\/td>\n<td colspan=\"\" width=\"246\">Dureza Vickers<\/td>\n<td colspan=\"\" width=\"246\">285<\/td>\n<\/tr>\n<tr>\n<td width=\"64\">W<\/td>\n<td width=\"57\">%<\/td>\n<td width=\"123\">8,5<\/td>\n<td width=\"66\"><strong>\u00a0<\/strong><\/td>\n<td colspan=\"\" rowspan=\"2\" width=\"246\">Coeficiente lineal de expansi\u00f3n t\u00e9rmica \u03b1 25 - 500 \u00b0C<\/td>\n<td colspan=\"\" rowspan=\"2\" width=\"246\">13,9<\/td>\n<\/tr>\n<tr>\n<td width=\"64\">Mo<\/td>\n<td width=\"57\">%<\/td>\n<td width=\"123\">2,9<\/td>\n<td width=\"66\"><\/td>\n<\/tr>\n<tr>\n<td width=\"64\">Si<\/td>\n<td width=\"57\">%<\/td>\n<td width=\"123\">1,3<\/td>\n<td width=\"66\"><strong>\u00a0<\/strong><\/td>\n<td colspan=\"\" rowspan=\"2\" width=\"246\">Coeficiente lineal de expansi\u00f3n t\u00e9rmica \u03b1 20 - 600 \u00b0C<\/td>\n<td colspan=\"\" rowspan=\"2\" width=\"246\">14,0<\/td>\n<\/tr>\n<tr>\n<td width=\"64\">Nb<\/td>\n<td width=\"57\">%<\/td>\n<td width=\"123\">&lt; 1<\/td>\n<td width=\"66\"><\/td>\n<\/tr>\n<tr>\n<td width=\"64\"><\/td>\n<td width=\"57\"><\/td>\n<td width=\"123\"><\/td>\n<td width=\"66\"><strong>\u00a0<\/strong><\/td>\n<td colspan=\"\" width=\"246\">Intervalo de fusi\u00f3n T<sub>S<\/sub> - T<sub>L<\/sub><\/td>\n<td colspan=\"\" width=\"246\">1.300-1.369 \u00b0C<\/td>\n<\/tr>\n<tr>\n<td width=\"64\"><\/td>\n<td width=\"57\"><\/td>\n<td width=\"123\"><\/td>\n<td width=\"66\"><strong>\u00a0<\/strong><\/td>\n<td colspan=\"\" width=\"246\">Temperatura de vertido T<sub>Fundici\u00f3n<\/sub><\/td>\n<td colspan=\"\" width=\"246\">1.470 \u00b0C<\/td>\n<\/tr>\n<tr>\n<td colspan=\"4\" width=\"310\"><strong>\u00a0<\/strong><\/td>\n<td colspan=\"\" width=\"246\">M\u00e1xima temperatura de cocci\u00f3n recomendada T<sub>Br,max<\/sub><\/td>\n<td colspan=\"\" width=\"246\">980 \u00b0C<\/td>\n<\/tr>\n<tr>\n<td colspan=\"4\" width=\"310\"><\/td>\n<td colspan=\"\" width=\"246\">0,2-% Resistencia a la fluencia R<sub>p 0,2<\/sub><\/td>\n<td colspan=\"\" width=\"246\">490 MPa<\/td>\n<\/tr>\n<tr>\n<td colspan=\"4\" width=\"310\"><strong>\u00a0<\/strong><\/td>\n<td colspan=\"\" width=\"246\">M\u00f3dulo de elasticidad E<\/td>\n<td colspan=\"\" width=\"246\">210 GPa<\/td>\n<\/tr>\n<tr>\n<td colspan=\"4\" width=\"310\"><strong>\u00a0<\/strong><\/td>\n<td colspan=\"\" width=\"246\">Alargamiento a la rotura A<sub>5<\/sub><\/td>\n<td colspan=\"\" width=\"246\">10<\/td>\n<\/tr>\n<tr>\n<td colspan=\"7\" width=\"735\"><strong>Recomendaci\u00f3n de procesamiento<\/strong><\/td>\n<\/tr>\n<tr>\n<td colspan=\"7\" width=\"735\"><strong>Modelado<\/strong><\/td>\n<\/tr>\n<tr>\n<td colspan=\"7\" width=\"735\">Realice el encerado como de costumbre, pero evite espesores de pared inferiores a 0,35 mm. Guiar los canales de fundici\u00f3n de forma indirecta. Utilice alambres de cera redondos de \u00d8 2-2,5 mm para coronas individuales y de \u00d8 2,5-3 mm para puentes. Para trabajos grandes con 4 o m\u00e1s unidades, utilizar canal de distribuci\u00f3n (barra de fundici\u00f3n) con \u00d8 3,5-4 mm, para p\u00f3nticos s\u00f3lidos utilizar hasta \u00d8 5 mm.<\/td>\n<\/tr>\n<tr>\n<td colspan=\"7\" width=\"735\"><strong>\u00a0<\/strong><\/td>\n<\/tr>\n<tr>\n<td colspan=\"7\" width=\"735\"><strong>Incrustaci\u00f3n y fundici\u00f3n<\/strong><\/td>\n<\/tr>\n<tr>\n<td colspan=\"7\" width=\"735\">Los revestimientos de coronas y puentes ligados con fosfato son adecuados. Temperatura de precalentamiento 850-900 \u00b0C, tiempo de mantenimiento a la temperatura final min. 30 minutos. Siga las instrucciones de funcionamiento de la m\u00e1quina de fundici\u00f3n. Para <strong>ADORBOND<sup>\u00ae <\/sup>CC <\/strong>utilice siempre un crisol de cer\u00e1mica distinto para evitar la contaminaci\u00f3n por otras aleaciones. Limpie el crisol despu\u00e9s de cada colada. No sobrecalentar la aleaci\u00f3n. Activar el proceso de fundici\u00f3n cuando todos los cubos hayan fluido juntos y la masa fundida tenga un brillo uniforme. Fusi\u00f3n con la llama siempre en la zona de reducci\u00f3n con movimientos circulares del quemador. Disparar la colada cuando la masa fundida se mueve debido a la presi\u00f3n de la llama. Deje que el cilindro de revestimiento se enfr\u00ede hasta el calor de la mano y devu\u00e9lvalo sin golpear el cono.<\/td>\n<\/tr>\n<tr>\n<td colspan=\"7\" width=\"735\"><strong>\u00a0<\/strong><\/td>\n<\/tr>\n<tr>\n<td colspan=\"7\" width=\"735\"><strong>Cocci\u00f3n de la cer\u00e1mica<\/strong><\/td>\n<\/tr>\n<tr>\n<td colspan=\"7\" width=\"735\">Se puede utilizar la cer\u00e1mica de fusi\u00f3n normal disponible en el mercado para aleaciones de cobalto con un coeficiente de expansi\u00f3n t\u00e9rmica adecuado. Tenga en cuenta las instrucciones de trabajo asociadas y las especificaciones del fabricante de la cer\u00e1mica en cuanto a la velocidad de enfriamiento despu\u00e9s de la cocci\u00f3n. <strong>Despu\u00e9s de acostarse:<\/strong><\/p>\n<p>1. Cortar los canales y terminarlos. Para ello se recomiendan las fresas de carburo.<\/p>\n<p>2. Arreglar la superficie de la estructura en la m\u00e1quina de chorrear con \u00f3xido de aluminio de 100 \u00b5m o 250 \u00b5m.<\/p>\n<p>3. Limpiar la estructura en agua destilada con ultrasonidos o con acetato de etilo desengrasante.<\/p>\n<p>Cocci\u00f3n de \u00f3xido (opcional para comprobar la superficie) durante 5 minutos a unos 960 \u00b0C en vac\u00edo. Despu\u00e9s de la cocci\u00f3n, siempre hay que volver a chorrear la capa de \u00f3xido y desengrasar de nuevo.<\/p>\n<p>Nota: La limpieza de la superficie es la mejor protecci\u00f3n contra las burbujas en la cer\u00e1mica.<\/p>\n<p>Aplique una fina capa de cocci\u00f3n de lavado y, a continuaci\u00f3n, aplique una segunda capa de cocci\u00f3n base para cubrir toda la superficie.<\/p>\n<p>Deje siempre que los opacos se sequen completamente a 600 \u00b0C durante 5-10 minutos antes de la cocci\u00f3n.<\/p>\n<p>6. Cocci\u00f3n y enfriamiento seg\u00fan las instrucciones del fabricante de la masa cer\u00e1mica utilizada.<\/p>\n<p>En caso de enfriamiento prolongado, realice una fase de enfriamiento hasta aproximadamente 750 \u00b0C despu\u00e9s de cada cocci\u00f3n de dentina, correcci\u00f3n y glaseado.<\/td>\n<\/tr>\n<tr>\n<td colspan=\"7\" width=\"735\"><\/td>\n<\/tr>\n<tr>\n<td colspan=\"7\" width=\"735\"><strong>Trabajo final<\/strong><\/p>\n<p>Despu\u00e9s de la cocci\u00f3n de la cer\u00e1mica, engomar las piezas de la estructura sin venera y pulir hasta obtener un alto brillo con una pasta de pulido para aleaciones dentales o con herramientas de pulido rotativas.<\/td>\n<\/tr>\n<tr>\n<td colspan=\"7\" width=\"735\"><\/td>\n<\/tr>\n<tr>\n<td colspan=\"7\" width=\"735\"><strong>Soldadura<\/strong><\/p>\n<p>Soldar antes de la cocci\u00f3n con <strong>ADORBOND<sup>\u00ae<\/sup> Lote CC<\/strong> y el flujo de alta temperatura asociado. La anchura de la separaci\u00f3n de la soldadura debe ser de 0,05-0,2 mm. Soldadura por l\u00e1ser con <strong>ADORBOND<sup>\u00ae<\/sup> Hilo l\u00e1ser CC<\/strong>.<\/td>\n<\/tr>\n<tr>\n<td colspan=\"7\" width=\"735\"><\/td>\n<\/tr>\n<tr>\n<td colspan=\"7\" width=\"735\"><strong>Instrucciones de seguridad<\/strong><\/p>\n<p>El polvo met\u00e1lico es perjudicial para la salud. Utilizar la succi\u00f3n para el acabado y el chorreado. Hay que tener en cuenta las hipersensibilidades a los componentes de la aleaci\u00f3n. Si se sospecha de intolerancias a elementos individuales de esta aleaci\u00f3n, no debe utilizarse.<\/td>\n<\/tr>\n<tr>\n<td colspan=\"7\" width=\"735\"><strong>\u00a0<\/strong><\/td>\n<\/tr>\n<tr>\n<td colspan=\"7\" width=\"735\"><strong>Garant\u00eda<\/strong><\/p>\n<p>Estas recomendaciones de aplicaci\u00f3n se basan en nuestras propias pruebas y experiencias y, por lo tanto, s\u00f3lo pueden considerarse como directrices. El dentista o el prot\u00e9sico dental son responsables del correcto procesamiento de la aleaci\u00f3n.<\/td>\n<\/tr>\n<\/tbody>\n<\/table>","protected":false},"excerpt":{"rendered":"<p><strong>1000g<\/strong><\/p>\n<p>Aleaci\u00f3n de cromo-cobalto para masas cer\u00e1micas de alta fusi\u00f3n<\/p>","protected":false},"featured_media":29944,"comment_status":"open","ping_status":"closed","template":"","meta":{"neve_meta_sidebar":"","neve_meta_container":"","neve_meta_enable_content_width":"off","neve_meta_content_width":70,"neve_meta_title_alignment":"","neve_meta_author_avatar":"","neve_post_elements_order":"","neve_meta_disable_header":"","neve_meta_disable_footer":"","neve_meta_disable_title":"","_themeisle_gutenberg_block_has_review":false},"product_brand":[],"product_cat":[53,33,35],"product_tag":[434],"class_list":{"0":"post-2895","1":"product","2":"type-product","3":"status-publish","4":"has-post-thumbnail","6":"product_cat-aufbrennlegierungen","7":"product_cat-legierungen","8":"product_cat-nem-legierungen","9":"product_tag-dentalheld","11":"first","12":"instock","13":"taxable","14":"shipping-taxable","15":"purchasable","16":"product-type-simple"},"yoast_head":"<!-- This site is optimized with the Yoast SEO plugin v27.4 - https:\/\/yoast.com\/product\/yoast-seo-wordpress\/ -->\n<title>ADORBOND CC - Ador Dental GmbH<\/title>\n<meta name=\"description\" content=\"Unser Adorbond CC ist eine dentale Metallkeramik-Legierung auf Kobalt-Basis. Frei von Nickel, Cadmium, Beryllium und Blei.\" \/>\n<meta name=\"robots\" content=\"index, follow, max-snippet:-1, max-image-preview:large, max-video-preview:-1\" \/>\n<link rel=\"canonical\" href=\"https:\/\/www.ador-dental.de\/es\/producto\/aufbrennlegierung-adorbond-cc\/\" \/>\n<meta property=\"og:locale\" content=\"es_ES\" \/>\n<meta property=\"og:type\" content=\"article\" \/>\n<meta property=\"og:title\" content=\"ADORBOND CC - Ador Dental GmbH\" \/>\n<meta property=\"og:description\" content=\"Unser Adorbond CC ist eine dentale Metallkeramik-Legierung auf Kobalt-Basis. Frei von Nickel, Cadmium, Beryllium und Blei.\" \/>\n<meta property=\"og:url\" content=\"https:\/\/www.ador-dental.de\/es\/producto\/aufbrennlegierung-adorbond-cc\/\" \/>\n<meta property=\"og:site_name\" content=\"Ador Dental GmbH\" \/>\n<meta property=\"article:modified_time\" content=\"2026-02-16T10:46:05+00:00\" \/>\n<meta property=\"og:image\" content=\"https:\/\/www.ador-dental.de\/wp-content\/uploads\/2025\/07\/Adorbond-CC-1-PB-N.png\" \/>\n\t<meta property=\"og:image:width\" content=\"1024\" \/>\n\t<meta property=\"og:image:height\" content=\"1024\" \/>\n\t<meta property=\"og:image:type\" content=\"image\/png\" \/>\n<meta name=\"twitter:card\" content=\"summary_large_image\" \/>\n<meta name=\"twitter:label1\" content=\"Tiempo de lectura\" \/>\n\t<meta name=\"twitter:data1\" content=\"4 minutos\" \/>\n<script type=\"application\/ld+json\" class=\"yoast-schema-graph\">{\"@context\":\"https:\\\/\\\/schema.org\",\"@graph\":[{\"@type\":\"WebPage\",\"@id\":\"https:\\\/\\\/www.ador-dental.de\\\/produkt\\\/aufbrennlegierung-adorbond-cc\\\/\",\"url\":\"https:\\\/\\\/www.ador-dental.de\\\/produkt\\\/aufbrennlegierung-adorbond-cc\\\/\",\"name\":\"ADORBOND CC - Ador Dental GmbH\",\"isPartOf\":{\"@id\":\"https:\\\/\\\/www.ador-dental.de\\\/en\\\/#website\"},\"primaryImageOfPage\":{\"@id\":\"https:\\\/\\\/www.ador-dental.de\\\/produkt\\\/aufbrennlegierung-adorbond-cc\\\/#primaryimage\"},\"image\":{\"@id\":\"https:\\\/\\\/www.ador-dental.de\\\/produkt\\\/aufbrennlegierung-adorbond-cc\\\/#primaryimage\"},\"thumbnailUrl\":\"https:\\\/\\\/www.ador-dental.de\\\/wp-content\\\/uploads\\\/2025\\\/07\\\/Adorbond-CC-1-PB-N.png\",\"datePublished\":\"2020-03-20T14:53:24+00:00\",\"dateModified\":\"2026-02-16T10:46:05+00:00\",\"description\":\"Unser Adorbond CC ist eine dentale Metallkeramik-Legierung auf Kobalt-Basis. Frei von Nickel, Cadmium, Beryllium und Blei.\",\"breadcrumb\":{\"@id\":\"https:\\\/\\\/www.ador-dental.de\\\/produkt\\\/aufbrennlegierung-adorbond-cc\\\/#breadcrumb\"},\"inLanguage\":\"es\",\"potentialAction\":[{\"@type\":\"ReadAction\",\"target\":[\"https:\\\/\\\/www.ador-dental.de\\\/produkt\\\/aufbrennlegierung-adorbond-cc\\\/\"]}]},{\"@type\":\"ImageObject\",\"inLanguage\":\"es\",\"@id\":\"https:\\\/\\\/www.ador-dental.de\\\/produkt\\\/aufbrennlegierung-adorbond-cc\\\/#primaryimage\",\"url\":\"https:\\\/\\\/www.ador-dental.de\\\/wp-content\\\/uploads\\\/2025\\\/07\\\/Adorbond-CC-1-PB-N.png\",\"contentUrl\":\"https:\\\/\\\/www.ador-dental.de\\\/wp-content\\\/uploads\\\/2025\\\/07\\\/Adorbond-CC-1-PB-N.png\",\"width\":1024,\"height\":1024},{\"@type\":\"BreadcrumbList\",\"@id\":\"https:\\\/\\\/www.ador-dental.de\\\/produkt\\\/aufbrennlegierung-adorbond-cc\\\/#breadcrumb\",\"itemListElement\":[{\"@type\":\"ListItem\",\"position\":1,\"name\":\"Startseite\",\"item\":\"https:\\\/\\\/www.ador-dental.de\\\/\"},{\"@type\":\"ListItem\",\"position\":2,\"name\":\"Shop\",\"item\":\"https:\\\/\\\/www.ador-dental.de\\\/en\\\/shop\\\/\"},{\"@type\":\"ListItem\",\"position\":3,\"name\":\"ADORBOND CC\"}]},{\"@type\":\"WebSite\",\"@id\":\"https:\\\/\\\/www.ador-dental.de\\\/en\\\/#website\",\"url\":\"https:\\\/\\\/www.ador-dental.de\\\/en\\\/\",\"name\":\"Ador Dental GmbH\",\"description\":\"\",\"publisher\":{\"@id\":\"https:\\\/\\\/www.ador-dental.de\\\/en\\\/#organization\"},\"potentialAction\":[{\"@type\":\"SearchAction\",\"target\":{\"@type\":\"EntryPoint\",\"urlTemplate\":\"https:\\\/\\\/www.ador-dental.de\\\/en\\\/?s={search_term_string}\"},\"query-input\":{\"@type\":\"PropertyValueSpecification\",\"valueRequired\":true,\"valueName\":\"search_term_string\"}}],\"inLanguage\":\"es\"},{\"@type\":\"Organization\",\"@id\":\"https:\\\/\\\/www.ador-dental.de\\\/en\\\/#organization\",\"name\":\"Ador Dental GmbH\",\"url\":\"https:\\\/\\\/www.ador-dental.de\\\/en\\\/\",\"logo\":{\"@type\":\"ImageObject\",\"inLanguage\":\"es\",\"@id\":\"https:\\\/\\\/www.ador-dental.de\\\/en\\\/#\\\/schema\\\/logo\\\/image\\\/\",\"url\":\"https:\\\/\\\/www.ador-dental.de\\\/wp-content\\\/uploads\\\/2021\\\/10\\\/ADOR_Logo_DentalSolutions_2020_Black.svg\",\"contentUrl\":\"https:\\\/\\\/www.ador-dental.de\\\/wp-content\\\/uploads\\\/2021\\\/10\\\/ADOR_Logo_DentalSolutions_2020_Black.svg\",\"width\":678,\"height\":261,\"caption\":\"Ador Dental GmbH\"},\"image\":{\"@id\":\"https:\\\/\\\/www.ador-dental.de\\\/en\\\/#\\\/schema\\\/logo\\\/image\\\/\"}}]}<\/script>\n<!-- \/ Yoast SEO plugin. -->","yoast_head_json":{"title":"ADORBOND CC - Ador Dental GmbH","description":"Unser Adorbond CC ist eine dentale Metallkeramik-Legierung auf Kobalt-Basis. Frei von Nickel, Cadmium, Beryllium und Blei.","robots":{"index":"index","follow":"follow","max-snippet":"max-snippet:-1","max-image-preview":"max-image-preview:large","max-video-preview":"max-video-preview:-1"},"canonical":"https:\/\/www.ador-dental.de\/es\/producto\/aufbrennlegierung-adorbond-cc\/","og_locale":"es_ES","og_type":"article","og_title":"ADORBOND CC - Ador Dental GmbH","og_description":"Unser Adorbond CC ist eine dentale Metallkeramik-Legierung auf Kobalt-Basis. Frei von Nickel, Cadmium, Beryllium und Blei.","og_url":"https:\/\/www.ador-dental.de\/es\/producto\/aufbrennlegierung-adorbond-cc\/","og_site_name":"Ador Dental GmbH","article_modified_time":"2026-02-16T10:46:05+00:00","og_image":[{"width":1024,"height":1024,"url":"https:\/\/www.ador-dental.de\/wp-content\/uploads\/2025\/07\/Adorbond-CC-1-PB-N.png","type":"image\/png"}],"twitter_card":"summary_large_image","twitter_misc":{"Tiempo de lectura":"4 minutos"},"schema":{"@context":"https:\/\/schema.org","@graph":[{"@type":"WebPage","@id":"https:\/\/www.ador-dental.de\/produkt\/aufbrennlegierung-adorbond-cc\/","url":"https:\/\/www.ador-dental.de\/produkt\/aufbrennlegierung-adorbond-cc\/","name":"ADORBOND CC - Ador Dental GmbH","isPartOf":{"@id":"https:\/\/www.ador-dental.de\/en\/#website"},"primaryImageOfPage":{"@id":"https:\/\/www.ador-dental.de\/produkt\/aufbrennlegierung-adorbond-cc\/#primaryimage"},"image":{"@id":"https:\/\/www.ador-dental.de\/produkt\/aufbrennlegierung-adorbond-cc\/#primaryimage"},"thumbnailUrl":"https:\/\/www.ador-dental.de\/wp-content\/uploads\/2025\/07\/Adorbond-CC-1-PB-N.png","datePublished":"2020-03-20T14:53:24+00:00","dateModified":"2026-02-16T10:46:05+00:00","description":"Unser Adorbond CC ist eine dentale Metallkeramik-Legierung auf Kobalt-Basis. Frei von Nickel, Cadmium, Beryllium und Blei.","breadcrumb":{"@id":"https:\/\/www.ador-dental.de\/produkt\/aufbrennlegierung-adorbond-cc\/#breadcrumb"},"inLanguage":"es","potentialAction":[{"@type":"ReadAction","target":["https:\/\/www.ador-dental.de\/produkt\/aufbrennlegierung-adorbond-cc\/"]}]},{"@type":"ImageObject","inLanguage":"es","@id":"https:\/\/www.ador-dental.de\/produkt\/aufbrennlegierung-adorbond-cc\/#primaryimage","url":"https:\/\/www.ador-dental.de\/wp-content\/uploads\/2025\/07\/Adorbond-CC-1-PB-N.png","contentUrl":"https:\/\/www.ador-dental.de\/wp-content\/uploads\/2025\/07\/Adorbond-CC-1-PB-N.png","width":1024,"height":1024},{"@type":"BreadcrumbList","@id":"https:\/\/www.ador-dental.de\/produkt\/aufbrennlegierung-adorbond-cc\/#breadcrumb","itemListElement":[{"@type":"ListItem","position":1,"name":"Startseite","item":"https:\/\/www.ador-dental.de\/"},{"@type":"ListItem","position":2,"name":"Shop","item":"https:\/\/www.ador-dental.de\/en\/shop\/"},{"@type":"ListItem","position":3,"name":"ADORBOND CC"}]},{"@type":"WebSite","@id":"https:\/\/www.ador-dental.de\/en\/#website","url":"https:\/\/www.ador-dental.de\/en\/","name":"Ador Dental GmbH","description":"","publisher":{"@id":"https:\/\/www.ador-dental.de\/en\/#organization"},"potentialAction":[{"@type":"SearchAction","target":{"@type":"EntryPoint","urlTemplate":"https:\/\/www.ador-dental.de\/en\/?s={search_term_string}"},"query-input":{"@type":"PropertyValueSpecification","valueRequired":true,"valueName":"search_term_string"}}],"inLanguage":"es"},{"@type":"Organization","@id":"https:\/\/www.ador-dental.de\/en\/#organization","name":"Ador Dental GmbH","url":"https:\/\/www.ador-dental.de\/en\/","logo":{"@type":"ImageObject","inLanguage":"es","@id":"https:\/\/www.ador-dental.de\/en\/#\/schema\/logo\/image\/","url":"https:\/\/www.ador-dental.de\/wp-content\/uploads\/2021\/10\/ADOR_Logo_DentalSolutions_2020_Black.svg","contentUrl":"https:\/\/www.ador-dental.de\/wp-content\/uploads\/2021\/10\/ADOR_Logo_DentalSolutions_2020_Black.svg","width":678,"height":261,"caption":"Ador Dental GmbH"},"image":{"@id":"https:\/\/www.ador-dental.de\/en\/#\/schema\/logo\/image\/"}}]}},"_links":{"self":[{"href":"https:\/\/www.ador-dental.de\/es\/wp-json\/wp\/v2\/product\/2895","targetHints":{"allow":["GET"]}}],"collection":[{"href":"https:\/\/www.ador-dental.de\/es\/wp-json\/wp\/v2\/product"}],"about":[{"href":"https:\/\/www.ador-dental.de\/es\/wp-json\/wp\/v2\/types\/product"}],"replies":[{"embeddable":true,"href":"https:\/\/www.ador-dental.de\/es\/wp-json\/wp\/v2\/comments?post=2895"}],"version-history":[{"count":7,"href":"https:\/\/www.ador-dental.de\/es\/wp-json\/wp\/v2\/product\/2895\/revisions"}],"predecessor-version":[{"id":29191,"href":"https:\/\/www.ador-dental.de\/es\/wp-json\/wp\/v2\/product\/2895\/revisions\/29191"}],"wp:featuredmedia":[{"embeddable":true,"href":"https:\/\/www.ador-dental.de\/es\/wp-json\/wp\/v2\/media\/29944"}],"wp:attachment":[{"href":"https:\/\/www.ador-dental.de\/es\/wp-json\/wp\/v2\/media?parent=2895"}],"wp:term":[{"taxonomy":"product_brand","embeddable":true,"href":"https:\/\/www.ador-dental.de\/es\/wp-json\/wp\/v2\/product_brand?post=2895"},{"taxonomy":"product_cat","embeddable":true,"href":"https:\/\/www.ador-dental.de\/es\/wp-json\/wp\/v2\/product_cat?post=2895"},{"taxonomy":"product_tag","embeddable":true,"href":"https:\/\/www.ador-dental.de\/es\/wp-json\/wp\/v2\/product_tag?post=2895"}],"curies":[{"name":"wp","href":"https:\/\/api.w.org\/{rel}","templated":true}]}}