{"id":28263,"date":"2024-04-16T13:18:25","date_gmt":"2024-04-16T11:18:25","guid":{"rendered":"https:\/\/www.ador-dental.de\/?post_type=product&#038;p=28263"},"modified":"2024-10-18T15:06:01","modified_gmt":"2024-10-18T13:06:01","slug":"vhm-rotierfraeser-o15mm-optimiert-fuer-die-cocr-titan-bearbeitung-t10","status":"publish","type":"product","link":"https:\/\/www.ador-dental.de\/es\/producto\/vhm-rotierfraeser-o15mm-optimiert-fuer-die-cocr-titan-bearbeitung-t10\/","title":{"rendered":"Fresa rotativa de metal duro \u00d81,5 mm, optimizada para el mecanizado de CoCr, titanio T10"},"content":{"rendered":"<h4 class=\"content--title\">Informaci\u00f3n sobre el producto \"Fresa rotativa de metal duro \u00d81,5 mm, optimizada para el mecanizado de CoCr, titanio\"<\/h4>\n<div class=\"product--description\">\n<p>Fresa rotativa de metal duro \u00d81,5mm, optimizada para el mecanizado de CoCr, titanio, 10 canales, m\u00e1xima precisi\u00f3n gracias a tolerancias estrechas y m\u00e1xima calidad de superficie, con rectificado en relieve l3=10mm, versi\u00f3n sin recubrimiento, recomendada para m\u00e1quinas My Evolution con mango d2=6mm<\/p>\n<p>&nbsp;<\/p>\n<\/div>\n<div class=\"product--properties panel\">\n<h4 class=\"content--title\">Caracter\u00edsticas del producto<\/h4>\n<table class=\"product--properties-table\">\n<tbody>\n<tr class=\"product--properties-row\">\n<td class=\"product--properties-label is--bold\">Tipo de herramientas:<\/td>\n<td class=\"product--properties-value\">Fresa rotativa<\/td>\n<\/tr>\n<tr class=\"product--properties-row\">\n<td class=\"product--properties-label is--bold\">Materiales mecanizables:<\/td>\n<td class=\"product--properties-value\">CoCr, titanio<\/td>\n<\/tr>\n<tr class=\"product--properties-row\">\n<td class=\"product--properties-label is--bold\">compatible con el sistema de la m\u00e1quina:<\/td>\n<td class=\"product--properties-value\">Mi evoluci\u00f3n<\/td>\n<\/tr>\n<tr class=\"product--properties-row\">\n<td class=\"product--properties-label is--bold\">Di\u00e1metro de corte en mm (d1):<\/td>\n<td class=\"product--properties-value\">1,5<\/td>\n<\/tr>\n<tr class=\"product--properties-row\">\n<td class=\"product--properties-label is--bold\">Di\u00e1metro del v\u00e1stago en mm (d2):<\/td>\n<td class=\"product--properties-value\">6<\/td>\n<\/tr>\n<tr class=\"product--properties-row\">\n<td class=\"product--properties-label is--bold\">Turno:<\/td>\n<td class=\"product--properties-value\">EN BLANCO<\/td>\n<\/tr>\n<tr class=\"product--properties-row\">\n<td class=\"product--properties-label is--bold\">Longitud libre en mm (l3):<\/td>\n<td class=\"product--properties-value\">10<\/td>\n<\/tr>\n<tr class=\"product--properties-row\">\n<td class=\"product--properties-label is--bold\">Longitud total en mm (l1):<\/td>\n<td class=\"product--properties-value\">50<\/td>\n<\/tr>\n<tr class=\"product--properties-row\">\n<td class=\"product--properties-label is--bold\">Radio (r):<\/td>\n<td class=\"product--properties-value\">0,75<\/td>\n<\/tr>\n<tr class=\"product--properties-row\">\n<td class=\"product--properties-label is--bold\">Longitud del filo de corte en mm (l2):<\/td>\n<td class=\"product--properties-value\">10<\/td>\n<\/tr>\n<tr class=\"product--properties-row\">\n<td class=\"product--properties-label is--bold\">N\u00famero de dientes (z):<\/td>\n<td class=\"product--properties-value\">10<\/td>\n<\/tr>\n<\/tbody>\n<\/table>\n<\/div>","protected":false},"excerpt":{"rendered":"<p>Fresa rotativa de metal duro \u00d81,5mm, optimizada para el mecanizado de CoCr, titanio, 10 canales, m\u00e1xima precisi\u00f3n gracias a tolerancias estrechas y m\u00e1xima calidad de superficie, con rectificado en relieve l3=10mm, versi\u00f3n sin recubrimiento, recomendada para m\u00e1quinas My Evolution con mango d2=6mm<\/p>\n<p><strong>para My Evolution Roland<\/strong><\/p>","protected":false},"featured_media":28836,"comment_status":"open","ping_status":"closed","template":"","meta":{"neve_meta_sidebar":"","neve_meta_container":"","neve_meta_enable_content_width":"off","neve_meta_content_width":100,"neve_meta_title_alignment":"","neve_meta_author_avatar":"","neve_post_elements_order":"","neve_meta_disable_header":"","neve_meta_disable_footer":"","neve_meta_disable_title":"","_themeisle_gutenberg_block_has_review":false},"product_brand":[],"product_cat":[431,470,1138],"product_tag":[1140,1139,1141,1130],"class_list":{"0":"post-28263","1":"product","2":"type-product","3":"status-publish","4":"has-post-thumbnail","6":"product_cat-adormilling","7":"product_cat-fraeser","8":"product_cat-myevolution","9":"product_tag-cocr","10":"product_tag-fraeser","11":"product_tag-ibb","12":"product_tag-titan","14":"first","15":"instock","16":"taxable","17":"shipping-taxable","18":"purchasable","19":"product-type-simple"},"yoast_head":"<!-- This site is optimized with the Yoast SEO plugin v27.4 - https:\/\/yoast.com\/product\/yoast-seo-wordpress\/ -->\n<title>VHM-Rotierfr\u00e4ser \u00d81,5mm, optimiert f\u00fcr die CoCr, Titan-Bearbeitung T10 - Ador Dental GmbH<\/title>\n<meta name=\"description\" content=\"VHM-Rotierfr\u00e4ser \u00d81,5mm, optimiert f\u00fcr die CoCr, Titan-Bearbeitung, 10-schneidig, h\u00f6chste Pr\u00e4zision durch enge Toleranzen und h\u00f6chste Oberfl\u00e4cheng\u00fcten\" \/>\n<meta name=\"robots\" content=\"index, follow, max-snippet:-1, max-image-preview:large, max-video-preview:-1\" \/>\n<link rel=\"canonical\" href=\"https:\/\/www.ador-dental.de\/es\/producto\/vhm-rotierfraeser-o15mm-optimiert-fuer-die-cocr-titan-bearbeitung-t10\/\" \/>\n<meta property=\"og:locale\" content=\"es_ES\" \/>\n<meta property=\"og:type\" content=\"article\" \/>\n<meta property=\"og:title\" content=\"VHM-Rotierfr\u00e4ser \u00d81,5mm, optimiert f\u00fcr die CoCr, Titan-Bearbeitung T10 - Ador Dental GmbH\" \/>\n<meta property=\"og:description\" content=\"VHM-Rotierfr\u00e4ser \u00d81,5mm, optimiert f\u00fcr die CoCr, Titan-Bearbeitung, 10-schneidig, h\u00f6chste Pr\u00e4zision durch enge Toleranzen und h\u00f6chste Oberfl\u00e4cheng\u00fcten\" \/>\n<meta property=\"og:url\" content=\"https:\/\/www.ador-dental.de\/es\/producto\/vhm-rotierfraeser-o15mm-optimiert-fuer-die-cocr-titan-bearbeitung-t10\/\" \/>\n<meta property=\"og:site_name\" content=\"Ador Dental GmbH\" \/>\n<meta property=\"article:modified_time\" content=\"2024-10-18T13:06:01+00:00\" \/>\n<meta property=\"og:image\" content=\"https:\/\/www.ador-dental.de\/wp-content\/uploads\/2024\/04\/818.195.A.HD_.jpg\" \/>\n\t<meta property=\"og:image:width\" content=\"1280\" \/>\n\t<meta property=\"og:image:height\" content=\"717\" \/>\n\t<meta property=\"og:image:type\" content=\"image\/jpeg\" \/>\n<meta name=\"twitter:card\" content=\"summary_large_image\" \/>\n<script type=\"application\/ld+json\" class=\"yoast-schema-graph\">{\"@context\":\"https:\\\/\\\/schema.org\",\"@graph\":[{\"@type\":\"WebPage\",\"@id\":\"https:\\\/\\\/www.ador-dental.de\\\/produkt\\\/vhm-rotierfraeser-o15mm-optimiert-fuer-die-cocr-titan-bearbeitung-t10\\\/\",\"url\":\"https:\\\/\\\/www.ador-dental.de\\\/produkt\\\/vhm-rotierfraeser-o15mm-optimiert-fuer-die-cocr-titan-bearbeitung-t10\\\/\",\"name\":\"VHM-Rotierfr\u00e4ser \u00d81,5mm, optimiert f\u00fcr die CoCr, Titan-Bearbeitung T10 - Ador Dental GmbH\",\"isPartOf\":{\"@id\":\"https:\\\/\\\/www.ador-dental.de\\\/en\\\/#website\"},\"primaryImageOfPage\":{\"@id\":\"https:\\\/\\\/www.ador-dental.de\\\/produkt\\\/vhm-rotierfraeser-o15mm-optimiert-fuer-die-cocr-titan-bearbeitung-t10\\\/#primaryimage\"},\"image\":{\"@id\":\"https:\\\/\\\/www.ador-dental.de\\\/produkt\\\/vhm-rotierfraeser-o15mm-optimiert-fuer-die-cocr-titan-bearbeitung-t10\\\/#primaryimage\"},\"thumbnailUrl\":\"https:\\\/\\\/www.ador-dental.de\\\/wp-content\\\/uploads\\\/2024\\\/04\\\/818.195.A.HD_.jpg\",\"datePublished\":\"2024-04-16T11:18:25+00:00\",\"dateModified\":\"2024-10-18T13:06:01+00:00\",\"description\":\"VHM-Rotierfr\u00e4ser \u00d81,5mm, optimiert f\u00fcr die CoCr, Titan-Bearbeitung, 10-schneidig, h\u00f6chste Pr\u00e4zision durch enge Toleranzen und h\u00f6chste Oberfl\u00e4cheng\u00fcten\",\"breadcrumb\":{\"@id\":\"https:\\\/\\\/www.ador-dental.de\\\/produkt\\\/vhm-rotierfraeser-o15mm-optimiert-fuer-die-cocr-titan-bearbeitung-t10\\\/#breadcrumb\"},\"inLanguage\":\"es\",\"potentialAction\":[{\"@type\":\"ReadAction\",\"target\":[\"https:\\\/\\\/www.ador-dental.de\\\/produkt\\\/vhm-rotierfraeser-o15mm-optimiert-fuer-die-cocr-titan-bearbeitung-t10\\\/\"]}]},{\"@type\":\"ImageObject\",\"inLanguage\":\"es\",\"@id\":\"https:\\\/\\\/www.ador-dental.de\\\/produkt\\\/vhm-rotierfraeser-o15mm-optimiert-fuer-die-cocr-titan-bearbeitung-t10\\\/#primaryimage\",\"url\":\"https:\\\/\\\/www.ador-dental.de\\\/wp-content\\\/uploads\\\/2024\\\/04\\\/818.195.A.HD_.jpg\",\"contentUrl\":\"https:\\\/\\\/www.ador-dental.de\\\/wp-content\\\/uploads\\\/2024\\\/04\\\/818.195.A.HD_.jpg\",\"width\":1280,\"height\":717},{\"@type\":\"BreadcrumbList\",\"@id\":\"https:\\\/\\\/www.ador-dental.de\\\/produkt\\\/vhm-rotierfraeser-o15mm-optimiert-fuer-die-cocr-titan-bearbeitung-t10\\\/#breadcrumb\",\"itemListElement\":[{\"@type\":\"ListItem\",\"position\":1,\"name\":\"Startseite\",\"item\":\"https:\\\/\\\/www.ador-dental.de\\\/\"},{\"@type\":\"ListItem\",\"position\":2,\"name\":\"Shop\",\"item\":\"https:\\\/\\\/www.ador-dental.de\\\/en\\\/shop\\\/\"},{\"@type\":\"ListItem\",\"position\":3,\"name\":\"VHM-Rotierfr\u00e4ser \u00d81,5mm, optimiert f\u00fcr die CoCr, Titan-Bearbeitung T10\"}]},{\"@type\":\"WebSite\",\"@id\":\"https:\\\/\\\/www.ador-dental.de\\\/en\\\/#website\",\"url\":\"https:\\\/\\\/www.ador-dental.de\\\/en\\\/\",\"name\":\"Ador Dental GmbH\",\"description\":\"\",\"publisher\":{\"@id\":\"https:\\\/\\\/www.ador-dental.de\\\/en\\\/#organization\"},\"potentialAction\":[{\"@type\":\"SearchAction\",\"target\":{\"@type\":\"EntryPoint\",\"urlTemplate\":\"https:\\\/\\\/www.ador-dental.de\\\/en\\\/?s={search_term_string}\"},\"query-input\":{\"@type\":\"PropertyValueSpecification\",\"valueRequired\":true,\"valueName\":\"search_term_string\"}}],\"inLanguage\":\"es\"},{\"@type\":\"Organization\",\"@id\":\"https:\\\/\\\/www.ador-dental.de\\\/en\\\/#organization\",\"name\":\"Ador Dental GmbH\",\"url\":\"https:\\\/\\\/www.ador-dental.de\\\/en\\\/\",\"logo\":{\"@type\":\"ImageObject\",\"inLanguage\":\"es\",\"@id\":\"https:\\\/\\\/www.ador-dental.de\\\/en\\\/#\\\/schema\\\/logo\\\/image\\\/\",\"url\":\"https:\\\/\\\/www.ador-dental.de\\\/wp-content\\\/uploads\\\/2021\\\/10\\\/ADOR_Logo_DentalSolutions_2020_Black.svg\",\"contentUrl\":\"https:\\\/\\\/www.ador-dental.de\\\/wp-content\\\/uploads\\\/2021\\\/10\\\/ADOR_Logo_DentalSolutions_2020_Black.svg\",\"width\":678,\"height\":261,\"caption\":\"Ador Dental GmbH\"},\"image\":{\"@id\":\"https:\\\/\\\/www.ador-dental.de\\\/en\\\/#\\\/schema\\\/logo\\\/image\\\/\"}}]}<\/script>\n<!-- \/ Yoast SEO plugin. -->","yoast_head_json":{"title":"VHM-Rotierfr\u00e4ser \u00d81,5mm, optimiert f\u00fcr die CoCr, Titan-Bearbeitung T10 - Ador Dental GmbH","description":"VHM-Rotierfr\u00e4ser \u00d81,5mm, optimiert f\u00fcr die CoCr, Titan-Bearbeitung, 10-schneidig, h\u00f6chste Pr\u00e4zision durch enge Toleranzen und h\u00f6chste Oberfl\u00e4cheng\u00fcten","robots":{"index":"index","follow":"follow","max-snippet":"max-snippet:-1","max-image-preview":"max-image-preview:large","max-video-preview":"max-video-preview:-1"},"canonical":"https:\/\/www.ador-dental.de\/es\/producto\/vhm-rotierfraeser-o15mm-optimiert-fuer-die-cocr-titan-bearbeitung-t10\/","og_locale":"es_ES","og_type":"article","og_title":"VHM-Rotierfr\u00e4ser \u00d81,5mm, optimiert f\u00fcr die CoCr, Titan-Bearbeitung T10 - Ador Dental GmbH","og_description":"VHM-Rotierfr\u00e4ser \u00d81,5mm, optimiert f\u00fcr die CoCr, Titan-Bearbeitung, 10-schneidig, h\u00f6chste Pr\u00e4zision durch enge Toleranzen und h\u00f6chste Oberfl\u00e4cheng\u00fcten","og_url":"https:\/\/www.ador-dental.de\/es\/producto\/vhm-rotierfraeser-o15mm-optimiert-fuer-die-cocr-titan-bearbeitung-t10\/","og_site_name":"Ador Dental GmbH","article_modified_time":"2024-10-18T13:06:01+00:00","og_image":[{"width":1280,"height":717,"url":"https:\/\/www.ador-dental.de\/wp-content\/uploads\/2024\/04\/818.195.A.HD_.jpg","type":"image\/jpeg"}],"twitter_card":"summary_large_image","schema":{"@context":"https:\/\/schema.org","@graph":[{"@type":"WebPage","@id":"https:\/\/www.ador-dental.de\/produkt\/vhm-rotierfraeser-o15mm-optimiert-fuer-die-cocr-titan-bearbeitung-t10\/","url":"https:\/\/www.ador-dental.de\/produkt\/vhm-rotierfraeser-o15mm-optimiert-fuer-die-cocr-titan-bearbeitung-t10\/","name":"VHM-Rotierfr\u00e4ser \u00d81,5mm, optimiert f\u00fcr die CoCr, Titan-Bearbeitung T10 - Ador Dental GmbH","isPartOf":{"@id":"https:\/\/www.ador-dental.de\/en\/#website"},"primaryImageOfPage":{"@id":"https:\/\/www.ador-dental.de\/produkt\/vhm-rotierfraeser-o15mm-optimiert-fuer-die-cocr-titan-bearbeitung-t10\/#primaryimage"},"image":{"@id":"https:\/\/www.ador-dental.de\/produkt\/vhm-rotierfraeser-o15mm-optimiert-fuer-die-cocr-titan-bearbeitung-t10\/#primaryimage"},"thumbnailUrl":"https:\/\/www.ador-dental.de\/wp-content\/uploads\/2024\/04\/818.195.A.HD_.jpg","datePublished":"2024-04-16T11:18:25+00:00","dateModified":"2024-10-18T13:06:01+00:00","description":"VHM-Rotierfr\u00e4ser \u00d81,5mm, optimiert f\u00fcr die CoCr, Titan-Bearbeitung, 10-schneidig, h\u00f6chste Pr\u00e4zision durch enge Toleranzen und h\u00f6chste Oberfl\u00e4cheng\u00fcten","breadcrumb":{"@id":"https:\/\/www.ador-dental.de\/produkt\/vhm-rotierfraeser-o15mm-optimiert-fuer-die-cocr-titan-bearbeitung-t10\/#breadcrumb"},"inLanguage":"es","potentialAction":[{"@type":"ReadAction","target":["https:\/\/www.ador-dental.de\/produkt\/vhm-rotierfraeser-o15mm-optimiert-fuer-die-cocr-titan-bearbeitung-t10\/"]}]},{"@type":"ImageObject","inLanguage":"es","@id":"https:\/\/www.ador-dental.de\/produkt\/vhm-rotierfraeser-o15mm-optimiert-fuer-die-cocr-titan-bearbeitung-t10\/#primaryimage","url":"https:\/\/www.ador-dental.de\/wp-content\/uploads\/2024\/04\/818.195.A.HD_.jpg","contentUrl":"https:\/\/www.ador-dental.de\/wp-content\/uploads\/2024\/04\/818.195.A.HD_.jpg","width":1280,"height":717},{"@type":"BreadcrumbList","@id":"https:\/\/www.ador-dental.de\/produkt\/vhm-rotierfraeser-o15mm-optimiert-fuer-die-cocr-titan-bearbeitung-t10\/#breadcrumb","itemListElement":[{"@type":"ListItem","position":1,"name":"Startseite","item":"https:\/\/www.ador-dental.de\/"},{"@type":"ListItem","position":2,"name":"Shop","item":"https:\/\/www.ador-dental.de\/en\/shop\/"},{"@type":"ListItem","position":3,"name":"VHM-Rotierfr\u00e4ser \u00d81,5mm, optimiert f\u00fcr die CoCr, Titan-Bearbeitung T10"}]},{"@type":"WebSite","@id":"https:\/\/www.ador-dental.de\/en\/#website","url":"https:\/\/www.ador-dental.de\/en\/","name":"Ador Dental GmbH","description":"","publisher":{"@id":"https:\/\/www.ador-dental.de\/en\/#organization"},"potentialAction":[{"@type":"SearchAction","target":{"@type":"EntryPoint","urlTemplate":"https:\/\/www.ador-dental.de\/en\/?s={search_term_string}"},"query-input":{"@type":"PropertyValueSpecification","valueRequired":true,"valueName":"search_term_string"}}],"inLanguage":"es"},{"@type":"Organization","@id":"https:\/\/www.ador-dental.de\/en\/#organization","name":"Ador Dental GmbH","url":"https:\/\/www.ador-dental.de\/en\/","logo":{"@type":"ImageObject","inLanguage":"es","@id":"https:\/\/www.ador-dental.de\/en\/#\/schema\/logo\/image\/","url":"https:\/\/www.ador-dental.de\/wp-content\/uploads\/2021\/10\/ADOR_Logo_DentalSolutions_2020_Black.svg","contentUrl":"https:\/\/www.ador-dental.de\/wp-content\/uploads\/2021\/10\/ADOR_Logo_DentalSolutions_2020_Black.svg","width":678,"height":261,"caption":"Ador Dental GmbH"},"image":{"@id":"https:\/\/www.ador-dental.de\/en\/#\/schema\/logo\/image\/"}}]}},"_links":{"self":[{"href":"https:\/\/www.ador-dental.de\/es\/wp-json\/wp\/v2\/product\/28263","targetHints":{"allow":["GET"]}}],"collection":[{"href":"https:\/\/www.ador-dental.de\/es\/wp-json\/wp\/v2\/product"}],"about":[{"href":"https:\/\/www.ador-dental.de\/es\/wp-json\/wp\/v2\/types\/product"}],"replies":[{"embeddable":true,"href":"https:\/\/www.ador-dental.de\/es\/wp-json\/wp\/v2\/comments?post=28263"}],"version-history":[{"count":6,"href":"https:\/\/www.ador-dental.de\/es\/wp-json\/wp\/v2\/product\/28263\/revisions"}],"predecessor-version":[{"id":28864,"href":"https:\/\/www.ador-dental.de\/es\/wp-json\/wp\/v2\/product\/28263\/revisions\/28864"}],"wp:featuredmedia":[{"embeddable":true,"href":"https:\/\/www.ador-dental.de\/es\/wp-json\/wp\/v2\/media\/28836"}],"wp:attachment":[{"href":"https:\/\/www.ador-dental.de\/es\/wp-json\/wp\/v2\/media?parent=28263"}],"wp:term":[{"taxonomy":"product_brand","embeddable":true,"href":"https:\/\/www.ador-dental.de\/es\/wp-json\/wp\/v2\/product_brand?post=28263"},{"taxonomy":"product_cat","embeddable":true,"href":"https:\/\/www.ador-dental.de\/es\/wp-json\/wp\/v2\/product_cat?post=28263"},{"taxonomy":"product_tag","embeddable":true,"href":"https:\/\/www.ador-dental.de\/es\/wp-json\/wp\/v2\/product_tag?post=28263"}],"curies":[{"name":"wp","href":"https:\/\/api.w.org\/{rel}","templated":true}]}}