{"id":26915,"date":"2023-09-18T12:00:42","date_gmt":"2023-09-18T10:00:42","guid":{"rendered":"https:\/\/www.ador-dental.de\/?post_type=product&#038;p=26915"},"modified":"2025-04-11T10:37:04","modified_gmt":"2025-04-11T08:37:04","slug":"smart-optics-mini","status":"publish","type":"product","link":"https:\/\/www.ador-dental.de\/es\/producto\/smart-optics-mini\/","title":{"rendered":"\u00f3ptica inteligente mini"},"content":{"rendered":"<div class=\"fusion-title title fusion-title-1 fusion-sep-none fusion-title-text fusion-title-size-one\">\n<h4 class=\"fusion-title-heading title-heading-left\"><strong>\u00f3ptica inteligente mini<\/strong><\/h4>\n<\/div>\n<div class=\"fusion-text fusion-text-1\">\n<p>Con el smart optics mini, ofrecemos un complemento rentable pero de alta calidad a nuestra cartera junto a nuestros populares esc\u00e1neres de alto rendimiento. El moderno dise\u00f1o del esc\u00e1ner prescinde por completo de la placa base, una ventaja para la instalaci\u00f3n y la limpieza. El nuevo esc\u00e1ner 3D de sobremesa totalmente autom\u00e1tico fabricado en Alemania es el esc\u00e1ner 3D m\u00e1s silencioso del mercado y puede realizar con precisi\u00f3n las indicaciones dentales m\u00e1s comunes. Ideal para todos los principiantes y profesionales que deseen producir de forma sencilla, r\u00e1pida y precisa en sus propias instalaciones en condiciones favorables.<\/p>\n<\/div>\n<h4><strong>La E perfecta<\/strong><strong>entrada.<\/strong><\/h4>\n<p>El dise\u00f1o abierto permite a los usuarios trabajar r\u00e1pidamente en el \u00e1rea de exploraci\u00f3n. Al retirar la unidad giratoria, el smart optics mini deja espacio para los articuladores. Incluso los articuladores grandes caben sin esfuerzo. Las funciones incluidas de serie se han seleccionado de forma que puedan escanearse los casos dentales y de ortodoncia habituales. En caso necesario, la gama de funciones de smart optics mini puede ampliarse con hasta tres m\u00f3dulos. Decida lo que decida, la garant\u00eda de 2 a\u00f1os y su precisi\u00f3n de &lt; 6\u03bcm siguen siendo las mismas. Por supuesto, smart optics mini dispone de una interfaz tanto para exocad DentalCAD<sup>\u00ae<\/sup>\u00a0as\u00ed como el software OnyxCeph\u00b3\u2122.<\/p>\n<div class=\"fusion-text fusion-text-2\">\n<p>El modo Confort de smart optics, de pago, ampl\u00eda enormemente la gama de funciones de smart optics mini. Incluye una actualizaci\u00f3n de velocidad, que hace que el esc\u00e1ner alrededor de 25% m\u00e1s r\u00e1pido, as\u00ed como las siguientes caracter\u00edsticas:<\/p>\n<\/div>\n<ul class=\"fusion-checklist fusion-checklist-1 fusion-checklist-default type-icons\">\n<li class=\"fusion-li-item\"><i class=\"fusion-li-icon awb-icon-check\" aria-hidden=\"true\"><\/i>\n<div class=\"fusion-li-item-content\">Autoarticulaci\u00f3n<\/div>\n<\/li>\n<li class=\"fusion-li-item\"><i class=\"fusion-li-icon awb-icon-check\" aria-hidden=\"true\"><\/i>\n<div class=\"fusion-li-item-content\">Escaneado de texturas en color y monocromo<\/div>\n<\/li>\n<li class=\"fusion-li-item\"><i class=\"fusion-li-icon awb-icon-check\" aria-hidden=\"true\"><\/i>\n<div class=\"fusion-li-item-content\">\n<p>A\u00f1adir escaneado<\/p>\n<\/div>\n<\/li>\n<li class=\"fusion-li-item\"><i class=\"fusion-li-icon awb-icon-check\" aria-hidden=\"true\"><\/i>\n<div class=\"fusion-li-item-content\">Escaneo de correcci\u00f3n<\/div>\n<\/li>\n<li class=\"fusion-li-item\"><i class=\"fusion-li-icon awb-icon-check\" aria-hidden=\"true\"><\/i>\n<div class=\"fusion-li-item-content\">Plano de corte autom\u00e1tico<\/div>\n<\/li>\n<li class=\"fusion-li-item\"><i class=\"fusion-li-icon awb-icon-check\" aria-hidden=\"true\"><\/i>\n<div class=\"fusion-li-item-content\">Flujo de trabajo libre \"modo independiente\".<\/div>\n<\/li>\n<li class=\"fusion-li-item\"><i class=\"fusion-li-icon awb-icon-check\" aria-hidden=\"true\"><\/i>\n<div class=\"fusion-li-item-content\">\"Mostrar un paso de verificaci\u00f3n despu\u00e9s de cada exploraci\u00f3n\" ajuste<\/div>\n<\/li>\n<li class=\"fusion-li-item\"><i class=\"fusion-li-icon awb-icon-check\" aria-hidden=\"true\"><\/i>\n<div class=\"fusion-li-item-content\">Modo claro y oscuro<\/div>\n<\/li>\n<li class=\"fusion-li-item\"><i class=\"fusion-li-icon awb-icon-check\" aria-hidden=\"true\"><\/i>\n<div class=\"fusion-li-item-content\">Directorio de cach\u00e9<\/div>\n<\/li>\n<li class=\"fusion-li-item\"><i class=\"fusion-li-icon awb-icon-check\" aria-hidden=\"true\"><\/i>\n<div class=\"fusion-li-item-content\">Proyecto universal<\/div>\n<\/li>\n<\/ul>\n<h4>Datos concretos<\/h4>\n<div class=\"hardfacts__row\">\n<div class=\"hardfacts__row--caption\">\n<p>Velocidad de escaneado maxilar completo: 14 seg. mu\u00f1\u00f3n individual: 25 seg. puente de 3 unidades: 40 seg.<\/p>\n<\/div>\n<\/div>\n<div class=\"hardfacts__row\">\n<div class=\"hardfacts__row--caption\">\n<p>Precisi\u00f3n 6\u00b5m (ISO 12836)<\/p>\n<\/div>\n<\/div>\n<div class=\"hardfacts__row\">\n<div class=\"hardfacts__row--caption\">\n<p>Resoluci\u00f3n de la c\u00e1mara 1 x 1,6 MP<\/p>\n<\/div>\n<\/div>\n<div class=\"hardfacts__row\">\n<div class=\"hardfacts__row--caption\">\n<p>Tecnolog\u00eda del sensor de rayas de luz blanca de triangulaci\u00f3n<\/p>\n<\/div>\n<\/div>\n<div class=\"hardfacts__row\">\n<div class=\"hardfacts__row--caption\">\n<p>Garant\u00eda 4 a\u00f1os<\/p>\n<\/div>\n<\/div>","protected":false},"excerpt":{"rendered":"<div class=\"machine__entry--intro\">\n<p class=\"machine--teaser\"><strong>El comienzo perfecto<\/strong><\/p>\n<\/div>\n<div class=\"machine__entry--desc\">\n<p>Reducido a lo esencial, ofrecemos una alternativa rentable a los esc\u00e1neres de alto rendimiento con la \"\u00f3ptica inteligente mini\".<\/p>\n<\/div>\n<p><strong>Precio a la carta<\/strong><\/p>\n<p>PVP 5.990,00<\/p>","protected":false},"featured_media":26999,"comment_status":"open","ping_status":"closed","template":"","meta":{"neve_meta_sidebar":"","neve_meta_container":"","neve_meta_enable_content_width":"off","neve_meta_content_width":70,"neve_meta_title_alignment":"","neve_meta_author_avatar":"","neve_post_elements_order":"","neve_meta_disable_header":"","neve_meta_disable_footer":"","neve_meta_disable_title":"","_themeisle_gutenberg_block_has_review":false},"product_brand":[],"product_cat":[624,778],"product_tag":[],"class_list":{"0":"post-26915","1":"product","2":"type-product","3":"status-publish","4":"has-post-thumbnail","6":"product_cat-equipment","7":"product_cat-smart-optics","9":"first","10":"instock","11":"taxable","12":"shipping-taxable","13":"product-type-simple"},"yoast_head":"<!-- This site is optimized with the Yoast SEO plugin v27.6 - https:\/\/yoast.com\/product\/yoast-seo-wordpress\/ -->\n<title>smart optics mini - Ador Dental GmbH<\/title>\n<meta name=\"description\" content=\"Der Smart Optics Mini ist eine kosteng\u00fcnstige, aber qualitativ hochwertige Erweiterung unseres Smart Optics - Portfolios.\" \/>\n<meta name=\"robots\" content=\"index, follow, max-snippet:-1, max-image-preview:large, max-video-preview:-1\" \/>\n<link rel=\"canonical\" href=\"https:\/\/www.ador-dental.de\/es\/producto\/smart-optics-mini\/\" \/>\n<meta property=\"og:locale\" content=\"es_ES\" \/>\n<meta property=\"og:type\" content=\"article\" \/>\n<meta property=\"og:title\" content=\"smart optics mini - Ador Dental GmbH\" \/>\n<meta property=\"og:description\" content=\"Der Smart Optics Mini ist eine kosteng\u00fcnstige, aber qualitativ hochwertige Erweiterung unseres Smart Optics - Portfolios.\" \/>\n<meta property=\"og:url\" content=\"https:\/\/www.ador-dental.de\/es\/producto\/smart-optics-mini\/\" \/>\n<meta property=\"og:site_name\" content=\"Ador Dental GmbH\" \/>\n<meta property=\"article:modified_time\" content=\"2025-04-11T08:37:04+00:00\" \/>\n<meta property=\"og:image\" content=\"https:\/\/www.ador-dental.de\/wp-content\/uploads\/2023\/09\/Mini1.png\" \/>\n\t<meta property=\"og:image:width\" content=\"1024\" \/>\n\t<meta property=\"og:image:height\" content=\"1024\" \/>\n\t<meta property=\"og:image:type\" content=\"image\/png\" \/>\n<meta name=\"twitter:card\" content=\"summary_large_image\" \/>\n<meta name=\"twitter:label1\" content=\"Tiempo de lectura\" \/>\n\t<meta name=\"twitter:data1\" content=\"1 minuto\" \/>\n<script type=\"application\/ld+json\" class=\"yoast-schema-graph\">{\"@context\":\"https:\\\/\\\/schema.org\",\"@graph\":[{\"@type\":\"WebPage\",\"@id\":\"https:\\\/\\\/www.ador-dental.de\\\/produkt\\\/smart-optics-mini\\\/\",\"url\":\"https:\\\/\\\/www.ador-dental.de\\\/produkt\\\/smart-optics-mini\\\/\",\"name\":\"smart optics mini - Ador Dental GmbH\",\"isPartOf\":{\"@id\":\"https:\\\/\\\/www.ador-dental.de\\\/en\\\/#website\"},\"primaryImageOfPage\":{\"@id\":\"https:\\\/\\\/www.ador-dental.de\\\/produkt\\\/smart-optics-mini\\\/#primaryimage\"},\"image\":{\"@id\":\"https:\\\/\\\/www.ador-dental.de\\\/produkt\\\/smart-optics-mini\\\/#primaryimage\"},\"thumbnailUrl\":\"https:\\\/\\\/www.ador-dental.de\\\/wp-content\\\/uploads\\\/2023\\\/09\\\/Mini1.png\",\"datePublished\":\"2023-09-18T10:00:42+00:00\",\"dateModified\":\"2025-04-11T08:37:04+00:00\",\"description\":\"Der Smart Optics Mini ist eine kosteng\u00fcnstige, aber qualitativ hochwertige Erweiterung unseres Smart Optics - Portfolios.\",\"breadcrumb\":{\"@id\":\"https:\\\/\\\/www.ador-dental.de\\\/produkt\\\/smart-optics-mini\\\/#breadcrumb\"},\"inLanguage\":\"es\",\"potentialAction\":[{\"@type\":\"ReadAction\",\"target\":[\"https:\\\/\\\/www.ador-dental.de\\\/produkt\\\/smart-optics-mini\\\/\"]}]},{\"@type\":\"ImageObject\",\"inLanguage\":\"es\",\"@id\":\"https:\\\/\\\/www.ador-dental.de\\\/produkt\\\/smart-optics-mini\\\/#primaryimage\",\"url\":\"https:\\\/\\\/www.ador-dental.de\\\/wp-content\\\/uploads\\\/2023\\\/09\\\/Mini1.png\",\"contentUrl\":\"https:\\\/\\\/www.ador-dental.de\\\/wp-content\\\/uploads\\\/2023\\\/09\\\/Mini1.png\",\"width\":1024,\"height\":1024},{\"@type\":\"BreadcrumbList\",\"@id\":\"https:\\\/\\\/www.ador-dental.de\\\/produkt\\\/smart-optics-mini\\\/#breadcrumb\",\"itemListElement\":[{\"@type\":\"ListItem\",\"position\":1,\"name\":\"Startseite\",\"item\":\"https:\\\/\\\/www.ador-dental.de\\\/\"},{\"@type\":\"ListItem\",\"position\":2,\"name\":\"Shop\",\"item\":\"https:\\\/\\\/www.ador-dental.de\\\/en\\\/shop\\\/\"},{\"@type\":\"ListItem\",\"position\":3,\"name\":\"smart optics mini\"}]},{\"@type\":\"WebSite\",\"@id\":\"https:\\\/\\\/www.ador-dental.de\\\/en\\\/#website\",\"url\":\"https:\\\/\\\/www.ador-dental.de\\\/en\\\/\",\"name\":\"Ador Dental GmbH\",\"description\":\"\",\"publisher\":{\"@id\":\"https:\\\/\\\/www.ador-dental.de\\\/en\\\/#organization\"},\"potentialAction\":[{\"@type\":\"SearchAction\",\"target\":{\"@type\":\"EntryPoint\",\"urlTemplate\":\"https:\\\/\\\/www.ador-dental.de\\\/en\\\/?s={search_term_string}\"},\"query-input\":{\"@type\":\"PropertyValueSpecification\",\"valueRequired\":true,\"valueName\":\"search_term_string\"}}],\"inLanguage\":\"es\"},{\"@type\":\"Organization\",\"@id\":\"https:\\\/\\\/www.ador-dental.de\\\/en\\\/#organization\",\"name\":\"Ador Dental GmbH\",\"url\":\"https:\\\/\\\/www.ador-dental.de\\\/en\\\/\",\"logo\":{\"@type\":\"ImageObject\",\"inLanguage\":\"es\",\"@id\":\"https:\\\/\\\/www.ador-dental.de\\\/en\\\/#\\\/schema\\\/logo\\\/image\\\/\",\"url\":\"https:\\\/\\\/www.ador-dental.de\\\/wp-content\\\/uploads\\\/2021\\\/10\\\/ADOR_Logo_DentalSolutions_2020_Black.svg\",\"contentUrl\":\"https:\\\/\\\/www.ador-dental.de\\\/wp-content\\\/uploads\\\/2021\\\/10\\\/ADOR_Logo_DentalSolutions_2020_Black.svg\",\"width\":678,\"height\":261,\"caption\":\"Ador Dental GmbH\"},\"image\":{\"@id\":\"https:\\\/\\\/www.ador-dental.de\\\/en\\\/#\\\/schema\\\/logo\\\/image\\\/\"}}]}<\/script>\n<!-- \/ Yoast SEO plugin. -->","yoast_head_json":{"title":"smart optics mini - Ador Dental GmbH","description":"Der Smart Optics Mini ist eine kosteng\u00fcnstige, aber qualitativ hochwertige Erweiterung unseres Smart Optics - Portfolios.","robots":{"index":"index","follow":"follow","max-snippet":"max-snippet:-1","max-image-preview":"max-image-preview:large","max-video-preview":"max-video-preview:-1"},"canonical":"https:\/\/www.ador-dental.de\/es\/producto\/smart-optics-mini\/","og_locale":"es_ES","og_type":"article","og_title":"smart optics mini - Ador Dental GmbH","og_description":"Der Smart Optics Mini ist eine kosteng\u00fcnstige, aber qualitativ hochwertige Erweiterung unseres Smart Optics - Portfolios.","og_url":"https:\/\/www.ador-dental.de\/es\/producto\/smart-optics-mini\/","og_site_name":"Ador Dental GmbH","article_modified_time":"2025-04-11T08:37:04+00:00","og_image":[{"width":1024,"height":1024,"url":"https:\/\/www.ador-dental.de\/wp-content\/uploads\/2023\/09\/Mini1.png","type":"image\/png"}],"twitter_card":"summary_large_image","twitter_misc":{"Tiempo de lectura":"1 minuto"},"schema":{"@context":"https:\/\/schema.org","@graph":[{"@type":"WebPage","@id":"https:\/\/www.ador-dental.de\/produkt\/smart-optics-mini\/","url":"https:\/\/www.ador-dental.de\/produkt\/smart-optics-mini\/","name":"smart optics mini - Ador Dental GmbH","isPartOf":{"@id":"https:\/\/www.ador-dental.de\/en\/#website"},"primaryImageOfPage":{"@id":"https:\/\/www.ador-dental.de\/produkt\/smart-optics-mini\/#primaryimage"},"image":{"@id":"https:\/\/www.ador-dental.de\/produkt\/smart-optics-mini\/#primaryimage"},"thumbnailUrl":"https:\/\/www.ador-dental.de\/wp-content\/uploads\/2023\/09\/Mini1.png","datePublished":"2023-09-18T10:00:42+00:00","dateModified":"2025-04-11T08:37:04+00:00","description":"Der Smart Optics Mini ist eine kosteng\u00fcnstige, aber qualitativ hochwertige Erweiterung unseres Smart Optics - Portfolios.","breadcrumb":{"@id":"https:\/\/www.ador-dental.de\/produkt\/smart-optics-mini\/#breadcrumb"},"inLanguage":"es","potentialAction":[{"@type":"ReadAction","target":["https:\/\/www.ador-dental.de\/produkt\/smart-optics-mini\/"]}]},{"@type":"ImageObject","inLanguage":"es","@id":"https:\/\/www.ador-dental.de\/produkt\/smart-optics-mini\/#primaryimage","url":"https:\/\/www.ador-dental.de\/wp-content\/uploads\/2023\/09\/Mini1.png","contentUrl":"https:\/\/www.ador-dental.de\/wp-content\/uploads\/2023\/09\/Mini1.png","width":1024,"height":1024},{"@type":"BreadcrumbList","@id":"https:\/\/www.ador-dental.de\/produkt\/smart-optics-mini\/#breadcrumb","itemListElement":[{"@type":"ListItem","position":1,"name":"Startseite","item":"https:\/\/www.ador-dental.de\/"},{"@type":"ListItem","position":2,"name":"Shop","item":"https:\/\/www.ador-dental.de\/en\/shop\/"},{"@type":"ListItem","position":3,"name":"smart optics mini"}]},{"@type":"WebSite","@id":"https:\/\/www.ador-dental.de\/en\/#website","url":"https:\/\/www.ador-dental.de\/en\/","name":"Ador Dental GmbH","description":"","publisher":{"@id":"https:\/\/www.ador-dental.de\/en\/#organization"},"potentialAction":[{"@type":"SearchAction","target":{"@type":"EntryPoint","urlTemplate":"https:\/\/www.ador-dental.de\/en\/?s={search_term_string}"},"query-input":{"@type":"PropertyValueSpecification","valueRequired":true,"valueName":"search_term_string"}}],"inLanguage":"es"},{"@type":"Organization","@id":"https:\/\/www.ador-dental.de\/en\/#organization","name":"Ador Dental GmbH","url":"https:\/\/www.ador-dental.de\/en\/","logo":{"@type":"ImageObject","inLanguage":"es","@id":"https:\/\/www.ador-dental.de\/en\/#\/schema\/logo\/image\/","url":"https:\/\/www.ador-dental.de\/wp-content\/uploads\/2021\/10\/ADOR_Logo_DentalSolutions_2020_Black.svg","contentUrl":"https:\/\/www.ador-dental.de\/wp-content\/uploads\/2021\/10\/ADOR_Logo_DentalSolutions_2020_Black.svg","width":678,"height":261,"caption":"Ador Dental GmbH"},"image":{"@id":"https:\/\/www.ador-dental.de\/en\/#\/schema\/logo\/image\/"}}]}},"_links":{"self":[{"href":"https:\/\/www.ador-dental.de\/es\/wp-json\/wp\/v2\/product\/26915","targetHints":{"allow":["GET"]}}],"collection":[{"href":"https:\/\/www.ador-dental.de\/es\/wp-json\/wp\/v2\/product"}],"about":[{"href":"https:\/\/www.ador-dental.de\/es\/wp-json\/wp\/v2\/types\/product"}],"replies":[{"embeddable":true,"href":"https:\/\/www.ador-dental.de\/es\/wp-json\/wp\/v2\/comments?post=26915"}],"version-history":[{"count":7,"href":"https:\/\/www.ador-dental.de\/es\/wp-json\/wp\/v2\/product\/26915\/revisions"}],"predecessor-version":[{"id":27766,"href":"https:\/\/www.ador-dental.de\/es\/wp-json\/wp\/v2\/product\/26915\/revisions\/27766"}],"wp:featuredmedia":[{"embeddable":true,"href":"https:\/\/www.ador-dental.de\/es\/wp-json\/wp\/v2\/media\/26999"}],"wp:attachment":[{"href":"https:\/\/www.ador-dental.de\/es\/wp-json\/wp\/v2\/media?parent=26915"}],"wp:term":[{"taxonomy":"product_brand","embeddable":true,"href":"https:\/\/www.ador-dental.de\/es\/wp-json\/wp\/v2\/product_brand?post=26915"},{"taxonomy":"product_cat","embeddable":true,"href":"https:\/\/www.ador-dental.de\/es\/wp-json\/wp\/v2\/product_cat?post=26915"},{"taxonomy":"product_tag","embeddable":true,"href":"https:\/\/www.ador-dental.de\/es\/wp-json\/wp\/v2\/product_tag?post=26915"}],"curies":[{"name":"wp","href":"https:\/\/api.w.org\/{rel}","templated":true}]}}