{"id":26570,"date":"2023-08-08T14:12:37","date_gmt":"2023-08-08T12:12:37","guid":{"rendered":"https:\/\/www.ador-dental.de\/?post_type=product&#038;p=26570"},"modified":"2025-12-01T15:48:10","modified_gmt":"2025-12-01T14:48:10","slug":"adorbond-bc-powder-10-30%c2%b5m","status":"publish","type":"product","link":"https:\/\/www.ador-dental.de\/es\/producto\/adorbond-bc-powder-10-30%c2%b5m\/","title":{"rendered":"Adorbond BC-Polvo 10-30\u00b5m"},"content":{"rendered":"<p><strong><a href=\"https:\/\/www.ador-dental.de\/wp-content\/uploads\/2025\/12\/Adorbond-BC-Powder-10-30\u00b5m-Aufbrenn-und-Modellgussleg-DE-REV1125.pdf\">Instrucciones de uso (DE)<\/a><br \/>\n<a href=\"https:\/\/www.ador-dental.de\/wp-content\/uploads\/2025\/12\/Adorbond-BC-Powder-10-30\u00b5m-metallo-ceramica-e-scheletrati-IT-REV1125.pdf\">Instrucciones de uso (IT)<\/a><\/p>\n<p>ADORBOND BC Polvo 10-30\u00b5m<\/strong> es una aleaci\u00f3n metal-cer\u00e1mica dental a base de cobalto.<strong> ADORBOND BC Polvo<\/strong>\u00a0no contiene n\u00edquel, cadmio, berilio ni plomo y cumple la norma EN ISO 22674 tipo 5 para aplicaciones en las que las piezas del dispositivo requieren una combinaci\u00f3n de alta rigidez y l\u00edmite de elongaci\u00f3n, por ejemplo, pr\u00f3tesis parciales finas extra\u00edbles, piezas con secciones transversales finas y cierres. <strong>ADORBOND BC Polvo <\/strong>puede utilizarse tanto como aleaci\u00f3n para la fundici\u00f3n de modelos como para la aleaci\u00f3n metal-cer\u00e1mica.<\/p>\n<p>&nbsp;<\/p>\n<table style=\"height: 460px;\" width=\"388\">\n<tbody>\n<tr>\n<td colspan=\"2\" width=\"133\"><strong>Composici\u00f3n<\/strong><\/td>\n<td colspan=\"3\" width=\"248\"><strong>Datos t\u00e9cnicos (aleaci\u00f3n de uni\u00f3n)<\/strong><\/td>\n<\/tr>\n<tr>\n<td colspan=\"2\" width=\"133\"><strong>(en masa-%)<\/strong><\/td>\n<td width=\"133\">Densidad (g\/cm<sup>3<\/sup>)<\/td>\n<td width=\"61\">8,4<\/td>\n<td width=\"54\"><\/td>\n<\/tr>\n<tr>\n<td width=\"86\">Cobalto<\/td>\n<td width=\"47\">61,7<\/td>\n<td width=\"133\">Dureza Vickers (HV 10)<\/td>\n<td width=\"61\">290<\/td>\n<td width=\"54\"><\/td>\n<\/tr>\n<tr>\n<td width=\"86\">Cromo<\/td>\n<td width=\"47\">27,8<\/td>\n<td width=\"133\">Coeficiente de dilataci\u00f3n<\/td>\n<td width=\"61\"><\/td>\n<td width=\"54\"><\/td>\n<\/tr>\n<tr>\n<td width=\"86\">Wolfram<\/td>\n<td width=\"47\">8,5<\/td>\n<td width=\"133\">25 - 500 \u00b0C (10<sup>-6 <\/sup>K<sup>-1<\/sup>)<\/td>\n<td width=\"61\">14,1<\/td>\n<td width=\"54\"><\/td>\n<\/tr>\n<tr>\n<td width=\"86\">Silicio<\/td>\n<td width=\"47\">1,6<\/td>\n<td width=\"133\">20 - 600 \u00b0C (10<sup>-6 <\/sup>K<sup>-1<\/sup>)<\/td>\n<td width=\"61\">14,4<\/td>\n<td width=\"54\"><\/td>\n<\/tr>\n<tr>\n<td width=\"86\">Elementos &lt;1%<\/td>\n<td width=\"47\">Nb, Mn, Fe, N<\/td>\n<td width=\"133\">M\u00e1xima temperatura de cocci\u00f3n recomendada (\u00b0C)<\/td>\n<td width=\"61\">980<\/td>\n<td width=\"54\"><\/td>\n<\/tr>\n<tr>\n<td width=\"86\"><\/td>\n<td width=\"47\"><\/td>\n<td width=\"133\">0,2-% L\u00edmite el\u00e1stico (MPa)<\/td>\n<td width=\"61\">1190<\/td>\n<td width=\"54\"><\/td>\n<\/tr>\n<tr>\n<td width=\"86\"><\/td>\n<td width=\"47\"><\/td>\n<td width=\"133\">M\u00f3dulo de elasticidad (N\/mm)<sup>2<\/sup>)<\/td>\n<td width=\"61\">195<\/td>\n<td width=\"54\"><\/td>\n<\/tr>\n<tr>\n<td width=\"86\"><strong>\u00a0<\/strong><\/td>\n<td width=\"47\"><strong>\u00a0<\/strong><\/td>\n<td width=\"133\">\u00a0Alargamiento a la rotura A<sub>5<\/sub> (%)<\/td>\n<td width=\"61\">4<\/td>\n<td width=\"54\"><\/td>\n<\/tr>\n<tr>\n<td width=\"86\"><strong>\u00a0<\/strong><\/td>\n<td width=\"47\"><strong>\u00a0<\/strong><\/td>\n<td width=\"133\">Resistencia a la tracci\u00f3n (MPA)<\/td>\n<td width=\"61\">1290<\/td>\n<td width=\"54\"><\/td>\n<\/tr>\n<\/tbody>\n<\/table>\n<p>&nbsp;<\/p>\n<table style=\"height: 460px;\" width=\"388\">\n<tbody>\n<tr>\n<td colspan=\"2\" width=\"133\"><strong>Composici\u00f3n<\/strong><\/td>\n<td colspan=\"3\" width=\"248\"><strong>Datos t\u00e9cnicos (aleaci\u00f3n de moldeo)<\/strong><\/td>\n<\/tr>\n<tr>\n<td colspan=\"2\" width=\"133\"><strong>(en masa-%)<\/strong><\/td>\n<td width=\"133\">Densidad (g\/cm<sup>3<\/sup>)<\/td>\n<td width=\"61\">8,4<\/td>\n<td width=\"54\"><\/td>\n<\/tr>\n<tr>\n<td width=\"86\">Cobalto<\/td>\n<td width=\"47\">61,7<\/td>\n<td width=\"133\">Dureza Vickers (HV 10)<\/td>\n<td width=\"61\">290<\/td>\n<td width=\"54\"><\/td>\n<\/tr>\n<tr>\n<td width=\"86\">Cromo<\/td>\n<td width=\"47\">27,8<\/td>\n<td width=\"133\">0,2-% L\u00edmite el\u00e1stico(MPa)<\/td>\n<td width=\"61\">1190<\/td>\n<td width=\"54\"><\/td>\n<\/tr>\n<tr>\n<td width=\"86\">Wolfram<\/td>\n<td width=\"47\">8,5<\/td>\n<td width=\"133\">M\u00f3dulo de elasticidad (N\/mm)<sup>2<\/sup>)<\/td>\n<td width=\"61\">195<\/td>\n<td width=\"54\"><\/td>\n<\/tr>\n<tr>\n<td width=\"86\">Silicio<\/td>\n<td width=\"47\">1,6<\/td>\n<td width=\"133\">Alargamiento a la rotura A<sub>5<\/sub> (%)<\/td>\n<td width=\"61\">4<\/td>\n<td width=\"54\"><\/td>\n<\/tr>\n<tr>\n<td width=\"86\">Elementos &lt;1%<\/td>\n<td width=\"47\">Nb, Mn, Fe, N<\/td>\n<td width=\"133\">Resistencia a la tracci\u00f3n (MPA)<\/td>\n<td width=\"61\">1290<\/td>\n<td width=\"54\"><\/td>\n<\/tr>\n<\/tbody>\n<\/table>\n<p><strong>Instrucciones de seguridad<\/strong><\/p>\n<p>El polvo met\u00e1lico es perjudicial para la salud. Utilice la succi\u00f3n cuando manipule el polvo, el acabado y el chorreado. Hay que tener en cuenta las hipersensibilidades a los componentes de la aleaci\u00f3n. En caso de sospecha de incompatibilidad con elementos individuales de esta aleaci\u00f3n, no debe utilizarse.<\/p>\n<p><strong>Garant\u00eda<\/strong><\/p>\n<p>Estas recomendaciones de aplicaci\u00f3n se basan en nuestras propias pruebas y experiencias y, por lo tanto, s\u00f3lo pueden considerarse como directrices. El dentista o el prot\u00e9sico dental son responsables del correcto procesamiento de la aleaci\u00f3n.<\/p>\n<a  data-e-disable-page-transition=\"true\" class=\"download-link\" title=\"\" href=\"https:\/\/www.ador-dental.de\/es\/download\/28493\/?tmstv=1776428233\" rel=\"nofollow\" id=\"download-link-28493\" data-redirect=\"false\" >\n\tAdorbond-BC-10-\u00b5m-30-\u00b5m-DE-EN-Rev-0724.pdf<\/a>\n\n<p>&nbsp;<\/p>\n<a  data-e-disable-page-transition=\"true\" class=\"download-link\" title=\"\" href=\"https:\/\/www.ador-dental.de\/es\/download\/28521\/?tmstv=1776428233\" rel=\"nofollow\" id=\"download-link-28521\" data-redirect=\"false\" >\n\tADORBOND-BC-Pulver-10-30\u00b5m-IT-EN_REV_0724.pdf<\/a>\n\n<p>&nbsp;<\/p>\n<a  data-e-disable-page-transition=\"true\" class=\"download-link\" title=\"\" href=\"https:\/\/www.ador-dental.de\/es\/download\/29281\/?tmstv=1776428233\" rel=\"nofollow\" id=\"download-link-29281\" data-redirect=\"false\" >\n\tAdorbond-BC-10-\u00b5m-30-\u00b5m-FR-EN-Rev-0724-Instructions-french<\/a>\n\n<p>&nbsp;<\/p>\n<p>&nbsp;<\/p>","protected":false},"excerpt":{"rendered":"<p><strong>Botella \u00e1 5kg<\/strong><\/p>\n<p>Dental\u00a0<strong>Reparto de modelos<\/strong>Aleaci\u00f3n a base de cobalto<\/p>\n<p>Tama\u00f1o del grano:\u00a0<strong>10-30<\/strong>\u00a0<strong>\u00b5m<\/strong><\/p>\n<p><strong>Tambi\u00e9n es adecuado como aleaci\u00f3n de quemado<\/strong><\/p>","protected":false},"featured_media":29941,"comment_status":"open","ping_status":"closed","template":"","meta":{"neve_meta_sidebar":"","neve_meta_container":"","neve_meta_enable_content_width":"off","neve_meta_content_width":70,"neve_meta_title_alignment":"","neve_meta_author_avatar":"","neve_post_elements_order":"","neve_meta_disable_header":"","neve_meta_disable_footer":"","neve_meta_disable_title":"","_themeisle_gutenberg_block_has_review":false},"product_brand":[],"product_cat":[718,719],"product_tag":[1136,1134,1133],"class_list":{"0":"post-26570","1":"product","2":"type-product","3":"status-publish","4":"has-post-thumbnail","6":"product_cat-ador-melting","7":"product_cat-slm-pulver","8":"product_tag-10-30m","9":"product_tag-bc","10":"product_tag-pulver","12":"first","13":"instock","14":"taxable","15":"shipping-taxable","16":"purchasable","17":"product-type-simple"},"yoast_head":"<!-- This site is optimized with the Yoast SEO plugin v27.2 - https:\/\/yoast.com\/product\/yoast-seo-wordpress\/ -->\n<title>Adorbond BC-Powder 10-30\u00b5m - Ador Dental GmbH<\/title>\n<meta name=\"description\" content=\"ADORBOND BC Powder 10-30\u00b5m ist eine dentale Metallkeramik-Legierung auf Kobalt-Basis. ADORBOND BC Powder ist frei von Nickel, Cadmium, Beryllium und Blei.\" \/>\n<meta name=\"robots\" content=\"index, follow, max-snippet:-1, max-image-preview:large, max-video-preview:-1\" \/>\n<link rel=\"canonical\" href=\"https:\/\/www.ador-dental.de\/es\/producto\/adorbond-bc-powder-10-30\u00b5m\/\" \/>\n<meta property=\"og:locale\" content=\"es_ES\" \/>\n<meta property=\"og:type\" content=\"article\" \/>\n<meta property=\"og:title\" content=\"Adorbond BC-Powder 10-30\u00b5m - Ador Dental GmbH\" \/>\n<meta property=\"og:description\" content=\"ADORBOND BC Powder 10-30\u00b5m ist eine dentale Metallkeramik-Legierung auf Kobalt-Basis. ADORBOND BC Powder ist frei von Nickel, Cadmium, Beryllium und Blei.\" \/>\n<meta property=\"og:url\" content=\"https:\/\/www.ador-dental.de\/es\/producto\/adorbond-bc-powder-10-30\u00b5m\/\" \/>\n<meta property=\"og:site_name\" content=\"Ador Dental GmbH\" \/>\n<meta property=\"article:modified_time\" content=\"2025-12-01T14:48:10+00:00\" \/>\n<meta property=\"og:image\" content=\"https:\/\/www.ador-dental.de\/wp-content\/uploads\/2025\/07\/Adorbond-BC-pulver-10-30-PBN.png\" \/>\n\t<meta property=\"og:image:width\" content=\"1024\" \/>\n\t<meta property=\"og:image:height\" content=\"1024\" \/>\n\t<meta property=\"og:image:type\" content=\"image\/png\" \/>\n<meta name=\"twitter:card\" content=\"summary_large_image\" \/>\n<meta name=\"twitter:label1\" content=\"Tiempo de lectura\" \/>\n\t<meta name=\"twitter:data1\" content=\"2 minutos\" \/>\n<script type=\"application\/ld+json\" class=\"yoast-schema-graph\">{\"@context\":\"https:\/\/schema.org\",\"@graph\":[{\"@type\":\"WebPage\",\"@id\":\"https:\/\/www.ador-dental.de\/produkt\/adorbond-bc-powder-10-30%c2%b5m\/\",\"url\":\"https:\/\/www.ador-dental.de\/produkt\/adorbond-bc-powder-10-30%c2%b5m\/\",\"name\":\"Adorbond BC-Powder 10-30\u00b5m - Ador Dental GmbH\",\"isPartOf\":{\"@id\":\"https:\/\/www.ador-dental.de\/en\/#website\"},\"primaryImageOfPage\":{\"@id\":\"https:\/\/www.ador-dental.de\/produkt\/adorbond-bc-powder-10-30%c2%b5m\/#primaryimage\"},\"image\":{\"@id\":\"https:\/\/www.ador-dental.de\/produkt\/adorbond-bc-powder-10-30%c2%b5m\/#primaryimage\"},\"thumbnailUrl\":\"https:\/\/www.ador-dental.de\/wp-content\/uploads\/2025\/07\/Adorbond-BC-pulver-10-30-PBN.png\",\"datePublished\":\"2023-08-08T12:12:37+00:00\",\"dateModified\":\"2025-12-01T14:48:10+00:00\",\"description\":\"ADORBOND BC Powder 10-30\u00b5m ist eine dentale Metallkeramik-Legierung auf Kobalt-Basis. ADORBOND BC Powder ist frei von Nickel, Cadmium, Beryllium und Blei.\",\"breadcrumb\":{\"@id\":\"https:\/\/www.ador-dental.de\/produkt\/adorbond-bc-powder-10-30%c2%b5m\/#breadcrumb\"},\"inLanguage\":\"es\",\"potentialAction\":[{\"@type\":\"ReadAction\",\"target\":[\"https:\/\/www.ador-dental.de\/produkt\/adorbond-bc-powder-10-30%c2%b5m\/\"]}]},{\"@type\":\"ImageObject\",\"inLanguage\":\"es\",\"@id\":\"https:\/\/www.ador-dental.de\/produkt\/adorbond-bc-powder-10-30%c2%b5m\/#primaryimage\",\"url\":\"https:\/\/www.ador-dental.de\/wp-content\/uploads\/2025\/07\/Adorbond-BC-pulver-10-30-PBN.png\",\"contentUrl\":\"https:\/\/www.ador-dental.de\/wp-content\/uploads\/2025\/07\/Adorbond-BC-pulver-10-30-PBN.png\",\"width\":1024,\"height\":1024},{\"@type\":\"BreadcrumbList\",\"@id\":\"https:\/\/www.ador-dental.de\/produkt\/adorbond-bc-powder-10-30%c2%b5m\/#breadcrumb\",\"itemListElement\":[{\"@type\":\"ListItem\",\"position\":1,\"name\":\"Startseite\",\"item\":\"https:\/\/www.ador-dental.de\/\"},{\"@type\":\"ListItem\",\"position\":2,\"name\":\"Shop\",\"item\":\"https:\/\/www.ador-dental.de\/en\/shop\/\"},{\"@type\":\"ListItem\",\"position\":3,\"name\":\"Adorbond BC-Powder 10-30\u00b5m\"}]},{\"@type\":\"WebSite\",\"@id\":\"https:\/\/www.ador-dental.de\/en\/#website\",\"url\":\"https:\/\/www.ador-dental.de\/en\/\",\"name\":\"Ador Dental GmbH\",\"description\":\"\",\"publisher\":{\"@id\":\"https:\/\/www.ador-dental.de\/en\/#organization\"},\"potentialAction\":[{\"@type\":\"SearchAction\",\"target\":{\"@type\":\"EntryPoint\",\"urlTemplate\":\"https:\/\/www.ador-dental.de\/en\/?s={search_term_string}\"},\"query-input\":{\"@type\":\"PropertyValueSpecification\",\"valueRequired\":true,\"valueName\":\"search_term_string\"}}],\"inLanguage\":\"es\"},{\"@type\":\"Organization\",\"@id\":\"https:\/\/www.ador-dental.de\/en\/#organization\",\"name\":\"Ador Dental GmbH\",\"url\":\"https:\/\/www.ador-dental.de\/en\/\",\"logo\":{\"@type\":\"ImageObject\",\"inLanguage\":\"es\",\"@id\":\"https:\/\/www.ador-dental.de\/en\/#\/schema\/logo\/image\/\",\"url\":\"https:\/\/www.ador-dental.de\/wp-content\/uploads\/2021\/10\/ADOR_Logo_DentalSolutions_2020_Black.svg\",\"contentUrl\":\"https:\/\/www.ador-dental.de\/wp-content\/uploads\/2021\/10\/ADOR_Logo_DentalSolutions_2020_Black.svg\",\"width\":678,\"height\":261,\"caption\":\"Ador Dental GmbH\"},\"image\":{\"@id\":\"https:\/\/www.ador-dental.de\/en\/#\/schema\/logo\/image\/\"}}]}<\/script>\n<!-- \/ Yoast SEO plugin. -->","yoast_head_json":{"title":"Adorbond BC-Powder 10-30\u00b5m - Ador Dental GmbH","description":"ADORBOND BC Powder 10-30\u00b5m ist eine dentale Metallkeramik-Legierung auf Kobalt-Basis. ADORBOND BC Powder ist frei von Nickel, Cadmium, Beryllium und Blei.","robots":{"index":"index","follow":"follow","max-snippet":"max-snippet:-1","max-image-preview":"max-image-preview:large","max-video-preview":"max-video-preview:-1"},"canonical":"https:\/\/www.ador-dental.de\/es\/producto\/adorbond-bc-powder-10-30\u00b5m\/","og_locale":"es_ES","og_type":"article","og_title":"Adorbond BC-Powder 10-30\u00b5m - Ador Dental GmbH","og_description":"ADORBOND BC Powder 10-30\u00b5m ist eine dentale Metallkeramik-Legierung auf Kobalt-Basis. ADORBOND BC Powder ist frei von Nickel, Cadmium, Beryllium und Blei.","og_url":"https:\/\/www.ador-dental.de\/es\/producto\/adorbond-bc-powder-10-30\u00b5m\/","og_site_name":"Ador Dental GmbH","article_modified_time":"2025-12-01T14:48:10+00:00","og_image":[{"width":1024,"height":1024,"url":"https:\/\/www.ador-dental.de\/wp-content\/uploads\/2025\/07\/Adorbond-BC-pulver-10-30-PBN.png","type":"image\/png"}],"twitter_card":"summary_large_image","twitter_misc":{"Tiempo de lectura":"2 minutos"},"schema":{"@context":"https:\/\/schema.org","@graph":[{"@type":"WebPage","@id":"https:\/\/www.ador-dental.de\/produkt\/adorbond-bc-powder-10-30%c2%b5m\/","url":"https:\/\/www.ador-dental.de\/produkt\/adorbond-bc-powder-10-30%c2%b5m\/","name":"Adorbond BC-Powder 10-30\u00b5m - Ador Dental GmbH","isPartOf":{"@id":"https:\/\/www.ador-dental.de\/en\/#website"},"primaryImageOfPage":{"@id":"https:\/\/www.ador-dental.de\/produkt\/adorbond-bc-powder-10-30%c2%b5m\/#primaryimage"},"image":{"@id":"https:\/\/www.ador-dental.de\/produkt\/adorbond-bc-powder-10-30%c2%b5m\/#primaryimage"},"thumbnailUrl":"https:\/\/www.ador-dental.de\/wp-content\/uploads\/2025\/07\/Adorbond-BC-pulver-10-30-PBN.png","datePublished":"2023-08-08T12:12:37+00:00","dateModified":"2025-12-01T14:48:10+00:00","description":"ADORBOND BC Powder 10-30\u00b5m ist eine dentale Metallkeramik-Legierung auf Kobalt-Basis. ADORBOND BC Powder ist frei von Nickel, Cadmium, Beryllium und Blei.","breadcrumb":{"@id":"https:\/\/www.ador-dental.de\/produkt\/adorbond-bc-powder-10-30%c2%b5m\/#breadcrumb"},"inLanguage":"es","potentialAction":[{"@type":"ReadAction","target":["https:\/\/www.ador-dental.de\/produkt\/adorbond-bc-powder-10-30%c2%b5m\/"]}]},{"@type":"ImageObject","inLanguage":"es","@id":"https:\/\/www.ador-dental.de\/produkt\/adorbond-bc-powder-10-30%c2%b5m\/#primaryimage","url":"https:\/\/www.ador-dental.de\/wp-content\/uploads\/2025\/07\/Adorbond-BC-pulver-10-30-PBN.png","contentUrl":"https:\/\/www.ador-dental.de\/wp-content\/uploads\/2025\/07\/Adorbond-BC-pulver-10-30-PBN.png","width":1024,"height":1024},{"@type":"BreadcrumbList","@id":"https:\/\/www.ador-dental.de\/produkt\/adorbond-bc-powder-10-30%c2%b5m\/#breadcrumb","itemListElement":[{"@type":"ListItem","position":1,"name":"Startseite","item":"https:\/\/www.ador-dental.de\/"},{"@type":"ListItem","position":2,"name":"Shop","item":"https:\/\/www.ador-dental.de\/en\/shop\/"},{"@type":"ListItem","position":3,"name":"Adorbond BC-Powder 10-30\u00b5m"}]},{"@type":"WebSite","@id":"https:\/\/www.ador-dental.de\/en\/#website","url":"https:\/\/www.ador-dental.de\/en\/","name":"Ador Dental GmbH","description":"","publisher":{"@id":"https:\/\/www.ador-dental.de\/en\/#organization"},"potentialAction":[{"@type":"SearchAction","target":{"@type":"EntryPoint","urlTemplate":"https:\/\/www.ador-dental.de\/en\/?s={search_term_string}"},"query-input":{"@type":"PropertyValueSpecification","valueRequired":true,"valueName":"search_term_string"}}],"inLanguage":"es"},{"@type":"Organization","@id":"https:\/\/www.ador-dental.de\/en\/#organization","name":"Ador Dental GmbH","url":"https:\/\/www.ador-dental.de\/en\/","logo":{"@type":"ImageObject","inLanguage":"es","@id":"https:\/\/www.ador-dental.de\/en\/#\/schema\/logo\/image\/","url":"https:\/\/www.ador-dental.de\/wp-content\/uploads\/2021\/10\/ADOR_Logo_DentalSolutions_2020_Black.svg","contentUrl":"https:\/\/www.ador-dental.de\/wp-content\/uploads\/2021\/10\/ADOR_Logo_DentalSolutions_2020_Black.svg","width":678,"height":261,"caption":"Ador Dental GmbH"},"image":{"@id":"https:\/\/www.ador-dental.de\/en\/#\/schema\/logo\/image\/"}}]}},"_links":{"self":[{"href":"https:\/\/www.ador-dental.de\/es\/wp-json\/wp\/v2\/product\/26570","targetHints":{"allow":["GET"]}}],"collection":[{"href":"https:\/\/www.ador-dental.de\/es\/wp-json\/wp\/v2\/product"}],"about":[{"href":"https:\/\/www.ador-dental.de\/es\/wp-json\/wp\/v2\/types\/product"}],"replies":[{"embeddable":true,"href":"https:\/\/www.ador-dental.de\/es\/wp-json\/wp\/v2\/comments?post=26570"}],"version-history":[{"count":23,"href":"https:\/\/www.ador-dental.de\/es\/wp-json\/wp\/v2\/product\/26570\/revisions"}],"predecessor-version":[{"id":30613,"href":"https:\/\/www.ador-dental.de\/es\/wp-json\/wp\/v2\/product\/26570\/revisions\/30613"}],"wp:featuredmedia":[{"embeddable":true,"href":"https:\/\/www.ador-dental.de\/es\/wp-json\/wp\/v2\/media\/29941"}],"wp:attachment":[{"href":"https:\/\/www.ador-dental.de\/es\/wp-json\/wp\/v2\/media?parent=26570"}],"wp:term":[{"taxonomy":"product_brand","embeddable":true,"href":"https:\/\/www.ador-dental.de\/es\/wp-json\/wp\/v2\/product_brand?post=26570"},{"taxonomy":"product_cat","embeddable":true,"href":"https:\/\/www.ador-dental.de\/es\/wp-json\/wp\/v2\/product_cat?post=26570"},{"taxonomy":"product_tag","embeddable":true,"href":"https:\/\/www.ador-dental.de\/es\/wp-json\/wp\/v2\/product_tag?post=26570"}],"curies":[{"name":"wp","href":"https:\/\/api.w.org\/{rel}","templated":true}]}}