{"id":25750,"date":"2023-04-14T12:28:31","date_gmt":"2023-04-14T10:28:31","guid":{"rendered":"https:\/\/www.ador-dental.de\/?post_type=product&#038;p=25750"},"modified":"2025-01-16T15:03:03","modified_gmt":"2025-01-16T14:03:03","slug":"optimill-memosplint","status":"publish","type":"product","link":"https:\/\/www.ador-dental.de\/es\/producto\/optimill-memosplint\/","title":{"rendered":"optimill memosplint"},"content":{"rendered":"<p><strong><a  data-e-disable-page-transition=\"true\" class=\"download-link\" title=\"\" href=\"https:\/\/www.ador-dental.de\/es\/download\/25754\/?tmstv=1777585426\" rel=\"nofollow\" id=\"download-link-25754\" data-redirect=\"false\" >\n\tFicha de datos de seguridad Memosplint ES<\/a>\n<\/strong><\/p>\n<p><strong><a  data-e-disable-page-transition=\"true\" class=\"download-link\" title=\"\" href=\"https:\/\/www.ador-dental.de\/es\/download\/25757\/?tmstv=1777585426\" rel=\"nofollow\" id=\"download-link-25757\" data-redirect=\"false\" >\n\tFicha de datos de seguridad<\/a>\n<\/strong><\/p>\n<p><strong><a  data-e-disable-page-transition=\"true\" class=\"download-link\" title=\"\" href=\"https:\/\/www.ador-dental.de\/es\/download\/25760\/?tmstv=1777585426\" rel=\"nofollow\" id=\"download-link-25760\" data-redirect=\"false\" >\n\tIFU memosplint DE\/EN\/FR\/IT\/ES<\/a>\n<\/strong><\/p>\n<p>&nbsp;<\/p>","protected":false},"excerpt":{"rendered":"<p>Este innovador material para la fabricaci\u00f3n de ra\u00edles es un pl\u00e1stico termoel\u00e1stico. La caracter\u00edstica especial del material son sus propiedades mec\u00e1nicas dependientes de la temperatura. El material se vuelve m\u00e1s flexible a la temperatura corporal en la boca del paciente sin perder su elevada resistencia al desgarro y a la rotura. Para el paciente, esto significa un aumento significativo de la comodidad de uso. El efecto memoria conseguido con las propiedades del material significa que la f\u00e9rula se restablece autom\u00e1ticamente tras la deformaci\u00f3n.<\/p>","protected":false},"featured_media":25762,"comment_status":"open","ping_status":"closed","template":"","meta":{"neve_meta_sidebar":"","neve_meta_container":"","neve_meta_enable_content_width":"off","neve_meta_content_width":100,"neve_meta_title_alignment":"","neve_meta_author_avatar":"","neve_post_elements_order":"","neve_meta_disable_header":"","neve_meta_disable_footer":"","neve_meta_disable_title":"","_themeisle_gutenberg_block_has_review":false},"product_brand":[],"product_cat":[1109],"product_tag":[1106,1108,1107],"class_list":{"0":"post-25750","1":"product","2":"type-product","3":"status-publish","4":"has-post-thumbnail","6":"product_cat-kunststoff-adormilling","7":"product_tag-dentona","8":"product_tag-memosplint","9":"product_tag-optimill","11":"first","12":"instock","13":"taxable","14":"shipping-taxable","15":"purchasable","16":"product-type-variable"},"yoast_head":"<!-- This site is optimized with the Yoast SEO plugin v27.4 - https:\/\/yoast.com\/product\/yoast-seo-wordpress\/ -->\n<title>optimill memosplint - Ador Dental GmbH<\/title>\n<meta name=\"description\" content=\"Das Optimill memosplint: Dieser innovative Werkstoff f\u00fcr die Schienenherstellung ist ein\u00a0thermoelastischer Kunststoff.\" \/>\n<meta name=\"robots\" content=\"index, follow, max-snippet:-1, max-image-preview:large, max-video-preview:-1\" \/>\n<link rel=\"canonical\" href=\"https:\/\/www.ador-dental.de\/es\/producto\/optimill-memosplint\/\" \/>\n<meta property=\"og:locale\" content=\"es_ES\" \/>\n<meta property=\"og:type\" content=\"article\" \/>\n<meta property=\"og:title\" content=\"optimill memosplint - Ador Dental GmbH\" \/>\n<meta property=\"og:description\" content=\"Das Optimill memosplint: Dieser innovative Werkstoff f\u00fcr die Schienenherstellung ist ein\u00a0thermoelastischer Kunststoff.\" \/>\n<meta property=\"og:url\" content=\"https:\/\/www.ador-dental.de\/es\/producto\/optimill-memosplint\/\" \/>\n<meta property=\"og:site_name\" content=\"Ador Dental GmbH\" \/>\n<meta property=\"article:modified_time\" content=\"2025-01-16T14:03:03+00:00\" \/>\n<meta property=\"og:image\" content=\"https:\/\/www.ador-dental.de\/wp-content\/uploads\/2023\/04\/momosplint.png\" \/>\n\t<meta property=\"og:image:width\" content=\"569\" \/>\n\t<meta property=\"og:image:height\" content=\"428\" \/>\n\t<meta property=\"og:image:type\" content=\"image\/png\" \/>\n<meta name=\"twitter:card\" content=\"summary_large_image\" \/>\n<script type=\"application\/ld+json\" class=\"yoast-schema-graph\">{\"@context\":\"https:\\\/\\\/schema.org\",\"@graph\":[{\"@type\":\"WebPage\",\"@id\":\"https:\\\/\\\/www.ador-dental.de\\\/produkt\\\/optimill-memosplint\\\/\",\"url\":\"https:\\\/\\\/www.ador-dental.de\\\/produkt\\\/optimill-memosplint\\\/\",\"name\":\"optimill memosplint - Ador Dental GmbH\",\"isPartOf\":{\"@id\":\"https:\\\/\\\/www.ador-dental.de\\\/en\\\/#website\"},\"primaryImageOfPage\":{\"@id\":\"https:\\\/\\\/www.ador-dental.de\\\/produkt\\\/optimill-memosplint\\\/#primaryimage\"},\"image\":{\"@id\":\"https:\\\/\\\/www.ador-dental.de\\\/produkt\\\/optimill-memosplint\\\/#primaryimage\"},\"thumbnailUrl\":\"https:\\\/\\\/www.ador-dental.de\\\/wp-content\\\/uploads\\\/2023\\\/04\\\/momosplint.png\",\"datePublished\":\"2023-04-14T10:28:31+00:00\",\"dateModified\":\"2025-01-16T14:03:03+00:00\",\"description\":\"Das Optimill memosplint: Dieser innovative Werkstoff f\u00fcr die Schienenherstellung ist ein\u00a0thermoelastischer Kunststoff.\",\"breadcrumb\":{\"@id\":\"https:\\\/\\\/www.ador-dental.de\\\/produkt\\\/optimill-memosplint\\\/#breadcrumb\"},\"inLanguage\":\"es\",\"potentialAction\":[{\"@type\":\"ReadAction\",\"target\":[\"https:\\\/\\\/www.ador-dental.de\\\/produkt\\\/optimill-memosplint\\\/\"]}]},{\"@type\":\"ImageObject\",\"inLanguage\":\"es\",\"@id\":\"https:\\\/\\\/www.ador-dental.de\\\/produkt\\\/optimill-memosplint\\\/#primaryimage\",\"url\":\"https:\\\/\\\/www.ador-dental.de\\\/wp-content\\\/uploads\\\/2023\\\/04\\\/momosplint.png\",\"contentUrl\":\"https:\\\/\\\/www.ador-dental.de\\\/wp-content\\\/uploads\\\/2023\\\/04\\\/momosplint.png\",\"width\":569,\"height\":428},{\"@type\":\"BreadcrumbList\",\"@id\":\"https:\\\/\\\/www.ador-dental.de\\\/produkt\\\/optimill-memosplint\\\/#breadcrumb\",\"itemListElement\":[{\"@type\":\"ListItem\",\"position\":1,\"name\":\"Startseite\",\"item\":\"https:\\\/\\\/www.ador-dental.de\\\/\"},{\"@type\":\"ListItem\",\"position\":2,\"name\":\"Shop\",\"item\":\"https:\\\/\\\/www.ador-dental.de\\\/en\\\/shop\\\/\"},{\"@type\":\"ListItem\",\"position\":3,\"name\":\"optimill memosplint\"}]},{\"@type\":\"WebSite\",\"@id\":\"https:\\\/\\\/www.ador-dental.de\\\/en\\\/#website\",\"url\":\"https:\\\/\\\/www.ador-dental.de\\\/en\\\/\",\"name\":\"Ador Dental GmbH\",\"description\":\"\",\"publisher\":{\"@id\":\"https:\\\/\\\/www.ador-dental.de\\\/en\\\/#organization\"},\"potentialAction\":[{\"@type\":\"SearchAction\",\"target\":{\"@type\":\"EntryPoint\",\"urlTemplate\":\"https:\\\/\\\/www.ador-dental.de\\\/en\\\/?s={search_term_string}\"},\"query-input\":{\"@type\":\"PropertyValueSpecification\",\"valueRequired\":true,\"valueName\":\"search_term_string\"}}],\"inLanguage\":\"es\"},{\"@type\":\"Organization\",\"@id\":\"https:\\\/\\\/www.ador-dental.de\\\/en\\\/#organization\",\"name\":\"Ador Dental GmbH\",\"url\":\"https:\\\/\\\/www.ador-dental.de\\\/en\\\/\",\"logo\":{\"@type\":\"ImageObject\",\"inLanguage\":\"es\",\"@id\":\"https:\\\/\\\/www.ador-dental.de\\\/en\\\/#\\\/schema\\\/logo\\\/image\\\/\",\"url\":\"https:\\\/\\\/www.ador-dental.de\\\/wp-content\\\/uploads\\\/2021\\\/10\\\/ADOR_Logo_DentalSolutions_2020_Black.svg\",\"contentUrl\":\"https:\\\/\\\/www.ador-dental.de\\\/wp-content\\\/uploads\\\/2021\\\/10\\\/ADOR_Logo_DentalSolutions_2020_Black.svg\",\"width\":678,\"height\":261,\"caption\":\"Ador Dental GmbH\"},\"image\":{\"@id\":\"https:\\\/\\\/www.ador-dental.de\\\/en\\\/#\\\/schema\\\/logo\\\/image\\\/\"}}]}<\/script>\n<!-- \/ Yoast SEO plugin. -->","yoast_head_json":{"title":"optimill memosplint - Ador Dental GmbH","description":"Das Optimill memosplint: Dieser innovative Werkstoff f\u00fcr die Schienenherstellung ist ein\u00a0thermoelastischer Kunststoff.","robots":{"index":"index","follow":"follow","max-snippet":"max-snippet:-1","max-image-preview":"max-image-preview:large","max-video-preview":"max-video-preview:-1"},"canonical":"https:\/\/www.ador-dental.de\/es\/producto\/optimill-memosplint\/","og_locale":"es_ES","og_type":"article","og_title":"optimill memosplint - Ador Dental GmbH","og_description":"Das Optimill memosplint: Dieser innovative Werkstoff f\u00fcr die Schienenherstellung ist ein\u00a0thermoelastischer Kunststoff.","og_url":"https:\/\/www.ador-dental.de\/es\/producto\/optimill-memosplint\/","og_site_name":"Ador Dental GmbH","article_modified_time":"2025-01-16T14:03:03+00:00","og_image":[{"width":569,"height":428,"url":"https:\/\/www.ador-dental.de\/wp-content\/uploads\/2023\/04\/momosplint.png","type":"image\/png"}],"twitter_card":"summary_large_image","schema":{"@context":"https:\/\/schema.org","@graph":[{"@type":"WebPage","@id":"https:\/\/www.ador-dental.de\/produkt\/optimill-memosplint\/","url":"https:\/\/www.ador-dental.de\/produkt\/optimill-memosplint\/","name":"optimill memosplint - Ador Dental GmbH","isPartOf":{"@id":"https:\/\/www.ador-dental.de\/en\/#website"},"primaryImageOfPage":{"@id":"https:\/\/www.ador-dental.de\/produkt\/optimill-memosplint\/#primaryimage"},"image":{"@id":"https:\/\/www.ador-dental.de\/produkt\/optimill-memosplint\/#primaryimage"},"thumbnailUrl":"https:\/\/www.ador-dental.de\/wp-content\/uploads\/2023\/04\/momosplint.png","datePublished":"2023-04-14T10:28:31+00:00","dateModified":"2025-01-16T14:03:03+00:00","description":"Das Optimill memosplint: Dieser innovative Werkstoff f\u00fcr die Schienenherstellung ist ein\u00a0thermoelastischer Kunststoff.","breadcrumb":{"@id":"https:\/\/www.ador-dental.de\/produkt\/optimill-memosplint\/#breadcrumb"},"inLanguage":"es","potentialAction":[{"@type":"ReadAction","target":["https:\/\/www.ador-dental.de\/produkt\/optimill-memosplint\/"]}]},{"@type":"ImageObject","inLanguage":"es","@id":"https:\/\/www.ador-dental.de\/produkt\/optimill-memosplint\/#primaryimage","url":"https:\/\/www.ador-dental.de\/wp-content\/uploads\/2023\/04\/momosplint.png","contentUrl":"https:\/\/www.ador-dental.de\/wp-content\/uploads\/2023\/04\/momosplint.png","width":569,"height":428},{"@type":"BreadcrumbList","@id":"https:\/\/www.ador-dental.de\/produkt\/optimill-memosplint\/#breadcrumb","itemListElement":[{"@type":"ListItem","position":1,"name":"Startseite","item":"https:\/\/www.ador-dental.de\/"},{"@type":"ListItem","position":2,"name":"Shop","item":"https:\/\/www.ador-dental.de\/en\/shop\/"},{"@type":"ListItem","position":3,"name":"optimill memosplint"}]},{"@type":"WebSite","@id":"https:\/\/www.ador-dental.de\/en\/#website","url":"https:\/\/www.ador-dental.de\/en\/","name":"Ador Dental GmbH","description":"","publisher":{"@id":"https:\/\/www.ador-dental.de\/en\/#organization"},"potentialAction":[{"@type":"SearchAction","target":{"@type":"EntryPoint","urlTemplate":"https:\/\/www.ador-dental.de\/en\/?s={search_term_string}"},"query-input":{"@type":"PropertyValueSpecification","valueRequired":true,"valueName":"search_term_string"}}],"inLanguage":"es"},{"@type":"Organization","@id":"https:\/\/www.ador-dental.de\/en\/#organization","name":"Ador Dental GmbH","url":"https:\/\/www.ador-dental.de\/en\/","logo":{"@type":"ImageObject","inLanguage":"es","@id":"https:\/\/www.ador-dental.de\/en\/#\/schema\/logo\/image\/","url":"https:\/\/www.ador-dental.de\/wp-content\/uploads\/2021\/10\/ADOR_Logo_DentalSolutions_2020_Black.svg","contentUrl":"https:\/\/www.ador-dental.de\/wp-content\/uploads\/2021\/10\/ADOR_Logo_DentalSolutions_2020_Black.svg","width":678,"height":261,"caption":"Ador Dental GmbH"},"image":{"@id":"https:\/\/www.ador-dental.de\/en\/#\/schema\/logo\/image\/"}}]}},"_links":{"self":[{"href":"https:\/\/www.ador-dental.de\/es\/wp-json\/wp\/v2\/product\/25750","targetHints":{"allow":["GET"]}}],"collection":[{"href":"https:\/\/www.ador-dental.de\/es\/wp-json\/wp\/v2\/product"}],"about":[{"href":"https:\/\/www.ador-dental.de\/es\/wp-json\/wp\/v2\/types\/product"}],"replies":[{"embeddable":true,"href":"https:\/\/www.ador-dental.de\/es\/wp-json\/wp\/v2\/comments?post=25750"}],"version-history":[{"count":3,"href":"https:\/\/www.ador-dental.de\/es\/wp-json\/wp\/v2\/product\/25750\/revisions"}],"predecessor-version":[{"id":25764,"href":"https:\/\/www.ador-dental.de\/es\/wp-json\/wp\/v2\/product\/25750\/revisions\/25764"}],"wp:featuredmedia":[{"embeddable":true,"href":"https:\/\/www.ador-dental.de\/es\/wp-json\/wp\/v2\/media\/25762"}],"wp:attachment":[{"href":"https:\/\/www.ador-dental.de\/es\/wp-json\/wp\/v2\/media?parent=25750"}],"wp:term":[{"taxonomy":"product_brand","embeddable":true,"href":"https:\/\/www.ador-dental.de\/es\/wp-json\/wp\/v2\/product_brand?post=25750"},{"taxonomy":"product_cat","embeddable":true,"href":"https:\/\/www.ador-dental.de\/es\/wp-json\/wp\/v2\/product_cat?post=25750"},{"taxonomy":"product_tag","embeddable":true,"href":"https:\/\/www.ador-dental.de\/es\/wp-json\/wp\/v2\/product_tag?post=25750"}],"curies":[{"name":"wp","href":"https:\/\/api.w.org\/{rel}","templated":true}]}}