{"id":25428,"date":"2023-03-09T10:39:59","date_gmt":"2023-03-09T09:39:59","guid":{"rendered":"https:\/\/www.ador-dental.de\/?post_type=product&#038;p=25428"},"modified":"2025-04-11T10:37:10","modified_gmt":"2025-04-11T08:37:10","slug":"smart-optics-vinyl-uxd","status":"publish","type":"product","link":"https:\/\/www.ador-dental.de\/es\/producto\/smart-optics-vinyl-uxd\/","title":{"rendered":"\u00d3ptica inteligente Vinyl UXD"},"content":{"rendered":"<p>El m\u00f3dulo UX, compuesto por dos c\u00e1maras adicionales y un proyector, proporciona un nuevo tipo de experiencia de usuario. Para seleccionar un elemento del flujo de trabajo o iniciar la exploraci\u00f3n, los iconos se proyectan en el disco del sistema y pueden activarse mediante gestos de la mano, casi independientemente del PC.<br \/>\nEl usuario puede determinar libremente la secuencia de exploraci\u00f3n como de costumbre: El maxilar superior, el maxilar inferior, el articulador u otros objetos pueden utilizarse seg\u00fan la selecci\u00f3n. Con la ayuda de la supervisi\u00f3n interior, los objetos del Vinyl UXD se alinean autom\u00e1ticamente en altura mediante el posicionamiento del eje Z controlado por IA, de modo que se pueden garantizar los mejores resultados de escaneado posibles.<\/p>\n<p>El proyector ilumina los mu\u00f1ones que deben exponerse en secondD y singleDie sobre el modelo en el interior. De este modo, el modelo y el portaobjetos pueden permanecer en el esc\u00e1ner, eliminando la laboriosa tarea de comprobar qu\u00e9 dientes deben extraerse. Durante el escaneado 2D, las iluminaciones muestran la informaci\u00f3n de color correcta de los tipos de reconstrucci\u00f3n de exocad DentalCAD<sup>\u00ae<\/sup>\u00a0on. Durante otros procesos de trabajo, la asistencia tambi\u00e9n se proyecta sobre el sistema o la placa universal. De este modo puede descartarse la inserci\u00f3n incorrecta de articuladores o impresiones.<\/p>\n<p>Gracias a la placa de sistema ampliada del Vinyl UXD, incluso los articuladores voluminosos pueden colocarse f\u00e1cilmente en el esc\u00e1ner. Todas estas caracter\u00edsticas facilitan enormemente el trabajo, ya que se minimizan las posibles fuentes de error. Vinyl UXD: \u00a1un esc\u00e1ner \u00fanico en su clase!<\/p>\n<table id=\"tablepress-101\" class=\"tablepress tablepress-id-101 tablepress-responsive tablepress-responsive-stack-tablet dataTable no-footer\">\n<tbody>\n<tr class=\"row-2 even\">\n<td class=\"column-1\">N\u00famero de c\u00e1maras<\/td>\n<td class=\"column-2\">4<\/td>\n<\/tr>\n<tr class=\"row-3 odd\">\n<td class=\"column-1\">P\u00edxeles de la c\u00e1mara<\/td>\n<td class=\"column-2\">2 \u00d7 3,2 MP<br \/>\n2 \u00d7 1,0 MP<\/td>\n<\/tr>\n<tr class=\"row-4 even\">\n<td class=\"column-1\">N\u00famero de proyectores<\/td>\n<td class=\"column-2\">3<\/td>\n<\/tr>\n<tr class=\"row-5 odd\">\n<td class=\"column-1\">Precisi\u00f3n (seg\u00fan ISO 12836)<\/td>\n<td class=\"column-2\">4 \u00b5m<\/td>\n<\/tr>\n<tr class=\"row-6 even\">\n<td class=\"column-1\">Formato de los datos de salida<\/td>\n<td class=\"column-2\">PLY, STL<\/td>\n<\/tr>\n<tr class=\"row-7 odd\">\n<td class=\"column-1\">Fuente de luz<\/td>\n<td class=\"column-2\">Luz azul LED<\/td>\n<\/tr>\n<tr class=\"row-8 even\">\n<td class=\"column-1\">Tecnolog\u00eda de medici\u00f3n<\/td>\n<td class=\"column-2\">Triangulaci\u00f3n de la luz de rayas<\/td>\n<\/tr>\n<tr class=\"row-9 odd\">\n<td class=\"column-1\">Campo de medici\u00f3n (X \u00d7 Y \u00d7 Z)<\/td>\n<td class=\"column-2\">C\u00e1mara 1: 80 \u00d7 60 \u00d7 82 mm<br \/>\nC\u00e1mara 2: 88 \u00d7 63 \u00d7 82 mm<\/td>\n<\/tr>\n<tr class=\"row-10 even\">\n<td class=\"column-1\">Dimensiones (An \u00d7 Al \u00d7 P)<\/td>\n<td class=\"column-2\">455 \u00d7 430 \u00d7 435 mm<\/td>\n<\/tr>\n<tr class=\"row-11 odd\">\n<td class=\"column-1\">Peso<\/td>\n<td class=\"column-2\">25 kg<\/td>\n<\/tr>\n<tr class=\"row-12 even\">\n<td class=\"column-1\">Conexiones<\/td>\n<td class=\"column-2\">1 \u00d7 USB<br \/>\n1 \u00d7 corriente<\/td>\n<\/tr>\n<tr class=\"row-13 odd\">\n<td class=\"column-1\">Tensi\u00f3n de red<\/td>\n<td class=\"column-2\">100 - 240 VCA, 50\/60 Hz<\/td>\n<\/tr>\n<tr class=\"row-14 even\">\n<td class=\"column-1\">Garant\u00eda<\/td>\n<td class=\"column-2\">36 meses<\/td>\n<\/tr>\n<\/tbody>\n<\/table>\n<table id=\"tablepress-101-no-2\" class=\"tablepress tablepress-id-101 tablepress-responsive tablepress-responsive-stack-tablet dataTable no-footer\" style=\"height: 663px;\" width=\"426\">\n<tbody>\n<tr class=\"row-2 even\">\n<td class=\"column-1\">Tiempo de exploraci\u00f3n<br \/>\nMand\u00edbula completa<\/td>\n<td class=\"column-2\">1 c\u00e1mara, modo LR<br \/>\nEscaneado: 12 seg.<br \/>\nEmparejamiento: 10 seg.<br \/>\nTotal: 22 seg.2 c\u00e1maras, modo HR<br \/>\nEscaneado: 12 seg.<br \/>\nEmparejamiento: 12 seg.<br \/>\nTotal: 24 seg.<\/td>\n<\/tr>\n<tr class=\"row-3 odd\">\n<td class=\"column-1\">Tiempo de exploraci\u00f3n<br \/>\nUn solo toc\u00f3n<\/td>\n<td class=\"column-2\">1 c\u00e1mara, modo LR<br \/>\nEscaneado: 25 seg.<br \/>\nEmparejamiento: 6 seg.<br \/>\nTotal: 31 seg.2 c\u00e1maras, modo HR<br \/>\nEscaneado: 26 seg.<br \/>\nEmparejamiento: 14 seg.<br \/>\nTotal: 40 seg.<\/td>\n<\/tr>\n<tr class=\"row-4 even\">\n<td class=\"column-1\">Tiempo de exploraci\u00f3n<br \/>\nPuente de 3 unidades<\/td>\n<td class=\"column-2\">1 c\u00e1mara, modo LR<br \/>\nEscaneado: 40 seg.<br \/>\nEmparejamiento: 15 seg.<br \/>\nTotal: 55 seg.2 c\u00e1maras, modo HR<br \/>\nEscaneado: 45 seg.<br \/>\nEmparejamiento: 31 seg.<br \/>\nTotal: 76 seg.<\/td>\n<\/tr>\n<\/tbody>\n<\/table>\n<table id=\"tablepress-101-no-3\" class=\"tablepress tablepress-id-101 tablepress-responsive tablepress-responsive-stack-tablet dataTable no-footer\" style=\"height: 272px;\" width=\"423\">\n<tbody>\n<tr class=\"row-2 even\">\n<td class=\"column-1\">M\u00f3dulo UX (control de gestos y proyecciones auxiliares)<\/td>\n<td class=\"column-2\">\u2713<\/td>\n<\/tr>\n<tr class=\"row-3 odd\">\n<td class=\"column-1\">Eje Z controlado por IA<\/td>\n<td class=\"column-2\">\u2713<\/td>\n<\/tr>\n<tr class=\"row-4 even\">\n<td class=\"column-1\">Eje Z totalmente autom\u00e1tico<\/td>\n<td class=\"column-2\">-<\/td>\n<\/tr>\n<tr class=\"row-5 odd\">\n<td class=\"column-1\">Unidad de sensor 3D (proyector y c\u00e1mara)<\/td>\n<td class=\"column-2\">\u2713<\/td>\n<\/tr>\n<tr class=\"row-6 even\">\n<td class=\"column-1\">Placa del sistema articulador<\/td>\n<td class=\"column-2\"><b>XL<\/b><\/td>\n<\/tr>\n<tr class=\"row-7 odd\">\n<td class=\"column-1\">Indicador LED de estado<\/td>\n<td class=\"column-2\">-<\/td>\n<\/tr>\n<tr class=\"row-8 even\">\n<td class=\"column-1\">Pantalla t\u00e1ctil<\/td>\n<td class=\"column-2\">-<\/td>\n<\/tr>\n<tr class=\"row-9 odd\">\n<td class=\"column-1\">Carcasa de material de alta calidad<\/td>\n<td class=\"column-2\">\u2713<\/td>\n<\/tr>\n<tr class=\"row-10 even\">\n<td class=\"column-1\">Solapa<\/td>\n<td class=\"column-2\">\u2713<\/td>\n<\/tr>\n<\/tbody>\n<\/table>\n<table id=\"tablepress-101-no-4\" class=\"tablepress tablepress-id-101 tablepress-responsive tablepress-responsive-stack-tablet dataTable no-footer\" style=\"height: 639px;\" width=\"420\">\n<tbody>\n<tr class=\"row-2 even\">\n<td class=\"column-1\">Modo LR<\/td>\n<td class=\"column-2\">\u2713<\/td>\n<\/tr>\n<tr class=\"row-3 odd\">\n<td class=\"column-1\">Modo HR<\/td>\n<td class=\"column-2\">\u2713<\/td>\n<\/tr>\n<tr class=\"row-4 even\">\n<td class=\"column-1\">Modo de c\u00e1mara selectiva<\/td>\n<td class=\"column-2\">\u2713<\/td>\n<\/tr>\n<tr class=\"row-5 odd\">\n<td class=\"column-1\">Exploraci\u00f3n del articulador<\/td>\n<td class=\"column-2\">\u2713<\/td>\n<\/tr>\n<tr class=\"row-6 even\">\n<td class=\"column-1\">Autoarticulaci\u00f3n<\/td>\n<td class=\"column-2\">\u2713<\/td>\n<\/tr>\n<tr class=\"row-7 odd\">\n<td class=\"column-1\">Modelo de doble bandeja scan<\/td>\n<td class=\"column-2\">\u2713<\/td>\n<\/tr>\n<tr class=\"row-8 even\">\n<td class=\"column-1\">Escaneado de impresiones<\/td>\n<td class=\"column-2\">\u2713<\/td>\n<\/tr>\n<tr class=\"row-9 odd\">\n<td class=\"column-1\">Bandeja triple<sup>\u00ae<\/sup>\u00a0Escaneado de impresiones<\/td>\n<td class=\"column-2\">\u2713<\/td>\n<\/tr>\n<tr class=\"row-10 even\">\n<td class=\"column-1\">Sistema de pr\u00f3tesis Baltic<sup>\u00ae<\/sup><\/td>\n<td class=\"column-2\">\u00a0\ud83d\udddd\ufe0f<\/td>\n<\/tr>\n<tr class=\"row-11 odd\">\n<td class=\"column-1\">segundoEl<\/td>\n<td class=\"column-2\">\u2713<\/td>\n<\/tr>\n<tr class=\"row-12 even\">\n<td class=\"column-1\">multiDie\/multiDie+<\/td>\n<td class=\"column-2\">\u2713<\/td>\n<\/tr>\n<tr class=\"row-13 odd\">\n<td class=\"column-1\">Control visual del eje Z<\/td>\n<td class=\"column-2\">\u2713<\/td>\n<\/tr>\n<tr class=\"row-14 even\">\n<td class=\"column-1\">Plano de corte autom\u00e1tico<\/td>\n<td class=\"column-2\">\u2713<\/td>\n<\/tr>\n<tr class=\"row-15 odd\">\n<td class=\"column-1\">Escaneo adicional<\/td>\n<td class=\"column-2\">\u2713<\/td>\n<\/tr>\n<tr class=\"row-16 even\">\n<td class=\"column-1\">Escaneo de correcci\u00f3n<\/td>\n<td class=\"column-2\">\u2713<\/td>\n<\/tr>\n<tr class=\"row-17 odd\">\n<td class=\"column-1\">Escaneado monocromo de texturas<\/td>\n<td class=\"column-2\">\u2713<\/td>\n<\/tr>\n<tr class=\"row-18 even\">\n<td class=\"column-1\">Escaneado de texturas en color<\/td>\n<td class=\"column-2\">\u2713<\/td>\n<\/tr>\n<tr class=\"row-19 odd\">\n<td class=\"column-1\">Proyecto universal<\/td>\n<td class=\"column-2\">\u2713<\/td>\n<\/tr>\n<tr class=\"row-20 even\">\n<td class=\"column-1\">proyecto multiCase<\/td>\n<td class=\"column-2\">\u2713<\/td>\n<\/tr>\n<tr class=\"row-21 odd\">\n<td class=\"column-1\">proyecto de ortodoncia<\/td>\n<td class=\"column-2\">\u2713<\/td>\n<\/tr>\n<tr class=\"row-22 even\">\n<td class=\"column-1\">Modo claro y oscuro<\/td>\n<td class=\"column-2\">\u2713<\/td>\n<\/tr>\n<\/tbody>\n<\/table>\n<table id=\"tablepress-101-no-5\" class=\"tablepress tablepress-id-101 tablepress-responsive tablepress-responsive-stack-tablet dataTable no-footer\">\n<thead>\n<tr class=\"row-1 odd\">\n<th class=\"column-1 sorting_disabled\" colspan=\"1\" rowspan=\"1\"><\/th>\n<th class=\"column-2 sorting_disabled\" colspan=\"1\" rowspan=\"1\">Vinilo UXD<\/th>\n<\/tr>\n<\/thead>\n<tbody>\n<tr class=\"row-2 even\">\n<td class=\"column-1\">Software de escaneado<\/td>\n<td class=\"column-2\">Esc\u00e1ner dental<\/td>\n<\/tr>\n<tr class=\"row-3 odd\">\n<td class=\"column-1\">Sistema (requisitos m\u00ednimos)<\/td>\n<td class=\"column-2\">Windows 10 64 bits<br \/>\nCPU de cuatro n\u00facleos, i5<br \/>\n32 GB RAM<br \/>\nPuerto USB 3.0<br \/>\naprox. 100 - 250 GB HDD<br \/>\nTarjeta gr\u00e1fica con 6 GB de RAM<\/td>\n<\/tr>\n<tr class=\"row-4 even\">\n<td class=\"column-1\">Sistema (requisitos recomendados)<\/td>\n<td class=\"column-2\">Windows 11 64 bits<br \/>\nCPU de seis n\u00facleos, i7<br \/>\n32 GB RAM<br \/>\nPuerto USB 3.0<br \/>\naprox. 100 - 250 GB SSD<br \/>\nTarjeta gr\u00e1fica con 6 GB de RAM<\/td>\n<\/tr>\n<\/tbody>\n<\/table>\n<table id=\"tablepress-101-no-6\" class=\"tablepress tablepress-id-101 tablepress-responsive tablepress-responsive-stack-tablet dataTable no-footer\">\n<tbody>\n<tr class=\"row-2 even\">\n<td class=\"column-1\">Alcance de la entrega<\/td>\n<td class=\"column-2\">Vinilo UXD<br \/>\nCable de red<br \/>\nCable USB<br \/>\nMalet\u00edn de accesorios<\/td>\n<\/tr>\n<tr class=\"row-3 odd\">\n<td class=\"column-1\">Volumen de suministro malet\u00edn de accesorios<\/td>\n<td class=\"column-2\">Modelo de calibraci\u00f3n 3D<br \/>\nPortaobjetos<br \/>\nPlaca universal<br \/>\nadaptador multiDie<br \/>\nBandeja triple<sup>\u00ae<\/sup>-Soporte de compresi\u00f3n<br \/>\nPuente de 4 dientes (bandeja doble)<br \/>\nAlmohadillas adhesivas<br \/>\nSoporte de datos con esc\u00e1ner dental, datos de calibraci\u00f3n<\/td>\n<\/tr>\n<\/tbody>\n<\/table>","protected":false},"excerpt":{"rendered":"<p>La serie Vinyl se ampli\u00f3 en 2022 para incluir un miembro m\u00e1s, el Vinyl UXD. Dos c\u00e1maras de alta resoluci\u00f3n y un avanzado sensor 3D contribuyen a una \u00f3ptima captura de datos. El usuario puede elegir entre cuatro modos. Se puede determinar el n\u00famero de c\u00e1maras y su resoluci\u00f3n. Esto ofrece la gran ventaja de poder crear un conjunto de datos de alta resoluci\u00f3n con cobertura de escaneado completa o un conjunto de datos reducido para ahorrar tiempo.<\/p>\n<p><strong>Precio a la carta\u00a0<\/strong><\/p>\n<p>PVP 14.990,00<\/p>","protected":false},"featured_media":25434,"comment_status":"open","ping_status":"closed","template":"","meta":{"neve_meta_sidebar":"","neve_meta_container":"","neve_meta_enable_content_width":"off","neve_meta_content_width":70,"neve_meta_title_alignment":"","neve_meta_author_avatar":"","neve_post_elements_order":"","neve_meta_disable_header":"","neve_meta_disable_footer":"","neve_meta_disable_title":"","_themeisle_gutenberg_block_has_review":false},"product_brand":[],"product_cat":[624,778],"product_tag":[],"class_list":{"0":"post-25428","1":"product","2":"type-product","3":"status-publish","4":"has-post-thumbnail","6":"product_cat-equipment","7":"product_cat-smart-optics","9":"first","10":"instock","11":"taxable","12":"shipping-taxable","13":"product-type-simple"},"yoast_head":"<!-- This site is optimized with the Yoast SEO plugin v27.6 - https:\/\/yoast.com\/product\/yoast-seo-wordpress\/ -->\n<title>Smart optics Vinyl UXD - Ador Dental GmbH<\/title>\n<meta name=\"description\" content=\"Smart optics Vinyl UXD: Zwei hochaufl\u00f6sende Kameras und ein weiterentwickelter 3D-Sensor tragen zur optimalen Datenerfassung bei.\" \/>\n<meta name=\"robots\" content=\"index, follow, max-snippet:-1, max-image-preview:large, max-video-preview:-1\" \/>\n<link rel=\"canonical\" href=\"https:\/\/www.ador-dental.de\/es\/producto\/smart-optics-vinyl-uxd\/\" \/>\n<meta property=\"og:locale\" content=\"es_ES\" \/>\n<meta property=\"og:type\" content=\"article\" \/>\n<meta property=\"og:title\" content=\"Smart optics Vinyl UXD - Ador Dental GmbH\" \/>\n<meta property=\"og:description\" content=\"Smart optics Vinyl UXD: Zwei hochaufl\u00f6sende Kameras und ein weiterentwickelter 3D-Sensor tragen zur optimalen Datenerfassung bei.\" \/>\n<meta property=\"og:url\" content=\"https:\/\/www.ador-dental.de\/es\/producto\/smart-optics-vinyl-uxd\/\" \/>\n<meta property=\"og:site_name\" content=\"Ador Dental GmbH\" \/>\n<meta property=\"article:modified_time\" content=\"2025-04-11T08:37:10+00:00\" \/>\n<meta property=\"og:image\" content=\"https:\/\/www.ador-dental.de\/wp-content\/uploads\/2023\/03\/vinyl-uxd-01.jpg\" \/>\n\t<meta property=\"og:image:width\" content=\"2000\" \/>\n\t<meta property=\"og:image:height\" content=\"2233\" \/>\n\t<meta property=\"og:image:type\" content=\"image\/jpeg\" \/>\n<meta name=\"twitter:card\" content=\"summary_large_image\" \/>\n<meta name=\"twitter:label1\" content=\"Tiempo de lectura\" \/>\n\t<meta name=\"twitter:data1\" content=\"2 minutos\" \/>\n<script type=\"application\/ld+json\" class=\"yoast-schema-graph\">{\"@context\":\"https:\\\/\\\/schema.org\",\"@graph\":[{\"@type\":\"WebPage\",\"@id\":\"https:\\\/\\\/www.ador-dental.de\\\/produkt\\\/smart-optics-vinyl-uxd\\\/\",\"url\":\"https:\\\/\\\/www.ador-dental.de\\\/produkt\\\/smart-optics-vinyl-uxd\\\/\",\"name\":\"Smart optics Vinyl UXD - Ador Dental GmbH\",\"isPartOf\":{\"@id\":\"https:\\\/\\\/www.ador-dental.de\\\/en\\\/#website\"},\"primaryImageOfPage\":{\"@id\":\"https:\\\/\\\/www.ador-dental.de\\\/produkt\\\/smart-optics-vinyl-uxd\\\/#primaryimage\"},\"image\":{\"@id\":\"https:\\\/\\\/www.ador-dental.de\\\/produkt\\\/smart-optics-vinyl-uxd\\\/#primaryimage\"},\"thumbnailUrl\":\"https:\\\/\\\/www.ador-dental.de\\\/wp-content\\\/uploads\\\/2023\\\/03\\\/vinyl-uxd-01.jpg\",\"datePublished\":\"2023-03-09T09:39:59+00:00\",\"dateModified\":\"2025-04-11T08:37:10+00:00\",\"description\":\"Smart optics Vinyl UXD: Zwei hochaufl\u00f6sende Kameras und ein weiterentwickelter 3D-Sensor tragen zur optimalen Datenerfassung bei.\",\"breadcrumb\":{\"@id\":\"https:\\\/\\\/www.ador-dental.de\\\/produkt\\\/smart-optics-vinyl-uxd\\\/#breadcrumb\"},\"inLanguage\":\"es\",\"potentialAction\":[{\"@type\":\"ReadAction\",\"target\":[\"https:\\\/\\\/www.ador-dental.de\\\/produkt\\\/smart-optics-vinyl-uxd\\\/\"]}]},{\"@type\":\"ImageObject\",\"inLanguage\":\"es\",\"@id\":\"https:\\\/\\\/www.ador-dental.de\\\/produkt\\\/smart-optics-vinyl-uxd\\\/#primaryimage\",\"url\":\"https:\\\/\\\/www.ador-dental.de\\\/wp-content\\\/uploads\\\/2023\\\/03\\\/vinyl-uxd-01.jpg\",\"contentUrl\":\"https:\\\/\\\/www.ador-dental.de\\\/wp-content\\\/uploads\\\/2023\\\/03\\\/vinyl-uxd-01.jpg\",\"width\":2000,\"height\":2233},{\"@type\":\"BreadcrumbList\",\"@id\":\"https:\\\/\\\/www.ador-dental.de\\\/produkt\\\/smart-optics-vinyl-uxd\\\/#breadcrumb\",\"itemListElement\":[{\"@type\":\"ListItem\",\"position\":1,\"name\":\"Startseite\",\"item\":\"https:\\\/\\\/www.ador-dental.de\\\/\"},{\"@type\":\"ListItem\",\"position\":2,\"name\":\"Shop\",\"item\":\"https:\\\/\\\/www.ador-dental.de\\\/en\\\/shop\\\/\"},{\"@type\":\"ListItem\",\"position\":3,\"name\":\"Smart optics Vinyl UXD\"}]},{\"@type\":\"WebSite\",\"@id\":\"https:\\\/\\\/www.ador-dental.de\\\/en\\\/#website\",\"url\":\"https:\\\/\\\/www.ador-dental.de\\\/en\\\/\",\"name\":\"Ador Dental GmbH\",\"description\":\"\",\"publisher\":{\"@id\":\"https:\\\/\\\/www.ador-dental.de\\\/en\\\/#organization\"},\"potentialAction\":[{\"@type\":\"SearchAction\",\"target\":{\"@type\":\"EntryPoint\",\"urlTemplate\":\"https:\\\/\\\/www.ador-dental.de\\\/en\\\/?s={search_term_string}\"},\"query-input\":{\"@type\":\"PropertyValueSpecification\",\"valueRequired\":true,\"valueName\":\"search_term_string\"}}],\"inLanguage\":\"es\"},{\"@type\":\"Organization\",\"@id\":\"https:\\\/\\\/www.ador-dental.de\\\/en\\\/#organization\",\"name\":\"Ador Dental GmbH\",\"url\":\"https:\\\/\\\/www.ador-dental.de\\\/en\\\/\",\"logo\":{\"@type\":\"ImageObject\",\"inLanguage\":\"es\",\"@id\":\"https:\\\/\\\/www.ador-dental.de\\\/en\\\/#\\\/schema\\\/logo\\\/image\\\/\",\"url\":\"https:\\\/\\\/www.ador-dental.de\\\/wp-content\\\/uploads\\\/2021\\\/10\\\/ADOR_Logo_DentalSolutions_2020_Black.svg\",\"contentUrl\":\"https:\\\/\\\/www.ador-dental.de\\\/wp-content\\\/uploads\\\/2021\\\/10\\\/ADOR_Logo_DentalSolutions_2020_Black.svg\",\"width\":678,\"height\":261,\"caption\":\"Ador Dental GmbH\"},\"image\":{\"@id\":\"https:\\\/\\\/www.ador-dental.de\\\/en\\\/#\\\/schema\\\/logo\\\/image\\\/\"}}]}<\/script>\n<!-- \/ Yoast SEO plugin. -->","yoast_head_json":{"title":"Smart optics Vinyl UXD - Ador Dental GmbH","description":"Smart optics Vinyl UXD: Zwei hochaufl\u00f6sende Kameras und ein weiterentwickelter 3D-Sensor tragen zur optimalen Datenerfassung bei.","robots":{"index":"index","follow":"follow","max-snippet":"max-snippet:-1","max-image-preview":"max-image-preview:large","max-video-preview":"max-video-preview:-1"},"canonical":"https:\/\/www.ador-dental.de\/es\/producto\/smart-optics-vinyl-uxd\/","og_locale":"es_ES","og_type":"article","og_title":"Smart optics Vinyl UXD - Ador Dental GmbH","og_description":"Smart optics Vinyl UXD: Zwei hochaufl\u00f6sende Kameras und ein weiterentwickelter 3D-Sensor tragen zur optimalen Datenerfassung bei.","og_url":"https:\/\/www.ador-dental.de\/es\/producto\/smart-optics-vinyl-uxd\/","og_site_name":"Ador Dental GmbH","article_modified_time":"2025-04-11T08:37:10+00:00","og_image":[{"width":2000,"height":2233,"url":"https:\/\/www.ador-dental.de\/wp-content\/uploads\/2023\/03\/vinyl-uxd-01.jpg","type":"image\/jpeg"}],"twitter_card":"summary_large_image","twitter_misc":{"Tiempo de lectura":"2 minutos"},"schema":{"@context":"https:\/\/schema.org","@graph":[{"@type":"WebPage","@id":"https:\/\/www.ador-dental.de\/produkt\/smart-optics-vinyl-uxd\/","url":"https:\/\/www.ador-dental.de\/produkt\/smart-optics-vinyl-uxd\/","name":"Smart optics Vinyl UXD - Ador Dental GmbH","isPartOf":{"@id":"https:\/\/www.ador-dental.de\/en\/#website"},"primaryImageOfPage":{"@id":"https:\/\/www.ador-dental.de\/produkt\/smart-optics-vinyl-uxd\/#primaryimage"},"image":{"@id":"https:\/\/www.ador-dental.de\/produkt\/smart-optics-vinyl-uxd\/#primaryimage"},"thumbnailUrl":"https:\/\/www.ador-dental.de\/wp-content\/uploads\/2023\/03\/vinyl-uxd-01.jpg","datePublished":"2023-03-09T09:39:59+00:00","dateModified":"2025-04-11T08:37:10+00:00","description":"Smart optics Vinyl UXD: Zwei hochaufl\u00f6sende Kameras und ein weiterentwickelter 3D-Sensor tragen zur optimalen Datenerfassung bei.","breadcrumb":{"@id":"https:\/\/www.ador-dental.de\/produkt\/smart-optics-vinyl-uxd\/#breadcrumb"},"inLanguage":"es","potentialAction":[{"@type":"ReadAction","target":["https:\/\/www.ador-dental.de\/produkt\/smart-optics-vinyl-uxd\/"]}]},{"@type":"ImageObject","inLanguage":"es","@id":"https:\/\/www.ador-dental.de\/produkt\/smart-optics-vinyl-uxd\/#primaryimage","url":"https:\/\/www.ador-dental.de\/wp-content\/uploads\/2023\/03\/vinyl-uxd-01.jpg","contentUrl":"https:\/\/www.ador-dental.de\/wp-content\/uploads\/2023\/03\/vinyl-uxd-01.jpg","width":2000,"height":2233},{"@type":"BreadcrumbList","@id":"https:\/\/www.ador-dental.de\/produkt\/smart-optics-vinyl-uxd\/#breadcrumb","itemListElement":[{"@type":"ListItem","position":1,"name":"Startseite","item":"https:\/\/www.ador-dental.de\/"},{"@type":"ListItem","position":2,"name":"Shop","item":"https:\/\/www.ador-dental.de\/en\/shop\/"},{"@type":"ListItem","position":3,"name":"Smart optics Vinyl UXD"}]},{"@type":"WebSite","@id":"https:\/\/www.ador-dental.de\/en\/#website","url":"https:\/\/www.ador-dental.de\/en\/","name":"Ador Dental GmbH","description":"","publisher":{"@id":"https:\/\/www.ador-dental.de\/en\/#organization"},"potentialAction":[{"@type":"SearchAction","target":{"@type":"EntryPoint","urlTemplate":"https:\/\/www.ador-dental.de\/en\/?s={search_term_string}"},"query-input":{"@type":"PropertyValueSpecification","valueRequired":true,"valueName":"search_term_string"}}],"inLanguage":"es"},{"@type":"Organization","@id":"https:\/\/www.ador-dental.de\/en\/#organization","name":"Ador Dental GmbH","url":"https:\/\/www.ador-dental.de\/en\/","logo":{"@type":"ImageObject","inLanguage":"es","@id":"https:\/\/www.ador-dental.de\/en\/#\/schema\/logo\/image\/","url":"https:\/\/www.ador-dental.de\/wp-content\/uploads\/2021\/10\/ADOR_Logo_DentalSolutions_2020_Black.svg","contentUrl":"https:\/\/www.ador-dental.de\/wp-content\/uploads\/2021\/10\/ADOR_Logo_DentalSolutions_2020_Black.svg","width":678,"height":261,"caption":"Ador Dental GmbH"},"image":{"@id":"https:\/\/www.ador-dental.de\/en\/#\/schema\/logo\/image\/"}}]}},"_links":{"self":[{"href":"https:\/\/www.ador-dental.de\/es\/wp-json\/wp\/v2\/product\/25428","targetHints":{"allow":["GET"]}}],"collection":[{"href":"https:\/\/www.ador-dental.de\/es\/wp-json\/wp\/v2\/product"}],"about":[{"href":"https:\/\/www.ador-dental.de\/es\/wp-json\/wp\/v2\/types\/product"}],"replies":[{"embeddable":true,"href":"https:\/\/www.ador-dental.de\/es\/wp-json\/wp\/v2\/comments?post=25428"}],"version-history":[{"count":5,"href":"https:\/\/www.ador-dental.de\/es\/wp-json\/wp\/v2\/product\/25428\/revisions"}],"predecessor-version":[{"id":27765,"href":"https:\/\/www.ador-dental.de\/es\/wp-json\/wp\/v2\/product\/25428\/revisions\/27765"}],"wp:featuredmedia":[{"embeddable":true,"href":"https:\/\/www.ador-dental.de\/es\/wp-json\/wp\/v2\/media\/25434"}],"wp:attachment":[{"href":"https:\/\/www.ador-dental.de\/es\/wp-json\/wp\/v2\/media?parent=25428"}],"wp:term":[{"taxonomy":"product_brand","embeddable":true,"href":"https:\/\/www.ador-dental.de\/es\/wp-json\/wp\/v2\/product_brand?post=25428"},{"taxonomy":"product_cat","embeddable":true,"href":"https:\/\/www.ador-dental.de\/es\/wp-json\/wp\/v2\/product_cat?post=25428"},{"taxonomy":"product_tag","embeddable":true,"href":"https:\/\/www.ador-dental.de\/es\/wp-json\/wp\/v2\/product_tag?post=25428"}],"curies":[{"name":"wp","href":"https:\/\/api.w.org\/{rel}","templated":true}]}}