{"id":24337,"date":"2022-11-30T16:33:48","date_gmt":"2022-11-30T15:33:48","guid":{"rendered":"https:\/\/www.ador-edelmetalle.de\/?post_type=product&#038;p=24337"},"modified":"2026-01-13T09:51:40","modified_gmt":"2026-01-13T08:51:40","slug":"3d-pro-multilayer","status":"publish","type":"product","link":"https:\/\/www.ador-dental.de\/es\/producto\/3d-pro-multilayer\/","title":{"rendered":"3D-Pro-Multicapa"},"content":{"rendered":"<div class=\"page\" role=\"region\" data-page-number=\"4\" aria-label=\"P\u00e1gina 4\" data-loaded=\"true\">\n<div class=\"textLayer\"><strong><span dir=\"ltr\" role=\"presentation\">Santa Barbara 3D Pro Zirconia multicapa<\/span><\/strong><\/div>\n<div class=\"textLayer\"><br role=\"presentation\" \/><span dir=\"ltr\" role=\"presentation\">es la soluci\u00f3n ideal para satisfacer las altas <\/span><span dir=\"ltr\" role=\"presentation\">est\u00e1ndar est\u00e9tico.<\/span><br role=\"presentation\" \/><span dir=\"ltr\" role=\"presentation\">capas de diferente color, translucidez y <\/span><span dir=\"ltr\" role=\"presentation\">resistencia (de 800 a 1200 MPa) ofrecen una amplia gama de <\/span><br role=\"presentation\" \/><span dir=\"ltr\" role=\"presentation\">Espectro de opciones quir\u00fargicas para la <\/span><span dir=\"ltr\" role=\"presentation\">toda la arcada dental. Disponible en 16 colores y <\/span><br role=\"presentation\" \/><span dir=\"ltr\" role=\"presentation\">diferentes espesores para cada aplicaci\u00f3n, lo que <\/span><span dir=\"ltr\" role=\"presentation\">personalizado, seguro y natural <\/span><\/div>\n<div class=\"textLayer\"><span dir=\"ltr\" role=\"presentation\">mira<\/span><span dir=\"ltr\" role=\"presentation\">restauraciones.<\/span><\/div>\n<div><\/div>\n<\/div>\n<div class=\"textLayer\"><\/div>\n<div><\/div>\n<p>&nbsp;<\/p>\n<p><strong>Composici\u00f3n qu\u00edmica y <\/strong><strong>Datos t\u00e9cnicos\u00a0<\/strong><\/p>\n<table width=\"749\">\n<tbody>\n<tr>\n<td width=\"80\">\n<p class=\"p1\">ZrO\u2082+HfO\u2082+Y\u2082O\u2083<\/p>\n<\/td>\n<td width=\"61\">%<\/td>\n<td width=\"132\"><b>\u2265 <\/b>99<\/td>\n<td width=\"71\"><strong>\u00a0<\/strong><\/td>\n<td width=\"264\">Densidad antes de la sinterizaci\u00f3n \u03f1<\/td>\n<td width=\"61\">g - cm<sup>-3<\/sup><\/td>\n<td width=\"81\">3,1 \u00b1 0,05<\/td>\n<\/tr>\n<tr>\n<td width=\"80\">Y\u2082O\u2083<\/td>\n<td width=\"61\">%<\/td>\n<td width=\"132\">4,5 - 10<\/td>\n<td width=\"71\"><strong>\u00a0<\/strong><\/td>\n<td width=\"264\">Densidad tras la sinterizaci\u00f3n \u03f1<\/td>\n<td width=\"61\">g - cm<sup>-3<\/sup><\/td>\n<td width=\"81\">6,07 \u00b1 0,02<\/td>\n<\/tr>\n<tr>\n<td width=\"80\">Al\u2082O\u2083<\/td>\n<td width=\"61\">%<\/td>\n<td width=\"132\">&lt; 0,15<\/td>\n<td width=\"71\"><strong>\u00a0<\/strong><\/td>\n<td rowspan=\"2\" width=\"264\">Coeficiente lineal de expansi\u00f3n t\u00e9rmica \u03b1 25 - 500 \u00b0C<\/td>\n<td rowspan=\"2\" width=\"61\">10<sup>-6<\/sup>-K<sup>-1<\/sup><\/td>\n<td rowspan=\"2\" width=\"81\">10,5 \u00b1 0,05<\/td>\n<\/tr>\n<tr>\n<td width=\"80\">Otros \u00f3xidos<\/td>\n<td width=\"61\">%<\/td>\n<td width=\"132\">&lt; 0,5<\/td>\n<td width=\"71\"><\/td>\n<\/tr>\n<tr>\n<td width=\"80\"><\/td>\n<td width=\"61\"><\/td>\n<td width=\"132\"><\/td>\n<td width=\"71\"><strong>\u00a0<\/strong><\/td>\n<td rowspan=\"2\" width=\"264\">Resistencia a la flexi\u00f3n tras la sinterizaci\u00f3n<\/td>\n<td rowspan=\"2\" width=\"61\">MPa<\/td>\n<td rowspan=\"2\" width=\"81\">800 - 1200<\/td>\n<\/tr>\n<tr>\n<td width=\"80\"><\/td>\n<td width=\"61\"><\/td>\n<td width=\"132\"><\/td>\n<td width=\"71\"><\/td>\n<\/tr>\n<tr>\n<td width=\"80\"><\/td>\n<td width=\"61\"><\/td>\n<td width=\"132\"><\/td>\n<td width=\"71\"><strong>\u00a0<\/strong><\/td>\n<td width=\"264\">Transmisi\u00f3n de la luz<\/td>\n<td width=\"61\">%<\/td>\n<td width=\"81\">42 -49<\/td>\n<\/tr>\n<tr>\n<td width=\"80\"><\/td>\n<td width=\"61\"><\/td>\n<td width=\"132\"><\/td>\n<td width=\"71\"><strong>\u00a0<\/strong><\/td>\n<td width=\"264\">Citotoxicidad<\/td>\n<td width=\"61\"><\/td>\n<td width=\"81\">Nivel 0<\/td>\n<\/tr>\n<tr>\n<td colspan=\"4\" width=\"344\"><strong>\u00a0<\/strong><\/td>\n<td width=\"264\">Radioactividad<\/td>\n<td width=\"61\"><sup><span style=\"font-size: 16px;\">Bq- g-1<\/span><\/sup><\/td>\n<td width=\"81\">&lt;0,1<\/td>\n<\/tr>\n<tr>\n<td colspan=\"4\" width=\"344\"><strong>\u00a0<\/strong><\/td>\n<td width=\"264\">Temperatura de sinterizaci\u00f3n<\/td>\n<td width=\"61\">\u00b0C<\/td>\n<td width=\"81\">1480 - 1530<\/td>\n<\/tr>\n<tr>\n<td colspan=\"4\" width=\"344\"><strong>\u00a0<\/strong><\/td>\n<td width=\"264\">Solubilidad qu\u00edmica tras la sinterizaci\u00f3n<\/td>\n<td width=\"61\"><em>\u00b5g- cm<sup>-2<\/sup><\/em><\/td>\n<td width=\"81\">&lt;100<\/td>\n<\/tr>\n<tr>\n<td colspan=\"4\" width=\"344\"><strong>\u00a0<\/strong><\/td>\n<td width=\"264\">Contenido de fase monocl\u00ednica de la superficie de envejecimiento<\/td>\n<td width=\"61\">%<\/td>\n<td width=\"81\">15<\/td>\n<\/tr>\n<\/tbody>\n<\/table>\n<p>&nbsp;<\/p>\n<p><strong>Curva de sinterizaci\u00f3n<\/strong><\/p>\n<p><img fetchpriority=\"high\" decoding=\"async\" class=\"alignnone size-medium wp-image-25054\" src=\"https:\/\/www.ador-dental.de\/wp-content\/uploads\/2022\/11\/Bildschirm\u00adfoto-2023-01-10-um-14.27.39-300x219.png\" alt=\"\" width=\"300\" height=\"219\" srcset=\"https:\/\/www.ador-dental.de\/wp-content\/uploads\/2022\/11\/Bildschirm\u00adfoto-2023-01-10-um-14.27.39-300x219.png 300w, https:\/\/www.ador-dental.de\/wp-content\/uploads\/2022\/11\/Bildschirm\u00adfoto-2023-01-10-um-14.27.39-1024x746.png 1024w, https:\/\/www.ador-dental.de\/wp-content\/uploads\/2022\/11\/Bildschirm\u00adfoto-2023-01-10-um-14.27.39-768x560.png 768w, https:\/\/www.ador-dental.de\/wp-content\/uploads\/2022\/11\/Bildschirm\u00adfoto-2023-01-10-um-14.27.39-16x12.png 16w, https:\/\/www.ador-dental.de\/wp-content\/uploads\/2022\/11\/Bildschirm\u00adfoto-2023-01-10-um-14.27.39-600x437.png 600w, https:\/\/www.ador-dental.de\/wp-content\/uploads\/2022\/11\/Bildschirm\u00adfoto-2023-01-10-um-14.27.39-64x47.png 64w, https:\/\/www.ador-dental.de\/wp-content\/uploads\/2022\/11\/Bildschirm\u00adfoto-2023-01-10-um-14.27.39.png 1142w\" sizes=\"(max-width: 300px) 100vw, 300px\" \/><\/p>\n<p>&nbsp;<\/p>\n<p>&nbsp;<\/p>","protected":false},"excerpt":{"rendered":"<p><strong>Piezas en bruto de circ\u00f3n de Santa B\u00e1rbara<\/strong><span dir=\"ltr\" role=\"presentation\"><br \/>\n<\/span><span dir=\"ltr\" role=\"presentation\">para <\/span><span dir=\"ltr\" role=\"presentation\">monol\u00edtico <\/span><span dir=\"ltr\" role=\"presentation\">Restauraciones <\/span><span dir=\"ltr\" role=\"presentation\">en el <\/span><span dir=\"ltr\" role=\"presentation\">Dientes anteriores y posteriores (coronas y puentes), as\u00ed como coronas y puentes implantosoportados<\/span><\/p>\n<p><span dir=\"ltr\" role=\"presentation\"><br \/>\n-16 colores Vita\u00a0<br role=\"presentation\" \/>-5 Capas de resistencia creciente <br role=\"presentation\" \/>(800 Mpa; 900 Mpa; 1000 Mpa; 1100 <br role=\"presentation\" \/>Mpa;1200 Mpa)<br role=\"presentation\" \/>- Translucidez 42% - 49%<br role=\"presentation\" \/>-Efecto natural<br role=\"presentation\" \/>-Ligero y duradero<br role=\"presentation\" \/>-Biocompatible<br role=\"presentation\" \/>-Baja conductividad t\u00e9rmica<br \/>\n<\/span><\/p>","protected":false},"featured_media":25218,"comment_status":"open","ping_status":"closed","template":"","meta":{"neve_meta_sidebar":"","neve_meta_container":"","neve_meta_enable_content_width":"off","neve_meta_content_width":70,"neve_meta_title_alignment":"","neve_meta_author_avatar":"","neve_post_elements_order":"","neve_meta_disable_header":"","neve_meta_disable_footer":"","neve_meta_disable_title":"","_themeisle_gutenberg_block_has_review":false},"product_brand":[],"product_cat":[420],"product_tag":[],"class_list":{"0":"post-24337","1":"product","2":"type-product","3":"status-publish","4":"has-post-thumbnail","6":"product_cat-zirkon-blanks","8":"first","9":"instock","10":"taxable","11":"shipping-taxable","12":"purchasable","13":"product-type-variable"},"yoast_head":"<!-- This site is optimized with the Yoast SEO plugin v27.4 - https:\/\/yoast.com\/product\/yoast-seo-wordpress\/ -->\n<title>3D-Pro-Multilayer - Ador Dental GmbH<\/title>\n<meta name=\"description\" content=\"Santa Barbara 3D Pro Multilayer Zirconia ist die ideale L\u00f6sung, um den geforderten hohen \u00e4sthetischen Standard zu gew\u00e4hrleisten.\" \/>\n<meta name=\"robots\" content=\"index, follow, max-snippet:-1, max-image-preview:large, max-video-preview:-1\" \/>\n<link rel=\"canonical\" href=\"https:\/\/www.ador-dental.de\/es\/producto\/3d-pro-multilayer\/\" \/>\n<meta property=\"og:locale\" content=\"es_ES\" \/>\n<meta property=\"og:type\" content=\"article\" \/>\n<meta property=\"og:title\" content=\"3D-Pro-Multilayer - Ador Dental GmbH\" \/>\n<meta property=\"og:description\" content=\"Santa Barbara 3D Pro Multilayer Zirconia ist die ideale L\u00f6sung, um den geforderten hohen \u00e4sthetischen Standard zu gew\u00e4hrleisten.\" \/>\n<meta property=\"og:url\" content=\"https:\/\/www.ador-dental.de\/es\/producto\/3d-pro-multilayer\/\" \/>\n<meta property=\"og:site_name\" content=\"Ador Dental GmbH\" \/>\n<meta property=\"article:modified_time\" content=\"2026-01-13T08:51:40+00:00\" \/>\n<meta property=\"og:image\" content=\"https:\/\/www.ador-dental.de\/wp-content\/uploads\/2023\/01\/3D-Pro-Produktbild.png\" \/>\n\t<meta property=\"og:image:width\" content=\"1024\" \/>\n\t<meta property=\"og:image:height\" content=\"1024\" \/>\n\t<meta property=\"og:image:type\" content=\"image\/png\" \/>\n<meta name=\"twitter:card\" content=\"summary_large_image\" \/>\n<meta name=\"twitter:label1\" content=\"Tiempo de lectura\" \/>\n\t<meta name=\"twitter:data1\" content=\"1 minuto\" \/>\n<script type=\"application\/ld+json\" class=\"yoast-schema-graph\">{\"@context\":\"https:\\\/\\\/schema.org\",\"@graph\":[{\"@type\":\"WebPage\",\"@id\":\"https:\\\/\\\/www.ador-dental.de\\\/produkt\\\/3d-pro-multilayer\\\/\",\"url\":\"https:\\\/\\\/www.ador-dental.de\\\/produkt\\\/3d-pro-multilayer\\\/\",\"name\":\"3D-Pro-Multilayer - Ador Dental GmbH\",\"isPartOf\":{\"@id\":\"https:\\\/\\\/www.ador-dental.de\\\/en\\\/#website\"},\"primaryImageOfPage\":{\"@id\":\"https:\\\/\\\/www.ador-dental.de\\\/produkt\\\/3d-pro-multilayer\\\/#primaryimage\"},\"image\":{\"@id\":\"https:\\\/\\\/www.ador-dental.de\\\/produkt\\\/3d-pro-multilayer\\\/#primaryimage\"},\"thumbnailUrl\":\"https:\\\/\\\/www.ador-dental.de\\\/wp-content\\\/uploads\\\/2023\\\/01\\\/3D-Pro-Produktbild.png\",\"datePublished\":\"2022-11-30T15:33:48+00:00\",\"dateModified\":\"2026-01-13T08:51:40+00:00\",\"description\":\"Santa Barbara 3D Pro Multilayer Zirconia ist die ideale L\u00f6sung, um den geforderten hohen \u00e4sthetischen Standard zu gew\u00e4hrleisten.\",\"breadcrumb\":{\"@id\":\"https:\\\/\\\/www.ador-dental.de\\\/produkt\\\/3d-pro-multilayer\\\/#breadcrumb\"},\"inLanguage\":\"es\",\"potentialAction\":[{\"@type\":\"ReadAction\",\"target\":[\"https:\\\/\\\/www.ador-dental.de\\\/produkt\\\/3d-pro-multilayer\\\/\"]}]},{\"@type\":\"ImageObject\",\"inLanguage\":\"es\",\"@id\":\"https:\\\/\\\/www.ador-dental.de\\\/produkt\\\/3d-pro-multilayer\\\/#primaryimage\",\"url\":\"https:\\\/\\\/www.ador-dental.de\\\/wp-content\\\/uploads\\\/2023\\\/01\\\/3D-Pro-Produktbild.png\",\"contentUrl\":\"https:\\\/\\\/www.ador-dental.de\\\/wp-content\\\/uploads\\\/2023\\\/01\\\/3D-Pro-Produktbild.png\",\"width\":1024,\"height\":1024},{\"@type\":\"BreadcrumbList\",\"@id\":\"https:\\\/\\\/www.ador-dental.de\\\/produkt\\\/3d-pro-multilayer\\\/#breadcrumb\",\"itemListElement\":[{\"@type\":\"ListItem\",\"position\":1,\"name\":\"Startseite\",\"item\":\"https:\\\/\\\/www.ador-dental.de\\\/\"},{\"@type\":\"ListItem\",\"position\":2,\"name\":\"Shop\",\"item\":\"https:\\\/\\\/www.ador-dental.de\\\/en\\\/shop\\\/\"},{\"@type\":\"ListItem\",\"position\":3,\"name\":\"3D-Pro-Multilayer\"}]},{\"@type\":\"WebSite\",\"@id\":\"https:\\\/\\\/www.ador-dental.de\\\/en\\\/#website\",\"url\":\"https:\\\/\\\/www.ador-dental.de\\\/en\\\/\",\"name\":\"Ador Dental GmbH\",\"description\":\"\",\"publisher\":{\"@id\":\"https:\\\/\\\/www.ador-dental.de\\\/en\\\/#organization\"},\"potentialAction\":[{\"@type\":\"SearchAction\",\"target\":{\"@type\":\"EntryPoint\",\"urlTemplate\":\"https:\\\/\\\/www.ador-dental.de\\\/en\\\/?s={search_term_string}\"},\"query-input\":{\"@type\":\"PropertyValueSpecification\",\"valueRequired\":true,\"valueName\":\"search_term_string\"}}],\"inLanguage\":\"es\"},{\"@type\":\"Organization\",\"@id\":\"https:\\\/\\\/www.ador-dental.de\\\/en\\\/#organization\",\"name\":\"Ador Dental GmbH\",\"url\":\"https:\\\/\\\/www.ador-dental.de\\\/en\\\/\",\"logo\":{\"@type\":\"ImageObject\",\"inLanguage\":\"es\",\"@id\":\"https:\\\/\\\/www.ador-dental.de\\\/en\\\/#\\\/schema\\\/logo\\\/image\\\/\",\"url\":\"https:\\\/\\\/www.ador-dental.de\\\/wp-content\\\/uploads\\\/2021\\\/10\\\/ADOR_Logo_DentalSolutions_2020_Black.svg\",\"contentUrl\":\"https:\\\/\\\/www.ador-dental.de\\\/wp-content\\\/uploads\\\/2021\\\/10\\\/ADOR_Logo_DentalSolutions_2020_Black.svg\",\"width\":678,\"height\":261,\"caption\":\"Ador Dental GmbH\"},\"image\":{\"@id\":\"https:\\\/\\\/www.ador-dental.de\\\/en\\\/#\\\/schema\\\/logo\\\/image\\\/\"}}]}<\/script>\n<!-- \/ Yoast SEO plugin. -->","yoast_head_json":{"title":"3D-Pro-Multilayer - Ador Dental GmbH","description":"Santa Barbara 3D Pro Multilayer Zirconia ist die ideale L\u00f6sung, um den geforderten hohen \u00e4sthetischen Standard zu gew\u00e4hrleisten.","robots":{"index":"index","follow":"follow","max-snippet":"max-snippet:-1","max-image-preview":"max-image-preview:large","max-video-preview":"max-video-preview:-1"},"canonical":"https:\/\/www.ador-dental.de\/es\/producto\/3d-pro-multilayer\/","og_locale":"es_ES","og_type":"article","og_title":"3D-Pro-Multilayer - Ador Dental GmbH","og_description":"Santa Barbara 3D Pro Multilayer Zirconia ist die ideale L\u00f6sung, um den geforderten hohen \u00e4sthetischen Standard zu gew\u00e4hrleisten.","og_url":"https:\/\/www.ador-dental.de\/es\/producto\/3d-pro-multilayer\/","og_site_name":"Ador Dental GmbH","article_modified_time":"2026-01-13T08:51:40+00:00","og_image":[{"width":1024,"height":1024,"url":"https:\/\/www.ador-dental.de\/wp-content\/uploads\/2023\/01\/3D-Pro-Produktbild.png","type":"image\/png"}],"twitter_card":"summary_large_image","twitter_misc":{"Tiempo de lectura":"1 minuto"},"schema":{"@context":"https:\/\/schema.org","@graph":[{"@type":"WebPage","@id":"https:\/\/www.ador-dental.de\/produkt\/3d-pro-multilayer\/","url":"https:\/\/www.ador-dental.de\/produkt\/3d-pro-multilayer\/","name":"3D-Pro-Multilayer - Ador Dental GmbH","isPartOf":{"@id":"https:\/\/www.ador-dental.de\/en\/#website"},"primaryImageOfPage":{"@id":"https:\/\/www.ador-dental.de\/produkt\/3d-pro-multilayer\/#primaryimage"},"image":{"@id":"https:\/\/www.ador-dental.de\/produkt\/3d-pro-multilayer\/#primaryimage"},"thumbnailUrl":"https:\/\/www.ador-dental.de\/wp-content\/uploads\/2023\/01\/3D-Pro-Produktbild.png","datePublished":"2022-11-30T15:33:48+00:00","dateModified":"2026-01-13T08:51:40+00:00","description":"Santa Barbara 3D Pro Multilayer Zirconia ist die ideale L\u00f6sung, um den geforderten hohen \u00e4sthetischen Standard zu gew\u00e4hrleisten.","breadcrumb":{"@id":"https:\/\/www.ador-dental.de\/produkt\/3d-pro-multilayer\/#breadcrumb"},"inLanguage":"es","potentialAction":[{"@type":"ReadAction","target":["https:\/\/www.ador-dental.de\/produkt\/3d-pro-multilayer\/"]}]},{"@type":"ImageObject","inLanguage":"es","@id":"https:\/\/www.ador-dental.de\/produkt\/3d-pro-multilayer\/#primaryimage","url":"https:\/\/www.ador-dental.de\/wp-content\/uploads\/2023\/01\/3D-Pro-Produktbild.png","contentUrl":"https:\/\/www.ador-dental.de\/wp-content\/uploads\/2023\/01\/3D-Pro-Produktbild.png","width":1024,"height":1024},{"@type":"BreadcrumbList","@id":"https:\/\/www.ador-dental.de\/produkt\/3d-pro-multilayer\/#breadcrumb","itemListElement":[{"@type":"ListItem","position":1,"name":"Startseite","item":"https:\/\/www.ador-dental.de\/"},{"@type":"ListItem","position":2,"name":"Shop","item":"https:\/\/www.ador-dental.de\/en\/shop\/"},{"@type":"ListItem","position":3,"name":"3D-Pro-Multilayer"}]},{"@type":"WebSite","@id":"https:\/\/www.ador-dental.de\/en\/#website","url":"https:\/\/www.ador-dental.de\/en\/","name":"Ador Dental GmbH","description":"","publisher":{"@id":"https:\/\/www.ador-dental.de\/en\/#organization"},"potentialAction":[{"@type":"SearchAction","target":{"@type":"EntryPoint","urlTemplate":"https:\/\/www.ador-dental.de\/en\/?s={search_term_string}"},"query-input":{"@type":"PropertyValueSpecification","valueRequired":true,"valueName":"search_term_string"}}],"inLanguage":"es"},{"@type":"Organization","@id":"https:\/\/www.ador-dental.de\/en\/#organization","name":"Ador Dental GmbH","url":"https:\/\/www.ador-dental.de\/en\/","logo":{"@type":"ImageObject","inLanguage":"es","@id":"https:\/\/www.ador-dental.de\/en\/#\/schema\/logo\/image\/","url":"https:\/\/www.ador-dental.de\/wp-content\/uploads\/2021\/10\/ADOR_Logo_DentalSolutions_2020_Black.svg","contentUrl":"https:\/\/www.ador-dental.de\/wp-content\/uploads\/2021\/10\/ADOR_Logo_DentalSolutions_2020_Black.svg","width":678,"height":261,"caption":"Ador Dental GmbH"},"image":{"@id":"https:\/\/www.ador-dental.de\/en\/#\/schema\/logo\/image\/"}}]}},"_links":{"self":[{"href":"https:\/\/www.ador-dental.de\/es\/wp-json\/wp\/v2\/product\/24337","targetHints":{"allow":["GET"]}}],"collection":[{"href":"https:\/\/www.ador-dental.de\/es\/wp-json\/wp\/v2\/product"}],"about":[{"href":"https:\/\/www.ador-dental.de\/es\/wp-json\/wp\/v2\/types\/product"}],"replies":[{"embeddable":true,"href":"https:\/\/www.ador-dental.de\/es\/wp-json\/wp\/v2\/comments?post=24337"}],"version-history":[{"count":20,"href":"https:\/\/www.ador-dental.de\/es\/wp-json\/wp\/v2\/product\/24337\/revisions"}],"predecessor-version":[{"id":25697,"href":"https:\/\/www.ador-dental.de\/es\/wp-json\/wp\/v2\/product\/24337\/revisions\/25697"}],"wp:featuredmedia":[{"embeddable":true,"href":"https:\/\/www.ador-dental.de\/es\/wp-json\/wp\/v2\/media\/25218"}],"wp:attachment":[{"href":"https:\/\/www.ador-dental.de\/es\/wp-json\/wp\/v2\/media?parent=24337"}],"wp:term":[{"taxonomy":"product_brand","embeddable":true,"href":"https:\/\/www.ador-dental.de\/es\/wp-json\/wp\/v2\/product_brand?post=24337"},{"taxonomy":"product_cat","embeddable":true,"href":"https:\/\/www.ador-dental.de\/es\/wp-json\/wp\/v2\/product_cat?post=24337"},{"taxonomy":"product_tag","embeddable":true,"href":"https:\/\/www.ador-dental.de\/es\/wp-json\/wp\/v2\/product_tag?post=24337"}],"curies":[{"name":"wp","href":"https:\/\/api.w.org\/{rel}","templated":true}]}}