{"id":20893,"date":"2022-06-21T10:30:13","date_gmt":"2022-06-21T08:30:13","guid":{"rendered":"https:\/\/www.ador-edelmetalle.de\/?post_type=product&#038;p=20893"},"modified":"2026-01-06T15:34:37","modified_gmt":"2026-01-06T14:34:37","slug":"aidite-pmma-multilayer","status":"publish","type":"product","link":"https:\/\/www.ador-dental.de\/es\/producto\/aidite-pmma-multilayer\/","title":{"rendered":"Aidite PMMA Multicapa"},"content":{"rendered":"<div class=\"tab-body active\">\n<blockquote><p><strong><a  data-e-disable-page-transition=\"true\" class=\"download-link\" title=\"\" href=\"https:\/\/www.ador-dental.de\/es\/download\/20874\/?tmstv=1778975629\" rel=\"nofollow\" id=\"download-link-20874\" data-redirect=\"false\" >\n\tInstrucciones de uso<\/a>\n<\/strong><br \/>\n<strong><a  data-e-disable-page-transition=\"true\" class=\"download-link\" title=\"\" href=\"https:\/\/www.ador-dental.de\/es\/download\/20877\/?tmstv=1778975629\" rel=\"nofollow\" id=\"download-link-20877\" data-redirect=\"false\" >\n\tHoja de datos de seguridad<\/a>\n<\/strong><br \/>\n<strong><a  data-e-disable-page-transition=\"true\" class=\"download-link\" title=\"\" href=\"https:\/\/www.ador-dental.de\/es\/download\/20880\/?tmstv=1778975629\" rel=\"nofollow\" id=\"download-link-20880\" data-redirect=\"false\" >\n\tCertificado CE<\/a>\n<\/strong><\/p><\/blockquote>\n<p>PMMA multicapa altamente reticulado y biocompatible. Bonito degradado de colores gracias a la t\u00e9cnica de las tres capas. Excelente para fresar y f\u00e1cil de pulir. Ideal para pr\u00f3tesis dentales o coronas y puentes temporales. (Clase I)<\/p>\n<p><strong>Datos t\u00e9cnicos:<\/strong><br \/>\nResistencia a la flexi\u00f3n: &gt; 120 MPa<br \/>\nDensidad: &gt;1,18 g\/cm\u00b3<br \/>\nDureza Vickers: &gt; 20 HV1<br \/>\nAbsorci\u00f3n de agua: &lt; 25\u03bcg\/ mm\u00b3<br \/>\nSolubilidad: &lt;5 \u03bcg\/ mm\u00b3.<\/p>\n<\/div>","protected":false},"excerpt":{"rendered":"<p>PMMA multicapa de alta densidad para pr\u00f3tesis removibles o coronas y puentes temporales.<\/p>","protected":false},"featured_media":20908,"comment_status":"open","ping_status":"closed","template":"","meta":{"neve_meta_sidebar":"","neve_meta_container":"","neve_meta_enable_content_width":"off","neve_meta_content_width":70,"neve_meta_title_alignment":"","neve_meta_author_avatar":"","neve_post_elements_order":"","neve_meta_disable_header":"","neve_meta_disable_footer":"","neve_meta_disable_title":"","_themeisle_gutenberg_block_has_review":false},"product_brand":[],"product_cat":[431,640],"product_tag":[998,997,1004,995,996],"class_list":{"0":"post-20893","1":"product","2":"type-product","3":"status-publish","4":"has-post-thumbnail","6":"product_cat-adormilling","7":"product_cat-pmma-adormilling","8":"product_tag-aidite","9":"product_tag-klar","10":"product_tag-multilayer","11":"product_tag-pmma","12":"product_tag-schienen","14":"first","15":"instock","16":"taxable","17":"shipping-taxable","18":"purchasable","19":"product-type-variable"},"yoast_head":"<!-- This site is optimized with the Yoast SEO plugin v27.6 - https:\/\/yoast.com\/product\/yoast-seo-wordpress\/ -->\n<title>Aidite PMMA Multilayer - Ador Dental GmbH<\/title>\n<meta name=\"description\" content=\"Aidite PMMA Multilayer ist ein Hochdichtes, Multi-Layered PMMA f\u00fcr herausnehmbare Prothetik oder tempor\u00e4re Kronen und Br\u00fccken.\" \/>\n<meta name=\"robots\" content=\"index, follow, max-snippet:-1, max-image-preview:large, max-video-preview:-1\" \/>\n<link rel=\"canonical\" href=\"https:\/\/www.ador-dental.de\/es\/producto\/aidite-pmma-multilayer\/\" \/>\n<meta property=\"og:locale\" content=\"es_ES\" \/>\n<meta property=\"og:type\" content=\"article\" \/>\n<meta property=\"og:title\" content=\"Aidite PMMA Multilayer - Ador Dental GmbH\" \/>\n<meta property=\"og:description\" content=\"Aidite PMMA Multilayer ist ein Hochdichtes, Multi-Layered PMMA f\u00fcr herausnehmbare Prothetik oder tempor\u00e4re Kronen und Br\u00fccken.\" \/>\n<meta property=\"og:url\" content=\"https:\/\/www.ador-dental.de\/es\/producto\/aidite-pmma-multilayer\/\" \/>\n<meta property=\"og:site_name\" content=\"Ador Dental GmbH\" \/>\n<meta property=\"article:modified_time\" content=\"2026-01-06T14:34:37+00:00\" \/>\n<meta property=\"og:image\" content=\"https:\/\/www.ador-dental.de\/wp-content\/uploads\/2022\/06\/Aidite-Temp_01.jpg\" \/>\n\t<meta property=\"og:image:width\" content=\"1000\" \/>\n\t<meta property=\"og:image:height\" content=\"1000\" \/>\n\t<meta property=\"og:image:type\" content=\"image\/jpeg\" \/>\n<meta name=\"twitter:card\" content=\"summary_large_image\" \/>\n<meta name=\"twitter:label1\" content=\"Tiempo de lectura\" \/>\n\t<meta name=\"twitter:data1\" content=\"1 minuto\" \/>\n<script type=\"application\/ld+json\" class=\"yoast-schema-graph\">{\"@context\":\"https:\\\/\\\/schema.org\",\"@graph\":[{\"@type\":\"WebPage\",\"@id\":\"https:\\\/\\\/www.ador-dental.de\\\/produkt\\\/aidite-pmma-multilayer\\\/\",\"url\":\"https:\\\/\\\/www.ador-dental.de\\\/produkt\\\/aidite-pmma-multilayer\\\/\",\"name\":\"Aidite PMMA Multilayer - Ador Dental GmbH\",\"isPartOf\":{\"@id\":\"https:\\\/\\\/www.ador-dental.de\\\/en\\\/#website\"},\"primaryImageOfPage\":{\"@id\":\"https:\\\/\\\/www.ador-dental.de\\\/produkt\\\/aidite-pmma-multilayer\\\/#primaryimage\"},\"image\":{\"@id\":\"https:\\\/\\\/www.ador-dental.de\\\/produkt\\\/aidite-pmma-multilayer\\\/#primaryimage\"},\"thumbnailUrl\":\"https:\\\/\\\/www.ador-dental.de\\\/wp-content\\\/uploads\\\/2022\\\/06\\\/Aidite-Temp_01.jpg\",\"datePublished\":\"2022-06-21T08:30:13+00:00\",\"dateModified\":\"2026-01-06T14:34:37+00:00\",\"description\":\"Aidite PMMA Multilayer ist ein Hochdichtes, Multi-Layered PMMA f\u00fcr herausnehmbare Prothetik oder tempor\u00e4re Kronen und Br\u00fccken.\",\"breadcrumb\":{\"@id\":\"https:\\\/\\\/www.ador-dental.de\\\/produkt\\\/aidite-pmma-multilayer\\\/#breadcrumb\"},\"inLanguage\":\"es\",\"potentialAction\":[{\"@type\":\"ReadAction\",\"target\":[\"https:\\\/\\\/www.ador-dental.de\\\/produkt\\\/aidite-pmma-multilayer\\\/\"]}]},{\"@type\":\"ImageObject\",\"inLanguage\":\"es\",\"@id\":\"https:\\\/\\\/www.ador-dental.de\\\/produkt\\\/aidite-pmma-multilayer\\\/#primaryimage\",\"url\":\"https:\\\/\\\/www.ador-dental.de\\\/wp-content\\\/uploads\\\/2022\\\/06\\\/Aidite-Temp_01.jpg\",\"contentUrl\":\"https:\\\/\\\/www.ador-dental.de\\\/wp-content\\\/uploads\\\/2022\\\/06\\\/Aidite-Temp_01.jpg\",\"width\":1000,\"height\":1000},{\"@type\":\"BreadcrumbList\",\"@id\":\"https:\\\/\\\/www.ador-dental.de\\\/produkt\\\/aidite-pmma-multilayer\\\/#breadcrumb\",\"itemListElement\":[{\"@type\":\"ListItem\",\"position\":1,\"name\":\"Startseite\",\"item\":\"https:\\\/\\\/www.ador-dental.de\\\/\"},{\"@type\":\"ListItem\",\"position\":2,\"name\":\"Shop\",\"item\":\"https:\\\/\\\/www.ador-dental.de\\\/en\\\/shop\\\/\"},{\"@type\":\"ListItem\",\"position\":3,\"name\":\"Aidite PMMA Multilayer\"}]},{\"@type\":\"WebSite\",\"@id\":\"https:\\\/\\\/www.ador-dental.de\\\/en\\\/#website\",\"url\":\"https:\\\/\\\/www.ador-dental.de\\\/en\\\/\",\"name\":\"Ador Dental GmbH\",\"description\":\"\",\"publisher\":{\"@id\":\"https:\\\/\\\/www.ador-dental.de\\\/en\\\/#organization\"},\"potentialAction\":[{\"@type\":\"SearchAction\",\"target\":{\"@type\":\"EntryPoint\",\"urlTemplate\":\"https:\\\/\\\/www.ador-dental.de\\\/en\\\/?s={search_term_string}\"},\"query-input\":{\"@type\":\"PropertyValueSpecification\",\"valueRequired\":true,\"valueName\":\"search_term_string\"}}],\"inLanguage\":\"es\"},{\"@type\":\"Organization\",\"@id\":\"https:\\\/\\\/www.ador-dental.de\\\/en\\\/#organization\",\"name\":\"Ador Dental GmbH\",\"url\":\"https:\\\/\\\/www.ador-dental.de\\\/en\\\/\",\"logo\":{\"@type\":\"ImageObject\",\"inLanguage\":\"es\",\"@id\":\"https:\\\/\\\/www.ador-dental.de\\\/en\\\/#\\\/schema\\\/logo\\\/image\\\/\",\"url\":\"https:\\\/\\\/www.ador-dental.de\\\/wp-content\\\/uploads\\\/2021\\\/10\\\/ADOR_Logo_DentalSolutions_2020_Black.svg\",\"contentUrl\":\"https:\\\/\\\/www.ador-dental.de\\\/wp-content\\\/uploads\\\/2021\\\/10\\\/ADOR_Logo_DentalSolutions_2020_Black.svg\",\"width\":678,\"height\":261,\"caption\":\"Ador Dental GmbH\"},\"image\":{\"@id\":\"https:\\\/\\\/www.ador-dental.de\\\/en\\\/#\\\/schema\\\/logo\\\/image\\\/\"}}]}<\/script>\n<!-- \/ Yoast SEO plugin. -->","yoast_head_json":{"title":"Aidite PMMA Multilayer - Ador Dental GmbH","description":"Aidite PMMA Multilayer ist ein Hochdichtes, Multi-Layered PMMA f\u00fcr herausnehmbare Prothetik oder tempor\u00e4re Kronen und Br\u00fccken.","robots":{"index":"index","follow":"follow","max-snippet":"max-snippet:-1","max-image-preview":"max-image-preview:large","max-video-preview":"max-video-preview:-1"},"canonical":"https:\/\/www.ador-dental.de\/es\/producto\/aidite-pmma-multilayer\/","og_locale":"es_ES","og_type":"article","og_title":"Aidite PMMA Multilayer - Ador Dental GmbH","og_description":"Aidite PMMA Multilayer ist ein Hochdichtes, Multi-Layered PMMA f\u00fcr herausnehmbare Prothetik oder tempor\u00e4re Kronen und Br\u00fccken.","og_url":"https:\/\/www.ador-dental.de\/es\/producto\/aidite-pmma-multilayer\/","og_site_name":"Ador Dental GmbH","article_modified_time":"2026-01-06T14:34:37+00:00","og_image":[{"width":1000,"height":1000,"url":"https:\/\/www.ador-dental.de\/wp-content\/uploads\/2022\/06\/Aidite-Temp_01.jpg","type":"image\/jpeg"}],"twitter_card":"summary_large_image","twitter_misc":{"Tiempo de lectura":"1 minuto"},"schema":{"@context":"https:\/\/schema.org","@graph":[{"@type":"WebPage","@id":"https:\/\/www.ador-dental.de\/produkt\/aidite-pmma-multilayer\/","url":"https:\/\/www.ador-dental.de\/produkt\/aidite-pmma-multilayer\/","name":"Aidite PMMA Multilayer - Ador Dental GmbH","isPartOf":{"@id":"https:\/\/www.ador-dental.de\/en\/#website"},"primaryImageOfPage":{"@id":"https:\/\/www.ador-dental.de\/produkt\/aidite-pmma-multilayer\/#primaryimage"},"image":{"@id":"https:\/\/www.ador-dental.de\/produkt\/aidite-pmma-multilayer\/#primaryimage"},"thumbnailUrl":"https:\/\/www.ador-dental.de\/wp-content\/uploads\/2022\/06\/Aidite-Temp_01.jpg","datePublished":"2022-06-21T08:30:13+00:00","dateModified":"2026-01-06T14:34:37+00:00","description":"Aidite PMMA Multilayer ist ein Hochdichtes, Multi-Layered PMMA f\u00fcr herausnehmbare Prothetik oder tempor\u00e4re Kronen und Br\u00fccken.","breadcrumb":{"@id":"https:\/\/www.ador-dental.de\/produkt\/aidite-pmma-multilayer\/#breadcrumb"},"inLanguage":"es","potentialAction":[{"@type":"ReadAction","target":["https:\/\/www.ador-dental.de\/produkt\/aidite-pmma-multilayer\/"]}]},{"@type":"ImageObject","inLanguage":"es","@id":"https:\/\/www.ador-dental.de\/produkt\/aidite-pmma-multilayer\/#primaryimage","url":"https:\/\/www.ador-dental.de\/wp-content\/uploads\/2022\/06\/Aidite-Temp_01.jpg","contentUrl":"https:\/\/www.ador-dental.de\/wp-content\/uploads\/2022\/06\/Aidite-Temp_01.jpg","width":1000,"height":1000},{"@type":"BreadcrumbList","@id":"https:\/\/www.ador-dental.de\/produkt\/aidite-pmma-multilayer\/#breadcrumb","itemListElement":[{"@type":"ListItem","position":1,"name":"Startseite","item":"https:\/\/www.ador-dental.de\/"},{"@type":"ListItem","position":2,"name":"Shop","item":"https:\/\/www.ador-dental.de\/en\/shop\/"},{"@type":"ListItem","position":3,"name":"Aidite PMMA Multilayer"}]},{"@type":"WebSite","@id":"https:\/\/www.ador-dental.de\/en\/#website","url":"https:\/\/www.ador-dental.de\/en\/","name":"Ador Dental GmbH","description":"","publisher":{"@id":"https:\/\/www.ador-dental.de\/en\/#organization"},"potentialAction":[{"@type":"SearchAction","target":{"@type":"EntryPoint","urlTemplate":"https:\/\/www.ador-dental.de\/en\/?s={search_term_string}"},"query-input":{"@type":"PropertyValueSpecification","valueRequired":true,"valueName":"search_term_string"}}],"inLanguage":"es"},{"@type":"Organization","@id":"https:\/\/www.ador-dental.de\/en\/#organization","name":"Ador Dental GmbH","url":"https:\/\/www.ador-dental.de\/en\/","logo":{"@type":"ImageObject","inLanguage":"es","@id":"https:\/\/www.ador-dental.de\/en\/#\/schema\/logo\/image\/","url":"https:\/\/www.ador-dental.de\/wp-content\/uploads\/2021\/10\/ADOR_Logo_DentalSolutions_2020_Black.svg","contentUrl":"https:\/\/www.ador-dental.de\/wp-content\/uploads\/2021\/10\/ADOR_Logo_DentalSolutions_2020_Black.svg","width":678,"height":261,"caption":"Ador Dental GmbH"},"image":{"@id":"https:\/\/www.ador-dental.de\/en\/#\/schema\/logo\/image\/"}}]}},"_links":{"self":[{"href":"https:\/\/www.ador-dental.de\/es\/wp-json\/wp\/v2\/product\/20893","targetHints":{"allow":["GET"]}}],"collection":[{"href":"https:\/\/www.ador-dental.de\/es\/wp-json\/wp\/v2\/product"}],"about":[{"href":"https:\/\/www.ador-dental.de\/es\/wp-json\/wp\/v2\/types\/product"}],"replies":[{"embeddable":true,"href":"https:\/\/www.ador-dental.de\/es\/wp-json\/wp\/v2\/comments?post=20893"}],"version-history":[{"count":6,"href":"https:\/\/www.ador-dental.de\/es\/wp-json\/wp\/v2\/product\/20893\/revisions"}],"predecessor-version":[{"id":30741,"href":"https:\/\/www.ador-dental.de\/es\/wp-json\/wp\/v2\/product\/20893\/revisions\/30741"}],"wp:featuredmedia":[{"embeddable":true,"href":"https:\/\/www.ador-dental.de\/es\/wp-json\/wp\/v2\/media\/20908"}],"wp:attachment":[{"href":"https:\/\/www.ador-dental.de\/es\/wp-json\/wp\/v2\/media?parent=20893"}],"wp:term":[{"taxonomy":"product_brand","embeddable":true,"href":"https:\/\/www.ador-dental.de\/es\/wp-json\/wp\/v2\/product_brand?post=20893"},{"taxonomy":"product_cat","embeddable":true,"href":"https:\/\/www.ador-dental.de\/es\/wp-json\/wp\/v2\/product_cat?post=20893"},{"taxonomy":"product_tag","embeddable":true,"href":"https:\/\/www.ador-dental.de\/es\/wp-json\/wp\/v2\/product_tag?post=20893"}],"curies":[{"name":"wp","href":"https:\/\/api.w.org\/{rel}","templated":true}]}}