{"id":15958,"date":"2021-04-14T11:27:54","date_gmt":"2021-04-14T09:27:54","guid":{"rendered":"https:\/\/new.ador-edelmetalle.de\/?post_type=product&#038;p=15958"},"modified":"2024-03-14T10:46:21","modified_gmt":"2024-03-14T09:46:21","slug":"dentalscanner-smart-optics-vinyl-open-air-premium-paket","status":"publish","type":"product","link":"https:\/\/www.ador-dental.de\/es\/producto\/dentalscanner-smart-optics-vinyl-open-air-premium-paket\/","title":{"rendered":"Esc\u00e1ner dental Vinyl Open Air"},"content":{"rendered":"<p>La serie de vinilos<\/p>\n<p>Los esc\u00e1neres de vinilo de smart optics se caracterizan por su dise\u00f1o compacto en una llamativa forma c\u00fabica. La serie debe su nombre a la gran placa negra del sistema, que recuerda sorprendentemente a un plato giratorio. Equipados con un eje Z totalmente autom\u00e1tico y una c\u00f3moda apertura de 180\u00b0, los esc\u00e1neres dentales de sobremesa ofrecen espacio suficiente para todos los objetos dentales, desde segmentos individuales hasta modelos maxilares, impresiones totales y parciales (incluidos maxilares ed\u00e9ntulos) y articuladores de diversos fabricantes.<\/p>\n<p>M\u00e1xima calidad combinada con ingenier\u00eda alemana, fiabilidad en armon\u00eda con durabilidad: estas son las exigencias que smart optics satisface con la serie Vinyl. La probada tecnolog\u00eda de sensores LED y la motorizaci\u00f3n inteligente permiten realizar mediciones muy precisas y r\u00e1pidas. Las innovaciones t\u00e9cnicas de la investigaci\u00f3n interna y la realizaci\u00f3n de las peticiones de los clientes garantizan que la serie Vinyl evolucione constantemente para satisfacer las crecientes demandas actuales y futuras.<\/p>\n<p>La amplia gama de accesorios para modelos e impresiones puede a\u00f1adirse o adquirirse tanto para los m\u00f3dulos b\u00e1sicos como para los adicionales. Gracias a la placa base multi-split, de serie en todos los esc\u00e1neres dentales de smart optics, los modelos y articuladores con el mismo sistema no necesitan ning\u00fan accesorio. Naturalmente, todos los esc\u00e1neres de vinilo se suministran con el potente software de escaneado dental Scan, que incluye interfaces para el conocido software del sector, sobre todo exocad DentalCAD. En combinaci\u00f3n con el sistema abierto de dental Scan, los esc\u00e1neres de vinilo consiguen otro punto a favor, ya que no s\u00f3lo pueden funcionar como esc\u00e1neres dentales de primera clase, sino tambi\u00e9n como inteligentes esc\u00e1neres universales para objetos del tama\u00f1o de un campo de medici\u00f3n.<\/p>\n<table id=\"tablepress-101\" class=\"tablepress tablepress-id-101 tablepress-responsive tablepress-responsive-stack-tablet dataTable no-footer\">\n<tbody>\n<tr class=\"row-2 even\">\n<td class=\"column-1\">N\u00famero de c\u00e1maras<\/td>\n<td class=\"column-2\">1<\/td>\n<\/tr>\n<tr class=\"row-3 odd\">\n<td class=\"column-1\">P\u00edxeles de la c\u00e1mara<\/td>\n<td class=\"column-2\">1,3 MP<\/td>\n<\/tr>\n<tr class=\"row-4 even\">\n<td class=\"column-1\">N\u00famero de proyectores<\/td>\n<td class=\"column-2\">1<\/td>\n<\/tr>\n<tr class=\"row-5 odd\">\n<td class=\"column-1\">Precisi\u00f3n (seg\u00fan ISO 12836)<\/td>\n<td class=\"column-2\">6 \u00b5m<\/td>\n<\/tr>\n<tr class=\"row-6 even\">\n<td class=\"column-1\">Formato de los datos de salida<\/td>\n<td class=\"column-2\">PLY, STL<\/td>\n<\/tr>\n<tr class=\"row-7 odd\">\n<td class=\"column-1\">Fuente de luz<\/td>\n<td class=\"column-2\">Luz blanca LED<\/td>\n<\/tr>\n<tr class=\"row-8 even\">\n<td class=\"column-1\">Tecnolog\u00eda de medici\u00f3n<\/td>\n<td class=\"column-2\">Triangulaci\u00f3n de la luz de rayas<\/td>\n<\/tr>\n<tr class=\"row-9 odd\">\n<td class=\"column-1\">Campo de medici\u00f3n (X \u00d7 Y \u00d7 Z)<\/td>\n<td class=\"column-2\">80 \u00d7 60 \u00d7 85 mm<\/td>\n<\/tr>\n<tr class=\"row-10 even\">\n<td class=\"column-1\">Dimensiones (An \u00d7 Al \u00d7 P)<\/td>\n<td class=\"column-2\">455 \u00d7 430 \u00d7 420 mm<\/td>\n<\/tr>\n<tr class=\"row-11 odd\">\n<td class=\"column-1\">Peso<\/td>\n<td class=\"column-2\">23 kg<\/td>\n<\/tr>\n<tr class=\"row-12 even\">\n<td class=\"column-1\">Conexiones<\/td>\n<td class=\"column-2\">1 \u00d7 USB<br \/>\n1 \u00d7 corriente<\/td>\n<\/tr>\n<tr class=\"row-13 odd\">\n<td class=\"column-1\">Tensi\u00f3n de red<\/td>\n<td class=\"column-2\">100 - 240 VCA, 50\/60 Hz<\/td>\n<\/tr>\n<tr class=\"row-14 even\">\n<td class=\"column-1\">Garant\u00eda<\/td>\n<td class=\"column-2\">36 meses<\/td>\n<\/tr>\n<\/tbody>\n<\/table>\n<table id=\"tablepress-101-no-2\" class=\"tablepress tablepress-id-101 tablepress-responsive tablepress-responsive-stack-tablet dataTable no-footer\" style=\"height: 318px;\" width=\"418\">\n<tbody>\n<tr class=\"row-2 even\">\n<td class=\"column-1\">Tiempo de exploraci\u00f3n<br \/>\nMand\u00edbula completa<\/td>\n<td class=\"column-2\">1 c\u00e1mara, modo LR<br \/>\nEscaneado: 16 seg.<br \/>\nEmparejamiento: 13 seg.<br \/>\nTotal: 29 seg.<\/td>\n<\/tr>\n<tr class=\"row-3 odd\">\n<td class=\"column-1\">Tiempo de exploraci\u00f3n<br \/>\nUn solo toc\u00f3n<\/td>\n<td class=\"column-2\">1 c\u00e1mara, modo LR<br \/>\nEscaneado: 33 seg.<br \/>\nEmparejamiento: 8 seg.<br \/>\nTotal: 41 seg.<\/td>\n<\/tr>\n<tr class=\"row-4 even\">\n<td class=\"column-1\">Tiempo de exploraci\u00f3n<br \/>\nPuente de 3 unidades<\/td>\n<td class=\"column-2\">1 c\u00e1mara, modo LR<br \/>\nEscaneado: 45 seg.<br \/>\nEmparejamiento: 22 seg.<br \/>\nTotal: 67 seg.<\/td>\n<\/tr>\n<\/tbody>\n<\/table>\n<table id=\"tablepress-101-no-3\" class=\"tablepress tablepress-id-101 tablepress-responsive tablepress-responsive-stack-tablet dataTable no-footer\" style=\"height: 308px;\" width=\"414\">\n<tbody>\n<tr class=\"row-2 even\">\n<td class=\"column-1\">M\u00f3dulo UX (control de gestos y proyecciones auxiliares)<\/td>\n<td class=\"column-2\">-<\/td>\n<\/tr>\n<tr class=\"row-3 odd\">\n<td class=\"column-1\">Eje Z controlado por IA<\/td>\n<td class=\"column-2\">-<\/td>\n<\/tr>\n<tr class=\"row-4 even\">\n<td class=\"column-1\">Eje Z totalmente autom\u00e1tico<\/td>\n<td class=\"column-2\">\u2714<\/td>\n<\/tr>\n<tr class=\"row-5 odd\">\n<td class=\"column-1\">Unidad de sensor 3D (proyector y c\u00e1mara)<\/td>\n<td class=\"column-2\">\u2714<\/td>\n<\/tr>\n<tr class=\"row-6 even\">\n<td class=\"column-1\">Placa del sistema articulador<\/td>\n<td class=\"column-2\"><b>L<\/b><\/td>\n<\/tr>\n<tr class=\"row-7 odd\">\n<td class=\"column-1\">Indicador LED de estado<\/td>\n<td class=\"column-2\">-<\/td>\n<\/tr>\n<tr class=\"row-8 even\">\n<td class=\"column-1\">Pantalla t\u00e1ctil<\/td>\n<td class=\"column-2\">\u2714<\/td>\n<\/tr>\n<tr class=\"row-9 odd\">\n<td class=\"column-1\">Carcasa de material de alta calidad<\/td>\n<td class=\"column-2\">\u2714<\/td>\n<\/tr>\n<tr class=\"row-10 even\">\n<td class=\"column-1\">Solapa<\/td>\n<\/tr>\n<\/tbody>\n<\/table>\n<table id=\"tablepress-101-no-4\" class=\"tablepress tablepress-id-101 tablepress-responsive tablepress-responsive-stack-tablet dataTable no-footer\" style=\"height: 633px;\" width=\"415\">\n<tbody>\n<tr class=\"row-2 even\">\n<td class=\"column-1\">Modo LR<\/td>\n<td class=\"column-2\">\u2714<\/td>\n<\/tr>\n<tr class=\"row-3 odd\">\n<td class=\"column-1\">Modo HR<\/td>\n<td class=\"column-2\">-<\/td>\n<\/tr>\n<tr class=\"row-4 even\">\n<td class=\"column-1\">Modo de c\u00e1mara selectiva<\/td>\n<td class=\"column-2\">-<\/td>\n<\/tr>\n<tr class=\"row-5 odd\">\n<td class=\"column-1\">Exploraci\u00f3n del articulador<\/td>\n<td class=\"column-2\">\u2714<\/td>\n<\/tr>\n<tr class=\"row-6 even\">\n<td class=\"column-1\">Autoarticulaci\u00f3n<\/td>\n<td class=\"column-2\">\u2714<\/td>\n<\/tr>\n<tr class=\"row-7 odd\">\n<td class=\"column-1\">Modelo de doble bandeja scan<\/td>\n<td class=\"column-2\"><\/td>\n<\/tr>\n<tr class=\"row-8 even\">\n<td class=\"column-1\">Escaneado de impresiones<\/td>\n<td class=\"column-2\">\u2714<\/td>\n<\/tr>\n<tr class=\"row-9 odd\">\n<td class=\"column-1\">Bandeja triple<sup>\u00ae<\/sup>\u00a0Escaneado de impresiones<\/td>\n<td class=\"column-2\">\ud83d\udddd\ufe0f<\/td>\n<\/tr>\n<tr class=\"row-10 even\">\n<td class=\"column-1\">Sistema de pr\u00f3tesis Baltic<sup>\u00ae<\/sup><\/td>\n<td class=\"column-2\">\ud83d\udddd\ufe0f<\/td>\n<\/tr>\n<tr class=\"row-11 odd\">\n<td class=\"column-1\">segundoEl<\/td>\n<td class=\"column-2\">\u2714<\/td>\n<\/tr>\n<tr class=\"row-12 even\">\n<td class=\"column-1\">multiDie\/multiDie+<\/td>\n<td class=\"column-2\">\ud83d\udddd\ufe0f<\/td>\n<\/tr>\n<tr class=\"row-13 odd\">\n<td class=\"column-1\">Control visual del eje Z<\/td>\n<td class=\"column-2\">\u2714<\/td>\n<\/tr>\n<tr class=\"row-14 even\">\n<td class=\"column-1\">Plano de corte autom\u00e1tico<\/td>\n<td class=\"column-2\">\u2714<\/td>\n<\/tr>\n<tr class=\"row-15 odd\">\n<td class=\"column-1\">Escaneo adicional<\/td>\n<td class=\"column-2\">\u2714<\/td>\n<\/tr>\n<tr class=\"row-16 even\">\n<td class=\"column-1\">Escaneo de correcci\u00f3n<\/td>\n<td class=\"column-2\">\u2714<\/td>\n<\/tr>\n<tr class=\"row-17 odd\">\n<td class=\"column-1\">Escaneado monocromo de texturas<\/td>\n<td class=\"column-2\">\u2714<\/td>\n<\/tr>\n<tr class=\"row-18 even\">\n<td class=\"column-1\">Escaneado de texturas en color<\/td>\n<td class=\"column-2\">\u2714<\/td>\n<\/tr>\n<tr class=\"row-19 odd\">\n<td class=\"column-1\">Proyecto universal<\/td>\n<td class=\"column-2\">\u2714<\/td>\n<\/tr>\n<tr class=\"row-20 even\">\n<td class=\"column-1\">proyecto multiCase<\/td>\n<td class=\"column-2\">\ud83d\udddd\ufe0f<\/td>\n<\/tr>\n<tr class=\"row-21 odd\">\n<td class=\"column-1\">proyecto de ortodoncia<\/td>\n<td class=\"column-2\">\u2714<\/td>\n<\/tr>\n<tr class=\"row-22 even\">\n<td class=\"column-1\">Modo claro y oscuro<\/td>\n<td class=\"column-2\">\u2714<\/td>\n<\/tr>\n<\/tbody>\n<\/table>\n<table id=\"tablepress-101-no-5\" class=\"tablepress tablepress-id-101 tablepress-responsive tablepress-responsive-stack-tablet dataTable no-footer\">\n<tbody>\n<tr class=\"row-2 even\">\n<td class=\"column-1\">Software de escaneado<\/td>\n<td class=\"column-2\">Esc\u00e1ner dental<\/td>\n<\/tr>\n<tr class=\"row-3 odd\">\n<td class=\"column-1\">Sistema (requisitos m\u00ednimos)<\/td>\n<td class=\"column-2\">Windows 10 64 bits<br \/>\nCPU de cuatro n\u00facleos, i3<br \/>\n16 GB RAM<br \/>\nPuerto USB 2.0<br \/>\naprox. 40 - 100 GB HDD<br \/>\nTarjeta gr\u00e1fica con 1 GB de RAM<\/td>\n<\/tr>\n<tr class=\"row-4 even\">\n<td class=\"column-1\">Sistema (requisitos recomendados)<\/td>\n<td class=\"column-2\">Windows 11 64 bits<br \/>\nCPU de seis n\u00facleos, i7<br \/>\n32 GB RAM<br \/>\nPuerto USB 3.0<br \/>\naprox. 100 - 250 GB SSD<br \/>\nTarjeta gr\u00e1fica con 6 GB de RAM<\/td>\n<\/tr>\n<\/tbody>\n<\/table>\n<table id=\"tablepress-101-no-6\" class=\"tablepress tablepress-id-101 tablepress-responsive tablepress-responsive-stack-tablet dataTable no-footer\">\n<tbody>\n<tr class=\"row-2 even\">\n<td class=\"column-1\">Alcance de la entrega<\/td>\n<td class=\"column-2\">Vinilo al aire libre<br \/>\nModelo de calibraci\u00f3n 3D<br \/>\nPortaobjetos<br \/>\nCable de red<br \/>\nCable USB<br \/>\nSoporte de datos con esc\u00e1ner dental, datos de calibraci\u00f3n<\/td>\n<\/tr>\n<tr class=\"row-3 odd\">\n<td class=\"column-1\">Volumen de suministro malet\u00edn de accesorios<\/td>\n<td class=\"column-2\">\u00a0 \u00a0 \u00a0 \u00a0 \u00a0 \u00a0 \u00a0 \u00a0 \u00a0 \u00a0 \u00a0 \u00a0 \u00a0 \u00a0 \u00a0 \u00a0 \u00a0 \u00a0 \u00a0-<\/td>\n<\/tr>\n<\/tbody>\n<\/table>","protected":false},"excerpt":{"rendered":"<p>Escanear en un escenario abierto - ese es el lema del Vinyl Open Air, porque este esc\u00e1ner de vinilos tiene un dise\u00f1o completamente abierto. T\u00e9cnicamente, est\u00e1 a la altura de los ojos del vinilo gracias a la s\u00f3lida c\u00e1mara de 1,3 megap\u00edxeles y a la triangulaci\u00f3n de luz de banda con LED de luz blanca.<br \/>\nComo modelo m\u00e1s econ\u00f3mico de la serie Vinyl, el Open Air viene con una gama b\u00e1sica de accesorios. Es todo lo que necesita para trabajar en proyectos con indicaciones dentales comunes o casos de ortodoncia, incluidos los escaneados de articuladores.<\/p>\n<p><strong>Precio a la carta\u00a0<\/strong><\/p>\n<p>PVP 9.990,00<\/p>","protected":false},"featured_media":15916,"comment_status":"open","ping_status":"closed","template":"","meta":{"neve_meta_sidebar":"","neve_meta_container":"","neve_meta_enable_content_width":"off","neve_meta_content_width":70,"neve_meta_title_alignment":"","neve_meta_author_avatar":"","neve_post_elements_order":"","neve_meta_disable_header":"","neve_meta_disable_footer":"","neve_meta_disable_title":"","_themeisle_gutenberg_block_has_review":false},"product_brand":[],"product_cat":[624,778],"product_tag":[628,626,627,625],"class_list":{"0":"post-15958","1":"product","2":"type-product","3":"status-publish","4":"has-post-thumbnail","6":"product_cat-equipment","7":"product_cat-smart-optics","8":"product_tag-exocad","9":"product_tag-openair","10":"product_tag-smartoptics","11":"product_tag-vinyl","13":"first","14":"instock","15":"taxable","16":"shipping-taxable","17":"product-type-simple"},"yoast_head":"<!-- This site is optimized with the Yoast SEO plugin v27.6 - https:\/\/yoast.com\/product\/yoast-seo-wordpress\/ -->\n<title>Dentalscanner Vinyl Open Air - Ador Dental GmbH<\/title>\n<meta name=\"description\" content=\"Der Dentalscanner Open Air ist das preisg\u00fcnstigste Modell der Vinyl-Serie, bei dem bereits viele Features im Lieferumfang enthalten sind.\" \/>\n<meta name=\"robots\" content=\"index, follow, max-snippet:-1, max-image-preview:large, max-video-preview:-1\" \/>\n<link rel=\"canonical\" href=\"https:\/\/www.ador-dental.de\/es\/producto\/dentalscanner-smart-optics-vinyl-open-air-premium-paket\/\" \/>\n<meta property=\"og:locale\" content=\"es_ES\" \/>\n<meta property=\"og:type\" content=\"article\" \/>\n<meta property=\"og:title\" content=\"Dentalscanner Vinyl Open Air - Ador Dental GmbH\" \/>\n<meta property=\"og:description\" content=\"Der Dentalscanner Open Air ist das preisg\u00fcnstigste Modell der Vinyl-Serie, bei dem bereits viele Features im Lieferumfang enthalten sind.\" \/>\n<meta property=\"og:url\" content=\"https:\/\/www.ador-dental.de\/es\/producto\/dentalscanner-smart-optics-vinyl-open-air-premium-paket\/\" \/>\n<meta property=\"og:site_name\" content=\"Ador Dental GmbH\" \/>\n<meta property=\"article:modified_time\" content=\"2024-03-14T09:46:21+00:00\" \/>\n<meta property=\"og:image\" content=\"https:\/\/www.ador-dental.de\/wp-content\/uploads\/2021\/04\/Vinyl-Open-Air-Einsteigerpaket.png\" \/>\n\t<meta property=\"og:image:width\" content=\"1024\" \/>\n\t<meta property=\"og:image:height\" content=\"1024\" \/>\n\t<meta property=\"og:image:type\" content=\"image\/png\" \/>\n<meta name=\"twitter:card\" content=\"summary_large_image\" \/>\n<meta name=\"twitter:label1\" content=\"Tiempo de lectura\" \/>\n\t<meta name=\"twitter:data1\" content=\"1 minuto\" \/>\n<script type=\"application\/ld+json\" class=\"yoast-schema-graph\">{\"@context\":\"https:\\\/\\\/schema.org\",\"@graph\":[{\"@type\":\"WebPage\",\"@id\":\"https:\\\/\\\/www.ador-dental.de\\\/produkt\\\/dentalscanner-smart-optics-vinyl-open-air-premium-paket\\\/\",\"url\":\"https:\\\/\\\/www.ador-dental.de\\\/produkt\\\/dentalscanner-smart-optics-vinyl-open-air-premium-paket\\\/\",\"name\":\"Dentalscanner Vinyl Open Air - Ador Dental GmbH\",\"isPartOf\":{\"@id\":\"https:\\\/\\\/www.ador-dental.de\\\/en\\\/#website\"},\"primaryImageOfPage\":{\"@id\":\"https:\\\/\\\/www.ador-dental.de\\\/produkt\\\/dentalscanner-smart-optics-vinyl-open-air-premium-paket\\\/#primaryimage\"},\"image\":{\"@id\":\"https:\\\/\\\/www.ador-dental.de\\\/produkt\\\/dentalscanner-smart-optics-vinyl-open-air-premium-paket\\\/#primaryimage\"},\"thumbnailUrl\":\"https:\\\/\\\/www.ador-dental.de\\\/wp-content\\\/uploads\\\/2021\\\/04\\\/Vinyl-Open-Air-Einsteigerpaket.png\",\"datePublished\":\"2021-04-14T09:27:54+00:00\",\"dateModified\":\"2024-03-14T09:46:21+00:00\",\"description\":\"Der Dentalscanner Open Air ist das preisg\u00fcnstigste Modell der Vinyl-Serie, bei dem bereits viele Features im Lieferumfang enthalten sind.\",\"breadcrumb\":{\"@id\":\"https:\\\/\\\/www.ador-dental.de\\\/produkt\\\/dentalscanner-smart-optics-vinyl-open-air-premium-paket\\\/#breadcrumb\"},\"inLanguage\":\"es\",\"potentialAction\":[{\"@type\":\"ReadAction\",\"target\":[\"https:\\\/\\\/www.ador-dental.de\\\/produkt\\\/dentalscanner-smart-optics-vinyl-open-air-premium-paket\\\/\"]}]},{\"@type\":\"ImageObject\",\"inLanguage\":\"es\",\"@id\":\"https:\\\/\\\/www.ador-dental.de\\\/produkt\\\/dentalscanner-smart-optics-vinyl-open-air-premium-paket\\\/#primaryimage\",\"url\":\"https:\\\/\\\/www.ador-dental.de\\\/wp-content\\\/uploads\\\/2021\\\/04\\\/Vinyl-Open-Air-Einsteigerpaket.png\",\"contentUrl\":\"https:\\\/\\\/www.ador-dental.de\\\/wp-content\\\/uploads\\\/2021\\\/04\\\/Vinyl-Open-Air-Einsteigerpaket.png\",\"width\":1024,\"height\":1024,\"caption\":\"Dentalscanner Vinyl Open Air\"},{\"@type\":\"BreadcrumbList\",\"@id\":\"https:\\\/\\\/www.ador-dental.de\\\/produkt\\\/dentalscanner-smart-optics-vinyl-open-air-premium-paket\\\/#breadcrumb\",\"itemListElement\":[{\"@type\":\"ListItem\",\"position\":1,\"name\":\"Startseite\",\"item\":\"https:\\\/\\\/www.ador-dental.de\\\/\"},{\"@type\":\"ListItem\",\"position\":2,\"name\":\"Shop\",\"item\":\"https:\\\/\\\/www.ador-dental.de\\\/en\\\/shop\\\/\"},{\"@type\":\"ListItem\",\"position\":3,\"name\":\"Dentalscanner Vinyl Open Air\"}]},{\"@type\":\"WebSite\",\"@id\":\"https:\\\/\\\/www.ador-dental.de\\\/en\\\/#website\",\"url\":\"https:\\\/\\\/www.ador-dental.de\\\/en\\\/\",\"name\":\"Ador Dental GmbH\",\"description\":\"\",\"publisher\":{\"@id\":\"https:\\\/\\\/www.ador-dental.de\\\/en\\\/#organization\"},\"potentialAction\":[{\"@type\":\"SearchAction\",\"target\":{\"@type\":\"EntryPoint\",\"urlTemplate\":\"https:\\\/\\\/www.ador-dental.de\\\/en\\\/?s={search_term_string}\"},\"query-input\":{\"@type\":\"PropertyValueSpecification\",\"valueRequired\":true,\"valueName\":\"search_term_string\"}}],\"inLanguage\":\"es\"},{\"@type\":\"Organization\",\"@id\":\"https:\\\/\\\/www.ador-dental.de\\\/en\\\/#organization\",\"name\":\"Ador Dental GmbH\",\"url\":\"https:\\\/\\\/www.ador-dental.de\\\/en\\\/\",\"logo\":{\"@type\":\"ImageObject\",\"inLanguage\":\"es\",\"@id\":\"https:\\\/\\\/www.ador-dental.de\\\/en\\\/#\\\/schema\\\/logo\\\/image\\\/\",\"url\":\"https:\\\/\\\/www.ador-dental.de\\\/wp-content\\\/uploads\\\/2021\\\/10\\\/ADOR_Logo_DentalSolutions_2020_Black.svg\",\"contentUrl\":\"https:\\\/\\\/www.ador-dental.de\\\/wp-content\\\/uploads\\\/2021\\\/10\\\/ADOR_Logo_DentalSolutions_2020_Black.svg\",\"width\":678,\"height\":261,\"caption\":\"Ador Dental GmbH\"},\"image\":{\"@id\":\"https:\\\/\\\/www.ador-dental.de\\\/en\\\/#\\\/schema\\\/logo\\\/image\\\/\"}}]}<\/script>\n<!-- \/ Yoast SEO plugin. -->","yoast_head_json":{"title":"Dentalscanner Vinyl Open Air - Ador Dental GmbH","description":"Der Dentalscanner Open Air ist das preisg\u00fcnstigste Modell der Vinyl-Serie, bei dem bereits viele Features im Lieferumfang enthalten sind.","robots":{"index":"index","follow":"follow","max-snippet":"max-snippet:-1","max-image-preview":"max-image-preview:large","max-video-preview":"max-video-preview:-1"},"canonical":"https:\/\/www.ador-dental.de\/es\/producto\/dentalscanner-smart-optics-vinyl-open-air-premium-paket\/","og_locale":"es_ES","og_type":"article","og_title":"Dentalscanner Vinyl Open Air - Ador Dental GmbH","og_description":"Der Dentalscanner Open Air ist das preisg\u00fcnstigste Modell der Vinyl-Serie, bei dem bereits viele Features im Lieferumfang enthalten sind.","og_url":"https:\/\/www.ador-dental.de\/es\/producto\/dentalscanner-smart-optics-vinyl-open-air-premium-paket\/","og_site_name":"Ador Dental GmbH","article_modified_time":"2024-03-14T09:46:21+00:00","og_image":[{"width":1024,"height":1024,"url":"https:\/\/www.ador-dental.de\/wp-content\/uploads\/2021\/04\/Vinyl-Open-Air-Einsteigerpaket.png","type":"image\/png"}],"twitter_card":"summary_large_image","twitter_misc":{"Tiempo de lectura":"1 minuto"},"schema":{"@context":"https:\/\/schema.org","@graph":[{"@type":"WebPage","@id":"https:\/\/www.ador-dental.de\/produkt\/dentalscanner-smart-optics-vinyl-open-air-premium-paket\/","url":"https:\/\/www.ador-dental.de\/produkt\/dentalscanner-smart-optics-vinyl-open-air-premium-paket\/","name":"Dentalscanner Vinyl Open Air - Ador Dental GmbH","isPartOf":{"@id":"https:\/\/www.ador-dental.de\/en\/#website"},"primaryImageOfPage":{"@id":"https:\/\/www.ador-dental.de\/produkt\/dentalscanner-smart-optics-vinyl-open-air-premium-paket\/#primaryimage"},"image":{"@id":"https:\/\/www.ador-dental.de\/produkt\/dentalscanner-smart-optics-vinyl-open-air-premium-paket\/#primaryimage"},"thumbnailUrl":"https:\/\/www.ador-dental.de\/wp-content\/uploads\/2021\/04\/Vinyl-Open-Air-Einsteigerpaket.png","datePublished":"2021-04-14T09:27:54+00:00","dateModified":"2024-03-14T09:46:21+00:00","description":"Der Dentalscanner Open Air ist das preisg\u00fcnstigste Modell der Vinyl-Serie, bei dem bereits viele Features im Lieferumfang enthalten sind.","breadcrumb":{"@id":"https:\/\/www.ador-dental.de\/produkt\/dentalscanner-smart-optics-vinyl-open-air-premium-paket\/#breadcrumb"},"inLanguage":"es","potentialAction":[{"@type":"ReadAction","target":["https:\/\/www.ador-dental.de\/produkt\/dentalscanner-smart-optics-vinyl-open-air-premium-paket\/"]}]},{"@type":"ImageObject","inLanguage":"es","@id":"https:\/\/www.ador-dental.de\/produkt\/dentalscanner-smart-optics-vinyl-open-air-premium-paket\/#primaryimage","url":"https:\/\/www.ador-dental.de\/wp-content\/uploads\/2021\/04\/Vinyl-Open-Air-Einsteigerpaket.png","contentUrl":"https:\/\/www.ador-dental.de\/wp-content\/uploads\/2021\/04\/Vinyl-Open-Air-Einsteigerpaket.png","width":1024,"height":1024,"caption":"Dentalscanner Vinyl Open Air"},{"@type":"BreadcrumbList","@id":"https:\/\/www.ador-dental.de\/produkt\/dentalscanner-smart-optics-vinyl-open-air-premium-paket\/#breadcrumb","itemListElement":[{"@type":"ListItem","position":1,"name":"Startseite","item":"https:\/\/www.ador-dental.de\/"},{"@type":"ListItem","position":2,"name":"Shop","item":"https:\/\/www.ador-dental.de\/en\/shop\/"},{"@type":"ListItem","position":3,"name":"Dentalscanner Vinyl Open Air"}]},{"@type":"WebSite","@id":"https:\/\/www.ador-dental.de\/en\/#website","url":"https:\/\/www.ador-dental.de\/en\/","name":"Ador Dental GmbH","description":"","publisher":{"@id":"https:\/\/www.ador-dental.de\/en\/#organization"},"potentialAction":[{"@type":"SearchAction","target":{"@type":"EntryPoint","urlTemplate":"https:\/\/www.ador-dental.de\/en\/?s={search_term_string}"},"query-input":{"@type":"PropertyValueSpecification","valueRequired":true,"valueName":"search_term_string"}}],"inLanguage":"es"},{"@type":"Organization","@id":"https:\/\/www.ador-dental.de\/en\/#organization","name":"Ador Dental GmbH","url":"https:\/\/www.ador-dental.de\/en\/","logo":{"@type":"ImageObject","inLanguage":"es","@id":"https:\/\/www.ador-dental.de\/en\/#\/schema\/logo\/image\/","url":"https:\/\/www.ador-dental.de\/wp-content\/uploads\/2021\/10\/ADOR_Logo_DentalSolutions_2020_Black.svg","contentUrl":"https:\/\/www.ador-dental.de\/wp-content\/uploads\/2021\/10\/ADOR_Logo_DentalSolutions_2020_Black.svg","width":678,"height":261,"caption":"Ador Dental GmbH"},"image":{"@id":"https:\/\/www.ador-dental.de\/en\/#\/schema\/logo\/image\/"}}]}},"_links":{"self":[{"href":"https:\/\/www.ador-dental.de\/es\/wp-json\/wp\/v2\/product\/15958","targetHints":{"allow":["GET"]}}],"collection":[{"href":"https:\/\/www.ador-dental.de\/es\/wp-json\/wp\/v2\/product"}],"about":[{"href":"https:\/\/www.ador-dental.de\/es\/wp-json\/wp\/v2\/types\/product"}],"replies":[{"embeddable":true,"href":"https:\/\/www.ador-dental.de\/es\/wp-json\/wp\/v2\/comments?post=15958"}],"version-history":[{"count":4,"href":"https:\/\/www.ador-dental.de\/es\/wp-json\/wp\/v2\/product\/15958\/revisions"}],"predecessor-version":[{"id":25437,"href":"https:\/\/www.ador-dental.de\/es\/wp-json\/wp\/v2\/product\/15958\/revisions\/25437"}],"wp:featuredmedia":[{"embeddable":true,"href":"https:\/\/www.ador-dental.de\/es\/wp-json\/wp\/v2\/media\/15916"}],"wp:attachment":[{"href":"https:\/\/www.ador-dental.de\/es\/wp-json\/wp\/v2\/media?parent=15958"}],"wp:term":[{"taxonomy":"product_brand","embeddable":true,"href":"https:\/\/www.ador-dental.de\/es\/wp-json\/wp\/v2\/product_brand?post=15958"},{"taxonomy":"product_cat","embeddable":true,"href":"https:\/\/www.ador-dental.de\/es\/wp-json\/wp\/v2\/product_cat?post=15958"},{"taxonomy":"product_tag","embeddable":true,"href":"https:\/\/www.ador-dental.de\/es\/wp-json\/wp\/v2\/product_tag?post=15958"}],"curies":[{"name":"wp","href":"https:\/\/api.w.org\/{rel}","templated":true}]}}