{"id":15326,"date":"2021-01-22T16:11:56","date_gmt":"2021-01-22T15:11:56","guid":{"rendered":"https:\/\/new.ador-edelmetalle.de\/?post_type=product&#038;p=15326"},"modified":"2026-04-02T15:18:58","modified_gmt":"2026-04-02T13:18:58","slug":"mv-r-sinterofen","status":"publish","type":"product","link":"https:\/\/www.ador-dental.de\/es\/producto\/mv-r-sinterofen\/","title":{"rendered":"Horno de sinterizaci\u00f3n mv-r 15A"},"content":{"rendered":"<h4><strong>DE 0 a 1500 EN 8 MINUTOS<\/strong><\/h4>\n<p>La flexibilidad es hoy m\u00e1s demandada que nunca. Los materiales innovadores necesitan soluciones innovadoras. Y as\u00ed el <strong>MV-R<\/strong> en el pulso del tiempo cuando se trata de la sinterizaci\u00f3n precisa de los modernos \u00f3xidos de circonio. El <strong>MV-R<\/strong> le ofrece toda la libertad que necesita: ya sea una carilla en 30 minutos, una corona individual en 60 minutos o un puente sobre implantes de la noche a la ma\u00f1ana, una cosa es segura: dormir\u00e1 bien en el futuro gracias a su socio de confianza. Entre en la nueva era de la eficiencia.<\/p>\n<p>&nbsp;<\/p>\n<p>- <strong>Extremadamente r\u00e1pido<\/strong> a 200\u00b0C por minuto<\/p>\n<p>- <strong>Extremadamente alto<\/strong> con una temperatura m\u00e1xima de 1650\u00b0C<\/p>\n<p>- <strong>Alta precisi\u00f3n <\/strong>con una precisi\u00f3n de +\/- 1\u00b0C a 1500\u00b0C, refrigeraci\u00f3n controlada de la unidad y<br \/>\nrefrigeraci\u00f3n lineal<\/p>\n<p>- <strong>Alta TEC<\/strong> gracias a la \u00faltima tecnolog\u00eda de control y a los elementos calefactores de disiliciuro de molibdeno PRO<\/p>\n<p>- <strong>Flexibilidad total <\/strong>4 modos de sinterizaci\u00f3n con SPEED-Motion, SPEED-Plus, SPEED y Classic<\/p>\n<p>- <strong>Programaci\u00f3n y funcionamiento sencillos<\/strong> a trav\u00e9s de la pantalla t\u00e1ctil de 7\" y con una disposici\u00f3n clara<br \/>\nNavegaci\u00f3n por el men\u00fa<\/p>\n<p>- <strong>Al grano<\/strong> con funci\u00f3n de temporizador, pron\u00f3stico detallado del dispositivo a trav\u00e9s del c\u00f3digo QR y acceso a trav\u00e9s de<br \/>\nInterfaz USB<\/p>\n<p>&nbsp;<\/p>\n<h3><strong><u>Propiedades t\u00e9cnicas<\/u><\/strong><\/h3>\n<p><u><strong>Sistema de calefacci\u00f3n<\/strong><br \/>\n<\/u><strong>Modo:<\/strong> Speed Motion, Speed+, Speed, Classic<\/p>\n<p><strong>Max. La temperatura:<\/strong> 1650\u00b0C<\/p>\n<p><strong>Elementos calefactores:<\/strong> 4x MoSi2<\/p>\n<p><strong>Tiempo de calentamiento m\u00e1s corto:<\/strong> 8 minutos a 1500\u00b0C con Speed Motion<\/p>\n<p><strong>Tipo de termopar:<\/strong> PtRh-Pt, tipo S<\/p>\n<p><strong>Precisi\u00f3n de control a 1500\u00b0C:<\/strong> +\/-1 \u00b0C<\/p>\n<p><strong>Max. capacidad de la c\u00e1mara de combusti\u00f3n:<\/strong> 2x bandeja de sinterizaci\u00f3n D100 x 30mm<\/p>\n<p><strong>Altura de la c\u00e1mara de calentamiento utilizable:<\/strong> 75mm<\/p>\n<p><strong><u>Control del programa<\/u><\/strong><\/p>\n<p><strong>Max. Aumento de la temperatura:<\/strong> \u00a0\u00a0\u00a0\u00a0\u00a0\u00a0\u00a0 0-900\u00b0C | 200\u00b0C\/ min 901-1200\u00b0C | 150\u00b0C\/ min 1201-1650\u00b0C | 125\u00b0C\/ min<\/p>\n<p><strong>Lugares del programa:<\/strong> 200<\/p>\n<p><strong>Etapas de calefacci\u00f3n\/etapas de refrigeraci\u00f3n:<\/strong> 10<\/p>\n<p><strong>Funciones especiales:<\/strong>\u00a0 1 Control de temperatura 2 C\u00e1mara de calentamiento de limpieza 3 Elementos de calentamiento de regeneraci\u00f3n<\/p>\n<p>&nbsp;<\/p>\n<h3><strong><u>Datos t\u00e9cnicos<\/u><\/strong><\/h3>\n<p><strong>Potencia m\u00e1xima:<\/strong> 3500 vatios<\/p>\n<p><strong>Rango de tensi\u00f3n, frecuencia:<\/strong> 200-240V, 50\/60Hz<\/p>\n<p><strong>Peso:<\/strong> 65kg<\/p>\n<p><strong>Dimensiones A\/D\/H:<\/strong> 390\/540\/780mm<\/p>\n<p><strong>Consumo de energ\u00eda por ciclo de sinterizaci\u00f3n:<\/strong> 1,8 kWh a VELOCIDAD<\/p>","protected":false},"excerpt":{"rendered":"<p>La MV-R le ofrece toda la libertad que necesita para la sinterizaci\u00f3n, ya sea una carilla en 30 minutos, coronas individuales en 60 minutos o un puente sobre implantes de la noche a la ma\u00f1ana.<\/p>\n<p>Env\u00edo gratuito y bandeja de sinterizaci\u00f3n extra.<\/p>\n<p><strong>Precio a la carta\u00a0<\/strong><\/p>\n<p>PVP 11.350,00<\/p>","protected":false},"featured_media":29829,"comment_status":"open","ping_status":"closed","template":"","meta":{"neve_meta_sidebar":"","neve_meta_container":"","neve_meta_enable_content_width":"off","neve_meta_content_width":70,"neve_meta_title_alignment":"","neve_meta_author_avatar":"","neve_post_elements_order":"","neve_meta_disable_header":"","neve_meta_disable_footer":"","neve_meta_disable_title":"","_themeisle_gutenberg_block_has_review":false},"product_brand":[],"product_cat":[1304,440,989],"product_tag":[434],"class_list":{"0":"post-15326","1":"product","2":"type-product","3":"status-publish","4":"has-post-thumbnail","6":"product_cat-mv-r-15a-ofen","7":"product_cat-sinteroefen","8":"product_cat-speedofen-zirkon-mv-r-15a","9":"product_tag-dentalheld","11":"first","12":"instock","13":"taxable","14":"shipping-taxable","15":"product-type-simple"},"yoast_head":"<!-- This site is optimized with the Yoast SEO plugin v27.5 - https:\/\/yoast.com\/product\/yoast-seo-wordpress\/ -->\n<title>Sinterofen mv-r 15A - Ador Dental GmbH<\/title>\n<meta name=\"description\" content=\"Der MV-R bietet Ihnen dabei alle Freiheiten die Sie ben\u00f6tigen - Sie werden durch Ihren zuverl\u00e4ssigem Partner k\u00fcnftig gut schlafen.\" \/>\n<meta name=\"robots\" content=\"index, follow, max-snippet:-1, max-image-preview:large, max-video-preview:-1\" \/>\n<link rel=\"canonical\" href=\"https:\/\/www.ador-dental.de\/es\/producto\/mv-r-sinterofen\/\" \/>\n<meta property=\"og:locale\" content=\"es_ES\" \/>\n<meta property=\"og:type\" content=\"article\" \/>\n<meta property=\"og:title\" content=\"Sinterofen mv-r 15A - Ador Dental GmbH\" \/>\n<meta property=\"og:description\" content=\"Der MV-R bietet Ihnen dabei alle Freiheiten die Sie ben\u00f6tigen - Sie werden durch Ihren zuverl\u00e4ssigem Partner k\u00fcnftig gut schlafen.\" \/>\n<meta property=\"og:url\" content=\"https:\/\/www.ador-dental.de\/es\/producto\/mv-r-sinterofen\/\" \/>\n<meta property=\"og:site_name\" content=\"Ador Dental GmbH\" \/>\n<meta property=\"article:modified_time\" content=\"2026-04-02T13:18:58+00:00\" \/>\n<meta property=\"og:image\" content=\"https:\/\/www.ador-dental.de\/wp-content\/uploads\/2025\/06\/MVR.png\" \/>\n\t<meta property=\"og:image:width\" content=\"1024\" \/>\n\t<meta property=\"og:image:height\" content=\"1024\" \/>\n\t<meta property=\"og:image:type\" content=\"image\/png\" \/>\n<meta name=\"twitter:card\" content=\"summary_large_image\" \/>\n<meta name=\"twitter:label1\" content=\"Tiempo de lectura\" \/>\n\t<meta name=\"twitter:data1\" content=\"2 minutos\" \/>\n<script type=\"application\/ld+json\" class=\"yoast-schema-graph\">{\"@context\":\"https:\\\/\\\/schema.org\",\"@graph\":[{\"@type\":\"WebPage\",\"@id\":\"https:\\\/\\\/www.ador-dental.de\\\/produkt\\\/mv-r-sinterofen\\\/\",\"url\":\"https:\\\/\\\/www.ador-dental.de\\\/produkt\\\/mv-r-sinterofen\\\/\",\"name\":\"Sinterofen mv-r 15A - Ador Dental GmbH\",\"isPartOf\":{\"@id\":\"https:\\\/\\\/www.ador-dental.de\\\/en\\\/#website\"},\"primaryImageOfPage\":{\"@id\":\"https:\\\/\\\/www.ador-dental.de\\\/produkt\\\/mv-r-sinterofen\\\/#primaryimage\"},\"image\":{\"@id\":\"https:\\\/\\\/www.ador-dental.de\\\/produkt\\\/mv-r-sinterofen\\\/#primaryimage\"},\"thumbnailUrl\":\"https:\\\/\\\/www.ador-dental.de\\\/wp-content\\\/uploads\\\/2025\\\/06\\\/MVR.png\",\"datePublished\":\"2021-01-22T15:11:56+00:00\",\"dateModified\":\"2026-04-02T13:18:58+00:00\",\"description\":\"Der MV-R bietet Ihnen dabei alle Freiheiten die Sie ben\u00f6tigen - Sie werden durch Ihren zuverl\u00e4ssigem Partner k\u00fcnftig gut schlafen.\",\"breadcrumb\":{\"@id\":\"https:\\\/\\\/www.ador-dental.de\\\/produkt\\\/mv-r-sinterofen\\\/#breadcrumb\"},\"inLanguage\":\"es\",\"potentialAction\":[{\"@type\":\"ReadAction\",\"target\":[\"https:\\\/\\\/www.ador-dental.de\\\/produkt\\\/mv-r-sinterofen\\\/\"]}]},{\"@type\":\"ImageObject\",\"inLanguage\":\"es\",\"@id\":\"https:\\\/\\\/www.ador-dental.de\\\/produkt\\\/mv-r-sinterofen\\\/#primaryimage\",\"url\":\"https:\\\/\\\/www.ador-dental.de\\\/wp-content\\\/uploads\\\/2025\\\/06\\\/MVR.png\",\"contentUrl\":\"https:\\\/\\\/www.ador-dental.de\\\/wp-content\\\/uploads\\\/2025\\\/06\\\/MVR.png\",\"width\":1024,\"height\":1024},{\"@type\":\"BreadcrumbList\",\"@id\":\"https:\\\/\\\/www.ador-dental.de\\\/produkt\\\/mv-r-sinterofen\\\/#breadcrumb\",\"itemListElement\":[{\"@type\":\"ListItem\",\"position\":1,\"name\":\"Startseite\",\"item\":\"https:\\\/\\\/www.ador-dental.de\\\/\"},{\"@type\":\"ListItem\",\"position\":2,\"name\":\"Shop\",\"item\":\"https:\\\/\\\/www.ador-dental.de\\\/en\\\/shop\\\/\"},{\"@type\":\"ListItem\",\"position\":3,\"name\":\"Sinterofen mv-r 15A\"}]},{\"@type\":\"WebSite\",\"@id\":\"https:\\\/\\\/www.ador-dental.de\\\/en\\\/#website\",\"url\":\"https:\\\/\\\/www.ador-dental.de\\\/en\\\/\",\"name\":\"Ador Dental GmbH\",\"description\":\"\",\"publisher\":{\"@id\":\"https:\\\/\\\/www.ador-dental.de\\\/en\\\/#organization\"},\"potentialAction\":[{\"@type\":\"SearchAction\",\"target\":{\"@type\":\"EntryPoint\",\"urlTemplate\":\"https:\\\/\\\/www.ador-dental.de\\\/en\\\/?s={search_term_string}\"},\"query-input\":{\"@type\":\"PropertyValueSpecification\",\"valueRequired\":true,\"valueName\":\"search_term_string\"}}],\"inLanguage\":\"es\"},{\"@type\":\"Organization\",\"@id\":\"https:\\\/\\\/www.ador-dental.de\\\/en\\\/#organization\",\"name\":\"Ador Dental GmbH\",\"url\":\"https:\\\/\\\/www.ador-dental.de\\\/en\\\/\",\"logo\":{\"@type\":\"ImageObject\",\"inLanguage\":\"es\",\"@id\":\"https:\\\/\\\/www.ador-dental.de\\\/en\\\/#\\\/schema\\\/logo\\\/image\\\/\",\"url\":\"https:\\\/\\\/www.ador-dental.de\\\/wp-content\\\/uploads\\\/2021\\\/10\\\/ADOR_Logo_DentalSolutions_2020_Black.svg\",\"contentUrl\":\"https:\\\/\\\/www.ador-dental.de\\\/wp-content\\\/uploads\\\/2021\\\/10\\\/ADOR_Logo_DentalSolutions_2020_Black.svg\",\"width\":678,\"height\":261,\"caption\":\"Ador Dental GmbH\"},\"image\":{\"@id\":\"https:\\\/\\\/www.ador-dental.de\\\/en\\\/#\\\/schema\\\/logo\\\/image\\\/\"}}]}<\/script>\n<!-- \/ Yoast SEO plugin. -->","yoast_head_json":{"title":"Sinterofen mv-r 15A - Ador Dental GmbH","description":"Der MV-R bietet Ihnen dabei alle Freiheiten die Sie ben\u00f6tigen - Sie werden durch Ihren zuverl\u00e4ssigem Partner k\u00fcnftig gut schlafen.","robots":{"index":"index","follow":"follow","max-snippet":"max-snippet:-1","max-image-preview":"max-image-preview:large","max-video-preview":"max-video-preview:-1"},"canonical":"https:\/\/www.ador-dental.de\/es\/producto\/mv-r-sinterofen\/","og_locale":"es_ES","og_type":"article","og_title":"Sinterofen mv-r 15A - Ador Dental GmbH","og_description":"Der MV-R bietet Ihnen dabei alle Freiheiten die Sie ben\u00f6tigen - Sie werden durch Ihren zuverl\u00e4ssigem Partner k\u00fcnftig gut schlafen.","og_url":"https:\/\/www.ador-dental.de\/es\/producto\/mv-r-sinterofen\/","og_site_name":"Ador Dental GmbH","article_modified_time":"2026-04-02T13:18:58+00:00","og_image":[{"width":1024,"height":1024,"url":"https:\/\/www.ador-dental.de\/wp-content\/uploads\/2025\/06\/MVR.png","type":"image\/png"}],"twitter_card":"summary_large_image","twitter_misc":{"Tiempo de lectura":"2 minutos"},"schema":{"@context":"https:\/\/schema.org","@graph":[{"@type":"WebPage","@id":"https:\/\/www.ador-dental.de\/produkt\/mv-r-sinterofen\/","url":"https:\/\/www.ador-dental.de\/produkt\/mv-r-sinterofen\/","name":"Sinterofen mv-r 15A - Ador Dental GmbH","isPartOf":{"@id":"https:\/\/www.ador-dental.de\/en\/#website"},"primaryImageOfPage":{"@id":"https:\/\/www.ador-dental.de\/produkt\/mv-r-sinterofen\/#primaryimage"},"image":{"@id":"https:\/\/www.ador-dental.de\/produkt\/mv-r-sinterofen\/#primaryimage"},"thumbnailUrl":"https:\/\/www.ador-dental.de\/wp-content\/uploads\/2025\/06\/MVR.png","datePublished":"2021-01-22T15:11:56+00:00","dateModified":"2026-04-02T13:18:58+00:00","description":"Der MV-R bietet Ihnen dabei alle Freiheiten die Sie ben\u00f6tigen - Sie werden durch Ihren zuverl\u00e4ssigem Partner k\u00fcnftig gut schlafen.","breadcrumb":{"@id":"https:\/\/www.ador-dental.de\/produkt\/mv-r-sinterofen\/#breadcrumb"},"inLanguage":"es","potentialAction":[{"@type":"ReadAction","target":["https:\/\/www.ador-dental.de\/produkt\/mv-r-sinterofen\/"]}]},{"@type":"ImageObject","inLanguage":"es","@id":"https:\/\/www.ador-dental.de\/produkt\/mv-r-sinterofen\/#primaryimage","url":"https:\/\/www.ador-dental.de\/wp-content\/uploads\/2025\/06\/MVR.png","contentUrl":"https:\/\/www.ador-dental.de\/wp-content\/uploads\/2025\/06\/MVR.png","width":1024,"height":1024},{"@type":"BreadcrumbList","@id":"https:\/\/www.ador-dental.de\/produkt\/mv-r-sinterofen\/#breadcrumb","itemListElement":[{"@type":"ListItem","position":1,"name":"Startseite","item":"https:\/\/www.ador-dental.de\/"},{"@type":"ListItem","position":2,"name":"Shop","item":"https:\/\/www.ador-dental.de\/en\/shop\/"},{"@type":"ListItem","position":3,"name":"Sinterofen mv-r 15A"}]},{"@type":"WebSite","@id":"https:\/\/www.ador-dental.de\/en\/#website","url":"https:\/\/www.ador-dental.de\/en\/","name":"Ador Dental GmbH","description":"","publisher":{"@id":"https:\/\/www.ador-dental.de\/en\/#organization"},"potentialAction":[{"@type":"SearchAction","target":{"@type":"EntryPoint","urlTemplate":"https:\/\/www.ador-dental.de\/en\/?s={search_term_string}"},"query-input":{"@type":"PropertyValueSpecification","valueRequired":true,"valueName":"search_term_string"}}],"inLanguage":"es"},{"@type":"Organization","@id":"https:\/\/www.ador-dental.de\/en\/#organization","name":"Ador Dental GmbH","url":"https:\/\/www.ador-dental.de\/en\/","logo":{"@type":"ImageObject","inLanguage":"es","@id":"https:\/\/www.ador-dental.de\/en\/#\/schema\/logo\/image\/","url":"https:\/\/www.ador-dental.de\/wp-content\/uploads\/2021\/10\/ADOR_Logo_DentalSolutions_2020_Black.svg","contentUrl":"https:\/\/www.ador-dental.de\/wp-content\/uploads\/2021\/10\/ADOR_Logo_DentalSolutions_2020_Black.svg","width":678,"height":261,"caption":"Ador Dental GmbH"},"image":{"@id":"https:\/\/www.ador-dental.de\/en\/#\/schema\/logo\/image\/"}}]}},"_links":{"self":[{"href":"https:\/\/www.ador-dental.de\/es\/wp-json\/wp\/v2\/product\/15326","targetHints":{"allow":["GET"]}}],"collection":[{"href":"https:\/\/www.ador-dental.de\/es\/wp-json\/wp\/v2\/product"}],"about":[{"href":"https:\/\/www.ador-dental.de\/es\/wp-json\/wp\/v2\/types\/product"}],"replies":[{"embeddable":true,"href":"https:\/\/www.ador-dental.de\/es\/wp-json\/wp\/v2\/comments?post=15326"}],"version-history":[{"count":10,"href":"https:\/\/www.ador-dental.de\/es\/wp-json\/wp\/v2\/product\/15326\/revisions"}],"predecessor-version":[{"id":29762,"href":"https:\/\/www.ador-dental.de\/es\/wp-json\/wp\/v2\/product\/15326\/revisions\/29762"}],"wp:featuredmedia":[{"embeddable":true,"href":"https:\/\/www.ador-dental.de\/es\/wp-json\/wp\/v2\/media\/29829"}],"wp:attachment":[{"href":"https:\/\/www.ador-dental.de\/es\/wp-json\/wp\/v2\/media?parent=15326"}],"wp:term":[{"taxonomy":"product_brand","embeddable":true,"href":"https:\/\/www.ador-dental.de\/es\/wp-json\/wp\/v2\/product_brand?post=15326"},{"taxonomy":"product_cat","embeddable":true,"href":"https:\/\/www.ador-dental.de\/es\/wp-json\/wp\/v2\/product_cat?post=15326"},{"taxonomy":"product_tag","embeddable":true,"href":"https:\/\/www.ador-dental.de\/es\/wp-json\/wp\/v2\/product_tag?post=15326"}],"curies":[{"name":"wp","href":"https:\/\/api.w.org\/{rel}","templated":true}]}}