{"id":15294,"date":"2021-01-18T16:25:42","date_gmt":"2021-01-18T15:25:42","guid":{"rendered":"https:\/\/new.ador-edelmetalle.de\/?post_type=product&#038;p=15294"},"modified":"2025-10-27T09:49:40","modified_gmt":"2025-10-27T08:49:40","slug":"comfortclean-dual-tank-wascheinheit","status":"publish","type":"product","link":"https:\/\/www.ador-dental.de\/es\/producto\/comfortclean-dual-tank-wascheinheit\/","title":{"rendered":"Comfort Clean - Unidad de lavado de doble tanque para objetos impresos en 3D"},"content":{"rendered":"<p>ComfortClean - Unidad de lavado de doble tanque para objetos impresos en 3D<\/p>\n<p><strong>LIMPIO Y SENCILLO: DIRECTAMENTE DE LA IMPRESORA A LA UNIDAD DE LIMPIEZA <\/strong><\/p>\n<p>Los residuos de resina no curada deben eliminarse despu\u00e9s de la impresi\u00f3n.<\/p>\n<p>Cuando se manipula con los m\u00e9todos de limpieza cl\u00e1sicos, apenas se puede evitar el contacto con las resinas pegajosas e irritantes en las manos y las superficies de trabajo. <strong>ComfortClean<\/strong> permite un manejo c\u00f3modo y limpio a partir de ahora.<\/p>\n<p>En el proceso de limpieza en dos pasos, la eficaz 90% elimina los residuos de resina de los objetos y de la plataforma de impresi\u00f3n.<\/p>\n<p>Inmediatamente despu\u00e9s de la impresi\u00f3n, la plataforma completa se coloca en el primer tanque de lavado y el exceso de resina se enjuaga en pocos minutos. Basta con repetir el paso en el segundo recipiente para que finalmente los \u00faltimos restos de resina sean absorbidos por el alcohol.<\/p>\n<p><strong>ComfortClean<\/strong> trabaja de forma suave, silenciosa y eficiente. La retirada posterior de los objetos impresos de la plataforma de construcci\u00f3n es sencilla y, sobre todo, limpia.<\/p>\n<ul>\n<li>Limpieza, facilidad de manejo y menor contacto con resinas pegajosas<\/li>\n<li>Lavado de objetos de forma individual o completa con la plataforma de construcci\u00f3n<\/li>\n<li>El proceso de dos pasos elimina sin esfuerzo 90% de residuos<\/li>\n<li>Superficie m\u00e1s suave y precisa de los objetos impresos<\/li>\n<li>Limpieza suave y r\u00e1pida incluso para componentes sensibles<\/li>\n<li>Funcionamiento t\u00e1ctil para la selecci\u00f3n de la hora y el contenedor<\/li>\n<\/ul>\n<p>&nbsp;<\/p>\n<p><strong>Caracter\u00edsticas y datos t\u00e9cnicos<\/strong><\/p>\n<ul>\n<li>Robustos contenedores de lavado extra\u00edbles para 2 litros de alcohol cada uno<\/li>\n<li>Selecci\u00f3n de contenedor y tiempo 3, 5 y 10 minutos<\/li>\n<li>Tecnolog\u00eda de v\u00f3rtice eficaz con rotaci\u00f3n autom\u00e1tica derecha-izquierda<\/li>\n<li>Adaptador para plataformas de impresi\u00f3n de hasta un m\u00e1ximo de 18\u00d79 cm (ancho x fondo)<\/li>\n<li>Carcasa de pl\u00e1stico robusta y f\u00e1cil de limpiar<\/li>\n<li>Color: Negro mate<\/li>\n<li>Tama\u00f1o: 25x25x38cm (ancho x fondo x alto)<\/li>\n<li>Peso: 3 kg (sin alcohol)<\/li>\n<li>Consumo de energ\u00eda: 48 vatios<\/li>\n<li>Tensi\u00f3n: AC 100-240V, 50\/60 Hz<\/li>\n<\/ul>\n<p>&nbsp;<\/p>\n<p><strong>Alcance de la entrega <\/strong><\/p>\n<p>1 unidad base con control t\u00e1ctil<\/p>\n<p>2 cestas de objetos<\/p>\n<p>2 contenedores de lavado<\/p>\n<p>2 adaptadores universales para plataformas de impresi\u00f3n de 18x9cm como m\u00e1ximo<\/p>\n<p>1 fuente de alimentaci\u00f3n<\/p>","protected":false},"excerpt":{"rendered":"<p>Unidad de lavado para objetos impresos en 3D con dos c\u00e1maras de limpieza: \u00a1limpieza suave, silenciosa y eficaz garantizada!<\/p>\n<p>- Producto descatalogado -<\/p>","protected":false},"featured_media":15319,"comment_status":"open","ping_status":"closed","template":"","meta":{"neve_meta_sidebar":"","neve_meta_container":"","neve_meta_enable_content_width":"off","neve_meta_content_width":70,"neve_meta_title_alignment":"","neve_meta_author_avatar":"","neve_post_elements_order":"","neve_meta_disable_header":"","neve_meta_disable_footer":"","neve_meta_disable_title":"","_themeisle_gutenberg_block_has_review":false},"product_brand":[],"product_cat":[212,439,378],"product_tag":[434],"class_list":{"0":"post-15294","1":"product","2":"type-product","3":"status-publish","4":"has-post-thumbnail","6":"product_cat-adorprint","7":"product_cat-ultraschallreiniger","8":"product_cat-zusatzprodukte-3d-drucker-3d-druck","9":"product_tag-dentalheld","11":"first","12":"instock","13":"sale","14":"taxable","15":"shipping-taxable","16":"purchasable","17":"product-type-simple"},"yoast_head":"<!-- This site is optimized with the Yoast SEO plugin v27.4 - https:\/\/yoast.com\/product\/yoast-seo-wordpress\/ -->\n<title>Comfort Clean - Dualtank Wascheinheit f\u00fcr 3D-Druckobjekte - Ador Dental GmbH<\/title>\n<meta name=\"description\" content=\"Diese Dualtank Wascheinheit ComfortClean erm\u00f6glicht ab sofort ein bequemes und sauberes Handling von detailreichen 3D-Druckobjekten.\" \/>\n<meta name=\"robots\" content=\"index, follow, max-snippet:-1, max-image-preview:large, max-video-preview:-1\" \/>\n<link rel=\"canonical\" href=\"https:\/\/www.ador-dental.de\/es\/producto\/comfortclean-dual-tank-wascheinheit\/\" \/>\n<meta property=\"og:locale\" content=\"es_ES\" \/>\n<meta property=\"og:type\" content=\"article\" \/>\n<meta property=\"og:title\" content=\"Comfort Clean - Dualtank Wascheinheit f\u00fcr 3D-Druckobjekte - Ador Dental GmbH\" \/>\n<meta property=\"og:description\" content=\"Diese Dualtank Wascheinheit ComfortClean erm\u00f6glicht ab sofort ein bequemes und sauberes Handling von detailreichen 3D-Druckobjekten.\" \/>\n<meta property=\"og:url\" content=\"https:\/\/www.ador-dental.de\/es\/producto\/comfortclean-dual-tank-wascheinheit\/\" \/>\n<meta property=\"og:site_name\" content=\"Ador Dental GmbH\" \/>\n<meta property=\"article:modified_time\" content=\"2025-10-27T08:49:40+00:00\" \/>\n<meta property=\"og:image\" content=\"https:\/\/www.ador-dental.de\/wp-content\/uploads\/2021\/01\/Twin-Tornado-Produktbild.jpg\" \/>\n\t<meta property=\"og:image:width\" content=\"1092\" \/>\n\t<meta property=\"og:image:height\" content=\"1092\" \/>\n\t<meta property=\"og:image:type\" content=\"image\/jpeg\" \/>\n<meta name=\"twitter:card\" content=\"summary_large_image\" \/>\n<meta name=\"twitter:label1\" content=\"Tiempo de lectura\" \/>\n\t<meta name=\"twitter:data1\" content=\"2 minutos\" \/>\n<script type=\"application\/ld+json\" class=\"yoast-schema-graph\">{\"@context\":\"https:\\\/\\\/schema.org\",\"@graph\":[{\"@type\":\"WebPage\",\"@id\":\"https:\\\/\\\/www.ador-dental.de\\\/produkt\\\/comfortclean-dual-tank-wascheinheit\\\/\",\"url\":\"https:\\\/\\\/www.ador-dental.de\\\/produkt\\\/comfortclean-dual-tank-wascheinheit\\\/\",\"name\":\"Comfort Clean - Dualtank Wascheinheit f\u00fcr 3D-Druckobjekte - Ador Dental GmbH\",\"isPartOf\":{\"@id\":\"https:\\\/\\\/www.ador-dental.de\\\/en\\\/#website\"},\"primaryImageOfPage\":{\"@id\":\"https:\\\/\\\/www.ador-dental.de\\\/produkt\\\/comfortclean-dual-tank-wascheinheit\\\/#primaryimage\"},\"image\":{\"@id\":\"https:\\\/\\\/www.ador-dental.de\\\/produkt\\\/comfortclean-dual-tank-wascheinheit\\\/#primaryimage\"},\"thumbnailUrl\":\"https:\\\/\\\/www.ador-dental.de\\\/wp-content\\\/uploads\\\/2021\\\/01\\\/Twin-Tornado-Produktbild.jpg\",\"datePublished\":\"2021-01-18T15:25:42+00:00\",\"dateModified\":\"2025-10-27T08:49:40+00:00\",\"description\":\"Diese Dualtank Wascheinheit ComfortClean erm\u00f6glicht ab sofort ein bequemes und sauberes Handling von detailreichen 3D-Druckobjekten.\",\"breadcrumb\":{\"@id\":\"https:\\\/\\\/www.ador-dental.de\\\/produkt\\\/comfortclean-dual-tank-wascheinheit\\\/#breadcrumb\"},\"inLanguage\":\"es\",\"potentialAction\":[{\"@type\":\"ReadAction\",\"target\":[\"https:\\\/\\\/www.ador-dental.de\\\/produkt\\\/comfortclean-dual-tank-wascheinheit\\\/\"]}]},{\"@type\":\"ImageObject\",\"inLanguage\":\"es\",\"@id\":\"https:\\\/\\\/www.ador-dental.de\\\/produkt\\\/comfortclean-dual-tank-wascheinheit\\\/#primaryimage\",\"url\":\"https:\\\/\\\/www.ador-dental.de\\\/wp-content\\\/uploads\\\/2021\\\/01\\\/Twin-Tornado-Produktbild.jpg\",\"contentUrl\":\"https:\\\/\\\/www.ador-dental.de\\\/wp-content\\\/uploads\\\/2021\\\/01\\\/Twin-Tornado-Produktbild.jpg\",\"width\":1092,\"height\":1092,\"caption\":\"ComfortClean \u2013 Dualtank Wascheinheit f\u00fcr 3D-Druckobjekte\"},{\"@type\":\"BreadcrumbList\",\"@id\":\"https:\\\/\\\/www.ador-dental.de\\\/produkt\\\/comfortclean-dual-tank-wascheinheit\\\/#breadcrumb\",\"itemListElement\":[{\"@type\":\"ListItem\",\"position\":1,\"name\":\"Startseite\",\"item\":\"https:\\\/\\\/www.ador-dental.de\\\/\"},{\"@type\":\"ListItem\",\"position\":2,\"name\":\"Shop\",\"item\":\"https:\\\/\\\/www.ador-dental.de\\\/en\\\/shop\\\/\"},{\"@type\":\"ListItem\",\"position\":3,\"name\":\"Comfort Clean &#8211; Dualtank Wascheinheit f\u00fcr 3D-Druckobjekte\"}]},{\"@type\":\"WebSite\",\"@id\":\"https:\\\/\\\/www.ador-dental.de\\\/en\\\/#website\",\"url\":\"https:\\\/\\\/www.ador-dental.de\\\/en\\\/\",\"name\":\"Ador Dental GmbH\",\"description\":\"\",\"publisher\":{\"@id\":\"https:\\\/\\\/www.ador-dental.de\\\/en\\\/#organization\"},\"potentialAction\":[{\"@type\":\"SearchAction\",\"target\":{\"@type\":\"EntryPoint\",\"urlTemplate\":\"https:\\\/\\\/www.ador-dental.de\\\/en\\\/?s={search_term_string}\"},\"query-input\":{\"@type\":\"PropertyValueSpecification\",\"valueRequired\":true,\"valueName\":\"search_term_string\"}}],\"inLanguage\":\"es\"},{\"@type\":\"Organization\",\"@id\":\"https:\\\/\\\/www.ador-dental.de\\\/en\\\/#organization\",\"name\":\"Ador Dental GmbH\",\"url\":\"https:\\\/\\\/www.ador-dental.de\\\/en\\\/\",\"logo\":{\"@type\":\"ImageObject\",\"inLanguage\":\"es\",\"@id\":\"https:\\\/\\\/www.ador-dental.de\\\/en\\\/#\\\/schema\\\/logo\\\/image\\\/\",\"url\":\"https:\\\/\\\/www.ador-dental.de\\\/wp-content\\\/uploads\\\/2021\\\/10\\\/ADOR_Logo_DentalSolutions_2020_Black.svg\",\"contentUrl\":\"https:\\\/\\\/www.ador-dental.de\\\/wp-content\\\/uploads\\\/2021\\\/10\\\/ADOR_Logo_DentalSolutions_2020_Black.svg\",\"width\":678,\"height\":261,\"caption\":\"Ador Dental GmbH\"},\"image\":{\"@id\":\"https:\\\/\\\/www.ador-dental.de\\\/en\\\/#\\\/schema\\\/logo\\\/image\\\/\"}}]}<\/script>\n<!-- \/ Yoast SEO plugin. -->","yoast_head_json":{"title":"Comfort Clean - Dualtank Wascheinheit f\u00fcr 3D-Druckobjekte - Ador Dental GmbH","description":"Diese Dualtank Wascheinheit ComfortClean erm\u00f6glicht ab sofort ein bequemes und sauberes Handling von detailreichen 3D-Druckobjekten.","robots":{"index":"index","follow":"follow","max-snippet":"max-snippet:-1","max-image-preview":"max-image-preview:large","max-video-preview":"max-video-preview:-1"},"canonical":"https:\/\/www.ador-dental.de\/es\/producto\/comfortclean-dual-tank-wascheinheit\/","og_locale":"es_ES","og_type":"article","og_title":"Comfort Clean - Dualtank Wascheinheit f\u00fcr 3D-Druckobjekte - Ador Dental GmbH","og_description":"Diese Dualtank Wascheinheit ComfortClean erm\u00f6glicht ab sofort ein bequemes und sauberes Handling von detailreichen 3D-Druckobjekten.","og_url":"https:\/\/www.ador-dental.de\/es\/producto\/comfortclean-dual-tank-wascheinheit\/","og_site_name":"Ador Dental GmbH","article_modified_time":"2025-10-27T08:49:40+00:00","og_image":[{"width":1092,"height":1092,"url":"https:\/\/www.ador-dental.de\/wp-content\/uploads\/2021\/01\/Twin-Tornado-Produktbild.jpg","type":"image\/jpeg"}],"twitter_card":"summary_large_image","twitter_misc":{"Tiempo de lectura":"2 minutos"},"schema":{"@context":"https:\/\/schema.org","@graph":[{"@type":"WebPage","@id":"https:\/\/www.ador-dental.de\/produkt\/comfortclean-dual-tank-wascheinheit\/","url":"https:\/\/www.ador-dental.de\/produkt\/comfortclean-dual-tank-wascheinheit\/","name":"Comfort Clean - Dualtank Wascheinheit f\u00fcr 3D-Druckobjekte - Ador Dental GmbH","isPartOf":{"@id":"https:\/\/www.ador-dental.de\/en\/#website"},"primaryImageOfPage":{"@id":"https:\/\/www.ador-dental.de\/produkt\/comfortclean-dual-tank-wascheinheit\/#primaryimage"},"image":{"@id":"https:\/\/www.ador-dental.de\/produkt\/comfortclean-dual-tank-wascheinheit\/#primaryimage"},"thumbnailUrl":"https:\/\/www.ador-dental.de\/wp-content\/uploads\/2021\/01\/Twin-Tornado-Produktbild.jpg","datePublished":"2021-01-18T15:25:42+00:00","dateModified":"2025-10-27T08:49:40+00:00","description":"Diese Dualtank Wascheinheit ComfortClean erm\u00f6glicht ab sofort ein bequemes und sauberes Handling von detailreichen 3D-Druckobjekten.","breadcrumb":{"@id":"https:\/\/www.ador-dental.de\/produkt\/comfortclean-dual-tank-wascheinheit\/#breadcrumb"},"inLanguage":"es","potentialAction":[{"@type":"ReadAction","target":["https:\/\/www.ador-dental.de\/produkt\/comfortclean-dual-tank-wascheinheit\/"]}]},{"@type":"ImageObject","inLanguage":"es","@id":"https:\/\/www.ador-dental.de\/produkt\/comfortclean-dual-tank-wascheinheit\/#primaryimage","url":"https:\/\/www.ador-dental.de\/wp-content\/uploads\/2021\/01\/Twin-Tornado-Produktbild.jpg","contentUrl":"https:\/\/www.ador-dental.de\/wp-content\/uploads\/2021\/01\/Twin-Tornado-Produktbild.jpg","width":1092,"height":1092,"caption":"ComfortClean \u2013 Dualtank Wascheinheit f\u00fcr 3D-Druckobjekte"},{"@type":"BreadcrumbList","@id":"https:\/\/www.ador-dental.de\/produkt\/comfortclean-dual-tank-wascheinheit\/#breadcrumb","itemListElement":[{"@type":"ListItem","position":1,"name":"Startseite","item":"https:\/\/www.ador-dental.de\/"},{"@type":"ListItem","position":2,"name":"Shop","item":"https:\/\/www.ador-dental.de\/en\/shop\/"},{"@type":"ListItem","position":3,"name":"Comfort Clean &#8211; Dualtank Wascheinheit f\u00fcr 3D-Druckobjekte"}]},{"@type":"WebSite","@id":"https:\/\/www.ador-dental.de\/en\/#website","url":"https:\/\/www.ador-dental.de\/en\/","name":"Ador Dental GmbH","description":"","publisher":{"@id":"https:\/\/www.ador-dental.de\/en\/#organization"},"potentialAction":[{"@type":"SearchAction","target":{"@type":"EntryPoint","urlTemplate":"https:\/\/www.ador-dental.de\/en\/?s={search_term_string}"},"query-input":{"@type":"PropertyValueSpecification","valueRequired":true,"valueName":"search_term_string"}}],"inLanguage":"es"},{"@type":"Organization","@id":"https:\/\/www.ador-dental.de\/en\/#organization","name":"Ador Dental GmbH","url":"https:\/\/www.ador-dental.de\/en\/","logo":{"@type":"ImageObject","inLanguage":"es","@id":"https:\/\/www.ador-dental.de\/en\/#\/schema\/logo\/image\/","url":"https:\/\/www.ador-dental.de\/wp-content\/uploads\/2021\/10\/ADOR_Logo_DentalSolutions_2020_Black.svg","contentUrl":"https:\/\/www.ador-dental.de\/wp-content\/uploads\/2021\/10\/ADOR_Logo_DentalSolutions_2020_Black.svg","width":678,"height":261,"caption":"Ador Dental GmbH"},"image":{"@id":"https:\/\/www.ador-dental.de\/en\/#\/schema\/logo\/image\/"}}]}},"_links":{"self":[{"href":"https:\/\/www.ador-dental.de\/es\/wp-json\/wp\/v2\/product\/15294","targetHints":{"allow":["GET"]}}],"collection":[{"href":"https:\/\/www.ador-dental.de\/es\/wp-json\/wp\/v2\/product"}],"about":[{"href":"https:\/\/www.ador-dental.de\/es\/wp-json\/wp\/v2\/types\/product"}],"replies":[{"embeddable":true,"href":"https:\/\/www.ador-dental.de\/es\/wp-json\/wp\/v2\/comments?post=15294"}],"version-history":[{"count":8,"href":"https:\/\/www.ador-dental.de\/es\/wp-json\/wp\/v2\/product\/15294\/revisions"}],"predecessor-version":[{"id":29045,"href":"https:\/\/www.ador-dental.de\/es\/wp-json\/wp\/v2\/product\/15294\/revisions\/29045"}],"wp:featuredmedia":[{"embeddable":true,"href":"https:\/\/www.ador-dental.de\/es\/wp-json\/wp\/v2\/media\/15319"}],"wp:attachment":[{"href":"https:\/\/www.ador-dental.de\/es\/wp-json\/wp\/v2\/media?parent=15294"}],"wp:term":[{"taxonomy":"product_brand","embeddable":true,"href":"https:\/\/www.ador-dental.de\/es\/wp-json\/wp\/v2\/product_brand?post=15294"},{"taxonomy":"product_cat","embeddable":true,"href":"https:\/\/www.ador-dental.de\/es\/wp-json\/wp\/v2\/product_cat?post=15294"},{"taxonomy":"product_tag","embeddable":true,"href":"https:\/\/www.ador-dental.de\/es\/wp-json\/wp\/v2\/product_tag?post=15294"}],"curies":[{"name":"wp","href":"https:\/\/api.w.org\/{rel}","templated":true}]}}