{"id":13794,"date":"2020-10-16T18:36:19","date_gmt":"2020-10-16T16:36:19","guid":{"rendered":"https:\/\/new.ador-edelmetalle.de\/?post_type=product&#038;p=13794"},"modified":"2026-04-30T08:50:05","modified_gmt":"2026-04-30T06:50:05","slug":"da-bio-norm","status":"publish","type":"product","link":"https:\/\/www.ador-dental.de\/es\/producto\/da-bio-norm\/","title":{"rendered":"DA BIO NORM"},"content":{"rendered":"<a  data-e-disable-page-transition=\"true\" class=\"download-link\" title=\"\" href=\"https:\/\/www.ador-dental.de\/es\/download\/30732\/?tmstv=1777585377\" rel=\"nofollow\" id=\"download-link-30732\" data-redirect=\"false\" >\n\tGebrAnw-Dentalgrundlegierung-DA_BIO_Norm_ADPCF_R01_15.02.2024.pdf<\/a>\n\n<table width=\"484.8\" cellspacing=\"0\" cellpadding=\"0\">\n<tbody>\n<tr>\n<td valign=\"top\"><b>Tipo:<\/b><\/td>\n<td valign=\"top\">Aleaci\u00f3n de metales preciosos a base de oro con un alto contenido en oro destinada a pr\u00f3tesis metal-cer\u00e1micas o como aleaci\u00f3n para colado dental, tipo 3 (duro), tipo 4 (extra duro) para a-n<\/p>\n<p>seg\u00fan la norma DIN EN ISO 22674<\/td>\n<\/tr>\n<tr>\n<td valign=\"top\"><b>Color:<\/b><\/td>\n<td valign=\"top\">amarillo<\/td>\n<\/tr>\n<\/tbody>\n<\/table>\n<table width=\"484.8\" cellspacing=\"0\" cellpadding=\"0\">\n<tbody>\n<tr>\n<td valign=\"top\"><b>Indicaciones:<\/b><\/td>\n<td valign=\"top\">Inlays, Onlays<\/td>\n<td valign=\"top\">\u25cf<\/td>\n<\/tr>\n<tr>\n<td valign=\"top\"><\/td>\n<td valign=\"top\">Coronas<\/td>\n<td valign=\"top\">\u25cf<\/td>\n<\/tr>\n<tr>\n<td valign=\"top\"><\/td>\n<td valign=\"top\">peque\u00f1os puentes<\/td>\n<td valign=\"top\">\u25cf<\/td>\n<\/tr>\n<tr>\n<td valign=\"top\"><\/td>\n<td valign=\"top\">Puentes de vano medio<\/td>\n<td valign=\"top\">\u25cf<\/td>\n<\/tr>\n<tr>\n<td valign=\"top\"><\/td>\n<td valign=\"top\">Trabajos de fresado, conos y accesorios<span class=\"Apple-converted-space\">\u00a0<\/span><\/td>\n<td valign=\"top\">\u25cf<\/td>\n<\/tr>\n<tr>\n<td valign=\"top\"><\/td>\n<td valign=\"top\">Reparto de modelos<\/td>\n<td valign=\"top\"><\/td>\n<\/tr>\n<tr>\n<td valign=\"top\"><\/td>\n<td valign=\"top\">chapado con LFC<\/td>\n<td valign=\"top\">\u25cf<\/td>\n<\/tr>\n<\/tbody>\n<\/table>\n<table width=\"486.0\" cellspacing=\"0\" cellpadding=\"0\">\n<tbody>\n<tr>\n<td valign=\"top\"><b>Composici\u00f3n:<\/b><\/td>\n<td valign=\"top\">Au<\/td>\n<td valign=\"top\">71,00<\/td>\n<td valign=\"top\">Ag<\/td>\n<td valign=\"top\">17,30<\/td>\n<\/tr>\n<tr>\n<td valign=\"top\">(fracciones de masa en %)<\/td>\n<td valign=\"top\">Pt<\/td>\n<td valign=\"top\">8,50<\/td>\n<td valign=\"top\">Zn<\/td>\n<td valign=\"top\">2,40<\/td>\n<\/tr>\n<tr>\n<td valign=\"top\"><\/td>\n<td valign=\"top\">Rh<\/td>\n<td valign=\"top\">0,50<\/td>\n<td valign=\"top\">Ta<\/td>\n<td valign=\"top\">0,30<\/td>\n<\/tr>\n<\/tbody>\n<\/table>\n<table width=\"484.8\" cellspacing=\"0\" cellpadding=\"0\">\n<tbody>\n<tr>\n<td valign=\"top\"><b>Datos t\u00e9cnicos:<\/b><\/td>\n<td valign=\"top\">Densidad en g\/cm\u00b3<\/td>\n<td valign=\"top\">16,3<\/td>\n<\/tr>\n<tr>\n<td rowspan=\"2\" valign=\"top\"><\/td>\n<td valign=\"top\">Dureza Vickers HV 5\/30<span class=\"Apple-converted-space\">\u00a0<\/span><\/td>\n<td valign=\"middle\">como aleaci\u00f3n de fundici\u00f3n<\/td>\n<td valign=\"top\">(s) 130<\/td>\n<td valign=\"top\"><\/td>\n<td valign=\"top\">(a-s) 150<\/td>\n<\/tr>\n<tr>\n<td valign=\"top\"><\/td>\n<td valign=\"middle\">como una aleaci\u00f3n que se quema<\/td>\n<td valign=\"top\">(s) 130<\/td>\n<td valign=\"top\">(n) 120<\/td>\n<td valign=\"top\">(a-n) 190<\/td>\n<\/tr>\n<tr>\n<td rowspan=\"2\" valign=\"top\"><\/td>\n<td valign=\"top\">Resistencia a la fluencia R<sub>p0,2<\/sub> en MPa<\/td>\n<td valign=\"middle\">como aleaci\u00f3n de fundici\u00f3n<\/td>\n<td valign=\"top\">(s) 320<\/td>\n<td valign=\"top\"><\/td>\n<td valign=\"top\">(a-s) 340<\/td>\n<\/tr>\n<tr>\n<td valign=\"top\"><\/td>\n<td valign=\"middle\">como una aleaci\u00f3n que se quema<\/td>\n<td valign=\"top\">(s) 320<\/td>\n<td valign=\"top\">(n) 200<\/td>\n<td valign=\"top\">(a-n) 380<\/td>\n<\/tr>\n<tr>\n<td rowspan=\"2\" valign=\"top\"><\/td>\n<td valign=\"top\">Alargamiento a la rotura en %<span class=\"Apple-converted-space\">\u00a0<\/span><\/td>\n<td valign=\"middle\">como aleaci\u00f3n de fundici\u00f3n<\/td>\n<td valign=\"top\">(s) 17<\/td>\n<td valign=\"top\"><\/td>\n<td valign=\"top\">(a-s) 13<\/td>\n<\/tr>\n<tr>\n<td valign=\"top\"><\/td>\n<td valign=\"middle\">como una aleaci\u00f3n que se quema<\/td>\n<td valign=\"top\">(s) 17<\/td>\n<td valign=\"top\">(n) 15<\/td>\n<td valign=\"top\">(a-n) 8<\/td>\n<\/tr>\n<tr>\n<td valign=\"top\"><\/td>\n<td valign=\"top\">ETC lineal medio 25 - 500 \u00b0C en 10<sup>-6 <\/sup>K<sup>-1<\/sup><\/td>\n<td valign=\"top\">15,8<\/td>\n<\/tr>\n<tr>\n<td valign=\"top\"><\/td>\n<td valign=\"top\">ETC lineal medio 25 - 600 \u00b0C en 10<sup>-6 <\/sup>K<sup>-1<\/sup><\/td>\n<td valign=\"top\">16,2<\/td>\n<\/tr>\n<tr>\n<td valign=\"top\"><\/td>\n<td valign=\"top\">M\u00f3dulo E en GPa<\/td>\n<td valign=\"top\">100<\/td>\n<\/tr>\n<tr>\n<td valign=\"top\"><\/td>\n<td valign=\"top\">Intervalo de fusi\u00f3n en \u00b0C<\/td>\n<td valign=\"top\">990 \u2013 1050<\/td>\n<\/tr>\n<\/tbody>\n<\/table>\n<table width=\"486.0\" cellspacing=\"0\" cellpadding=\"0\">\n<tbody>\n<tr>\n<td valign=\"top\"><b>Procesamiento:<\/b><\/td>\n<td valign=\"top\">Temperatura de precalentamiento de los moldes en \u00b0C<\/td>\n<td valign=\"top\">750<\/td>\n<\/tr>\n<tr>\n<td valign=\"top\"><\/td>\n<td valign=\"top\">Temperatura de vertido en \u00b0C<\/td>\n<td valign=\"top\">1200<\/td>\n<\/tr>\n<tr>\n<td valign=\"top\"><\/td>\n<td valign=\"top\">Crisol<\/td>\n<td valign=\"top\">Grafito\/cer\u00e1mica<\/td>\n<\/tr>\n<tr>\n<td valign=\"top\"><\/td>\n<td valign=\"top\">Endurecimiento <span class=\"Apple-converted-space\">\u00a0 \u00a0 \u00a0 \u00a0 \u00a0 \u00a0 \u00a0 \u00a0 \u00a0 \u00a0 \u00a0 \u00a0 \u00a0 \u00a0 \u00a0 <\/span>(a-s)<\/td>\n<td valign=\"top\">500\u00b0C\/15min<\/td>\n<\/tr>\n<tr>\n<td valign=\"top\"><\/td>\n<td valign=\"top\"><span class=\"Apple-converted-space\">\u00a0\u00a0 \u00a0 \u00a0 \u00a0 \u00a0 \u00a0 \u00a0 \u00a0 \u00a0 \u00a0 \u00a0 \u00a0 \u00a0 \u00a0 \u00a0 \u00a0 \u00a0 \u00a0 \u00a0 \u00a0 \u00a0 \u00a0 \u00a0 <\/span>(a-n)<\/td>\n<td valign=\"top\">500\u00b0C\/15 min.<\/td>\n<\/tr>\n<\/tbody>\n<\/table>\n<table width=\"486.0\" cellspacing=\"0\" cellpadding=\"0\">\n<tbody>\n<tr>\n<td valign=\"top\"><b>Soldaduras adecuadas:<\/b><\/td>\n<td valign=\"top\">Conexiones antes de la cocci\u00f3n de la cer\u00e1mica<\/td>\n<td valign=\"top\">AuroCer Lote 920 PF<\/td>\n<\/tr>\n<tr>\n<td valign=\"top\"><\/td>\n<td valign=\"top\">Conexiones despu\u00e9s de la cocci\u00f3n de la cer\u00e1mica<\/td>\n<td valign=\"top\">AuroCer Lote 700 PF<\/td>\n<\/tr>\n<tr>\n<td valign=\"top\"><\/td>\n<td valign=\"top\">Conexiones como aleaci\u00f3n de fundici\u00f3n<\/td>\n<td valign=\"top\">AuroDur H Lote 750<\/td>\n<\/tr>\n<\/tbody>\n<\/table>\n<p>1) Abreviaturas:<span class=\"Apple-converted-space\">\u00a0<\/span><\/p>\n<p><span class=\"Apple-converted-space\">\u00a0\u00a0 \u00a0 <\/span>s - autocurado, n - tras la cocci\u00f3n de la cer\u00e1mica, a-s - curado desde el estado s<\/p>\n<p><span class=\"Apple-converted-space\">\u00a0\u00a0 \u00a0 <\/span>a-n - curado del estado n<\/p>\n<p>2) toda la informaci\u00f3n sobre el estado de endurecimiento se dio seg\u00fan la aleaci\u00f3n:<\/p>\n<p><span class=\"Apple-converted-space\">\u00a0\u00a0 \u00a0 <\/span>- Cocci\u00f3n de \u00f3xido 10min\/ 960\u00b0C + 4x4min\/ 960\u00b0C para aleaciones amarillas de cocci\u00f3n convencional<\/p>\n<p><span class=\"Apple-converted-space\">\u00a0\u00a0 \u00a0 <\/span>- Cocci\u00f3n de \u00f3xido 10min\/ 980\u00b0C + 4x4min\/ 980\u00b0C para aleaciones blancas de fusi\u00f3n convencional<\/p>\n<p><span class=\"Apple-converted-space\">\u00a0\u00a0 \u00a0 <\/span>- Cocci\u00f3n de \u00f3xido 10min\/ 800\u00b0C + 4x4min\/ 800\u00b0C para sistemas LFC<\/p>\n<p><span class=\"Apple-converted-space\">\u00a0\u00a0 <\/span>Las especificaciones de valores correspondientes s\u00f3lo son v\u00e1lidas en estas condiciones.<\/p>\n<p>3) La cocci\u00f3n de la cer\u00e1mica debe realizarse seg\u00fan las instrucciones del fabricante de la misma.<\/p>","protected":false},"excerpt":{"rendered":"<p><strong>Paquete \u00e1 25g<\/strong><\/p>\n<p><strong>Aleaci\u00f3n de fundici\u00f3n de alto contenido en oro<\/strong><\/p>\n<p><strong>Debido a la evoluci\u00f3n actual de los precios de las materias primas, todas las aleaciones se publican por el momento a precio diario. Los precios se actualizan cada ma\u00f1ana a las 11.00 horas.<\/strong><\/p>","protected":false},"featured_media":24128,"comment_status":"open","ping_status":"closed","template":"","meta":{"neve_meta_sidebar":"","neve_meta_container":"","neve_meta_enable_content_width":"off","neve_meta_content_width":70,"neve_meta_title_alignment":"","neve_meta_author_avatar":"","neve_post_elements_order":"","neve_meta_disable_header":"","neve_meta_disable_footer":"","neve_meta_disable_title":"","_themeisle_gutenberg_block_has_review":false},"product_brand":[],"product_cat":[372],"product_tag":[],"class_list":{"0":"post-13794","1":"product","2":"type-product","3":"status-publish","4":"has-post-thumbnail","6":"product_cat-dental-alliance","8":"first","9":"instock","10":"taxable","11":"shipping-taxable","12":"purchasable","13":"product-type-simple"},"yoast_head":"<!-- This site is optimized with the Yoast SEO plugin v27.4 - https:\/\/yoast.com\/product\/yoast-seo-wordpress\/ -->\n<title>DA BIO NORM - Ador Dental GmbH<\/title>\n<meta name=\"description\" content=\"DA Bio NORM ist eine hochgoldhaltige Edelmetall-Legierung auf Goldbasis f\u00fcr metallkeramischen Zahnersatz oder als Dentalgusslegierung.\" \/>\n<meta name=\"robots\" content=\"index, follow, max-snippet:-1, max-image-preview:large, max-video-preview:-1\" \/>\n<link rel=\"canonical\" href=\"https:\/\/www.ador-dental.de\/es\/producto\/da-bio-norm\/\" \/>\n<meta property=\"og:locale\" content=\"es_ES\" \/>\n<meta property=\"og:type\" content=\"article\" \/>\n<meta property=\"og:title\" content=\"DA BIO NORM - Ador Dental GmbH\" \/>\n<meta property=\"og:description\" content=\"DA Bio NORM ist eine hochgoldhaltige Edelmetall-Legierung auf Goldbasis f\u00fcr metallkeramischen Zahnersatz oder als Dentalgusslegierung.\" \/>\n<meta property=\"og:url\" content=\"https:\/\/www.ador-dental.de\/es\/producto\/da-bio-norm\/\" \/>\n<meta property=\"og:site_name\" content=\"Ador Dental GmbH\" \/>\n<meta property=\"article:modified_time\" content=\"2026-04-30T06:50:05+00:00\" \/>\n<meta property=\"og:image\" content=\"https:\/\/www.ador-dental.de\/wp-content\/uploads\/2020\/10\/DA-BIO-Norm-Produktbild.png\" \/>\n\t<meta property=\"og:image:width\" content=\"1024\" \/>\n\t<meta property=\"og:image:height\" content=\"1024\" \/>\n\t<meta property=\"og:image:type\" content=\"image\/png\" \/>\n<meta name=\"twitter:card\" content=\"summary_large_image\" \/>\n<meta name=\"twitter:label1\" content=\"Tiempo de lectura\" \/>\n\t<meta name=\"twitter:data1\" content=\"1 minuto\" \/>\n<script type=\"application\/ld+json\" class=\"yoast-schema-graph\">{\"@context\":\"https:\\\/\\\/schema.org\",\"@graph\":[{\"@type\":\"WebPage\",\"@id\":\"https:\\\/\\\/www.ador-dental.de\\\/produkt\\\/da-bio-norm\\\/\",\"url\":\"https:\\\/\\\/www.ador-dental.de\\\/produkt\\\/da-bio-norm\\\/\",\"name\":\"DA BIO NORM - Ador Dental GmbH\",\"isPartOf\":{\"@id\":\"https:\\\/\\\/www.ador-dental.de\\\/en\\\/#website\"},\"primaryImageOfPage\":{\"@id\":\"https:\\\/\\\/www.ador-dental.de\\\/produkt\\\/da-bio-norm\\\/#primaryimage\"},\"image\":{\"@id\":\"https:\\\/\\\/www.ador-dental.de\\\/produkt\\\/da-bio-norm\\\/#primaryimage\"},\"thumbnailUrl\":\"https:\\\/\\\/www.ador-dental.de\\\/wp-content\\\/uploads\\\/2020\\\/10\\\/DA-BIO-Norm-Produktbild.png\",\"datePublished\":\"2020-10-16T16:36:19+00:00\",\"dateModified\":\"2026-04-30T06:50:05+00:00\",\"description\":\"DA Bio NORM ist eine hochgoldhaltige Edelmetall-Legierung auf Goldbasis f\u00fcr metallkeramischen Zahnersatz oder als Dentalgusslegierung.\",\"breadcrumb\":{\"@id\":\"https:\\\/\\\/www.ador-dental.de\\\/produkt\\\/da-bio-norm\\\/#breadcrumb\"},\"inLanguage\":\"es\",\"potentialAction\":[{\"@type\":\"ReadAction\",\"target\":[\"https:\\\/\\\/www.ador-dental.de\\\/produkt\\\/da-bio-norm\\\/\"]}]},{\"@type\":\"ImageObject\",\"inLanguage\":\"es\",\"@id\":\"https:\\\/\\\/www.ador-dental.de\\\/produkt\\\/da-bio-norm\\\/#primaryimage\",\"url\":\"https:\\\/\\\/www.ador-dental.de\\\/wp-content\\\/uploads\\\/2020\\\/10\\\/DA-BIO-Norm-Produktbild.png\",\"contentUrl\":\"https:\\\/\\\/www.ador-dental.de\\\/wp-content\\\/uploads\\\/2020\\\/10\\\/DA-BIO-Norm-Produktbild.png\",\"width\":1024,\"height\":1024},{\"@type\":\"BreadcrumbList\",\"@id\":\"https:\\\/\\\/www.ador-dental.de\\\/produkt\\\/da-bio-norm\\\/#breadcrumb\",\"itemListElement\":[{\"@type\":\"ListItem\",\"position\":1,\"name\":\"Startseite\",\"item\":\"https:\\\/\\\/www.ador-dental.de\\\/\"},{\"@type\":\"ListItem\",\"position\":2,\"name\":\"Shop\",\"item\":\"https:\\\/\\\/www.ador-dental.de\\\/en\\\/shop\\\/\"},{\"@type\":\"ListItem\",\"position\":3,\"name\":\"DA BIO NORM\"}]},{\"@type\":\"WebSite\",\"@id\":\"https:\\\/\\\/www.ador-dental.de\\\/en\\\/#website\",\"url\":\"https:\\\/\\\/www.ador-dental.de\\\/en\\\/\",\"name\":\"Ador Dental GmbH\",\"description\":\"\",\"publisher\":{\"@id\":\"https:\\\/\\\/www.ador-dental.de\\\/en\\\/#organization\"},\"potentialAction\":[{\"@type\":\"SearchAction\",\"target\":{\"@type\":\"EntryPoint\",\"urlTemplate\":\"https:\\\/\\\/www.ador-dental.de\\\/en\\\/?s={search_term_string}\"},\"query-input\":{\"@type\":\"PropertyValueSpecification\",\"valueRequired\":true,\"valueName\":\"search_term_string\"}}],\"inLanguage\":\"es\"},{\"@type\":\"Organization\",\"@id\":\"https:\\\/\\\/www.ador-dental.de\\\/en\\\/#organization\",\"name\":\"Ador Dental GmbH\",\"url\":\"https:\\\/\\\/www.ador-dental.de\\\/en\\\/\",\"logo\":{\"@type\":\"ImageObject\",\"inLanguage\":\"es\",\"@id\":\"https:\\\/\\\/www.ador-dental.de\\\/en\\\/#\\\/schema\\\/logo\\\/image\\\/\",\"url\":\"https:\\\/\\\/www.ador-dental.de\\\/wp-content\\\/uploads\\\/2021\\\/10\\\/ADOR_Logo_DentalSolutions_2020_Black.svg\",\"contentUrl\":\"https:\\\/\\\/www.ador-dental.de\\\/wp-content\\\/uploads\\\/2021\\\/10\\\/ADOR_Logo_DentalSolutions_2020_Black.svg\",\"width\":678,\"height\":261,\"caption\":\"Ador Dental GmbH\"},\"image\":{\"@id\":\"https:\\\/\\\/www.ador-dental.de\\\/en\\\/#\\\/schema\\\/logo\\\/image\\\/\"}}]}<\/script>\n<!-- \/ Yoast SEO plugin. -->","yoast_head_json":{"title":"DA BIO NORM - Ador Dental GmbH","description":"DA Bio NORM ist eine hochgoldhaltige Edelmetall-Legierung auf Goldbasis f\u00fcr metallkeramischen Zahnersatz oder als Dentalgusslegierung.","robots":{"index":"index","follow":"follow","max-snippet":"max-snippet:-1","max-image-preview":"max-image-preview:large","max-video-preview":"max-video-preview:-1"},"canonical":"https:\/\/www.ador-dental.de\/es\/producto\/da-bio-norm\/","og_locale":"es_ES","og_type":"article","og_title":"DA BIO NORM - Ador Dental GmbH","og_description":"DA Bio NORM ist eine hochgoldhaltige Edelmetall-Legierung auf Goldbasis f\u00fcr metallkeramischen Zahnersatz oder als Dentalgusslegierung.","og_url":"https:\/\/www.ador-dental.de\/es\/producto\/da-bio-norm\/","og_site_name":"Ador Dental GmbH","article_modified_time":"2026-04-30T06:50:05+00:00","og_image":[{"width":1024,"height":1024,"url":"https:\/\/www.ador-dental.de\/wp-content\/uploads\/2020\/10\/DA-BIO-Norm-Produktbild.png","type":"image\/png"}],"twitter_card":"summary_large_image","twitter_misc":{"Tiempo de lectura":"1 minuto"},"schema":{"@context":"https:\/\/schema.org","@graph":[{"@type":"WebPage","@id":"https:\/\/www.ador-dental.de\/produkt\/da-bio-norm\/","url":"https:\/\/www.ador-dental.de\/produkt\/da-bio-norm\/","name":"DA BIO NORM - Ador Dental GmbH","isPartOf":{"@id":"https:\/\/www.ador-dental.de\/en\/#website"},"primaryImageOfPage":{"@id":"https:\/\/www.ador-dental.de\/produkt\/da-bio-norm\/#primaryimage"},"image":{"@id":"https:\/\/www.ador-dental.de\/produkt\/da-bio-norm\/#primaryimage"},"thumbnailUrl":"https:\/\/www.ador-dental.de\/wp-content\/uploads\/2020\/10\/DA-BIO-Norm-Produktbild.png","datePublished":"2020-10-16T16:36:19+00:00","dateModified":"2026-04-30T06:50:05+00:00","description":"DA Bio NORM ist eine hochgoldhaltige Edelmetall-Legierung auf Goldbasis f\u00fcr metallkeramischen Zahnersatz oder als Dentalgusslegierung.","breadcrumb":{"@id":"https:\/\/www.ador-dental.de\/produkt\/da-bio-norm\/#breadcrumb"},"inLanguage":"es","potentialAction":[{"@type":"ReadAction","target":["https:\/\/www.ador-dental.de\/produkt\/da-bio-norm\/"]}]},{"@type":"ImageObject","inLanguage":"es","@id":"https:\/\/www.ador-dental.de\/produkt\/da-bio-norm\/#primaryimage","url":"https:\/\/www.ador-dental.de\/wp-content\/uploads\/2020\/10\/DA-BIO-Norm-Produktbild.png","contentUrl":"https:\/\/www.ador-dental.de\/wp-content\/uploads\/2020\/10\/DA-BIO-Norm-Produktbild.png","width":1024,"height":1024},{"@type":"BreadcrumbList","@id":"https:\/\/www.ador-dental.de\/produkt\/da-bio-norm\/#breadcrumb","itemListElement":[{"@type":"ListItem","position":1,"name":"Startseite","item":"https:\/\/www.ador-dental.de\/"},{"@type":"ListItem","position":2,"name":"Shop","item":"https:\/\/www.ador-dental.de\/en\/shop\/"},{"@type":"ListItem","position":3,"name":"DA BIO NORM"}]},{"@type":"WebSite","@id":"https:\/\/www.ador-dental.de\/en\/#website","url":"https:\/\/www.ador-dental.de\/en\/","name":"Ador Dental GmbH","description":"","publisher":{"@id":"https:\/\/www.ador-dental.de\/en\/#organization"},"potentialAction":[{"@type":"SearchAction","target":{"@type":"EntryPoint","urlTemplate":"https:\/\/www.ador-dental.de\/en\/?s={search_term_string}"},"query-input":{"@type":"PropertyValueSpecification","valueRequired":true,"valueName":"search_term_string"}}],"inLanguage":"es"},{"@type":"Organization","@id":"https:\/\/www.ador-dental.de\/en\/#organization","name":"Ador Dental GmbH","url":"https:\/\/www.ador-dental.de\/en\/","logo":{"@type":"ImageObject","inLanguage":"es","@id":"https:\/\/www.ador-dental.de\/en\/#\/schema\/logo\/image\/","url":"https:\/\/www.ador-dental.de\/wp-content\/uploads\/2021\/10\/ADOR_Logo_DentalSolutions_2020_Black.svg","contentUrl":"https:\/\/www.ador-dental.de\/wp-content\/uploads\/2021\/10\/ADOR_Logo_DentalSolutions_2020_Black.svg","width":678,"height":261,"caption":"Ador Dental GmbH"},"image":{"@id":"https:\/\/www.ador-dental.de\/en\/#\/schema\/logo\/image\/"}}]}},"_links":{"self":[{"href":"https:\/\/www.ador-dental.de\/es\/wp-json\/wp\/v2\/product\/13794","targetHints":{"allow":["GET"]}}],"collection":[{"href":"https:\/\/www.ador-dental.de\/es\/wp-json\/wp\/v2\/product"}],"about":[{"href":"https:\/\/www.ador-dental.de\/es\/wp-json\/wp\/v2\/types\/product"}],"replies":[{"embeddable":true,"href":"https:\/\/www.ador-dental.de\/es\/wp-json\/wp\/v2\/comments?post=13794"}],"version-history":[{"count":7,"href":"https:\/\/www.ador-dental.de\/es\/wp-json\/wp\/v2\/product\/13794\/revisions"}],"predecessor-version":[{"id":30734,"href":"https:\/\/www.ador-dental.de\/es\/wp-json\/wp\/v2\/product\/13794\/revisions\/30734"}],"wp:featuredmedia":[{"embeddable":true,"href":"https:\/\/www.ador-dental.de\/es\/wp-json\/wp\/v2\/media\/24128"}],"wp:attachment":[{"href":"https:\/\/www.ador-dental.de\/es\/wp-json\/wp\/v2\/media?parent=13794"}],"wp:term":[{"taxonomy":"product_brand","embeddable":true,"href":"https:\/\/www.ador-dental.de\/es\/wp-json\/wp\/v2\/product_brand?post=13794"},{"taxonomy":"product_cat","embeddable":true,"href":"https:\/\/www.ador-dental.de\/es\/wp-json\/wp\/v2\/product_cat?post=13794"},{"taxonomy":"product_tag","embeddable":true,"href":"https:\/\/www.ador-dental.de\/es\/wp-json\/wp\/v2\/product_tag?post=13794"}],"curies":[{"name":"wp","href":"https:\/\/api.w.org\/{rel}","templated":true}]}}