{"id":13513,"date":"2020-10-08T09:05:35","date_gmt":"2020-10-08T07:05:35","guid":{"rendered":"https:\/\/new.ador-edelmetalle.de\/?post_type=product&#038;p=13513"},"modified":"2024-06-03T08:18:18","modified_gmt":"2024-06-03T06:18:18","slug":"keyprint-keysplint-soft","status":"publish","type":"product","link":"https:\/\/www.ador-dental.de\/es\/producto\/keyprint-keysplint-soft\/","title":{"rendered":"KeyPrint KeySplint Suave 500g\/1kg"},"content":{"rendered":"<p><strong>&gt;&gt;&gt;\u00a0<a  data-e-disable-page-transition=\"true\" class=\"download-link\" title=\"\" href=\"https:\/\/www.ador-dental.de\/es\/download\/13520\/?tmstv=1777585404\" rel=\"nofollow\" id=\"download-link-13520\" data-redirect=\"false\" >\n\tInstrucciones de cuidado de KeySplintSoft<\/a>\n<\/strong><br \/>\n<strong>&gt;&gt;&gt; <a  data-e-disable-page-transition=\"true\" class=\"download-link\" title=\"\" href=\"https:\/\/www.ador-dental.de\/es\/download\/13523\/?tmstv=1777585404\" rel=\"nofollow\" id=\"download-link-13523\" data-redirect=\"false\" >\n\tInstrucciones para el pulido de Keysplint Soft<\/a>\n<\/strong><br \/>\n<strong>&gt;&gt;&gt; <a  data-e-disable-page-transition=\"true\" class=\"download-link\" title=\"\" href=\"https:\/\/www.ador-dental.de\/es\/download\/13526\/?tmstv=1777585404\" rel=\"nofollow\" id=\"download-link-13526\" data-redirect=\"false\" >\n\tDatos t\u00e9cnicos de KeySplint Soft<\/a>\n<\/strong><br \/>\n<strong>&gt;&gt;&gt; <a  data-e-disable-page-transition=\"true\" class=\"download-link\" title=\"\" href=\"https:\/\/www.ador-dental.de\/es\/download\/13529\/?tmstv=1777585404\" rel=\"nofollow\" id=\"download-link-13529\" data-redirect=\"false\" >\n\tInstrucciones de procesamiento de KeySplint Soft Impresi\u00f3n 3D<\/a>\n<br \/>\n&gt;&gt;&gt; <a  data-e-disable-page-transition=\"true\" class=\"download-link\" title=\"\" href=\"https:\/\/www.ador-dental.de\/es\/download\/13532\/?tmstv=1777585404\" rel=\"nofollow\" id=\"download-link-13532\" data-redirect=\"false\" >\n\tHoja de datos de seguridad de KeySplint Soft<\/a>\n<\/strong><\/p>\n<p>KeySplint Soft es un material biocompatible que cumple con todas las normas internacionales sobre productos sanitarios. La robusta formulaci\u00f3n del material de la resina garantiza una vida \u00fatil del producto de 3 a\u00f1os, una alta estabilidad del color y es compatible con una amplia gama de sistemas de impresi\u00f3n abiertos. Actualmente, ning\u00fan otro material de f\u00e9rula dental ofrece la calidad y el rendimiento de KeySplint Soft.<br \/>\nLa formulaci\u00f3n pendiente de patente de Keystone Industries es una resina \u00fanica en 3D para fabricar f\u00e9rulas flexibles de mordida y molienda. Optimizado para la tecnolog\u00eda DLP, es un material excelente para la impresi\u00f3n 3D. Combina la fuerza suficiente para absorber las fuerzas del bruxismo, pero es lo suficientemente flexible para garantizar una experiencia c\u00f3moda para el paciente. KeySplint Soft es adecuado para la producci\u00f3n de aparatos dentales de ortodoncia como placas de mordida, protectores bucales, f\u00e9rulas de mordida, aparatos para roncar, f\u00e9rulas generales y f\u00e9rulas de alineaci\u00f3n.<\/p>\n<p>&nbsp;<\/p>\n<p><strong>Indicaciones:<br \/>\n<\/strong>f\u00e9rulas de mordida flexibles<br \/>\nProtector bucal deportivo<br \/>\nBandejas de transferencia KFO \/ Bandejas de adhesi\u00f3n indirecta (IBT)<br \/>\nDispositivo m\u00e9dico de clase 2A, biocompatible<\/p>\n<p><strong>Forma de entrega:<br \/>\n<\/strong>Botella con 500 g o 1000 g<br \/>\nColor: Morado claro transparente<\/p>\n<p><strong>Propiedades f\u00edsicas:<br \/>\n<\/strong>Longitud de onda 385-405 nm<br \/>\nDureza Shore: 82 (escala D)<br \/>\nSolubilidad: 4,5 \u00b5g\/mm\u00b3.<br \/>\nAbsorci\u00f3n de agua: 18 \u00b5g\/mm\u00b3<br \/>\nM\u00f3dulo de elasticidad: 1356 MPa (ASTM D790)<br \/>\nResistencia a la flexi\u00f3n: 2,6-4,4 Mpa (ISO20795-2)<\/p>","protected":false},"excerpt":{"rendered":"<div class=\"custom__item custom__item--1492033924902-0 one-whole align--top-middle\">\n<div class=\"custom__item-inner custom__item-inner--text\">\n<div class=\"medium-up--text-left\">\n<p style=\"text-align: center;\"><strong>Alcance de la entrega:<\/strong><br \/>\nBotella con 500 g o 1000 g<br \/>\nColor: Morado claro transparente<\/p>\n<p style=\"text-align: center;\">KeySplint SoftTM es adecuado para la fabricaci\u00f3n de aparatos dentales de ortodoncia como placas de mordida, protectores bucales, f\u00e9rulas de mordida, aparatos para roncar, f\u00e9rulas generales y f\u00e9rulas de alineaci\u00f3n.<\/p>\n<\/div>\n<\/div>\n<\/div>","protected":false},"featured_media":26913,"comment_status":"open","ping_status":"closed","template":"","meta":{"neve_meta_sidebar":"","neve_meta_container":"","neve_meta_enable_content_width":"off","neve_meta_content_width":70,"neve_meta_title_alignment":"","neve_meta_author_avatar":"","neve_post_elements_order":"","neve_meta_disable_header":"","neve_meta_disable_footer":"","neve_meta_disable_title":"","_themeisle_gutenberg_block_has_review":false},"product_brand":[],"product_cat":[212,1112,432],"product_tag":[434],"class_list":{"0":"post-13513","1":"product","2":"type-product","3":"status-publish","4":"has-post-thumbnail","6":"product_cat-adorprint","7":"product_cat-keystone","8":"product_cat-resine","9":"product_tag-dentalheld","11":"first","12":"instock","13":"taxable","14":"shipping-taxable","15":"purchasable","16":"product-type-variable"},"yoast_head":"<!-- This site is optimized with the Yoast SEO plugin v27.4 - https:\/\/yoast.com\/product\/yoast-seo-wordpress\/ -->\n<title>KeyPrint KeySplint Soft 500g\/1Kg - Ador Dental GmbH<\/title>\n<meta name=\"description\" content=\"KeySplint Soft ist ein biokompatibles Material welches alle internationalen Medizinproduktstandards erf\u00fcllt und eine Haltbarkeit von 3 Jahren garantiert.\" \/>\n<meta name=\"robots\" content=\"index, follow, max-snippet:-1, max-image-preview:large, max-video-preview:-1\" \/>\n<link rel=\"canonical\" href=\"https:\/\/www.ador-dental.de\/es\/producto\/keyprint-keysplint-soft\/\" \/>\n<meta property=\"og:locale\" content=\"es_ES\" \/>\n<meta property=\"og:type\" content=\"article\" \/>\n<meta property=\"og:title\" content=\"KeyPrint KeySplint Soft 500g\/1Kg - Ador Dental GmbH\" \/>\n<meta property=\"og:description\" content=\"KeySplint Soft ist ein biokompatibles Material welches alle internationalen Medizinproduktstandards erf\u00fcllt und eine Haltbarkeit von 3 Jahren garantiert.\" \/>\n<meta property=\"og:url\" content=\"https:\/\/www.ador-dental.de\/es\/producto\/keyprint-keysplint-soft\/\" \/>\n<meta property=\"og:site_name\" content=\"Ador Dental GmbH\" \/>\n<meta property=\"article:modified_time\" content=\"2024-06-03T06:18:18+00:00\" \/>\n<meta property=\"og:image\" content=\"https:\/\/www.ador-dental.de\/wp-content\/uploads\/2020\/10\/KeySplint-Soft-Produktbild.png\" \/>\n\t<meta property=\"og:image:width\" content=\"1024\" \/>\n\t<meta property=\"og:image:height\" content=\"1024\" \/>\n\t<meta property=\"og:image:type\" content=\"image\/png\" \/>\n<meta name=\"twitter:card\" content=\"summary_large_image\" \/>\n<meta name=\"twitter:label1\" content=\"Tiempo de lectura\" \/>\n\t<meta name=\"twitter:data1\" content=\"1 minuto\" \/>\n<script type=\"application\/ld+json\" class=\"yoast-schema-graph\">{\"@context\":\"https:\\\/\\\/schema.org\",\"@graph\":[{\"@type\":\"WebPage\",\"@id\":\"https:\\\/\\\/www.ador-dental.de\\\/produkt\\\/keyprint-keysplint-soft\\\/\",\"url\":\"https:\\\/\\\/www.ador-dental.de\\\/produkt\\\/keyprint-keysplint-soft\\\/\",\"name\":\"KeyPrint KeySplint Soft 500g\\\/1Kg - Ador Dental GmbH\",\"isPartOf\":{\"@id\":\"https:\\\/\\\/www.ador-dental.de\\\/en\\\/#website\"},\"primaryImageOfPage\":{\"@id\":\"https:\\\/\\\/www.ador-dental.de\\\/produkt\\\/keyprint-keysplint-soft\\\/#primaryimage\"},\"image\":{\"@id\":\"https:\\\/\\\/www.ador-dental.de\\\/produkt\\\/keyprint-keysplint-soft\\\/#primaryimage\"},\"thumbnailUrl\":\"https:\\\/\\\/www.ador-dental.de\\\/wp-content\\\/uploads\\\/2020\\\/10\\\/KeySplint-Soft-Produktbild.png\",\"datePublished\":\"2020-10-08T07:05:35+00:00\",\"dateModified\":\"2024-06-03T06:18:18+00:00\",\"description\":\"KeySplint Soft ist ein biokompatibles Material welches alle internationalen Medizinproduktstandards erf\u00fcllt und eine Haltbarkeit von 3 Jahren garantiert.\",\"breadcrumb\":{\"@id\":\"https:\\\/\\\/www.ador-dental.de\\\/produkt\\\/keyprint-keysplint-soft\\\/#breadcrumb\"},\"inLanguage\":\"es\",\"potentialAction\":[{\"@type\":\"ReadAction\",\"target\":[\"https:\\\/\\\/www.ador-dental.de\\\/produkt\\\/keyprint-keysplint-soft\\\/\"]}]},{\"@type\":\"ImageObject\",\"inLanguage\":\"es\",\"@id\":\"https:\\\/\\\/www.ador-dental.de\\\/produkt\\\/keyprint-keysplint-soft\\\/#primaryimage\",\"url\":\"https:\\\/\\\/www.ador-dental.de\\\/wp-content\\\/uploads\\\/2020\\\/10\\\/KeySplint-Soft-Produktbild.png\",\"contentUrl\":\"https:\\\/\\\/www.ador-dental.de\\\/wp-content\\\/uploads\\\/2020\\\/10\\\/KeySplint-Soft-Produktbild.png\",\"width\":1024,\"height\":1024},{\"@type\":\"BreadcrumbList\",\"@id\":\"https:\\\/\\\/www.ador-dental.de\\\/produkt\\\/keyprint-keysplint-soft\\\/#breadcrumb\",\"itemListElement\":[{\"@type\":\"ListItem\",\"position\":1,\"name\":\"Startseite\",\"item\":\"https:\\\/\\\/www.ador-dental.de\\\/\"},{\"@type\":\"ListItem\",\"position\":2,\"name\":\"Shop\",\"item\":\"https:\\\/\\\/www.ador-dental.de\\\/en\\\/shop\\\/\"},{\"@type\":\"ListItem\",\"position\":3,\"name\":\"KeyPrint KeySplint Soft 500g\\\/1Kg\"}]},{\"@type\":\"WebSite\",\"@id\":\"https:\\\/\\\/www.ador-dental.de\\\/en\\\/#website\",\"url\":\"https:\\\/\\\/www.ador-dental.de\\\/en\\\/\",\"name\":\"Ador Dental GmbH\",\"description\":\"\",\"publisher\":{\"@id\":\"https:\\\/\\\/www.ador-dental.de\\\/en\\\/#organization\"},\"potentialAction\":[{\"@type\":\"SearchAction\",\"target\":{\"@type\":\"EntryPoint\",\"urlTemplate\":\"https:\\\/\\\/www.ador-dental.de\\\/en\\\/?s={search_term_string}\"},\"query-input\":{\"@type\":\"PropertyValueSpecification\",\"valueRequired\":true,\"valueName\":\"search_term_string\"}}],\"inLanguage\":\"es\"},{\"@type\":\"Organization\",\"@id\":\"https:\\\/\\\/www.ador-dental.de\\\/en\\\/#organization\",\"name\":\"Ador Dental GmbH\",\"url\":\"https:\\\/\\\/www.ador-dental.de\\\/en\\\/\",\"logo\":{\"@type\":\"ImageObject\",\"inLanguage\":\"es\",\"@id\":\"https:\\\/\\\/www.ador-dental.de\\\/en\\\/#\\\/schema\\\/logo\\\/image\\\/\",\"url\":\"https:\\\/\\\/www.ador-dental.de\\\/wp-content\\\/uploads\\\/2021\\\/10\\\/ADOR_Logo_DentalSolutions_2020_Black.svg\",\"contentUrl\":\"https:\\\/\\\/www.ador-dental.de\\\/wp-content\\\/uploads\\\/2021\\\/10\\\/ADOR_Logo_DentalSolutions_2020_Black.svg\",\"width\":678,\"height\":261,\"caption\":\"Ador Dental GmbH\"},\"image\":{\"@id\":\"https:\\\/\\\/www.ador-dental.de\\\/en\\\/#\\\/schema\\\/logo\\\/image\\\/\"}}]}<\/script>\n<!-- \/ Yoast SEO plugin. -->","yoast_head_json":{"title":"KeyPrint KeySplint Soft 500g\/1Kg - Ador Dental GmbH","description":"KeySplint Soft ist ein biokompatibles Material welches alle internationalen Medizinproduktstandards erf\u00fcllt und eine Haltbarkeit von 3 Jahren garantiert.","robots":{"index":"index","follow":"follow","max-snippet":"max-snippet:-1","max-image-preview":"max-image-preview:large","max-video-preview":"max-video-preview:-1"},"canonical":"https:\/\/www.ador-dental.de\/es\/producto\/keyprint-keysplint-soft\/","og_locale":"es_ES","og_type":"article","og_title":"KeyPrint KeySplint Soft 500g\/1Kg - Ador Dental GmbH","og_description":"KeySplint Soft ist ein biokompatibles Material welches alle internationalen Medizinproduktstandards erf\u00fcllt und eine Haltbarkeit von 3 Jahren garantiert.","og_url":"https:\/\/www.ador-dental.de\/es\/producto\/keyprint-keysplint-soft\/","og_site_name":"Ador Dental GmbH","article_modified_time":"2024-06-03T06:18:18+00:00","og_image":[{"width":1024,"height":1024,"url":"https:\/\/www.ador-dental.de\/wp-content\/uploads\/2020\/10\/KeySplint-Soft-Produktbild.png","type":"image\/png"}],"twitter_card":"summary_large_image","twitter_misc":{"Tiempo de lectura":"1 minuto"},"schema":{"@context":"https:\/\/schema.org","@graph":[{"@type":"WebPage","@id":"https:\/\/www.ador-dental.de\/produkt\/keyprint-keysplint-soft\/","url":"https:\/\/www.ador-dental.de\/produkt\/keyprint-keysplint-soft\/","name":"KeyPrint KeySplint Soft 500g\/1Kg - Ador Dental GmbH","isPartOf":{"@id":"https:\/\/www.ador-dental.de\/en\/#website"},"primaryImageOfPage":{"@id":"https:\/\/www.ador-dental.de\/produkt\/keyprint-keysplint-soft\/#primaryimage"},"image":{"@id":"https:\/\/www.ador-dental.de\/produkt\/keyprint-keysplint-soft\/#primaryimage"},"thumbnailUrl":"https:\/\/www.ador-dental.de\/wp-content\/uploads\/2020\/10\/KeySplint-Soft-Produktbild.png","datePublished":"2020-10-08T07:05:35+00:00","dateModified":"2024-06-03T06:18:18+00:00","description":"KeySplint Soft ist ein biokompatibles Material welches alle internationalen Medizinproduktstandards erf\u00fcllt und eine Haltbarkeit von 3 Jahren garantiert.","breadcrumb":{"@id":"https:\/\/www.ador-dental.de\/produkt\/keyprint-keysplint-soft\/#breadcrumb"},"inLanguage":"es","potentialAction":[{"@type":"ReadAction","target":["https:\/\/www.ador-dental.de\/produkt\/keyprint-keysplint-soft\/"]}]},{"@type":"ImageObject","inLanguage":"es","@id":"https:\/\/www.ador-dental.de\/produkt\/keyprint-keysplint-soft\/#primaryimage","url":"https:\/\/www.ador-dental.de\/wp-content\/uploads\/2020\/10\/KeySplint-Soft-Produktbild.png","contentUrl":"https:\/\/www.ador-dental.de\/wp-content\/uploads\/2020\/10\/KeySplint-Soft-Produktbild.png","width":1024,"height":1024},{"@type":"BreadcrumbList","@id":"https:\/\/www.ador-dental.de\/produkt\/keyprint-keysplint-soft\/#breadcrumb","itemListElement":[{"@type":"ListItem","position":1,"name":"Startseite","item":"https:\/\/www.ador-dental.de\/"},{"@type":"ListItem","position":2,"name":"Shop","item":"https:\/\/www.ador-dental.de\/en\/shop\/"},{"@type":"ListItem","position":3,"name":"KeyPrint KeySplint Soft 500g\/1Kg"}]},{"@type":"WebSite","@id":"https:\/\/www.ador-dental.de\/en\/#website","url":"https:\/\/www.ador-dental.de\/en\/","name":"Ador Dental GmbH","description":"","publisher":{"@id":"https:\/\/www.ador-dental.de\/en\/#organization"},"potentialAction":[{"@type":"SearchAction","target":{"@type":"EntryPoint","urlTemplate":"https:\/\/www.ador-dental.de\/en\/?s={search_term_string}"},"query-input":{"@type":"PropertyValueSpecification","valueRequired":true,"valueName":"search_term_string"}}],"inLanguage":"es"},{"@type":"Organization","@id":"https:\/\/www.ador-dental.de\/en\/#organization","name":"Ador Dental GmbH","url":"https:\/\/www.ador-dental.de\/en\/","logo":{"@type":"ImageObject","inLanguage":"es","@id":"https:\/\/www.ador-dental.de\/en\/#\/schema\/logo\/image\/","url":"https:\/\/www.ador-dental.de\/wp-content\/uploads\/2021\/10\/ADOR_Logo_DentalSolutions_2020_Black.svg","contentUrl":"https:\/\/www.ador-dental.de\/wp-content\/uploads\/2021\/10\/ADOR_Logo_DentalSolutions_2020_Black.svg","width":678,"height":261,"caption":"Ador Dental GmbH"},"image":{"@id":"https:\/\/www.ador-dental.de\/en\/#\/schema\/logo\/image\/"}}]}},"_links":{"self":[{"href":"https:\/\/www.ador-dental.de\/es\/wp-json\/wp\/v2\/product\/13513","targetHints":{"allow":["GET"]}}],"collection":[{"href":"https:\/\/www.ador-dental.de\/es\/wp-json\/wp\/v2\/product"}],"about":[{"href":"https:\/\/www.ador-dental.de\/es\/wp-json\/wp\/v2\/types\/product"}],"replies":[{"embeddable":true,"href":"https:\/\/www.ador-dental.de\/es\/wp-json\/wp\/v2\/comments?post=13513"}],"version-history":[{"count":5,"href":"https:\/\/www.ador-dental.de\/es\/wp-json\/wp\/v2\/product\/13513\/revisions"}],"predecessor-version":[{"id":27451,"href":"https:\/\/www.ador-dental.de\/es\/wp-json\/wp\/v2\/product\/13513\/revisions\/27451"}],"wp:featuredmedia":[{"embeddable":true,"href":"https:\/\/www.ador-dental.de\/es\/wp-json\/wp\/v2\/media\/26913"}],"wp:attachment":[{"href":"https:\/\/www.ador-dental.de\/es\/wp-json\/wp\/v2\/media?parent=13513"}],"wp:term":[{"taxonomy":"product_brand","embeddable":true,"href":"https:\/\/www.ador-dental.de\/es\/wp-json\/wp\/v2\/product_brand?post=13513"},{"taxonomy":"product_cat","embeddable":true,"href":"https:\/\/www.ador-dental.de\/es\/wp-json\/wp\/v2\/product_cat?post=13513"},{"taxonomy":"product_tag","embeddable":true,"href":"https:\/\/www.ador-dental.de\/es\/wp-json\/wp\/v2\/product_tag?post=13513"}],"curies":[{"name":"wp","href":"https:\/\/api.w.org\/{rel}","templated":true}]}}