{"id":11618,"date":"2020-09-04T13:15:57","date_gmt":"2020-09-04T11:15:57","guid":{"rendered":"https:\/\/new.ador-edelmetalle.de\/?post_type=product&#038;p=11618"},"modified":"2026-04-02T15:28:05","modified_gmt":"2026-04-02T13:28:05","slug":"tabeo-2-m-zirkon-120-sinterofen-klassik","status":"publish","type":"product","link":"https:\/\/www.ador-dental.de\/es\/producto\/tabeo-2-m-zirkon-120-sinterofen-klassik\/","title":{"rendered":"TABEO-2\/M\/ZIRKON-120 - Horno de sinterizaci\u00f3n"},"content":{"rendered":"<p><strong>&gt;&gt;&gt;<a  data-e-disable-page-transition=\"true\" class=\"download-link\" title=\"\" href=\"https:\/\/www.ador-dental.de\/es\/download\/11690\/?tmstv=1776323505\" rel=\"nofollow\" id=\"download-link-11690\" data-redirect=\"false\" >\n\tFolleto de MIHM-Vogt, informaci\u00f3n sobre el producto TABEO-2\/M\/ZIRKON-120<\/a>\n<\/strong><\/p>\n<p class=\"TextA\"><b><span style=\"font-size: 13.0pt;\">TABEO-2\/M\/ZIRKON-120 Horno de sinterizaci\u00f3n KLASSIK<\/span><\/b><\/p>\n<p>La Tabeo-2 es la compa\u00f1era ideal para sinterizar de forma fiable grandes cantidades de di\u00f3xido de circonio. Hasta 3 bandejas de sinterizaci\u00f3n con un tama\u00f1o de \u00d8 120\u00d730 mm ofrecen una capacidad de hasta 90 coronas individuales en programas cl\u00e1sicos de larga duraci\u00f3n. La tecnolog\u00eda de calentamiento probada gracias a los elementos calefactores de disiliciuro de molibdeno -MoSi- permiten alcanzar altas temperaturas de hasta 1650\u00b0C. El almacenamiento de 9 curvas de sinterizaci\u00f3n con un m\u00e1ximo de 4 pasos cada una proporciona flexibilidad a la hora de utilizar una gran variedad de materiales de \u00f3xido de circonio. Los resultados de sinterizaci\u00f3n precisos est\u00e1n siempre garantizados por la alta precisi\u00f3n de temperatura de +\/- 3 \u00b0C a 1500\u00b0C.<\/p>\n<p><strong>Propiedades<br \/>\n<\/strong>Capacidad de sinterizaci\u00f3n: hasta 3 bandejas \u00d8 120\u00d730 mm<br \/>\nElementos calefactores de disilicida de molibdeno<br \/>\nTemperatura m\u00e1xima 1650\u00b0C<\/p>\n<p><strong>Programas de servicios<\/strong>:<br \/>\n- Control de temperatura con kit de medici\u00f3n opcional<br \/>\n- Limpieza de la c\u00e1mara de calentamiento<br \/>\n- Elementos calefactores de regeneraci\u00f3n<\/p>\n<p><strong>Control del programa:<\/strong><br \/>\n- Pantalla con LED de 7 segmentos<br \/>\n- 4 niveles<br \/>\n- 9 puestos del programa<br \/>\n- Funciones especiales<br \/>\nMax. Velocidad de calentamiento 25\u00b0C\/min<br \/>\nPrecisi\u00f3n de temperatura a 1500\u00b0C +\/- 3 \u00b0C<br \/>\nFunci\u00f3n de temporizador<br \/>\nAcceso a la c\u00e1mara de combusti\u00f3n por la puerta delantera<\/p>\n<p><strong>Alcance de la entrega:<br \/>\n<\/strong>1x Tabeo-2 horno de sinterizaci\u00f3n de circonio<br \/>\n1x Perlas sinterizadas YTZ, 2.0; 200g<br \/>\n1 bandeja de sinterizaci\u00f3n,120\/30<br \/>\n1x tapa de cuba de sinterizaci\u00f3n, 120\/4<br \/>\n1 horquilla de extracci\u00f3n T-2<br \/>\n1 cable de conexi\u00f3n a la red el\u00e9ctrica UE, C19; 16A<\/p>\n<p><strong>Datos t\u00e9cnicos:<br \/>\n<\/strong>Capacidad de la c\u00e1mara de cocci\u00f3n: 3 bandejas \u00d8 120\u00d730 mm<br \/>\nPotencia m\u00e1xima: 1800 W<br \/>\nTensi\u00f3n de red: 220-240 V, 50\/60 Hz<br \/>\nPeso: 80 kg<br \/>\nDimensiones A\/D\/A: 480\/460\/680 mm<\/p>","protected":false},"excerpt":{"rendered":"<p><b>Alcance de la entrega: v\u00e9ase m\u00e1s abajo<\/b><\/p>\n<p>La Tabeo-2 es la compa\u00f1era ideal para sinterizar de forma fiable grandes cantidades de di\u00f3xido de circonio.<\/p>\n<p><strong>Precio a la carta<\/strong><\/p>\n<p>PVP 7.560,00<\/p>","protected":false},"featured_media":29834,"comment_status":"open","ping_status":"closed","template":"","meta":{"neve_meta_sidebar":"","neve_meta_container":"","neve_meta_enable_content_width":"off","neve_meta_content_width":70,"neve_meta_title_alignment":"","neve_meta_author_avatar":"","neve_post_elements_order":"","neve_meta_disable_header":"","neve_meta_disable_footer":"","neve_meta_disable_title":"","_themeisle_gutenberg_block_has_review":false},"product_brand":[],"product_cat":[440,1305,984],"product_tag":[434],"class_list":{"0":"post-11618","1":"product","2":"type-product","3":"status-publish","4":"has-post-thumbnail","6":"product_cat-sinteroefen","7":"product_cat-tabeo-2-m-ofen","8":"product_cat-tabeo-2-m-zirkon-120-sinterofen-klassik","9":"product_tag-dentalheld","11":"first","12":"instock","13":"taxable","14":"shipping-taxable","15":"product-type-simple"},"yoast_head":"<!-- This site is optimized with the Yoast SEO plugin v27.2 - https:\/\/yoast.com\/product\/yoast-seo-wordpress\/ -->\n<title>TABEO-2\/M\/ZIRKON-120 - Sinterofen - Ador Dental GmbH<\/title>\n<meta name=\"description\" content=\"Der Tabeo-2 ist der best\u00e4ndige Partner zum zuverl\u00e4ssigen Sintern gr\u00f6\u00dferer Mengen Zirkoniumdioxids.\" \/>\n<meta name=\"robots\" content=\"index, follow, max-snippet:-1, max-image-preview:large, max-video-preview:-1\" \/>\n<link rel=\"canonical\" href=\"https:\/\/www.ador-dental.de\/es\/producto\/tabeo-2-m-zirkon-120-sinterofen-klassik\/\" \/>\n<meta property=\"og:locale\" content=\"es_ES\" \/>\n<meta property=\"og:type\" content=\"article\" \/>\n<meta property=\"og:title\" content=\"TABEO-2\/M\/ZIRKON-120 - Sinterofen - Ador Dental GmbH\" \/>\n<meta property=\"og:description\" content=\"Der Tabeo-2 ist der best\u00e4ndige Partner zum zuverl\u00e4ssigen Sintern gr\u00f6\u00dferer Mengen Zirkoniumdioxids.\" \/>\n<meta property=\"og:url\" content=\"https:\/\/www.ador-dental.de\/es\/producto\/tabeo-2-m-zirkon-120-sinterofen-klassik\/\" \/>\n<meta property=\"og:site_name\" content=\"Ador Dental GmbH\" \/>\n<meta property=\"article:modified_time\" content=\"2026-04-02T13:28:05+00:00\" \/>\n<meta property=\"og:image\" content=\"https:\/\/www.ador-dental.de\/wp-content\/uploads\/2025\/06\/Tabeo2.png\" \/>\n\t<meta property=\"og:image:width\" content=\"1024\" \/>\n\t<meta property=\"og:image:height\" content=\"1024\" \/>\n\t<meta property=\"og:image:type\" content=\"image\/png\" \/>\n<meta name=\"twitter:card\" content=\"summary_large_image\" \/>\n<meta name=\"twitter:label1\" content=\"Tiempo de lectura\" \/>\n\t<meta name=\"twitter:data1\" content=\"1 minuto\" \/>\n<script type=\"application\/ld+json\" class=\"yoast-schema-graph\">{\"@context\":\"https:\/\/schema.org\",\"@graph\":[{\"@type\":\"WebPage\",\"@id\":\"https:\/\/www.ador-dental.de\/produkt\/tabeo-2-m-zirkon-120-sinterofen-klassik\/\",\"url\":\"https:\/\/www.ador-dental.de\/produkt\/tabeo-2-m-zirkon-120-sinterofen-klassik\/\",\"name\":\"TABEO-2\/M\/ZIRKON-120 - Sinterofen - Ador Dental GmbH\",\"isPartOf\":{\"@id\":\"https:\/\/www.ador-dental.de\/en\/#website\"},\"primaryImageOfPage\":{\"@id\":\"https:\/\/www.ador-dental.de\/produkt\/tabeo-2-m-zirkon-120-sinterofen-klassik\/#primaryimage\"},\"image\":{\"@id\":\"https:\/\/www.ador-dental.de\/produkt\/tabeo-2-m-zirkon-120-sinterofen-klassik\/#primaryimage\"},\"thumbnailUrl\":\"https:\/\/www.ador-dental.de\/wp-content\/uploads\/2025\/06\/Tabeo2.png\",\"datePublished\":\"2020-09-04T11:15:57+00:00\",\"dateModified\":\"2026-04-02T13:28:05+00:00\",\"description\":\"Der Tabeo-2 ist der best\u00e4ndige Partner zum zuverl\u00e4ssigen Sintern gr\u00f6\u00dferer Mengen Zirkoniumdioxids.\",\"breadcrumb\":{\"@id\":\"https:\/\/www.ador-dental.de\/produkt\/tabeo-2-m-zirkon-120-sinterofen-klassik\/#breadcrumb\"},\"inLanguage\":\"es\",\"potentialAction\":[{\"@type\":\"ReadAction\",\"target\":[\"https:\/\/www.ador-dental.de\/produkt\/tabeo-2-m-zirkon-120-sinterofen-klassik\/\"]}]},{\"@type\":\"ImageObject\",\"inLanguage\":\"es\",\"@id\":\"https:\/\/www.ador-dental.de\/produkt\/tabeo-2-m-zirkon-120-sinterofen-klassik\/#primaryimage\",\"url\":\"https:\/\/www.ador-dental.de\/wp-content\/uploads\/2025\/06\/Tabeo2.png\",\"contentUrl\":\"https:\/\/www.ador-dental.de\/wp-content\/uploads\/2025\/06\/Tabeo2.png\",\"width\":1024,\"height\":1024},{\"@type\":\"BreadcrumbList\",\"@id\":\"https:\/\/www.ador-dental.de\/produkt\/tabeo-2-m-zirkon-120-sinterofen-klassik\/#breadcrumb\",\"itemListElement\":[{\"@type\":\"ListItem\",\"position\":1,\"name\":\"Startseite\",\"item\":\"https:\/\/www.ador-dental.de\/\"},{\"@type\":\"ListItem\",\"position\":2,\"name\":\"Shop\",\"item\":\"https:\/\/www.ador-dental.de\/en\/shop\/\"},{\"@type\":\"ListItem\",\"position\":3,\"name\":\"TABEO-2\/M\/ZIRKON-120 &#8211; Sinterofen\"}]},{\"@type\":\"WebSite\",\"@id\":\"https:\/\/www.ador-dental.de\/en\/#website\",\"url\":\"https:\/\/www.ador-dental.de\/en\/\",\"name\":\"Ador Dental GmbH\",\"description\":\"\",\"publisher\":{\"@id\":\"https:\/\/www.ador-dental.de\/en\/#organization\"},\"potentialAction\":[{\"@type\":\"SearchAction\",\"target\":{\"@type\":\"EntryPoint\",\"urlTemplate\":\"https:\/\/www.ador-dental.de\/en\/?s={search_term_string}\"},\"query-input\":{\"@type\":\"PropertyValueSpecification\",\"valueRequired\":true,\"valueName\":\"search_term_string\"}}],\"inLanguage\":\"es\"},{\"@type\":\"Organization\",\"@id\":\"https:\/\/www.ador-dental.de\/en\/#organization\",\"name\":\"Ador Dental GmbH\",\"url\":\"https:\/\/www.ador-dental.de\/en\/\",\"logo\":{\"@type\":\"ImageObject\",\"inLanguage\":\"es\",\"@id\":\"https:\/\/www.ador-dental.de\/en\/#\/schema\/logo\/image\/\",\"url\":\"https:\/\/www.ador-dental.de\/wp-content\/uploads\/2021\/10\/ADOR_Logo_DentalSolutions_2020_Black.svg\",\"contentUrl\":\"https:\/\/www.ador-dental.de\/wp-content\/uploads\/2021\/10\/ADOR_Logo_DentalSolutions_2020_Black.svg\",\"width\":678,\"height\":261,\"caption\":\"Ador Dental GmbH\"},\"image\":{\"@id\":\"https:\/\/www.ador-dental.de\/en\/#\/schema\/logo\/image\/\"}}]}<\/script>\n<!-- \/ Yoast SEO plugin. -->","yoast_head_json":{"title":"TABEO-2\/M\/ZIRKON-120 - Sinterofen - Ador Dental GmbH","description":"La Tabeo-2 es la compa\u00f1era ideal para sinterizar de forma fiable grandes cantidades de di\u00f3xido de circonio.","robots":{"index":"index","follow":"follow","max-snippet":"max-snippet:-1","max-image-preview":"max-image-preview:large","max-video-preview":"max-video-preview:-1"},"canonical":"https:\/\/www.ador-dental.de\/es\/producto\/tabeo-2-m-zirkon-120-sinterofen-klassik\/","og_locale":"es_ES","og_type":"article","og_title":"TABEO-2\/M\/ZIRKON-120 - Sinterofen - Ador Dental GmbH","og_description":"Der Tabeo-2 ist der best\u00e4ndige Partner zum zuverl\u00e4ssigen Sintern gr\u00f6\u00dferer Mengen Zirkoniumdioxids.","og_url":"https:\/\/www.ador-dental.de\/es\/producto\/tabeo-2-m-zirkon-120-sinterofen-klassik\/","og_site_name":"Ador Dental GmbH","article_modified_time":"2026-04-02T13:28:05+00:00","og_image":[{"width":1024,"height":1024,"url":"https:\/\/www.ador-dental.de\/wp-content\/uploads\/2025\/06\/Tabeo2.png","type":"image\/png"}],"twitter_card":"summary_large_image","twitter_misc":{"Tiempo de lectura":"1 minuto"},"schema":{"@context":"https:\/\/schema.org","@graph":[{"@type":"WebPage","@id":"https:\/\/www.ador-dental.de\/produkt\/tabeo-2-m-zirkon-120-sinterofen-klassik\/","url":"https:\/\/www.ador-dental.de\/produkt\/tabeo-2-m-zirkon-120-sinterofen-klassik\/","name":"TABEO-2\/M\/ZIRKON-120 - Sinterofen - Ador Dental GmbH","isPartOf":{"@id":"https:\/\/www.ador-dental.de\/en\/#website"},"primaryImageOfPage":{"@id":"https:\/\/www.ador-dental.de\/produkt\/tabeo-2-m-zirkon-120-sinterofen-klassik\/#primaryimage"},"image":{"@id":"https:\/\/www.ador-dental.de\/produkt\/tabeo-2-m-zirkon-120-sinterofen-klassik\/#primaryimage"},"thumbnailUrl":"https:\/\/www.ador-dental.de\/wp-content\/uploads\/2025\/06\/Tabeo2.png","datePublished":"2020-09-04T11:15:57+00:00","dateModified":"2026-04-02T13:28:05+00:00","description":"La Tabeo-2 es la compa\u00f1era ideal para sinterizar de forma fiable grandes cantidades de di\u00f3xido de circonio.","breadcrumb":{"@id":"https:\/\/www.ador-dental.de\/produkt\/tabeo-2-m-zirkon-120-sinterofen-klassik\/#breadcrumb"},"inLanguage":"es","potentialAction":[{"@type":"ReadAction","target":["https:\/\/www.ador-dental.de\/produkt\/tabeo-2-m-zirkon-120-sinterofen-klassik\/"]}]},{"@type":"ImageObject","inLanguage":"es","@id":"https:\/\/www.ador-dental.de\/produkt\/tabeo-2-m-zirkon-120-sinterofen-klassik\/#primaryimage","url":"https:\/\/www.ador-dental.de\/wp-content\/uploads\/2025\/06\/Tabeo2.png","contentUrl":"https:\/\/www.ador-dental.de\/wp-content\/uploads\/2025\/06\/Tabeo2.png","width":1024,"height":1024},{"@type":"BreadcrumbList","@id":"https:\/\/www.ador-dental.de\/produkt\/tabeo-2-m-zirkon-120-sinterofen-klassik\/#breadcrumb","itemListElement":[{"@type":"ListItem","position":1,"name":"Startseite","item":"https:\/\/www.ador-dental.de\/"},{"@type":"ListItem","position":2,"name":"Shop","item":"https:\/\/www.ador-dental.de\/en\/shop\/"},{"@type":"ListItem","position":3,"name":"TABEO-2\/M\/ZIRKON-120 &#8211; Sinterofen"}]},{"@type":"WebSite","@id":"https:\/\/www.ador-dental.de\/en\/#website","url":"https:\/\/www.ador-dental.de\/en\/","name":"Ador Dental GmbH","description":"","publisher":{"@id":"https:\/\/www.ador-dental.de\/en\/#organization"},"potentialAction":[{"@type":"SearchAction","target":{"@type":"EntryPoint","urlTemplate":"https:\/\/www.ador-dental.de\/en\/?s={search_term_string}"},"query-input":{"@type":"PropertyValueSpecification","valueRequired":true,"valueName":"search_term_string"}}],"inLanguage":"es"},{"@type":"Organization","@id":"https:\/\/www.ador-dental.de\/en\/#organization","name":"Ador Dental GmbH","url":"https:\/\/www.ador-dental.de\/en\/","logo":{"@type":"ImageObject","inLanguage":"es","@id":"https:\/\/www.ador-dental.de\/en\/#\/schema\/logo\/image\/","url":"https:\/\/www.ador-dental.de\/wp-content\/uploads\/2021\/10\/ADOR_Logo_DentalSolutions_2020_Black.svg","contentUrl":"https:\/\/www.ador-dental.de\/wp-content\/uploads\/2021\/10\/ADOR_Logo_DentalSolutions_2020_Black.svg","width":678,"height":261,"caption":"Ador Dental GmbH"},"image":{"@id":"https:\/\/www.ador-dental.de\/en\/#\/schema\/logo\/image\/"}}]}},"_links":{"self":[{"href":"https:\/\/www.ador-dental.de\/es\/wp-json\/wp\/v2\/product\/11618","targetHints":{"allow":["GET"]}}],"collection":[{"href":"https:\/\/www.ador-dental.de\/es\/wp-json\/wp\/v2\/product"}],"about":[{"href":"https:\/\/www.ador-dental.de\/es\/wp-json\/wp\/v2\/types\/product"}],"replies":[{"embeddable":true,"href":"https:\/\/www.ador-dental.de\/es\/wp-json\/wp\/v2\/comments?post=11618"}],"version-history":[{"count":9,"href":"https:\/\/www.ador-dental.de\/es\/wp-json\/wp\/v2\/product\/11618\/revisions"}],"predecessor-version":[{"id":29761,"href":"https:\/\/www.ador-dental.de\/es\/wp-json\/wp\/v2\/product\/11618\/revisions\/29761"}],"wp:featuredmedia":[{"embeddable":true,"href":"https:\/\/www.ador-dental.de\/es\/wp-json\/wp\/v2\/media\/29834"}],"wp:attachment":[{"href":"https:\/\/www.ador-dental.de\/es\/wp-json\/wp\/v2\/media?parent=11618"}],"wp:term":[{"taxonomy":"product_brand","embeddable":true,"href":"https:\/\/www.ador-dental.de\/es\/wp-json\/wp\/v2\/product_brand?post=11618"},{"taxonomy":"product_cat","embeddable":true,"href":"https:\/\/www.ador-dental.de\/es\/wp-json\/wp\/v2\/product_cat?post=11618"},{"taxonomy":"product_tag","embeddable":true,"href":"https:\/\/www.ador-dental.de\/es\/wp-json\/wp\/v2\/product_tag?post=11618"}],"curies":[{"name":"wp","href":"https:\/\/api.w.org\/{rel}","templated":true}]}}