{"id":717,"date":"2019-07-16T08:18:22","date_gmt":"2019-07-16T08:18:22","guid":{"rendered":"https:\/\/demo.themeisle.com\/neve-architecture\/?page_id=7"},"modified":"2024-03-21T11:42:28","modified_gmt":"2024-03-21T10:42:28","slug":"d41d8-neve-architecture-contact","status":"publish","type":"page","link":"https:\/\/www.ador-dental.de\/es\/d41d8-neve-architecture-contact\/","title":{"rendered":"Contacte con"},"content":{"rendered":"\t\t<div data-elementor-type=\"wp-post\" data-elementor-id=\"717\" class=\"elementor elementor-717\" data-elementor-post-type=\"page\">\n\t\t\t\t\t\t<section class=\"elementor-section elementor-top-section elementor-element elementor-element-0ca88d2 elementor-section-height-min-height elementor-section-boxed elementor-section-height-default elementor-section-items-middle\" data-id=\"0ca88d2\" data-element_type=\"section\" data-e-type=\"section\" data-settings=\"{&quot;background_background&quot;:&quot;classic&quot;}\">\n\t\t\t\t\t\t\t<div class=\"elementor-background-overlay\"><\/div>\n\t\t\t\t\t\t\t<div class=\"elementor-container elementor-column-gap-default\">\n\t\t\t\t\t<div class=\"elementor-column elementor-col-100 elementor-top-column elementor-element elementor-element-b243f29\" data-id=\"b243f29\" data-element_type=\"column\" data-e-type=\"column\">\n\t\t\t<div class=\"elementor-widget-wrap elementor-element-populated\">\n\t\t\t\t\t\t<section class=\"elementor-section elementor-inner-section elementor-element elementor-element-6b299da elementor-section-boxed elementor-section-height-default elementor-section-height-default\" data-id=\"6b299da\" data-element_type=\"section\" data-e-type=\"section\">\n\t\t\t\t\t\t<div class=\"elementor-container elementor-column-gap-default\">\n\t\t\t\t\t<div class=\"elementor-column elementor-col-100 elementor-inner-column elementor-element elementor-element-8e2510a\" data-id=\"8e2510a\" data-element_type=\"column\" data-e-type=\"column\">\n\t\t\t<div class=\"elementor-widget-wrap elementor-element-populated\">\n\t\t\t\t\t\t<div class=\"elementor-element elementor-element-ce343eb elementor-widget elementor-widget-heading\" data-id=\"ce343eb\" data-element_type=\"widget\" data-e-type=\"widget\" data-widget_type=\"heading.default\">\n\t\t\t\t<div class=\"elementor-widget-container\">\n\t\t\t\t\t<h1 class=\"elementor-heading-title elementor-size-default\">Kontakt<\/h1>\t\t\t\t<\/div>\n\t\t\t\t<\/div>\n\t\t\t\t\t<\/div>\n\t\t<\/div>\n\t\t\t\t\t<\/div>\n\t\t<\/section>\n\t\t\t\t\t<\/div>\n\t\t<\/div>\n\t\t\t\t\t<\/div>\n\t\t<\/section>\n\t\t\t\t<section class=\"elementor-section elementor-top-section elementor-element elementor-element-ee8fa30 elementor-section-boxed elementor-section-height-default elementor-section-height-default\" data-id=\"ee8fa30\" data-element_type=\"section\" data-e-type=\"section\" data-settings=\"{&quot;background_background&quot;:&quot;classic&quot;}\">\n\t\t\t\t\t\t<div class=\"elementor-container elementor-column-gap-default\">\n\t\t\t\t\t<div class=\"elementor-column elementor-col-100 elementor-top-column elementor-element elementor-element-59e3f55\" data-id=\"59e3f55\" data-element_type=\"column\" data-e-type=\"column\">\n\t\t\t<div class=\"elementor-widget-wrap elementor-element-populated\">\n\t\t\t\t\t\t<section class=\"elementor-section elementor-inner-section elementor-element elementor-element-4f3b19f elementor-section-boxed elementor-section-height-default elementor-section-height-default\" data-id=\"4f3b19f\" data-element_type=\"section\" data-e-type=\"section\">\n\t\t\t\t\t\t<div class=\"elementor-container elementor-column-gap-default\">\n\t\t\t\t\t<div class=\"elementor-column elementor-col-50 elementor-inner-column elementor-element elementor-element-1bc1c21\" data-id=\"1bc1c21\" data-element_type=\"column\" data-e-type=\"column\" data-settings=\"{&quot;background_background&quot;:&quot;classic&quot;}\">\n\t\t\t<div class=\"elementor-widget-wrap elementor-element-populated\">\n\t\t\t\t\t\t<div class=\"elementor-element elementor-element-7ac19c5 elementor-widget elementor-widget-heading\" data-id=\"7ac19c5\" data-element_type=\"widget\" data-e-type=\"widget\" data-widget_type=\"heading.default\">\n\t\t\t\t<div class=\"elementor-widget-container\">\n\t\t\t\t\t<h2 class=\"elementor-heading-title elementor-size-default\">Senden Sie uns eine Direktnachricht<\/h2>\t\t\t\t<\/div>\n\t\t\t\t<\/div>\n\t\t\t\t<div class=\"elementor-element elementor-element-d22e236 elementor-widget elementor-widget-heading\" data-id=\"d22e236\" data-element_type=\"widget\" data-e-type=\"widget\" data-widget_type=\"heading.default\">\n\t\t\t\t<div class=\"elementor-widget-container\">\n\t\t\t\t\t<h3 class=\"elementor-heading-title elementor-size-default\">Kontaktformular<\/h3>\t\t\t\t<\/div>\n\t\t\t\t<\/div>\n\t\t\t\t<div class=\"elementor-element elementor-element-3150113 elementor-widget elementor-widget-text-editor\" data-id=\"3150113\" data-element_type=\"widget\" data-e-type=\"widget\" data-widget_type=\"text-editor.default\">\n\t\t\t\t<div class=\"elementor-widget-container\">\n\t\t\t\t\t\t\t\t\t<p>Senden Sie uns jeder Zeit eine Nachricht \u00fcber unser Kontaktformular. Wenn Sie einen R\u00fcckruf w\u00fcnschen, geben Sie gerne Ihre Telefonnummer an. Alle Anfragen werden schnellstm\u00f6glich bearbeitet. Bitte entschuldigen Sie, dass wir auf Ihre Anfrage im Kontaktformular keine sensiblen Kundendaten herausgeben k\u00f6nnen.<\/p>\t\t\t\t\t\t\t\t<\/div>\n\t\t\t\t<\/div>\n\t\t\t\t\t<\/div>\n\t\t<\/div>\n\t\t\t\t<div class=\"elementor-column elementor-col-50 elementor-inner-column elementor-element elementor-element-739f28e\" data-id=\"739f28e\" data-element_type=\"column\" data-e-type=\"column\" data-settings=\"{&quot;background_background&quot;:&quot;classic&quot;}\">\n\t\t\t<div class=\"elementor-widget-wrap elementor-element-populated\">\n\t\t\t\t\t\t<div class=\"elementor-element elementor-element-7705778 elementor-widget elementor-widget-everest-forms\" data-id=\"7705778\" data-element_type=\"widget\" data-e-type=\"widget\" data-widget_type=\"everest-forms.default\">\n\t\t\t\t<div class=\"elementor-widget-container\">\n\t\t\t\t\t\t\t\t<div class=\"everest-forms\"><div class=\"evf-container leadFrom default\" id=\"evf-27898\"><form id=\"evf-form-27898\" class=\"everest-form\" data-formid=\"27898\" data-ajax_submission=\"1\" data-keyboard_friendly_form=\"0\" data-form_state_type=\"\" method=\"post\" enctype=\"multipart\/form-data\" action=\"\/es\/wp-json\/wp\/v2\/pages\/717\"><div class=\"evf-field-container\"><input type=\"hidden\" id=\"_wpnonce27898\" name=\"_wpnonce27898\" value=\"f719803012\" \/><input type=\"hidden\" name=\"_wp_http_referer\" value=\"\/es\/wp-json\/wp\/v2\/pages\/717\" \/><div class=\"evf-frontend-row\" data-row=\"row_1\" conditional_rules=\"[]\"><div class=\"evf-frontend-grid evf-grid-2\" data-grid=\"grid_1\"><div id=\"evf-27898-field_0rRKcrjjLs-1-container\" class=\"evf-field evf-field-first-name form-row validate-required\" data-required-field-message=\"Pflichtfeld\" data-field-id=\"0rRKcrjjLs-1\"><label class=\"evf-field-label\" for=\"evf-27898-field_0rRKcrjjLs-1\"><span class=\"evf-label\">Vorname<\/span> <abbr class=\"required\" title=\"Obligatorio\">*<\/abbr><\/label><input type=\"text\" id=\"evf-27898-field_0rRKcrjjLs-1\" class=\"input-text\" name=\"everest_forms[form_fields][0rRKcrjjLs-1]\" required><\/div><\/div><div class=\"evf-frontend-grid evf-grid-2\" data-grid=\"grid_2\"><div id=\"evf-27898-field_QxFdPhC06p-2-container\" class=\"evf-field evf-field-last-name form-row validate-required\" data-required-field-message=\"Pflichtfeld\" data-field-id=\"QxFdPhC06p-2\"><label class=\"evf-field-label\" for=\"evf-27898-field_QxFdPhC06p-2\"><span class=\"evf-label\">Nachname<\/span> <abbr class=\"required\" title=\"Obligatorio\">*<\/abbr><\/label><input type=\"text\" id=\"evf-27898-field_QxFdPhC06p-2\" class=\"input-text\" name=\"everest_forms[form_fields][QxFdPhC06p-2]\" required><\/div><\/div><\/div><div class=\"evf-frontend-row\" data-row=\"row_5\" conditional_rules=\"[]\"><div class=\"evf-frontend-grid evf-grid-2\" data-grid=\"grid_1\"><div id=\"evf-27898-field_dGKmAhjyol-3-container\" class=\"evf-field evf-field-email form-row validate-required validate-email\" data-required-field-message=\"Ung\u00fcltige E-Mail Adresse\" data-field-id=\"dGKmAhjyol-3\"><label class=\"evf-field-label\" for=\"evf-27898-field_dGKmAhjyol-3\"><span class=\"evf-label\">E-Mail<\/span> <abbr class=\"required\" title=\"Obligatorio\">*<\/abbr><\/label><input type=\"email\" id=\"evf-27898-field_dGKmAhjyol-3\" class=\"input-text\" name=\"everest_forms[form_fields][dGKmAhjyol-3]\" required ><\/div><\/div><div class=\"evf-frontend-grid evf-grid-2\" data-grid=\"grid_2\"><div id=\"evf-27898-field_s7JVghcLGk-13-container\" class=\"evf-field evf-field-text form-row\" data-field-id=\"s7JVghcLGk-13\"><label class=\"evf-field-label\" for=\"evf-27898-field_s7JVghcLGk-13\"><span class=\"evf-label\">Telefon<\/span> <\/label><input type=\"text\" id=\"evf-27898-field_s7JVghcLGk-13\" class=\"input-text\" name=\"everest_forms[form_fields][s7JVghcLGk-13]\" ><\/div><\/div><\/div><div class=\"evf-frontend-row\" data-row=\"row_4\" conditional_rules=\"[]\"><div class=\"evf-frontend-grid evf-grid-1\" data-grid=\"grid_1\"><div id=\"evf-27898-field_fa0w2G8Iyr-11-container\" class=\"evf-field evf-field-select form-row validate-required\" data-required-field-message=\"Pflichtfeld\" data-field-id=\"fa0w2G8Iyr-11\"><label class=\"evf-field-label\" for=\"evf-27898-field_fa0w2G8Iyr-11\"><span class=\"evf-label\">Kontaktaufnahme per<\/span> <abbr class=\"required\" title=\"Obligatorio\">*<\/abbr><\/label><select id=\"evf-27898-field_fa0w2G8Iyr-11\" class=\"input-text evf-field-required\" name=\"everest_forms[form_fields][fa0w2G8Iyr-11]\" required=\"required\" ><option value=\"Telefon\" >Telefon<\/option><option value=\"E-Mail\" >E-Mail<\/option><option value=\"Keine Pr\u00e4ferenz\"  selected='selected'>Keine Pr\u00e4ferenz<\/option><\/select><\/div><div id=\"evf-27898-field_7GIezJEJo4-7-container\" class=\"evf-field evf-field-textarea form-row\" data-field-id=\"7GIezJEJo4-7\"><label class=\"evf-field-label\" for=\"evf-27898-field_7GIezJEJo4-7\"><span class=\"evf-label\">Nachricht<\/span> <\/label><textarea id=\"evf-27898-field_7GIezJEJo4-7\" class=\"input-text\" name=\"everest_forms[form_fields][7GIezJEJo4-7]\"  ><\/textarea><div class=\"evf-field-description\">Nachricht\/Sonstige Anmerkungen<\/div><\/div><div id=\"evf-27898-field_REsdke4zEt-10-container\" class=\"evf-field evf-field-checkbox form-row validate-required\" data-required-field-message=\"Pflichtfeld\" data-field-id=\"REsdke4zEt-10\"><label class=\"evf-field-label\" for=\"evf-27898-field_REsdke4zEt-10\"><span class=\"evf-label\">Datenschutz<\/span> <abbr class=\"required\" title=\"Obligatorio\">*<\/abbr><\/label><ul id=\"evf-27898-field_REsdke4zEt-10\" class=\" evf-field-required\"><li class=\"choice-1 depth-1\"><input type=\"checkbox\" id=\"evf-27898-field_REsdke4zEt-10_1\" class=\"input-text\" name=\"everest_forms[form_fields][REsdke4zEt-10][]\" value=\"Hiermit erkl\u00e4re ich mich mit der Datenschutzerkl\u00e4rung und den AGB einverstanden.\" required ><label class=\"everest-forms-field-label-inline\" for=\"evf-27898-field_REsdke4zEt-10_1\">Hiermit erkl\u00e4re ich mich mit der Datenschutzerkl\u00e4rung und den AGB einverstanden.<\/label><\/li><\/ul><\/div><\/div><\/div><\/div><div class=\"evf-honeypot-container evf-field-hp\"><label for=\"evf-27898-field-hp\" class=\"evf-field-label\">Name<\/label><input type=\"text\" name=\"everest_forms[hp]\" id=\"evf-27898-field-hp\" class=\"input-text\"><\/div><div class=\"evf-submit-container \" ><input type=\"hidden\" name=\"everest_forms[id]\" value=\"27898\"><input type=\"hidden\" name=\"everest_forms[author]\" value=\"1\"><button type='submit' name='everest_forms[submit]' class='everest-forms-submit-button button evf-submit leadCTA' id='evf-submit-27898' value='evf-submit' data-process-text=\"Versende\u2026\" conditional_rules='&quot;&quot;' conditional_id='evf-submit-27898'  id=\"evf-submit-27898\" aria-live=\"assertive\">Jetzt Gespr\u00e4chstermin vereinbaren<\/button><\/div><\/form><\/div><!-- .evf-container --><\/div>\t\t\t\t\t\t<\/div>\n\t\t\t\t<\/div>\n\t\t\t\t\t<\/div>\n\t\t<\/div>\n\t\t\t\t\t<\/div>\n\t\t<\/section>\n\t\t\t\t\t<\/div>\n\t\t<\/div>\n\t\t\t\t\t<\/div>\n\t\t<\/section>\n\t\t\t\t<\/div>\n\t\t","protected":false},"excerpt":{"rendered":"<p>Kontakt Senden Sie uns eine Direktnachricht Kontaktformular Senden Sie uns jeder Zeit eine Nachricht \u00fcber unser Kontaktformular. Wenn Sie einen R\u00fcckruf w\u00fcnschen, geben Sie gerne Ihre Telefonnummer an. Alle Anfragen werden schnellstm\u00f6glich bearbeitet. Bitte entschuldigen Sie, dass wir auf Ihre Anfrage im Kontaktformular keine sensiblen Kundendaten herausgeben k\u00f6nnen. Vorname *Nachname *E-Mail *Telefon Kontaktaufnahme per *TelefonE-MailKeine&hellip;&nbsp;<a href=\"https:\/\/www.ador-dental.de\/es\/d41d8-neve-architecture-contact\/\" rel=\"bookmark\">Leer m\u00e1s \"<span class=\"screen-reader-text\">Contacte con<\/span><\/a><\/p>","protected":false},"author":1,"featured_media":0,"parent":0,"menu_order":0,"comment_status":"closed","ping_status":"closed","template":"elementor_header_footer","meta":{"neve_meta_sidebar":"","neve_meta_container":"","neve_meta_enable_content_width":"","neve_meta_content_width":0,"neve_meta_title_alignment":"","neve_meta_author_avatar":"","neve_post_elements_order":"","neve_meta_disable_header":"","neve_meta_disable_footer":"","neve_meta_disable_title":"","_themeisle_gutenberg_block_has_review":false,"footnotes":""},"class_list":["post-717","page","type-page","status-publish","hentry"],"yoast_head":"<!-- This site is optimized with the Yoast SEO plugin v27.4 - https:\/\/yoast.com\/product\/yoast-seo-wordpress\/ -->\n<title>Kontakt - Ador Dental GmbH<\/title>\n<meta name=\"robots\" content=\"index, follow, max-snippet:-1, max-image-preview:large, max-video-preview:-1\" \/>\n<link rel=\"canonical\" href=\"https:\/\/www.ador-dental.de\/es\/d41d8-neve-architecture-contact\/\" \/>\n<meta property=\"og:locale\" content=\"es_ES\" \/>\n<meta property=\"og:type\" content=\"article\" \/>\n<meta property=\"og:title\" content=\"Kontakt - Ador Dental GmbH\" \/>\n<meta property=\"og:description\" content=\"Kontakt Senden Sie uns eine Direktnachricht Kontaktformular Senden Sie uns jeder Zeit eine Nachricht \u00fcber unser Kontaktformular. Wenn Sie einen R\u00fcckruf w\u00fcnschen, geben Sie gerne Ihre Telefonnummer an. Alle Anfragen werden schnellstm\u00f6glich bearbeitet. Bitte entschuldigen Sie, dass wir auf Ihre Anfrage im Kontaktformular keine sensiblen Kundendaten herausgeben k\u00f6nnen. Vorname *Nachname *E-Mail *Telefon Kontaktaufnahme per *TelefonE-MailKeine&hellip;&nbsp;Leer m\u00e1s &raquo;Kontakt\" \/>\n<meta property=\"og:url\" content=\"https:\/\/www.ador-dental.de\/es\/d41d8-neve-architecture-contact\/\" \/>\n<meta property=\"og:site_name\" content=\"Ador Dental GmbH\" \/>\n<meta property=\"article:modified_time\" content=\"2024-03-21T10:42:28+00:00\" \/>\n<meta name=\"twitter:card\" content=\"summary_large_image\" \/>\n<script type=\"application\/ld+json\" class=\"yoast-schema-graph\">{\"@context\":\"https:\\\/\\\/schema.org\",\"@graph\":[{\"@type\":\"WebPage\",\"@id\":\"https:\\\/\\\/www.ador-dental.de\\\/d41d8-neve-architecture-contact\\\/\",\"url\":\"https:\\\/\\\/www.ador-dental.de\\\/d41d8-neve-architecture-contact\\\/\",\"name\":\"Kontakt - Ador Dental GmbH\",\"isPartOf\":{\"@id\":\"https:\\\/\\\/www.ador-dental.de\\\/en\\\/#website\"},\"datePublished\":\"2019-07-16T08:18:22+00:00\",\"dateModified\":\"2024-03-21T10:42:28+00:00\",\"breadcrumb\":{\"@id\":\"https:\\\/\\\/www.ador-dental.de\\\/d41d8-neve-architecture-contact\\\/#breadcrumb\"},\"inLanguage\":\"es\",\"potentialAction\":[{\"@type\":\"ReadAction\",\"target\":[\"https:\\\/\\\/www.ador-dental.de\\\/d41d8-neve-architecture-contact\\\/\"]}]},{\"@type\":\"BreadcrumbList\",\"@id\":\"https:\\\/\\\/www.ador-dental.de\\\/d41d8-neve-architecture-contact\\\/#breadcrumb\",\"itemListElement\":[{\"@type\":\"ListItem\",\"position\":1,\"name\":\"Startseite\",\"item\":\"https:\\\/\\\/www.ador-dental.de\\\/\"},{\"@type\":\"ListItem\",\"position\":2,\"name\":\"Kontakt\"}]},{\"@type\":\"WebSite\",\"@id\":\"https:\\\/\\\/www.ador-dental.de\\\/en\\\/#website\",\"url\":\"https:\\\/\\\/www.ador-dental.de\\\/en\\\/\",\"name\":\"Ador Dental GmbH\",\"description\":\"\",\"publisher\":{\"@id\":\"https:\\\/\\\/www.ador-dental.de\\\/en\\\/#organization\"},\"potentialAction\":[{\"@type\":\"SearchAction\",\"target\":{\"@type\":\"EntryPoint\",\"urlTemplate\":\"https:\\\/\\\/www.ador-dental.de\\\/en\\\/?s={search_term_string}\"},\"query-input\":{\"@type\":\"PropertyValueSpecification\",\"valueRequired\":true,\"valueName\":\"search_term_string\"}}],\"inLanguage\":\"es\"},{\"@type\":\"Organization\",\"@id\":\"https:\\\/\\\/www.ador-dental.de\\\/en\\\/#organization\",\"name\":\"Ador Dental GmbH\",\"url\":\"https:\\\/\\\/www.ador-dental.de\\\/en\\\/\",\"logo\":{\"@type\":\"ImageObject\",\"inLanguage\":\"es\",\"@id\":\"https:\\\/\\\/www.ador-dental.de\\\/en\\\/#\\\/schema\\\/logo\\\/image\\\/\",\"url\":\"https:\\\/\\\/www.ador-dental.de\\\/wp-content\\\/uploads\\\/2021\\\/10\\\/ADOR_Logo_DentalSolutions_2020_Black.svg\",\"contentUrl\":\"https:\\\/\\\/www.ador-dental.de\\\/wp-content\\\/uploads\\\/2021\\\/10\\\/ADOR_Logo_DentalSolutions_2020_Black.svg\",\"width\":678,\"height\":261,\"caption\":\"Ador Dental GmbH\"},\"image\":{\"@id\":\"https:\\\/\\\/www.ador-dental.de\\\/en\\\/#\\\/schema\\\/logo\\\/image\\\/\"}}]}<\/script>\n<!-- \/ Yoast SEO plugin. -->","yoast_head_json":{"title":"Kontakt - Ador Dental GmbH","robots":{"index":"index","follow":"follow","max-snippet":"max-snippet:-1","max-image-preview":"max-image-preview:large","max-video-preview":"max-video-preview:-1"},"canonical":"https:\/\/www.ador-dental.de\/es\/d41d8-neve-architecture-contact\/","og_locale":"es_ES","og_type":"article","og_title":"Kontakt - Ador Dental GmbH","og_description":"Kontakt Senden Sie uns eine Direktnachricht Kontaktformular Senden Sie uns jeder Zeit eine Nachricht \u00fcber unser Kontaktformular. Wenn Sie einen R\u00fcckruf w\u00fcnschen, geben Sie gerne Ihre Telefonnummer an. Alle Anfragen werden schnellstm\u00f6glich bearbeitet. Bitte entschuldigen Sie, dass wir auf Ihre Anfrage im Kontaktformular keine sensiblen Kundendaten herausgeben k\u00f6nnen. Vorname *Nachname *E-Mail *Telefon Kontaktaufnahme per *TelefonE-MailKeine&hellip;&nbsp;Leer m\u00e1s &raquo;Kontakt","og_url":"https:\/\/www.ador-dental.de\/es\/d41d8-neve-architecture-contact\/","og_site_name":"Ador Dental GmbH","article_modified_time":"2024-03-21T10:42:28+00:00","twitter_card":"summary_large_image","schema":{"@context":"https:\/\/schema.org","@graph":[{"@type":"WebPage","@id":"https:\/\/www.ador-dental.de\/d41d8-neve-architecture-contact\/","url":"https:\/\/www.ador-dental.de\/d41d8-neve-architecture-contact\/","name":"Kontakt - Ador Dental GmbH","isPartOf":{"@id":"https:\/\/www.ador-dental.de\/en\/#website"},"datePublished":"2019-07-16T08:18:22+00:00","dateModified":"2024-03-21T10:42:28+00:00","breadcrumb":{"@id":"https:\/\/www.ador-dental.de\/d41d8-neve-architecture-contact\/#breadcrumb"},"inLanguage":"es","potentialAction":[{"@type":"ReadAction","target":["https:\/\/www.ador-dental.de\/d41d8-neve-architecture-contact\/"]}]},{"@type":"BreadcrumbList","@id":"https:\/\/www.ador-dental.de\/d41d8-neve-architecture-contact\/#breadcrumb","itemListElement":[{"@type":"ListItem","position":1,"name":"Startseite","item":"https:\/\/www.ador-dental.de\/"},{"@type":"ListItem","position":2,"name":"Kontakt"}]},{"@type":"WebSite","@id":"https:\/\/www.ador-dental.de\/en\/#website","url":"https:\/\/www.ador-dental.de\/en\/","name":"Ador Dental GmbH","description":"","publisher":{"@id":"https:\/\/www.ador-dental.de\/en\/#organization"},"potentialAction":[{"@type":"SearchAction","target":{"@type":"EntryPoint","urlTemplate":"https:\/\/www.ador-dental.de\/en\/?s={search_term_string}"},"query-input":{"@type":"PropertyValueSpecification","valueRequired":true,"valueName":"search_term_string"}}],"inLanguage":"es"},{"@type":"Organization","@id":"https:\/\/www.ador-dental.de\/en\/#organization","name":"Ador Dental GmbH","url":"https:\/\/www.ador-dental.de\/en\/","logo":{"@type":"ImageObject","inLanguage":"es","@id":"https:\/\/www.ador-dental.de\/en\/#\/schema\/logo\/image\/","url":"https:\/\/www.ador-dental.de\/wp-content\/uploads\/2021\/10\/ADOR_Logo_DentalSolutions_2020_Black.svg","contentUrl":"https:\/\/www.ador-dental.de\/wp-content\/uploads\/2021\/10\/ADOR_Logo_DentalSolutions_2020_Black.svg","width":678,"height":261,"caption":"Ador Dental GmbH"},"image":{"@id":"https:\/\/www.ador-dental.de\/en\/#\/schema\/logo\/image\/"}}]}},"_links":{"self":[{"href":"https:\/\/www.ador-dental.de\/es\/wp-json\/wp\/v2\/pages\/717","targetHints":{"allow":["GET"]}}],"collection":[{"href":"https:\/\/www.ador-dental.de\/es\/wp-json\/wp\/v2\/pages"}],"about":[{"href":"https:\/\/www.ador-dental.de\/es\/wp-json\/wp\/v2\/types\/page"}],"author":[{"embeddable":true,"href":"https:\/\/www.ador-dental.de\/es\/wp-json\/wp\/v2\/users\/1"}],"replies":[{"embeddable":true,"href":"https:\/\/www.ador-dental.de\/es\/wp-json\/wp\/v2\/comments?post=717"}],"version-history":[{"count":3,"href":"https:\/\/www.ador-dental.de\/es\/wp-json\/wp\/v2\/pages\/717\/revisions"}],"predecessor-version":[{"id":27901,"href":"https:\/\/www.ador-dental.de\/es\/wp-json\/wp\/v2\/pages\/717\/revisions\/27901"}],"wp:attachment":[{"href":"https:\/\/www.ador-dental.de\/es\/wp-json\/wp\/v2\/media?parent=717"}],"curies":[{"name":"wp","href":"https:\/\/api.w.org\/{rel}","templated":true}]}}