{"id":4019,"date":"2020-04-06T13:59:44","date_gmt":"2020-04-06T11:59:44","guid":{"rendered":"https:\/\/new.ador-edelmetalle.de\/?page_id=4019"},"modified":"2023-10-13T11:09:09","modified_gmt":"2023-10-13T09:09:09","slug":"soziales-engagement","status":"publish","type":"page","link":"https:\/\/www.ador-dental.de\/es\/soziales-engagement\/","title":{"rendered":"Compromiso social"},"content":{"rendered":"<div data-elementor-type=\"wp-page\" data-elementor-id=\"4019\" class=\"elementor elementor-4019\" data-elementor-post-type=\"page\">\n\t\t\t\t\t\t<section class=\"elementor-section elementor-top-section elementor-element elementor-element-d962f29 elementor-section-stretched elementor-section-boxed elementor-section-height-default elementor-section-height-default\" data-id=\"d962f29\" data-element_type=\"section\" data-e-type=\"section\" data-settings=\"{&quot;background_background&quot;:&quot;classic&quot;,&quot;stretch_section&quot;:&quot;section-stretched&quot;}\">\n\t\t\t\t\t\t<div class=\"elementor-container elementor-column-gap-default\">\n\t\t\t\t\t<div class=\"elementor-column elementor-col-100 elementor-top-column elementor-element elementor-element-860fe27\" data-id=\"860fe27\" data-element_type=\"column\" data-e-type=\"column\">\n\t\t\t<div class=\"elementor-widget-wrap elementor-element-populated\">\n\t\t\t\t\t\t<div class=\"elementor-element elementor-element-f16f1f0 elementor-widget elementor-widget-heading\" data-id=\"f16f1f0\" data-element_type=\"widget\" data-e-type=\"widget\" data-widget_type=\"heading.default\">\n\t\t\t\t<div class=\"elementor-widget-container\">\n\t\t\t\t\t<span class=\"elementor-heading-title elementor-size-default\">Proyectos sociales<\/span>\t\t\t\t<\/div>\n\t\t\t\t<\/div>\n\t\t\t\t<div class=\"elementor-element elementor-element-12e4a59 elementor-widget elementor-widget-heading\" data-id=\"12e4a59\" data-element_type=\"widget\" data-e-type=\"widget\" data-widget_type=\"heading.default\">\n\t\t\t\t<div class=\"elementor-widget-container\">\n\t\t\t\t\t<h2 class=\"elementor-heading-title elementor-size-default\">ADOR se compromete de forma sostenible con la protecci\u00f3n de la infancia<\/h2>\t\t\t\t<\/div>\n\t\t\t\t<\/div>\n\t\t\t\t<section class=\"elementor-section elementor-inner-section elementor-element elementor-element-d3b62ac elementor-section-boxed elementor-section-height-default elementor-section-height-default\" data-id=\"d3b62ac\" data-element_type=\"section\" data-e-type=\"section\">\n\t\t\t\t\t\t<div class=\"elementor-container elementor-column-gap-default\">\n\t\t\t\t\t<div class=\"elementor-column elementor-col-50 elementor-inner-column elementor-element elementor-element-889ffbf\" data-id=\"889ffbf\" data-element_type=\"column\" data-e-type=\"column\">\n\t\t\t<div class=\"elementor-widget-wrap elementor-element-populated\">\n\t\t\t\t\t\t<div class=\"elementor-element elementor-element-3c1ec8a elementor-widget elementor-widget-text-editor\" data-id=\"3c1ec8a\" data-element_type=\"widget\" data-e-type=\"widget\" data-widget_type=\"text-editor.default\">\n\t\t\t\t<div class=\"elementor-widget-container\">\n\t\t\t\t\t\t\t\t\t<p>Los ni\u00f1os son nuestro futuro. No s\u00f3lo necesitan amor y seguridad, sino tambi\u00e9n nuestra protecci\u00f3n. Rainer Koch, accionista de Ador Edelmetalle GmbH, fund\u00f3 la iniciativa It's for Kids en 2000. Como organizaci\u00f3n de recaudaci\u00f3n de fondos para la infancia, It's for Kids utiliza donaciones creativas, activas y monetarias para ayudar a ni\u00f1os maltratados, abusados, abandonados o desfavorecidos por otros motivos.<\/p><p>La idea es tan sencilla como ingeniosa: en colaboraci\u00f3n con dentistas, se recoge oro viejo y los beneficios del reciclado se donan a proyectos sociales 100% para la protecci\u00f3n de la infancia.\u00a0<span style=\"color: var( --e-global-color-text ); font-family: var( --e-global-typography-text-font-family ), Sans-serif; font-weight: var( --e-global-typography-text-font-weight ); font-size: var(--bodyfontsize); letter-spacing: var(--bodyletterspacing); text-transform: var(--bodytexttransform);\">En 2015, junto con Tobias Mehwitz, tambi\u00e9n socio director de Ador Edelmetalle GmbH, se cre\u00f3 a partir de la iniciativa la fundaci\u00f3n ben\u00e9fica It's for Kids.<\/span><\/p><p>It's for Kids no cuenta con un patrocinio propio, sino que, como organizaci\u00f3n de recaudaci\u00f3n de fondos para ni\u00f1os, env\u00eda el dinero directamente a diversos proyectos de ayuda a la infancia en todo el pa\u00eds. A menudo a\u00f1adimos algo a la cantidad recaudada mediante donaciones activas o creativas.<\/p>\t\t\t\t\t\t\t\t<\/div>\n\t\t\t\t<\/div>\n\t\t\t\t\t<\/div>\n\t\t<\/div>\n\t\t\t\t<div class=\"elementor-column elementor-col-50 elementor-inner-column elementor-element elementor-element-e37253c\" data-id=\"e37253c\" data-element_type=\"column\" data-e-type=\"column\">\n\t\t\t<div class=\"elementor-widget-wrap elementor-element-populated\">\n\t\t\t\t\t\t<div class=\"elementor-element elementor-element-50b5086 elementor-widget elementor-widget-image\" data-id=\"50b5086\" data-element_type=\"widget\" data-e-type=\"widget\" data-widget_type=\"image.default\">\n\t\t\t\t<div class=\"elementor-widget-container\">\n\t\t\t\t\t\t\t\t\t\t\t\t\t\t\t<img fetchpriority=\"high\" decoding=\"async\" width=\"300\" height=\"245\" src=\"https:\/\/www.ador-dental.de\/wp-content\/uploads\/2020\/01\/IFK-300x245.png\" class=\"attachment-medium size-medium wp-image-1587\" alt=\"\" srcset=\"https:\/\/www.ador-dental.de\/wp-content\/uploads\/2020\/01\/IFK-300x245.png 300w, https:\/\/www.ador-dental.de\/wp-content\/uploads\/2020\/01\/IFK-600x490.png 600w, https:\/\/www.ador-dental.de\/wp-content\/uploads\/2020\/01\/IFK-64x52.png 64w, https:\/\/www.ador-dental.de\/wp-content\/uploads\/2020\/01\/IFK-768x627.png 768w, https:\/\/www.ador-dental.de\/wp-content\/uploads\/2020\/01\/IFK.png 969w\" sizes=\"(max-width: 300px) 100vw, 300px\" \/>\t\t\t\t\t\t\t\t\t\t\t\t\t\t\t<\/div>\n\t\t\t\t<\/div>\n\t\t\t\t<div class=\"elementor-element elementor-element-0d22adf elementor-widget elementor-widget-text-editor\" data-id=\"0d22adf\" data-element_type=\"widget\" data-e-type=\"widget\" data-widget_type=\"text-editor.default\">\n\t\t\t\t<div class=\"elementor-widget-container\">\n\t\t\t\t\t\t\t\t\t<p>M\u00e1s informaci\u00f3n en:<br \/><a href=\"https:\/\/www.its-for-kids.de\">www.its-for-kids.de<\/a><\/p>\t\t\t\t\t\t\t\t<\/div>\n\t\t\t\t<\/div>\n\t\t\t\t\t<\/div>\n\t\t<\/div>\n\t\t\t\t\t<\/div>\n\t\t<\/section>\n\t\t\t\t<section class=\"elementor-section elementor-inner-section elementor-element elementor-element-7010981 elementor-section-boxed elementor-section-height-default elementor-section-height-default\" data-id=\"7010981\" data-element_type=\"section\" data-e-type=\"section\">\n\t\t\t\t\t\t<div class=\"elementor-container elementor-column-gap-default\">\n\t\t\t\t\t<div class=\"elementor-column elementor-col-100 elementor-inner-column elementor-element elementor-element-665cfea\" data-id=\"665cfea\" data-element_type=\"column\" data-e-type=\"column\">\n\t\t\t<div class=\"elementor-widget-wrap elementor-element-populated\">\n\t\t\t\t\t\t<div class=\"elementor-element elementor-element-c987a9e elementor-widget elementor-widget-text-editor\" data-id=\"c987a9e\" data-element_type=\"widget\" data-e-type=\"widget\" data-widget_type=\"text-editor.default\">\n\t\t\t\t<div class=\"elementor-widget-container\">\n\t\t\t\t\t\t\t\t\t<p>Aunque It's for Kids no cuenta con patrocinio propio, el proyecto Mutwald se puso en marcha en 2022. Nuestra visi\u00f3n es crear valor para enfrentarse a la vida para los ni\u00f1os con enfermedades potencialmente mortales durante el momento m\u00e1s dif\u00edcil y, en el mejor de los casos, contribuir a aumentar las posibilidades de supervivencia de los ni\u00f1os. Tambi\u00e9n queremos crear un d\u00eda inolvidable para los ni\u00f1os despu\u00e9s de que hayan superado su enfermedad, con muchos recuerdos positivos y su propio bosque de coraje. M\u00e1s informaci\u00f3n en: www.its-for-kids.de\/aktionen\/mutwald<\/p>\n<p>Por su compromiso con la Fundaci\u00f3n It's for Kids, Rainer Koch fue condecorado con la Cruz Federal al M\u00e9rito por nuestro Presidente Federal Frank-Walter Steinmeier el 19 de septiembre de 2023. Como empresa y fundador, estamos absolutamente orgullosos de que nuestra fundaci\u00f3n y nuestro socio Rainer Koch reciban este reconocimiento y agradecimiento. El \u00e9xito de esta fundaci\u00f3n s\u00f3lo es posible gracias al apoyo de muchos simpatizantes voluntarios. Gracias por su compromiso con la buena causa<\/p>\n<p>M\u00e1s informaci\u00f3n en: www.its-for-kids.de<\/p>\t\t\t\t\t\t\t\t<\/div>\n\t\t\t\t<\/div>\n\t\t\t\t\t<\/div>\n\t\t<\/div>\n\t\t\t\t\t<\/div>\n\t\t<\/section>\n\t\t\t\t\t<\/div>\n\t\t<\/div>\n\t\t\t\t\t<\/div>\n\t\t<\/section>\n\t\t\t\t<\/div>","protected":false},"excerpt":{"rendered":"<p>Soziale Projekte ADOR Engagiert sich nachhaltig im Kinderschutz Kinder sind unsere Zukunft. Sie ben\u00f6tigen nicht nur Liebe und Geborgenheit, sondern auch unseren Schutz. Rainer Koch, Gesellschafter der Ador Edelmetalle GmbH, hat im Jahr 2000 die Initiative It\u2019s for Kids gegr\u00fcndet. Als Spendenorganisation f\u00fcr Kinder setzt sich It\u2019s for Kids mit kreativen, aktiven und monet\u00e4ren Spenden&hellip;&nbsp;<a href=\"https:\/\/www.ador-dental.de\/es\/soziales-engagement\/\" rel=\"bookmark\">Leer m\u00e1s \"<span class=\"screen-reader-text\">Compromiso social<\/span><\/a><\/p>","protected":false},"author":1,"featured_media":0,"parent":0,"menu_order":0,"comment_status":"closed","ping_status":"closed","template":"","meta":{"neve_meta_sidebar":"full-width","neve_meta_container":"","neve_meta_enable_content_width":"on","neve_meta_content_width":100,"neve_meta_title_alignment":"","neve_meta_author_avatar":"","neve_post_elements_order":"","neve_meta_disable_header":"","neve_meta_disable_footer":"","neve_meta_disable_title":"on","_themeisle_gutenberg_block_has_review":false,"footnotes":""},"class_list":["post-4019","page","type-page","status-publish","hentry"],"yoast_head":"<!-- This site is optimized with the Yoast SEO plugin v27.4 - https:\/\/yoast.com\/product\/yoast-seo-wordpress\/ -->\n<title>Soziales Engagement - Ador Dental GmbH<\/title>\n<meta name=\"description\" content=\"Soziales Engagement: Ador Engagiert sich seit dem Jahr 2000 f\u00fcr den Kinderschutz durch die Gr\u00fcndung der Stiftung &quot;It&#039;s for kids&quot;.\" \/>\n<meta name=\"robots\" content=\"index, follow, max-snippet:-1, max-image-preview:large, max-video-preview:-1\" \/>\n<link rel=\"canonical\" href=\"https:\/\/www.ador-dental.de\/es\/soziales-engagement\/\" \/>\n<meta property=\"og:locale\" content=\"es_ES\" \/>\n<meta property=\"og:type\" content=\"article\" \/>\n<meta property=\"og:title\" content=\"Soziales Engagement - Ador Dental GmbH\" \/>\n<meta property=\"og:description\" content=\"Soziales Engagement: Ador Engagiert sich seit dem Jahr 2000 f\u00fcr den Kinderschutz durch die Gr\u00fcndung der Stiftung &quot;It&#039;s for kids&quot;.\" \/>\n<meta property=\"og:url\" content=\"https:\/\/www.ador-dental.de\/es\/soziales-engagement\/\" \/>\n<meta property=\"og:site_name\" content=\"Ador Dental GmbH\" \/>\n<meta property=\"article:modified_time\" content=\"2023-10-13T09:09:09+00:00\" \/>\n<meta property=\"og:image\" content=\"https:\/\/www.ador-dental.de\/wp-content\/uploads\/2020\/01\/IFK-300x245.png\" \/>\n<meta name=\"twitter:card\" content=\"summary_large_image\" \/>\n<meta name=\"twitter:label1\" content=\"Tiempo de lectura\" \/>\n\t<meta name=\"twitter:data1\" content=\"2 minutos\" \/>\n<script type=\"application\/ld+json\" class=\"yoast-schema-graph\">{\"@context\":\"https:\\\/\\\/schema.org\",\"@graph\":[{\"@type\":\"WebPage\",\"@id\":\"https:\\\/\\\/www.ador-dental.de\\\/soziales-engagement\\\/\",\"url\":\"https:\\\/\\\/www.ador-dental.de\\\/soziales-engagement\\\/\",\"name\":\"Soziales Engagement - Ador Dental GmbH\",\"isPartOf\":{\"@id\":\"https:\\\/\\\/www.ador-dental.de\\\/en\\\/#website\"},\"primaryImageOfPage\":{\"@id\":\"https:\\\/\\\/www.ador-dental.de\\\/soziales-engagement\\\/#primaryimage\"},\"image\":{\"@id\":\"https:\\\/\\\/www.ador-dental.de\\\/soziales-engagement\\\/#primaryimage\"},\"thumbnailUrl\":\"https:\\\/\\\/www.ador-dental.de\\\/wp-content\\\/uploads\\\/2020\\\/01\\\/IFK-300x245.png\",\"datePublished\":\"2020-04-06T11:59:44+00:00\",\"dateModified\":\"2023-10-13T09:09:09+00:00\",\"description\":\"Soziales Engagement: Ador Engagiert sich seit dem Jahr 2000 f\u00fcr den Kinderschutz durch die Gr\u00fcndung der Stiftung \\\"It's for kids\\\".\",\"breadcrumb\":{\"@id\":\"https:\\\/\\\/www.ador-dental.de\\\/soziales-engagement\\\/#breadcrumb\"},\"inLanguage\":\"es\",\"potentialAction\":[{\"@type\":\"ReadAction\",\"target\":[\"https:\\\/\\\/www.ador-dental.de\\\/soziales-engagement\\\/\"]}]},{\"@type\":\"ImageObject\",\"inLanguage\":\"es\",\"@id\":\"https:\\\/\\\/www.ador-dental.de\\\/soziales-engagement\\\/#primaryimage\",\"url\":\"https:\\\/\\\/www.ador-dental.de\\\/wp-content\\\/uploads\\\/2020\\\/01\\\/IFK-300x245.png\",\"contentUrl\":\"https:\\\/\\\/www.ador-dental.de\\\/wp-content\\\/uploads\\\/2020\\\/01\\\/IFK-300x245.png\"},{\"@type\":\"BreadcrumbList\",\"@id\":\"https:\\\/\\\/www.ador-dental.de\\\/soziales-engagement\\\/#breadcrumb\",\"itemListElement\":[{\"@type\":\"ListItem\",\"position\":1,\"name\":\"Startseite\",\"item\":\"https:\\\/\\\/www.ador-dental.de\\\/\"},{\"@type\":\"ListItem\",\"position\":2,\"name\":\"Soziales Engagement\"}]},{\"@type\":\"WebSite\",\"@id\":\"https:\\\/\\\/www.ador-dental.de\\\/en\\\/#website\",\"url\":\"https:\\\/\\\/www.ador-dental.de\\\/en\\\/\",\"name\":\"Ador Dental GmbH\",\"description\":\"\",\"publisher\":{\"@id\":\"https:\\\/\\\/www.ador-dental.de\\\/en\\\/#organization\"},\"potentialAction\":[{\"@type\":\"SearchAction\",\"target\":{\"@type\":\"EntryPoint\",\"urlTemplate\":\"https:\\\/\\\/www.ador-dental.de\\\/en\\\/?s={search_term_string}\"},\"query-input\":{\"@type\":\"PropertyValueSpecification\",\"valueRequired\":true,\"valueName\":\"search_term_string\"}}],\"inLanguage\":\"es\"},{\"@type\":\"Organization\",\"@id\":\"https:\\\/\\\/www.ador-dental.de\\\/en\\\/#organization\",\"name\":\"Ador Dental GmbH\",\"url\":\"https:\\\/\\\/www.ador-dental.de\\\/en\\\/\",\"logo\":{\"@type\":\"ImageObject\",\"inLanguage\":\"es\",\"@id\":\"https:\\\/\\\/www.ador-dental.de\\\/en\\\/#\\\/schema\\\/logo\\\/image\\\/\",\"url\":\"https:\\\/\\\/www.ador-dental.de\\\/wp-content\\\/uploads\\\/2021\\\/10\\\/ADOR_Logo_DentalSolutions_2020_Black.svg\",\"contentUrl\":\"https:\\\/\\\/www.ador-dental.de\\\/wp-content\\\/uploads\\\/2021\\\/10\\\/ADOR_Logo_DentalSolutions_2020_Black.svg\",\"width\":678,\"height\":261,\"caption\":\"Ador Dental GmbH\"},\"image\":{\"@id\":\"https:\\\/\\\/www.ador-dental.de\\\/en\\\/#\\\/schema\\\/logo\\\/image\\\/\"}}]}<\/script>\n<!-- \/ Yoast SEO plugin. -->","yoast_head_json":{"title":"Soziales Engagement - Ador Dental GmbH","description":"Soziales Engagement: Ador Engagiert sich seit dem Jahr 2000 f\u00fcr den Kinderschutz durch die Gr\u00fcndung der Stiftung \"It's for kids\".","robots":{"index":"index","follow":"follow","max-snippet":"max-snippet:-1","max-image-preview":"max-image-preview:large","max-video-preview":"max-video-preview:-1"},"canonical":"https:\/\/www.ador-dental.de\/es\/soziales-engagement\/","og_locale":"es_ES","og_type":"article","og_title":"Soziales Engagement - Ador Dental GmbH","og_description":"Soziales Engagement: Ador Engagiert sich seit dem Jahr 2000 f\u00fcr den Kinderschutz durch die Gr\u00fcndung der Stiftung \"It's for kids\".","og_url":"https:\/\/www.ador-dental.de\/es\/soziales-engagement\/","og_site_name":"Ador Dental GmbH","article_modified_time":"2023-10-13T09:09:09+00:00","og_image":[{"url":"https:\/\/www.ador-dental.de\/wp-content\/uploads\/2020\/01\/IFK-300x245.png","type":"","width":"","height":""}],"twitter_card":"summary_large_image","twitter_misc":{"Tiempo de lectura":"2 minutos"},"schema":{"@context":"https:\/\/schema.org","@graph":[{"@type":"WebPage","@id":"https:\/\/www.ador-dental.de\/soziales-engagement\/","url":"https:\/\/www.ador-dental.de\/soziales-engagement\/","name":"Soziales Engagement - Ador Dental GmbH","isPartOf":{"@id":"https:\/\/www.ador-dental.de\/en\/#website"},"primaryImageOfPage":{"@id":"https:\/\/www.ador-dental.de\/soziales-engagement\/#primaryimage"},"image":{"@id":"https:\/\/www.ador-dental.de\/soziales-engagement\/#primaryimage"},"thumbnailUrl":"https:\/\/www.ador-dental.de\/wp-content\/uploads\/2020\/01\/IFK-300x245.png","datePublished":"2020-04-06T11:59:44+00:00","dateModified":"2023-10-13T09:09:09+00:00","description":"Soziales Engagement: Ador Engagiert sich seit dem Jahr 2000 f\u00fcr den Kinderschutz durch die Gr\u00fcndung der Stiftung \"It's for kids\".","breadcrumb":{"@id":"https:\/\/www.ador-dental.de\/soziales-engagement\/#breadcrumb"},"inLanguage":"es","potentialAction":[{"@type":"ReadAction","target":["https:\/\/www.ador-dental.de\/soziales-engagement\/"]}]},{"@type":"ImageObject","inLanguage":"es","@id":"https:\/\/www.ador-dental.de\/soziales-engagement\/#primaryimage","url":"https:\/\/www.ador-dental.de\/wp-content\/uploads\/2020\/01\/IFK-300x245.png","contentUrl":"https:\/\/www.ador-dental.de\/wp-content\/uploads\/2020\/01\/IFK-300x245.png"},{"@type":"BreadcrumbList","@id":"https:\/\/www.ador-dental.de\/soziales-engagement\/#breadcrumb","itemListElement":[{"@type":"ListItem","position":1,"name":"Startseite","item":"https:\/\/www.ador-dental.de\/"},{"@type":"ListItem","position":2,"name":"Soziales Engagement"}]},{"@type":"WebSite","@id":"https:\/\/www.ador-dental.de\/en\/#website","url":"https:\/\/www.ador-dental.de\/en\/","name":"Ador Dental GmbH","description":"","publisher":{"@id":"https:\/\/www.ador-dental.de\/en\/#organization"},"potentialAction":[{"@type":"SearchAction","target":{"@type":"EntryPoint","urlTemplate":"https:\/\/www.ador-dental.de\/en\/?s={search_term_string}"},"query-input":{"@type":"PropertyValueSpecification","valueRequired":true,"valueName":"search_term_string"}}],"inLanguage":"es"},{"@type":"Organization","@id":"https:\/\/www.ador-dental.de\/en\/#organization","name":"Ador Dental GmbH","url":"https:\/\/www.ador-dental.de\/en\/","logo":{"@type":"ImageObject","inLanguage":"es","@id":"https:\/\/www.ador-dental.de\/en\/#\/schema\/logo\/image\/","url":"https:\/\/www.ador-dental.de\/wp-content\/uploads\/2021\/10\/ADOR_Logo_DentalSolutions_2020_Black.svg","contentUrl":"https:\/\/www.ador-dental.de\/wp-content\/uploads\/2021\/10\/ADOR_Logo_DentalSolutions_2020_Black.svg","width":678,"height":261,"caption":"Ador Dental GmbH"},"image":{"@id":"https:\/\/www.ador-dental.de\/en\/#\/schema\/logo\/image\/"}}]}},"_links":{"self":[{"href":"https:\/\/www.ador-dental.de\/es\/wp-json\/wp\/v2\/pages\/4019","targetHints":{"allow":["GET"]}}],"collection":[{"href":"https:\/\/www.ador-dental.de\/es\/wp-json\/wp\/v2\/pages"}],"about":[{"href":"https:\/\/www.ador-dental.de\/es\/wp-json\/wp\/v2\/types\/page"}],"author":[{"embeddable":true,"href":"https:\/\/www.ador-dental.de\/es\/wp-json\/wp\/v2\/users\/1"}],"replies":[{"embeddable":true,"href":"https:\/\/www.ador-dental.de\/es\/wp-json\/wp\/v2\/comments?post=4019"}],"version-history":[{"count":16,"href":"https:\/\/www.ador-dental.de\/es\/wp-json\/wp\/v2\/pages\/4019\/revisions"}],"predecessor-version":[{"id":27089,"href":"https:\/\/www.ador-dental.de\/es\/wp-json\/wp\/v2\/pages\/4019\/revisions\/27089"}],"wp:attachment":[{"href":"https:\/\/www.ador-dental.de\/es\/wp-json\/wp\/v2\/media?parent=4019"}],"curies":[{"name":"wp","href":"https:\/\/api.w.org\/{rel}","templated":true}]}}