{"id":3532,"date":"2020-03-31T16:14:42","date_gmt":"2020-03-31T14:14:42","guid":{"rendered":"https:\/\/new.ador-edelmetalle.de\/?post_type=product&#038;p=3532"},"modified":"2025-11-14T16:57:27","modified_gmt":"2025-11-14T15:57:27","slug":"ador-cc-laserdraht-ador-edelmetalle-legierung","status":"publish","type":"product","link":"https:\/\/www.ador-dental.de\/en\/product\/ador-cc-laserdraht-ador-edelmetalle-legierung\/","title":{"rendered":"ADORBOND CC NEM Laser Wire"},"content":{"rendered":"<p><strong>Laser wire for our non-precious alloys. Available in thickness of 0.50 mm and 0.35 mm.<\/strong><\/p>\n<h5><a  data-e-disable-page-transition=\"true\" class=\"download-link\" title=\"\" href=\"https:\/\/www.ador-dental.de\/en\/download\/29231\/?tmstv=1777582409\" rel=\"nofollow\" id=\"download-link-29231\" data-redirect=\"false\" >\n\tGebrauchsanweisung-CC-Laserdraht-0,35.pdf<\/a>\n<\/h5>\n<h5><a  data-e-disable-page-transition=\"true\" class=\"download-link\" title=\"\" href=\"https:\/\/www.ador-dental.de\/en\/download\/29234\/?tmstv=1777582409\" rel=\"nofollow\" id=\"download-link-29234\" data-redirect=\"false\" >\n\tGebrauchsanweisung-CC-Laserdraht-0,5.pdf<\/a>\n<\/h5>\n<p>Composition:<br \/>\nCo 65.2 % | Cr 27.7 % | Mo 5.8 % | Fe, Si, Mn, N &lt;1%<\/p>\n<p><strong>Processing recommendation<\/strong><br \/>\nClean the area to be welded by sanding or sandblasting to remove any oxides or contaminants. Walls of the welding point obliquely V-shaped or better obliquely from both sides, i.e. X-shaped, grind and expand.<br \/>\nJust above the welding point, the wire should only be held with the tip in the laser beam, so that the weld metal drips point by point onto the area to be welded. Cracks are avoided in the welding zone by quickly performing the weld and avoiding multiple melting.<\/p>\n<p><strong>Safety instructions<br \/>\n<\/strong>Metal dust is harmful to your health. Grinding and polishing with suction.Laser welding in a closed chamber with the deduction of welding fumes. Hypersensitivity to the alloy components should be taken into account. In case of suspected intolerance with certain solder components, the product should not be used.<\/p>","protected":false},"excerpt":{"rendered":"<p><strong>Stangen &#8211; 200mm, Packung \u00e1 2m\u00a0<\/strong><\/p>\n<div class=\"page\" title=\"Page 6\">\n<div class=\"section\">\n<div class=\"layoutArea\">\n<div class=\"column\">\n<p>Suitable for all non-precious alloys.<\/p>\n<\/div>\n<\/div>\n<\/div>\n<\/div>","protected":false},"featured_media":4402,"comment_status":"open","ping_status":"closed","template":"","meta":{"neve_meta_sidebar":"","neve_meta_container":"","neve_meta_enable_content_width":"off","neve_meta_content_width":70,"neve_meta_title_alignment":"","neve_meta_author_avatar":"","neve_post_elements_order":"","neve_meta_disable_header":"","neve_meta_disable_footer":"","neve_meta_disable_title":"","_themeisle_gutenberg_block_has_review":false},"product_brand":[],"product_cat":[35],"product_tag":[434],"class_list":{"0":"post-3532","1":"product","2":"type-product","3":"status-publish","4":"has-post-thumbnail","6":"product_cat-nem-legierungen","7":"product_tag-dentalheld","9":"first","10":"instock","11":"taxable","12":"shipping-taxable","13":"purchasable","14":"product-type-variable"},"yoast_head":"<!-- This site is optimized with the Yoast SEO plugin v27.4 - https:\/\/yoast.com\/product\/yoast-seo-wordpress\/ -->\n<title>ADORBOND CC NEM Laserdraht - Ador Dental GmbH<\/title>\n<meta name=\"description\" content=\"Der Ador CC Laserdraht ist ein hochwertiger Laserdraht f\u00fcr unsere NEM-Legierungen. Er ist erh\u00e4ltlich in 0,50 mm und 0,35 mm St\u00e4rke.\" \/>\n<meta name=\"robots\" content=\"index, follow, max-snippet:-1, max-image-preview:large, max-video-preview:-1\" \/>\n<link rel=\"canonical\" href=\"https:\/\/www.ador-dental.de\/en\/product\/ador-cc-laserdraht-ador-edelmetalle-legierung\/\" \/>\n<meta property=\"og:locale\" content=\"en_US\" \/>\n<meta property=\"og:type\" content=\"article\" \/>\n<meta property=\"og:title\" content=\"ADORBOND CC NEM Laserdraht - Ador Dental GmbH\" \/>\n<meta property=\"og:description\" content=\"Der Ador CC Laserdraht ist ein hochwertiger Laserdraht f\u00fcr unsere NEM-Legierungen. Er ist erh\u00e4ltlich in 0,50 mm und 0,35 mm St\u00e4rke.\" \/>\n<meta property=\"og:url\" content=\"https:\/\/www.ador-dental.de\/en\/product\/ador-cc-laserdraht-ador-edelmetalle-legierung\/\" \/>\n<meta property=\"og:site_name\" content=\"Ador Dental GmbH\" \/>\n<meta property=\"article:modified_time\" content=\"2025-11-14T15:57:27+00:00\" \/>\n<meta property=\"og:image\" content=\"https:\/\/www.ador-dental.de\/wp-content\/uploads\/2020\/03\/IMG_2772.jpg\" \/>\n\t<meta property=\"og:image:width\" content=\"880\" \/>\n\t<meta property=\"og:image:height\" content=\"880\" \/>\n\t<meta property=\"og:image:type\" content=\"image\/jpeg\" \/>\n<meta name=\"twitter:card\" content=\"summary_large_image\" \/>\n<meta name=\"twitter:label1\" content=\"Est. reading time\" \/>\n\t<meta name=\"twitter:data1\" content=\"1 minute\" \/>\n<script type=\"application\/ld+json\" class=\"yoast-schema-graph\">{\"@context\":\"https:\\\/\\\/schema.org\",\"@graph\":[{\"@type\":\"WebPage\",\"@id\":\"https:\\\/\\\/www.ador-dental.de\\\/produkt\\\/ador-cc-laserdraht-ador-edelmetalle-legierung\\\/\",\"url\":\"https:\\\/\\\/www.ador-dental.de\\\/produkt\\\/ador-cc-laserdraht-ador-edelmetalle-legierung\\\/\",\"name\":\"ADORBOND CC NEM Laserdraht - Ador Dental GmbH\",\"isPartOf\":{\"@id\":\"https:\\\/\\\/www.ador-dental.de\\\/en\\\/#website\"},\"primaryImageOfPage\":{\"@id\":\"https:\\\/\\\/www.ador-dental.de\\\/produkt\\\/ador-cc-laserdraht-ador-edelmetalle-legierung\\\/#primaryimage\"},\"image\":{\"@id\":\"https:\\\/\\\/www.ador-dental.de\\\/produkt\\\/ador-cc-laserdraht-ador-edelmetalle-legierung\\\/#primaryimage\"},\"thumbnailUrl\":\"https:\\\/\\\/www.ador-dental.de\\\/wp-content\\\/uploads\\\/2020\\\/03\\\/IMG_2772.jpg\",\"datePublished\":\"2020-03-31T14:14:42+00:00\",\"dateModified\":\"2025-11-14T15:57:27+00:00\",\"description\":\"Der Ador CC Laserdraht ist ein hochwertiger Laserdraht f\u00fcr unsere NEM-Legierungen. Er ist erh\u00e4ltlich in 0,50 mm und 0,35 mm St\u00e4rke.\",\"breadcrumb\":{\"@id\":\"https:\\\/\\\/www.ador-dental.de\\\/produkt\\\/ador-cc-laserdraht-ador-edelmetalle-legierung\\\/#breadcrumb\"},\"inLanguage\":\"en-US\",\"potentialAction\":[{\"@type\":\"ReadAction\",\"target\":[\"https:\\\/\\\/www.ador-dental.de\\\/produkt\\\/ador-cc-laserdraht-ador-edelmetalle-legierung\\\/\"]}]},{\"@type\":\"ImageObject\",\"inLanguage\":\"en-US\",\"@id\":\"https:\\\/\\\/www.ador-dental.de\\\/produkt\\\/ador-cc-laserdraht-ador-edelmetalle-legierung\\\/#primaryimage\",\"url\":\"https:\\\/\\\/www.ador-dental.de\\\/wp-content\\\/uploads\\\/2020\\\/03\\\/IMG_2772.jpg\",\"contentUrl\":\"https:\\\/\\\/www.ador-dental.de\\\/wp-content\\\/uploads\\\/2020\\\/03\\\/IMG_2772.jpg\",\"width\":880,\"height\":880,\"caption\":\"Ador CC NEM-Laserdraht\"},{\"@type\":\"BreadcrumbList\",\"@id\":\"https:\\\/\\\/www.ador-dental.de\\\/produkt\\\/ador-cc-laserdraht-ador-edelmetalle-legierung\\\/#breadcrumb\",\"itemListElement\":[{\"@type\":\"ListItem\",\"position\":1,\"name\":\"Startseite\",\"item\":\"https:\\\/\\\/www.ador-dental.de\\\/\"},{\"@type\":\"ListItem\",\"position\":2,\"name\":\"Shop\",\"item\":\"https:\\\/\\\/www.ador-dental.de\\\/en\\\/shop\\\/\"},{\"@type\":\"ListItem\",\"position\":3,\"name\":\"ADORBOND CC NEM Laserdraht\"}]},{\"@type\":\"WebSite\",\"@id\":\"https:\\\/\\\/www.ador-dental.de\\\/en\\\/#website\",\"url\":\"https:\\\/\\\/www.ador-dental.de\\\/en\\\/\",\"name\":\"Ador Dental GmbH\",\"description\":\"\",\"publisher\":{\"@id\":\"https:\\\/\\\/www.ador-dental.de\\\/en\\\/#organization\"},\"potentialAction\":[{\"@type\":\"SearchAction\",\"target\":{\"@type\":\"EntryPoint\",\"urlTemplate\":\"https:\\\/\\\/www.ador-dental.de\\\/en\\\/?s={search_term_string}\"},\"query-input\":{\"@type\":\"PropertyValueSpecification\",\"valueRequired\":true,\"valueName\":\"search_term_string\"}}],\"inLanguage\":\"en-US\"},{\"@type\":\"Organization\",\"@id\":\"https:\\\/\\\/www.ador-dental.de\\\/en\\\/#organization\",\"name\":\"Ador Dental GmbH\",\"url\":\"https:\\\/\\\/www.ador-dental.de\\\/en\\\/\",\"logo\":{\"@type\":\"ImageObject\",\"inLanguage\":\"en-US\",\"@id\":\"https:\\\/\\\/www.ador-dental.de\\\/en\\\/#\\\/schema\\\/logo\\\/image\\\/\",\"url\":\"https:\\\/\\\/www.ador-dental.de\\\/wp-content\\\/uploads\\\/2021\\\/10\\\/ADOR_Logo_DentalSolutions_2020_Black.svg\",\"contentUrl\":\"https:\\\/\\\/www.ador-dental.de\\\/wp-content\\\/uploads\\\/2021\\\/10\\\/ADOR_Logo_DentalSolutions_2020_Black.svg\",\"width\":678,\"height\":261,\"caption\":\"Ador Dental GmbH\"},\"image\":{\"@id\":\"https:\\\/\\\/www.ador-dental.de\\\/en\\\/#\\\/schema\\\/logo\\\/image\\\/\"}}]}<\/script>\n<!-- \/ Yoast SEO plugin. -->","yoast_head_json":{"title":"ADORBOND CC NEM Laserdraht - Ador Dental GmbH","description":"Der Ador CC Laserdraht ist ein hochwertiger Laserdraht f\u00fcr unsere NEM-Legierungen. Er ist erh\u00e4ltlich in 0,50 mm und 0,35 mm St\u00e4rke.","robots":{"index":"index","follow":"follow","max-snippet":"max-snippet:-1","max-image-preview":"max-image-preview:large","max-video-preview":"max-video-preview:-1"},"canonical":"https:\/\/www.ador-dental.de\/en\/product\/ador-cc-laserdraht-ador-edelmetalle-legierung\/","og_locale":"en_US","og_type":"article","og_title":"ADORBOND CC NEM Laserdraht - Ador Dental GmbH","og_description":"Der Ador CC Laserdraht ist ein hochwertiger Laserdraht f\u00fcr unsere NEM-Legierungen. Er ist erh\u00e4ltlich in 0,50 mm und 0,35 mm St\u00e4rke.","og_url":"https:\/\/www.ador-dental.de\/en\/product\/ador-cc-laserdraht-ador-edelmetalle-legierung\/","og_site_name":"Ador Dental GmbH","article_modified_time":"2025-11-14T15:57:27+00:00","og_image":[{"width":880,"height":880,"url":"https:\/\/www.ador-dental.de\/wp-content\/uploads\/2020\/03\/IMG_2772.jpg","type":"image\/jpeg"}],"twitter_card":"summary_large_image","twitter_misc":{"Est. reading time":"1 minute"},"schema":{"@context":"https:\/\/schema.org","@graph":[{"@type":"WebPage","@id":"https:\/\/www.ador-dental.de\/produkt\/ador-cc-laserdraht-ador-edelmetalle-legierung\/","url":"https:\/\/www.ador-dental.de\/produkt\/ador-cc-laserdraht-ador-edelmetalle-legierung\/","name":"ADORBOND CC NEM Laserdraht - Ador Dental GmbH","isPartOf":{"@id":"https:\/\/www.ador-dental.de\/en\/#website"},"primaryImageOfPage":{"@id":"https:\/\/www.ador-dental.de\/produkt\/ador-cc-laserdraht-ador-edelmetalle-legierung\/#primaryimage"},"image":{"@id":"https:\/\/www.ador-dental.de\/produkt\/ador-cc-laserdraht-ador-edelmetalle-legierung\/#primaryimage"},"thumbnailUrl":"https:\/\/www.ador-dental.de\/wp-content\/uploads\/2020\/03\/IMG_2772.jpg","datePublished":"2020-03-31T14:14:42+00:00","dateModified":"2025-11-14T15:57:27+00:00","description":"Der Ador CC Laserdraht ist ein hochwertiger Laserdraht f\u00fcr unsere NEM-Legierungen. Er ist erh\u00e4ltlich in 0,50 mm und 0,35 mm St\u00e4rke.","breadcrumb":{"@id":"https:\/\/www.ador-dental.de\/produkt\/ador-cc-laserdraht-ador-edelmetalle-legierung\/#breadcrumb"},"inLanguage":"en-US","potentialAction":[{"@type":"ReadAction","target":["https:\/\/www.ador-dental.de\/produkt\/ador-cc-laserdraht-ador-edelmetalle-legierung\/"]}]},{"@type":"ImageObject","inLanguage":"en-US","@id":"https:\/\/www.ador-dental.de\/produkt\/ador-cc-laserdraht-ador-edelmetalle-legierung\/#primaryimage","url":"https:\/\/www.ador-dental.de\/wp-content\/uploads\/2020\/03\/IMG_2772.jpg","contentUrl":"https:\/\/www.ador-dental.de\/wp-content\/uploads\/2020\/03\/IMG_2772.jpg","width":880,"height":880,"caption":"Ador CC NEM-Laserdraht"},{"@type":"BreadcrumbList","@id":"https:\/\/www.ador-dental.de\/produkt\/ador-cc-laserdraht-ador-edelmetalle-legierung\/#breadcrumb","itemListElement":[{"@type":"ListItem","position":1,"name":"Startseite","item":"https:\/\/www.ador-dental.de\/"},{"@type":"ListItem","position":2,"name":"Shop","item":"https:\/\/www.ador-dental.de\/en\/shop\/"},{"@type":"ListItem","position":3,"name":"ADORBOND CC NEM Laserdraht"}]},{"@type":"WebSite","@id":"https:\/\/www.ador-dental.de\/en\/#website","url":"https:\/\/www.ador-dental.de\/en\/","name":"Ador Dental GmbH","description":"","publisher":{"@id":"https:\/\/www.ador-dental.de\/en\/#organization"},"potentialAction":[{"@type":"SearchAction","target":{"@type":"EntryPoint","urlTemplate":"https:\/\/www.ador-dental.de\/en\/?s={search_term_string}"},"query-input":{"@type":"PropertyValueSpecification","valueRequired":true,"valueName":"search_term_string"}}],"inLanguage":"en-US"},{"@type":"Organization","@id":"https:\/\/www.ador-dental.de\/en\/#organization","name":"Ador Dental GmbH","url":"https:\/\/www.ador-dental.de\/en\/","logo":{"@type":"ImageObject","inLanguage":"en-US","@id":"https:\/\/www.ador-dental.de\/en\/#\/schema\/logo\/image\/","url":"https:\/\/www.ador-dental.de\/wp-content\/uploads\/2021\/10\/ADOR_Logo_DentalSolutions_2020_Black.svg","contentUrl":"https:\/\/www.ador-dental.de\/wp-content\/uploads\/2021\/10\/ADOR_Logo_DentalSolutions_2020_Black.svg","width":678,"height":261,"caption":"Ador Dental GmbH"},"image":{"@id":"https:\/\/www.ador-dental.de\/en\/#\/schema\/logo\/image\/"}}]}},"_links":{"self":[{"href":"https:\/\/www.ador-dental.de\/en\/wp-json\/wp\/v2\/product\/3532","targetHints":{"allow":["GET"]}}],"collection":[{"href":"https:\/\/www.ador-dental.de\/en\/wp-json\/wp\/v2\/product"}],"about":[{"href":"https:\/\/www.ador-dental.de\/en\/wp-json\/wp\/v2\/types\/product"}],"replies":[{"embeddable":true,"href":"https:\/\/www.ador-dental.de\/en\/wp-json\/wp\/v2\/comments?post=3532"}],"version-history":[{"count":19,"href":"https:\/\/www.ador-dental.de\/en\/wp-json\/wp\/v2\/product\/3532\/revisions"}],"predecessor-version":[{"id":19680,"href":"https:\/\/www.ador-dental.de\/en\/wp-json\/wp\/v2\/product\/3532\/revisions\/19680"}],"wp:featuredmedia":[{"embeddable":true,"href":"https:\/\/www.ador-dental.de\/en\/wp-json\/wp\/v2\/media\/4402"}],"wp:attachment":[{"href":"https:\/\/www.ador-dental.de\/en\/wp-json\/wp\/v2\/media?parent=3532"}],"wp:term":[{"taxonomy":"product_brand","embeddable":true,"href":"https:\/\/www.ador-dental.de\/en\/wp-json\/wp\/v2\/product_brand?post=3532"},{"taxonomy":"product_cat","embeddable":true,"href":"https:\/\/www.ador-dental.de\/en\/wp-json\/wp\/v2\/product_cat?post=3532"},{"taxonomy":"product_tag","embeddable":true,"href":"https:\/\/www.ador-dental.de\/en\/wp-json\/wp\/v2\/product_tag?post=3532"}],"curies":[{"name":"wp","href":"https:\/\/api.w.org\/{rel}","templated":true}]}}