{"id":31159,"date":"2026-03-03T14:23:02","date_gmt":"2026-03-03T13:23:02","guid":{"rendered":"https:\/\/www.ador-dental.de\/?post_type=product&#038;p=31159"},"modified":"2026-03-05T10:30:03","modified_gmt":"2026-03-05T09:30:03","slug":"keyprint-keysplint-soft-pink","status":"publish","type":"product","link":"https:\/\/www.ador-dental.de\/en\/product\/keyprint-keysplint-soft-pink\/","title":{"rendered":"Keyprint KeySplint Soft - pink 1kg"},"content":{"rendered":"<div class=\"elementor-element elementor-element-a6e479b elementor-widget elementor-widget-heading\" data-id=\"a6e479b\" data-element_type=\"widget\" data-widget_type=\"heading.default\">\n<div class=\"elementor-widget-container\">\n<h4 class=\"elementor-heading-title elementor-size-default\">KeyPrint KeySplint Soft Pink<\/h4>\n<\/div>\n<\/div>\n<div class=\"elementor-element elementor-element-7c38b31 elementor-widget elementor-widget-heading\" data-id=\"7c38b31\" data-element_type=\"widget\" data-widget_type=\"heading.default\">\n<div class=\"elementor-widget-container\">\n<p class=\"elementor-heading-title elementor-size-default\">KeySplint Soft is fully biocompatible and complies with international regulations and standards for medical devices. Its robust formulation has a guaranteed shelf life of three years, is color stable and has been validated in many open printing systems. No other dental splint resin can offer the quality and performance of KeySplint Soft.<\/p>\n<\/div>\n<\/div>\n<div class=\"elementor-element elementor-element-ab2b48d n1-spacing-m n1-spacing-mobile-m elementor-widget elementor-widget-n1-spacer\" data-id=\"ab2b48d\" data-element_type=\"widget\" data-widget_type=\"n1-spacer.default\">\n<div class=\"elementor-widget-container\">\n<div class=\"elementor-spacer\">\n<div class=\"elementor-spacer-inner spacing--m\"><\/div>\n<\/div>\n<\/div>\n<\/div>\n<div class=\"elementor-element elementor-element-e3a9b3d elementor-widget elementor-widget-shortcode\" data-id=\"e3a9b3d\" data-element_type=\"widget\" data-widget_type=\"shortcode.default\">\n<div class=\"elementor-widget-container\">\n<div class=\"elementor-shortcode\"><\/div>\n<\/div>\n<\/div>\n<div class=\"elementor-element elementor-element-28168ec n1-spacing-m elementor-widget elementor-widget-n1-spacer\" data-id=\"28168ec\" data-element_type=\"widget\" data-widget_type=\"n1-spacer.default\">\n<div class=\"elementor-widget-container\">\n<div class=\"elementor-spacer\">\n<div class=\"elementor-spacer-inner spacing--m\"><\/div>\n<\/div>\n<\/div>\n<\/div>\n<div class=\"elementor-element elementor-element-65824b2 elementor-widget elementor-widget-heading\" data-id=\"65824b2\" data-element_type=\"widget\" data-widget_type=\"heading.default\">\n<div class=\"elementor-widget-container\"><\/div>\n<\/div>","protected":false},"excerpt":{"rendered":"<p>Indicated for the manufacture of orthodontic and dental appliances such as occlusal splints, mouth guards, night guards, snoring appliances, splints and repositioners<\/p>","protected":false},"featured_media":31204,"comment_status":"open","ping_status":"closed","template":"","meta":{"neve_meta_sidebar":"","neve_meta_container":"","neve_meta_enable_content_width":"off","neve_meta_content_width":100,"neve_meta_title_alignment":"","neve_meta_author_avatar":"","neve_post_elements_order":"","neve_meta_disable_header":"","neve_meta_disable_footer":"","neve_meta_disable_title":"","_themeisle_gutenberg_block_has_review":false},"product_brand":[],"product_cat":[212,1112,432],"product_tag":[1000,1079,1293,1294],"class_list":{"0":"post-31159","1":"product","2":"type-product","3":"status-publish","4":"has-post-thumbnail","6":"product_cat-adorprint","7":"product_cat-keystone","8":"product_cat-resine","9":"product_tag-clear","10":"product_tag-keysplint","11":"product_tag-pink","12":"product_tag-soft","14":"first","15":"instock","16":"taxable","17":"shipping-taxable","18":"purchasable","19":"product-type-simple"},"yoast_head":"<!-- This site is optimized with the Yoast SEO plugin v27.4 - https:\/\/yoast.com\/product\/yoast-seo-wordpress\/ -->\n<title>Keyprint KeySplint Soft - pink 1kg - Ador Dental GmbH<\/title>\n<meta name=\"description\" content=\"F\u00fcr die Herstellung von kieferorthop\u00e4dischen und zahn\u00e4rztlichen Apparaturen wie Aufbissschienen, Mundschutz, Nachtschutz, Schnarchapparaturen, Schienen\" \/>\n<meta name=\"robots\" content=\"index, follow, max-snippet:-1, max-image-preview:large, max-video-preview:-1\" \/>\n<link rel=\"canonical\" href=\"https:\/\/www.ador-dental.de\/en\/product\/keyprint-keysplint-soft-pink\/\" \/>\n<meta property=\"og:locale\" content=\"en_US\" \/>\n<meta property=\"og:type\" content=\"article\" \/>\n<meta property=\"og:title\" content=\"Keyprint KeySplint Soft - pink 1kg - Ador Dental GmbH\" \/>\n<meta property=\"og:description\" content=\"F\u00fcr die Herstellung von kieferorthop\u00e4dischen und zahn\u00e4rztlichen Apparaturen wie Aufbissschienen, Mundschutz, Nachtschutz, Schnarchapparaturen, Schienen\" \/>\n<meta property=\"og:url\" content=\"https:\/\/www.ador-dental.de\/en\/product\/keyprint-keysplint-soft-pink\/\" \/>\n<meta property=\"og:site_name\" content=\"Ador Dental GmbH\" \/>\n<meta property=\"article:modified_time\" content=\"2026-03-05T09:30:03+00:00\" \/>\n<meta property=\"og:image\" content=\"https:\/\/www.ador-dental.de\/wp-content\/uploads\/2026\/03\/Keysplint-Soft-Pink-PB.png\" \/>\n\t<meta property=\"og:image:width\" content=\"1024\" \/>\n\t<meta property=\"og:image:height\" content=\"1024\" \/>\n\t<meta property=\"og:image:type\" content=\"image\/png\" \/>\n<meta name=\"twitter:card\" content=\"summary_large_image\" \/>\n<script type=\"application\/ld+json\" class=\"yoast-schema-graph\">{\"@context\":\"https:\\\/\\\/schema.org\",\"@graph\":[{\"@type\":\"WebPage\",\"@id\":\"https:\\\/\\\/www.ador-dental.de\\\/produkt\\\/keyprint-keysplint-soft-pink\\\/\",\"url\":\"https:\\\/\\\/www.ador-dental.de\\\/produkt\\\/keyprint-keysplint-soft-pink\\\/\",\"name\":\"Keyprint KeySplint Soft - pink 1kg - Ador Dental GmbH\",\"isPartOf\":{\"@id\":\"https:\\\/\\\/www.ador-dental.de\\\/en\\\/#website\"},\"primaryImageOfPage\":{\"@id\":\"https:\\\/\\\/www.ador-dental.de\\\/produkt\\\/keyprint-keysplint-soft-pink\\\/#primaryimage\"},\"image\":{\"@id\":\"https:\\\/\\\/www.ador-dental.de\\\/produkt\\\/keyprint-keysplint-soft-pink\\\/#primaryimage\"},\"thumbnailUrl\":\"https:\\\/\\\/www.ador-dental.de\\\/wp-content\\\/uploads\\\/2026\\\/03\\\/Keysplint-Soft-Pink-PB.png\",\"datePublished\":\"2026-03-03T13:23:02+00:00\",\"dateModified\":\"2026-03-05T09:30:03+00:00\",\"description\":\"F\u00fcr die Herstellung von kieferorthop\u00e4dischen und zahn\u00e4rztlichen Apparaturen wie Aufbissschienen, Mundschutz, Nachtschutz, Schnarchapparaturen, Schienen\",\"breadcrumb\":{\"@id\":\"https:\\\/\\\/www.ador-dental.de\\\/produkt\\\/keyprint-keysplint-soft-pink\\\/#breadcrumb\"},\"inLanguage\":\"en-US\",\"potentialAction\":[{\"@type\":\"ReadAction\",\"target\":[\"https:\\\/\\\/www.ador-dental.de\\\/produkt\\\/keyprint-keysplint-soft-pink\\\/\"]}]},{\"@type\":\"ImageObject\",\"inLanguage\":\"en-US\",\"@id\":\"https:\\\/\\\/www.ador-dental.de\\\/produkt\\\/keyprint-keysplint-soft-pink\\\/#primaryimage\",\"url\":\"https:\\\/\\\/www.ador-dental.de\\\/wp-content\\\/uploads\\\/2026\\\/03\\\/Keysplint-Soft-Pink-PB.png\",\"contentUrl\":\"https:\\\/\\\/www.ador-dental.de\\\/wp-content\\\/uploads\\\/2026\\\/03\\\/Keysplint-Soft-Pink-PB.png\",\"width\":1024,\"height\":1024},{\"@type\":\"BreadcrumbList\",\"@id\":\"https:\\\/\\\/www.ador-dental.de\\\/produkt\\\/keyprint-keysplint-soft-pink\\\/#breadcrumb\",\"itemListElement\":[{\"@type\":\"ListItem\",\"position\":1,\"name\":\"Startseite\",\"item\":\"https:\\\/\\\/www.ador-dental.de\\\/\"},{\"@type\":\"ListItem\",\"position\":2,\"name\":\"Shop\",\"item\":\"https:\\\/\\\/www.ador-dental.de\\\/en\\\/shop\\\/\"},{\"@type\":\"ListItem\",\"position\":3,\"name\":\"Keyprint KeySplint Soft &#8211; pink 1kg\"}]},{\"@type\":\"WebSite\",\"@id\":\"https:\\\/\\\/www.ador-dental.de\\\/en\\\/#website\",\"url\":\"https:\\\/\\\/www.ador-dental.de\\\/en\\\/\",\"name\":\"Ador Dental GmbH\",\"description\":\"\",\"publisher\":{\"@id\":\"https:\\\/\\\/www.ador-dental.de\\\/en\\\/#organization\"},\"potentialAction\":[{\"@type\":\"SearchAction\",\"target\":{\"@type\":\"EntryPoint\",\"urlTemplate\":\"https:\\\/\\\/www.ador-dental.de\\\/en\\\/?s={search_term_string}\"},\"query-input\":{\"@type\":\"PropertyValueSpecification\",\"valueRequired\":true,\"valueName\":\"search_term_string\"}}],\"inLanguage\":\"en-US\"},{\"@type\":\"Organization\",\"@id\":\"https:\\\/\\\/www.ador-dental.de\\\/en\\\/#organization\",\"name\":\"Ador Dental GmbH\",\"url\":\"https:\\\/\\\/www.ador-dental.de\\\/en\\\/\",\"logo\":{\"@type\":\"ImageObject\",\"inLanguage\":\"en-US\",\"@id\":\"https:\\\/\\\/www.ador-dental.de\\\/en\\\/#\\\/schema\\\/logo\\\/image\\\/\",\"url\":\"https:\\\/\\\/www.ador-dental.de\\\/wp-content\\\/uploads\\\/2021\\\/10\\\/ADOR_Logo_DentalSolutions_2020_Black.svg\",\"contentUrl\":\"https:\\\/\\\/www.ador-dental.de\\\/wp-content\\\/uploads\\\/2021\\\/10\\\/ADOR_Logo_DentalSolutions_2020_Black.svg\",\"width\":678,\"height\":261,\"caption\":\"Ador Dental GmbH\"},\"image\":{\"@id\":\"https:\\\/\\\/www.ador-dental.de\\\/en\\\/#\\\/schema\\\/logo\\\/image\\\/\"}}]}<\/script>\n<!-- \/ Yoast SEO plugin. -->","yoast_head_json":{"title":"Keyprint KeySplint Soft - pink 1kg - Ador Dental GmbH","description":"F\u00fcr die Herstellung von kieferorthop\u00e4dischen und zahn\u00e4rztlichen Apparaturen wie Aufbissschienen, Mundschutz, Nachtschutz, Schnarchapparaturen, Schienen","robots":{"index":"index","follow":"follow","max-snippet":"max-snippet:-1","max-image-preview":"max-image-preview:large","max-video-preview":"max-video-preview:-1"},"canonical":"https:\/\/www.ador-dental.de\/en\/product\/keyprint-keysplint-soft-pink\/","og_locale":"en_US","og_type":"article","og_title":"Keyprint KeySplint Soft - pink 1kg - Ador Dental GmbH","og_description":"F\u00fcr die Herstellung von kieferorthop\u00e4dischen und zahn\u00e4rztlichen Apparaturen wie Aufbissschienen, Mundschutz, Nachtschutz, Schnarchapparaturen, Schienen","og_url":"https:\/\/www.ador-dental.de\/en\/product\/keyprint-keysplint-soft-pink\/","og_site_name":"Ador Dental GmbH","article_modified_time":"2026-03-05T09:30:03+00:00","og_image":[{"width":1024,"height":1024,"url":"https:\/\/www.ador-dental.de\/wp-content\/uploads\/2026\/03\/Keysplint-Soft-Pink-PB.png","type":"image\/png"}],"twitter_card":"summary_large_image","schema":{"@context":"https:\/\/schema.org","@graph":[{"@type":"WebPage","@id":"https:\/\/www.ador-dental.de\/produkt\/keyprint-keysplint-soft-pink\/","url":"https:\/\/www.ador-dental.de\/produkt\/keyprint-keysplint-soft-pink\/","name":"Keyprint KeySplint Soft - pink 1kg - Ador Dental GmbH","isPartOf":{"@id":"https:\/\/www.ador-dental.de\/en\/#website"},"primaryImageOfPage":{"@id":"https:\/\/www.ador-dental.de\/produkt\/keyprint-keysplint-soft-pink\/#primaryimage"},"image":{"@id":"https:\/\/www.ador-dental.de\/produkt\/keyprint-keysplint-soft-pink\/#primaryimage"},"thumbnailUrl":"https:\/\/www.ador-dental.de\/wp-content\/uploads\/2026\/03\/Keysplint-Soft-Pink-PB.png","datePublished":"2026-03-03T13:23:02+00:00","dateModified":"2026-03-05T09:30:03+00:00","description":"F\u00fcr die Herstellung von kieferorthop\u00e4dischen und zahn\u00e4rztlichen Apparaturen wie Aufbissschienen, Mundschutz, Nachtschutz, Schnarchapparaturen, Schienen","breadcrumb":{"@id":"https:\/\/www.ador-dental.de\/produkt\/keyprint-keysplint-soft-pink\/#breadcrumb"},"inLanguage":"en-US","potentialAction":[{"@type":"ReadAction","target":["https:\/\/www.ador-dental.de\/produkt\/keyprint-keysplint-soft-pink\/"]}]},{"@type":"ImageObject","inLanguage":"en-US","@id":"https:\/\/www.ador-dental.de\/produkt\/keyprint-keysplint-soft-pink\/#primaryimage","url":"https:\/\/www.ador-dental.de\/wp-content\/uploads\/2026\/03\/Keysplint-Soft-Pink-PB.png","contentUrl":"https:\/\/www.ador-dental.de\/wp-content\/uploads\/2026\/03\/Keysplint-Soft-Pink-PB.png","width":1024,"height":1024},{"@type":"BreadcrumbList","@id":"https:\/\/www.ador-dental.de\/produkt\/keyprint-keysplint-soft-pink\/#breadcrumb","itemListElement":[{"@type":"ListItem","position":1,"name":"Startseite","item":"https:\/\/www.ador-dental.de\/"},{"@type":"ListItem","position":2,"name":"Shop","item":"https:\/\/www.ador-dental.de\/en\/shop\/"},{"@type":"ListItem","position":3,"name":"Keyprint KeySplint Soft &#8211; pink 1kg"}]},{"@type":"WebSite","@id":"https:\/\/www.ador-dental.de\/en\/#website","url":"https:\/\/www.ador-dental.de\/en\/","name":"Ador Dental GmbH","description":"","publisher":{"@id":"https:\/\/www.ador-dental.de\/en\/#organization"},"potentialAction":[{"@type":"SearchAction","target":{"@type":"EntryPoint","urlTemplate":"https:\/\/www.ador-dental.de\/en\/?s={search_term_string}"},"query-input":{"@type":"PropertyValueSpecification","valueRequired":true,"valueName":"search_term_string"}}],"inLanguage":"en-US"},{"@type":"Organization","@id":"https:\/\/www.ador-dental.de\/en\/#organization","name":"Ador Dental GmbH","url":"https:\/\/www.ador-dental.de\/en\/","logo":{"@type":"ImageObject","inLanguage":"en-US","@id":"https:\/\/www.ador-dental.de\/en\/#\/schema\/logo\/image\/","url":"https:\/\/www.ador-dental.de\/wp-content\/uploads\/2021\/10\/ADOR_Logo_DentalSolutions_2020_Black.svg","contentUrl":"https:\/\/www.ador-dental.de\/wp-content\/uploads\/2021\/10\/ADOR_Logo_DentalSolutions_2020_Black.svg","width":678,"height":261,"caption":"Ador Dental GmbH"},"image":{"@id":"https:\/\/www.ador-dental.de\/en\/#\/schema\/logo\/image\/"}}]}},"_links":{"self":[{"href":"https:\/\/www.ador-dental.de\/en\/wp-json\/wp\/v2\/product\/31159","targetHints":{"allow":["GET"]}}],"collection":[{"href":"https:\/\/www.ador-dental.de\/en\/wp-json\/wp\/v2\/product"}],"about":[{"href":"https:\/\/www.ador-dental.de\/en\/wp-json\/wp\/v2\/types\/product"}],"replies":[{"embeddable":true,"href":"https:\/\/www.ador-dental.de\/en\/wp-json\/wp\/v2\/comments?post=31159"}],"version-history":[{"count":5,"href":"https:\/\/www.ador-dental.de\/en\/wp-json\/wp\/v2\/product\/31159\/revisions"}],"predecessor-version":[{"id":31209,"href":"https:\/\/www.ador-dental.de\/en\/wp-json\/wp\/v2\/product\/31159\/revisions\/31209"}],"wp:featuredmedia":[{"embeddable":true,"href":"https:\/\/www.ador-dental.de\/en\/wp-json\/wp\/v2\/media\/31204"}],"wp:attachment":[{"href":"https:\/\/www.ador-dental.de\/en\/wp-json\/wp\/v2\/media?parent=31159"}],"wp:term":[{"taxonomy":"product_brand","embeddable":true,"href":"https:\/\/www.ador-dental.de\/en\/wp-json\/wp\/v2\/product_brand?post=31159"},{"taxonomy":"product_cat","embeddable":true,"href":"https:\/\/www.ador-dental.de\/en\/wp-json\/wp\/v2\/product_cat?post=31159"},{"taxonomy":"product_tag","embeddable":true,"href":"https:\/\/www.ador-dental.de\/en\/wp-json\/wp\/v2\/product_tag?post=31159"}],"curies":[{"name":"wp","href":"https:\/\/api.w.org\/{rel}","templated":true}]}}