{"id":31064,"date":"2026-02-24T15:13:41","date_gmt":"2026-02-24T14:13:41","guid":{"rendered":"https:\/\/www.ador-dental.de\/?post_type=product&#038;p=31064"},"modified":"2026-03-02T14:25:39","modified_gmt":"2026-03-02T13:25:39","slug":"adorbond-cv-pulver-10-30%c2%b5m","status":"publish","type":"product","link":"https:\/\/www.ador-dental.de\/en\/product\/adorbond-cv-pulver-10-30%c2%b5m\/","title":{"rendered":"Adorbond CV powder 10-30\u00b5m"},"content":{"rendered":"<p><a href=\"https:\/\/www.ador-dental.de\/wp-content\/uploads\/2026\/02\/REV-0226-Adorbond-CV-Pulver-10-\u00b5m-30-\u00b5m-Aufbrenn-Modellgussleg.-DE-EN.pdf\">Gebrauchsanweisung DE\/EN<\/a><\/p>\n<p>Adorbond CV Pulver 10-30 \u03bcm ist eine dentale Metallkeramik-Legierung auf Kobalt-Basis. Adorbond CV Pulver 10-30 \u03bcm ist frei von Nickel, Cadmium, Beryllium und Blei und entspricht gem\u00e4\u00df EN ISO 22674 dem Typ 5 f\u00fcr Applikationen, bei denen Teile der Vorrichtung eine Kombination aus hoher Steifigkeit und Dehnungsgrenze erfordern, z.B. d\u00fcnne herausnehmbare Teilprothesen, Teile mit d\u00fcnnen Querschnitten, Klammern. Adorbond CV Pulver 10-30 \u03bcm ist sowohl als Modellguss-Legierung als auch als Metallkeramik-Legierung verwendbar.<br \/>\n<!-- Tabelle 1: Zusammensetzung --><\/p>\n<table style=\"width: 100%; border-collapse: collapse;\">\n<thead>\n<tr>\n<th style=\"text-align: left;\" colspan=\"3\">Composition w<sub>i<\/sub><\/th>\n<\/tr>\n<\/thead>\n<tbody>\n<tr>\n<td>Co<\/td>\n<td>%<\/td>\n<td>63,0<\/td>\n<\/tr>\n<tr>\n<td>Cr<\/td>\n<td>%<\/td>\n<td>29,0<\/td>\n<\/tr>\n<tr>\n<td>Mo<\/td>\n<td>%<\/td>\n<td>5,8<\/td>\n<\/tr>\n<tr>\n<td>Si<\/td>\n<td>%<\/td>\n<td>1,2<\/td>\n<\/tr>\n<tr>\n<td>Fe, Mn, Nb<\/td>\n<td>%<\/td>\n<td>&lt; 1<\/td>\n<\/tr>\n<\/tbody>\n<\/table>\n<p>&nbsp;<\/p>\n<p><!-- Tabelle 2: Technische Daten --><\/p>\n<table style=\"width: 100%; border-collapse: collapse;\">\n<thead>\n<tr>\n<th style=\"text-align: left;\" colspan=\"3\">Technische Daten (Richtwerte, Zustand gefertigt\/Brand)<\/th>\n<\/tr>\n<\/thead>\n<tbody>\n<tr>\n<td>Korngr\u00f6\u00dfen d<sub>i<\/sub><\/td>\n<td>\u00b5m<\/td>\n<td>10\u201330<\/td>\n<\/tr>\n<tr>\n<td>Density \u03f1<\/td>\n<td>g - cm<sup>-3<\/sup><\/td>\n<td>8,2<\/td>\n<\/tr>\n<tr>\n<td>Vickers hardness<\/td>\n<td>HV 10<\/td>\n<td>370<\/td>\n<\/tr>\n<tr>\n<td>Linearer thermischer Ausdehnungskoeffizient \u03b1 (25\u2013500\u00a0\u00b0C)<\/td>\n<td>10<sup>-6<\/sup> \u00b7 K<sup>-1<\/sup><\/td>\n<td>14,2<\/td>\n<\/tr>\n<tr>\n<td>Linearer thermischer Ausdehnungskoeffizient \u03b1 (20\u2013600\u00a0\u00b0C)<\/td>\n<td>10<sup>-6<\/sup> \u00b7 K<sup>-1<\/sup><\/td>\n<td>14,4<\/td>\n<\/tr>\n<tr>\n<td>Highest recommended bonding temperature T<sub>Br,max<\/sub><\/td>\n<td>\u00b0C<\/td>\n<td>980<\/td>\n<\/tr>\n<tr>\n<td>0,2-% Yield strength R<sub>p 0,2<\/sub><\/td>\n<td>MPa<\/td>\n<td>780<\/td>\n<\/tr>\n<tr>\n<td>Elastic modulus E<\/td>\n<td>GPa<\/td>\n<td>200<\/td>\n<\/tr>\n<tr>\n<td>Elongation at break A<sub>5<\/sub><\/td>\n<td>%<\/td>\n<td>12<\/td>\n<\/tr>\n<tr>\n<td>Zugfestigkeit (R<sub>m<\/sub>)<\/td>\n<td>MPa<\/td>\n<td>1290<\/td>\n<\/tr>\n<\/tbody>\n<\/table>\n<p>Das Design erfolgt mit geeigneter CAD-Software unter Ber\u00fccksichtigung der zahntechnischen Regeln. Wandst\u00e4rke nach dem Ausarbeiten: mind. 0,3 mm. Verbinder so stark und hoch wie m\u00f6glich gestalten (H\u00f6he: mind. 3,5 mm, Breite: mind. 2,5 mm).<\/p>\n<p><strong>SLM-Verfahren<\/strong><br \/>\nStaubbildung beim \u00d6ffnen der Verpackung, beim Transport und beim Einf\u00fcllen des Pulvers in das SLM-System vermeiden! Ein auf die Korngr\u00f6\u00dfe von Adorbond CV Pulver 10-30 \u03bcm abgestimmtes SLM-System verwenden und Ger\u00fcstfertigung entsprechend der Gebrauchsanweisung des SLM-Systems durchf\u00fchren. Nicht geschmolzenes Pulver kann wiederverwendet werden, sollte jedoch vorher mithilfe eines Pulversiebes (80 \u03bcm) gesiebt werden. Geschmolzenes Pulver darf nicht, durch z.B. Gie\u00dfen, wiederverwendet werden.<\/p>\n<p><strong>Kugelstrahlen<\/strong><br \/>\nAbstrahlen der Produktionsplattform mit kugelf\u00f6rmigen keramischen Werkstoffen mit \uf0c6 0,125-0,250 mm bei 2,5-3,5 bar bis eine gleichm\u00e4\u00dfige S\u00e4ttigung der Oberfl\u00e4che sichtbar ist.<\/p>\n<p><strong>Spannungsarmgl\u00fchen<\/strong><br \/>\nDie W\u00e4rmebehandlung sollte in einem speziellen Ofen unter Argon-Atmosph\u00e4re durchgef\u00fchrt werden. Schutzgas-Box, in der die Produktionsplattform positioniert wird, bei einem Argon-Fluss von 1-2 L\/min in den kalten Ofen platzieren. Danach:<br \/>\n1.Innerhalb von 60 min auf 850 \u00b0C aufheizen und f\u00fcr 60 min die Temperatur halten.<br \/>\n2.Abk\u00fchlen lassen. Fr\u00fchestens bei 600 \u00b0C oder geringerer Temperatur die Ofent\u00fcr \u00f6ffnen und bei max. 300 \u00b0C die Schutzgasbox entnehmen und die Argon-Zufuhr schlie\u00dfen.<\/p>\n<p><strong>Ceramic firing<\/strong><br \/>\nEs k\u00f6nnen die handels\u00fcblichen normal schmelzenden Aufbrennkeramiken f\u00fcr Kobalt-Aufbrennlegierungen mit passendem W\u00e4rmeausdehnungskoeffizient verwendet werden. Bitte beachten Sie die zugeh\u00f6rige Arbeitsanweisung und die Angaben des Keramikherstellers bez\u00fcglich der Abk\u00fchlgeschwindigkeit nach dem Brand. Nach dem Spannungsarmgl\u00fchen und Abk\u00fchlen der Produktionsplattform:<br \/>\n1. Restaurationen mit einer Bands\u00e4ge, rotierenden Instrumenten oder einer Zange von der Platte entfernen. Reste der St\u00fctzen ebenfalls mit einer Zange entfernen. Ger\u00fcst ausarbeiten. Hierf\u00fcr werden Hartmetallfr\u00e4sen empfohlen.<br \/>\n2. blast the framework surface in the stylus blaster with aluminum oxide 100 m or 250 m.<br \/>\n3. clean the framework in distilled water with ultrasound or with ethyl acetate degreasing agent.<br \/>\n4. oxide firing (optional to check the surface) 5 min at approx. 960 C under vacuum. After firing, always blast the oxide layer again and degrease again.<br \/>\nNote: cleanliness of the surface is the best protection against bubbles in the ceramic.<br \/>\nApply a thin layer of Wash firing, then apply the second base firing to achieve an even coverage.<br \/>\nAlways let paste opaque dry for 5-10 minutes at 600\u00b0C before heating.<br \/>\n6. firing and cooling according to the instructions of the manufacturer of the ceramic mass used.<br \/>\nIn the case of long-term cooling, carry out a cooling phase up to approx. 750 C after each Dentin, Correction and Glaze firing.<\/p>\n<p><strong>Finishing up<\/strong><br \/>\nAfter firing the ceramic, rubberize unveneered framework parts and polish to a high gloss with a polishing paste for dental alloys or with rotating polishing tools.<\/p>\n<p><strong>Soldering and welding<\/strong><br \/>\nL\u00f6ten vor dem Brand mit handels\u00fcblichem Lot und zugeh\u00f6rigem Hochtemperatur-Flussmittel. Die Breite des Lotspaltes sollte 0,05-0,2 mm betragen. Laserschwei\u00dfen mit handels\u00fcblichem Laserschwei\u00dfdraht<\/p>","protected":false},"excerpt":{"rendered":"<p><strong>Bottle \u00e1 5 kg<\/strong><\/p>\n<p>Adorbond CV Pulver 10-30 \u03bcm ist sowohl als Modellguss-Legierung als auch als Metallkeramik-Legierung verwendbar.<\/p>\n<p>Grain size:\u00a0<strong>10\/30<\/strong>\u00a0<strong>\u00b5m<\/strong><\/p>\n<p>&nbsp;<\/p>","protected":false},"featured_media":31097,"comment_status":"open","ping_status":"closed","template":"","meta":{"neve_meta_sidebar":"","neve_meta_container":"","neve_meta_enable_content_width":"off","neve_meta_content_width":70,"neve_meta_title_alignment":"","neve_meta_author_avatar":"","neve_post_elements_order":"","neve_meta_disable_header":"","neve_meta_disable_footer":"","neve_meta_disable_title":"","_themeisle_gutenberg_block_has_review":false},"product_brand":[],"product_cat":[718,719],"product_tag":[],"class_list":{"0":"post-31064","1":"product","2":"type-product","3":"status-publish","4":"has-post-thumbnail","6":"product_cat-ador-melting","7":"product_cat-slm-pulver","9":"first","10":"instock","11":"taxable","12":"shipping-taxable","13":"purchasable","14":"product-type-simple"},"yoast_head":"<!-- This site is optimized with the Yoast SEO plugin v27.4 - https:\/\/yoast.com\/product\/yoast-seo-wordpress\/ -->\n<title>Adorbond CV Pulver 10-30\u00b5m - Ador Dental GmbH<\/title>\n<meta name=\"description\" content=\"Adorbond CV Powder 10-30 \u03bcm ist als Modellguss-Legierung und Metallkeramik-Legierung verwendbar.\" \/>\n<meta name=\"robots\" content=\"index, follow, max-snippet:-1, max-image-preview:large, max-video-preview:-1\" \/>\n<link rel=\"canonical\" href=\"https:\/\/www.ador-dental.de\/en\/product\/adorbond-cv-pulver-10-30\u00b5m\/\" \/>\n<meta property=\"og:locale\" content=\"en_US\" \/>\n<meta property=\"og:type\" content=\"article\" \/>\n<meta property=\"og:title\" content=\"Adorbond CV Pulver 10-30\u00b5m - Ador Dental GmbH\" \/>\n<meta property=\"og:description\" content=\"Adorbond CV Powder 10-30 \u03bcm ist als Modellguss-Legierung und Metallkeramik-Legierung verwendbar.\" \/>\n<meta property=\"og:url\" content=\"https:\/\/www.ador-dental.de\/en\/product\/adorbond-cv-pulver-10-30\u00b5m\/\" \/>\n<meta property=\"og:site_name\" content=\"Ador Dental GmbH\" \/>\n<meta property=\"article:modified_time\" content=\"2026-03-02T13:25:39+00:00\" \/>\n<meta property=\"og:image\" content=\"https:\/\/www.ador-dental.de\/wp-content\/uploads\/2026\/02\/CV-Powder-10-30-Produktbild.png\" \/>\n\t<meta property=\"og:image:width\" content=\"1024\" \/>\n\t<meta property=\"og:image:height\" content=\"1024\" \/>\n\t<meta property=\"og:image:type\" content=\"image\/png\" \/>\n<meta name=\"twitter:card\" content=\"summary_large_image\" \/>\n<meta name=\"twitter:label1\" content=\"Est. reading time\" \/>\n\t<meta name=\"twitter:data1\" content=\"2 minutes\" \/>\n<script type=\"application\/ld+json\" class=\"yoast-schema-graph\">{\"@context\":\"https:\\\/\\\/schema.org\",\"@graph\":[{\"@type\":\"WebPage\",\"@id\":\"https:\\\/\\\/www.ador-dental.de\\\/produkt\\\/adorbond-cv-pulver-10-30%c2%b5m\\\/\",\"url\":\"https:\\\/\\\/www.ador-dental.de\\\/produkt\\\/adorbond-cv-pulver-10-30%c2%b5m\\\/\",\"name\":\"Adorbond CV Pulver 10-30\u00b5m - Ador Dental GmbH\",\"isPartOf\":{\"@id\":\"https:\\\/\\\/www.ador-dental.de\\\/en\\\/#website\"},\"primaryImageOfPage\":{\"@id\":\"https:\\\/\\\/www.ador-dental.de\\\/produkt\\\/adorbond-cv-pulver-10-30%c2%b5m\\\/#primaryimage\"},\"image\":{\"@id\":\"https:\\\/\\\/www.ador-dental.de\\\/produkt\\\/adorbond-cv-pulver-10-30%c2%b5m\\\/#primaryimage\"},\"thumbnailUrl\":\"https:\\\/\\\/www.ador-dental.de\\\/wp-content\\\/uploads\\\/2026\\\/02\\\/CV-Powder-10-30-Produktbild.png\",\"datePublished\":\"2026-02-24T14:13:41+00:00\",\"dateModified\":\"2026-03-02T13:25:39+00:00\",\"description\":\"Adorbond CV Powder 10-30 \u03bcm ist als Modellguss-Legierung und Metallkeramik-Legierung verwendbar.\",\"breadcrumb\":{\"@id\":\"https:\\\/\\\/www.ador-dental.de\\\/produkt\\\/adorbond-cv-pulver-10-30%c2%b5m\\\/#breadcrumb\"},\"inLanguage\":\"en-US\",\"potentialAction\":[{\"@type\":\"ReadAction\",\"target\":[\"https:\\\/\\\/www.ador-dental.de\\\/produkt\\\/adorbond-cv-pulver-10-30%c2%b5m\\\/\"]}]},{\"@type\":\"ImageObject\",\"inLanguage\":\"en-US\",\"@id\":\"https:\\\/\\\/www.ador-dental.de\\\/produkt\\\/adorbond-cv-pulver-10-30%c2%b5m\\\/#primaryimage\",\"url\":\"https:\\\/\\\/www.ador-dental.de\\\/wp-content\\\/uploads\\\/2026\\\/02\\\/CV-Powder-10-30-Produktbild.png\",\"contentUrl\":\"https:\\\/\\\/www.ador-dental.de\\\/wp-content\\\/uploads\\\/2026\\\/02\\\/CV-Powder-10-30-Produktbild.png\",\"width\":1024,\"height\":1024},{\"@type\":\"BreadcrumbList\",\"@id\":\"https:\\\/\\\/www.ador-dental.de\\\/produkt\\\/adorbond-cv-pulver-10-30%c2%b5m\\\/#breadcrumb\",\"itemListElement\":[{\"@type\":\"ListItem\",\"position\":1,\"name\":\"Startseite\",\"item\":\"https:\\\/\\\/www.ador-dental.de\\\/\"},{\"@type\":\"ListItem\",\"position\":2,\"name\":\"Shop\",\"item\":\"https:\\\/\\\/www.ador-dental.de\\\/en\\\/shop\\\/\"},{\"@type\":\"ListItem\",\"position\":3,\"name\":\"Adorbond CV Pulver 10-30\u00b5m\"}]},{\"@type\":\"WebSite\",\"@id\":\"https:\\\/\\\/www.ador-dental.de\\\/en\\\/#website\",\"url\":\"https:\\\/\\\/www.ador-dental.de\\\/en\\\/\",\"name\":\"Ador Dental GmbH\",\"description\":\"\",\"publisher\":{\"@id\":\"https:\\\/\\\/www.ador-dental.de\\\/en\\\/#organization\"},\"potentialAction\":[{\"@type\":\"SearchAction\",\"target\":{\"@type\":\"EntryPoint\",\"urlTemplate\":\"https:\\\/\\\/www.ador-dental.de\\\/en\\\/?s={search_term_string}\"},\"query-input\":{\"@type\":\"PropertyValueSpecification\",\"valueRequired\":true,\"valueName\":\"search_term_string\"}}],\"inLanguage\":\"en-US\"},{\"@type\":\"Organization\",\"@id\":\"https:\\\/\\\/www.ador-dental.de\\\/en\\\/#organization\",\"name\":\"Ador Dental GmbH\",\"url\":\"https:\\\/\\\/www.ador-dental.de\\\/en\\\/\",\"logo\":{\"@type\":\"ImageObject\",\"inLanguage\":\"en-US\",\"@id\":\"https:\\\/\\\/www.ador-dental.de\\\/en\\\/#\\\/schema\\\/logo\\\/image\\\/\",\"url\":\"https:\\\/\\\/www.ador-dental.de\\\/wp-content\\\/uploads\\\/2021\\\/10\\\/ADOR_Logo_DentalSolutions_2020_Black.svg\",\"contentUrl\":\"https:\\\/\\\/www.ador-dental.de\\\/wp-content\\\/uploads\\\/2021\\\/10\\\/ADOR_Logo_DentalSolutions_2020_Black.svg\",\"width\":678,\"height\":261,\"caption\":\"Ador Dental GmbH\"},\"image\":{\"@id\":\"https:\\\/\\\/www.ador-dental.de\\\/en\\\/#\\\/schema\\\/logo\\\/image\\\/\"}}]}<\/script>\n<!-- \/ Yoast SEO plugin. -->","yoast_head_json":{"title":"Adorbond CV Pulver 10-30\u00b5m - Ador Dental GmbH","description":"Adorbond CV Powder 10-30 \u03bcm ist als Modellguss-Legierung und Metallkeramik-Legierung verwendbar.","robots":{"index":"index","follow":"follow","max-snippet":"max-snippet:-1","max-image-preview":"max-image-preview:large","max-video-preview":"max-video-preview:-1"},"canonical":"https:\/\/www.ador-dental.de\/en\/product\/adorbond-cv-pulver-10-30\u00b5m\/","og_locale":"en_US","og_type":"article","og_title":"Adorbond CV Pulver 10-30\u00b5m - Ador Dental GmbH","og_description":"Adorbond CV Powder 10-30 \u03bcm ist als Modellguss-Legierung und Metallkeramik-Legierung verwendbar.","og_url":"https:\/\/www.ador-dental.de\/en\/product\/adorbond-cv-pulver-10-30\u00b5m\/","og_site_name":"Ador Dental GmbH","article_modified_time":"2026-03-02T13:25:39+00:00","og_image":[{"width":1024,"height":1024,"url":"https:\/\/www.ador-dental.de\/wp-content\/uploads\/2026\/02\/CV-Powder-10-30-Produktbild.png","type":"image\/png"}],"twitter_card":"summary_large_image","twitter_misc":{"Est. reading time":"2 minutes"},"schema":{"@context":"https:\/\/schema.org","@graph":[{"@type":"WebPage","@id":"https:\/\/www.ador-dental.de\/produkt\/adorbond-cv-pulver-10-30%c2%b5m\/","url":"https:\/\/www.ador-dental.de\/produkt\/adorbond-cv-pulver-10-30%c2%b5m\/","name":"Adorbond CV Pulver 10-30\u00b5m - Ador Dental GmbH","isPartOf":{"@id":"https:\/\/www.ador-dental.de\/en\/#website"},"primaryImageOfPage":{"@id":"https:\/\/www.ador-dental.de\/produkt\/adorbond-cv-pulver-10-30%c2%b5m\/#primaryimage"},"image":{"@id":"https:\/\/www.ador-dental.de\/produkt\/adorbond-cv-pulver-10-30%c2%b5m\/#primaryimage"},"thumbnailUrl":"https:\/\/www.ador-dental.de\/wp-content\/uploads\/2026\/02\/CV-Powder-10-30-Produktbild.png","datePublished":"2026-02-24T14:13:41+00:00","dateModified":"2026-03-02T13:25:39+00:00","description":"Adorbond CV Powder 10-30 \u03bcm ist als Modellguss-Legierung und Metallkeramik-Legierung verwendbar.","breadcrumb":{"@id":"https:\/\/www.ador-dental.de\/produkt\/adorbond-cv-pulver-10-30%c2%b5m\/#breadcrumb"},"inLanguage":"en-US","potentialAction":[{"@type":"ReadAction","target":["https:\/\/www.ador-dental.de\/produkt\/adorbond-cv-pulver-10-30%c2%b5m\/"]}]},{"@type":"ImageObject","inLanguage":"en-US","@id":"https:\/\/www.ador-dental.de\/produkt\/adorbond-cv-pulver-10-30%c2%b5m\/#primaryimage","url":"https:\/\/www.ador-dental.de\/wp-content\/uploads\/2026\/02\/CV-Powder-10-30-Produktbild.png","contentUrl":"https:\/\/www.ador-dental.de\/wp-content\/uploads\/2026\/02\/CV-Powder-10-30-Produktbild.png","width":1024,"height":1024},{"@type":"BreadcrumbList","@id":"https:\/\/www.ador-dental.de\/produkt\/adorbond-cv-pulver-10-30%c2%b5m\/#breadcrumb","itemListElement":[{"@type":"ListItem","position":1,"name":"Startseite","item":"https:\/\/www.ador-dental.de\/"},{"@type":"ListItem","position":2,"name":"Shop","item":"https:\/\/www.ador-dental.de\/en\/shop\/"},{"@type":"ListItem","position":3,"name":"Adorbond CV Pulver 10-30\u00b5m"}]},{"@type":"WebSite","@id":"https:\/\/www.ador-dental.de\/en\/#website","url":"https:\/\/www.ador-dental.de\/en\/","name":"Ador Dental GmbH","description":"","publisher":{"@id":"https:\/\/www.ador-dental.de\/en\/#organization"},"potentialAction":[{"@type":"SearchAction","target":{"@type":"EntryPoint","urlTemplate":"https:\/\/www.ador-dental.de\/en\/?s={search_term_string}"},"query-input":{"@type":"PropertyValueSpecification","valueRequired":true,"valueName":"search_term_string"}}],"inLanguage":"en-US"},{"@type":"Organization","@id":"https:\/\/www.ador-dental.de\/en\/#organization","name":"Ador Dental GmbH","url":"https:\/\/www.ador-dental.de\/en\/","logo":{"@type":"ImageObject","inLanguage":"en-US","@id":"https:\/\/www.ador-dental.de\/en\/#\/schema\/logo\/image\/","url":"https:\/\/www.ador-dental.de\/wp-content\/uploads\/2021\/10\/ADOR_Logo_DentalSolutions_2020_Black.svg","contentUrl":"https:\/\/www.ador-dental.de\/wp-content\/uploads\/2021\/10\/ADOR_Logo_DentalSolutions_2020_Black.svg","width":678,"height":261,"caption":"Ador Dental GmbH"},"image":{"@id":"https:\/\/www.ador-dental.de\/en\/#\/schema\/logo\/image\/"}}]}},"_links":{"self":[{"href":"https:\/\/www.ador-dental.de\/en\/wp-json\/wp\/v2\/product\/31064","targetHints":{"allow":["GET"]}}],"collection":[{"href":"https:\/\/www.ador-dental.de\/en\/wp-json\/wp\/v2\/product"}],"about":[{"href":"https:\/\/www.ador-dental.de\/en\/wp-json\/wp\/v2\/types\/product"}],"replies":[{"embeddable":true,"href":"https:\/\/www.ador-dental.de\/en\/wp-json\/wp\/v2\/comments?post=31064"}],"version-history":[{"count":6,"href":"https:\/\/www.ador-dental.de\/en\/wp-json\/wp\/v2\/product\/31064\/revisions"}],"predecessor-version":[{"id":31096,"href":"https:\/\/www.ador-dental.de\/en\/wp-json\/wp\/v2\/product\/31064\/revisions\/31096"}],"wp:featuredmedia":[{"embeddable":true,"href":"https:\/\/www.ador-dental.de\/en\/wp-json\/wp\/v2\/media\/31097"}],"wp:attachment":[{"href":"https:\/\/www.ador-dental.de\/en\/wp-json\/wp\/v2\/media?parent=31064"}],"wp:term":[{"taxonomy":"product_brand","embeddable":true,"href":"https:\/\/www.ador-dental.de\/en\/wp-json\/wp\/v2\/product_brand?post=31064"},{"taxonomy":"product_cat","embeddable":true,"href":"https:\/\/www.ador-dental.de\/en\/wp-json\/wp\/v2\/product_cat?post=31064"},{"taxonomy":"product_tag","embeddable":true,"href":"https:\/\/www.ador-dental.de\/en\/wp-json\/wp\/v2\/product_tag?post=31064"}],"curies":[{"name":"wp","href":"https:\/\/api.w.org\/{rel}","templated":true}]}}