{"id":29657,"date":"2025-05-19T14:01:09","date_gmt":"2025-05-19T12:01:09","guid":{"rendered":"https:\/\/www.ador-dental.de\/?post_type=product&#038;p=29657"},"modified":"2026-02-18T14:53:18","modified_gmt":"2026-02-18T13:53:18","slug":"dwx-52di-plus","status":"publish","type":"product","link":"https:\/\/www.ador-dental.de\/en\/product\/dwx-52di-plus\/","title":{"rendered":"DWX-52DI Plus"},"content":{"rendered":"<div class=\"elementor-element elementor-element-3aca3d4 elementor-widget elementor-widget-heading\" data-id=\"3aca3d4\" data-element_type=\"widget\" data-widget_type=\"heading.default\">\n<div class=\"elementor-widget-container\">\n<p style=\"font-weight: 400;\"><a href=\"https:\/\/www.ador-dental.de\/wp-content\/uploads\/2025\/05\/DWX_52DiPlus_cataloge_DE_13-02-25_WEB.pdf\">Product catalog<\/a><\/p>\n<p>The DWX-52Di Plus's 5-axis milling technology is cost-effective without compromising on quality. It offers a precise and efficient solution for dental prosthesis manufacturing, allowing users to produce a wide range of restorations such as crowns, caps, bridges, inlays, onlays, veneers, abutments, implant bars, and screw-retained crowns.<\/p>\n<p style=\"font-weight: 400;\">The improved, user-replaceable spindle and C-clamp are also compatible with disc and pin materials, increasing the machine's efficiency and versatility.<\/p>\n<\/div>\n<table style=\"font-weight: 400;\" width=\"669\">\n<tbody>\n<tr>\n<td width=\"165\">Machinable material*1<\/td>\n<td colspan=\"2\" width=\"504\">Zirconium, wax, PMMA, composite resin, PEEK, PEKK, plaster, glass fiber reinforced resin, CoCr sintered metal, polycarbonate<\/td>\n<\/tr>\n<tr>\n<td rowspan=\"4\" width=\"165\">Shape of the loadable workpiece<\/td>\n<td rowspan=\"2\" width=\"116\">disc type<\/td>\n<td width=\"388\">Appearance: 98.5 mm (3.88 in.) (diameter), height 10 mm (0.39 in.)<\/td>\n<\/tr>\n<tr>\n<td width=\"388\">Body part: 95 mm (3.47 in.) (diameter), height max. 60 mm (2.36 in.)<\/td>\n<\/tr>\n<tr>\n<td rowspan=\"2\" width=\"116\">Pen type<\/td>\n<td width=\"388\">Pen diameter: 6 mm (0.24 in.)<\/td>\n<\/tr>\n<tr>\n<td width=\"388\">*The optional ZV-52D pen material adapter is required.<\/td>\n<\/tr>\n<tr>\n<td width=\"165\">Operating speed<\/td>\n<td colspan=\"2\" width=\"504\">XYZ: 6 to 1800 mm\/min (0.24 to 70.9 in.\/min.)<\/td>\n<\/tr>\n<tr>\n<td width=\"165\">Spindle motor<\/td>\n<td colspan=\"2\" width=\"504\">Brushless DC motor<\/td>\n<\/tr>\n<tr>\n<td width=\"165\">Spindle speed<\/td>\n<td colspan=\"2\" width=\"504\">6,000 to 30,000 rpm<\/td>\n<\/tr>\n<tr>\n<td width=\"165\">Rotation axis movement angle<\/td>\n<td colspan=\"2\" width=\"504\">A: \u00b1360\u00b0, B: \u00b130\u00b0<\/td>\n<\/tr>\n<tr>\n<td width=\"165\">Number of integrated cutters<\/td>\n<td colspan=\"2\" width=\"504\">15<\/td>\n<\/tr>\n<tr>\n<td width=\"165\">Attachable cutter<\/td>\n<td colspan=\"2\" width=\"504\">Shaft diameter: 4 mm (0.16 in.), length: 40 to 55 mm (1.57 to 2.17 in.)<\/td>\n<\/tr>\n<tr>\n<td width=\"165\">Compatible compressed air<\/td>\n<td colspan=\"2\" width=\"504\">0.02 to 0.2 MPa<\/td>\n<\/tr>\n<tr>\n<td width=\"165\">Interface<\/td>\n<td colspan=\"2\" width=\"504\">USB<\/td>\n<\/tr>\n<tr>\n<td width=\"165\">control command sets<\/td>\n<td colspan=\"2\" width=\"504\">RML-1, NC code<\/td>\n<\/tr>\n<tr>\n<td width=\"165\">Energy supply<\/td>\n<td colspan=\"2\" width=\"504\">100 to 240 VAC \u00b1 10 %, 50\/60 Hz (overvoltage category II, IEC 60664\u20131), 2.0 A<\/td>\n<\/tr>\n<tr>\n<td width=\"165\">Power consumption<\/td>\n<td colspan=\"2\" width=\"504\">Approx. 200 W<\/td>\n<\/tr>\n<tr>\n<td rowspan=\"2\" width=\"165\">Operating noise<\/td>\n<td colspan=\"2\" width=\"504\">During operation: 70 dB(A) or less (when not cutting)<\/td>\n<\/tr>\n<tr>\n<td colspan=\"2\" width=\"504\">In standby mode: 45 dB(A) or less<\/td>\n<\/tr>\n<tr>\n<td width=\"165\">External dimensions<\/td>\n<td colspan=\"2\" width=\"504\">Width \u00d7 Depth \u00d7 Height: 495 \u00d7 660 \u00d7 600 mm (19.5 \u00d7 26.0 \u00d7 23.6 inches)<\/td>\n<\/tr>\n<tr>\n<td width=\"165\">weight<\/td>\n<td colspan=\"2\" width=\"504\">67 kg (148 lb.)<\/td>\n<\/tr>\n<tr>\n<td rowspan=\"4\" width=\"165\">Installation environment<\/td>\n<td colspan=\"2\" width=\"504\">Indoor use at altitudes up to 2000 m (6561.68 ft)<\/td>\n<\/tr>\n<tr>\n<td colspan=\"2\" width=\"504\">Temperature: 5 to 40 \u00b0C, humidity: 35 to 80% RH (non-condensing)<\/td>\n<\/tr>\n<tr>\n<td colspan=\"2\" width=\"504\">Pollution degree: 2 (according to IEC 60664\u20131)<\/td>\n<\/tr>\n<tr>\n<td colspan=\"2\" width=\"504\">Short-term temporary overvoltage: 1,440 V, long-term temporary overvoltage: 490 V<\/td>\n<\/tr>\n<tr>\n<td width=\"165\">Scope of delivery<\/td>\n<td colspan=\"2\" width=\"504\">Power cord, USB cable, manual, CD with DGSHAPE software package, identification pen, automatic correction gauge, hexagonal screwdriver, wrench (for clamp), wrench (for spindle), milling cutter holder, milling cutter positioner, dust collection hoses, dust collection hose adapter, regulator, air hose, collet mounting device, brush, etc.<\/td>\n<\/tr>\n<tr>\n<td colspan=\"3\" width=\"669\">*Even if they are made from the materials described, some workpieces cannot be milled due to specifications or physical properties. For more information, please contact your authorized Roland DG Corporation dealer.<\/td>\n<\/tr>\n<tr>\n<td colspan=\"3\" width=\"669\"><\/td>\n<\/tr>\n<tr>\n<td colspan=\"3\" width=\"669\"><b><strong>system requirements<\/strong><\/b><\/td>\n<\/tr>\n<tr>\n<td width=\"165\">Operating system (OS):<\/td>\n<td colspan=\"2\" width=\"504\">Windows 11 (64-bit version), Windows 10 (32-bit and 64-bit versions)<\/td>\n<\/tr>\n<tr>\n<td width=\"165\">CPU<\/td>\n<td colspan=\"2\" width=\"504\">Minimum CPU required for the operating system<\/td>\n<\/tr>\n<tr>\n<td width=\"165\">storage<\/td>\n<td colspan=\"2\" width=\"504\">Minimum RAM required for the operating system<\/td>\n<\/tr>\n<tr>\n<td width=\"165\">Optical drive<\/td>\n<td colspan=\"2\" width=\"504\">CD-ROM drive<\/td>\n<\/tr>\n<tr>\n<td width=\"165\">Graphics card and monitor<\/td>\n<td colspan=\"2\" width=\"504\">A monitor with at least 256 colors and a resolution of 1024 \u00d7 768 or higher is recommended.<\/td>\n<\/tr>\n<\/tbody>\n<\/table>\n<\/div>","protected":false},"excerpt":{"rendered":"<p style=\"text-align: center;\">The DWX-52Di Plus's 5-axis milling technology is cost-effective without compromising on quality. It offers a precise and efficient solution for dental prosthesis manufacturing, allowing users to produce a wide range of restorations such as crowns, caps, bridges, inlays, onlays, veneers, abutments, implant bars, and screw-retained crowns.<\/p>\n<p style=\"text-align: center;\">RRP: 18.950,00 \u20ac<\/p>\n<p style=\"text-align: left;\">","protected":false},"featured_media":29747,"comment_status":"open","ping_status":"closed","template":"","meta":{"neve_meta_sidebar":"","neve_meta_container":"","neve_meta_enable_content_width":"off","neve_meta_content_width":70,"neve_meta_title_alignment":"","neve_meta_author_avatar":"","neve_post_elements_order":"","neve_meta_disable_header":"","neve_meta_disable_footer":"","neve_meta_disable_title":"","_themeisle_gutenberg_block_has_review":false},"product_brand":[],"product_cat":[836,1239,1244,624],"product_tag":[835],"class_list":{"0":"post-29657","1":"product","2":"type-product","3":"status-publish","4":"has-post-thumbnail","6":"product_cat-dgshape","7":"product_cat-dwx-52di-plus","8":"product_cat-dwx-52di-plus-fraesmaschine","9":"product_cat-equipment","10":"product_tag-fraesmaschine","12":"first","13":"instock","14":"taxable","15":"shipping-taxable","16":"product-type-simple"},"yoast_head":"<!-- This site is optimized with the Yoast SEO plugin v27.4 - https:\/\/yoast.com\/product\/yoast-seo-wordpress\/ -->\n<title>DWX-52DI Plus - Ador Dental GmbH<\/title>\n<meta name=\"description\" content=\"Die 5-Achsen-Fr\u00e4stechnologie der DWX-52Di Plus ist kosteng\u00fcnstig alternative, ohne Kompromisse bei der Qualit\u00e4t einzugehen.\" \/>\n<meta name=\"robots\" content=\"index, follow, max-snippet:-1, max-image-preview:large, max-video-preview:-1\" \/>\n<link rel=\"canonical\" href=\"https:\/\/www.ador-dental.de\/en\/product\/dwx-52di-plus\/\" \/>\n<meta property=\"og:locale\" content=\"en_US\" \/>\n<meta property=\"og:type\" content=\"article\" \/>\n<meta property=\"og:title\" content=\"DWX-52DI Plus - Ador Dental GmbH\" \/>\n<meta property=\"og:description\" content=\"Die 5-Achsen-Fr\u00e4stechnologie der DWX-52Di Plus ist kosteng\u00fcnstig alternative, ohne Kompromisse bei der Qualit\u00e4t einzugehen.\" \/>\n<meta property=\"og:url\" content=\"https:\/\/www.ador-dental.de\/en\/product\/dwx-52di-plus\/\" \/>\n<meta property=\"og:site_name\" content=\"Ador Dental GmbH\" \/>\n<meta property=\"article:modified_time\" content=\"2026-02-18T13:53:18+00:00\" \/>\n<meta property=\"og:image\" content=\"https:\/\/www.ador-dental.de\/wp-content\/uploads\/2025\/05\/DWX52diplus.png\" \/>\n\t<meta property=\"og:image:width\" content=\"1024\" \/>\n\t<meta property=\"og:image:height\" content=\"1024\" \/>\n\t<meta property=\"og:image:type\" content=\"image\/png\" \/>\n<meta name=\"twitter:card\" content=\"summary_large_image\" \/>\n<meta name=\"twitter:label1\" content=\"Est. reading time\" \/>\n\t<meta name=\"twitter:data1\" content=\"3 minutes\" \/>\n<script type=\"application\/ld+json\" class=\"yoast-schema-graph\">{\"@context\":\"https:\\\/\\\/schema.org\",\"@graph\":[{\"@type\":\"WebPage\",\"@id\":\"https:\\\/\\\/www.ador-dental.de\\\/produkt\\\/dwx-52di-plus\\\/\",\"url\":\"https:\\\/\\\/www.ador-dental.de\\\/produkt\\\/dwx-52di-plus\\\/\",\"name\":\"DWX-52DI Plus - Ador Dental GmbH\",\"isPartOf\":{\"@id\":\"https:\\\/\\\/www.ador-dental.de\\\/en\\\/#website\"},\"primaryImageOfPage\":{\"@id\":\"https:\\\/\\\/www.ador-dental.de\\\/produkt\\\/dwx-52di-plus\\\/#primaryimage\"},\"image\":{\"@id\":\"https:\\\/\\\/www.ador-dental.de\\\/produkt\\\/dwx-52di-plus\\\/#primaryimage\"},\"thumbnailUrl\":\"https:\\\/\\\/www.ador-dental.de\\\/wp-content\\\/uploads\\\/2025\\\/05\\\/DWX52diplus.png\",\"datePublished\":\"2025-05-19T12:01:09+00:00\",\"dateModified\":\"2026-02-18T13:53:18+00:00\",\"description\":\"Die 5-Achsen-Fr\u00e4stechnologie der DWX-52Di Plus ist kosteng\u00fcnstig alternative, ohne Kompromisse bei der Qualit\u00e4t einzugehen.\",\"breadcrumb\":{\"@id\":\"https:\\\/\\\/www.ador-dental.de\\\/produkt\\\/dwx-52di-plus\\\/#breadcrumb\"},\"inLanguage\":\"en-US\",\"potentialAction\":[{\"@type\":\"ReadAction\",\"target\":[\"https:\\\/\\\/www.ador-dental.de\\\/produkt\\\/dwx-52di-plus\\\/\"]}]},{\"@type\":\"ImageObject\",\"inLanguage\":\"en-US\",\"@id\":\"https:\\\/\\\/www.ador-dental.de\\\/produkt\\\/dwx-52di-plus\\\/#primaryimage\",\"url\":\"https:\\\/\\\/www.ador-dental.de\\\/wp-content\\\/uploads\\\/2025\\\/05\\\/DWX52diplus.png\",\"contentUrl\":\"https:\\\/\\\/www.ador-dental.de\\\/wp-content\\\/uploads\\\/2025\\\/05\\\/DWX52diplus.png\",\"width\":1024,\"height\":1024},{\"@type\":\"BreadcrumbList\",\"@id\":\"https:\\\/\\\/www.ador-dental.de\\\/produkt\\\/dwx-52di-plus\\\/#breadcrumb\",\"itemListElement\":[{\"@type\":\"ListItem\",\"position\":1,\"name\":\"Startseite\",\"item\":\"https:\\\/\\\/www.ador-dental.de\\\/\"},{\"@type\":\"ListItem\",\"position\":2,\"name\":\"Shop\",\"item\":\"https:\\\/\\\/www.ador-dental.de\\\/en\\\/shop\\\/\"},{\"@type\":\"ListItem\",\"position\":3,\"name\":\"DWX-52DI Plus\"}]},{\"@type\":\"WebSite\",\"@id\":\"https:\\\/\\\/www.ador-dental.de\\\/en\\\/#website\",\"url\":\"https:\\\/\\\/www.ador-dental.de\\\/en\\\/\",\"name\":\"Ador Dental GmbH\",\"description\":\"\",\"publisher\":{\"@id\":\"https:\\\/\\\/www.ador-dental.de\\\/en\\\/#organization\"},\"potentialAction\":[{\"@type\":\"SearchAction\",\"target\":{\"@type\":\"EntryPoint\",\"urlTemplate\":\"https:\\\/\\\/www.ador-dental.de\\\/en\\\/?s={search_term_string}\"},\"query-input\":{\"@type\":\"PropertyValueSpecification\",\"valueRequired\":true,\"valueName\":\"search_term_string\"}}],\"inLanguage\":\"en-US\"},{\"@type\":\"Organization\",\"@id\":\"https:\\\/\\\/www.ador-dental.de\\\/en\\\/#organization\",\"name\":\"Ador Dental GmbH\",\"url\":\"https:\\\/\\\/www.ador-dental.de\\\/en\\\/\",\"logo\":{\"@type\":\"ImageObject\",\"inLanguage\":\"en-US\",\"@id\":\"https:\\\/\\\/www.ador-dental.de\\\/en\\\/#\\\/schema\\\/logo\\\/image\\\/\",\"url\":\"https:\\\/\\\/www.ador-dental.de\\\/wp-content\\\/uploads\\\/2021\\\/10\\\/ADOR_Logo_DentalSolutions_2020_Black.svg\",\"contentUrl\":\"https:\\\/\\\/www.ador-dental.de\\\/wp-content\\\/uploads\\\/2021\\\/10\\\/ADOR_Logo_DentalSolutions_2020_Black.svg\",\"width\":678,\"height\":261,\"caption\":\"Ador Dental GmbH\"},\"image\":{\"@id\":\"https:\\\/\\\/www.ador-dental.de\\\/en\\\/#\\\/schema\\\/logo\\\/image\\\/\"}}]}<\/script>\n<!-- \/ Yoast SEO plugin. -->","yoast_head_json":{"title":"DWX-52DI Plus - Ador Dental GmbH","description":"Die 5-Achsen-Fr\u00e4stechnologie der DWX-52Di Plus ist kosteng\u00fcnstig alternative, ohne Kompromisse bei der Qualit\u00e4t einzugehen.","robots":{"index":"index","follow":"follow","max-snippet":"max-snippet:-1","max-image-preview":"max-image-preview:large","max-video-preview":"max-video-preview:-1"},"canonical":"https:\/\/www.ador-dental.de\/en\/product\/dwx-52di-plus\/","og_locale":"en_US","og_type":"article","og_title":"DWX-52DI Plus - Ador Dental GmbH","og_description":"Die 5-Achsen-Fr\u00e4stechnologie der DWX-52Di Plus ist kosteng\u00fcnstig alternative, ohne Kompromisse bei der Qualit\u00e4t einzugehen.","og_url":"https:\/\/www.ador-dental.de\/en\/product\/dwx-52di-plus\/","og_site_name":"Ador Dental GmbH","article_modified_time":"2026-02-18T13:53:18+00:00","og_image":[{"width":1024,"height":1024,"url":"https:\/\/www.ador-dental.de\/wp-content\/uploads\/2025\/05\/DWX52diplus.png","type":"image\/png"}],"twitter_card":"summary_large_image","twitter_misc":{"Est. reading time":"3 minutes"},"schema":{"@context":"https:\/\/schema.org","@graph":[{"@type":"WebPage","@id":"https:\/\/www.ador-dental.de\/produkt\/dwx-52di-plus\/","url":"https:\/\/www.ador-dental.de\/produkt\/dwx-52di-plus\/","name":"DWX-52DI Plus - Ador Dental GmbH","isPartOf":{"@id":"https:\/\/www.ador-dental.de\/en\/#website"},"primaryImageOfPage":{"@id":"https:\/\/www.ador-dental.de\/produkt\/dwx-52di-plus\/#primaryimage"},"image":{"@id":"https:\/\/www.ador-dental.de\/produkt\/dwx-52di-plus\/#primaryimage"},"thumbnailUrl":"https:\/\/www.ador-dental.de\/wp-content\/uploads\/2025\/05\/DWX52diplus.png","datePublished":"2025-05-19T12:01:09+00:00","dateModified":"2026-02-18T13:53:18+00:00","description":"Die 5-Achsen-Fr\u00e4stechnologie der DWX-52Di Plus ist kosteng\u00fcnstig alternative, ohne Kompromisse bei der Qualit\u00e4t einzugehen.","breadcrumb":{"@id":"https:\/\/www.ador-dental.de\/produkt\/dwx-52di-plus\/#breadcrumb"},"inLanguage":"en-US","potentialAction":[{"@type":"ReadAction","target":["https:\/\/www.ador-dental.de\/produkt\/dwx-52di-plus\/"]}]},{"@type":"ImageObject","inLanguage":"en-US","@id":"https:\/\/www.ador-dental.de\/produkt\/dwx-52di-plus\/#primaryimage","url":"https:\/\/www.ador-dental.de\/wp-content\/uploads\/2025\/05\/DWX52diplus.png","contentUrl":"https:\/\/www.ador-dental.de\/wp-content\/uploads\/2025\/05\/DWX52diplus.png","width":1024,"height":1024},{"@type":"BreadcrumbList","@id":"https:\/\/www.ador-dental.de\/produkt\/dwx-52di-plus\/#breadcrumb","itemListElement":[{"@type":"ListItem","position":1,"name":"Startseite","item":"https:\/\/www.ador-dental.de\/"},{"@type":"ListItem","position":2,"name":"Shop","item":"https:\/\/www.ador-dental.de\/en\/shop\/"},{"@type":"ListItem","position":3,"name":"DWX-52DI Plus"}]},{"@type":"WebSite","@id":"https:\/\/www.ador-dental.de\/en\/#website","url":"https:\/\/www.ador-dental.de\/en\/","name":"Ador Dental GmbH","description":"","publisher":{"@id":"https:\/\/www.ador-dental.de\/en\/#organization"},"potentialAction":[{"@type":"SearchAction","target":{"@type":"EntryPoint","urlTemplate":"https:\/\/www.ador-dental.de\/en\/?s={search_term_string}"},"query-input":{"@type":"PropertyValueSpecification","valueRequired":true,"valueName":"search_term_string"}}],"inLanguage":"en-US"},{"@type":"Organization","@id":"https:\/\/www.ador-dental.de\/en\/#organization","name":"Ador Dental GmbH","url":"https:\/\/www.ador-dental.de\/en\/","logo":{"@type":"ImageObject","inLanguage":"en-US","@id":"https:\/\/www.ador-dental.de\/en\/#\/schema\/logo\/image\/","url":"https:\/\/www.ador-dental.de\/wp-content\/uploads\/2021\/10\/ADOR_Logo_DentalSolutions_2020_Black.svg","contentUrl":"https:\/\/www.ador-dental.de\/wp-content\/uploads\/2021\/10\/ADOR_Logo_DentalSolutions_2020_Black.svg","width":678,"height":261,"caption":"Ador Dental GmbH"},"image":{"@id":"https:\/\/www.ador-dental.de\/en\/#\/schema\/logo\/image\/"}}]}},"_links":{"self":[{"href":"https:\/\/www.ador-dental.de\/en\/wp-json\/wp\/v2\/product\/29657","targetHints":{"allow":["GET"]}}],"collection":[{"href":"https:\/\/www.ador-dental.de\/en\/wp-json\/wp\/v2\/product"}],"about":[{"href":"https:\/\/www.ador-dental.de\/en\/wp-json\/wp\/v2\/types\/product"}],"replies":[{"embeddable":true,"href":"https:\/\/www.ador-dental.de\/en\/wp-json\/wp\/v2\/comments?post=29657"}],"version-history":[{"count":12,"href":"https:\/\/www.ador-dental.de\/en\/wp-json\/wp\/v2\/product\/29657\/revisions"}],"predecessor-version":[{"id":31030,"href":"https:\/\/www.ador-dental.de\/en\/wp-json\/wp\/v2\/product\/29657\/revisions\/31030"}],"wp:featuredmedia":[{"embeddable":true,"href":"https:\/\/www.ador-dental.de\/en\/wp-json\/wp\/v2\/media\/29747"}],"wp:attachment":[{"href":"https:\/\/www.ador-dental.de\/en\/wp-json\/wp\/v2\/media?parent=29657"}],"wp:term":[{"taxonomy":"product_brand","embeddable":true,"href":"https:\/\/www.ador-dental.de\/en\/wp-json\/wp\/v2\/product_brand?post=29657"},{"taxonomy":"product_cat","embeddable":true,"href":"https:\/\/www.ador-dental.de\/en\/wp-json\/wp\/v2\/product_cat?post=29657"},{"taxonomy":"product_tag","embeddable":true,"href":"https:\/\/www.ador-dental.de\/en\/wp-json\/wp\/v2\/product_tag?post=29657"}],"curies":[{"name":"wp","href":"https:\/\/api.w.org\/{rel}","templated":true}]}}