{"id":2915,"date":"2020-03-25T11:25:26","date_gmt":"2020-03-25T10:25:26","guid":{"rendered":"https:\/\/new.ador-edelmetalle.de\/?post_type=product&#038;p=2915"},"modified":"2026-02-16T11:52:26","modified_gmt":"2026-02-16T10:52:26","slug":"adorbond-cn-aufbrennlegierung","status":"publish","type":"product","link":"https:\/\/www.ador-dental.de\/en\/product\/adorbond-cn-aufbrennlegierung\/","title":{"rendered":"ADORBOND CN"},"content":{"rendered":"<p><strong>Nickel-chrome bonding alloy for high-melting ceramic compounds<\/strong><\/p>\n<p><a href=\"https:\/\/www.ador-dental.de\/wp-content\/uploads\/2024\/07\/Adorbond-CN-Easy-DE-EN.pdf\"><strong>&gt;&gt; Instructions for use Download DE\/EN<\/strong><\/a><\/p>\n<p><a href=\"https:\/\/www.ador-dental.de\/wp-content\/uploads\/2024\/07\/Adorbond-CN-Easy-FR.pdf\"><strong>&gt;&gt; Instructions for use download EN\/FR<\/strong><\/a><\/p>\n<p><strong>ADORBOND<sup>\u00ae<\/sup> CN <\/strong>is a dental metal-ceramic alloy on the nickel basis <strong>ADORBOND<sup>\u00ae<\/sup> CN <\/strong>is free of cadmium, beryllium and lead and, according to EN ISO 22674, corresponds to type 3 for fixed multi-unit dentures.<\/p>\n<table width=\"735\">\n<tbody>\n<tr>\n<td colspan=\"5\" width=\"310\"><strong>Composition w<sub>i<\/sub><\/strong><\/td>\n<td colspan=\"3\" width=\"425\"><strong>Technical specifications (normative index,  condition cast\/bond)<\/strong><\/td>\n<\/tr>\n<tr>\n<td colspan=\"2\" width=\"64\">Ni<\/td>\n<td width=\"57\">%<\/td>\n<td width=\"123\">62,7<\/td>\n<td width=\"66\"><strong>\u00a0<\/strong><\/td>\n<td width=\"246\">Density \u03f1<\/td>\n<td width=\"57\">g - cm<sup>-3<\/sup><\/td>\n<td width=\"123\">8,2<\/td>\n<\/tr>\n<tr>\n<td colspan=\"2\" width=\"64\">Cr<\/td>\n<td width=\"57\">%<\/td>\n<td width=\"123\">24,4<\/td>\n<td width=\"66\"><strong>\u00a0<\/strong><\/td>\n<td width=\"246\">Vickers hardness<\/td>\n<td width=\"57\">HV 10<\/td>\n<td width=\"123\">180<\/td>\n<\/tr>\n<tr>\n<td colspan=\"2\" width=\"64\">Mo<\/td>\n<td width=\"57\">%<\/td>\n<td width=\"123\">11,0<\/td>\n<td width=\"66\"><strong>\u00a0<\/strong><\/td>\n<td rowspan=\"2\" width=\"246\">Linear coefficient of thermal expansion \u03b1 25 - 500 \u00b0C<\/td>\n<td rowspan=\"2\" width=\"57\">10<sup>-6<\/sup>-K<sup>-1<\/sup><\/td>\n<td rowspan=\"2\" width=\"123\">13,9<\/td>\n<\/tr>\n<tr>\n<td colspan=\"2\" width=\"64\">Si<\/td>\n<td width=\"57\">%<\/td>\n<td width=\"123\">1,6<\/td>\n<td width=\"66\"><\/td>\n<\/tr>\n<tr>\n<td colspan=\"2\" width=\"64\">Nb, Mn, Fe<\/td>\n<td width=\"57\">%<\/td>\n<td width=\"123\">&lt; 1<\/td>\n<td width=\"66\"><strong>\u00a0<\/strong><\/td>\n<td rowspan=\"2\" width=\"246\">Linear coefficient of thermal expansion \u03b1 20 \u2013 600 \u00b0C<\/td>\n<td rowspan=\"2\" width=\"57\">10<sup>-6<\/sup>-K<sup>-1<\/sup><\/td>\n<td rowspan=\"2\" width=\"123\">14,0<\/td>\n<\/tr>\n<tr>\n<td colspan=\"2\" width=\"64\"><\/td>\n<td width=\"57\"><\/td>\n<td width=\"123\"><\/td>\n<td width=\"66\"><\/td>\n<\/tr>\n<tr>\n<td colspan=\"2\" width=\"64\"><\/td>\n<td width=\"57\"><\/td>\n<td width=\"123\"><\/td>\n<td width=\"66\"><strong>\u00a0<\/strong><\/td>\n<td width=\"246\">Melting interval T<sub>S<\/sub> - T<sub>L<\/sub><\/td>\n<td width=\"57\">\u00b0C<\/td>\n<td width=\"123\">1250-1340<\/td>\n<\/tr>\n<tr>\n<td colspan=\"2\" width=\"64\"><\/td>\n<td width=\"57\"><\/td>\n<td width=\"123\"><\/td>\n<td width=\"66\"><strong>\u00a0<\/strong><\/td>\n<td width=\"246\">Casting temperature T<sub>Cast<\/sub><\/td>\n<td width=\"57\">\u00b0C<\/td>\n<td width=\"123\">1440<\/td>\n<\/tr>\n<tr>\n<td colspan=\"5\" width=\"310\"><strong>\u00a0<\/strong><\/td>\n<td width=\"246\">Highest recommended bonding temperature T<sub>Br,max<\/sub><\/td>\n<td width=\"57\">\u00b0C<\/td>\n<td width=\"123\">980<\/td>\n<\/tr>\n<tr>\n<td colspan=\"5\" width=\"310\"><strong>\u00a0<\/strong><\/td>\n<td width=\"246\">0,2-% Yield strength R<sub>p 0,2<\/sub><\/td>\n<td width=\"57\">MPa<\/td>\n<td width=\"123\">330<\/td>\n<\/tr>\n<tr>\n<td colspan=\"5\" width=\"310\"><strong>\u00a0<\/strong><\/td>\n<td width=\"246\">Elastic modulus E<\/td>\n<td width=\"57\">GPa<\/td>\n<td width=\"123\">205<\/td>\n<\/tr>\n<tr>\n<td colspan=\"5\" width=\"310\"><strong>\u00a0<\/strong><\/td>\n<td width=\"246\">Elongation at break A<sub>5<\/sub><\/td>\n<td width=\"57\">%<\/td>\n<td width=\"123\">15<\/td>\n<\/tr>\n<tr>\n<td colspan=\"8\" width=\"735\"><strong>Processing recommendation<\/strong><\/td>\n<\/tr>\n<tr>\n<td colspan=\"8\" width=\"735\"><strong>Modeling<\/strong><\/td>\n<\/tr>\n<tr>\n<td colspan=\"8\" width=\"735\">Carry out wax-up as usual, but avoid wall thicknesses below 0.35 mm. Guide the casting channels indirectly. For the casting channels, use round wax wires with \u00d8 2-2.5 mm for single crowns and \u00d8 2.5-3 mm for bridges. For large jobs with 4 or more units, use distribution channels (cast bars) with \u00d8 3.5-4 mm, and up to \u00d8 5 mm for solid pontics.<\/td>\n<\/tr>\n<tr>\n<td colspan=\"8\" width=\"735\"><strong>\u00a0<\/strong><\/td>\n<\/tr>\n<tr>\n<td colspan=\"8\" width=\"735\"><strong>Embedding and casting<\/strong><\/td>\n<\/tr>\n<tr>\n<td colspan=\"8\" width=\"735\">Phosphate-bonded crown and bridge embedding compounds are suitable. The preheating temperature is 850-900 \u00b0C, holding time at the final temperature is min. 30 minutes. Follow the manufacture\u2019s operating instructions for the casting machine. Always use a separate ceramic crucible for <strong>ADORBOND<sup>\u00ae<\/sup> CN <\/strong>to avoid contamination by other alloys. Clean crucible after each casting. Do not overheat the alloy. Casting can be started after all cylinders are completely melted and the melt becomes uniformly bright. Always melt with the flame in the reducing zone with circular movements above of the burner. Allow muffle to cool down to hand temperature and bed out without hitting the cone.<\/td>\n<\/tr>\n<tr>\n<td colspan=\"8\" width=\"735\"><strong>\u00a0<\/strong><\/td>\n<\/tr>\n<tr>\n<td colspan=\"8\" width=\"735\"><strong>Ceramic firing<\/strong><\/td>\n<\/tr>\n<tr>\n<td colspan=\"8\" width=\"735\">The commercially available normal-fusing bonding ceramics for non-precious bonding alloys with a suitable coefficient of thermal expansion (CTE) can be used. Please observe the corresponding working instructions and the information provided by the ceramic manufacturer regarding the cooling rate after firing.<\/p>\n<p><strong>After bedding out:<\/strong><\/p>\n<p>1.\u00a0\u00a0\u00a0\u00a0\u00a0 Separate channels and do the finishing work. Carbide cutters are recommended for this.<\/p>\n<p>Blast the framework surface in the stylus blaster with aluminum oxide 100 \u00b5m or 250 \u00b5m.<\/p>\n<p>3.\u00a0\u00a0\u00a0\u00a0\u00a0 Clean the framework either with distilled water in an ultrasonic cleaner or with degreasing agent ethyl acetate.<\/p>\n<p>4.\u00a0\u00a0\u00a0\u00a0\u00a0 Oxide firing (optional for checking the surface) should be about 5 min at approx. 960 \u00b0C under vacuum. Always sandblast the oxide layer again after firing and degrease.<\/p>\n<p>Note: cleanliness of the surface is the best protection against bubbles in the ceramic.<\/p>\n<p>5.\u00a0\u00a0\u00a0\u00a0\u00a0 Apply a thin layer of Washbrand, fire only the second base coat for an even coverage.<\/p>\n<p>Always let paste opaque dry for 5-10 minutes at 600\u00b0C before heating.<\/p>\n<p>6.\u00a0\u00a0\u00a0\u00a0\u00a0 Ceramic firing and cooling according to the manufacturer\u2019s instructions.<\/p>\n<p>7.\u00a0\u00a0\u00a0\u00a0\u00a0 In case a long-term cooling is necessary, carry out a cooling phase to approx. 750 \u00b0C after each dentine, correction and glaze firing.<\/td>\n<\/tr>\n<tr>\n<td colspan=\"8\" width=\"735\"><\/td>\n<\/tr>\n<tr>\n<td colspan=\"8\" width=\"735\"><strong>Finishing up<\/strong><\/p>\n<p>After firing the ceramic, rubberize unveneered framework parts and polish to a high gloss with a polishing paste for dental alloys or with rotating polishing tools.<\/td>\n<\/tr>\n<tr>\n<td colspan=\"8\" width=\"735\"><\/td>\n<\/tr>\n<tr>\n<td colspan=\"8\" width=\"735\"><strong>Soldering and welding<\/strong><\/p>\n<p>Soldering before firing with the <strong>ADORBOND<sup>\u00ae<\/sup> CC Lot<\/strong> and high-temperature flux. The width of the solder gap should be 0.05-0.2 mm. Laser welding with the <strong>ADORBOND<sup>\u00ae<\/sup> CC laser wire<\/strong>.<\/td>\n<\/tr>\n<tr>\n<td colspan=\"8\" width=\"735\"><\/td>\n<\/tr>\n<tr>\n<td colspan=\"7\" width=\"735\"><strong>Safety instructions<\/strong><\/p>\n<p>Metal dust is harmful to your health. Use suction when handling the powder, by finishing works and blasting. Hypersensitivity to the alloy components should be taken into account. In case of suspected intolerance with certain alloy components, the product should not be used. <strong>Product contains nickel!<\/strong><\/td>\n<\/tr>\n<tr>\n<td colspan=\"8\" width=\"735\"><strong>\u00a0<\/strong><\/td>\n<\/tr>\n<tr>\n<td colspan=\"8\" width=\"735\"><strong>Warranty<\/strong><\/p>\n<p>These technical application recommendations are based on our own tests and experience and can therefore only be regarded as guidelines. The dentist or dental assistent himself is responsible for the correct application of the product.<\/td>\n<\/tr>\n<\/tbody>\n<\/table>","protected":false},"excerpt":{"rendered":"<p><strong>1000g<\/strong><\/p>\n<p>Nickel-chrome bonding alloy for high-melting ceramic compounds<\/p>","protected":false},"featured_media":29949,"comment_status":"open","ping_status":"closed","template":"","meta":{"neve_meta_sidebar":"","neve_meta_container":"","neve_meta_enable_content_width":"off","neve_meta_content_width":70,"neve_meta_title_alignment":"","neve_meta_author_avatar":"","neve_post_elements_order":"","neve_meta_disable_header":"","neve_meta_disable_footer":"","neve_meta_disable_title":"","_themeisle_gutenberg_block_has_review":false},"product_brand":[],"product_cat":[53,33,35],"product_tag":[434],"class_list":{"0":"post-2915","1":"product","2":"type-product","3":"status-publish","4":"has-post-thumbnail","6":"product_cat-aufbrennlegierungen","7":"product_cat-legierungen","8":"product_cat-nem-legierungen","9":"product_tag-dentalheld","11":"first","12":"instock","13":"taxable","14":"shipping-taxable","15":"purchasable","16":"product-type-simple"},"yoast_head":"<!-- This site is optimized with the Yoast SEO plugin v27.4 - https:\/\/yoast.com\/product\/yoast-seo-wordpress\/ -->\n<title>ADORBOND CN - Ador Dental GmbH<\/title>\n<meta name=\"description\" content=\"Unser ADORBOND\u00ae CN ist eine dentale Metallkeramik-Legierung auf Nickel-Basis und somit frei von Cadmium, Beryllium und Blei.\" \/>\n<meta name=\"robots\" content=\"index, follow, max-snippet:-1, max-image-preview:large, max-video-preview:-1\" \/>\n<link rel=\"canonical\" href=\"https:\/\/www.ador-dental.de\/en\/product\/adorbond-cn-aufbrennlegierung\/\" \/>\n<meta property=\"og:locale\" content=\"en_US\" \/>\n<meta property=\"og:type\" content=\"article\" \/>\n<meta property=\"og:title\" content=\"ADORBOND CN - Ador Dental GmbH\" \/>\n<meta property=\"og:description\" content=\"Unser ADORBOND\u00ae CN ist eine dentale Metallkeramik-Legierung auf Nickel-Basis und somit frei von Cadmium, Beryllium und Blei.\" \/>\n<meta property=\"og:url\" content=\"https:\/\/www.ador-dental.de\/en\/product\/adorbond-cn-aufbrennlegierung\/\" \/>\n<meta property=\"og:site_name\" content=\"Ador Dental GmbH\" \/>\n<meta property=\"article:modified_time\" content=\"2026-02-16T10:52:26+00:00\" \/>\n<meta property=\"og:image\" content=\"https:\/\/www.ador-dental.de\/wp-content\/uploads\/2025\/07\/Adorbond-CN1-PB-N.png\" \/>\n\t<meta property=\"og:image:width\" content=\"1024\" \/>\n\t<meta property=\"og:image:height\" content=\"1024\" \/>\n\t<meta property=\"og:image:type\" content=\"image\/png\" \/>\n<meta name=\"twitter:card\" content=\"summary_large_image\" \/>\n<meta name=\"twitter:label1\" content=\"Est. reading time\" \/>\n\t<meta name=\"twitter:data1\" content=\"4 minutes\" \/>\n<script type=\"application\/ld+json\" class=\"yoast-schema-graph\">{\"@context\":\"https:\\\/\\\/schema.org\",\"@graph\":[{\"@type\":\"WebPage\",\"@id\":\"https:\\\/\\\/www.ador-dental.de\\\/produkt\\\/adorbond-cn-aufbrennlegierung\\\/\",\"url\":\"https:\\\/\\\/www.ador-dental.de\\\/produkt\\\/adorbond-cn-aufbrennlegierung\\\/\",\"name\":\"ADORBOND CN - Ador Dental GmbH\",\"isPartOf\":{\"@id\":\"https:\\\/\\\/www.ador-dental.de\\\/en\\\/#website\"},\"primaryImageOfPage\":{\"@id\":\"https:\\\/\\\/www.ador-dental.de\\\/produkt\\\/adorbond-cn-aufbrennlegierung\\\/#primaryimage\"},\"image\":{\"@id\":\"https:\\\/\\\/www.ador-dental.de\\\/produkt\\\/adorbond-cn-aufbrennlegierung\\\/#primaryimage\"},\"thumbnailUrl\":\"https:\\\/\\\/www.ador-dental.de\\\/wp-content\\\/uploads\\\/2025\\\/07\\\/Adorbond-CN1-PB-N.png\",\"datePublished\":\"2020-03-25T10:25:26+00:00\",\"dateModified\":\"2026-02-16T10:52:26+00:00\",\"description\":\"Unser ADORBOND\u00ae CN ist eine dentale Metallkeramik-Legierung auf Nickel-Basis und somit frei von Cadmium, Beryllium und Blei.\",\"breadcrumb\":{\"@id\":\"https:\\\/\\\/www.ador-dental.de\\\/produkt\\\/adorbond-cn-aufbrennlegierung\\\/#breadcrumb\"},\"inLanguage\":\"en-US\",\"potentialAction\":[{\"@type\":\"ReadAction\",\"target\":[\"https:\\\/\\\/www.ador-dental.de\\\/produkt\\\/adorbond-cn-aufbrennlegierung\\\/\"]}]},{\"@type\":\"ImageObject\",\"inLanguage\":\"en-US\",\"@id\":\"https:\\\/\\\/www.ador-dental.de\\\/produkt\\\/adorbond-cn-aufbrennlegierung\\\/#primaryimage\",\"url\":\"https:\\\/\\\/www.ador-dental.de\\\/wp-content\\\/uploads\\\/2025\\\/07\\\/Adorbond-CN1-PB-N.png\",\"contentUrl\":\"https:\\\/\\\/www.ador-dental.de\\\/wp-content\\\/uploads\\\/2025\\\/07\\\/Adorbond-CN1-PB-N.png\",\"width\":1024,\"height\":1024},{\"@type\":\"BreadcrumbList\",\"@id\":\"https:\\\/\\\/www.ador-dental.de\\\/produkt\\\/adorbond-cn-aufbrennlegierung\\\/#breadcrumb\",\"itemListElement\":[{\"@type\":\"ListItem\",\"position\":1,\"name\":\"Startseite\",\"item\":\"https:\\\/\\\/www.ador-dental.de\\\/\"},{\"@type\":\"ListItem\",\"position\":2,\"name\":\"Shop\",\"item\":\"https:\\\/\\\/www.ador-dental.de\\\/en\\\/shop\\\/\"},{\"@type\":\"ListItem\",\"position\":3,\"name\":\"ADORBOND CN\"}]},{\"@type\":\"WebSite\",\"@id\":\"https:\\\/\\\/www.ador-dental.de\\\/en\\\/#website\",\"url\":\"https:\\\/\\\/www.ador-dental.de\\\/en\\\/\",\"name\":\"Ador Dental GmbH\",\"description\":\"\",\"publisher\":{\"@id\":\"https:\\\/\\\/www.ador-dental.de\\\/en\\\/#organization\"},\"potentialAction\":[{\"@type\":\"SearchAction\",\"target\":{\"@type\":\"EntryPoint\",\"urlTemplate\":\"https:\\\/\\\/www.ador-dental.de\\\/en\\\/?s={search_term_string}\"},\"query-input\":{\"@type\":\"PropertyValueSpecification\",\"valueRequired\":true,\"valueName\":\"search_term_string\"}}],\"inLanguage\":\"en-US\"},{\"@type\":\"Organization\",\"@id\":\"https:\\\/\\\/www.ador-dental.de\\\/en\\\/#organization\",\"name\":\"Ador Dental GmbH\",\"url\":\"https:\\\/\\\/www.ador-dental.de\\\/en\\\/\",\"logo\":{\"@type\":\"ImageObject\",\"inLanguage\":\"en-US\",\"@id\":\"https:\\\/\\\/www.ador-dental.de\\\/en\\\/#\\\/schema\\\/logo\\\/image\\\/\",\"url\":\"https:\\\/\\\/www.ador-dental.de\\\/wp-content\\\/uploads\\\/2021\\\/10\\\/ADOR_Logo_DentalSolutions_2020_Black.svg\",\"contentUrl\":\"https:\\\/\\\/www.ador-dental.de\\\/wp-content\\\/uploads\\\/2021\\\/10\\\/ADOR_Logo_DentalSolutions_2020_Black.svg\",\"width\":678,\"height\":261,\"caption\":\"Ador Dental GmbH\"},\"image\":{\"@id\":\"https:\\\/\\\/www.ador-dental.de\\\/en\\\/#\\\/schema\\\/logo\\\/image\\\/\"}}]}<\/script>\n<!-- \/ Yoast SEO plugin. -->","yoast_head_json":{"title":"ADORBOND CN - Ador Dental GmbH","description":"Unser ADORBOND\u00ae CN ist eine dentale Metallkeramik-Legierung auf Nickel-Basis und somit frei von Cadmium, Beryllium und Blei.","robots":{"index":"index","follow":"follow","max-snippet":"max-snippet:-1","max-image-preview":"max-image-preview:large","max-video-preview":"max-video-preview:-1"},"canonical":"https:\/\/www.ador-dental.de\/en\/product\/adorbond-cn-aufbrennlegierung\/","og_locale":"en_US","og_type":"article","og_title":"ADORBOND CN - Ador Dental GmbH","og_description":"Unser ADORBOND\u00ae CN ist eine dentale Metallkeramik-Legierung auf Nickel-Basis und somit frei von Cadmium, Beryllium und Blei.","og_url":"https:\/\/www.ador-dental.de\/en\/product\/adorbond-cn-aufbrennlegierung\/","og_site_name":"Ador Dental GmbH","article_modified_time":"2026-02-16T10:52:26+00:00","og_image":[{"width":1024,"height":1024,"url":"https:\/\/www.ador-dental.de\/wp-content\/uploads\/2025\/07\/Adorbond-CN1-PB-N.png","type":"image\/png"}],"twitter_card":"summary_large_image","twitter_misc":{"Est. reading time":"4 minutes"},"schema":{"@context":"https:\/\/schema.org","@graph":[{"@type":"WebPage","@id":"https:\/\/www.ador-dental.de\/produkt\/adorbond-cn-aufbrennlegierung\/","url":"https:\/\/www.ador-dental.de\/produkt\/adorbond-cn-aufbrennlegierung\/","name":"ADORBOND CN - Ador Dental GmbH","isPartOf":{"@id":"https:\/\/www.ador-dental.de\/en\/#website"},"primaryImageOfPage":{"@id":"https:\/\/www.ador-dental.de\/produkt\/adorbond-cn-aufbrennlegierung\/#primaryimage"},"image":{"@id":"https:\/\/www.ador-dental.de\/produkt\/adorbond-cn-aufbrennlegierung\/#primaryimage"},"thumbnailUrl":"https:\/\/www.ador-dental.de\/wp-content\/uploads\/2025\/07\/Adorbond-CN1-PB-N.png","datePublished":"2020-03-25T10:25:26+00:00","dateModified":"2026-02-16T10:52:26+00:00","description":"Unser ADORBOND\u00ae CN ist eine dentale Metallkeramik-Legierung auf Nickel-Basis und somit frei von Cadmium, Beryllium und Blei.","breadcrumb":{"@id":"https:\/\/www.ador-dental.de\/produkt\/adorbond-cn-aufbrennlegierung\/#breadcrumb"},"inLanguage":"en-US","potentialAction":[{"@type":"ReadAction","target":["https:\/\/www.ador-dental.de\/produkt\/adorbond-cn-aufbrennlegierung\/"]}]},{"@type":"ImageObject","inLanguage":"en-US","@id":"https:\/\/www.ador-dental.de\/produkt\/adorbond-cn-aufbrennlegierung\/#primaryimage","url":"https:\/\/www.ador-dental.de\/wp-content\/uploads\/2025\/07\/Adorbond-CN1-PB-N.png","contentUrl":"https:\/\/www.ador-dental.de\/wp-content\/uploads\/2025\/07\/Adorbond-CN1-PB-N.png","width":1024,"height":1024},{"@type":"BreadcrumbList","@id":"https:\/\/www.ador-dental.de\/produkt\/adorbond-cn-aufbrennlegierung\/#breadcrumb","itemListElement":[{"@type":"ListItem","position":1,"name":"Startseite","item":"https:\/\/www.ador-dental.de\/"},{"@type":"ListItem","position":2,"name":"Shop","item":"https:\/\/www.ador-dental.de\/en\/shop\/"},{"@type":"ListItem","position":3,"name":"ADORBOND CN"}]},{"@type":"WebSite","@id":"https:\/\/www.ador-dental.de\/en\/#website","url":"https:\/\/www.ador-dental.de\/en\/","name":"Ador Dental GmbH","description":"","publisher":{"@id":"https:\/\/www.ador-dental.de\/en\/#organization"},"potentialAction":[{"@type":"SearchAction","target":{"@type":"EntryPoint","urlTemplate":"https:\/\/www.ador-dental.de\/en\/?s={search_term_string}"},"query-input":{"@type":"PropertyValueSpecification","valueRequired":true,"valueName":"search_term_string"}}],"inLanguage":"en-US"},{"@type":"Organization","@id":"https:\/\/www.ador-dental.de\/en\/#organization","name":"Ador Dental GmbH","url":"https:\/\/www.ador-dental.de\/en\/","logo":{"@type":"ImageObject","inLanguage":"en-US","@id":"https:\/\/www.ador-dental.de\/en\/#\/schema\/logo\/image\/","url":"https:\/\/www.ador-dental.de\/wp-content\/uploads\/2021\/10\/ADOR_Logo_DentalSolutions_2020_Black.svg","contentUrl":"https:\/\/www.ador-dental.de\/wp-content\/uploads\/2021\/10\/ADOR_Logo_DentalSolutions_2020_Black.svg","width":678,"height":261,"caption":"Ador Dental GmbH"},"image":{"@id":"https:\/\/www.ador-dental.de\/en\/#\/schema\/logo\/image\/"}}]}},"_links":{"self":[{"href":"https:\/\/www.ador-dental.de\/en\/wp-json\/wp\/v2\/product\/2915","targetHints":{"allow":["GET"]}}],"collection":[{"href":"https:\/\/www.ador-dental.de\/en\/wp-json\/wp\/v2\/product"}],"about":[{"href":"https:\/\/www.ador-dental.de\/en\/wp-json\/wp\/v2\/types\/product"}],"replies":[{"embeddable":true,"href":"https:\/\/www.ador-dental.de\/en\/wp-json\/wp\/v2\/comments?post=2915"}],"version-history":[{"count":10,"href":"https:\/\/www.ador-dental.de\/en\/wp-json\/wp\/v2\/product\/2915\/revisions"}],"predecessor-version":[{"id":29193,"href":"https:\/\/www.ador-dental.de\/en\/wp-json\/wp\/v2\/product\/2915\/revisions\/29193"}],"wp:featuredmedia":[{"embeddable":true,"href":"https:\/\/www.ador-dental.de\/en\/wp-json\/wp\/v2\/media\/29949"}],"wp:attachment":[{"href":"https:\/\/www.ador-dental.de\/en\/wp-json\/wp\/v2\/media?parent=2915"}],"wp:term":[{"taxonomy":"product_brand","embeddable":true,"href":"https:\/\/www.ador-dental.de\/en\/wp-json\/wp\/v2\/product_brand?post=2915"},{"taxonomy":"product_cat","embeddable":true,"href":"https:\/\/www.ador-dental.de\/en\/wp-json\/wp\/v2\/product_cat?post=2915"},{"taxonomy":"product_tag","embeddable":true,"href":"https:\/\/www.ador-dental.de\/en\/wp-json\/wp\/v2\/product_tag?post=2915"}],"curies":[{"name":"wp","href":"https:\/\/api.w.org\/{rel}","templated":true}]}}