{"id":29146,"date":"2025-01-09T10:56:46","date_gmt":"2025-01-09T09:56:46","guid":{"rendered":"https:\/\/www.ador-dental.de\/?post_type=product&#038;p=29146"},"modified":"2025-01-13T16:04:05","modified_gmt":"2025-01-13T15:04:05","slug":"starter-kit-fraeser-my-evolution-2","status":"publish","type":"product","link":"https:\/\/www.ador-dental.de\/en\/product\/starter-kit-fraeser-my-evolution-2\/","title":{"rendered":"My Evolution milling cutter starter kit"},"content":{"rendered":"<h4 class=\"content--title\">Included in the set:<\/h4>\n<p>T1 solid carbide high-feed milling cutter \u00d83mm, optimized for CoCr, titanium machining, 4-edged, highest precision due to tight tolerances and highest surface quality, with relief l3=15.5mm, and TI COATING, recommended for imes-icore 350i-750i machines with shank d2=6mm<\/p>\n<div class=\"product--description\">\n<p>T2\/T3 solid carbide radius milling cutter \u00d82mm, optimized for CoCr, titanium machining, 2-flute, highest precision due to tight tolerances and highest surface quality, with relief l3=14mm, and AL COATING, recommended for My Evolution machines with shank d2=6mm<\/p>\n<p>T4 solid carbide radius milling cutter \u00d81.5mm, optimized for CoCr, titanium machining, 2-flute, highest precision due to tight tolerances and highest surface quality, with relief l3=14mm, and AL COATING, recommended for My Evolution machines with shank d2=6mm<\/p>\n<p>T5 solid carbide radius milling cutter \u00d81mm, optimized for CoCr, titanium machining, 2-flute, highest precision due to tight tolerances and highest surface quality, with relief l3=9mm, and AL COATING, recommended for My Evolution machines with shank d2=6mm<\/p>\n<p>T6 solid carbide radius milling cutter \u00d80.6mm, optimized for CoCr, titanium machining, 2-flute, highest precision due to tight tolerances and highest surface quality, with relief l3=1.5mm, and AL COATING, recommended for My Evolution machines with shank d2=6mm<\/p>\n<p>T8 solid carbide torus milling cutter \u00d82mm, optimized for titanium, CoCr machining, 3-flute, highest precision due to tight tolerances and highest surface quality, with relief l3=12mm, and AL COATING, recommended for My Evolution machines with shank d2=6mm<\/p>\n<p>T9 solid carbide torus milling cutter \u00d81.5mm, optimized for titanium, CoCr machining, 3-flute, highest precision due to tight tolerances and highest surface quality, with relief l3=12mm, and AL COATING, recommended for My Evolution machines with shank d2=6mm<\/p>\n<p>T11 solid carbide torus milling cutter \u00d81mm, optimized for titanium, CoCr machining, 3-flute, highest precision due to tight tolerances and highest surface quality, with relief l3=9mm, and AL COATING, recommended for My Evolution machines with shank d2=6mm<\/p>\n<p>T13 solid carbide end mill \u00d81.5mm, optimized for CoCr, titanium machining, 2-flute, highest precision due to tight tolerances and highest surface quality, with relief l3=14mm, and AL COATING, recommended for My Evolution machines with shank d2=6mm<\/p>\n<\/div>","protected":false},"excerpt":{"rendered":"<p>T1 solid carbide high-feed milling cutter \u00d83mm, T2\/T3 solid carbide radius milling cutter \u00d82mm, T4 solid carbide radius milling cutter \u00d81.5mm, T5 solid carbide radius milling cutter \u00d81mm, T6 solid carbide radius cutter \u00d80.6mm, T13 solid carbide end mill \u00d81.5mm, T9 solid carbide torus cutter \u00d81.5mm, T11 solid carbide torus cutter \u00d81mm, T8 solid carbide torus cutter \u00d82mm<\/p>\n<p><strong>for MyEvoltion Roland<\/strong><\/p>","protected":false},"featured_media":29174,"comment_status":"open","ping_status":"closed","template":"","meta":{"neve_meta_sidebar":"","neve_meta_container":"","neve_meta_enable_content_width":"off","neve_meta_content_width":100,"neve_meta_title_alignment":"","neve_meta_author_avatar":"","neve_post_elements_order":"","neve_meta_disable_header":"","neve_meta_disable_footer":"","neve_meta_disable_title":"","_themeisle_gutenberg_block_has_review":false},"product_brand":[],"product_cat":[431,470,1138],"product_tag":[1140,1139,1141,1165,1130],"class_list":{"0":"post-29146","1":"product","2":"type-product","3":"status-publish","4":"has-post-thumbnail","6":"product_cat-adormilling","7":"product_cat-fraeser","8":"product_cat-myevolution","9":"product_tag-cocr","10":"product_tag-fraeser","11":"product_tag-ibb","12":"product_tag-starter-kit","13":"product_tag-titan","15":"first","16":"instock","17":"taxable","18":"shipping-taxable","19":"purchasable","20":"product-type-simple"},"yoast_head":"<!-- This site is optimized with the Yoast SEO plugin v27.4 - https:\/\/yoast.com\/product\/yoast-seo-wordpress\/ -->\n<title>Starter-Kit Fr\u00e4ser My Evolution - Ador Dental GmbH<\/title>\n<meta name=\"description\" content=\"VHM-Hochvorschubfr\u00e4ser optimiert f\u00fcr die CoCr, Titan-Bearbeitung, 4-schneidig, h\u00f6chste Pr\u00e4zision durch enge Toleranzen und h\u00f6chste Oberfl\u00e4cheng\u00fcten\" \/>\n<meta name=\"robots\" content=\"index, follow, max-snippet:-1, max-image-preview:large, max-video-preview:-1\" \/>\n<link rel=\"canonical\" href=\"https:\/\/www.ador-dental.de\/en\/product\/starter-kit-fraeser-my-evolution-2\/\" \/>\n<meta property=\"og:locale\" content=\"en_US\" \/>\n<meta property=\"og:type\" content=\"article\" \/>\n<meta property=\"og:title\" content=\"Starter-Kit Fr\u00e4ser My Evolution - Ador Dental GmbH\" \/>\n<meta property=\"og:description\" content=\"VHM-Hochvorschubfr\u00e4ser optimiert f\u00fcr die CoCr, Titan-Bearbeitung, 4-schneidig, h\u00f6chste Pr\u00e4zision durch enge Toleranzen und h\u00f6chste Oberfl\u00e4cheng\u00fcten\" \/>\n<meta property=\"og:url\" content=\"https:\/\/www.ador-dental.de\/en\/product\/starter-kit-fraeser-my-evolution-2\/\" \/>\n<meta property=\"og:site_name\" content=\"Ador Dental GmbH\" \/>\n<meta property=\"article:modified_time\" content=\"2025-01-13T15:04:05+00:00\" \/>\n<meta property=\"og:image\" content=\"https:\/\/www.ador-dental.de\/wp-content\/uploads\/2025\/01\/myevolutionstarterkit1.png\" \/>\n\t<meta property=\"og:image:width\" content=\"1024\" \/>\n\t<meta property=\"og:image:height\" content=\"1024\" \/>\n\t<meta property=\"og:image:type\" content=\"image\/png\" \/>\n<meta name=\"twitter:card\" content=\"summary_large_image\" \/>\n<meta name=\"twitter:label1\" content=\"Est. reading time\" \/>\n\t<meta name=\"twitter:data1\" content=\"2 minutes\" \/>\n<script type=\"application\/ld+json\" class=\"yoast-schema-graph\">{\"@context\":\"https:\\\/\\\/schema.org\",\"@graph\":[{\"@type\":\"WebPage\",\"@id\":\"https:\\\/\\\/www.ador-dental.de\\\/produkt\\\/starter-kit-fraeser-my-evolution-2\\\/\",\"url\":\"https:\\\/\\\/www.ador-dental.de\\\/produkt\\\/starter-kit-fraeser-my-evolution-2\\\/\",\"name\":\"Starter-Kit Fr\u00e4ser My Evolution - Ador Dental GmbH\",\"isPartOf\":{\"@id\":\"https:\\\/\\\/www.ador-dental.de\\\/en\\\/#website\"},\"primaryImageOfPage\":{\"@id\":\"https:\\\/\\\/www.ador-dental.de\\\/produkt\\\/starter-kit-fraeser-my-evolution-2\\\/#primaryimage\"},\"image\":{\"@id\":\"https:\\\/\\\/www.ador-dental.de\\\/produkt\\\/starter-kit-fraeser-my-evolution-2\\\/#primaryimage\"},\"thumbnailUrl\":\"https:\\\/\\\/www.ador-dental.de\\\/wp-content\\\/uploads\\\/2025\\\/01\\\/myevolutionstarterkit1.png\",\"datePublished\":\"2025-01-09T09:56:46+00:00\",\"dateModified\":\"2025-01-13T15:04:05+00:00\",\"description\":\"VHM-Hochvorschubfr\u00e4ser optimiert f\u00fcr die CoCr, Titan-Bearbeitung, 4-schneidig, h\u00f6chste Pr\u00e4zision durch enge Toleranzen und h\u00f6chste Oberfl\u00e4cheng\u00fcten\",\"breadcrumb\":{\"@id\":\"https:\\\/\\\/www.ador-dental.de\\\/produkt\\\/starter-kit-fraeser-my-evolution-2\\\/#breadcrumb\"},\"inLanguage\":\"en-US\",\"potentialAction\":[{\"@type\":\"ReadAction\",\"target\":[\"https:\\\/\\\/www.ador-dental.de\\\/produkt\\\/starter-kit-fraeser-my-evolution-2\\\/\"]}]},{\"@type\":\"ImageObject\",\"inLanguage\":\"en-US\",\"@id\":\"https:\\\/\\\/www.ador-dental.de\\\/produkt\\\/starter-kit-fraeser-my-evolution-2\\\/#primaryimage\",\"url\":\"https:\\\/\\\/www.ador-dental.de\\\/wp-content\\\/uploads\\\/2025\\\/01\\\/myevolutionstarterkit1.png\",\"contentUrl\":\"https:\\\/\\\/www.ador-dental.de\\\/wp-content\\\/uploads\\\/2025\\\/01\\\/myevolutionstarterkit1.png\",\"width\":1024,\"height\":1024},{\"@type\":\"BreadcrumbList\",\"@id\":\"https:\\\/\\\/www.ador-dental.de\\\/produkt\\\/starter-kit-fraeser-my-evolution-2\\\/#breadcrumb\",\"itemListElement\":[{\"@type\":\"ListItem\",\"position\":1,\"name\":\"Startseite\",\"item\":\"https:\\\/\\\/www.ador-dental.de\\\/\"},{\"@type\":\"ListItem\",\"position\":2,\"name\":\"Shop\",\"item\":\"https:\\\/\\\/www.ador-dental.de\\\/en\\\/shop\\\/\"},{\"@type\":\"ListItem\",\"position\":3,\"name\":\"Starter-Kit Fr\u00e4ser My Evolution\"}]},{\"@type\":\"WebSite\",\"@id\":\"https:\\\/\\\/www.ador-dental.de\\\/en\\\/#website\",\"url\":\"https:\\\/\\\/www.ador-dental.de\\\/en\\\/\",\"name\":\"Ador Dental GmbH\",\"description\":\"\",\"publisher\":{\"@id\":\"https:\\\/\\\/www.ador-dental.de\\\/en\\\/#organization\"},\"potentialAction\":[{\"@type\":\"SearchAction\",\"target\":{\"@type\":\"EntryPoint\",\"urlTemplate\":\"https:\\\/\\\/www.ador-dental.de\\\/en\\\/?s={search_term_string}\"},\"query-input\":{\"@type\":\"PropertyValueSpecification\",\"valueRequired\":true,\"valueName\":\"search_term_string\"}}],\"inLanguage\":\"en-US\"},{\"@type\":\"Organization\",\"@id\":\"https:\\\/\\\/www.ador-dental.de\\\/en\\\/#organization\",\"name\":\"Ador Dental GmbH\",\"url\":\"https:\\\/\\\/www.ador-dental.de\\\/en\\\/\",\"logo\":{\"@type\":\"ImageObject\",\"inLanguage\":\"en-US\",\"@id\":\"https:\\\/\\\/www.ador-dental.de\\\/en\\\/#\\\/schema\\\/logo\\\/image\\\/\",\"url\":\"https:\\\/\\\/www.ador-dental.de\\\/wp-content\\\/uploads\\\/2021\\\/10\\\/ADOR_Logo_DentalSolutions_2020_Black.svg\",\"contentUrl\":\"https:\\\/\\\/www.ador-dental.de\\\/wp-content\\\/uploads\\\/2021\\\/10\\\/ADOR_Logo_DentalSolutions_2020_Black.svg\",\"width\":678,\"height\":261,\"caption\":\"Ador Dental GmbH\"},\"image\":{\"@id\":\"https:\\\/\\\/www.ador-dental.de\\\/en\\\/#\\\/schema\\\/logo\\\/image\\\/\"}}]}<\/script>\n<!-- \/ Yoast SEO plugin. -->","yoast_head_json":{"title":"Starter-Kit Fr\u00e4ser My Evolution - Ador Dental GmbH","description":"VHM-Hochvorschubfr\u00e4ser optimiert f\u00fcr die CoCr, Titan-Bearbeitung, 4-schneidig, h\u00f6chste Pr\u00e4zision durch enge Toleranzen und h\u00f6chste Oberfl\u00e4cheng\u00fcten","robots":{"index":"index","follow":"follow","max-snippet":"max-snippet:-1","max-image-preview":"max-image-preview:large","max-video-preview":"max-video-preview:-1"},"canonical":"https:\/\/www.ador-dental.de\/en\/product\/starter-kit-fraeser-my-evolution-2\/","og_locale":"en_US","og_type":"article","og_title":"Starter-Kit Fr\u00e4ser My Evolution - Ador Dental GmbH","og_description":"VHM-Hochvorschubfr\u00e4ser optimiert f\u00fcr die CoCr, Titan-Bearbeitung, 4-schneidig, h\u00f6chste Pr\u00e4zision durch enge Toleranzen und h\u00f6chste Oberfl\u00e4cheng\u00fcten","og_url":"https:\/\/www.ador-dental.de\/en\/product\/starter-kit-fraeser-my-evolution-2\/","og_site_name":"Ador Dental GmbH","article_modified_time":"2025-01-13T15:04:05+00:00","og_image":[{"width":1024,"height":1024,"url":"https:\/\/www.ador-dental.de\/wp-content\/uploads\/2025\/01\/myevolutionstarterkit1.png","type":"image\/png"}],"twitter_card":"summary_large_image","twitter_misc":{"Est. reading time":"2 minutes"},"schema":{"@context":"https:\/\/schema.org","@graph":[{"@type":"WebPage","@id":"https:\/\/www.ador-dental.de\/produkt\/starter-kit-fraeser-my-evolution-2\/","url":"https:\/\/www.ador-dental.de\/produkt\/starter-kit-fraeser-my-evolution-2\/","name":"Starter-Kit Fr\u00e4ser My Evolution - Ador Dental GmbH","isPartOf":{"@id":"https:\/\/www.ador-dental.de\/en\/#website"},"primaryImageOfPage":{"@id":"https:\/\/www.ador-dental.de\/produkt\/starter-kit-fraeser-my-evolution-2\/#primaryimage"},"image":{"@id":"https:\/\/www.ador-dental.de\/produkt\/starter-kit-fraeser-my-evolution-2\/#primaryimage"},"thumbnailUrl":"https:\/\/www.ador-dental.de\/wp-content\/uploads\/2025\/01\/myevolutionstarterkit1.png","datePublished":"2025-01-09T09:56:46+00:00","dateModified":"2025-01-13T15:04:05+00:00","description":"VHM-Hochvorschubfr\u00e4ser optimiert f\u00fcr die CoCr, Titan-Bearbeitung, 4-schneidig, h\u00f6chste Pr\u00e4zision durch enge Toleranzen und h\u00f6chste Oberfl\u00e4cheng\u00fcten","breadcrumb":{"@id":"https:\/\/www.ador-dental.de\/produkt\/starter-kit-fraeser-my-evolution-2\/#breadcrumb"},"inLanguage":"en-US","potentialAction":[{"@type":"ReadAction","target":["https:\/\/www.ador-dental.de\/produkt\/starter-kit-fraeser-my-evolution-2\/"]}]},{"@type":"ImageObject","inLanguage":"en-US","@id":"https:\/\/www.ador-dental.de\/produkt\/starter-kit-fraeser-my-evolution-2\/#primaryimage","url":"https:\/\/www.ador-dental.de\/wp-content\/uploads\/2025\/01\/myevolutionstarterkit1.png","contentUrl":"https:\/\/www.ador-dental.de\/wp-content\/uploads\/2025\/01\/myevolutionstarterkit1.png","width":1024,"height":1024},{"@type":"BreadcrumbList","@id":"https:\/\/www.ador-dental.de\/produkt\/starter-kit-fraeser-my-evolution-2\/#breadcrumb","itemListElement":[{"@type":"ListItem","position":1,"name":"Startseite","item":"https:\/\/www.ador-dental.de\/"},{"@type":"ListItem","position":2,"name":"Shop","item":"https:\/\/www.ador-dental.de\/en\/shop\/"},{"@type":"ListItem","position":3,"name":"Starter-Kit Fr\u00e4ser My Evolution"}]},{"@type":"WebSite","@id":"https:\/\/www.ador-dental.de\/en\/#website","url":"https:\/\/www.ador-dental.de\/en\/","name":"Ador Dental GmbH","description":"","publisher":{"@id":"https:\/\/www.ador-dental.de\/en\/#organization"},"potentialAction":[{"@type":"SearchAction","target":{"@type":"EntryPoint","urlTemplate":"https:\/\/www.ador-dental.de\/en\/?s={search_term_string}"},"query-input":{"@type":"PropertyValueSpecification","valueRequired":true,"valueName":"search_term_string"}}],"inLanguage":"en-US"},{"@type":"Organization","@id":"https:\/\/www.ador-dental.de\/en\/#organization","name":"Ador Dental GmbH","url":"https:\/\/www.ador-dental.de\/en\/","logo":{"@type":"ImageObject","inLanguage":"en-US","@id":"https:\/\/www.ador-dental.de\/en\/#\/schema\/logo\/image\/","url":"https:\/\/www.ador-dental.de\/wp-content\/uploads\/2021\/10\/ADOR_Logo_DentalSolutions_2020_Black.svg","contentUrl":"https:\/\/www.ador-dental.de\/wp-content\/uploads\/2021\/10\/ADOR_Logo_DentalSolutions_2020_Black.svg","width":678,"height":261,"caption":"Ador Dental GmbH"},"image":{"@id":"https:\/\/www.ador-dental.de\/en\/#\/schema\/logo\/image\/"}}]}},"_links":{"self":[{"href":"https:\/\/www.ador-dental.de\/en\/wp-json\/wp\/v2\/product\/29146","targetHints":{"allow":["GET"]}}],"collection":[{"href":"https:\/\/www.ador-dental.de\/en\/wp-json\/wp\/v2\/product"}],"about":[{"href":"https:\/\/www.ador-dental.de\/en\/wp-json\/wp\/v2\/types\/product"}],"replies":[{"embeddable":true,"href":"https:\/\/www.ador-dental.de\/en\/wp-json\/wp\/v2\/comments?post=29146"}],"version-history":[{"count":5,"href":"https:\/\/www.ador-dental.de\/en\/wp-json\/wp\/v2\/product\/29146\/revisions"}],"predecessor-version":[{"id":29159,"href":"https:\/\/www.ador-dental.de\/en\/wp-json\/wp\/v2\/product\/29146\/revisions\/29159"}],"wp:featuredmedia":[{"embeddable":true,"href":"https:\/\/www.ador-dental.de\/en\/wp-json\/wp\/v2\/media\/29174"}],"wp:attachment":[{"href":"https:\/\/www.ador-dental.de\/en\/wp-json\/wp\/v2\/media?parent=29146"}],"wp:term":[{"taxonomy":"product_brand","embeddable":true,"href":"https:\/\/www.ador-dental.de\/en\/wp-json\/wp\/v2\/product_brand?post=29146"},{"taxonomy":"product_cat","embeddable":true,"href":"https:\/\/www.ador-dental.de\/en\/wp-json\/wp\/v2\/product_cat?post=29146"},{"taxonomy":"product_tag","embeddable":true,"href":"https:\/\/www.ador-dental.de\/en\/wp-json\/wp\/v2\/product_tag?post=29146"}],"curies":[{"name":"wp","href":"https:\/\/api.w.org\/{rel}","templated":true}]}}